{"id":6226,"date":"2024-01-03T15:51:23","date_gmt":"2024-01-03T07:51:23","guid":{"rendered":"http:\/\/qingdaohf.com\/?post_type=product&#038;p=6226"},"modified":"2025-11-13T09:03:39","modified_gmt":"2025-11-13T01:03:39","slug":"woven-cord-strap","status":"publish","type":"product","link":"https:\/\/qingdaohf.com\/et\/toode\/rihmaga\/","title":{"rendered":"Pol\u00fcesterkangas n\u00f6\u00f6rist rihmaga b\u00e4ndi pakendamiseks"},"content":{"rendered":"<div class=\"ast-oembed-container\" style=\"height: 100%;\"><iframe title=\"Pol\u00fcprop\u00fcleenist rihmamaterjal\" width=\"500\" height=\"281\" src=\"https:\/\/www.youtube.com\/embed\/Bi0Ct6OI134?feature=oembed\" frameborder=\"0\" allow=\"accelerometer; autoplay; clipboard-write; encrypted-media; gyroscope; picture-in-picture; web-share\" referrerpolicy=\"strict-origin-when-cross-origin\" allowfullscreen><\/iframe><\/div>\n<h3>Pol\u00fcesterkangast lintide kriitiliste omaduste tundmine<\/h3>\n<p>Pol\u00fcestripaelast kootud rihmapaelad on iga turvalise pakendilahenduse alus. Teades nende tugevust ja mitmek\u00fclgsust, leiavad t\u00f6\u00f6stusharud, mis vajavad kas raskete v\u00f5i ebakorrap\u00e4rase kujuga koormate usaldusv\u00e4\u00e4rset \u00fcmberpaelumist, nende lintide jaoks palju rakendusi. Tihedalt p\u00f5imitud pol\u00fcesterkiududest valmistatud lindid tagavad muljetavaldava t\u00f5mbetugevuse, s\u00e4ilitades samas paindlikkuse. Erinevalt traditsioonilisest terasvanteeringust, mis v\u00f5ib roostetada v\u00f5i isegi kahjustada tundlikke pindu, pakub seda t\u00fc\u00fcpi pol\u00fcestervahed sileda, kuid tugeva alternatiivi, mis tagab suurep\u00e4raselt kaupade terviklikkuse.<\/p>\n<p>Materjal on muutunud lemmikuks mitmes juhtivas t\u00f6\u00f6stusharus, sealhulgas logistika-, ehitus- ja tootmist\u00f6\u00f6stuses, kus tooteid tuleb k\u00e4sitleda karmilt, ilma et see kahjustaks ohutust v\u00f5i stabiilsust. Ostjad hindavad oma investeeringuid pakendamisse ja vajavad seet\u00f5ttu rihmapaelu, mis vastaksid t\u00e4pselt nende tegevusn\u00f5uetele, olles samas t\u00f5esti t\u00f5husad ja kuluefektiivsed.<\/p>\n<h3>K\u00f5rgtugevast pol\u00fcestrist paelast valmistatud rihma eelised<\/h3>\n<p>Pol\u00fcesterpaelast kootud paelarihmad on k\u00f5ige vastupidavamad ja seega sobivad ideaalselt koormate kinnitamiseks d\u00fcnaamilistes tingimustes. Nende eriline kootud struktuur t\u00e4hendab, et nad suudavad absorbeerida l\u00f6\u00f6ki ja vibratsiooni, mis on v\u00e4ga oluline, kui hapraid v\u00f5i raskeid kaupu transporditakse pikalt. Rihmad on ka elastsed; see on oluline, sest isegi kui koorem on transpordi ajal veidi liikunud, on see siiski kindlalt kinnitatud.<\/p>\n<p>Lisaks sellele muudab pol\u00fcesterv\u00f6\u00f6de kerge olemus nende k\u00e4sitsemise lihtsaks. Seda on palju lihtsam k\u00e4sitseda v\u00f5rreldes teraspaelaga; seet\u00f5ttu ei tekita k\u00e4sitsemine \u00e4\u00e4rmuslikku t\u00f6\u00f6j\u00f5upingutust ja suurendab t\u00f6\u00f6de t\u00f5husust. Teine oluline eelis on selle keskkonnakindlus; pol\u00fcesterv\u00f6\u00f6de vastupidavus niiskuse, UV-kiirguse v\u00f5i muutuvate temperatuuride m\u00f5jul laguneb, mist\u00f5ttu on need suurep\u00e4rased tulemused, kui neid kasutatakse v\u00e4liladustuses v\u00f5i transiitrakendustes.<br \/>\nQingdao H&amp;F-is kontrollime rangelt oma pol\u00fcesterpaelasidemeid, et need vastaksid t\u00f6\u00f6stusharu k\u00f5rgeimatele standarditele. Ostjad saavad iga partii puhul oodata \u00fcksikasjalikke kvaliteedikontrolli aruandeid, mis tagab toodete usaldusv\u00e4\u00e4rsuse t\u00e4ieliku l\u00e4bipaistvuse. T\u00e4nu sellele ja kiirele tarneajale tagame, et teie \u00e4ritegevus kulgeb ilma viivitusteta.<\/p>\n<h3>Miks valida Qingdao H&amp;F oma pol\u00fcesterviimistluse vajaduste jaoks?<\/h3>\n<p>\u00d5ige tarnija on sama oluline kui toote enda valik. Selles osas on Qingdao H&amp;F v\u00f5rratu, vastates ideaalselt ostjate vajadustele. 20-aastase v\u00e4liskaubanduse kogemusega tunneme neid kriitilisi tegureid, mis m\u00f5jutavad ostuotsuseid: alates toote vastupidavusest ja kulut\u00f5hususest kuni \u00f5igeaegse tarnimise ja kohandatud toetamiseni, tipptasemel iga v\u00e4ikese detailini. P\u00fchendumine \u00fcks-\u00fchele klienditeenindusele eristab meid. Igale kliendile antakse \u00fcks kontaktisik, kes aitab lahendada k\u00f5ik p\u00e4ringud v\u00f5i pakub ajakohastatud abi konkreetsele n\u00f5udmisele kohandatud lahenduste v\u00e4ljat\u00f6\u00f6tamisel. Selline personaalne l\u00e4henemine tagab, et ostu sooritatakse sujuvalt. Lisaks sellele v\u00f5imaldab meie tugev tarneahela haldamise s\u00fcsteem meil tarnida \u00f5igeaegselt, isegi rangete t\u00e4htaegadega projektide puhul, ilma kvaliteedis kompromisse tegemata. Kvaliteediteadlikule ostjale pakume \u00fcksikasjalikke kontrolliaruandeid, et nad oleksid kindlad, et iga tootepartii vastab kindlaksm\u00e4\u00e4ratud standarditele. Aruanne suurendab usaldust ja annab klientidele v\u00f5imaluse teha kindlaid ja teadlikke otsuseid.<\/p>\n<p>See t\u00f5estab, et suure tugevusega pol\u00fcesterkiududest valmistatud paelarihmad on kindlasti uuenduslik toode t\u00f6\u00f6stusharude jaoks, mis vajavad usaldusv\u00e4\u00e4rseid pakkematerjale. Nende lintide puhul on r\u00f5hk pandud tugevusele, vastupidavusele ja kohanemisv\u00f5imele nende mitmek\u00fclgseks otstarbeks, v\u00e4hendades samal ajal koormuse kinnitamisega seotud riske. Koos Qingdao H&amp;F-iga saab see tagada ostjatele suurep\u00e4rased tooted, mida toetavad t\u00f6\u00f6stuse teadmised, kiired tarneperioodid ja muutumatu klienditugi. Olenemata sellest, kas te t\u00f6\u00f6tate l\u00e4bi keerulise logistika v\u00f5i p\u00fc\u00fcate lahendada konkreetseid operatiivseid probleeme, meie kohandatud lahendused ja s\u00fcgavad teadmised on vundament, millele teie pakendamisalane edu toetub.<\/p>","protected":false},"excerpt":{"rendered":"<p>K\u00f5rgtugevad pol\u00fcesterkangast lintide lindid pakuvad t\u00f6\u00f6stusharudele t\u00f5husaid ja usaldusv\u00e4\u00e4rseid pakendilahendusi. Tuntud oma vastupidavuse poolest, v\u00f5imaldavad need lindid tagada raskete koormate t\u00f5husa kinnitamise ning on v\u00e4ga vastupidavad purunemisele ja venimisele transpordi ajal. Enamik ostjaid v\u00f5tab p\u00e4rast usaldusv\u00e4\u00e4rsete pakkematerjalide ostmist arvesse toote j\u00f5udlust, \u00fchilduvust igat t\u00fc\u00fcpi lintide sidumisvahenditega ja v\u00f5imet taluda keskkonnategureid, n\u00e4iteks niiskust. Oleme olnud usaldusv\u00e4\u00e4rne kaubandusettev\u00f5te juba 20 aastat. Qingdao H&amp;F on paistnud silma sellega, et pakub klientidele kohandatud, \u00fcks-\u00fchele teenust, mis tagab, et iga klient saab \u00f5igeaegselt. Kiire tarneperiood ja p\u00f5hjalikud kvaliteedikontrolli aruanded suurendavad teie usaldust, kui valite meid oma pakendilahenduste jaoks.<\/p>","protected":false},"featured_media":6225,"comment_status":"open","ping_status":"closed","template":"","meta":{"site-sidebar-layout":"default","site-content-layout":"","ast-site-content-layout":"default","site-content-style":"default","site-sidebar-style":"default","ast-global-header-display":"","ast-banner-title-visibility":"","ast-main-header-display":"","ast-hfb-above-header-display":"","ast-hfb-below-header-display":"","ast-hfb-mobile-header-display":"","site-post-title":"","ast-breadcrumbs-content":"","ast-featured-img":"","footer-sml-layout":"","theme-transparent-header-meta":"default","adv-header-id-meta":"","stick-header-meta":"default","header-above-stick-meta":"","header-main-stick-meta":"","header-below-stick-meta":"","astra-migrate-meta-layouts":"set","ast-page-background-enabled":"default","ast-page-background-meta":{"desktop":{"background-color":"","background-image":"","background-repeat":"repeat","background-position":"center center","background-size":"auto","background-attachment":"scroll","background-type":"","background-media":"","overlay-type":"","overlay-color":"","overlay-opacity":"","overlay-gradient":""},"tablet":{"background-color":"","background-image":"","background-repeat":"repeat","background-position":"center center","background-size":"auto","background-attachment":"scroll","background-type":"","background-media":"","overlay-type":"","overlay-color":"","overlay-opacity":"","overlay-gradient":""},"mobile":{"background-color":"","background-image":"","background-repeat":"repeat","background-position":"center center","background-size":"auto","background-attachment":"scroll","background-type":"","background-media":"","overlay-type":"","overlay-color":"","overlay-opacity":"","overlay-gradient":""}},"ast-content-background-meta":{"desktop":{"background-color":"var(--ast-global-color-5)","background-image":"","background-repeat":"repeat","background-position":"center center","background-size":"auto","background-attachment":"scroll","background-type":"","background-media":"","overlay-type":"","overlay-color":"","overlay-opacity":"","overlay-gradient":""},"tablet":{"background-color":"var(--ast-global-color-5)","background-image":"","background-repeat":"repeat","background-position":"center center","background-size":"auto","background-attachment":"scroll","background-type":"","background-media":"","overlay-type":"","overlay-color":"","overlay-opacity":"","overlay-gradient":""},"mobile":{"background-color":"var(--ast-global-color-5)","background-image":"","background-repeat":"repeat","background-position":"center center","background-size":"auto","background-attachment":"scroll","background-type":"","background-media":"","overlay-type":"","overlay-color":"","overlay-opacity":"","overlay-gradient":""}}},"product_brand":[],"product_cat":[51,69],"product_tag":[],"class_list":{"0":"post-6226","1":"product","2":"type-product","3":"status-publish","4":"has-post-thumbnail","6":"product_cat-riggging-hardware","7":"product_cat-strapping","8":"desktop-align-left","9":"tablet-align-left","10":"mobile-align-left","11":"ast-product-gallery-layout-horizontal-slider","12":"ast-product-tabs-layout-horizontal","14":"first","15":"instock","16":"shipping-taxable","17":"purchasable","18":"product-type-simple"},"yoast_head":"<!-- This site is optimized with the Yoast SEO plugin v25.2 - https:\/\/yoast.com\/wordpress\/plugins\/seo\/ -->\n<title>Woven Polyester Cord Strapping Band for Packaging<\/title>\n<meta name=\"description\" content=\"High-strength woven polyester cord strapping bands provide industries with efficient and trustworthy packaging solutions.\" \/>\n<meta name=\"robots\" content=\"index, follow, max-snippet:-1, max-image-preview:large, max-video-preview:-1\" \/>\n<link rel=\"canonical\" href=\"https:\/\/qingdaohf.com\/et\/toode\/rihmaga\/\" \/>\n<meta property=\"og:locale\" content=\"et_EE\" \/>\n<meta property=\"og:type\" content=\"article\" \/>\n<meta property=\"og:title\" content=\"Woven Polyester Cord Strapping Band for Packaging\" \/>\n<meta property=\"og:description\" content=\"High-strength woven polyester cord strapping bands provide industries with efficient and trustworthy packaging solutions.\" \/>\n<meta property=\"og:url\" content=\"https:\/\/qingdaohf.com\/et\/toode\/rihmaga\/\" \/>\n<meta property=\"og:site_name\" content=\"Concrete Form &amp; Rigging Hardware Supplier\" \/>\n<meta property=\"article:publisher\" content=\"https:\/\/www.facebook.com\/qingdaohf\" \/>\n<meta property=\"article:modified_time\" content=\"2025-11-13T01:03:39+00:00\" \/>\n<meta property=\"og:image\" content=\"https:\/\/qingdaohf.com\/wp-content\/uploads\/2024\/01\/strapping-roll-2.webp\" \/>\n\t<meta property=\"og:image:width\" content=\"1000\" \/>\n\t<meta property=\"og:image:height\" content=\"1000\" \/>\n\t<meta property=\"og:image:type\" content=\"image\/webp\" \/>\n<meta name=\"twitter:card\" content=\"summary_large_image\" \/>\n<meta name=\"twitter:label1\" content=\"Est. reading time\" \/>\n\t<meta name=\"twitter:data1\" content=\"3 minutit\" \/>\n<script type=\"application\/ld+json\" class=\"yoast-schema-graph\">{\"@context\":\"https:\/\/schema.org\",\"@graph\":[{\"@type\":\"WebPage\",\"@id\":\"https:\/\/qingdaohf.com\/product\/woven-cord-strap\/\",\"url\":\"https:\/\/qingdaohf.com\/product\/woven-cord-strap\/\",\"name\":\"Woven Polyester Cord Strapping Band for Packaging\",\"isPartOf\":{\"@id\":\"https:\/\/qingdaohf.com\/bg\/#website\"},\"primaryImageOfPage\":{\"@id\":\"https:\/\/qingdaohf.com\/product\/woven-cord-strap\/#primaryimage\"},\"image\":{\"@id\":\"https:\/\/qingdaohf.com\/product\/woven-cord-strap\/#primaryimage\"},\"thumbnailUrl\":\"https:\/\/qingdaohf.com\/wp-content\/uploads\/2024\/01\/strapping-roll-2.webp\",\"datePublished\":\"2024-01-03T07:51:23+00:00\",\"dateModified\":\"2025-11-13T01:03:39+00:00\",\"description\":\"High-strength woven polyester cord strapping bands provide industries with efficient and trustworthy packaging solutions.\",\"breadcrumb\":{\"@id\":\"https:\/\/qingdaohf.com\/product\/woven-cord-strap\/#breadcrumb\"},\"inLanguage\":\"et\",\"potentialAction\":[{\"@type\":\"ReadAction\",\"target\":[\"https:\/\/qingdaohf.com\/product\/woven-cord-strap\/\"]}]},{\"@type\":\"ImageObject\",\"inLanguage\":\"et\",\"@id\":\"https:\/\/qingdaohf.com\/product\/woven-cord-strap\/#primaryimage\",\"url\":\"https:\/\/qingdaohf.com\/wp-content\/uploads\/2024\/01\/strapping-roll-2.webp\",\"contentUrl\":\"https:\/\/qingdaohf.com\/wp-content\/uploads\/2024\/01\/strapping-roll-2.webp\",\"width\":1000,\"height\":1000,\"caption\":\"strapping roll\"},{\"@type\":\"BreadcrumbList\",\"@id\":\"https:\/\/qingdaohf.com\/product\/woven-cord-strap\/#breadcrumb\",\"itemListElement\":[{\"@type\":\"ListItem\",\"position\":1,\"name\":\"Home\",\"item\":\"https:\/\/qingdaohf.com\/\"},{\"@type\":\"ListItem\",\"position\":2,\"name\":\"Concrete Forming Accessories and Rigging Hardware\",\"item\":\"https:\/\/qingdaohf.com\/bg\/?page_id=944\"},{\"@type\":\"ListItem\",\"position\":3,\"name\":\"Woven Polyester Cord Strapping Band for Packaging\"}]},{\"@type\":\"WebSite\",\"@id\":\"https:\/\/qingdaohf.com\/bg\/#website\",\"url\":\"https:\/\/qingdaohf.com\/bg\/\",\"name\":\"Concrete Form & Rigging Hardware Supplier\",\"description\":\"\",\"publisher\":{\"@id\":\"https:\/\/qingdaohf.com\/bg\/#organization\"},\"potentialAction\":[{\"@type\":\"SearchAction\",\"target\":{\"@type\":\"EntryPoint\",\"urlTemplate\":\"https:\/\/qingdaohf.com\/bg\/?s={search_term_string}\"},\"query-input\":{\"@type\":\"PropertyValueSpecification\",\"valueRequired\":true,\"valueName\":\"search_term_string\"}}],\"inLanguage\":\"et\"},{\"@type\":\"Organization\",\"@id\":\"https:\/\/qingdaohf.com\/bg\/#organization\",\"name\":\"Qingdao H&F\",\"url\":\"https:\/\/qingdaohf.com\/bg\/\",\"logo\":{\"@type\":\"ImageObject\",\"inLanguage\":\"et\",\"@id\":\"https:\/\/qingdaohf.com\/bg\/#\/schema\/logo\/image\/\",\"url\":\"https:\/\/qingdaohf.com\/wp-content\/uploads\/2022\/12\/cropped-HF-LOGO.png\",\"contentUrl\":\"https:\/\/qingdaohf.com\/wp-content\/uploads\/2022\/12\/cropped-HF-LOGO.png\",\"width\":391,\"height\":249,\"caption\":\"Qingdao H&F\"},\"image\":{\"@id\":\"https:\/\/qingdaohf.com\/bg\/#\/schema\/logo\/image\/\"},\"sameAs\":[\"https:\/\/www.facebook.com\/qingdaohf\"]}]}<\/script>\n<!-- \/ Yoast SEO plugin. -->","yoast_head_json":{"title":"Woven Polyester Cord Strapping Band for Packaging","description":"High-strength woven polyester cord strapping bands provide industries with efficient and trustworthy packaging solutions.","robots":{"index":"index","follow":"follow","max-snippet":"max-snippet:-1","max-image-preview":"max-image-preview:large","max-video-preview":"max-video-preview:-1"},"canonical":"https:\/\/qingdaohf.com\/et\/toode\/rihmaga\/","og_locale":"et_EE","og_type":"article","og_title":"Woven Polyester Cord Strapping Band for Packaging","og_description":"High-strength woven polyester cord strapping bands provide industries with efficient and trustworthy packaging solutions.","og_url":"https:\/\/qingdaohf.com\/et\/toode\/rihmaga\/","og_site_name":"Concrete Form &amp; Rigging Hardware Supplier","article_publisher":"https:\/\/www.facebook.com\/qingdaohf","article_modified_time":"2025-11-13T01:03:39+00:00","og_image":[{"width":1000,"height":1000,"url":"https:\/\/qingdaohf.com\/wp-content\/uploads\/2024\/01\/strapping-roll-2.webp","type":"image\/webp"}],"twitter_card":"summary_large_image","twitter_misc":{"Est. reading time":"3 minutit"},"schema":{"@context":"https:\/\/schema.org","@graph":[{"@type":"WebPage","@id":"https:\/\/qingdaohf.com\/product\/woven-cord-strap\/","url":"https:\/\/qingdaohf.com\/product\/woven-cord-strap\/","name":"Woven Polyester Cord Strapping Band for Packaging","isPartOf":{"@id":"https:\/\/qingdaohf.com\/bg\/#website"},"primaryImageOfPage":{"@id":"https:\/\/qingdaohf.com\/product\/woven-cord-strap\/#primaryimage"},"image":{"@id":"https:\/\/qingdaohf.com\/product\/woven-cord-strap\/#primaryimage"},"thumbnailUrl":"https:\/\/qingdaohf.com\/wp-content\/uploads\/2024\/01\/strapping-roll-2.webp","datePublished":"2024-01-03T07:51:23+00:00","dateModified":"2025-11-13T01:03:39+00:00","description":"High-strength woven polyester cord strapping bands provide industries with efficient and trustworthy packaging solutions.","breadcrumb":{"@id":"https:\/\/qingdaohf.com\/product\/woven-cord-strap\/#breadcrumb"},"inLanguage":"et","potentialAction":[{"@type":"ReadAction","target":["https:\/\/qingdaohf.com\/product\/woven-cord-strap\/"]}]},{"@type":"ImageObject","inLanguage":"et","@id":"https:\/\/qingdaohf.com\/product\/woven-cord-strap\/#primaryimage","url":"https:\/\/qingdaohf.com\/wp-content\/uploads\/2024\/01\/strapping-roll-2.webp","contentUrl":"https:\/\/qingdaohf.com\/wp-content\/uploads\/2024\/01\/strapping-roll-2.webp","width":1000,"height":1000,"caption":"strapping roll"},{"@type":"BreadcrumbList","@id":"https:\/\/qingdaohf.com\/product\/woven-cord-strap\/#breadcrumb","itemListElement":[{"@type":"ListItem","position":1,"name":"Home","item":"https:\/\/qingdaohf.com\/"},{"@type":"ListItem","position":2,"name":"Concrete Forming Accessories and Rigging Hardware","item":"https:\/\/qingdaohf.com\/bg\/?page_id=944"},{"@type":"ListItem","position":3,"name":"Woven Polyester Cord Strapping Band for Packaging"}]},{"@type":"WebSite","@id":"https:\/\/qingdaohf.com\/bg\/#website","url":"https:\/\/qingdaohf.com\/bg\/","name":"Concrete Form & Rigging Hardware Supplier","description":"","publisher":{"@id":"https:\/\/qingdaohf.com\/bg\/#organization"},"potentialAction":[{"@type":"SearchAction","target":{"@type":"EntryPoint","urlTemplate":"https:\/\/qingdaohf.com\/bg\/?s={search_term_string}"},"query-input":{"@type":"PropertyValueSpecification","valueRequired":true,"valueName":"search_term_string"}}],"inLanguage":"et"},{"@type":"Organization","@id":"https:\/\/qingdaohf.com\/bg\/#organization","name":"Qingdao H&F","url":"https:\/\/qingdaohf.com\/bg\/","logo":{"@type":"ImageObject","inLanguage":"et","@id":"https:\/\/qingdaohf.com\/bg\/#\/schema\/logo\/image\/","url":"https:\/\/qingdaohf.com\/wp-content\/uploads\/2022\/12\/cropped-HF-LOGO.png","contentUrl":"https:\/\/qingdaohf.com\/wp-content\/uploads\/2022\/12\/cropped-HF-LOGO.png","width":391,"height":249,"caption":"Qingdao H&F"},"image":{"@id":"https:\/\/qingdaohf.com\/bg\/#\/schema\/logo\/image\/"},"sameAs":["https:\/\/www.facebook.com\/qingdaohf"]}]}},"_links":{"self":[{"href":"https:\/\/qingdaohf.com\/et\/wp-json\/wp\/v2\/product\/6226","targetHints":{"allow":["GET"]}}],"collection":[{"href":"https:\/\/qingdaohf.com\/et\/wp-json\/wp\/v2\/product"}],"about":[{"href":"https:\/\/qingdaohf.com\/et\/wp-json\/wp\/v2\/types\/product"}],"replies":[{"embeddable":true,"href":"https:\/\/qingdaohf.com\/et\/wp-json\/wp\/v2\/comments?post=6226"}],"version-history":[{"count":11,"href":"https:\/\/qingdaohf.com\/et\/wp-json\/wp\/v2\/product\/6226\/revisions"}],"predecessor-version":[{"id":8881,"href":"https:\/\/qingdaohf.com\/et\/wp-json\/wp\/v2\/product\/6226\/revisions\/8881"}],"wp:featuredmedia":[{"embeddable":true,"href":"https:\/\/qingdaohf.com\/et\/wp-json\/wp\/v2\/media\/6225"}],"wp:attachment":[{"href":"https:\/\/qingdaohf.com\/et\/wp-json\/wp\/v2\/media?parent=6226"}],"wp:term":[{"taxonomy":"product_brand","embeddable":true,"href":"https:\/\/qingdaohf.com\/et\/wp-json\/wp\/v2\/product_brand?post=6226"},{"taxonomy":"product_cat","embeddable":true,"href":"https:\/\/qingdaohf.com\/et\/wp-json\/wp\/v2\/product_cat?post=6226"},{"taxonomy":"product_tag","embeddable":true,"href":"https:\/\/qingdaohf.com\/et\/wp-json\/wp\/v2\/product_tag?post=6226"}],"curies":[{"name":"wp","href":"https:\/\/api.w.org\/{rel}","templated":true}]}}