{"id":6479,"date":"2024-02-02T15:10:26","date_gmt":"2024-02-02T07:10:26","guid":{"rendered":"http:\/\/qingdaohf.com\/?post_type=product&#038;p=6479"},"modified":"2025-11-13T09:03:38","modified_gmt":"2025-11-13T01:03:38","slug":"screw-pin-shackle","status":"publish","type":"product","link":"https:\/\/qingdaohf.com\/et\/toode\/kruvipoldi-ahel\/","title":{"rendered":"Kruvi Pin Shackle"},"content":{"rendered":"<p>Tere tulemast meie hulgim\u00fc\u00fcgi kruvipoldi ahelate pakkumisse! Olles juhtiv tarnija t\u00f6\u00f6stuses, oleme spetsialiseerunud kvaliteetsete ahelate pakkumisele, mis on valmistatud tsingitud ja roostevabast terasest materjalidest. Meie ahelad on m\u00f5eldud erinevateks rakendusteks, sealhulgas t\u00f5stmiseks, pukseerimiseks ja taglastamiseks, muutes need teie projektide jaoks mitmek\u00fclgseteks t\u00f6\u00f6riistadeks.<\/p>\n<p>Me m\u00f5istame, et suurtes kogustes ahelate ostmisel on ostjad sageli muresid toote kvaliteedi, usaldusv\u00e4\u00e4rsuse ja hinna p\u00e4rast. Seep\u00e4rast on meie prioriteediks pakkuda suurep\u00e4raseid tooteid konkurentsiv\u00f5imeliste hindadega, et rahuldada teie hulgim\u00fc\u00fcgi vajadusi.<\/p>\n<p>Meie ahelad l\u00e4bivad ranged kvaliteedikontrollimeetmed, et tagada nende vastavus t\u00f6\u00f6stusstandarditele tugevuse ja vastupidavuse osas. Kui vajate ahelaid rasketeks t\u00f5stet\u00f6\u00f6deks v\u00f5i meres\u00f5idut\u00f6\u00f6deks, siis meie lai valik katab teid. Lisaks pakuvad meie tsingitud ja roostevabast terasest valikud korrosioonikindlust, pikendades teie seadmete kasutusiga isegi karmides tingimustes.<\/p>\n<p>Pakume ka personaalset klienditeenindust, et aidata teid kogu ostuprotsessi jooksul. Meie meeskond on p\u00fchendunud sellele, et pakkuda meie hulgim\u00fc\u00fcgiklientidele sujuvat kogemust, alates teie konkreetsetele n\u00f5uetele sobiva ahela valimisest kuni t\u00f5husa tarnimise korraldamiseni.<\/p>\n<p>K\u00f5ige tavalisemad t\u00f6\u00f6koormuse piirnormid (WLL) ja kruvipoldi ahelate suurused:<\/p>\n<p><strong>WLLs<\/strong>: 0,33 tonni, 0,5 tonni, 0,75 tonni, 1 tonn, 1,5 tonni, 2 tonni, 3,25 tonni, 4,75 tonni, 6,5 tonni, 8,5 tonni, 9,5 tonni, 12 tonni, 13,5 tonni, 17 tonni, 25 tonni, 35 tonni, 55 tonni, 85 tonni, 120 tonni, 150 tonni.<\/p>\n<p><strong>Suurused<\/strong>: 1\/4 tolli, 3\/8 tolli, 1\/2 tolli, 5\/8 tolli, 3\/4 tolli, 7\/8 tolli, 1 tolli, 1-1\/4 tolli, 1-1\/2 tolli, 1-3\/4 tolli, 2 tolli, 2-1\/2 tolli, 3 tolli.<\/p>\n<p>Tehke meiega koost\u00f6\u00f6d oma hulgim\u00fc\u00fcgi ahelate vajaduste rahuldamiseks ja kogege usaldusv\u00e4\u00e4rsust ja kvaliteeti, mis eristab meid t\u00f6\u00f6stuses. V\u00f5tke meiega juba t\u00e4na \u00fchendust, et arutada oma vajadusi ja saada kasu meie konkurentsiv\u00f5imelistest hindadest ja erakordsest teenindusest.<\/p>\n<p><a href=\"https:\/\/qingdaohf.com\/et\/toode\/g210-ahel\/\">G210 ahel<\/a><\/p>\n<p><img fetchpriority=\"high\" decoding=\"async\" class=\"alignnone size-full wp-image-3813\" src=\"http:\/\/qingdaohf.com\/wp-content\/uploads\/2023\/05\/G209-G210-shackle.jpg\" alt=\"G209 G210 ahel\" width=\"1000\" height=\"1296\" srcset=\"https:\/\/qingdaohf.com\/wp-content\/uploads\/2023\/05\/G209-G210-shackle.jpg 1000w, https:\/\/qingdaohf.com\/wp-content\/uploads\/2023\/05\/G209-G210-shackle-231x300.jpg 231w, https:\/\/qingdaohf.com\/wp-content\/uploads\/2023\/05\/G209-G210-shackle-790x1024.jpg 790w, https:\/\/qingdaohf.com\/wp-content\/uploads\/2023\/05\/G209-G210-shackle-768x995.jpg 768w\" sizes=\"(max-width: 1000px) 100vw, 1000px\" \/><\/p>\n<p><a href=\"https:\/\/qingdaohf.com\/et\/toode\/g2150-tsingitud-ahel\/\">G2150 ahel<\/a><\/p>\n<p>&nbsp;<\/p>","protected":false},"excerpt":{"rendered":"<p data-sourcepos=\"3:1-3:194\">Kruvipoldi ahel on teatud t\u00fc\u00fcpi metall\u00fchendus, mida kasutatakse kettide, trosside, kaablite ja muu taglase riistvara \u00fchendamiseks. Need on valmistatud sepistatud terasest v\u00f5i legeeritud terasest. Kruvitapp l\u00e4heb l\u00e4bi v\u00f6\u00f6ri aukude ja seda pingutatakse, et kinnitada ahelat.<\/p>\n<p data-sourcepos=\"5:1-5:141\">Kruvipoldi ahelad on tugevamad ja turvalisemad kui muud t\u00fc\u00fcpi ahelad, n\u00e4iteks polt- v\u00f5i napsukangid. Neid on ka lihtsam avada ja sulgeda, mist\u00f5ttu on need populaarne valik rakenduste puhul, kus on vaja sagedast reguleerimist.<\/p>","protected":false},"featured_media":6471,"comment_status":"open","ping_status":"closed","template":"","meta":{"site-sidebar-layout":"default","site-content-layout":"","ast-site-content-layout":"default","site-content-style":"default","site-sidebar-style":"default","ast-global-header-display":"","ast-banner-title-visibility":"","ast-main-header-display":"","ast-hfb-above-header-display":"","ast-hfb-below-header-display":"","ast-hfb-mobile-header-display":"","site-post-title":"","ast-breadcrumbs-content":"","ast-featured-img":"","footer-sml-layout":"","theme-transparent-header-meta":"default","adv-header-id-meta":"","stick-header-meta":"default","header-above-stick-meta":"","header-main-stick-meta":"","header-below-stick-meta":"","astra-migrate-meta-layouts":"set","ast-page-background-enabled":"default","ast-page-background-meta":{"desktop":{"background-color":"","background-image":"","background-repeat":"repeat","background-position":"center center","background-size":"auto","background-attachment":"scroll","background-type":"","background-media":"","overlay-type":"","overlay-color":"","overlay-opacity":"","overlay-gradient":""},"tablet":{"background-color":"","background-image":"","background-repeat":"repeat","background-position":"center center","background-size":"auto","background-attachment":"scroll","background-type":"","background-media":"","overlay-type":"","overlay-color":"","overlay-opacity":"","overlay-gradient":""},"mobile":{"background-color":"","background-image":"","background-repeat":"repeat","background-position":"center center","background-size":"auto","background-attachment":"scroll","background-type":"","background-media":"","overlay-type":"","overlay-color":"","overlay-opacity":"","overlay-gradient":""}},"ast-content-background-meta":{"desktop":{"background-color":"var(--ast-global-color-5)","background-image":"","background-repeat":"repeat","background-position":"center center","background-size":"auto","background-attachment":"scroll","background-type":"","background-media":"","overlay-type":"","overlay-color":"","overlay-opacity":"","overlay-gradient":""},"tablet":{"background-color":"var(--ast-global-color-5)","background-image":"","background-repeat":"repeat","background-position":"center center","background-size":"auto","background-attachment":"scroll","background-type":"","background-media":"","overlay-type":"","overlay-color":"","overlay-opacity":"","overlay-gradient":""},"mobile":{"background-color":"var(--ast-global-color-5)","background-image":"","background-repeat":"repeat","background-position":"center center","background-size":"auto","background-attachment":"scroll","background-type":"","background-media":"","overlay-type":"","overlay-color":"","overlay-opacity":"","overlay-gradient":""}}},"product_brand":[],"product_cat":[51,54],"product_tag":[],"class_list":{"0":"post-6479","1":"product","2":"type-product","3":"status-publish","4":"has-post-thumbnail","6":"product_cat-riggging-hardware","7":"product_cat-shackle","8":"desktop-align-left","9":"tablet-align-left","10":"mobile-align-left","11":"ast-product-gallery-layout-horizontal-slider","12":"ast-product-tabs-layout-horizontal","14":"first","15":"instock","16":"shipping-taxable","17":"purchasable","18":"product-type-simple"},"yoast_head":"<!-- This site is optimized with the Yoast SEO plugin v25.2 - https:\/\/yoast.com\/wordpress\/plugins\/seo\/ -->\n<title>Screw Pin Shackle<\/title>\n<meta name=\"description\" content=\"Screw pin shackle is a type of metal connector that is used to link chains, ropes, cables, and other rigging hardware.\" \/>\n<meta name=\"robots\" content=\"index, follow, max-snippet:-1, max-image-preview:large, max-video-preview:-1\" \/>\n<link rel=\"canonical\" href=\"https:\/\/qingdaohf.com\/et\/toode\/kruvipoldi-ahel\/\" \/>\n<meta property=\"og:locale\" content=\"et_EE\" \/>\n<meta property=\"og:type\" content=\"article\" \/>\n<meta property=\"og:title\" content=\"Screw Pin Shackle\" \/>\n<meta property=\"og:description\" content=\"Screw pin shackle is a type of metal connector that is used to link chains, ropes, cables, and other rigging hardware.\" \/>\n<meta property=\"og:url\" content=\"https:\/\/qingdaohf.com\/et\/toode\/kruvipoldi-ahel\/\" \/>\n<meta property=\"og:site_name\" content=\"Concrete Form &amp; Rigging Hardware Supplier\" \/>\n<meta property=\"article:publisher\" content=\"https:\/\/www.facebook.com\/qingdaohf\" \/>\n<meta property=\"article:modified_time\" content=\"2025-11-13T01:03:38+00:00\" \/>\n<meta property=\"og:image\" content=\"https:\/\/qingdaohf.com\/wp-content\/uploads\/2024\/02\/HF-SHACKLE-7.jpg\" \/>\n\t<meta property=\"og:image:width\" content=\"1000\" \/>\n\t<meta property=\"og:image:height\" content=\"1000\" \/>\n\t<meta property=\"og:image:type\" content=\"image\/jpeg\" \/>\n<meta name=\"twitter:card\" content=\"summary_large_image\" \/>\n<meta name=\"twitter:label1\" content=\"Est. reading time\" \/>\n\t<meta name=\"twitter:data1\" content=\"2 minutit\" \/>\n<script type=\"application\/ld+json\" class=\"yoast-schema-graph\">{\"@context\":\"https:\/\/schema.org\",\"@graph\":[{\"@type\":\"WebPage\",\"@id\":\"https:\/\/qingdaohf.com\/product\/screw-pin-shackle\/\",\"url\":\"https:\/\/qingdaohf.com\/product\/screw-pin-shackle\/\",\"name\":\"Screw Pin Shackle\",\"isPartOf\":{\"@id\":\"https:\/\/qingdaohf.com\/bg\/#website\"},\"primaryImageOfPage\":{\"@id\":\"https:\/\/qingdaohf.com\/product\/screw-pin-shackle\/#primaryimage\"},\"image\":{\"@id\":\"https:\/\/qingdaohf.com\/product\/screw-pin-shackle\/#primaryimage\"},\"thumbnailUrl\":\"https:\/\/qingdaohf.com\/wp-content\/uploads\/2024\/02\/HF-SHACKLE-7.jpg\",\"datePublished\":\"2024-02-02T07:10:26+00:00\",\"dateModified\":\"2025-11-13T01:03:38+00:00\",\"description\":\"Screw pin shackle is a type of metal connector that is used to link chains, ropes, cables, and other rigging hardware.\",\"breadcrumb\":{\"@id\":\"https:\/\/qingdaohf.com\/product\/screw-pin-shackle\/#breadcrumb\"},\"inLanguage\":\"et\",\"potentialAction\":[{\"@type\":\"ReadAction\",\"target\":[\"https:\/\/qingdaohf.com\/product\/screw-pin-shackle\/\"]}]},{\"@type\":\"ImageObject\",\"inLanguage\":\"et\",\"@id\":\"https:\/\/qingdaohf.com\/product\/screw-pin-shackle\/#primaryimage\",\"url\":\"https:\/\/qingdaohf.com\/wp-content\/uploads\/2024\/02\/HF-SHACKLE-7.jpg\",\"contentUrl\":\"https:\/\/qingdaohf.com\/wp-content\/uploads\/2024\/02\/HF-SHACKLE-7.jpg\",\"width\":1000,\"height\":1000,\"caption\":\"Bow shackle\"},{\"@type\":\"BreadcrumbList\",\"@id\":\"https:\/\/qingdaohf.com\/product\/screw-pin-shackle\/#breadcrumb\",\"itemListElement\":[{\"@type\":\"ListItem\",\"position\":1,\"name\":\"Home\",\"item\":\"https:\/\/qingdaohf.com\/\"},{\"@type\":\"ListItem\",\"position\":2,\"name\":\"Concrete Forming Accessories and Rigging Hardware\",\"item\":\"https:\/\/qingdaohf.com\/bg\/?page_id=944\"},{\"@type\":\"ListItem\",\"position\":3,\"name\":\"Screw Pin Shackle\"}]},{\"@type\":\"WebSite\",\"@id\":\"https:\/\/qingdaohf.com\/bg\/#website\",\"url\":\"https:\/\/qingdaohf.com\/bg\/\",\"name\":\"Concrete Form & Rigging Hardware Supplier\",\"description\":\"\",\"publisher\":{\"@id\":\"https:\/\/qingdaohf.com\/bg\/#organization\"},\"potentialAction\":[{\"@type\":\"SearchAction\",\"target\":{\"@type\":\"EntryPoint\",\"urlTemplate\":\"https:\/\/qingdaohf.com\/bg\/?s={search_term_string}\"},\"query-input\":{\"@type\":\"PropertyValueSpecification\",\"valueRequired\":true,\"valueName\":\"search_term_string\"}}],\"inLanguage\":\"et\"},{\"@type\":\"Organization\",\"@id\":\"https:\/\/qingdaohf.com\/bg\/#organization\",\"name\":\"Qingdao H&F\",\"url\":\"https:\/\/qingdaohf.com\/bg\/\",\"logo\":{\"@type\":\"ImageObject\",\"inLanguage\":\"et\",\"@id\":\"https:\/\/qingdaohf.com\/bg\/#\/schema\/logo\/image\/\",\"url\":\"https:\/\/qingdaohf.com\/wp-content\/uploads\/2022\/12\/cropped-HF-LOGO.png\",\"contentUrl\":\"https:\/\/qingdaohf.com\/wp-content\/uploads\/2022\/12\/cropped-HF-LOGO.png\",\"width\":391,\"height\":249,\"caption\":\"Qingdao H&F\"},\"image\":{\"@id\":\"https:\/\/qingdaohf.com\/bg\/#\/schema\/logo\/image\/\"},\"sameAs\":[\"https:\/\/www.facebook.com\/qingdaohf\"]}]}<\/script>\n<!-- \/ Yoast SEO plugin. -->","yoast_head_json":{"title":"Screw Pin Shackle","description":"Screw pin shackle is a type of metal connector that is used to link chains, ropes, cables, and other rigging hardware.","robots":{"index":"index","follow":"follow","max-snippet":"max-snippet:-1","max-image-preview":"max-image-preview:large","max-video-preview":"max-video-preview:-1"},"canonical":"https:\/\/qingdaohf.com\/et\/toode\/kruvipoldi-ahel\/","og_locale":"et_EE","og_type":"article","og_title":"Screw Pin Shackle","og_description":"Screw pin shackle is a type of metal connector that is used to link chains, ropes, cables, and other rigging hardware.","og_url":"https:\/\/qingdaohf.com\/et\/toode\/kruvipoldi-ahel\/","og_site_name":"Concrete Form &amp; Rigging Hardware Supplier","article_publisher":"https:\/\/www.facebook.com\/qingdaohf","article_modified_time":"2025-11-13T01:03:38+00:00","og_image":[{"width":1000,"height":1000,"url":"https:\/\/qingdaohf.com\/wp-content\/uploads\/2024\/02\/HF-SHACKLE-7.jpg","type":"image\/jpeg"}],"twitter_card":"summary_large_image","twitter_misc":{"Est. reading time":"2 minutit"},"schema":{"@context":"https:\/\/schema.org","@graph":[{"@type":"WebPage","@id":"https:\/\/qingdaohf.com\/product\/screw-pin-shackle\/","url":"https:\/\/qingdaohf.com\/product\/screw-pin-shackle\/","name":"Screw Pin Shackle","isPartOf":{"@id":"https:\/\/qingdaohf.com\/bg\/#website"},"primaryImageOfPage":{"@id":"https:\/\/qingdaohf.com\/product\/screw-pin-shackle\/#primaryimage"},"image":{"@id":"https:\/\/qingdaohf.com\/product\/screw-pin-shackle\/#primaryimage"},"thumbnailUrl":"https:\/\/qingdaohf.com\/wp-content\/uploads\/2024\/02\/HF-SHACKLE-7.jpg","datePublished":"2024-02-02T07:10:26+00:00","dateModified":"2025-11-13T01:03:38+00:00","description":"Screw pin shackle is a type of metal connector that is used to link chains, ropes, cables, and other rigging hardware.","breadcrumb":{"@id":"https:\/\/qingdaohf.com\/product\/screw-pin-shackle\/#breadcrumb"},"inLanguage":"et","potentialAction":[{"@type":"ReadAction","target":["https:\/\/qingdaohf.com\/product\/screw-pin-shackle\/"]}]},{"@type":"ImageObject","inLanguage":"et","@id":"https:\/\/qingdaohf.com\/product\/screw-pin-shackle\/#primaryimage","url":"https:\/\/qingdaohf.com\/wp-content\/uploads\/2024\/02\/HF-SHACKLE-7.jpg","contentUrl":"https:\/\/qingdaohf.com\/wp-content\/uploads\/2024\/02\/HF-SHACKLE-7.jpg","width":1000,"height":1000,"caption":"Bow shackle"},{"@type":"BreadcrumbList","@id":"https:\/\/qingdaohf.com\/product\/screw-pin-shackle\/#breadcrumb","itemListElement":[{"@type":"ListItem","position":1,"name":"Home","item":"https:\/\/qingdaohf.com\/"},{"@type":"ListItem","position":2,"name":"Concrete Forming Accessories and Rigging Hardware","item":"https:\/\/qingdaohf.com\/bg\/?page_id=944"},{"@type":"ListItem","position":3,"name":"Screw Pin Shackle"}]},{"@type":"WebSite","@id":"https:\/\/qingdaohf.com\/bg\/#website","url":"https:\/\/qingdaohf.com\/bg\/","name":"Concrete Form & Rigging Hardware Supplier","description":"","publisher":{"@id":"https:\/\/qingdaohf.com\/bg\/#organization"},"potentialAction":[{"@type":"SearchAction","target":{"@type":"EntryPoint","urlTemplate":"https:\/\/qingdaohf.com\/bg\/?s={search_term_string}"},"query-input":{"@type":"PropertyValueSpecification","valueRequired":true,"valueName":"search_term_string"}}],"inLanguage":"et"},{"@type":"Organization","@id":"https:\/\/qingdaohf.com\/bg\/#organization","name":"Qingdao H&F","url":"https:\/\/qingdaohf.com\/bg\/","logo":{"@type":"ImageObject","inLanguage":"et","@id":"https:\/\/qingdaohf.com\/bg\/#\/schema\/logo\/image\/","url":"https:\/\/qingdaohf.com\/wp-content\/uploads\/2022\/12\/cropped-HF-LOGO.png","contentUrl":"https:\/\/qingdaohf.com\/wp-content\/uploads\/2022\/12\/cropped-HF-LOGO.png","width":391,"height":249,"caption":"Qingdao H&F"},"image":{"@id":"https:\/\/qingdaohf.com\/bg\/#\/schema\/logo\/image\/"},"sameAs":["https:\/\/www.facebook.com\/qingdaohf"]}]}},"_links":{"self":[{"href":"https:\/\/qingdaohf.com\/et\/wp-json\/wp\/v2\/product\/6479","targetHints":{"allow":["GET"]}}],"collection":[{"href":"https:\/\/qingdaohf.com\/et\/wp-json\/wp\/v2\/product"}],"about":[{"href":"https:\/\/qingdaohf.com\/et\/wp-json\/wp\/v2\/types\/product"}],"replies":[{"embeddable":true,"href":"https:\/\/qingdaohf.com\/et\/wp-json\/wp\/v2\/comments?post=6479"}],"version-history":[{"count":7,"href":"https:\/\/qingdaohf.com\/et\/wp-json\/wp\/v2\/product\/6479\/revisions"}],"predecessor-version":[{"id":8213,"href":"https:\/\/qingdaohf.com\/et\/wp-json\/wp\/v2\/product\/6479\/revisions\/8213"}],"wp:featuredmedia":[{"embeddable":true,"href":"https:\/\/qingdaohf.com\/et\/wp-json\/wp\/v2\/media\/6471"}],"wp:attachment":[{"href":"https:\/\/qingdaohf.com\/et\/wp-json\/wp\/v2\/media?parent=6479"}],"wp:term":[{"taxonomy":"product_brand","embeddable":true,"href":"https:\/\/qingdaohf.com\/et\/wp-json\/wp\/v2\/product_brand?post=6479"},{"taxonomy":"product_cat","embeddable":true,"href":"https:\/\/qingdaohf.com\/et\/wp-json\/wp\/v2\/product_cat?post=6479"},{"taxonomy":"product_tag","embeddable":true,"href":"https:\/\/qingdaohf.com\/et\/wp-json\/wp\/v2\/product_tag?post=6479"}],"curies":[{"name":"wp","href":"https:\/\/api.w.org\/{rel}","templated":true}]}}