{"id":6504,"date":"2024-02-05T09:54:52","date_gmt":"2024-02-05T01:54:52","guid":{"rendered":"http:\/\/qingdaohf.com\/?post_type=product&#038;p=6504"},"modified":"2025-11-13T09:03:38","modified_gmt":"2025-11-13T01:03:38","slug":"bent-eye-bolt","status":"publish","type":"product","link":"https:\/\/qingdaohf.com\/et\/toode\/painutatud-silmapolt\/","title":{"rendered":"Painutatud silmapolt"},"content":{"rendered":"<h2 class=\"text-2xl font-bold mt-1 text-text-200\">Tehnika tipptase: Painutatud silmapolt<\/h2>\n<p class=\"whitespace-pre-wrap break-words\">Painutatud silmapolt on parim n\u00e4ide praktilisest inseneriteadusest. Tavap\u00e4raste kinnitusdetailide konstruktsiooni asemel muudab selle kumer kuju koormuse jaotuse revolutsiooniliselt, muutes selle h\u00e4davajalikuks raskete rakenduste puhul taglase, pukseerimise ja masinate kinnitamisel.<\/p>\n<div class=\"ast-oembed-container\" style=\"height: 100%;\"><iframe title=\"Parandage oma rakiste lahendusi meie painutatud silmapoltidega!\" width=\"500\" height=\"281\" src=\"https:\/\/www.youtube.com\/embed\/hRsRZXPqmSo?feature=oembed\" frameborder=\"0\" allow=\"accelerometer; autoplay; clipboard-write; encrypted-media; gyroscope; picture-in-picture; web-share\" referrerpolicy=\"strict-origin-when-cross-origin\" allowfullscreen><\/iframe><\/div>\n<h2 class=\"text-xl font-bold text-text-200 mt-1 -mb-0.5\">P\u00f5hitehnika ja materjalid<\/h2>\n<p class=\"whitespace-pre-wrap break-words\">Insenerid valivad hoolikalt k\u00f5rgekvaliteedilisi metalle, mis v\u00f5itlevad korrosiooni vastu, taludes samal ajal tugevat mehaanilist koormust. Strateegiline painutusprotsess v\u00e4hendab stressi kontsentratsioonipunkte - traditsiooniliste silmapoltide t\u00fc\u00fcpilist n\u00f5rkust. Selline l\u00e4bim\u00f5eldud projekteerimine tagab muljetavaldava vastupidavuse isegi n\u00f5udlikes tingimustes. Iga komponent l\u00e4bib t\u00e4pse k\u00e4sit\u00f6\u00f6, et s\u00e4ilitada stabiilsus d\u00fcnaamiliste toimingute ajal.<\/p>\n<p class=\"whitespace-pre-wrap break-words\">Meie tootmises kasutatakse tipptasemel tehnikat, s\u00e4ilitades samal ajal ranged kvaliteedistandardid. Enne tarnimist l\u00e4bib iga polt ulatuslikke teste m\u00f5\u00f5tmete t\u00e4psuse, materjali tugevuse ja koormustaluvuse suhtes. Need p\u00f5hjalikud hindamised, mis on meie kvaliteedis\u00fcsteemi keskmes, n\u00e4itavad, kuidas meie tooted \u00fcletavad pidevalt t\u00f6\u00f6stuse n\u00f5udeid. Me s\u00e4ilitame t\u00e4ieliku l\u00e4bipaistvuse, esitades saadetistega koos \u00fcksikasjaliku kontrolldokumentatsiooni.<\/p>\n<h2 class=\"text-xl font-bold text-text-200 mt-1 -mb-0.5\">Reaalsed rakendused ja seadistamine<\/h2>\n<h3 class=\"text-lg font-bold text-text-200 mt-1 -mb-1.5\">T\u00f6\u00f6stuse rakendamine<\/h3>\n<p class=\"whitespace-pre-wrap break-words\">Ehitusplatsidel ja ookeanilaevadel kasutavad spetsialistid v\u00e4\u00e4rtusliku varustuse kaitsmiseks painutatud silmapoldid. Disaini mitmek\u00fclgsus v\u00f5imaldab erinevaid stsenaariume, mis n\u00f5uavad nii paindlikkust kui ka struktuurilist terviklikkust. Need poldid osutuvad asendamatuks, kui t\u00f5stetakse raskeid koormusi, kinnitatakse seadmeid karmi ilmaga v\u00f5i \u00fchendatakse t\u00f6\u00f6stuslike masinate komponente. Nende spetsiaalne kuju tagab optimaalse j\u00f5u jaotumise, hoides koormused t\u00f6\u00f6 ajal tasakaalus.<\/p>\n<h3 class=\"text-lg font-bold text-text-200 mt-1 -mb-1.5\">Kasutajas\u00f5bralik paigaldus<\/h3>\n<p class=\"whitespace-pre-wrap break-words\">T\u00e4nu intuitiivsele disainile, mis v\u00e4hendab v\u00e4lja\u00f5ppe aega, saavad t\u00f6\u00f6tajad lihtsa paigaldusprotsessi kiiresti omandada. Poldi ainulaadne k\u00f5verus v\u00f5imaldab turvalist kinnitamist erinevatele materjalidele - alates terastaladest kuni betoonini. Selline kohandatavus lihtsustab montaa\u017ei ja v\u00e4hendab hoolduse seisakuid, parandades otseselt t\u00f6\u00f6 t\u00f5husust ja v\u00e4hendades kulusid.<\/p>\n<h3 class=\"text-lg font-bold text-text-200 mt-1 -mb-1.5\">T\u00e4iustatud turvaelemendid<\/h3>\n<p class=\"whitespace-pre-wrap break-words\">Painutatud silmapoldi puhul on lahendatud peamised ohutusprobleemid t\u00e4nu arukale konstruktsioonile. Kasutajad usaldavad selle v\u00f5imet takistada libisemist v\u00f5i valesti paigutamist koormuse all. Arvutatud silmak\u00f5ver suunab j\u00f5ud potentsiaalsetest rikkepunktidest eemale, v\u00e4hendades kriitiliste \u00fclesannete ajal rikete ohtu. Neid poldisid kasutavad ettev\u00f5tted teatavad tavaliselt v\u00e4hematest vahejuhtumitest ja paremast t\u00f6\u00f6kindlusest.<\/p>\n<h2 class=\"text-xl font-bold text-text-200 mt-1 -mb-0.5\">Kvaliteedi tagamine ja tugi<\/h2>\n<h3 class=\"text-lg font-bold text-text-200 mt-1 -mb-1.5\">Range testimisprotokoll<\/h3>\n<p class=\"whitespace-pre-wrap break-words\">Iga polt l\u00e4bib enne meie rajatisest lahkumist p\u00f5hjaliku hindamise. M\u00f5istes ohutuskriitilisi rakendusi, s\u00e4ilitame \u00fcksikasjaliku toimivusdokumentatsiooni. Meie kvaliteediaruanded kirjeldavad konkreetseid n\u00e4itajaid ja materjaliomadusi, mis n\u00e4itavad pikaajalist usaldusv\u00e4\u00e4rsust karmides tingimustes.<\/p>\n<h3 class=\"text-lg font-bold text-text-200 mt-1 -mb-1.5\">Kliendikeskne teenindus<\/h3>\n<p class=\"whitespace-pre-wrap break-words\">Me \u00fchendame tehnilised teadmised isikliku t\u00e4helepanuga. Kliendid saavad spetsiaalset tuge nii ostueelsete k\u00fcsimuste kui ka j\u00e4tkuva abi puhul. Meie meeskond pakub \u00fcksikasjalikke juhiseid paigaldamise, hoolduse ja t\u00f5rkeotsingu kohta. Selline l\u00e4henemine tagab igak\u00fclgse toetuse kogu toote eluts\u00fckli jooksul. Kiire tarne suurendab rahulolu veelgi, kuna see v\u00e4hendab projekti viivitusi.<\/p>\n<h3 class=\"text-lg font-bold text-text-200 mt-1 -mb-1.5\">Pidev innovatsioon<\/h3>\n<p class=\"whitespace-pre-wrap break-words\">Regulaarsed investeeringud teadusuuringutesse hoiavad meie tooted tehnoloogia esirinnas. Teeme koost\u00f6\u00f6d valdkonna ekspertidega, et t\u00e4iustada disaini ja tootmismeetodeid. See p\u00fchendumus t\u00f5stab t\u00f6\u00f6stusstandardeid k\u00f5rgemale, pakkudes samal ajal kulut\u00f5husaid lahendusi. Meie keskendumine edusammudele h\u00f5lmab projekteerimist kuni klienditoeni, seades igal sammul esikohale tipptaseme.<\/p>\n<h3 class=\"text-lg font-bold text-text-200 mt-1 -mb-1.5\">Usaldusv\u00e4\u00e4rne tarne<\/h3>\n<p class=\"whitespace-pre-wrap break-words\">M\u00f5istes ajaliselt tundlikke toiminguid, s\u00e4ilitame t\u00f5husad tarnes\u00fcsteemid, mis vastavad n\u00f5udlikele ajakavadele. Meie logistikameeskond tagab tellimuste kiire t\u00f6\u00f6tlemise ja saatmise. Probleemide tekkimisel suhtleme ennetavalt ja pakume alternatiive, et v\u00e4hendada h\u00e4ireid.<\/p>\n<h2 class=\"text-xl font-bold text-text-200 mt-1 -mb-0.5\">Haridusalane toetus ja tehniline p\u00e4devus<\/h2>\n<p class=\"whitespace-pre-wrap break-words\">Pakume lisaks riistvarale ka p\u00f5hjalikku tehnilist dokumentatsiooni ja koolitusmaterjale. \u00dcksikasjalike juhendite ja konsultatsioonide abil omandavad kliendid \u00f5iged kasutustehnikad. Selline teadmiste jagamine hoiab \u00e4ra sagedased probleemid ja pikendab toote kasutusiga n\u00f5uetekohase hoolduse abil.<\/p>\n<p class=\"whitespace-pre-wrap break-words\">Iga poldi taga olev t\u00e4ppistehnika peegeldab meie p\u00fchendumust j\u00f5udlusele. Kriitilistes keskkondades tagavad need poldid turvalised \u00fchendused, mis v\u00e4hendavad k\u00e4itlemisriski. See usaldusv\u00e4\u00e4rsus on oluline seal, kus seadmete rike v\u00f5ib p\u00f5hjustada t\u00f5siseid tagaj\u00e4rgi.<\/p>\n<p class=\"whitespace-pre-wrap break-words\">Meie kvaliteedimeetmed optimeerivad iga aspekti tipptaseme saavutamiseks. T\u00e4iustatud materjaliteaduse ja t\u00e4pse projekteerimise kombineerimine annab j\u00e4rjepidevalt suurep\u00e4raseid tulemusi. See p\u00fchendumine tipptasemele t\u00e4hendab minimaalset asendusvajadust ja p\u00fcsivat t\u00f6\u00f6efektiivsust.<\/p>\n<p class=\"whitespace-pre-wrap break-words\">Klientide tagasiside aitab kaasa pidevale t\u00e4iustamisele, mille tulemused kujundavad tulevasi arenguid. Selline koost\u00f6\u00f6l p\u00f5hinev l\u00e4henemisviis viib praktiliste ohutus- ja tulemuslikkuse parandusteni. Pidev dialoog tugevdab suhteid ja parandab samal ajal toote v\u00f5imekust.<\/p>\n<h2 class=\"text-xl font-bold text-text-200 mt-1 -mb-0.5\">Kokkuv\u00f5te<\/h2>\n<p class=\"whitespace-pre-wrap break-words\">Painutatud silmapolt kujutab endast inseneri tipptaseme ja praktiliste turvaelementide kokkulangemist. Selle uuenduslik disain tagab optimaalse koormuse juhtimise ja kestva vastupidavuse, mida toetab p\u00f5hjalik kvaliteedikontroll. Koos vastutuleliku klienditeeninduse ja usaldusv\u00e4\u00e4rse tarnega on see ideaalne lahendus j\u00e4rjepidevat j\u00f5udlust n\u00f5udvatele operatsioonidele. Me j\u00e4tkame oma konstruktsioonide arendamist, pakkudes tooteid, mis suurendavad t\u00f6\u00f6 t\u00f5husust ja ohutust.<\/p>\n<p class=\"whitespace-pre-wrap break-words\">Meie terviklik l\u00e4henemine - alates esialgsest kavandamisest kuni j\u00e4tkuva toetamiseni - n\u00e4itab p\u00fchendumust p\u00fcsivatele lahendustele. Kui valite meie painutatud silmapoldid, t\u00e4hendab see investeeringut t\u00f6\u00f6kindlusse, mis on t\u00f5estatud ja mida toetavad eksperdid. Kogege erinevust, mida l\u00e4bim\u00f5eldud projekteerimine ja p\u00fchendunud tugi teie tegevusele annavad.<\/p>","protected":false},"excerpt":{"rendered":"<p data-sourcepos=\"5:1-5:37\">Siin on meie hoolikalt konstrueeritud painutatud silmapolt, mis on spetsiaalselt loodud raskete koormuste kinnitamiseks ja \u00fcldiseks taglastamiseks. Meie toode vastab ostjate peamistele muredele suurep\u00e4rase vastupidavuse, lihtsa paigalduse ja kompromissitu ohutuse poolest rasketes tingimustes. Usaldusv\u00e4\u00e4rse kaubandusettev\u00f5ttena pakume \u00fcks-\u00fchele klienditeenindust, \u00f5igeaegset tarneaega ja \u00fcksikasjalikke kvaliteedikontrolli aruandeid, nii et iga klient v\u00f5ib olla kindel, et saab usaldusv\u00e4\u00e4rset, kvaliteetset riistvara vastavalt oma konkreetsetele n\u00f5uetele.<\/p>","protected":false},"featured_media":6506,"comment_status":"open","ping_status":"closed","template":"","meta":{"site-sidebar-layout":"default","site-content-layout":"","ast-site-content-layout":"default","site-content-style":"default","site-sidebar-style":"default","ast-global-header-display":"","ast-banner-title-visibility":"","ast-main-header-display":"","ast-hfb-above-header-display":"","ast-hfb-below-header-display":"","ast-hfb-mobile-header-display":"","site-post-title":"","ast-breadcrumbs-content":"","ast-featured-img":"","footer-sml-layout":"","theme-transparent-header-meta":"default","adv-header-id-meta":"","stick-header-meta":"default","header-above-stick-meta":"","header-main-stick-meta":"","header-below-stick-meta":"","astra-migrate-meta-layouts":"set","ast-page-background-enabled":"default","ast-page-background-meta":{"desktop":{"background-color":"","background-image":"","background-repeat":"repeat","background-position":"center center","background-size":"auto","background-attachment":"scroll","background-type":"","background-media":"","overlay-type":"","overlay-color":"","overlay-opacity":"","overlay-gradient":""},"tablet":{"background-color":"","background-image":"","background-repeat":"repeat","background-position":"center center","background-size":"auto","background-attachment":"scroll","background-type":"","background-media":"","overlay-type":"","overlay-color":"","overlay-opacity":"","overlay-gradient":""},"mobile":{"background-color":"","background-image":"","background-repeat":"repeat","background-position":"center center","background-size":"auto","background-attachment":"scroll","background-type":"","background-media":"","overlay-type":"","overlay-color":"","overlay-opacity":"","overlay-gradient":""}},"ast-content-background-meta":{"desktop":{"background-color":"var(--ast-global-color-5)","background-image":"","background-repeat":"repeat","background-position":"center center","background-size":"auto","background-attachment":"scroll","background-type":"","background-media":"","overlay-type":"","overlay-color":"","overlay-opacity":"","overlay-gradient":""},"tablet":{"background-color":"var(--ast-global-color-5)","background-image":"","background-repeat":"repeat","background-position":"center center","background-size":"auto","background-attachment":"scroll","background-type":"","background-media":"","overlay-type":"","overlay-color":"","overlay-opacity":"","overlay-gradient":""},"mobile":{"background-color":"var(--ast-global-color-5)","background-image":"","background-repeat":"repeat","background-position":"center center","background-size":"auto","background-attachment":"scroll","background-type":"","background-media":"","overlay-type":"","overlay-color":"","overlay-opacity":"","overlay-gradient":""}}},"product_brand":[],"product_cat":[44],"product_tag":[],"class_list":{"0":"post-6504","1":"product","2":"type-product","3":"status-publish","4":"has-post-thumbnail","6":"product_cat-stainless-steel-poduct","7":"desktop-align-left","8":"tablet-align-left","9":"mobile-align-left","10":"ast-product-gallery-layout-horizontal-slider","11":"ast-product-tabs-layout-horizontal","13":"first","14":"instock","15":"shipping-taxable","16":"purchasable","17":"product-type-simple"},"yoast_head":"<!-- This site is optimized with the Yoast SEO plugin v25.2 - https:\/\/yoast.com\/wordpress\/plugins\/seo\/ -->\n<title>Bent Eye Bolt<\/title>\n<meta name=\"description\" content=\"Qingdao H&amp;F, your reliable supplier for over 20 years, offers top-quality bent eye bolts for diverse lifting and rigging applications.\" \/>\n<meta name=\"robots\" content=\"index, follow, max-snippet:-1, max-image-preview:large, max-video-preview:-1\" \/>\n<link rel=\"canonical\" href=\"https:\/\/qingdaohf.com\/et\/toode\/painutatud-silmapolt\/\" \/>\n<meta property=\"og:locale\" content=\"et_EE\" \/>\n<meta property=\"og:type\" content=\"article\" \/>\n<meta property=\"og:title\" content=\"Bent Eye Bolt\" \/>\n<meta property=\"og:description\" content=\"Qingdao H&amp;F, your reliable supplier for over 20 years, offers top-quality bent eye bolts for diverse lifting and rigging applications.\" \/>\n<meta property=\"og:url\" content=\"https:\/\/qingdaohf.com\/et\/toode\/painutatud-silmapolt\/\" \/>\n<meta property=\"og:site_name\" content=\"Concrete Form &amp; Rigging Hardware Supplier\" \/>\n<meta property=\"article:publisher\" content=\"https:\/\/www.facebook.com\/qingdaohf\" \/>\n<meta property=\"article:modified_time\" content=\"2025-11-13T01:03:38+00:00\" \/>\n<meta property=\"og:image\" content=\"https:\/\/qingdaohf.com\/wp-content\/uploads\/2024\/02\/HF-BENT-EYE-BOLT-1.jpg\" \/>\n\t<meta property=\"og:image:width\" content=\"1000\" \/>\n\t<meta property=\"og:image:height\" content=\"1000\" \/>\n\t<meta property=\"og:image:type\" content=\"image\/jpeg\" \/>\n<meta name=\"twitter:card\" content=\"summary_large_image\" \/>\n<meta name=\"twitter:label1\" content=\"Est. reading time\" \/>\n\t<meta name=\"twitter:data1\" content=\"4 minutit\" \/>\n<script type=\"application\/ld+json\" class=\"yoast-schema-graph\">{\"@context\":\"https:\/\/schema.org\",\"@graph\":[{\"@type\":\"WebPage\",\"@id\":\"https:\/\/qingdaohf.com\/product\/bent-eye-bolt\/\",\"url\":\"https:\/\/qingdaohf.com\/product\/bent-eye-bolt\/\",\"name\":\"Bent Eye Bolt\",\"isPartOf\":{\"@id\":\"https:\/\/qingdaohf.com\/bg\/#website\"},\"primaryImageOfPage\":{\"@id\":\"https:\/\/qingdaohf.com\/product\/bent-eye-bolt\/#primaryimage\"},\"image\":{\"@id\":\"https:\/\/qingdaohf.com\/product\/bent-eye-bolt\/#primaryimage\"},\"thumbnailUrl\":\"https:\/\/qingdaohf.com\/wp-content\/uploads\/2024\/02\/HF-BENT-EYE-BOLT-1.jpg\",\"datePublished\":\"2024-02-05T01:54:52+00:00\",\"dateModified\":\"2025-11-13T01:03:38+00:00\",\"description\":\"Qingdao H&F, your reliable supplier for over 20 years, offers top-quality bent eye bolts for diverse lifting and rigging applications.\",\"breadcrumb\":{\"@id\":\"https:\/\/qingdaohf.com\/product\/bent-eye-bolt\/#breadcrumb\"},\"inLanguage\":\"et\",\"potentialAction\":[{\"@type\":\"ReadAction\",\"target\":[\"https:\/\/qingdaohf.com\/product\/bent-eye-bolt\/\"]}]},{\"@type\":\"ImageObject\",\"inLanguage\":\"et\",\"@id\":\"https:\/\/qingdaohf.com\/product\/bent-eye-bolt\/#primaryimage\",\"url\":\"https:\/\/qingdaohf.com\/wp-content\/uploads\/2024\/02\/HF-BENT-EYE-BOLT-1.jpg\",\"contentUrl\":\"https:\/\/qingdaohf.com\/wp-content\/uploads\/2024\/02\/HF-BENT-EYE-BOLT-1.jpg\",\"width\":1000,\"height\":1000,\"caption\":\"H&F BENT EYE BOLT\"},{\"@type\":\"BreadcrumbList\",\"@id\":\"https:\/\/qingdaohf.com\/product\/bent-eye-bolt\/#breadcrumb\",\"itemListElement\":[{\"@type\":\"ListItem\",\"position\":1,\"name\":\"Home\",\"item\":\"https:\/\/qingdaohf.com\/\"},{\"@type\":\"ListItem\",\"position\":2,\"name\":\"Concrete Forming Accessories and Rigging Hardware\",\"item\":\"https:\/\/qingdaohf.com\/bg\/?page_id=944\"},{\"@type\":\"ListItem\",\"position\":3,\"name\":\"Bent Eye Bolt\"}]},{\"@type\":\"WebSite\",\"@id\":\"https:\/\/qingdaohf.com\/bg\/#website\",\"url\":\"https:\/\/qingdaohf.com\/bg\/\",\"name\":\"Concrete Form & Rigging Hardware Supplier\",\"description\":\"\",\"publisher\":{\"@id\":\"https:\/\/qingdaohf.com\/bg\/#organization\"},\"potentialAction\":[{\"@type\":\"SearchAction\",\"target\":{\"@type\":\"EntryPoint\",\"urlTemplate\":\"https:\/\/qingdaohf.com\/bg\/?s={search_term_string}\"},\"query-input\":{\"@type\":\"PropertyValueSpecification\",\"valueRequired\":true,\"valueName\":\"search_term_string\"}}],\"inLanguage\":\"et\"},{\"@type\":\"Organization\",\"@id\":\"https:\/\/qingdaohf.com\/bg\/#organization\",\"name\":\"Qingdao H&F\",\"url\":\"https:\/\/qingdaohf.com\/bg\/\",\"logo\":{\"@type\":\"ImageObject\",\"inLanguage\":\"et\",\"@id\":\"https:\/\/qingdaohf.com\/bg\/#\/schema\/logo\/image\/\",\"url\":\"https:\/\/qingdaohf.com\/wp-content\/uploads\/2022\/12\/cropped-HF-LOGO.png\",\"contentUrl\":\"https:\/\/qingdaohf.com\/wp-content\/uploads\/2022\/12\/cropped-HF-LOGO.png\",\"width\":391,\"height\":249,\"caption\":\"Qingdao H&F\"},\"image\":{\"@id\":\"https:\/\/qingdaohf.com\/bg\/#\/schema\/logo\/image\/\"},\"sameAs\":[\"https:\/\/www.facebook.com\/qingdaohf\"]}]}<\/script>\n<!-- \/ Yoast SEO plugin. -->","yoast_head_json":{"title":"Bent Eye Bolt","description":"Qingdao H&F, your reliable supplier for over 20 years, offers top-quality bent eye bolts for diverse lifting and rigging applications.","robots":{"index":"index","follow":"follow","max-snippet":"max-snippet:-1","max-image-preview":"max-image-preview:large","max-video-preview":"max-video-preview:-1"},"canonical":"https:\/\/qingdaohf.com\/et\/toode\/painutatud-silmapolt\/","og_locale":"et_EE","og_type":"article","og_title":"Bent Eye Bolt","og_description":"Qingdao H&F, your reliable supplier for over 20 years, offers top-quality bent eye bolts for diverse lifting and rigging applications.","og_url":"https:\/\/qingdaohf.com\/et\/toode\/painutatud-silmapolt\/","og_site_name":"Concrete Form &amp; Rigging Hardware Supplier","article_publisher":"https:\/\/www.facebook.com\/qingdaohf","article_modified_time":"2025-11-13T01:03:38+00:00","og_image":[{"width":1000,"height":1000,"url":"https:\/\/qingdaohf.com\/wp-content\/uploads\/2024\/02\/HF-BENT-EYE-BOLT-1.jpg","type":"image\/jpeg"}],"twitter_card":"summary_large_image","twitter_misc":{"Est. reading time":"4 minutit"},"schema":{"@context":"https:\/\/schema.org","@graph":[{"@type":"WebPage","@id":"https:\/\/qingdaohf.com\/product\/bent-eye-bolt\/","url":"https:\/\/qingdaohf.com\/product\/bent-eye-bolt\/","name":"Bent Eye Bolt","isPartOf":{"@id":"https:\/\/qingdaohf.com\/bg\/#website"},"primaryImageOfPage":{"@id":"https:\/\/qingdaohf.com\/product\/bent-eye-bolt\/#primaryimage"},"image":{"@id":"https:\/\/qingdaohf.com\/product\/bent-eye-bolt\/#primaryimage"},"thumbnailUrl":"https:\/\/qingdaohf.com\/wp-content\/uploads\/2024\/02\/HF-BENT-EYE-BOLT-1.jpg","datePublished":"2024-02-05T01:54:52+00:00","dateModified":"2025-11-13T01:03:38+00:00","description":"Qingdao H&F, your reliable supplier for over 20 years, offers top-quality bent eye bolts for diverse lifting and rigging applications.","breadcrumb":{"@id":"https:\/\/qingdaohf.com\/product\/bent-eye-bolt\/#breadcrumb"},"inLanguage":"et","potentialAction":[{"@type":"ReadAction","target":["https:\/\/qingdaohf.com\/product\/bent-eye-bolt\/"]}]},{"@type":"ImageObject","inLanguage":"et","@id":"https:\/\/qingdaohf.com\/product\/bent-eye-bolt\/#primaryimage","url":"https:\/\/qingdaohf.com\/wp-content\/uploads\/2024\/02\/HF-BENT-EYE-BOLT-1.jpg","contentUrl":"https:\/\/qingdaohf.com\/wp-content\/uploads\/2024\/02\/HF-BENT-EYE-BOLT-1.jpg","width":1000,"height":1000,"caption":"H&F BENT EYE BOLT"},{"@type":"BreadcrumbList","@id":"https:\/\/qingdaohf.com\/product\/bent-eye-bolt\/#breadcrumb","itemListElement":[{"@type":"ListItem","position":1,"name":"Home","item":"https:\/\/qingdaohf.com\/"},{"@type":"ListItem","position":2,"name":"Concrete Forming Accessories and Rigging Hardware","item":"https:\/\/qingdaohf.com\/bg\/?page_id=944"},{"@type":"ListItem","position":3,"name":"Bent Eye Bolt"}]},{"@type":"WebSite","@id":"https:\/\/qingdaohf.com\/bg\/#website","url":"https:\/\/qingdaohf.com\/bg\/","name":"Concrete Form & Rigging Hardware Supplier","description":"","publisher":{"@id":"https:\/\/qingdaohf.com\/bg\/#organization"},"potentialAction":[{"@type":"SearchAction","target":{"@type":"EntryPoint","urlTemplate":"https:\/\/qingdaohf.com\/bg\/?s={search_term_string}"},"query-input":{"@type":"PropertyValueSpecification","valueRequired":true,"valueName":"search_term_string"}}],"inLanguage":"et"},{"@type":"Organization","@id":"https:\/\/qingdaohf.com\/bg\/#organization","name":"Qingdao H&F","url":"https:\/\/qingdaohf.com\/bg\/","logo":{"@type":"ImageObject","inLanguage":"et","@id":"https:\/\/qingdaohf.com\/bg\/#\/schema\/logo\/image\/","url":"https:\/\/qingdaohf.com\/wp-content\/uploads\/2022\/12\/cropped-HF-LOGO.png","contentUrl":"https:\/\/qingdaohf.com\/wp-content\/uploads\/2022\/12\/cropped-HF-LOGO.png","width":391,"height":249,"caption":"Qingdao H&F"},"image":{"@id":"https:\/\/qingdaohf.com\/bg\/#\/schema\/logo\/image\/"},"sameAs":["https:\/\/www.facebook.com\/qingdaohf"]}]}},"_links":{"self":[{"href":"https:\/\/qingdaohf.com\/et\/wp-json\/wp\/v2\/product\/6504","targetHints":{"allow":["GET"]}}],"collection":[{"href":"https:\/\/qingdaohf.com\/et\/wp-json\/wp\/v2\/product"}],"about":[{"href":"https:\/\/qingdaohf.com\/et\/wp-json\/wp\/v2\/types\/product"}],"replies":[{"embeddable":true,"href":"https:\/\/qingdaohf.com\/et\/wp-json\/wp\/v2\/comments?post=6504"}],"version-history":[{"count":3,"href":"https:\/\/qingdaohf.com\/et\/wp-json\/wp\/v2\/product\/6504\/revisions"}],"predecessor-version":[{"id":8947,"href":"https:\/\/qingdaohf.com\/et\/wp-json\/wp\/v2\/product\/6504\/revisions\/8947"}],"wp:featuredmedia":[{"embeddable":true,"href":"https:\/\/qingdaohf.com\/et\/wp-json\/wp\/v2\/media\/6506"}],"wp:attachment":[{"href":"https:\/\/qingdaohf.com\/et\/wp-json\/wp\/v2\/media?parent=6504"}],"wp:term":[{"taxonomy":"product_brand","embeddable":true,"href":"https:\/\/qingdaohf.com\/et\/wp-json\/wp\/v2\/product_brand?post=6504"},{"taxonomy":"product_cat","embeddable":true,"href":"https:\/\/qingdaohf.com\/et\/wp-json\/wp\/v2\/product_cat?post=6504"},{"taxonomy":"product_tag","embeddable":true,"href":"https:\/\/qingdaohf.com\/et\/wp-json\/wp\/v2\/product_tag?post=6504"}],"curies":[{"name":"wp","href":"https:\/\/api.w.org\/{rel}","templated":true}]}}