{"id":7015,"date":"2024-05-09T11:37:00","date_gmt":"2024-05-09T03:37:00","guid":{"rendered":"http:\/\/qingdaohf.com\/?post_type=product&#038;p=7015"},"modified":"2025-11-13T09:03:36","modified_gmt":"2025-11-13T01:03:36","slug":"plastic-foundation-vent-expandable-air-bent","status":"publish","type":"product","link":"https:\/\/qingdaohf.com\/et\/toode\/plastist-vundament-ventilatsiooni-laiendatav-ohk-painutatud\/","title":{"rendered":"Plastist vundament Vent laiendatav Air Bent"},"content":{"rendered":"<p>Plastikust vundamendi ventilatsiooniava on teie vastus tervisliku \u00f5huvoolu edendamiseks ja niiskuse taseme reguleerimiseks teie keldris v\u00f5i keldris. Saadaval praktilistes suurustes vahemikus 6\u2033 kuni 8\u2033, mis sobivad k\u00f5ige tavalisemate rakenduste jaoks, ning pakub ka kohandamisv\u00f5imalusi, mis suurendavad mitmek\u00fclgsust. Siin on p\u00f5hjused, miks see on parim valik:<\/p>\n<p>Hoiab niiskuse eemal: H\u00fcvasti hallituse, hallituse ja vundamendiprobleemidega, takistades niiskuse kogunemist, olenemata valitud ventilatsiooniava suurusest.<\/p>\n<p>Lihtne paigaldada: Kerget ja lihtsat paigaldamist, mis s\u00e4\u00e4stab aega ja vaeva, olenemata ventilatsiooniava suurusest.<\/p>\n<p>Ehitatud kestma: See on valmistatud ilmastikukindlast plastikust, mis on loodud vastu pidama ilmastikule, et tagada kauakestev toimimine k\u00f5igis ventilatsiooniavade suurustes.<\/p>\n<p>T\u00e4iustatud \u00f5huvool: soodustab n\u00f5uetekohast ventilatsiooni, luues tervislikuma sisekeskkonna. Valige suurus, mis vastab k\u00f5ige paremini teie konkreetsetele \u00f5huvooluvajadustele.<\/p>\n<p>T\u00e4iustage oma keldrit plastist vundamendi ventilatsiooniava optimaalse \u00f5huvoolu ja niiskuse kontrollimiseks.<\/p>","protected":false},"excerpt":{"rendered":"<p>Plastikust vundamendi ventilatsiooniava on teie lahendus tervisliku \u00f5huvoolu ja niiskuse kontrollimiseks ronimisruumis v\u00f5i keldris. See on saadaval erinevates suurustes, et vastata teie konkreetsetele vajadustele, ning veelgi suurema paindlikkuse tagamiseks on saadaval kohandamisv\u00f5imalused.<\/p>","protected":false},"featured_media":7016,"comment_status":"open","ping_status":"closed","template":"","meta":{"site-sidebar-layout":"default","site-content-layout":"","ast-site-content-layout":"default","site-content-style":"default","site-sidebar-style":"default","ast-global-header-display":"","ast-banner-title-visibility":"","ast-main-header-display":"","ast-hfb-above-header-display":"","ast-hfb-below-header-display":"","ast-hfb-mobile-header-display":"","site-post-title":"","ast-breadcrumbs-content":"","ast-featured-img":"","footer-sml-layout":"","theme-transparent-header-meta":"default","adv-header-id-meta":"","stick-header-meta":"default","header-above-stick-meta":"","header-main-stick-meta":"","header-below-stick-meta":"","astra-migrate-meta-layouts":"set","ast-page-background-enabled":"default","ast-page-background-meta":{"desktop":{"background-color":"","background-image":"","background-repeat":"repeat","background-position":"center center","background-size":"auto","background-attachment":"scroll","background-type":"","background-media":"","overlay-type":"","overlay-color":"","overlay-opacity":"","overlay-gradient":""},"tablet":{"background-color":"","background-image":"","background-repeat":"repeat","background-position":"center center","background-size":"auto","background-attachment":"scroll","background-type":"","background-media":"","overlay-type":"","overlay-color":"","overlay-opacity":"","overlay-gradient":""},"mobile":{"background-color":"","background-image":"","background-repeat":"repeat","background-position":"center center","background-size":"auto","background-attachment":"scroll","background-type":"","background-media":"","overlay-type":"","overlay-color":"","overlay-opacity":"","overlay-gradient":""}},"ast-content-background-meta":{"desktop":{"background-color":"var(--ast-global-color-5)","background-image":"","background-repeat":"repeat","background-position":"center center","background-size":"auto","background-attachment":"scroll","background-type":"","background-media":"","overlay-type":"","overlay-color":"","overlay-opacity":"","overlay-gradient":""},"tablet":{"background-color":"var(--ast-global-color-5)","background-image":"","background-repeat":"repeat","background-position":"center center","background-size":"auto","background-attachment":"scroll","background-type":"","background-media":"","overlay-type":"","overlay-color":"","overlay-opacity":"","overlay-gradient":""},"mobile":{"background-color":"var(--ast-global-color-5)","background-image":"","background-repeat":"repeat","background-position":"center center","background-size":"auto","background-attachment":"scroll","background-type":"","background-media":"","overlay-type":"","overlay-color":"","overlay-opacity":"","overlay-gradient":""}}},"product_brand":[],"product_cat":[50],"product_tag":[],"class_list":{"0":"post-7015","1":"product","2":"type-product","3":"status-publish","4":"has-post-thumbnail","6":"product_cat-concrete-form-accessories","7":"desktop-align-left","8":"tablet-align-left","9":"mobile-align-left","10":"ast-product-gallery-layout-horizontal-slider","11":"ast-product-tabs-layout-horizontal","13":"first","14":"instock","15":"shipping-taxable","16":"purchasable","17":"product-type-simple"},"yoast_head":"<!-- This site is optimized with the Yoast SEO plugin v25.2 - https:\/\/yoast.com\/wordpress\/plugins\/seo\/ -->\n<title>Plastic Foundation Vent Expandable Air Bent<\/title>\n<meta name=\"description\" content=\"The Plastic Foundation Vent is your go-to solution for healthy airflow and moisture control in your crawlspace or basement.\" \/>\n<meta name=\"robots\" content=\"index, follow, max-snippet:-1, max-image-preview:large, max-video-preview:-1\" \/>\n<link rel=\"canonical\" href=\"https:\/\/qingdaohf.com\/et\/toode\/plastist-vundament-ventilatsiooni-laiendatav-ohk-painutatud\/\" \/>\n<meta property=\"og:locale\" content=\"et_EE\" \/>\n<meta property=\"og:type\" content=\"article\" \/>\n<meta property=\"og:title\" content=\"Plastic Foundation Vent Expandable Air Bent\" \/>\n<meta property=\"og:description\" content=\"The Plastic Foundation Vent is your go-to solution for healthy airflow and moisture control in your crawlspace or basement.\" \/>\n<meta property=\"og:url\" content=\"https:\/\/qingdaohf.com\/et\/toode\/plastist-vundament-ventilatsiooni-laiendatav-ohk-painutatud\/\" \/>\n<meta property=\"og:site_name\" content=\"Concrete Form &amp; Rigging Hardware Supplier\" \/>\n<meta property=\"article:publisher\" content=\"https:\/\/www.facebook.com\/qingdaohf\" \/>\n<meta property=\"article:modified_time\" content=\"2025-11-13T01:03:36+00:00\" \/>\n<meta property=\"og:image\" content=\"https:\/\/qingdaohf.com\/wp-content\/uploads\/2024\/05\/plastic-vent-1.jpg\" \/>\n\t<meta property=\"og:image:width\" content=\"1000\" \/>\n\t<meta property=\"og:image:height\" content=\"1000\" \/>\n\t<meta property=\"og:image:type\" content=\"image\/jpeg\" \/>\n<meta name=\"twitter:card\" content=\"summary_large_image\" \/>\n<meta name=\"twitter:label1\" content=\"Est. reading time\" \/>\n\t<meta name=\"twitter:data1\" content=\"1 minut\" \/>\n<script type=\"application\/ld+json\" class=\"yoast-schema-graph\">{\"@context\":\"https:\/\/schema.org\",\"@graph\":[{\"@type\":\"WebPage\",\"@id\":\"https:\/\/qingdaohf.com\/product\/plastic-foundation-vent-expandable-air-bent\/\",\"url\":\"https:\/\/qingdaohf.com\/product\/plastic-foundation-vent-expandable-air-bent\/\",\"name\":\"Plastic Foundation Vent Expandable Air Bent\",\"isPartOf\":{\"@id\":\"https:\/\/qingdaohf.com\/bg\/#website\"},\"primaryImageOfPage\":{\"@id\":\"https:\/\/qingdaohf.com\/product\/plastic-foundation-vent-expandable-air-bent\/#primaryimage\"},\"image\":{\"@id\":\"https:\/\/qingdaohf.com\/product\/plastic-foundation-vent-expandable-air-bent\/#primaryimage\"},\"thumbnailUrl\":\"https:\/\/qingdaohf.com\/wp-content\/uploads\/2024\/05\/plastic-vent-1.jpg\",\"datePublished\":\"2024-05-09T03:37:00+00:00\",\"dateModified\":\"2025-11-13T01:03:36+00:00\",\"description\":\"The Plastic Foundation Vent is your go-to solution for healthy airflow and moisture control in your crawlspace or basement.\",\"breadcrumb\":{\"@id\":\"https:\/\/qingdaohf.com\/product\/plastic-foundation-vent-expandable-air-bent\/#breadcrumb\"},\"inLanguage\":\"et\",\"potentialAction\":[{\"@type\":\"ReadAction\",\"target\":[\"https:\/\/qingdaohf.com\/product\/plastic-foundation-vent-expandable-air-bent\/\"]}]},{\"@type\":\"ImageObject\",\"inLanguage\":\"et\",\"@id\":\"https:\/\/qingdaohf.com\/product\/plastic-foundation-vent-expandable-air-bent\/#primaryimage\",\"url\":\"https:\/\/qingdaohf.com\/wp-content\/uploads\/2024\/05\/plastic-vent-1.jpg\",\"contentUrl\":\"https:\/\/qingdaohf.com\/wp-content\/uploads\/2024\/05\/plastic-vent-1.jpg\",\"width\":1000,\"height\":1000,\"caption\":\"plastic vent\"},{\"@type\":\"BreadcrumbList\",\"@id\":\"https:\/\/qingdaohf.com\/product\/plastic-foundation-vent-expandable-air-bent\/#breadcrumb\",\"itemListElement\":[{\"@type\":\"ListItem\",\"position\":1,\"name\":\"Home\",\"item\":\"https:\/\/qingdaohf.com\/\"},{\"@type\":\"ListItem\",\"position\":2,\"name\":\"Concrete Forming Accessories and Rigging Hardware\",\"item\":\"https:\/\/qingdaohf.com\/bg\/?page_id=944\"},{\"@type\":\"ListItem\",\"position\":3,\"name\":\"Plastic Foundation Vent Expandable Air Bent\"}]},{\"@type\":\"WebSite\",\"@id\":\"https:\/\/qingdaohf.com\/bg\/#website\",\"url\":\"https:\/\/qingdaohf.com\/bg\/\",\"name\":\"Concrete Form & Rigging Hardware Supplier\",\"description\":\"\",\"publisher\":{\"@id\":\"https:\/\/qingdaohf.com\/bg\/#organization\"},\"potentialAction\":[{\"@type\":\"SearchAction\",\"target\":{\"@type\":\"EntryPoint\",\"urlTemplate\":\"https:\/\/qingdaohf.com\/bg\/?s={search_term_string}\"},\"query-input\":{\"@type\":\"PropertyValueSpecification\",\"valueRequired\":true,\"valueName\":\"search_term_string\"}}],\"inLanguage\":\"et\"},{\"@type\":\"Organization\",\"@id\":\"https:\/\/qingdaohf.com\/bg\/#organization\",\"name\":\"Qingdao H&F\",\"url\":\"https:\/\/qingdaohf.com\/bg\/\",\"logo\":{\"@type\":\"ImageObject\",\"inLanguage\":\"et\",\"@id\":\"https:\/\/qingdaohf.com\/bg\/#\/schema\/logo\/image\/\",\"url\":\"https:\/\/qingdaohf.com\/wp-content\/uploads\/2022\/12\/cropped-HF-LOGO.png\",\"contentUrl\":\"https:\/\/qingdaohf.com\/wp-content\/uploads\/2022\/12\/cropped-HF-LOGO.png\",\"width\":391,\"height\":249,\"caption\":\"Qingdao H&F\"},\"image\":{\"@id\":\"https:\/\/qingdaohf.com\/bg\/#\/schema\/logo\/image\/\"},\"sameAs\":[\"https:\/\/www.facebook.com\/qingdaohf\"]}]}<\/script>\n<!-- \/ Yoast SEO plugin. -->","yoast_head_json":{"title":"Plastic Foundation Vent Expandable Air Bent","description":"The Plastic Foundation Vent is your go-to solution for healthy airflow and moisture control in your crawlspace or basement.","robots":{"index":"index","follow":"follow","max-snippet":"max-snippet:-1","max-image-preview":"max-image-preview:large","max-video-preview":"max-video-preview:-1"},"canonical":"https:\/\/qingdaohf.com\/et\/toode\/plastist-vundament-ventilatsiooni-laiendatav-ohk-painutatud\/","og_locale":"et_EE","og_type":"article","og_title":"Plastic Foundation Vent Expandable Air Bent","og_description":"The Plastic Foundation Vent is your go-to solution for healthy airflow and moisture control in your crawlspace or basement.","og_url":"https:\/\/qingdaohf.com\/et\/toode\/plastist-vundament-ventilatsiooni-laiendatav-ohk-painutatud\/","og_site_name":"Concrete Form &amp; Rigging Hardware Supplier","article_publisher":"https:\/\/www.facebook.com\/qingdaohf","article_modified_time":"2025-11-13T01:03:36+00:00","og_image":[{"width":1000,"height":1000,"url":"https:\/\/qingdaohf.com\/wp-content\/uploads\/2024\/05\/plastic-vent-1.jpg","type":"image\/jpeg"}],"twitter_card":"summary_large_image","twitter_misc":{"Est. reading time":"1 minut"},"schema":{"@context":"https:\/\/schema.org","@graph":[{"@type":"WebPage","@id":"https:\/\/qingdaohf.com\/product\/plastic-foundation-vent-expandable-air-bent\/","url":"https:\/\/qingdaohf.com\/product\/plastic-foundation-vent-expandable-air-bent\/","name":"Plastic Foundation Vent Expandable Air Bent","isPartOf":{"@id":"https:\/\/qingdaohf.com\/bg\/#website"},"primaryImageOfPage":{"@id":"https:\/\/qingdaohf.com\/product\/plastic-foundation-vent-expandable-air-bent\/#primaryimage"},"image":{"@id":"https:\/\/qingdaohf.com\/product\/plastic-foundation-vent-expandable-air-bent\/#primaryimage"},"thumbnailUrl":"https:\/\/qingdaohf.com\/wp-content\/uploads\/2024\/05\/plastic-vent-1.jpg","datePublished":"2024-05-09T03:37:00+00:00","dateModified":"2025-11-13T01:03:36+00:00","description":"The Plastic Foundation Vent is your go-to solution for healthy airflow and moisture control in your crawlspace or basement.","breadcrumb":{"@id":"https:\/\/qingdaohf.com\/product\/plastic-foundation-vent-expandable-air-bent\/#breadcrumb"},"inLanguage":"et","potentialAction":[{"@type":"ReadAction","target":["https:\/\/qingdaohf.com\/product\/plastic-foundation-vent-expandable-air-bent\/"]}]},{"@type":"ImageObject","inLanguage":"et","@id":"https:\/\/qingdaohf.com\/product\/plastic-foundation-vent-expandable-air-bent\/#primaryimage","url":"https:\/\/qingdaohf.com\/wp-content\/uploads\/2024\/05\/plastic-vent-1.jpg","contentUrl":"https:\/\/qingdaohf.com\/wp-content\/uploads\/2024\/05\/plastic-vent-1.jpg","width":1000,"height":1000,"caption":"plastic vent"},{"@type":"BreadcrumbList","@id":"https:\/\/qingdaohf.com\/product\/plastic-foundation-vent-expandable-air-bent\/#breadcrumb","itemListElement":[{"@type":"ListItem","position":1,"name":"Home","item":"https:\/\/qingdaohf.com\/"},{"@type":"ListItem","position":2,"name":"Concrete Forming Accessories and Rigging Hardware","item":"https:\/\/qingdaohf.com\/bg\/?page_id=944"},{"@type":"ListItem","position":3,"name":"Plastic Foundation Vent Expandable Air Bent"}]},{"@type":"WebSite","@id":"https:\/\/qingdaohf.com\/bg\/#website","url":"https:\/\/qingdaohf.com\/bg\/","name":"Concrete Form & Rigging Hardware Supplier","description":"","publisher":{"@id":"https:\/\/qingdaohf.com\/bg\/#organization"},"potentialAction":[{"@type":"SearchAction","target":{"@type":"EntryPoint","urlTemplate":"https:\/\/qingdaohf.com\/bg\/?s={search_term_string}"},"query-input":{"@type":"PropertyValueSpecification","valueRequired":true,"valueName":"search_term_string"}}],"inLanguage":"et"},{"@type":"Organization","@id":"https:\/\/qingdaohf.com\/bg\/#organization","name":"Qingdao H&F","url":"https:\/\/qingdaohf.com\/bg\/","logo":{"@type":"ImageObject","inLanguage":"et","@id":"https:\/\/qingdaohf.com\/bg\/#\/schema\/logo\/image\/","url":"https:\/\/qingdaohf.com\/wp-content\/uploads\/2022\/12\/cropped-HF-LOGO.png","contentUrl":"https:\/\/qingdaohf.com\/wp-content\/uploads\/2022\/12\/cropped-HF-LOGO.png","width":391,"height":249,"caption":"Qingdao H&F"},"image":{"@id":"https:\/\/qingdaohf.com\/bg\/#\/schema\/logo\/image\/"},"sameAs":["https:\/\/www.facebook.com\/qingdaohf"]}]}},"_links":{"self":[{"href":"https:\/\/qingdaohf.com\/et\/wp-json\/wp\/v2\/product\/7015","targetHints":{"allow":["GET"]}}],"collection":[{"href":"https:\/\/qingdaohf.com\/et\/wp-json\/wp\/v2\/product"}],"about":[{"href":"https:\/\/qingdaohf.com\/et\/wp-json\/wp\/v2\/types\/product"}],"replies":[{"embeddable":true,"href":"https:\/\/qingdaohf.com\/et\/wp-json\/wp\/v2\/comments?post=7015"}],"version-history":[{"count":1,"href":"https:\/\/qingdaohf.com\/et\/wp-json\/wp\/v2\/product\/7015\/revisions"}],"predecessor-version":[{"id":7022,"href":"https:\/\/qingdaohf.com\/et\/wp-json\/wp\/v2\/product\/7015\/revisions\/7022"}],"wp:featuredmedia":[{"embeddable":true,"href":"https:\/\/qingdaohf.com\/et\/wp-json\/wp\/v2\/media\/7016"}],"wp:attachment":[{"href":"https:\/\/qingdaohf.com\/et\/wp-json\/wp\/v2\/media?parent=7015"}],"wp:term":[{"taxonomy":"product_brand","embeddable":true,"href":"https:\/\/qingdaohf.com\/et\/wp-json\/wp\/v2\/product_brand?post=7015"},{"taxonomy":"product_cat","embeddable":true,"href":"https:\/\/qingdaohf.com\/et\/wp-json\/wp\/v2\/product_cat?post=7015"},{"taxonomy":"product_tag","embeddable":true,"href":"https:\/\/qingdaohf.com\/et\/wp-json\/wp\/v2\/product_tag?post=7015"}],"curies":[{"name":"wp","href":"https:\/\/api.w.org\/{rel}","templated":true}]}}