{"id":7163,"date":"2024-05-20T13:42:36","date_gmt":"2024-05-20T05:42:36","guid":{"rendered":"http:\/\/qingdaohf.com\/?post_type=product&#038;p=7163"},"modified":"2025-11-13T09:03:16","modified_gmt":"2025-11-13T01:03:16","slug":"aluminum-form-wall-ties","status":"publish","type":"product","link":"https:\/\/qingdaohf.com\/et\/toode\/alumiiniumvormi-seina-sidemed\/","title":{"rendered":"Alumiiniumvormi seinakinnitused"},"content":{"rendered":"<p>Alumiiniumvormi sidemetel on oluline roll betoonvormi ehituses, eriti kui t\u00e4psus ja vastupidavus on esmat\u00e4htsad. Need sidemed hoiavad betooni valamise ajal kinni, tagades, et vormid s\u00e4ilitavad oma etten\u00e4htud kuju ja joonduse. Selle tulemusena aitavad need tagada betoonseinte ja -kolonnide struktuurilise terviklikkuse ja \u00fchtluse. Vormsid v\u00f5ivad olla erinevatest materjalidest, kuid alumiinium paistab silma oma tugevuse, kerge kaalu ja korrosioonikindluse kombinatsiooni t\u00f5ttu. Qingdao H&amp;F pakub k\u00f5rgekvaliteedilisi alumiiniumist kinnitusrihve, mis on kohandatud ehitust\u00f6\u00f6stuse vajadustele, tagades teie projektide t\u00f5husa ja turvalise teostamise.<\/p>\n<h3><strong>Miks alumiiniumist vormi sidemete jaoks?<\/strong><\/h3>\n<p>Alumiiniumi kasutamine lipsudes on kasvanud t\u00e4nu selle ainulaadsetele omadustele, mis muudavad selle h\u00e4sti sobivaks n\u00f5udlikesse ehituskeskkondadesse. Alumiinium on kerge, kuid samas tugev, mist\u00f5ttu on seda lihtne kohapeal k\u00e4sitseda, ilma et see kahjustaks j\u00f5udlust. See on eriti kasulik siis, kui on vaja suuri koguseid sidemeid v\u00f5i kui t\u00f6\u00f6tajad peavad toime tulema suure t\u00f6\u00f6koormusega. Erinevalt teistest materjalidest, n\u00e4iteks terasest, v\u00e4hendab alumiiniumi kergus koormust k\u00e4itlemise ja paigaldamise ajal.<\/p>\n<p>Korrosioonikindlus on veel \u00fcks oluline eelis. Vormsid puutuvad kokku niiskuse ja erinevate kemikaalidega betoonisegus. Alumiinium on looduslikult vastupidav roostele ja muudele korrosioonivormidele, mis pikendab sidemete kasutusiga ja v\u00e4hendab vajadust nende sagedase v\u00e4ljavahetamise j\u00e4rele. Selline vastupidavus t\u00e4hendab ettev\u00f5tete jaoks pikaajalist kulude kokkuhoidu, eriti suuremahuliste projektide puhul, kus seisakute ja hoolduse v\u00e4hendamine on v\u00e4ga oluline.<\/p>\n<h3><strong>T\u00f5husus ja kuluefektiivsus ehituses<\/strong><\/h3>\n<p>T\u00f5husus on edukate ehitusprojektide nurgakivi ja vormimissidemed aitavad kaasa selle eesm\u00e4rgi saavutamisele, tagades, et \u0161abloonid j\u00e4\u00e4vad paika, v\u00e4ltides kulukaid vigu. Halvasti joondatud v\u00f5i n\u00f5rgalt hoitud \u0161abloon v\u00f5ib p\u00f5hjustada struktuuriprobleeme betoonis, mille tulemuseks on viivitused, materjalide raiskamine ja potentsiaalselt ohtlikud tulemused. Alumiiniumist lipsud ei taga mitte ainult turvalist \u0161ali, vaid lihtsustavad ka paigaldus- ja demonteerimisprotsesse.<\/p>\n<p>Kuna alumiiniumist vormikohad on korduvkasutatavad, pakuvad need aja jooksul m\u00e4rkimisv\u00e4\u00e4rset kulude kokkuhoidu. Ehitajad seisavad sageli silmitsi dilemmaga, kuidas tasakaalustada l\u00fchiajalisi kulusid ja pikaajalist kasu, ning investeerimine vastupidavatesse, korduvkasutatavatesse lipsudesse v\u00f5ib v\u00e4hendada vajadust sagedase v\u00e4ljavahetamise j\u00e4rele ja v\u00e4hendada projekti \u00fcldkulusid. Kuna alumiiniumist sidemed on kergemad ja neid on lihtsam transportida, v\u00e4hendavad need ka logistikakulusid ja muudavad kohapealseid toiminguid t\u00f5husamaks.<\/p>\n<div class=\"ast-oembed-container\" style=\"height: 100%;\"><iframe title=\"Betooni vormimise tarvikud K\u00f5ver kiil ja sirge kiil\" width=\"500\" height=\"281\" src=\"https:\/\/www.youtube.com\/embed\/_He4pUDjl1U?feature=oembed\" frameborder=\"0\" allow=\"accelerometer; autoplay; clipboard-write; encrypted-media; gyroscope; picture-in-picture; web-share\" referrerpolicy=\"strict-origin-when-cross-origin\" allowfullscreen><\/iframe><\/div>\n<h3><strong>J\u00e4tkusuutlikkus ja keskkonnam\u00f5ju<\/strong><\/h3>\n<p>Kaasaegses ehitust\u00f6\u00f6stuses on j\u00e4tkusuutlikkus \u00fcha olulisem ja alumiiniumist vormide sidemed on koosk\u00f5las keskkonnas\u00f5bralike tavadega. Alumiinium on v\u00e4ga h\u00e4sti taaskasutatav ja paljud alumiiniumtooted on valmistatud ringlussev\u00f5etud materjalidest. See v\u00e4hendab n\u00f5udlust uute toorainete j\u00e4rele ja minimeerib keskkonnam\u00f5ju. Eluts\u00fckli l\u00f5pus saab alumiiniumvormi sidemeid sisse sulatada ja taaskasutada, ilma et need kaotaksid oma olemuslikke omadusi, mist\u00f5ttu on need j\u00e4tkusuutlik valik ehitusprofessionaalidele, kes keskenduvad oma s\u00fcsiniku jalaj\u00e4lje v\u00e4hendamisele.<\/p>\n<p>Lisaks sellele v\u00e4hendab vastupidavate, korduvkasutatavate materjalide, nagu alumiinium, kasutamine kohapeal tekkivaid j\u00e4\u00e4tmeid. T\u00f6\u00f6v\u00f5tjad saavad alumiiniumvormi sidemete korduvkasutada mitme projekti raames, v\u00e4hendades m\u00e4rkimisv\u00e4\u00e4rselt \u00e4ra visatud materjalide hulka, mis muidu satuksid pr\u00fcgilatesse. See aitab ehitusettev\u00f5tetel saavutada \u00fclemaailmseid j\u00e4tkusuutlikkuse eesm\u00e4rke ja k\u00f5netada kliente, kes seavad keskkonnateadlikke tavasid esikohale.<\/p>\n<h3><strong>Qingdao H&amp;F p\u00fchendumine kvaliteedile ja teenindusele<\/strong><\/h3>\n<p>Qingdao H&amp;F m\u00f5istab, et ehitusspetsialistid vajavad oma projektide \u00f5igeaegseks ja eelarve piires l\u00f5petamiseks usaldusv\u00e4\u00e4rseid materjale ja erakordset teenindust. Meie alumiiniumvormi sidemed on valmistatud rangete kvaliteedikontrollistandardite alusel, mis tagavad j\u00e4rjepideva j\u00f5udluse ja vastupidavuse. Me oleme uhked, et pakume mitte ainult kvaliteetseid tooteid, vaid ka konkurentsiv\u00f5imelist hinda, mis v\u00f5imaldab meie klientidel saada kasu nii taskukohasusest kui ka tipptasemest.<\/p>\n<p>Me m\u00f5istame, et iga projekt on ainulaadne, ja meie meeskond pakub individuaalset klienditeenindust, et tagada teile parimad tooted teie konkreetsete vajaduste jaoks. Alates abi osutamisest \u00f5iget t\u00fc\u00fcpi alumiiniumvormi sidemete valimisel kuni j\u00e4tkuva toetuse pakkumiseni kogu projekti v\u00e4ltel, oleme p\u00fchendunud sellele, et teie ostukogemus oleks sujuv ja t\u00f5hus. Qingdao H&amp;F on 20-aastase ehitust\u00f6\u00f6stuse teenindamise ajalooga saavutanud usaldusv\u00e4\u00e4rsuse, usaldusv\u00e4\u00e4rsuse ja kliendirahulolu maine.<\/p>\n<h3><strong>Kokkuv\u00f5te: Miks Qingdao H&amp;F alumiiniumvormi sidemed?<\/strong><\/h3>\n<p>\u00d5igete vormimissidemete valimine on oluline teie ehitusprojektide edu tagamiseks ning alumiiniumist vormimissidemed pakuvad tugevuse, vastupidavuse ja kuluefektiivsuse kombinatsiooni, millega vaid v\u00e4hesed teised materjalid suudavad v\u00f5istelda. Qingdao H&amp;F pakub tipptasemel alumiiniumvormi sidemeid, mis vastavad kaasaegse ehituse vajadustele, tagades, et teie projektid kestavad kaua. Keskendudes kvaliteedile, konkurentsiv\u00f5imelistele hindadele ja v\u00f5rratule klienditeenindusele, oleme teie usaldusv\u00e4\u00e4rne partner ehitusalase tipptaseme saavutamisel. \u00dcksk\u00f5ik, kas te t\u00f6\u00f6tate v\u00e4ikesemahulise projekti v\u00f5i suure infrastruktuuri arenduse kallal, meie alumiiniumist vormikohad aitavad teil iga kord saavutada optimaalseid tulemusi.<\/p>","protected":false},"excerpt":{"rendered":"<p><strong>Saavutada t\u00e4psed betoonseina m\u00f5\u00f5tmed ja tagada struktuuriline terviklikkus<\/strong> Alumiiniumvormi seinakinnitustega, mis on alumiiniumist vormimiss\u00fcsteemide oluline komponent. Need sidemed t\u00f6\u00f6tavad koos alumiiniumvormi tihvtide ja alumiiniumvormi kiiludega, et luua tugev ja t\u00f5hus seinakujunduss\u00fcsteem. <strong>Seinapaksuse suurused<\/strong> erinevate betoonseina konstruktsioonide kohandamiseks. Tavalised suurused on j\u00e4rgmised <strong>6\" - 24\"<\/strong>, mis v\u00f5imaldab teil h\u00f5lpsasti ehitada erineva paksusega seinu.<\/p>","protected":false},"featured_media":7168,"comment_status":"open","ping_status":"closed","template":"","meta":{"site-sidebar-layout":"default","site-content-layout":"","ast-site-content-layout":"default","site-content-style":"default","site-sidebar-style":"default","ast-global-header-display":"","ast-banner-title-visibility":"","ast-main-header-display":"","ast-hfb-above-header-display":"","ast-hfb-below-header-display":"","ast-hfb-mobile-header-display":"","site-post-title":"","ast-breadcrumbs-content":"","ast-featured-img":"","footer-sml-layout":"","theme-transparent-header-meta":"default","adv-header-id-meta":"","stick-header-meta":"default","header-above-stick-meta":"","header-main-stick-meta":"","header-below-stick-meta":"","astra-migrate-meta-layouts":"set","ast-page-background-enabled":"default","ast-page-background-meta":{"desktop":{"background-color":"","background-image":"","background-repeat":"repeat","background-position":"center center","background-size":"auto","background-attachment":"scroll","background-type":"","background-media":"","overlay-type":"","overlay-color":"","overlay-opacity":"","overlay-gradient":""},"tablet":{"background-color":"","background-image":"","background-repeat":"repeat","background-position":"center center","background-size":"auto","background-attachment":"scroll","background-type":"","background-media":"","overlay-type":"","overlay-color":"","overlay-opacity":"","overlay-gradient":""},"mobile":{"background-color":"","background-image":"","background-repeat":"repeat","background-position":"center center","background-size":"auto","background-attachment":"scroll","background-type":"","background-media":"","overlay-type":"","overlay-color":"","overlay-opacity":"","overlay-gradient":""}},"ast-content-background-meta":{"desktop":{"background-color":"var(--ast-global-color-5)","background-image":"","background-repeat":"repeat","background-position":"center center","background-size":"auto","background-attachment":"scroll","background-type":"","background-media":"","overlay-type":"","overlay-color":"","overlay-opacity":"","overlay-gradient":""},"tablet":{"background-color":"var(--ast-global-color-5)","background-image":"","background-repeat":"repeat","background-position":"center center","background-size":"auto","background-attachment":"scroll","background-type":"","background-media":"","overlay-type":"","overlay-color":"","overlay-opacity":"","overlay-gradient":""},"mobile":{"background-color":"var(--ast-global-color-5)","background-image":"","background-repeat":"repeat","background-position":"center center","background-size":"auto","background-attachment":"scroll","background-type":"","background-media":"","overlay-type":"","overlay-color":"","overlay-opacity":"","overlay-gradient":""}}},"product_brand":[],"product_cat":[65],"product_tag":[],"class_list":{"0":"post-7163","1":"product","2":"type-product","3":"status-publish","4":"has-post-thumbnail","6":"product_cat-aluminum-form-tie","7":"desktop-align-left","8":"tablet-align-left","9":"mobile-align-left","10":"ast-product-gallery-layout-horizontal-slider","11":"ast-product-tabs-layout-horizontal","13":"first","14":"instock","15":"shipping-taxable","16":"purchasable","17":"product-type-simple"},"yoast_head":"<!-- This site is optimized with the Yoast SEO plugin v25.2 - https:\/\/yoast.com\/wordpress\/plugins\/seo\/ -->\n<title>Aluminum Form Wall Ties<\/title>\n<meta name=\"description\" content=\"Aluminum Form Wall Ties are available in a range of Wall Thickness Sizes to accommodate various concrete wall designs. Common sizes include 6\u201d - 24\u201d.\" \/>\n<meta name=\"robots\" content=\"index, follow, max-snippet:-1, max-image-preview:large, max-video-preview:-1\" \/>\n<link rel=\"canonical\" href=\"https:\/\/qingdaohf.com\/et\/toode\/alumiiniumvormi-seina-sidemed\/\" \/>\n<meta property=\"og:locale\" content=\"et_EE\" \/>\n<meta property=\"og:type\" content=\"article\" \/>\n<meta property=\"og:title\" content=\"Aluminum Form Wall Ties\" \/>\n<meta property=\"og:description\" content=\"Aluminum Form Wall Ties are available in a range of Wall Thickness Sizes to accommodate various concrete wall designs. Common sizes include 6\u201d - 24\u201d.\" \/>\n<meta property=\"og:url\" content=\"https:\/\/qingdaohf.com\/et\/toode\/alumiiniumvormi-seina-sidemed\/\" \/>\n<meta property=\"og:site_name\" content=\"Concrete Form &amp; Rigging Hardware Supplier\" \/>\n<meta property=\"article:publisher\" content=\"https:\/\/www.facebook.com\/qingdaohf\" \/>\n<meta property=\"article:modified_time\" content=\"2025-11-13T01:03:16+00:00\" \/>\n<meta property=\"og:image\" content=\"https:\/\/qingdaohf.com\/wp-content\/uploads\/2024\/05\/Aluminum-Form-Wall-Ties-1.jpg\" \/>\n\t<meta property=\"og:image:width\" content=\"1000\" \/>\n\t<meta property=\"og:image:height\" content=\"1000\" \/>\n\t<meta property=\"og:image:type\" content=\"image\/jpeg\" \/>\n<meta name=\"twitter:card\" content=\"summary_large_image\" \/>\n<meta name=\"twitter:label1\" content=\"Est. reading time\" \/>\n\t<meta name=\"twitter:data1\" content=\"4 minutit\" \/>\n<script type=\"application\/ld+json\" class=\"yoast-schema-graph\">{\"@context\":\"https:\/\/schema.org\",\"@graph\":[{\"@type\":\"WebPage\",\"@id\":\"https:\/\/qingdaohf.com\/product\/aluminum-form-wall-ties\/\",\"url\":\"https:\/\/qingdaohf.com\/product\/aluminum-form-wall-ties\/\",\"name\":\"Aluminum Form Wall Ties\",\"isPartOf\":{\"@id\":\"https:\/\/qingdaohf.com\/bg\/#website\"},\"primaryImageOfPage\":{\"@id\":\"https:\/\/qingdaohf.com\/product\/aluminum-form-wall-ties\/#primaryimage\"},\"image\":{\"@id\":\"https:\/\/qingdaohf.com\/product\/aluminum-form-wall-ties\/#primaryimage\"},\"thumbnailUrl\":\"https:\/\/qingdaohf.com\/wp-content\/uploads\/2024\/05\/Aluminum-Form-Wall-Ties-1.jpg\",\"datePublished\":\"2024-05-20T05:42:36+00:00\",\"dateModified\":\"2025-11-13T01:03:16+00:00\",\"description\":\"Aluminum Form Wall Ties are available in a range of Wall Thickness Sizes to accommodate various concrete wall designs. Common sizes include 6\u201d - 24\u201d.\",\"breadcrumb\":{\"@id\":\"https:\/\/qingdaohf.com\/product\/aluminum-form-wall-ties\/#breadcrumb\"},\"inLanguage\":\"et\",\"potentialAction\":[{\"@type\":\"ReadAction\",\"target\":[\"https:\/\/qingdaohf.com\/product\/aluminum-form-wall-ties\/\"]}]},{\"@type\":\"ImageObject\",\"inLanguage\":\"et\",\"@id\":\"https:\/\/qingdaohf.com\/product\/aluminum-form-wall-ties\/#primaryimage\",\"url\":\"https:\/\/qingdaohf.com\/wp-content\/uploads\/2024\/05\/Aluminum-Form-Wall-Ties-1.jpg\",\"contentUrl\":\"https:\/\/qingdaohf.com\/wp-content\/uploads\/2024\/05\/Aluminum-Form-Wall-Ties-1.jpg\",\"width\":1000,\"height\":1000,\"caption\":\"Aluminum Form Wall Ties\"},{\"@type\":\"BreadcrumbList\",\"@id\":\"https:\/\/qingdaohf.com\/product\/aluminum-form-wall-ties\/#breadcrumb\",\"itemListElement\":[{\"@type\":\"ListItem\",\"position\":1,\"name\":\"Home\",\"item\":\"https:\/\/qingdaohf.com\/\"},{\"@type\":\"ListItem\",\"position\":2,\"name\":\"Concrete Forming Accessories and Rigging Hardware\",\"item\":\"https:\/\/qingdaohf.com\/bg\/?page_id=944\"},{\"@type\":\"ListItem\",\"position\":3,\"name\":\"Aluminum Form Wall Ties\"}]},{\"@type\":\"WebSite\",\"@id\":\"https:\/\/qingdaohf.com\/bg\/#website\",\"url\":\"https:\/\/qingdaohf.com\/bg\/\",\"name\":\"Concrete Form & Rigging Hardware Supplier\",\"description\":\"\",\"publisher\":{\"@id\":\"https:\/\/qingdaohf.com\/bg\/#organization\"},\"potentialAction\":[{\"@type\":\"SearchAction\",\"target\":{\"@type\":\"EntryPoint\",\"urlTemplate\":\"https:\/\/qingdaohf.com\/bg\/?s={search_term_string}\"},\"query-input\":{\"@type\":\"PropertyValueSpecification\",\"valueRequired\":true,\"valueName\":\"search_term_string\"}}],\"inLanguage\":\"et\"},{\"@type\":\"Organization\",\"@id\":\"https:\/\/qingdaohf.com\/bg\/#organization\",\"name\":\"Qingdao H&F\",\"url\":\"https:\/\/qingdaohf.com\/bg\/\",\"logo\":{\"@type\":\"ImageObject\",\"inLanguage\":\"et\",\"@id\":\"https:\/\/qingdaohf.com\/bg\/#\/schema\/logo\/image\/\",\"url\":\"https:\/\/qingdaohf.com\/wp-content\/uploads\/2022\/12\/cropped-HF-LOGO.png\",\"contentUrl\":\"https:\/\/qingdaohf.com\/wp-content\/uploads\/2022\/12\/cropped-HF-LOGO.png\",\"width\":391,\"height\":249,\"caption\":\"Qingdao H&F\"},\"image\":{\"@id\":\"https:\/\/qingdaohf.com\/bg\/#\/schema\/logo\/image\/\"},\"sameAs\":[\"https:\/\/www.facebook.com\/qingdaohf\"]}]}<\/script>\n<!-- \/ Yoast SEO plugin. -->","yoast_head_json":{"title":"Aluminum Form Wall Ties","description":"Aluminum Form Wall Ties are available in a range of Wall Thickness Sizes to accommodate various concrete wall designs. Common sizes include 6\u201d - 24\u201d.","robots":{"index":"index","follow":"follow","max-snippet":"max-snippet:-1","max-image-preview":"max-image-preview:large","max-video-preview":"max-video-preview:-1"},"canonical":"https:\/\/qingdaohf.com\/et\/toode\/alumiiniumvormi-seina-sidemed\/","og_locale":"et_EE","og_type":"article","og_title":"Aluminum Form Wall Ties","og_description":"Aluminum Form Wall Ties are available in a range of Wall Thickness Sizes to accommodate various concrete wall designs. Common sizes include 6\u201d - 24\u201d.","og_url":"https:\/\/qingdaohf.com\/et\/toode\/alumiiniumvormi-seina-sidemed\/","og_site_name":"Concrete Form &amp; Rigging Hardware Supplier","article_publisher":"https:\/\/www.facebook.com\/qingdaohf","article_modified_time":"2025-11-13T01:03:16+00:00","og_image":[{"width":1000,"height":1000,"url":"https:\/\/qingdaohf.com\/wp-content\/uploads\/2024\/05\/Aluminum-Form-Wall-Ties-1.jpg","type":"image\/jpeg"}],"twitter_card":"summary_large_image","twitter_misc":{"Est. reading time":"4 minutit"},"schema":{"@context":"https:\/\/schema.org","@graph":[{"@type":"WebPage","@id":"https:\/\/qingdaohf.com\/product\/aluminum-form-wall-ties\/","url":"https:\/\/qingdaohf.com\/product\/aluminum-form-wall-ties\/","name":"Aluminum Form Wall Ties","isPartOf":{"@id":"https:\/\/qingdaohf.com\/bg\/#website"},"primaryImageOfPage":{"@id":"https:\/\/qingdaohf.com\/product\/aluminum-form-wall-ties\/#primaryimage"},"image":{"@id":"https:\/\/qingdaohf.com\/product\/aluminum-form-wall-ties\/#primaryimage"},"thumbnailUrl":"https:\/\/qingdaohf.com\/wp-content\/uploads\/2024\/05\/Aluminum-Form-Wall-Ties-1.jpg","datePublished":"2024-05-20T05:42:36+00:00","dateModified":"2025-11-13T01:03:16+00:00","description":"Aluminum Form Wall Ties are available in a range of Wall Thickness Sizes to accommodate various concrete wall designs. Common sizes include 6\u201d - 24\u201d.","breadcrumb":{"@id":"https:\/\/qingdaohf.com\/product\/aluminum-form-wall-ties\/#breadcrumb"},"inLanguage":"et","potentialAction":[{"@type":"ReadAction","target":["https:\/\/qingdaohf.com\/product\/aluminum-form-wall-ties\/"]}]},{"@type":"ImageObject","inLanguage":"et","@id":"https:\/\/qingdaohf.com\/product\/aluminum-form-wall-ties\/#primaryimage","url":"https:\/\/qingdaohf.com\/wp-content\/uploads\/2024\/05\/Aluminum-Form-Wall-Ties-1.jpg","contentUrl":"https:\/\/qingdaohf.com\/wp-content\/uploads\/2024\/05\/Aluminum-Form-Wall-Ties-1.jpg","width":1000,"height":1000,"caption":"Aluminum Form Wall Ties"},{"@type":"BreadcrumbList","@id":"https:\/\/qingdaohf.com\/product\/aluminum-form-wall-ties\/#breadcrumb","itemListElement":[{"@type":"ListItem","position":1,"name":"Home","item":"https:\/\/qingdaohf.com\/"},{"@type":"ListItem","position":2,"name":"Concrete Forming Accessories and Rigging Hardware","item":"https:\/\/qingdaohf.com\/bg\/?page_id=944"},{"@type":"ListItem","position":3,"name":"Aluminum Form Wall Ties"}]},{"@type":"WebSite","@id":"https:\/\/qingdaohf.com\/bg\/#website","url":"https:\/\/qingdaohf.com\/bg\/","name":"Concrete Form & Rigging Hardware Supplier","description":"","publisher":{"@id":"https:\/\/qingdaohf.com\/bg\/#organization"},"potentialAction":[{"@type":"SearchAction","target":{"@type":"EntryPoint","urlTemplate":"https:\/\/qingdaohf.com\/bg\/?s={search_term_string}"},"query-input":{"@type":"PropertyValueSpecification","valueRequired":true,"valueName":"search_term_string"}}],"inLanguage":"et"},{"@type":"Organization","@id":"https:\/\/qingdaohf.com\/bg\/#organization","name":"Qingdao H&F","url":"https:\/\/qingdaohf.com\/bg\/","logo":{"@type":"ImageObject","inLanguage":"et","@id":"https:\/\/qingdaohf.com\/bg\/#\/schema\/logo\/image\/","url":"https:\/\/qingdaohf.com\/wp-content\/uploads\/2022\/12\/cropped-HF-LOGO.png","contentUrl":"https:\/\/qingdaohf.com\/wp-content\/uploads\/2022\/12\/cropped-HF-LOGO.png","width":391,"height":249,"caption":"Qingdao H&F"},"image":{"@id":"https:\/\/qingdaohf.com\/bg\/#\/schema\/logo\/image\/"},"sameAs":["https:\/\/www.facebook.com\/qingdaohf"]}]}},"_links":{"self":[{"href":"https:\/\/qingdaohf.com\/et\/wp-json\/wp\/v2\/product\/7163","targetHints":{"allow":["GET"]}}],"collection":[{"href":"https:\/\/qingdaohf.com\/et\/wp-json\/wp\/v2\/product"}],"about":[{"href":"https:\/\/qingdaohf.com\/et\/wp-json\/wp\/v2\/types\/product"}],"replies":[{"embeddable":true,"href":"https:\/\/qingdaohf.com\/et\/wp-json\/wp\/v2\/comments?post=7163"}],"version-history":[{"count":3,"href":"https:\/\/qingdaohf.com\/et\/wp-json\/wp\/v2\/product\/7163\/revisions"}],"predecessor-version":[{"id":8094,"href":"https:\/\/qingdaohf.com\/et\/wp-json\/wp\/v2\/product\/7163\/revisions\/8094"}],"wp:featuredmedia":[{"embeddable":true,"href":"https:\/\/qingdaohf.com\/et\/wp-json\/wp\/v2\/media\/7168"}],"wp:attachment":[{"href":"https:\/\/qingdaohf.com\/et\/wp-json\/wp\/v2\/media?parent=7163"}],"wp:term":[{"taxonomy":"product_brand","embeddable":true,"href":"https:\/\/qingdaohf.com\/et\/wp-json\/wp\/v2\/product_brand?post=7163"},{"taxonomy":"product_cat","embeddable":true,"href":"https:\/\/qingdaohf.com\/et\/wp-json\/wp\/v2\/product_cat?post=7163"},{"taxonomy":"product_tag","embeddable":true,"href":"https:\/\/qingdaohf.com\/et\/wp-json\/wp\/v2\/product_tag?post=7163"}],"curies":[{"name":"wp","href":"https:\/\/api.w.org\/{rel}","templated":true}]}}