{"id":7404,"date":"2024-05-30T17:46:04","date_gmt":"2024-05-30T09:46:04","guid":{"rendered":"http:\/\/qingdaohf.com\/?post_type=product&#038;p=7404"},"modified":"2025-11-13T09:03:15","modified_gmt":"2025-11-13T01:03:15","slug":"swivel-eye-bolt","status":"publish","type":"product","link":"https:\/\/qingdaohf.com\/et\/toode\/pooratav-silmapolt\/","title":{"rendered":"P\u00f6\u00f6ratav silmapolt"},"content":{"rendered":"<p>P\u00f6\u00f6ratav silmapolt on oluline osa t\u00f5stukankrite s\u00fcsteemis, mis on spetsiaalselt loodud pakkuma suurep\u00e4rast tugevust ja paindlikkust paljudes rakendustes. See mitmek\u00fclgne riistvara on oluline sellistes t\u00f6\u00f6stusharudes nagu ehitus, tootmine ja rasketehnika, kus turvalised ja t\u00f5husad t\u00f5stelahendused on esmat\u00e4htsad. P\u00f6\u00f6rdsilmapoldi ainulaadne konstruktsioon, millel on 360-kraadine p\u00f6\u00f6rlemisv\u00f5ime, eristab seda optimaalse joondamise ja koormuse libisemise v\u00f5i juhusliku eraldumise ohu v\u00e4hendamise poolest.<\/p>\n<div class=\"ast-oembed-container\" style=\"height: 100%;\"><iframe title=\"p\u00f6\u00f6ratav silmapolt\" width=\"500\" height=\"375\" src=\"https:\/\/www.youtube.com\/embed\/BUaiE2mg8MQ?feature=oembed\" frameborder=\"0\" allow=\"accelerometer; autoplay; clipboard-write; encrypted-media; gyroscope; picture-in-picture; web-share\" referrerpolicy=\"strict-origin-when-cross-origin\" allowfullscreen><\/iframe><\/div>\n<h4>P\u00f6\u00f6rdsilmapoldi omadused ja eelised<\/h4>\n<p>P\u00f6\u00f6ratav silmapolt on konstrueeritud nii, et see vastab k\u00f5rgeimatele ohutus- ja toimivusn\u00f5uetele. Selle tugev konstruktsioon on valmistatud k\u00f5rgekvaliteedilistest materjalidest, mis tagavad pikaajalise vastupidavuse ja kulumiskindluse. 360-kraadine p\u00f6\u00f6rlemisfunktsioon v\u00f5imaldab t\u00e4ielikku p\u00f6\u00f6rlemist, mis lihtsustab koormate k\u00e4sitsemist erinevate nurkade alt, ilma et oleks vaja t\u00f5steseadet \u00fcmber paigutada.<\/p>\n<p>See funktsioon suurendab m\u00e4rkimisv\u00e4\u00e4rselt t\u00f6\u00f6 t\u00f5husust ning v\u00e4hendab t\u00f5stet\u00f6\u00f6de teostamiseks kuluvat aega ja j\u00f5upingutusi. Lisaks v\u00e4hendab p\u00f6\u00f6rdsilmapoldi konstruktsioon t\u00f5stepunktide koormust ja pinget, mis aitab kaasa nii poldi kui ka selle kasutatava seadme pikemale elueale.<\/p>\n<p>\u00dcks p\u00f6\u00f6rdsilmapoldi eeliseid on selle v\u00f5ime s\u00e4ilitada turvaline \u00fchendus ka raskete koormuste korral. Polt on konstrueeritud nii, et see jaotab kaalu \u00fchtlaselt, v\u00e4hendades vigade ohtu ja tagades suurema ohutuse t\u00f5stet\u00f6\u00f6de ajal. Olenemata sellest, kas seda kasutatakse vertikaalse t\u00f5stmise v\u00f5i nurga all toimuva t\u00f5stmise korral, tagab p\u00f6\u00f6rlev silmapolt j\u00e4rjepideva ja usaldusv\u00e4\u00e4rse t\u00f6\u00f6.<\/p>\n<h4>P\u00f6\u00f6rdsilmapoldi rakendused erinevates t\u00f6\u00f6stusharudes<\/h4>\n<p>Ehitust\u00f6\u00f6stuses on p\u00f6\u00f6rlev silmapolt h\u00e4davajalik raskete konstruktsioonielementide t\u00f5stmiseks ja positsioneerimiseks. Selle 360-kraadine p\u00f6\u00f6rlemisv\u00f5ime v\u00f5imaldab t\u00f6\u00f6tajatel t\u00e4pselt man\u00f6\u00f6verdada talasid, sambaid ja muid elemente, parandades \u00fcldist t\u00f6\u00f6platsi t\u00f5husust ja ohutust. Poldi suur kandev\u00f5ime muudab selle sobivaks suurte ja raskete materjalide k\u00e4itlemiseks, v\u00e4hendades vajadust t\u00e4iendavate t\u00f5steseadmete j\u00e4rele.<\/p>\n<p>Tootmises kasutatakse p\u00f6\u00f6rlevat silmapoldi laialdaselt masinaosade kokkupanekul ja transportimisel. T\u00e4nu paindlikkusele ja tugevusele sobib see ideaalselt mootorite, masinaosade ja muude raskete esemete t\u00f5stmiseks. Tagades turvalise ja reguleeritava t\u00f5stepunkti, aitab p\u00f6\u00f6rlev silmapolt t\u00f5hustada tootmisprotsesse ja v\u00e4hendab tundlike seadmete kahjustamise ohtu.<\/p>\n<p>Ka rasketehnikat\u00f6\u00f6stus saab kasu p\u00f6\u00f6rlevate silmapoltide kasutamisest. Selles sektoris kasutatakse poldid massiivsete komponentide, n\u00e4iteks turbiinide, generaatorite ja t\u00f6\u00f6stuslike masinate t\u00f5stmiseks ja paigutamiseks. Poldi v\u00f5ime p\u00f6\u00f6relda ja joonduda koormuse all tagab, et neid raskeid esemeid saab ohutult ja t\u00f5husalt liigutada, v\u00e4hendades seisakuid ja suurendades tootlikkust.<\/p>\n<h4>Tehnilised andmed ja paigaldusjuhised<\/h4>\n<p>P\u00f6\u00f6ratav silmapolt on saadaval erinevates suurustes ja kandev\u00f5imega, et vastata erinevatele t\u00f5stmisn\u00f5uetele. Oluline on valida sobiv poldi suurus vastavalt koormuse kaalule ja laadile. Polt tuleb paigaldada vastavalt tootja juhistele, et tagada maksimaalne ohutus ja j\u00f5udlus.<\/p>\n<p>P\u00f6\u00f6rdsilmapoldi paigaldamine on lihtne, kuid seda tuleb teha hoolikalt. K\u00f5igepealt veenduge, et polt ja pind, mille k\u00fclge see kinnitatakse, on puhtad ja ilma igasuguse prahita. Sisestage polt eelpuuritud auku ja pingutage see kindlalt, kasutades selleks sobivaid t\u00f6\u00f6riistu. Enne kasutamist on oluline kontrollida, et polt oleks \u00f5igesti joondatud ja saaks vabalt p\u00f6\u00f6relda.<\/p>\n<p>P\u00f6\u00f6rdsilmapoldi korrap\u00e4rane hooldus on vajalik, et tagada selle j\u00e4tkuv toimimine ja ohutus. Kontrollige poldi enne iga kasutamist kulumise, korrosiooni v\u00f5i kahjustuste suhtes. V\u00f5imalike \u00f5nnetuste v\u00e4ltimiseks vahetage polt v\u00f5imalike defektide leidmisel v\u00e4lja.<\/p>\n<p>Kokkuv\u00f5tteks v\u00f5ib \u00f6elda, et p\u00f6\u00f6rlev silmapolt on oluline komponent t\u00f5stekinnituss\u00fcsteemides, mis pakub v\u00f5rratut tugevust, paindlikkust ja ohutust. Selle 360-kraadine p\u00f6\u00f6rlemisv\u00f5ime ja tugev konstruktsioon muudavad selle ideaalseks valikuks eri t\u00f6\u00f6stusharudes, alates ehitusest kuni tootmise ja rasketehnika valdkonnani. Integreerides p\u00f6\u00f6rlev silmapolt oma t\u00f5stet\u00f6\u00f6desse, saate saavutada suurema t\u00f5hususe, ohutuse ja usaldusv\u00e4\u00e4rsuse, tagades oma projektide edu ja pikaajalisuse.<\/p>","protected":false},"excerpt":{"rendered":"<p>P\u00f6\u00f6ratav silmapolt on k\u00f5rgekvaliteediline t\u00f5stevanker, mis on m\u00f5eldud raskete rakenduste jaoks. T\u00e4nu 360-kraadisele p\u00f6\u00f6rlemisfunktsioonile tagab see optimaalse joondamise ja ohutuse erinevate t\u00f5stmis\u00fclesannete puhul. See suure tugevusega polt sobib ideaalselt ehitus-, tootmis- ja t\u00f6\u00f6stuskeskkonda ning pakub usaldusv\u00e4\u00e4rset ja mitmek\u00fclgset t\u00f6\u00f6d. Parandage oma t\u00f5stet\u00f6id p\u00f6\u00f6rleva silmapoldi suurep\u00e4rase vastupidavuse ja kasutusmugavusega.<\/p>","protected":false},"featured_media":7405,"comment_status":"open","ping_status":"closed","template":"","meta":{"site-sidebar-layout":"default","site-content-layout":"","ast-site-content-layout":"default","site-content-style":"default","site-sidebar-style":"default","ast-global-header-display":"","ast-banner-title-visibility":"","ast-main-header-display":"","ast-hfb-above-header-display":"","ast-hfb-below-header-display":"","ast-hfb-mobile-header-display":"","site-post-title":"","ast-breadcrumbs-content":"","ast-featured-img":"","footer-sml-layout":"","theme-transparent-header-meta":"default","adv-header-id-meta":"","stick-header-meta":"default","header-above-stick-meta":"","header-main-stick-meta":"","header-below-stick-meta":"","astra-migrate-meta-layouts":"set","ast-page-background-enabled":"default","ast-page-background-meta":{"desktop":{"background-color":"","background-image":"","background-repeat":"repeat","background-position":"center center","background-size":"auto","background-attachment":"scroll","background-type":"","background-media":"","overlay-type":"","overlay-color":"","overlay-opacity":"","overlay-gradient":""},"tablet":{"background-color":"","background-image":"","background-repeat":"repeat","background-position":"center center","background-size":"auto","background-attachment":"scroll","background-type":"","background-media":"","overlay-type":"","overlay-color":"","overlay-opacity":"","overlay-gradient":""},"mobile":{"background-color":"","background-image":"","background-repeat":"repeat","background-position":"center center","background-size":"auto","background-attachment":"scroll","background-type":"","background-media":"","overlay-type":"","overlay-color":"","overlay-opacity":"","overlay-gradient":""}},"ast-content-background-meta":{"desktop":{"background-color":"var(--ast-global-color-5)","background-image":"","background-repeat":"repeat","background-position":"center center","background-size":"auto","background-attachment":"scroll","background-type":"","background-media":"","overlay-type":"","overlay-color":"","overlay-opacity":"","overlay-gradient":""},"tablet":{"background-color":"var(--ast-global-color-5)","background-image":"","background-repeat":"repeat","background-position":"center center","background-size":"auto","background-attachment":"scroll","background-type":"","background-media":"","overlay-type":"","overlay-color":"","overlay-opacity":"","overlay-gradient":""},"mobile":{"background-color":"var(--ast-global-color-5)","background-image":"","background-repeat":"repeat","background-position":"center center","background-size":"auto","background-attachment":"scroll","background-type":"","background-media":"","overlay-type":"","overlay-color":"","overlay-opacity":"","overlay-gradient":""}}},"product_brand":[],"product_cat":[30],"product_tag":[],"class_list":{"0":"post-7404","1":"product","2":"type-product","3":"status-publish","4":"has-post-thumbnail","6":"product_cat-lifting-anchor","7":"desktop-align-left","8":"tablet-align-left","9":"mobile-align-left","10":"ast-product-gallery-layout-horizontal-slider","11":"ast-product-tabs-layout-horizontal","13":"first","14":"instock","15":"shipping-taxable","16":"purchasable","17":"product-type-simple"},"yoast_head":"<!-- This site is optimized with the Yoast SEO plugin v25.2 - https:\/\/yoast.com\/wordpress\/plugins\/seo\/ -->\n<title>Swivel Eye Bolt<\/title>\n<meta name=\"robots\" content=\"index, follow, max-snippet:-1, max-image-preview:large, max-video-preview:-1\" \/>\n<link rel=\"canonical\" href=\"https:\/\/qingdaohf.com\/et\/toode\/pooratav-silmapolt\/\" \/>\n<meta property=\"og:locale\" content=\"et_EE\" \/>\n<meta property=\"og:type\" content=\"article\" \/>\n<meta property=\"og:title\" content=\"Swivel Eye Bolt\" \/>\n<meta property=\"og:description\" content=\"The Swivel Eye Bolt is a premium lifting anchor solution designed for heavy-duty applications. With a 360-degree swivel feature, it ensures optimal alignment and safety in various lifting tasks. Ideal for construction, manufacturing, and industrial settings, this high-strength bolt provides reliable and versatile performance. Enhance your lifting operations with the Swivel Eye Bolt&#039;s superior durability and ease of use.\" \/>\n<meta property=\"og:url\" content=\"https:\/\/qingdaohf.com\/et\/toode\/pooratav-silmapolt\/\" \/>\n<meta property=\"og:site_name\" content=\"Concrete Form &amp; Rigging Hardware Supplier\" \/>\n<meta property=\"article:publisher\" content=\"https:\/\/www.facebook.com\/qingdaohf\" \/>\n<meta property=\"article:modified_time\" content=\"2025-11-13T01:03:15+00:00\" \/>\n<meta property=\"og:image\" content=\"https:\/\/qingdaohf.com\/wp-content\/uploads\/2024\/05\/swivel-eye-bolt-1-5.webp\" \/>\n\t<meta property=\"og:image:width\" content=\"1222\" \/>\n\t<meta property=\"og:image:height\" content=\"1222\" \/>\n\t<meta property=\"og:image:type\" content=\"image\/webp\" \/>\n<meta name=\"twitter:card\" content=\"summary_large_image\" \/>\n<meta name=\"twitter:label1\" content=\"Est. reading time\" \/>\n\t<meta name=\"twitter:data1\" content=\"4 minutit\" \/>\n<script type=\"application\/ld+json\" class=\"yoast-schema-graph\">{\"@context\":\"https:\/\/schema.org\",\"@graph\":[{\"@type\":\"WebPage\",\"@id\":\"https:\/\/qingdaohf.com\/product\/swivel-eye-bolt\/\",\"url\":\"https:\/\/qingdaohf.com\/product\/swivel-eye-bolt\/\",\"name\":\"Swivel Eye Bolt\",\"isPartOf\":{\"@id\":\"https:\/\/qingdaohf.com\/bg\/#website\"},\"primaryImageOfPage\":{\"@id\":\"https:\/\/qingdaohf.com\/product\/swivel-eye-bolt\/#primaryimage\"},\"image\":{\"@id\":\"https:\/\/qingdaohf.com\/product\/swivel-eye-bolt\/#primaryimage\"},\"thumbnailUrl\":\"https:\/\/qingdaohf.com\/wp-content\/uploads\/2024\/05\/swivel-eye-bolt-1-5.webp\",\"datePublished\":\"2024-05-30T09:46:04+00:00\",\"dateModified\":\"2025-11-13T01:03:15+00:00\",\"breadcrumb\":{\"@id\":\"https:\/\/qingdaohf.com\/product\/swivel-eye-bolt\/#breadcrumb\"},\"inLanguage\":\"et\",\"potentialAction\":[{\"@type\":\"ReadAction\",\"target\":[\"https:\/\/qingdaohf.com\/product\/swivel-eye-bolt\/\"]}]},{\"@type\":\"ImageObject\",\"inLanguage\":\"et\",\"@id\":\"https:\/\/qingdaohf.com\/product\/swivel-eye-bolt\/#primaryimage\",\"url\":\"https:\/\/qingdaohf.com\/wp-content\/uploads\/2024\/05\/swivel-eye-bolt-1-5.webp\",\"contentUrl\":\"https:\/\/qingdaohf.com\/wp-content\/uploads\/2024\/05\/swivel-eye-bolt-1-5.webp\",\"width\":1222,\"height\":1222,\"caption\":\"swivel eye bolt\"},{\"@type\":\"BreadcrumbList\",\"@id\":\"https:\/\/qingdaohf.com\/product\/swivel-eye-bolt\/#breadcrumb\",\"itemListElement\":[{\"@type\":\"ListItem\",\"position\":1,\"name\":\"Home\",\"item\":\"https:\/\/qingdaohf.com\/\"},{\"@type\":\"ListItem\",\"position\":2,\"name\":\"Concrete Forming Accessories and Rigging Hardware\",\"item\":\"https:\/\/qingdaohf.com\/bg\/?page_id=944\"},{\"@type\":\"ListItem\",\"position\":3,\"name\":\"Swivel Eye Bolt\"}]},{\"@type\":\"WebSite\",\"@id\":\"https:\/\/qingdaohf.com\/bg\/#website\",\"url\":\"https:\/\/qingdaohf.com\/bg\/\",\"name\":\"Concrete Form & Rigging Hardware Supplier\",\"description\":\"\",\"publisher\":{\"@id\":\"https:\/\/qingdaohf.com\/bg\/#organization\"},\"potentialAction\":[{\"@type\":\"SearchAction\",\"target\":{\"@type\":\"EntryPoint\",\"urlTemplate\":\"https:\/\/qingdaohf.com\/bg\/?s={search_term_string}\"},\"query-input\":{\"@type\":\"PropertyValueSpecification\",\"valueRequired\":true,\"valueName\":\"search_term_string\"}}],\"inLanguage\":\"et\"},{\"@type\":\"Organization\",\"@id\":\"https:\/\/qingdaohf.com\/bg\/#organization\",\"name\":\"Qingdao H&F\",\"url\":\"https:\/\/qingdaohf.com\/bg\/\",\"logo\":{\"@type\":\"ImageObject\",\"inLanguage\":\"et\",\"@id\":\"https:\/\/qingdaohf.com\/bg\/#\/schema\/logo\/image\/\",\"url\":\"https:\/\/qingdaohf.com\/wp-content\/uploads\/2022\/12\/cropped-HF-LOGO.png\",\"contentUrl\":\"https:\/\/qingdaohf.com\/wp-content\/uploads\/2022\/12\/cropped-HF-LOGO.png\",\"width\":391,\"height\":249,\"caption\":\"Qingdao H&F\"},\"image\":{\"@id\":\"https:\/\/qingdaohf.com\/bg\/#\/schema\/logo\/image\/\"},\"sameAs\":[\"https:\/\/www.facebook.com\/qingdaohf\"]}]}<\/script>\n<!-- \/ Yoast SEO plugin. -->","yoast_head_json":{"title":"Swivel Eye Bolt","robots":{"index":"index","follow":"follow","max-snippet":"max-snippet:-1","max-image-preview":"max-image-preview:large","max-video-preview":"max-video-preview:-1"},"canonical":"https:\/\/qingdaohf.com\/et\/toode\/pooratav-silmapolt\/","og_locale":"et_EE","og_type":"article","og_title":"Swivel Eye Bolt","og_description":"The Swivel Eye Bolt is a premium lifting anchor solution designed for heavy-duty applications. With a 360-degree swivel feature, it ensures optimal alignment and safety in various lifting tasks. Ideal for construction, manufacturing, and industrial settings, this high-strength bolt provides reliable and versatile performance. Enhance your lifting operations with the Swivel Eye Bolt's superior durability and ease of use.","og_url":"https:\/\/qingdaohf.com\/et\/toode\/pooratav-silmapolt\/","og_site_name":"Concrete Form &amp; Rigging Hardware Supplier","article_publisher":"https:\/\/www.facebook.com\/qingdaohf","article_modified_time":"2025-11-13T01:03:15+00:00","og_image":[{"width":1222,"height":1222,"url":"https:\/\/qingdaohf.com\/wp-content\/uploads\/2024\/05\/swivel-eye-bolt-1-5.webp","type":"image\/webp"}],"twitter_card":"summary_large_image","twitter_misc":{"Est. reading time":"4 minutit"},"schema":{"@context":"https:\/\/schema.org","@graph":[{"@type":"WebPage","@id":"https:\/\/qingdaohf.com\/product\/swivel-eye-bolt\/","url":"https:\/\/qingdaohf.com\/product\/swivel-eye-bolt\/","name":"Swivel Eye Bolt","isPartOf":{"@id":"https:\/\/qingdaohf.com\/bg\/#website"},"primaryImageOfPage":{"@id":"https:\/\/qingdaohf.com\/product\/swivel-eye-bolt\/#primaryimage"},"image":{"@id":"https:\/\/qingdaohf.com\/product\/swivel-eye-bolt\/#primaryimage"},"thumbnailUrl":"https:\/\/qingdaohf.com\/wp-content\/uploads\/2024\/05\/swivel-eye-bolt-1-5.webp","datePublished":"2024-05-30T09:46:04+00:00","dateModified":"2025-11-13T01:03:15+00:00","breadcrumb":{"@id":"https:\/\/qingdaohf.com\/product\/swivel-eye-bolt\/#breadcrumb"},"inLanguage":"et","potentialAction":[{"@type":"ReadAction","target":["https:\/\/qingdaohf.com\/product\/swivel-eye-bolt\/"]}]},{"@type":"ImageObject","inLanguage":"et","@id":"https:\/\/qingdaohf.com\/product\/swivel-eye-bolt\/#primaryimage","url":"https:\/\/qingdaohf.com\/wp-content\/uploads\/2024\/05\/swivel-eye-bolt-1-5.webp","contentUrl":"https:\/\/qingdaohf.com\/wp-content\/uploads\/2024\/05\/swivel-eye-bolt-1-5.webp","width":1222,"height":1222,"caption":"swivel eye bolt"},{"@type":"BreadcrumbList","@id":"https:\/\/qingdaohf.com\/product\/swivel-eye-bolt\/#breadcrumb","itemListElement":[{"@type":"ListItem","position":1,"name":"Home","item":"https:\/\/qingdaohf.com\/"},{"@type":"ListItem","position":2,"name":"Concrete Forming Accessories and Rigging Hardware","item":"https:\/\/qingdaohf.com\/bg\/?page_id=944"},{"@type":"ListItem","position":3,"name":"Swivel Eye Bolt"}]},{"@type":"WebSite","@id":"https:\/\/qingdaohf.com\/bg\/#website","url":"https:\/\/qingdaohf.com\/bg\/","name":"Concrete Form & Rigging Hardware Supplier","description":"","publisher":{"@id":"https:\/\/qingdaohf.com\/bg\/#organization"},"potentialAction":[{"@type":"SearchAction","target":{"@type":"EntryPoint","urlTemplate":"https:\/\/qingdaohf.com\/bg\/?s={search_term_string}"},"query-input":{"@type":"PropertyValueSpecification","valueRequired":true,"valueName":"search_term_string"}}],"inLanguage":"et"},{"@type":"Organization","@id":"https:\/\/qingdaohf.com\/bg\/#organization","name":"Qingdao H&F","url":"https:\/\/qingdaohf.com\/bg\/","logo":{"@type":"ImageObject","inLanguage":"et","@id":"https:\/\/qingdaohf.com\/bg\/#\/schema\/logo\/image\/","url":"https:\/\/qingdaohf.com\/wp-content\/uploads\/2022\/12\/cropped-HF-LOGO.png","contentUrl":"https:\/\/qingdaohf.com\/wp-content\/uploads\/2022\/12\/cropped-HF-LOGO.png","width":391,"height":249,"caption":"Qingdao H&F"},"image":{"@id":"https:\/\/qingdaohf.com\/bg\/#\/schema\/logo\/image\/"},"sameAs":["https:\/\/www.facebook.com\/qingdaohf"]}]}},"_links":{"self":[{"href":"https:\/\/qingdaohf.com\/et\/wp-json\/wp\/v2\/product\/7404","targetHints":{"allow":["GET"]}}],"collection":[{"href":"https:\/\/qingdaohf.com\/et\/wp-json\/wp\/v2\/product"}],"about":[{"href":"https:\/\/qingdaohf.com\/et\/wp-json\/wp\/v2\/types\/product"}],"replies":[{"embeddable":true,"href":"https:\/\/qingdaohf.com\/et\/wp-json\/wp\/v2\/comments?post=7404"}],"version-history":[{"count":2,"href":"https:\/\/qingdaohf.com\/et\/wp-json\/wp\/v2\/product\/7404\/revisions"}],"predecessor-version":[{"id":7411,"href":"https:\/\/qingdaohf.com\/et\/wp-json\/wp\/v2\/product\/7404\/revisions\/7411"}],"wp:featuredmedia":[{"embeddable":true,"href":"https:\/\/qingdaohf.com\/et\/wp-json\/wp\/v2\/media\/7405"}],"wp:attachment":[{"href":"https:\/\/qingdaohf.com\/et\/wp-json\/wp\/v2\/media?parent=7404"}],"wp:term":[{"taxonomy":"product_brand","embeddable":true,"href":"https:\/\/qingdaohf.com\/et\/wp-json\/wp\/v2\/product_brand?post=7404"},{"taxonomy":"product_cat","embeddable":true,"href":"https:\/\/qingdaohf.com\/et\/wp-json\/wp\/v2\/product_cat?post=7404"},{"taxonomy":"product_tag","embeddable":true,"href":"https:\/\/qingdaohf.com\/et\/wp-json\/wp\/v2\/product_tag?post=7404"}],"curies":[{"name":"wp","href":"https:\/\/api.w.org\/{rel}","templated":true}]}}