{"id":7473,"date":"2024-06-19T11:36:36","date_gmt":"2024-06-19T03:36:36","guid":{"rendered":"http:\/\/qingdaohf.com\/?post_type=product&#038;p=7473"},"modified":"2025-11-13T09:03:15","modified_gmt":"2025-11-13T01:03:15","slug":"plastic-groud-stake","status":"publish","type":"product","link":"https:\/\/qingdaohf.com\/et\/toode\/plastikust-kruusakarpi\/","title":{"rendered":"Plastikust Groud Stake"},"content":{"rendered":"<h4>Mitmek\u00fclgne ja vastupidav plastist maapealne vaia<\/h4>\n<p>Plastikust maapealne vaia on mitmek\u00fclgne lahendus mitmesuguste v\u00e4litingimustes kasutatavate konstruktsioonide ja seadmete kinnitamiseks. \u00dcksk\u00f5ik, kas p\u00fcstitate telki, kinnitate varikatust v\u00f5i ankurdate v\u00f5rku, see vai pakub usaldusv\u00e4\u00e4rsust ja tugevust, mis on vajalik selleks, et k\u00f5ik oleks paigas. See on valmistatud kvaliteetsest UV-kindlast plastist, mis peab vastu pikaajalisele kokkupuutele p\u00e4ikesevalgusega, ilma et see laguneks, tagades pikaajalise kasutamise.<\/p>\n<p>Selle maapealse vaia \u00fcks silmapaistvamaid omadusi on selle lihtne paigaldamine maa sisse. Terav ots v\u00f5imaldab h\u00f5lpsasti tungida erinevatesse pinnaset\u00fc\u00fcpidesse, samas kui tugev konstruktsioon tagab, et see j\u00e4\u00e4b kindlalt paigale. Erinevalt metallvarrastest, mis v\u00f5ivad roostetada v\u00f5i painduda, s\u00e4ilitab see plastikust maapealne varras oma terviklikkuse, pakkudes usaldusv\u00e4\u00e4rset ankurduslahendust mitmeteks rakendusteks.<\/p>\n<h4>Praktiline disain mitmeks kasutuseks<\/h4>\n<p>Praktilisust silmas pidades on plastikust maapealne vaakum varustatud \u00fche auguga \u00fclaosa l\u00e4hedal, mis v\u00f5imaldab turvalist k\u00f6ie kinnitamist. See funktsioon on eriti kasulik tarpide, varikatuste ja muude esemete kinnitamiseks, mis vajavad stabiilset kinnituspunkti. \u00dclaosa l\u00e4hedal asuv konks lisab t\u00e4iendava kinnitusv\u00f5imaluse, mis annab teile paindlikkuse selle kasutamisel. See l\u00e4bim\u00f5eldud disain tagab, et teie konstruktsioonid j\u00e4\u00e4vad turvaliseks ka tuulistes tingimustes, mist\u00f5ttu on see h\u00e4davajalik t\u00f6\u00f6riist nii \u00f5ues\u00f5pradele kui ka professionaalidele.<\/p>\n<p>Aia- ja maastikuehituses osutub see varras hindamatuks erinevate konstruktsioonide ja dekoratsioonide toetamiseks. T\u00e4nu selle vastupidavusele ja kasutusmugavusele on see aednike lemmik, kes soovivad kinnitada v\u00f5ra, aiav\u00f5rku v\u00f5i isegi dekoratiivseid esemeid. UV-kindel plastik tagab, et see ei muutu aja jooksul hapraks ega lagune, pakkudes hooajast hooajani \u00fchtlast t\u00f6\u00f6d.<\/p>\n<h4>Maapinnal\u00e4hedaste panuste roll ehituses ja v\u00e4listegevuses<\/h4>\n<p>Maakinnitusvahendid, sealhulgas plastist variandid, m\u00e4ngivad olulist rolli nii ehituses kui ka v\u00e4litingimustes. Ehituses kasutatakse neid ajutiste konstruktsioonide, n\u00e4iteks telkide ja varikatuste kinnitamiseks, tagades stabiilse aluse, mis takistab liikumist v\u00f5i kokkuvarisemist. See on eriti oluline olukordades, kus ohutus ja stabiilsus on esmat\u00e4htsad. Paigaldamise ja eemaldamise lihtsus muudab plastist maapealsed vaiad mugavaks valikuks ajutiste rajatiste jaoks, v\u00f5imaldades vajaduse korral kiiret kohandamist.<\/p>\n<p>V\u00e4litingimustes on maapealsed vaiad h\u00e4davajalikud telkimisel, matkamisel ja muudel vaba aja veetmise viisidel. Turvaline telk v\u00f5i varikatus v\u00f5ib teha vahet mugava kogemuse ja katastroofilise kogemuse vahel. Plastikust maapealne vaia pakub meelerahu, teades, et teie varjualune p\u00fcsib kindlalt paigal, olenemata tingimustest. T\u00e4nu oma kergusele on seda lihtne transportida, mis lisab teie varustusele minimaalset kaalu, tagades samas maksimaalse stabiilsuse.<\/p>\n<h4>Vundamendipoltide tutvustamine ja nende t\u00e4htsus ehituses<\/h4>\n<p>Vundamendipoldid on ehitusvaldkonnas olulised komponendid, mis m\u00e4ngivad olulist rolli konstruktsioonide kinnitamisel nende vundamentide k\u00fclge. Need poldid on tavaliselt valmistatud \u00fclitugevast terasest ja neid kasutatakse hoonete, sildade, masinate ja muude raskete konstruktsioonide kinnituseks. Vundamendipoltide peamine eesm\u00e4rk on tagada kindel \u00fchendus konstruktsiooni ja selle vundamendi vahel, tagades stabiilsuse ja vastupidavuse erinevatele j\u00f5ududele, sealhulgas tuule, seismilise aktiivsuse ja muude keskkonnategurite suhtes.<\/p>\n<p>Ehituses paigaldatakse vundamendipoldid betoonvundamentidesse enne betooni k\u00f5venemist, luues tugeva sideme, mis peab vastu olulistele koormustele. Neid on eri suurusi ja t\u00fc\u00fcpe, mis on kavandatud konkreetsete rakenduste ja koormusn\u00f5uete jaoks. Vundamendipoltide \u00f5ige valik ja paigaldamine on iga ehitusprojekti struktuurilise terviklikkuse ja ohutuse seisukohalt \u00fclioluline.<\/p>\n<p>\u00dcks vundamendipoltide peamisi eeliseid on nende v\u00f5ime pakkuda rasketele konstruktsioonidele usaldusv\u00e4\u00e4rset kinnituspunkti. See on eriti oluline t\u00f6\u00f6stuslikes tingimustes, kus masinad ja seadmed peavad t\u00f6\u00f6 ajal p\u00fcsima stabiilsed. Vundamendipoldid takistavad liikumist ja vibratsiooni, mis muidu v\u00f5iks p\u00f5hjustada seadmete talitlush\u00e4ireid v\u00f5i konstruktsiooni kahjustusi. Kinnitades masinad stabiilse vundamendi k\u00fclge, tagavad need poldid t\u00f5rgeteta ja ohutu t\u00f6\u00f6.<\/p>\n<p>Vundamendipoldid m\u00e4ngivad olulist rolli ka sildade ja muude suurte infrastruktuuriprojektide ehitamisel. Nende poltide stabiilsus aitab koormusi \u00fchtlaselt jaotada, v\u00e4hendades \u00fcksikute komponentide koormust ja pikendades konstruktsiooni kasutusiga. Nende v\u00f5ime vastu seista d\u00fcnaamilistele j\u00f5ududele, n\u00e4iteks liikluse v\u00f5i looduslike s\u00fcndmuste poolt tekitatud j\u00f5ududele, teeb need asendamatuks sildade ja sarnaste konstruktsioonide ohutuse ja pikaealisuse tagamisel.<\/p>\n<p>Kokkuv\u00f5ttes on vundamendipoldid kaasaegse ehituse nurgakivi, mis tagab vajaliku stabiilsuse ja turvalisuse paljudele konstruktsioonidele. Nende roll hoonete ja masinate kinnituspunktide kinnitamisel on oluline ehitusprojektide terviklikkuse ja ohutuse s\u00e4ilitamisel, mist\u00f5ttu on need hindamatu t\u00e4htsusega.<\/p>\n<div class=\"ast-oembed-container\" style=\"height: 100%;\"><iframe title=\"Plastikust maapealsed panused\" width=\"500\" height=\"281\" src=\"https:\/\/www.youtube.com\/embed\/XXn9suyaFmM?feature=oembed\" frameborder=\"0\" allow=\"accelerometer; autoplay; clipboard-write; encrypted-media; gyroscope; picture-in-picture; web-share\" referrerpolicy=\"strict-origin-when-cross-origin\" allowfullscreen><\/iframe><\/div>","protected":false},"excerpt":{"rendered":"<p>Plastikust maapealne vaia sobib ideaalselt ankrute, telkide, v\u00f5rkude, tarpide, varikatuste ja aia- v\u00f5i terrassikonstruktsioonide kinnitamiseks. Kvaliteetsest UV-kindlast plastikust valmistatud vastupidav vaia saab h\u00f5lpsasti maasse asetada. Sellel on \u00fclaosa l\u00e4hedal auk k\u00f6ie sidumiseks, mis tagab kindla pidamise erinevate rakenduste puhul.<\/p>","protected":false},"featured_media":7475,"comment_status":"open","ping_status":"closed","template":"","meta":{"site-sidebar-layout":"default","site-content-layout":"","ast-site-content-layout":"default","site-content-style":"default","site-sidebar-style":"default","ast-global-header-display":"","ast-banner-title-visibility":"","ast-main-header-display":"","ast-hfb-above-header-display":"","ast-hfb-below-header-display":"","ast-hfb-mobile-header-display":"","site-post-title":"","ast-breadcrumbs-content":"","ast-featured-img":"","footer-sml-layout":"","theme-transparent-header-meta":"default","adv-header-id-meta":"","stick-header-meta":"default","header-above-stick-meta":"","header-main-stick-meta":"","header-below-stick-meta":"","astra-migrate-meta-layouts":"set","ast-page-background-enabled":"default","ast-page-background-meta":{"desktop":{"background-color":"","background-image":"","background-repeat":"repeat","background-position":"center center","background-size":"auto","background-attachment":"scroll","background-type":"","background-media":"","overlay-type":"","overlay-color":"","overlay-opacity":"","overlay-gradient":""},"tablet":{"background-color":"","background-image":"","background-repeat":"repeat","background-position":"center center","background-size":"auto","background-attachment":"scroll","background-type":"","background-media":"","overlay-type":"","overlay-color":"","overlay-opacity":"","overlay-gradient":""},"mobile":{"background-color":"","background-image":"","background-repeat":"repeat","background-position":"center center","background-size":"auto","background-attachment":"scroll","background-type":"","background-media":"","overlay-type":"","overlay-color":"","overlay-opacity":"","overlay-gradient":""}},"ast-content-background-meta":{"desktop":{"background-color":"var(--ast-global-color-5)","background-image":"","background-repeat":"repeat","background-position":"center center","background-size":"auto","background-attachment":"scroll","background-type":"","background-media":"","overlay-type":"","overlay-color":"","overlay-opacity":"","overlay-gradient":""},"tablet":{"background-color":"var(--ast-global-color-5)","background-image":"","background-repeat":"repeat","background-position":"center center","background-size":"auto","background-attachment":"scroll","background-type":"","background-media":"","overlay-type":"","overlay-color":"","overlay-opacity":"","overlay-gradient":""},"mobile":{"background-color":"var(--ast-global-color-5)","background-image":"","background-repeat":"repeat","background-position":"center center","background-size":"auto","background-attachment":"scroll","background-type":"","background-media":"","overlay-type":"","overlay-color":"","overlay-opacity":"","overlay-gradient":""}}},"product_brand":[],"product_cat":[75],"product_tag":[],"class_list":{"0":"post-7473","1":"product","2":"type-product","3":"status-publish","4":"has-post-thumbnail","6":"product_cat-plastic-and-rubber-product","7":"desktop-align-left","8":"tablet-align-left","9":"mobile-align-left","10":"ast-product-gallery-layout-horizontal-slider","11":"ast-product-tabs-layout-horizontal","13":"first","14":"instock","15":"shipping-taxable","16":"purchasable","17":"product-type-simple"},"yoast_head":"<!-- This site is optimized with the Yoast SEO plugin v25.2 - https:\/\/yoast.com\/wordpress\/plugins\/seo\/ -->\n<title>Plastic Groud Stake<\/title>\n<meta name=\"description\" content=\"The plastic ground stake is perfect for securing anchors, tents, nets, tarps, canopies, and garden or patio structures.\" \/>\n<meta name=\"robots\" content=\"index, follow, max-snippet:-1, max-image-preview:large, max-video-preview:-1\" \/>\n<link rel=\"canonical\" href=\"https:\/\/qingdaohf.com\/et\/toode\/plastikust-kruusakarpi\/\" \/>\n<meta property=\"og:locale\" content=\"et_EE\" \/>\n<meta property=\"og:type\" content=\"article\" \/>\n<meta property=\"og:title\" content=\"Plastic Groud Stake\" \/>\n<meta property=\"og:description\" content=\"The plastic ground stake is perfect for securing anchors, tents, nets, tarps, canopies, and garden or patio structures.\" \/>\n<meta property=\"og:url\" content=\"https:\/\/qingdaohf.com\/et\/toode\/plastikust-kruusakarpi\/\" \/>\n<meta property=\"og:site_name\" content=\"Concrete Form &amp; Rigging Hardware Supplier\" \/>\n<meta property=\"article:publisher\" content=\"https:\/\/www.facebook.com\/qingdaohf\" \/>\n<meta property=\"article:modified_time\" content=\"2025-11-13T01:03:15+00:00\" \/>\n<meta property=\"og:image\" content=\"https:\/\/qingdaohf.com\/wp-content\/uploads\/2024\/06\/plastic-groud-stake-1.webp\" \/>\n\t<meta property=\"og:image:width\" content=\"1000\" \/>\n\t<meta property=\"og:image:height\" content=\"1000\" \/>\n\t<meta property=\"og:image:type\" content=\"image\/webp\" \/>\n<meta name=\"twitter:card\" content=\"summary_large_image\" \/>\n<meta name=\"twitter:label1\" content=\"Est. reading time\" \/>\n\t<meta name=\"twitter:data1\" content=\"4 minutit\" \/>\n<script type=\"application\/ld+json\" class=\"yoast-schema-graph\">{\"@context\":\"https:\/\/schema.org\",\"@graph\":[{\"@type\":\"WebPage\",\"@id\":\"https:\/\/qingdaohf.com\/product\/plastic-groud-stake\/\",\"url\":\"https:\/\/qingdaohf.com\/product\/plastic-groud-stake\/\",\"name\":\"Plastic Groud Stake\",\"isPartOf\":{\"@id\":\"https:\/\/qingdaohf.com\/bg\/#website\"},\"primaryImageOfPage\":{\"@id\":\"https:\/\/qingdaohf.com\/product\/plastic-groud-stake\/#primaryimage\"},\"image\":{\"@id\":\"https:\/\/qingdaohf.com\/product\/plastic-groud-stake\/#primaryimage\"},\"thumbnailUrl\":\"https:\/\/qingdaohf.com\/wp-content\/uploads\/2024\/06\/plastic-groud-stake-1.webp\",\"datePublished\":\"2024-06-19T03:36:36+00:00\",\"dateModified\":\"2025-11-13T01:03:15+00:00\",\"description\":\"The plastic ground stake is perfect for securing anchors, tents, nets, tarps, canopies, and garden or patio structures.\",\"breadcrumb\":{\"@id\":\"https:\/\/qingdaohf.com\/product\/plastic-groud-stake\/#breadcrumb\"},\"inLanguage\":\"et\",\"potentialAction\":[{\"@type\":\"ReadAction\",\"target\":[\"https:\/\/qingdaohf.com\/product\/plastic-groud-stake\/\"]}]},{\"@type\":\"ImageObject\",\"inLanguage\":\"et\",\"@id\":\"https:\/\/qingdaohf.com\/product\/plastic-groud-stake\/#primaryimage\",\"url\":\"https:\/\/qingdaohf.com\/wp-content\/uploads\/2024\/06\/plastic-groud-stake-1.webp\",\"contentUrl\":\"https:\/\/qingdaohf.com\/wp-content\/uploads\/2024\/06\/plastic-groud-stake-1.webp\",\"width\":1000,\"height\":1000,\"caption\":\"plastic groud stake\"},{\"@type\":\"BreadcrumbList\",\"@id\":\"https:\/\/qingdaohf.com\/product\/plastic-groud-stake\/#breadcrumb\",\"itemListElement\":[{\"@type\":\"ListItem\",\"position\":1,\"name\":\"Home\",\"item\":\"https:\/\/qingdaohf.com\/\"},{\"@type\":\"ListItem\",\"position\":2,\"name\":\"Concrete Forming Accessories and Rigging Hardware\",\"item\":\"https:\/\/qingdaohf.com\/bg\/?page_id=944\"},{\"@type\":\"ListItem\",\"position\":3,\"name\":\"Plastic Groud Stake\"}]},{\"@type\":\"WebSite\",\"@id\":\"https:\/\/qingdaohf.com\/bg\/#website\",\"url\":\"https:\/\/qingdaohf.com\/bg\/\",\"name\":\"Concrete Form & Rigging Hardware Supplier\",\"description\":\"\",\"publisher\":{\"@id\":\"https:\/\/qingdaohf.com\/bg\/#organization\"},\"potentialAction\":[{\"@type\":\"SearchAction\",\"target\":{\"@type\":\"EntryPoint\",\"urlTemplate\":\"https:\/\/qingdaohf.com\/bg\/?s={search_term_string}\"},\"query-input\":{\"@type\":\"PropertyValueSpecification\",\"valueRequired\":true,\"valueName\":\"search_term_string\"}}],\"inLanguage\":\"et\"},{\"@type\":\"Organization\",\"@id\":\"https:\/\/qingdaohf.com\/bg\/#organization\",\"name\":\"Qingdao H&F\",\"url\":\"https:\/\/qingdaohf.com\/bg\/\",\"logo\":{\"@type\":\"ImageObject\",\"inLanguage\":\"et\",\"@id\":\"https:\/\/qingdaohf.com\/bg\/#\/schema\/logo\/image\/\",\"url\":\"https:\/\/qingdaohf.com\/wp-content\/uploads\/2022\/12\/cropped-HF-LOGO.png\",\"contentUrl\":\"https:\/\/qingdaohf.com\/wp-content\/uploads\/2022\/12\/cropped-HF-LOGO.png\",\"width\":391,\"height\":249,\"caption\":\"Qingdao H&F\"},\"image\":{\"@id\":\"https:\/\/qingdaohf.com\/bg\/#\/schema\/logo\/image\/\"},\"sameAs\":[\"https:\/\/www.facebook.com\/qingdaohf\"]}]}<\/script>\n<!-- \/ Yoast SEO plugin. -->","yoast_head_json":{"title":"Plastic Groud Stake","description":"The plastic ground stake is perfect for securing anchors, tents, nets, tarps, canopies, and garden or patio structures.","robots":{"index":"index","follow":"follow","max-snippet":"max-snippet:-1","max-image-preview":"max-image-preview:large","max-video-preview":"max-video-preview:-1"},"canonical":"https:\/\/qingdaohf.com\/et\/toode\/plastikust-kruusakarpi\/","og_locale":"et_EE","og_type":"article","og_title":"Plastic Groud Stake","og_description":"The plastic ground stake is perfect for securing anchors, tents, nets, tarps, canopies, and garden or patio structures.","og_url":"https:\/\/qingdaohf.com\/et\/toode\/plastikust-kruusakarpi\/","og_site_name":"Concrete Form &amp; Rigging Hardware Supplier","article_publisher":"https:\/\/www.facebook.com\/qingdaohf","article_modified_time":"2025-11-13T01:03:15+00:00","og_image":[{"width":1000,"height":1000,"url":"https:\/\/qingdaohf.com\/wp-content\/uploads\/2024\/06\/plastic-groud-stake-1.webp","type":"image\/webp"}],"twitter_card":"summary_large_image","twitter_misc":{"Est. reading time":"4 minutit"},"schema":{"@context":"https:\/\/schema.org","@graph":[{"@type":"WebPage","@id":"https:\/\/qingdaohf.com\/product\/plastic-groud-stake\/","url":"https:\/\/qingdaohf.com\/product\/plastic-groud-stake\/","name":"Plastic Groud Stake","isPartOf":{"@id":"https:\/\/qingdaohf.com\/bg\/#website"},"primaryImageOfPage":{"@id":"https:\/\/qingdaohf.com\/product\/plastic-groud-stake\/#primaryimage"},"image":{"@id":"https:\/\/qingdaohf.com\/product\/plastic-groud-stake\/#primaryimage"},"thumbnailUrl":"https:\/\/qingdaohf.com\/wp-content\/uploads\/2024\/06\/plastic-groud-stake-1.webp","datePublished":"2024-06-19T03:36:36+00:00","dateModified":"2025-11-13T01:03:15+00:00","description":"The plastic ground stake is perfect for securing anchors, tents, nets, tarps, canopies, and garden or patio structures.","breadcrumb":{"@id":"https:\/\/qingdaohf.com\/product\/plastic-groud-stake\/#breadcrumb"},"inLanguage":"et","potentialAction":[{"@type":"ReadAction","target":["https:\/\/qingdaohf.com\/product\/plastic-groud-stake\/"]}]},{"@type":"ImageObject","inLanguage":"et","@id":"https:\/\/qingdaohf.com\/product\/plastic-groud-stake\/#primaryimage","url":"https:\/\/qingdaohf.com\/wp-content\/uploads\/2024\/06\/plastic-groud-stake-1.webp","contentUrl":"https:\/\/qingdaohf.com\/wp-content\/uploads\/2024\/06\/plastic-groud-stake-1.webp","width":1000,"height":1000,"caption":"plastic groud stake"},{"@type":"BreadcrumbList","@id":"https:\/\/qingdaohf.com\/product\/plastic-groud-stake\/#breadcrumb","itemListElement":[{"@type":"ListItem","position":1,"name":"Home","item":"https:\/\/qingdaohf.com\/"},{"@type":"ListItem","position":2,"name":"Concrete Forming Accessories and Rigging Hardware","item":"https:\/\/qingdaohf.com\/bg\/?page_id=944"},{"@type":"ListItem","position":3,"name":"Plastic Groud Stake"}]},{"@type":"WebSite","@id":"https:\/\/qingdaohf.com\/bg\/#website","url":"https:\/\/qingdaohf.com\/bg\/","name":"Concrete Form & Rigging Hardware Supplier","description":"","publisher":{"@id":"https:\/\/qingdaohf.com\/bg\/#organization"},"potentialAction":[{"@type":"SearchAction","target":{"@type":"EntryPoint","urlTemplate":"https:\/\/qingdaohf.com\/bg\/?s={search_term_string}"},"query-input":{"@type":"PropertyValueSpecification","valueRequired":true,"valueName":"search_term_string"}}],"inLanguage":"et"},{"@type":"Organization","@id":"https:\/\/qingdaohf.com\/bg\/#organization","name":"Qingdao H&F","url":"https:\/\/qingdaohf.com\/bg\/","logo":{"@type":"ImageObject","inLanguage":"et","@id":"https:\/\/qingdaohf.com\/bg\/#\/schema\/logo\/image\/","url":"https:\/\/qingdaohf.com\/wp-content\/uploads\/2022\/12\/cropped-HF-LOGO.png","contentUrl":"https:\/\/qingdaohf.com\/wp-content\/uploads\/2022\/12\/cropped-HF-LOGO.png","width":391,"height":249,"caption":"Qingdao H&F"},"image":{"@id":"https:\/\/qingdaohf.com\/bg\/#\/schema\/logo\/image\/"},"sameAs":["https:\/\/www.facebook.com\/qingdaohf"]}]}},"_links":{"self":[{"href":"https:\/\/qingdaohf.com\/et\/wp-json\/wp\/v2\/product\/7473","targetHints":{"allow":["GET"]}}],"collection":[{"href":"https:\/\/qingdaohf.com\/et\/wp-json\/wp\/v2\/product"}],"about":[{"href":"https:\/\/qingdaohf.com\/et\/wp-json\/wp\/v2\/types\/product"}],"replies":[{"embeddable":true,"href":"https:\/\/qingdaohf.com\/et\/wp-json\/wp\/v2\/comments?post=7473"}],"version-history":[{"count":2,"href":"https:\/\/qingdaohf.com\/et\/wp-json\/wp\/v2\/product\/7473\/revisions"}],"predecessor-version":[{"id":7479,"href":"https:\/\/qingdaohf.com\/et\/wp-json\/wp\/v2\/product\/7473\/revisions\/7479"}],"wp:featuredmedia":[{"embeddable":true,"href":"https:\/\/qingdaohf.com\/et\/wp-json\/wp\/v2\/media\/7475"}],"wp:attachment":[{"href":"https:\/\/qingdaohf.com\/et\/wp-json\/wp\/v2\/media?parent=7473"}],"wp:term":[{"taxonomy":"product_brand","embeddable":true,"href":"https:\/\/qingdaohf.com\/et\/wp-json\/wp\/v2\/product_brand?post=7473"},{"taxonomy":"product_cat","embeddable":true,"href":"https:\/\/qingdaohf.com\/et\/wp-json\/wp\/v2\/product_cat?post=7473"},{"taxonomy":"product_tag","embeddable":true,"href":"https:\/\/qingdaohf.com\/et\/wp-json\/wp\/v2\/product_tag?post=7473"}],"curies":[{"name":"wp","href":"https:\/\/api.w.org\/{rel}","templated":true}]}}