{"id":7512,"date":"2024-06-27T14:28:56","date_gmt":"2024-06-27T06:28:56","guid":{"rendered":"http:\/\/qingdaohf.com\/?post_type=product&#038;p=7512"},"modified":"2025-11-13T09:03:15","modified_gmt":"2025-11-13T01:03:15","slug":"l-bolts-for-concrete","status":"publish","type":"product","link":"https:\/\/qingdaohf.com\/et\/toode\/l-betoonpoldid\/","title":{"rendered":"Vundamendi ankurduspoldid L-poldid betooni jaoks"},"content":{"rendered":"<h3>Sissejuhatus betooni L-poltidesse<\/h3>\n<p>L-poldid, mida tuntakse ka L-kujuliste ankurpoltidena, on ehitust\u00f6\u00f6stuses asendamatud komponendid. Need poldid on spetsiaalselt m\u00f5eldud betoonkonstruktsioonide ankurdamiseks, tagades usaldusv\u00e4\u00e4rse ja tugeva vundamendi erinevat t\u00fc\u00fcpi hoonetele ja infrastruktuuriprojektidele. Nende L-kujuline kuju pakub erakordset kandev\u00f5imet, mist\u00f5ttu on need ideaalne valik raskete koormuste kinnitamiseks ja konstruktsiooni terviklikkuse tagamiseks.<\/p>\n<h3>L-poltide t\u00e4htsus ehituses<\/h3>\n<p>Iga ehitusprojekti puhul on vundament k\u00f5ige kriitilisem aspekt. See toetab kogu konstruktsiooni ja tagab selle stabiilsuse. Betooni L-poldid m\u00e4ngivad selles osas olulist rolli. Need on p\u00f5imitud betoonvundamendi sisse, mille keermestatud ots ulatub v\u00e4lja konstruktsioonielementide kinnitamiseks. Selline konstruktsioon tagab tugeva ja turvalise \u00fchenduse, mis peab vastu m\u00e4rkimisv\u00e4\u00e4rsele pingele ja koormusele.<\/p>\n<p>L-poldid on levinud mitmesugustes rakendustes, sealhulgas eluhoonetes, kaubanduslikes konstruktsioonides, sildades ja t\u00f6\u00f6stusrajatistes. Nende v\u00f5ime tagada stabiilne ankurduspunkt muudab need oluliseks nende konstruktsioonide ohutuse ja pikaealisuse tagamisel. Kasutades L-poldid, v\u00f5ivad ehitusspetsialistid olla kindlad oma projektide usaldusv\u00e4\u00e4rsuses ja vastupidavuses.<\/p>\n<h3>L-poltide t\u00fc\u00fcbid ja suurused<\/h3>\n<p>L-poldid on saadaval eri suurustes ja materjalidest, et rahuldada erinevate ehitusprojektide erinevaid vajadusi. Meie L-poldid betooni jaoks on saadaval j\u00e4rgmistes suurustes: 5\/8, 3\/8, 1\/2 ja 1\/4 tolli. Iga suurus on kavandatud konkreetsete koormuste ja rakenduste jaoks, tagades optimaalse j\u00f5udluse erinevates ehitusstsenaariumides.<\/p>\n<p>Lisaks pakume L-poldid nii tsingitud kui ka roostevabast terasest. Tsingitud L-poldid on kaetud tsingikihiga, mis tagab suurep\u00e4rase korrosioonikindluse ja pikendab poltide kasutusiga. See muudab need sobivaks v\u00e4litingimustes ja avatud keskkondades, kus need on avatud karmidele ilmastikutingimustele. Teisest k\u00fcljest pakuvad roostevabast terasest L-poldid parimat tugevust ning rooste- ja korrosioonikindlust, mist\u00f5ttu on need ideaalsed projektidele, mis n\u00f5uavad k\u00f5rgeimat vastupidavust ja j\u00f5udlust.<\/p>\n<h3>L-poltide rakendused ehituses<\/h3>\n<p>L-poltide mitmek\u00fclgsuse t\u00f5ttu sobivad need ehitust\u00f6\u00f6stuses mitmesuguste rakenduste jaoks. Neid kasutatakse tavaliselt konstruktsiooniliste sammaste, talade ja tugede kinnitamiseks betoonvundamentides. Sellega tagatakse, et konstruktsioonielemendid on kindlalt kinnitatud, v\u00e4ltides igasugust liikumist v\u00f5i nihkumist, mis v\u00f5ib ohustada hoone terviklikkust.<\/p>\n<p>Lisaks ehituslikele rakendustele kasutatakse L-poldid ka mitmesugustes muudes ehitust\u00f6\u00f6des. N\u00e4iteks kasutatakse neid sageli raskete masinate ja seadmete paigaldamisel, kus turvaline kinnituspunkt on oluline v\u00f5imalike ohtude v\u00e4ltimiseks. L-poldid on kasutusel ka tugim\u00fc\u00fcride ehitamisel, kus need pakuvad vajalikku tuge, et vastu seista pinnase poolt avaldatavale survele.<\/p>\n<p>Lisaks kasutatakse L-poldid laialdaselt infrastruktuuriprojektides, n\u00e4iteks sildades ja tunnelites. Nende projektide puhul on vaja tugevaid ja usaldusv\u00e4\u00e4rseid ankurduspunkte, et tagada konstruktsioonide stabiilsus ja ohutus. L-poltide abil saavad insenerid luua tugevad \u00fchendused, mis peavad vastu nende suuremahuliste konstruktsioonidega seotud d\u00fcnaamilistele koormustele ja pingetele.<\/p>\n<h3>L-poltide paigaldamine ja hooldus<\/h3>\n<p>L-poltide n\u00f5uetekohane paigaldamine ja hooldamine on nende t\u00f6\u00f6v\u00f5ime ja pikaealisuse tagamiseks v\u00e4ga oluline. Paigaldamise ajal on oluline tagada, et poldid oleksid \u00f5igesti paigutatud ja kindlalt betoonis. See n\u00f5uab t\u00e4pseid m\u00f5\u00f5tmisi ja joondamist, et tagada poltide vajalik tugi.<\/p>\n<p>Kui L-poldid on paigaldatud, on nende j\u00e4tkuva t\u00f6\u00f6 tagamiseks oluline korrap\u00e4rane hooldus. See h\u00f5lmab perioodilisi kontrolle, et kontrollida korrosiooni, kulumise v\u00f5i kahjustuste olemasolu. Tsingitud L-poltide puhul on oluline tagada, et tsinkkate j\u00e4\u00e4ks terveks, et tagada t\u00f5hus korrosioonikindlus. Roostevabast terasest L-poltide puhul on nende v\u00e4limuse ja funktsionaalsuse s\u00e4ilitamiseks vajalik nende regulaarne puhastamine ja kontrollimine.<\/p>\n<h3>Kokkuv\u00f5te<\/h3>\n<p>Betooni L-poldid on ehitust\u00f6\u00f6stuses oluline komponent, mis pakub usaldusv\u00e4\u00e4rseid ja tugevaid ankurduslahendusi erinevateks rakendusteks. Nende L-kujuline konstruktsioon tagab erakordse pidavuse, mist\u00f5ttu on need ideaalsed raskete koormuste kinnitamiseks ja konstruktsioonide stabiilsuse tagamiseks. Need erinevates suurustes ja materjalides, sealhulgas tsingitud ja roostevabast terasest, saadaval olevad poldid pakuvad vastupidavust ja korrosioonikindlust mitmesuguste ehitusprojektide jaoks.<\/p>\n<p>M\u00f5istes L-poltide t\u00e4htsust ning j\u00e4rgides \u00f5igeid paigaldus- ja hooldustavasid, saavad ehitusspetsialistid tagada oma projektide ohutuse, stabiilsuse ja pikaealisuse. Nii elamute, \u00e4rihoonete kui ka suuremahuliste infrastruktuuriprojektide puhul on L-poldid betooni jaoks oluline vahend usaldusv\u00e4\u00e4rsete ja vastupidavate ehitustulemuste saavutamiseks.<\/p>\n<div class=\"ast-oembed-container\" style=\"height: 100%;\"><iframe title=\"Vundamendipoldid J Bolt\" width=\"500\" height=\"281\" src=\"https:\/\/www.youtube.com\/embed\/F2jfo40uEQM?feature=oembed\" frameborder=\"0\" allow=\"accelerometer; autoplay; clipboard-write; encrypted-media; gyroscope; picture-in-picture; web-share\" referrerpolicy=\"strict-origin-when-cross-origin\" allowfullscreen><\/iframe><\/div>","protected":false},"excerpt":{"rendered":"<p>Meie kvaliteetsed L-poldid betooni jaoks on h\u00e4davajalikud vundamentide turvaliseks kinnituseks. Need L-kujulised ankurduspoldid on saadaval 5\/8, 3\/8, 1\/2 ja 1\/4 suuruses ning on saadaval nii tsingitud kui ka roostevabast terasest. Need poldid sobivad ideaalselt erinevate ehitusprojektide jaoks ning tagavad vastupidavuse ja stabiilsuse.<\/p>","protected":false},"featured_media":6996,"comment_status":"open","ping_status":"closed","template":"","meta":{"site-sidebar-layout":"default","site-content-layout":"","ast-site-content-layout":"default","site-content-style":"default","site-sidebar-style":"default","ast-global-header-display":"","ast-banner-title-visibility":"","ast-main-header-display":"","ast-hfb-above-header-display":"","ast-hfb-below-header-display":"","ast-hfb-mobile-header-display":"","site-post-title":"","ast-breadcrumbs-content":"","ast-featured-img":"","footer-sml-layout":"","theme-transparent-header-meta":"default","adv-header-id-meta":"","stick-header-meta":"default","header-above-stick-meta":"","header-main-stick-meta":"","header-below-stick-meta":"","astra-migrate-meta-layouts":"set","ast-page-background-enabled":"default","ast-page-background-meta":{"desktop":{"background-color":"","background-image":"","background-repeat":"repeat","background-position":"center center","background-size":"auto","background-attachment":"scroll","background-type":"","background-media":"","overlay-type":"","overlay-color":"","overlay-opacity":"","overlay-gradient":""},"tablet":{"background-color":"","background-image":"","background-repeat":"repeat","background-position":"center center","background-size":"auto","background-attachment":"scroll","background-type":"","background-media":"","overlay-type":"","overlay-color":"","overlay-opacity":"","overlay-gradient":""},"mobile":{"background-color":"","background-image":"","background-repeat":"repeat","background-position":"center center","background-size":"auto","background-attachment":"scroll","background-type":"","background-media":"","overlay-type":"","overlay-color":"","overlay-opacity":"","overlay-gradient":""}},"ast-content-background-meta":{"desktop":{"background-color":"var(--ast-global-color-5)","background-image":"","background-repeat":"repeat","background-position":"center center","background-size":"auto","background-attachment":"scroll","background-type":"","background-media":"","overlay-type":"","overlay-color":"","overlay-opacity":"","overlay-gradient":""},"tablet":{"background-color":"var(--ast-global-color-5)","background-image":"","background-repeat":"repeat","background-position":"center center","background-size":"auto","background-attachment":"scroll","background-type":"","background-media":"","overlay-type":"","overlay-color":"","overlay-opacity":"","overlay-gradient":""},"mobile":{"background-color":"var(--ast-global-color-5)","background-image":"","background-repeat":"repeat","background-position":"center center","background-size":"auto","background-attachment":"scroll","background-type":"","background-media":"","overlay-type":"","overlay-color":"","overlay-opacity":"","overlay-gradient":""}}},"product_brand":[],"product_cat":[28],"product_tag":[],"class_list":{"0":"post-7512","1":"product","2":"type-product","3":"status-publish","4":"has-post-thumbnail","6":"product_cat-concrete-forming","7":"desktop-align-left","8":"tablet-align-left","9":"mobile-align-left","10":"ast-product-gallery-layout-horizontal-slider","11":"ast-product-tabs-layout-horizontal","13":"first","14":"instock","15":"featured","16":"shipping-taxable","17":"purchasable","18":"product-type-simple"},"yoast_head":"<!-- This site is optimized with the Yoast SEO plugin v25.2 - https:\/\/yoast.com\/wordpress\/plugins\/seo\/ -->\n<title>Foundation Anchor Bolts L Bolts for Concrete<\/title>\n<meta name=\"description\" content=\"L bolts for concrete are essential for secure foundation anchoring. Available in 5\/8, 3\/8, 1\/2, and 1\/4 sizes.\" \/>\n<meta name=\"robots\" content=\"index, follow, max-snippet:-1, max-image-preview:large, max-video-preview:-1\" \/>\n<link rel=\"canonical\" href=\"https:\/\/qingdaohf.com\/et\/toode\/l-betoonpoldid\/\" \/>\n<meta property=\"og:locale\" content=\"et_EE\" \/>\n<meta property=\"og:type\" content=\"article\" \/>\n<meta property=\"og:title\" content=\"Foundation Anchor Bolts L Bolts for Concrete\" \/>\n<meta property=\"og:description\" content=\"L bolts for concrete are essential for secure foundation anchoring. Available in 5\/8, 3\/8, 1\/2, and 1\/4 sizes.\" \/>\n<meta property=\"og:url\" content=\"https:\/\/qingdaohf.com\/et\/toode\/l-betoonpoldid\/\" \/>\n<meta property=\"og:site_name\" content=\"Concrete Form &amp; Rigging Hardware Supplier\" \/>\n<meta property=\"article:publisher\" content=\"https:\/\/www.facebook.com\/qingdaohf\" \/>\n<meta property=\"article:modified_time\" content=\"2025-11-13T01:03:15+00:00\" \/>\n<meta property=\"og:image\" content=\"https:\/\/qingdaohf.com\/wp-content\/uploads\/2024\/05\/J-bolt-2.jpg\" \/>\n\t<meta property=\"og:image:width\" content=\"1000\" \/>\n\t<meta property=\"og:image:height\" content=\"1000\" \/>\n\t<meta property=\"og:image:type\" content=\"image\/jpeg\" \/>\n<meta name=\"twitter:card\" content=\"summary_large_image\" \/>\n<meta name=\"twitter:label1\" content=\"Est. reading time\" \/>\n\t<meta name=\"twitter:data1\" content=\"4 minutit\" \/>\n<script type=\"application\/ld+json\" class=\"yoast-schema-graph\">{\"@context\":\"https:\/\/schema.org\",\"@graph\":[{\"@type\":\"WebPage\",\"@id\":\"https:\/\/qingdaohf.com\/product\/l-bolts-for-concrete\/\",\"url\":\"https:\/\/qingdaohf.com\/product\/l-bolts-for-concrete\/\",\"name\":\"Foundation Anchor Bolts L Bolts for Concrete\",\"isPartOf\":{\"@id\":\"https:\/\/qingdaohf.com\/bg\/#website\"},\"primaryImageOfPage\":{\"@id\":\"https:\/\/qingdaohf.com\/product\/l-bolts-for-concrete\/#primaryimage\"},\"image\":{\"@id\":\"https:\/\/qingdaohf.com\/product\/l-bolts-for-concrete\/#primaryimage\"},\"thumbnailUrl\":\"https:\/\/qingdaohf.com\/wp-content\/uploads\/2024\/05\/J-bolt-2.jpg\",\"datePublished\":\"2024-06-27T06:28:56+00:00\",\"dateModified\":\"2025-11-13T01:03:15+00:00\",\"description\":\"L bolts for concrete are essential for secure foundation anchoring. Available in 5\/8, 3\/8, 1\/2, and 1\/4 sizes.\",\"breadcrumb\":{\"@id\":\"https:\/\/qingdaohf.com\/product\/l-bolts-for-concrete\/#breadcrumb\"},\"inLanguage\":\"et\",\"potentialAction\":[{\"@type\":\"ReadAction\",\"target\":[\"https:\/\/qingdaohf.com\/product\/l-bolts-for-concrete\/\"]}]},{\"@type\":\"ImageObject\",\"inLanguage\":\"et\",\"@id\":\"https:\/\/qingdaohf.com\/product\/l-bolts-for-concrete\/#primaryimage\",\"url\":\"https:\/\/qingdaohf.com\/wp-content\/uploads\/2024\/05\/J-bolt-2.jpg\",\"contentUrl\":\"https:\/\/qingdaohf.com\/wp-content\/uploads\/2024\/05\/J-bolt-2.jpg\",\"width\":1000,\"height\":1000,\"caption\":\"l bolts for concrete\"},{\"@type\":\"BreadcrumbList\",\"@id\":\"https:\/\/qingdaohf.com\/product\/l-bolts-for-concrete\/#breadcrumb\",\"itemListElement\":[{\"@type\":\"ListItem\",\"position\":1,\"name\":\"Home\",\"item\":\"https:\/\/qingdaohf.com\/\"},{\"@type\":\"ListItem\",\"position\":2,\"name\":\"Concrete Forming Accessories and Rigging Hardware\",\"item\":\"https:\/\/qingdaohf.com\/bg\/?page_id=944\"},{\"@type\":\"ListItem\",\"position\":3,\"name\":\"Foundation Anchor Bolts L Bolts for Concrete\"}]},{\"@type\":\"WebSite\",\"@id\":\"https:\/\/qingdaohf.com\/bg\/#website\",\"url\":\"https:\/\/qingdaohf.com\/bg\/\",\"name\":\"Concrete Form & Rigging Hardware Supplier\",\"description\":\"\",\"publisher\":{\"@id\":\"https:\/\/qingdaohf.com\/bg\/#organization\"},\"potentialAction\":[{\"@type\":\"SearchAction\",\"target\":{\"@type\":\"EntryPoint\",\"urlTemplate\":\"https:\/\/qingdaohf.com\/bg\/?s={search_term_string}\"},\"query-input\":{\"@type\":\"PropertyValueSpecification\",\"valueRequired\":true,\"valueName\":\"search_term_string\"}}],\"inLanguage\":\"et\"},{\"@type\":\"Organization\",\"@id\":\"https:\/\/qingdaohf.com\/bg\/#organization\",\"name\":\"Qingdao H&F\",\"url\":\"https:\/\/qingdaohf.com\/bg\/\",\"logo\":{\"@type\":\"ImageObject\",\"inLanguage\":\"et\",\"@id\":\"https:\/\/qingdaohf.com\/bg\/#\/schema\/logo\/image\/\",\"url\":\"https:\/\/qingdaohf.com\/wp-content\/uploads\/2022\/12\/cropped-HF-LOGO.png\",\"contentUrl\":\"https:\/\/qingdaohf.com\/wp-content\/uploads\/2022\/12\/cropped-HF-LOGO.png\",\"width\":391,\"height\":249,\"caption\":\"Qingdao H&F\"},\"image\":{\"@id\":\"https:\/\/qingdaohf.com\/bg\/#\/schema\/logo\/image\/\"},\"sameAs\":[\"https:\/\/www.facebook.com\/qingdaohf\"]}]}<\/script>\n<!-- \/ Yoast SEO plugin. -->","yoast_head_json":{"title":"Foundation Anchor Bolts L Bolts for Concrete","description":"L bolts for concrete are essential for secure foundation anchoring. Available in 5\/8, 3\/8, 1\/2, and 1\/4 sizes.","robots":{"index":"index","follow":"follow","max-snippet":"max-snippet:-1","max-image-preview":"max-image-preview:large","max-video-preview":"max-video-preview:-1"},"canonical":"https:\/\/qingdaohf.com\/et\/toode\/l-betoonpoldid\/","og_locale":"et_EE","og_type":"article","og_title":"Foundation Anchor Bolts L Bolts for Concrete","og_description":"L bolts for concrete are essential for secure foundation anchoring. Available in 5\/8, 3\/8, 1\/2, and 1\/4 sizes.","og_url":"https:\/\/qingdaohf.com\/et\/toode\/l-betoonpoldid\/","og_site_name":"Concrete Form &amp; Rigging Hardware Supplier","article_publisher":"https:\/\/www.facebook.com\/qingdaohf","article_modified_time":"2025-11-13T01:03:15+00:00","og_image":[{"width":1000,"height":1000,"url":"https:\/\/qingdaohf.com\/wp-content\/uploads\/2024\/05\/J-bolt-2.jpg","type":"image\/jpeg"}],"twitter_card":"summary_large_image","twitter_misc":{"Est. reading time":"4 minutit"},"schema":{"@context":"https:\/\/schema.org","@graph":[{"@type":"WebPage","@id":"https:\/\/qingdaohf.com\/product\/l-bolts-for-concrete\/","url":"https:\/\/qingdaohf.com\/product\/l-bolts-for-concrete\/","name":"Foundation Anchor Bolts L Bolts for Concrete","isPartOf":{"@id":"https:\/\/qingdaohf.com\/bg\/#website"},"primaryImageOfPage":{"@id":"https:\/\/qingdaohf.com\/product\/l-bolts-for-concrete\/#primaryimage"},"image":{"@id":"https:\/\/qingdaohf.com\/product\/l-bolts-for-concrete\/#primaryimage"},"thumbnailUrl":"https:\/\/qingdaohf.com\/wp-content\/uploads\/2024\/05\/J-bolt-2.jpg","datePublished":"2024-06-27T06:28:56+00:00","dateModified":"2025-11-13T01:03:15+00:00","description":"L bolts for concrete are essential for secure foundation anchoring. Available in 5\/8, 3\/8, 1\/2, and 1\/4 sizes.","breadcrumb":{"@id":"https:\/\/qingdaohf.com\/product\/l-bolts-for-concrete\/#breadcrumb"},"inLanguage":"et","potentialAction":[{"@type":"ReadAction","target":["https:\/\/qingdaohf.com\/product\/l-bolts-for-concrete\/"]}]},{"@type":"ImageObject","inLanguage":"et","@id":"https:\/\/qingdaohf.com\/product\/l-bolts-for-concrete\/#primaryimage","url":"https:\/\/qingdaohf.com\/wp-content\/uploads\/2024\/05\/J-bolt-2.jpg","contentUrl":"https:\/\/qingdaohf.com\/wp-content\/uploads\/2024\/05\/J-bolt-2.jpg","width":1000,"height":1000,"caption":"l bolts for concrete"},{"@type":"BreadcrumbList","@id":"https:\/\/qingdaohf.com\/product\/l-bolts-for-concrete\/#breadcrumb","itemListElement":[{"@type":"ListItem","position":1,"name":"Home","item":"https:\/\/qingdaohf.com\/"},{"@type":"ListItem","position":2,"name":"Concrete Forming Accessories and Rigging Hardware","item":"https:\/\/qingdaohf.com\/bg\/?page_id=944"},{"@type":"ListItem","position":3,"name":"Foundation Anchor Bolts L Bolts for Concrete"}]},{"@type":"WebSite","@id":"https:\/\/qingdaohf.com\/bg\/#website","url":"https:\/\/qingdaohf.com\/bg\/","name":"Concrete Form & Rigging Hardware Supplier","description":"","publisher":{"@id":"https:\/\/qingdaohf.com\/bg\/#organization"},"potentialAction":[{"@type":"SearchAction","target":{"@type":"EntryPoint","urlTemplate":"https:\/\/qingdaohf.com\/bg\/?s={search_term_string}"},"query-input":{"@type":"PropertyValueSpecification","valueRequired":true,"valueName":"search_term_string"}}],"inLanguage":"et"},{"@type":"Organization","@id":"https:\/\/qingdaohf.com\/bg\/#organization","name":"Qingdao H&F","url":"https:\/\/qingdaohf.com\/bg\/","logo":{"@type":"ImageObject","inLanguage":"et","@id":"https:\/\/qingdaohf.com\/bg\/#\/schema\/logo\/image\/","url":"https:\/\/qingdaohf.com\/wp-content\/uploads\/2022\/12\/cropped-HF-LOGO.png","contentUrl":"https:\/\/qingdaohf.com\/wp-content\/uploads\/2022\/12\/cropped-HF-LOGO.png","width":391,"height":249,"caption":"Qingdao H&F"},"image":{"@id":"https:\/\/qingdaohf.com\/bg\/#\/schema\/logo\/image\/"},"sameAs":["https:\/\/www.facebook.com\/qingdaohf"]}]}},"_links":{"self":[{"href":"https:\/\/qingdaohf.com\/et\/wp-json\/wp\/v2\/product\/7512","targetHints":{"allow":["GET"]}}],"collection":[{"href":"https:\/\/qingdaohf.com\/et\/wp-json\/wp\/v2\/product"}],"about":[{"href":"https:\/\/qingdaohf.com\/et\/wp-json\/wp\/v2\/types\/product"}],"replies":[{"embeddable":true,"href":"https:\/\/qingdaohf.com\/et\/wp-json\/wp\/v2\/comments?post=7512"}],"version-history":[{"count":3,"href":"https:\/\/qingdaohf.com\/et\/wp-json\/wp\/v2\/product\/7512\/revisions"}],"predecessor-version":[{"id":7552,"href":"https:\/\/qingdaohf.com\/et\/wp-json\/wp\/v2\/product\/7512\/revisions\/7552"}],"wp:featuredmedia":[{"embeddable":true,"href":"https:\/\/qingdaohf.com\/et\/wp-json\/wp\/v2\/media\/6996"}],"wp:attachment":[{"href":"https:\/\/qingdaohf.com\/et\/wp-json\/wp\/v2\/media?parent=7512"}],"wp:term":[{"taxonomy":"product_brand","embeddable":true,"href":"https:\/\/qingdaohf.com\/et\/wp-json\/wp\/v2\/product_brand?post=7512"},{"taxonomy":"product_cat","embeddable":true,"href":"https:\/\/qingdaohf.com\/et\/wp-json\/wp\/v2\/product_cat?post=7512"},{"taxonomy":"product_tag","embeddable":true,"href":"https:\/\/qingdaohf.com\/et\/wp-json\/wp\/v2\/product_tag?post=7512"}],"curies":[{"name":"wp","href":"https:\/\/api.w.org\/{rel}","templated":true}]}}