{"id":8065,"date":"2024-10-16T11:39:29","date_gmt":"2024-10-16T03:39:29","guid":{"rendered":"http:\/\/qingdaohf.com\/?post_type=product&#038;p=8065"},"modified":"2025-11-13T09:03:13","modified_gmt":"2025-11-13T01:03:13","slug":"kenter-shackle","status":"publish","type":"product","link":"https:\/\/qingdaohf.com\/et\/toode\/kenter-ahel\/","title":{"rendered":"Kenter Shackle"},"content":{"rendered":"<h3><strong>Kenter Shackle: Keti\u00fchendused: Turvaliste ja usaldusv\u00e4\u00e4rsete keti\u00fchenduste tagamine<\/strong><\/h3>\n<p>The <em>Kenter Shackle<\/em> on keti\u00fchenduse t\u00f6\u00f6riistade nurgakivi, mis pakub vastupidavuse, tugevuse ja kasutusmugavuse kombinatsiooni. See toode on h\u00e4davajalik neile, kes t\u00f6\u00f6tavad merendus-, ehitus- ja t\u00f6\u00f6stuskeskkonnas, kus usaldusv\u00e4\u00e4rsed \u00fchendused on kriitilise t\u00e4htsusega. Kenter Shackle, mis on konstrueeritud t\u00e4pselt, tagab, et ketid p\u00fcsivad kindlalt \u00fchendatud isegi \u00e4\u00e4rmuslikes tingimustes, tagades stabiilsuse ja ohutuse k\u00f5rgetasemelistes operatsioonides. Selle konstruktsioon keskendub t\u00f5husa lahenduse pakkumisele kettide \u00fchendamiseks, s\u00e4ilitades samal ajal k\u00f5rged toimivuse ja pikaealisuse standardid.<\/p>\n<p>Kenter Shackle on valmistatud k\u00f5rgekvaliteedilisest terasest, mis on varustatud k\u00f5ige karmimate tingimustega toimetulekuks. Selle tugev konstruktsioon on \u00fchendatud korrosioonikindla kattega, mis muudab selle eriti t\u00f5husaks merekeskkonnas. See omadus pikendab ahela kasutusiga, takistades roostetamist ja lagunemist isegi pideval kokkupuutel niiskuse ja soolase veega. Valides Kenter Shackle, saavad kasutajad kindlustunde, et nende seadmed peavad vastu nii ilmastikutingimustele kui ka raskete t\u00f6\u00f6de n\u00f5udmistele.<\/p>\n<h3><strong>Tugevuse jaoks ehitatud: V\u00f5tmet\u00f6\u00f6riist raskete t\u00f6\u00f6de jaoks<\/strong><\/h3>\n<p>Esmane kaebus on <em>Kenter Shackle<\/em> seisneb selle erakordses tugevuses ja suutlikkuses taluda m\u00e4rkimisv\u00e4\u00e4rseid koormusi. Selle konstruktsioon tagab, et see suudab toime tulla suurte pingetega, mis tavaliselt esinevad pukseerimise, t\u00f5stmise ja ankurdamise k\u00e4igus. See v\u00f5ime on oluline sellistes sektorites nagu merelogistika, kus raskete seadmete turvaline k\u00e4itlemine on igap\u00e4evane n\u00f5ue. Kangi v\u00f5ime s\u00e4ilitada r\u00f5hu all stabiilne \u00fchendus t\u00e4hendab, et kasutajad v\u00f5ivad sellele tugineda nii rutiinsete kui ka kriitiliste \u00fclesannete puhul, v\u00e4hendades ootamatute seadmete rikete ohtu.<\/p>\n<p>Selle tugevust suurendab veelgi konstruktsioon, mis jaotab koormuse \u00fchtlaselt \u00fchendatud ahelatele. Selline l\u00e4bim\u00f5eldud konstruktsioon v\u00e4hendab kulumise t\u00f5en\u00e4osust teatud punktides, pikendades nii ahela kui ka sellega \u00fchendatud kettide kasutusiga. Kenter Shackle'i sile viimistlus aitab v\u00e4hendada komponentide vahelist h\u00f5\u00f5rdumist, mist\u00f5ttu on see arukas valik professionaalidele, kes vajavad varustust, mis kestab kaua. Selle v\u00f5ime hallata seda d\u00fcnaamikat ilma stabiilsust ohustamata muudab ahela oluliseks t\u00f6\u00f6riistaks igas raskes t\u00f6\u00f6keskkonnas.<\/p>\n<p>Lisaks sellele ei l\u00e4he Kenter Shackle'i tugevus kasutusmugavuse arvelt. Hoolimata oma tugevast konstruktsioonist on seda lihtne k\u00e4sitseda ja paigaldada, v\u00f5imaldades vajaduse korral kiiret reguleerimist. T\u00e4nu sellisele v\u00f5imsuse ja praktilisuse tasakaalule sobib see mitmesugusteks rakendusteks, alates laevade kinnitamisest merel kuni t\u00f5stet\u00f6\u00f6de korraldamiseni ehitusplatsidel. K\u00f5igil neil juhtudel pakub Kenter Shackle'i konstruktsioon usaldusv\u00e4\u00e4rsust, mida spetsialistid vajavad sujuvate ja ohutute t\u00f6\u00f6de tagamiseks.<\/p>\n<h3><strong>Mitmek\u00fclgsus erinevate rakenduste jaoks: Kohanemine vastavalt teie vajadustele<\/strong><\/h3>\n<p>The <em>Kenter Shackle<\/em> on mitmek\u00fclgne lahendus, mis on loodud eri keskkondades ja rakendustes kasutamiseks. Merendussektoris kasutatakse seda tavaliselt ankrukettide \u00fchendamiseks, kus see tagab turvalise \u00fchenduse, mida saab vajaduse korral h\u00f5lpsasti reguleerida. See v\u00f5ime on oluline laevaoperaatoritele ja teistele merendusspetsialistidele, kes vajavad usaldusv\u00e4\u00e4rseid lahendusi liikuva vee ja muutuvate ilmastikutingimuste poolt p\u00f5hjustatud j\u00f5udude juhtimiseks. Ahela korrosioonikindlad omadused suurendavad veelgi selle sobivust selles sektoris, kuna see peab vastu pikaajalisele kokkupuutele merega, ilma et see kaotaks oma terviklikkust.<\/p>\n<p>Lisaks merenduskasutusele on Kenter Shackle v\u00f5rdselt v\u00e4\u00e4rtuslik ka ehitust\u00f6\u00f6stuses. See m\u00e4ngib olulist rolli t\u00f5stmise ja taglastamise rakendustes, v\u00f5imaldades t\u00f6\u00f6tajatel ketid kiiresti ja kindlalt \u00fchendada. Selle tugev konstruktsioon tagab, et \u00fchendus j\u00e4\u00e4b stabiilseks, v\u00e4hendades \u00f5nnetuste ohtu t\u00f5stet\u00f6\u00f6de ajal. T\u00f6\u00f6v\u00f5tjad hindavad selle konstruktsiooni lihtsust, mis v\u00f5imaldab kiiret seadistamist ja lihtsat reguleerimist. See t\u00f5husus on eriti oluline ehitusplatsidel, kus ajaliselt tundlikud projektid saavad kasu t\u00f6\u00f6riistadest, mida saab kiiresti kohandada vastavalt muutuvatele vajadustele.<\/p>\n<p>T\u00f6\u00f6stussektor leiab samuti m\u00e4rkimisv\u00e4\u00e4rset kasutust <em>Kenter Shackle<\/em>eriti sellistes rakendustes nagu s\u00f5idukite pukseerimine, raskete masinate kinnitamine v\u00f5i koormate stabiliseerimine. T\u00e4nu oma kompaktsele konstruktsioonile on seda lihtne integreerida erinevatesse seadeldistesse, samas kui selle tugevus tagab, et see suudab toime tulla suuremahuliste operatsioonide v\u00e4ljakutsetega. V\u00f5ime s\u00e4ilitada stabiilne \u00fchendus erinevate \u00fclesannete puhul r\u00f5hutab ahela mitmek\u00fclgsust, mis teeb sellest usaldusv\u00e4\u00e4rse valiku spetsialistidele, kes hindavad oma varustuse puhul nii j\u00f5udlust kui ka kohandatavust.<\/p>\n<h3><strong>Kokkupaneku ja hoolduse lihtsus: Keskendumine t\u00f5hususele<\/strong><\/h3>\n<p>\u00dcks silmapaistvaid omadusi on <em>Kenter Shackle<\/em> on selle kasutajas\u00f5bralik montaa\u017eiprotsess. Erinevalt keerukamatest \u00fchendusvahenditest, mis v\u00f5ivad n\u00f5uda spetsiaalseid seadmeid, on Kenter Shackle konstrueeritud lihtsaks paigaldamiseks minimaalsete t\u00f6\u00f6riistadega. See lihtsus v\u00f5imaldab kasutajatel \u00fchendusi kiiresti kokku- v\u00f5i lahti panna, mis on eriti v\u00e4\u00e4rtuslik keskkondades, kus aeg on kriitiline tegur. Selline konstruktsioonivalik tagab, et spetsialistid saavad keskenduda peamisele \u00fclesandele, ilma et nad takerduksid keerulistesse seadistust\u00f6\u00f6desse.<\/p>\n<p>Teine oluline aspekt, mis aitab kaasa selle t\u00f6\u00f6kindlusele, on selle turvaline lukustusmehhanism. P\u00e4rast paigaldamist tagab mehhanism, et \u00fchendus p\u00fcsib kindlalt paigal, kuni see tahtlikult vabastatakse. See lisaturvalisus on v\u00e4ga oluline t\u00f6\u00f6de puhul, kus ootamatu lahti\u00fchendamine v\u00f5ib kujutada endast t\u00f5sist ohtu nii t\u00f6\u00f6tajatele kui ka seadmetele. T\u00e4nu lihtsale, kuid t\u00f5husale lukustuss\u00fcsteemile toetab Kenter Shackle nii ohutust kui ka t\u00f5husust, v\u00f5imaldades t\u00f5rgeteta t\u00f6\u00f6d isegi keerulistes tingimustes.<\/p>\n<p>Hooldus <em>Kenter Shackle<\/em> on t\u00e4nu korrosioonikindlale viimistlusele ka lihtne. See omadus v\u00e4hendab vajadust korrap\u00e4rase hoolduse j\u00e4rele, kuna k\u00e4epide peab vastu roostetamisele ja kulumisele isegi n\u00f5udlikes tingimustes. Mere- ja t\u00f6\u00f6stusala spetsialistide jaoks t\u00e4hendab see v\u00e4hem aega, mis kulub hooldusele, ja rohkem aega, mis on suunatud nende tegevuseesm\u00e4rkide saavutamisele. Kasutamise lihtsuse, turvalise montaa\u017ei ja minimaalsete hooldusvajaduste kombinatsioon muudab Kenter Shackle'i praktiliseks ja kuluefektiivseks valikuks pikaajaliseks kasutamiseks.<\/p>\n<h3><strong>Ohutuse ja tootlikkuse suurendamine usaldusv\u00e4\u00e4rsete seadmetega<\/strong><\/h3>\n<p>Ohutus on esmat\u00e4htis igas raskete koormatega seotud rakenduses ja <em>Kenter Shackle<\/em> on kavandatud seda arvesse v\u00f5ttes. Selle tugev konstruktsioon tagab, et see peab vastu pukseerimise, t\u00f5stmise v\u00f5i ankurdamise k\u00e4igus tekkivatele j\u00f5ududele, tagades stabiilse \u00fchenduse, mis v\u00e4hendab seadmete rikke ohtu. Selline stabiilsus on ohutu t\u00f6\u00f6keskkonna loomiseks h\u00e4davajalik, sest see v\u00e4hendab ootamatutest katkestustest v\u00f5i purunemistest tingitud \u00f5nnetuste v\u00f5imalust.<\/p>\n<p>Turvalise konstruktsiooniga ahelas on tihvtis\u00fcsteem, mis takistab juhuslikku vabastamist, mis suurendab veelgi ohutust kasutamise ajal. See omadus on eriti oluline d\u00fcnaamilistes keskkondades, n\u00e4iteks liikuvate koormatega t\u00f6\u00f6tamisel v\u00f5i olukordades, kus stabiilsus on \u00fclioluline. T\u00e4nu usaldusv\u00e4\u00e4rsele \u00fchenduspunktile aitab Kenter Shackle kasutajatel s\u00e4ilitada kontrolli oma tegevuse \u00fcle, isegi kui nad tegelevad raskete v\u00f5i liikuvate raskustega.<\/p>\n<p>Lisaks oma turvaelementidele on <em>Kenter Shackle<\/em> toetab ka tootlikkust, v\u00f5imaldades kiireid kohandusi. Selle konstruktsioon v\u00f5imaldab t\u00f6\u00f6tajatel teha muudatusi seadistustes ilma keeruliste protseduurideta, tagades, et t\u00f6\u00f6\u00fclesanded saavad j\u00e4tkuda ilma asjatute viivitusteta. Selline paindlikkus lihtsustab spetsialistide kohanemist muutuvate tingimustega, olenemata sellest, kas nad kohanevad ilmamuutustega merel v\u00f5i haldavad uusi n\u00f5udeid ehitusplatsil. \u00dchendades ohutuse ja t\u00f5hususe, aitab Kenter Shackle kasutajatel saavutada oma eesm\u00e4rke, s\u00e4ilitades samal ajal k\u00f5rgeimad standardid.<\/p>\n<h3><strong>Kokkuv\u00f5te: Usaldusv\u00e4\u00e4rne lahendus n\u00f5udlikele rakendustele<\/strong><\/h3>\n<p>The <em>Kenter Shackle<\/em> on midagi enamat kui pelgalt \u00fchendaja - see on oluline komponent, mis toetab erinevate toimingute terviklikkust ja ohutust. Alates merendussektorist kuni ehitus- ja t\u00f6\u00f6stusrakendusteni - selle tugevuse, kasutusmugavuse ja vastupidavuse kombinatsioon teeb sellest ideaalse valiku spetsialistidele, kes vajavad usaldusv\u00e4\u00e4rseid \u00fchendusi. Selle konstruktsioon, mis keskendub vastupidavusele ja kasutajas\u00f5bralikule montaa\u017eile, tagab, et see vastab n\u00f5udmistele keerulistes keskkondades, pakkudes samal ajal p\u00fcsivat j\u00f5udlust.<\/p>\n<p>Valides Kenter Shackle, investeerivad kasutajad tootesse, mis pakub pikaajalist v\u00e4\u00e4rtust t\u00e4nu oma kulumis- ja korrosioonikindlusele ning v\u00f5imele s\u00e4ilitada stabiilne \u00fchendus raskete koormuste korral. Selle ahela mitmek\u00fclgsus t\u00e4hendab, et seda saab kohandada erinevate sektorite vajadustele, pakkudes usaldusv\u00e4\u00e4rset lahendust, mis suurendab nii ohutust kui ka tootlikkust. Selle roll turvaliste \u00fchenduste s\u00e4ilitamisel muudab selle v\u00e4\u00e4rtuslikuks igas t\u00f6\u00f6s, pakkudes kindlustunnet, mis tuleneb tipptasemel toote kasutamisest.<\/p>\n<p>The <em>Kenter Shackle<\/em> esindab p\u00fchendumist kvaliteedile ja usaldusv\u00e4\u00e4rsusele, pakkudes edukate tulemuste saavutamiseks vajalikku tugevust ja kohanemisv\u00f5imet. See on usaldusv\u00e4\u00e4rne partner k\u00f5ige n\u00f5udlikumates \u00fclesannetes, pakkudes stabiilsust ja j\u00f5udlust, mida professionaalid oma seadmetelt ootavad. Kenter Shackle'i abil saavad kasutajad l\u00e4heneda oma t\u00f6\u00f6le enesekindlalt, teades, et nad on valinud t\u00f6\u00f6riista, mis on loodud k\u00f5ige raskematele v\u00e4ljakutsetele vastu pidama.<\/p>","protected":false},"excerpt":{"rendered":"<p>The <em>Kenter Shackle<\/em> on tugev ja mitmek\u00fclgne t\u00f6\u00f6riist, mis on m\u00f5eldud \u00f5mblusteta kettide \u00fchendamiseks rasketes rakendustes. See on projekteeritud tugevuse ja usaldusv\u00e4\u00e4rsuse tagamiseks ning sobib ideaalselt merendus-, t\u00f6\u00f6stus- ja ehituskasutuseks. Selle vastupidav konstruktsioon ja korrosioonikindel viimistlus tagavad kauakestva t\u00f6\u00f6 isegi keerulistes keskkondades. T\u00e4nu kasutajas\u00f5bralikule koostele ja turvalisele lukustusmehhanismile suurendab Kenter Shackle ohutust ja t\u00f5husust, mist\u00f5ttu on see usaldusv\u00e4\u00e4rne valik spetsialistidele, kes otsivad usaldusv\u00e4\u00e4rseid \u00fchendusi.<\/p>","protected":false},"featured_media":8066,"comment_status":"open","ping_status":"closed","template":"","meta":{"site-sidebar-layout":"default","site-content-layout":"","ast-site-content-layout":"default","site-content-style":"default","site-sidebar-style":"default","ast-global-header-display":"","ast-banner-title-visibility":"","ast-main-header-display":"","ast-hfb-above-header-display":"","ast-hfb-below-header-display":"","ast-hfb-mobile-header-display":"","site-post-title":"","ast-breadcrumbs-content":"","ast-featured-img":"","footer-sml-layout":"","theme-transparent-header-meta":"default","adv-header-id-meta":"","stick-header-meta":"default","header-above-stick-meta":"","header-main-stick-meta":"","header-below-stick-meta":"","astra-migrate-meta-layouts":"set","ast-page-background-enabled":"default","ast-page-background-meta":{"desktop":{"background-color":"","background-image":"","background-repeat":"repeat","background-position":"center center","background-size":"auto","background-attachment":"scroll","background-type":"","background-media":"","overlay-type":"","overlay-color":"","overlay-opacity":"","overlay-gradient":""},"tablet":{"background-color":"","background-image":"","background-repeat":"repeat","background-position":"center center","background-size":"auto","background-attachment":"scroll","background-type":"","background-media":"","overlay-type":"","overlay-color":"","overlay-opacity":"","overlay-gradient":""},"mobile":{"background-color":"","background-image":"","background-repeat":"repeat","background-position":"center center","background-size":"auto","background-attachment":"scroll","background-type":"","background-media":"","overlay-type":"","overlay-color":"","overlay-opacity":"","overlay-gradient":""}},"ast-content-background-meta":{"desktop":{"background-color":"var(--ast-global-color-5)","background-image":"","background-repeat":"repeat","background-position":"center center","background-size":"auto","background-attachment":"scroll","background-type":"","background-media":"","overlay-type":"","overlay-color":"","overlay-opacity":"","overlay-gradient":""},"tablet":{"background-color":"var(--ast-global-color-5)","background-image":"","background-repeat":"repeat","background-position":"center center","background-size":"auto","background-attachment":"scroll","background-type":"","background-media":"","overlay-type":"","overlay-color":"","overlay-opacity":"","overlay-gradient":""},"mobile":{"background-color":"var(--ast-global-color-5)","background-image":"","background-repeat":"repeat","background-position":"center center","background-size":"auto","background-attachment":"scroll","background-type":"","background-media":"","overlay-type":"","overlay-color":"","overlay-opacity":"","overlay-gradient":""}}},"product_brand":[],"product_cat":[51],"product_tag":[],"class_list":{"0":"post-8065","1":"product","2":"type-product","3":"status-publish","4":"has-post-thumbnail","6":"product_cat-riggging-hardware","7":"desktop-align-left","8":"tablet-align-left","9":"mobile-align-left","10":"ast-product-gallery-layout-horizontal-slider","11":"ast-product-tabs-layout-horizontal","13":"first","14":"instock","15":"shipping-taxable","16":"purchasable","17":"product-type-simple"},"yoast_head":"<!-- This site is optimized with the Yoast SEO plugin v25.2 - https:\/\/yoast.com\/wordpress\/plugins\/seo\/ -->\n<title>Kenter Shackle<\/title>\n<meta name=\"robots\" content=\"index, follow, max-snippet:-1, max-image-preview:large, max-video-preview:-1\" \/>\n<link rel=\"canonical\" href=\"https:\/\/qingdaohf.com\/et\/toode\/kenter-ahel\/\" \/>\n<meta property=\"og:locale\" content=\"et_EE\" \/>\n<meta property=\"og:type\" content=\"article\" \/>\n<meta property=\"og:title\" content=\"Kenter Shackle\" \/>\n<meta property=\"og:description\" content=\"The Kenter Shackle is a robust, versatile tool designed for seamless chain connections in heavy-duty applications. Engineered for strength and reliability, it is ideal for maritime, industrial, and construction use. Its durable construction and corrosion-resistant finish ensure long-lasting performance, even in challenging environments. With a user-friendly assembly and secure locking mechanism, the Kenter Shackle enhances safety and efficiency, making it a trusted choice for professionals seeking dependable connections.\" \/>\n<meta property=\"og:url\" content=\"https:\/\/qingdaohf.com\/et\/toode\/kenter-ahel\/\" \/>\n<meta property=\"og:site_name\" content=\"Concrete Form &amp; Rigging Hardware Supplier\" \/>\n<meta property=\"article:publisher\" content=\"https:\/\/www.facebook.com\/qingdaohf\" \/>\n<meta property=\"article:modified_time\" content=\"2025-11-13T01:03:13+00:00\" \/>\n<meta property=\"og:image\" content=\"https:\/\/qingdaohf.com\/wp-content\/uploads\/2024\/10\/Kenter-Shackle.webp\" \/>\n\t<meta property=\"og:image:width\" content=\"800\" \/>\n\t<meta property=\"og:image:height\" content=\"800\" \/>\n\t<meta property=\"og:image:type\" content=\"image\/webp\" \/>\n<meta name=\"twitter:card\" content=\"summary_large_image\" \/>\n<meta name=\"twitter:label1\" content=\"Est. reading time\" \/>\n\t<meta name=\"twitter:data1\" content=\"7 minutit\" \/>\n<script type=\"application\/ld+json\" class=\"yoast-schema-graph\">{\"@context\":\"https:\/\/schema.org\",\"@graph\":[{\"@type\":\"WebPage\",\"@id\":\"https:\/\/qingdaohf.com\/product\/kenter-shackle\/\",\"url\":\"https:\/\/qingdaohf.com\/product\/kenter-shackle\/\",\"name\":\"Kenter Shackle\",\"isPartOf\":{\"@id\":\"https:\/\/qingdaohf.com\/bg\/#website\"},\"primaryImageOfPage\":{\"@id\":\"https:\/\/qingdaohf.com\/product\/kenter-shackle\/#primaryimage\"},\"image\":{\"@id\":\"https:\/\/qingdaohf.com\/product\/kenter-shackle\/#primaryimage\"},\"thumbnailUrl\":\"https:\/\/qingdaohf.com\/wp-content\/uploads\/2024\/10\/Kenter-Shackle.webp\",\"datePublished\":\"2024-10-16T03:39:29+00:00\",\"dateModified\":\"2025-11-13T01:03:13+00:00\",\"breadcrumb\":{\"@id\":\"https:\/\/qingdaohf.com\/product\/kenter-shackle\/#breadcrumb\"},\"inLanguage\":\"et\",\"potentialAction\":[{\"@type\":\"ReadAction\",\"target\":[\"https:\/\/qingdaohf.com\/product\/kenter-shackle\/\"]}]},{\"@type\":\"ImageObject\",\"inLanguage\":\"et\",\"@id\":\"https:\/\/qingdaohf.com\/product\/kenter-shackle\/#primaryimage\",\"url\":\"https:\/\/qingdaohf.com\/wp-content\/uploads\/2024\/10\/Kenter-Shackle.webp\",\"contentUrl\":\"https:\/\/qingdaohf.com\/wp-content\/uploads\/2024\/10\/Kenter-Shackle.webp\",\"width\":800,\"height\":800,\"caption\":\"Kenter Shackle\"},{\"@type\":\"BreadcrumbList\",\"@id\":\"https:\/\/qingdaohf.com\/product\/kenter-shackle\/#breadcrumb\",\"itemListElement\":[{\"@type\":\"ListItem\",\"position\":1,\"name\":\"Home\",\"item\":\"https:\/\/qingdaohf.com\/\"},{\"@type\":\"ListItem\",\"position\":2,\"name\":\"Concrete Forming Accessories and Rigging Hardware\",\"item\":\"https:\/\/qingdaohf.com\/bg\/?page_id=944\"},{\"@type\":\"ListItem\",\"position\":3,\"name\":\"Kenter Shackle\"}]},{\"@type\":\"WebSite\",\"@id\":\"https:\/\/qingdaohf.com\/bg\/#website\",\"url\":\"https:\/\/qingdaohf.com\/bg\/\",\"name\":\"Concrete Form & Rigging Hardware Supplier\",\"description\":\"\",\"publisher\":{\"@id\":\"https:\/\/qingdaohf.com\/bg\/#organization\"},\"potentialAction\":[{\"@type\":\"SearchAction\",\"target\":{\"@type\":\"EntryPoint\",\"urlTemplate\":\"https:\/\/qingdaohf.com\/bg\/?s={search_term_string}\"},\"query-input\":{\"@type\":\"PropertyValueSpecification\",\"valueRequired\":true,\"valueName\":\"search_term_string\"}}],\"inLanguage\":\"et\"},{\"@type\":\"Organization\",\"@id\":\"https:\/\/qingdaohf.com\/bg\/#organization\",\"name\":\"Qingdao H&F\",\"url\":\"https:\/\/qingdaohf.com\/bg\/\",\"logo\":{\"@type\":\"ImageObject\",\"inLanguage\":\"et\",\"@id\":\"https:\/\/qingdaohf.com\/bg\/#\/schema\/logo\/image\/\",\"url\":\"https:\/\/qingdaohf.com\/wp-content\/uploads\/2022\/12\/cropped-HF-LOGO.png\",\"contentUrl\":\"https:\/\/qingdaohf.com\/wp-content\/uploads\/2022\/12\/cropped-HF-LOGO.png\",\"width\":391,\"height\":249,\"caption\":\"Qingdao H&F\"},\"image\":{\"@id\":\"https:\/\/qingdaohf.com\/bg\/#\/schema\/logo\/image\/\"},\"sameAs\":[\"https:\/\/www.facebook.com\/qingdaohf\"]}]}<\/script>\n<!-- \/ Yoast SEO plugin. -->","yoast_head_json":{"title":"Kenter Shackle","robots":{"index":"index","follow":"follow","max-snippet":"max-snippet:-1","max-image-preview":"max-image-preview:large","max-video-preview":"max-video-preview:-1"},"canonical":"https:\/\/qingdaohf.com\/et\/toode\/kenter-ahel\/","og_locale":"et_EE","og_type":"article","og_title":"Kenter Shackle","og_description":"The Kenter Shackle is a robust, versatile tool designed for seamless chain connections in heavy-duty applications. Engineered for strength and reliability, it is ideal for maritime, industrial, and construction use. Its durable construction and corrosion-resistant finish ensure long-lasting performance, even in challenging environments. With a user-friendly assembly and secure locking mechanism, the Kenter Shackle enhances safety and efficiency, making it a trusted choice for professionals seeking dependable connections.","og_url":"https:\/\/qingdaohf.com\/et\/toode\/kenter-ahel\/","og_site_name":"Concrete Form &amp; Rigging Hardware Supplier","article_publisher":"https:\/\/www.facebook.com\/qingdaohf","article_modified_time":"2025-11-13T01:03:13+00:00","og_image":[{"width":800,"height":800,"url":"https:\/\/qingdaohf.com\/wp-content\/uploads\/2024\/10\/Kenter-Shackle.webp","type":"image\/webp"}],"twitter_card":"summary_large_image","twitter_misc":{"Est. reading time":"7 minutit"},"schema":{"@context":"https:\/\/schema.org","@graph":[{"@type":"WebPage","@id":"https:\/\/qingdaohf.com\/product\/kenter-shackle\/","url":"https:\/\/qingdaohf.com\/product\/kenter-shackle\/","name":"Kenter Shackle","isPartOf":{"@id":"https:\/\/qingdaohf.com\/bg\/#website"},"primaryImageOfPage":{"@id":"https:\/\/qingdaohf.com\/product\/kenter-shackle\/#primaryimage"},"image":{"@id":"https:\/\/qingdaohf.com\/product\/kenter-shackle\/#primaryimage"},"thumbnailUrl":"https:\/\/qingdaohf.com\/wp-content\/uploads\/2024\/10\/Kenter-Shackle.webp","datePublished":"2024-10-16T03:39:29+00:00","dateModified":"2025-11-13T01:03:13+00:00","breadcrumb":{"@id":"https:\/\/qingdaohf.com\/product\/kenter-shackle\/#breadcrumb"},"inLanguage":"et","potentialAction":[{"@type":"ReadAction","target":["https:\/\/qingdaohf.com\/product\/kenter-shackle\/"]}]},{"@type":"ImageObject","inLanguage":"et","@id":"https:\/\/qingdaohf.com\/product\/kenter-shackle\/#primaryimage","url":"https:\/\/qingdaohf.com\/wp-content\/uploads\/2024\/10\/Kenter-Shackle.webp","contentUrl":"https:\/\/qingdaohf.com\/wp-content\/uploads\/2024\/10\/Kenter-Shackle.webp","width":800,"height":800,"caption":"Kenter Shackle"},{"@type":"BreadcrumbList","@id":"https:\/\/qingdaohf.com\/product\/kenter-shackle\/#breadcrumb","itemListElement":[{"@type":"ListItem","position":1,"name":"Home","item":"https:\/\/qingdaohf.com\/"},{"@type":"ListItem","position":2,"name":"Concrete Forming Accessories and Rigging Hardware","item":"https:\/\/qingdaohf.com\/bg\/?page_id=944"},{"@type":"ListItem","position":3,"name":"Kenter Shackle"}]},{"@type":"WebSite","@id":"https:\/\/qingdaohf.com\/bg\/#website","url":"https:\/\/qingdaohf.com\/bg\/","name":"Concrete Form & Rigging Hardware Supplier","description":"","publisher":{"@id":"https:\/\/qingdaohf.com\/bg\/#organization"},"potentialAction":[{"@type":"SearchAction","target":{"@type":"EntryPoint","urlTemplate":"https:\/\/qingdaohf.com\/bg\/?s={search_term_string}"},"query-input":{"@type":"PropertyValueSpecification","valueRequired":true,"valueName":"search_term_string"}}],"inLanguage":"et"},{"@type":"Organization","@id":"https:\/\/qingdaohf.com\/bg\/#organization","name":"Qingdao H&F","url":"https:\/\/qingdaohf.com\/bg\/","logo":{"@type":"ImageObject","inLanguage":"et","@id":"https:\/\/qingdaohf.com\/bg\/#\/schema\/logo\/image\/","url":"https:\/\/qingdaohf.com\/wp-content\/uploads\/2022\/12\/cropped-HF-LOGO.png","contentUrl":"https:\/\/qingdaohf.com\/wp-content\/uploads\/2022\/12\/cropped-HF-LOGO.png","width":391,"height":249,"caption":"Qingdao H&F"},"image":{"@id":"https:\/\/qingdaohf.com\/bg\/#\/schema\/logo\/image\/"},"sameAs":["https:\/\/www.facebook.com\/qingdaohf"]}]}},"_links":{"self":[{"href":"https:\/\/qingdaohf.com\/et\/wp-json\/wp\/v2\/product\/8065","targetHints":{"allow":["GET"]}}],"collection":[{"href":"https:\/\/qingdaohf.com\/et\/wp-json\/wp\/v2\/product"}],"about":[{"href":"https:\/\/qingdaohf.com\/et\/wp-json\/wp\/v2\/types\/product"}],"replies":[{"embeddable":true,"href":"https:\/\/qingdaohf.com\/et\/wp-json\/wp\/v2\/comments?post=8065"}],"version-history":[{"count":3,"href":"https:\/\/qingdaohf.com\/et\/wp-json\/wp\/v2\/product\/8065\/revisions"}],"predecessor-version":[{"id":8073,"href":"https:\/\/qingdaohf.com\/et\/wp-json\/wp\/v2\/product\/8065\/revisions\/8073"}],"wp:featuredmedia":[{"embeddable":true,"href":"https:\/\/qingdaohf.com\/et\/wp-json\/wp\/v2\/media\/8066"}],"wp:attachment":[{"href":"https:\/\/qingdaohf.com\/et\/wp-json\/wp\/v2\/media?parent=8065"}],"wp:term":[{"taxonomy":"product_brand","embeddable":true,"href":"https:\/\/qingdaohf.com\/et\/wp-json\/wp\/v2\/product_brand?post=8065"},{"taxonomy":"product_cat","embeddable":true,"href":"https:\/\/qingdaohf.com\/et\/wp-json\/wp\/v2\/product_cat?post=8065"},{"taxonomy":"product_tag","embeddable":true,"href":"https:\/\/qingdaohf.com\/et\/wp-json\/wp\/v2\/product_tag?post=8065"}],"curies":[{"name":"wp","href":"https:\/\/api.w.org\/{rel}","templated":true}]}}