{"id":8075,"date":"2024-10-16T11:55:09","date_gmt":"2024-10-16T03:55:09","guid":{"rendered":"http:\/\/qingdaohf.com\/?post_type=product&#038;p=8075"},"modified":"2025-11-13T09:03:13","modified_gmt":"2025-11-13T01:03:13","slug":"air-vent-grille-covers","status":"publish","type":"product","link":"https:\/\/qingdaohf.com\/et\/toode\/ohuventilaatori-vore-katted\/","title":{"rendered":"\u00d5huventilaatori v\u00f5re katted"},"content":{"rendered":"<p>Ventilatsioonil\u00f5\u00f5ride katted m\u00e4ngivad olulist rolli mugava ja tervisliku sisekeskkonna s\u00e4ilitamisel. Sageli t\u00e4helepanuta j\u00e4etud komponendid on olulised \u00f5huvoolu reguleerimisel, tolmu kogunemise v\u00e4hendamisel ja ventilatsioonis\u00fcsteemi \u00fcldise t\u00f5hususe suurendamisel. Meie \u00f5huventilatsiooni v\u00f5rede katted on disainitud nii funktsionaalsust kui ka stiili silmas pidades, pakkudes t\u00e4iuslikku tasakaalu tulemuslikkuse ja visuaalse atraktiivsuse vahel erinevates keskkondades.<\/p>\n<h3>Sise\u00f5hu kvaliteedi ja mugavuse parandamine<\/h3>\n<p>Hea \u00f5huringlus on iga h\u00e4sti hooldatud ruumi nurgakivi, olgu see siis hubane kodu v\u00f5i vilgas \u00e4rihoone. N\u00f5uetekohaselt toimivad \u00f5huventilatsiooni v\u00f5rede katted tagavad, et \u00f5hk liigub vabalt k\u00f5ikides ruumides, v\u00f5imaldades k\u00fctte-, jahutus- ja ventilatsioonis\u00fcsteemide maksimaalse t\u00f5hususe. Meie \u00f5huventilaatorite v\u00f5rede katetega muutub \u00f5hu jaotumine \u00fchtlasemaks, mis toob kaasa parema temperatuuri reguleerimise ja v\u00e4hendab soovimatuid kuuma- v\u00f5i k\u00fclmakohti.<\/p>\n<p>Lisaks paremale mugavusele v\u00f5ib \u00f5ige restikate oluliselt parandada sise\u00f5hu kvaliteeti. Filtreerides v\u00e4lja suuremad tolmuosakesed ja takistades prahi sattumist kanalitesse, aitavad need katted s\u00e4ilitada puhtamat keskkonda. See eelis on eriti v\u00e4\u00e4rtuslik allergiliste v\u00f5i hingamisteede probleemidega kodudes, kus tolmuvabade ruumide s\u00e4ilitamine v\u00f5ib olla v\u00e4ga oluline. Seega, investeerides kvaliteetsetesse ventilatsiooniavade v\u00f5rede katetele, aitab see kaasa tervislikumale ja meeldivamale eluruumile.<\/p>\n<h3>Vastupidav disain pikaajaliseks j\u00f5udluseks<\/h3>\n<p>\u00dcks meie ventilatsiooniava v\u00f5rede katete silmapaistvaid omadusi on nende tugev konstruktsioon. Esmaklassilistest materjalidest valmistatud katted on ehitatud nii, et need peavad vastu. Erinevalt standardsetest variantidest, mis v\u00f5ivad kiiresti kuluda v\u00f5i laguneda, s\u00e4ilitavad meie v\u00f5rekaitsed oma struktuurilise terviklikkuse isegi suure liiklusega piirkondades v\u00f5i muutuvates temperatuuritingimustes. See vastupidavus tagab, et p\u00e4rast paigaldamist v\u00f5ite usaldada nende katete usaldusv\u00e4\u00e4rset toimimist ilma sagedaste vahetusteta.<\/p>\n<p>Nende v\u00f5rega kaetud katete disain on samuti suunatud lihtsale hooldusele. Nende sileda pinna ja h\u00e4sti v\u00e4ljat\u00f6\u00f6tatud lamellide t\u00f5ttu on puhastamine lihtne. Minimeerides tolmu kogunemist katte enda k\u00fclge, v\u00e4hendavad need hooldamiseks vajalikku aega ja vaeva. Selline hoolduse lihtsus ei hoia mitte ainult teie ventilatsioonis\u00fcsteemi t\u00f5rgeteta t\u00f6\u00f6s, vaid aitab ka pikendada teie HVAC-komponentide kasutusiga, ennetades ummistumist ja ebaefektiivsust.<\/p>\n<p>Lisaks tugevale konstruktsioonile on meie ventilatsiooni\u00f5hu resti katted saadaval erinevates viimistlustes, mis tagavad, et need sobivad teie ruumi esteetikaga. Alates elegantsetest, moodsatest stiilidest, mis sobituvad sujuvalt kaasaegse interj\u00f6\u00f6riga, kuni klassikalise disainini, mis t\u00e4iendab traditsioonilist sisekujundust, on olemas iga eelistuse jaoks sobiv v\u00f5rega kate. Selline mitmek\u00fclgsus teeb neist suurep\u00e4rase valiku nii uute ehitiste kui ka renoveerimisprojektide jaoks.<\/p>\n<h3>J\u00e4tkusuutlik valik keskkonnas\u00f5braliku ruumi jaoks<\/h3>\n<p>T\u00e4nap\u00e4eva maailmas on keskkonnas\u00f5bralike valikute tegemine muutunud olulisemaks kui kunagi varem. Meie \u00f5huventilaatorite katete disainimisel on silmas peetud j\u00e4tkusuutlikkust, kasutades materjale, mis ei ole mitte ainult vastupidavad, vaid ka keskkonnas\u00f5bralikud. Valides tooteid, mis kestavad kaua, aitate v\u00e4hendada j\u00e4\u00e4tmeteket, kuna neid on v\u00e4hem vaja sageli v\u00e4lja vahetada. Selline pikaealisus on koosk\u00f5las eesm\u00e4rkidega v\u00e4hendada keskkonnam\u00f5ju ja toetada j\u00e4tkusuutlikumat tulevikku.<\/p>\n<p>Lisaks sellele aitavad need v\u00f5rega kaetud korgid ventilatsioonis\u00fcsteemi t\u00f5husust suurendades v\u00e4hendada energiatarbimist. T\u00f5hus \u00f5hujaotus t\u00e4hendab, et k\u00fctte- ja jahutuss\u00fcsteemid ei pea soovitud temperatuuri s\u00e4ilitamiseks nii palju t\u00f6\u00f6d tegema, mille tulemuseks on v\u00e4iksemad energiaarved ja s\u00fcsteemi v\u00e4iksem koormus. \u00c4rikeskkondades v\u00f5ib see aja jooksul kaasa tuua m\u00e4rkimisv\u00e4\u00e4rse kulude kokkuhoiu, mist\u00f5ttu on meie v\u00f5rega katted m\u00f5istlik investeering ettev\u00f5tetele, kes soovivad oma energiakasutust optimeerida.<\/p>\n<p>Meie p\u00fchendumus j\u00e4tkusuutlikkusele ulatub kaugemale toote tulemuslikkusest. Me tagame, et nende ventilatsiooniv\u00f5rede katete tootmisprotsess j\u00e4rgib keskkonnastandardeid, minimeerides j\u00e4\u00e4tmeid ja kasutades energiat\u00f5husaid meetodeid. See p\u00fchendumine keskkonnas\u00f5bralikele tavadele muudab meie v\u00f5rega kaetud katte sobilikuks valikuks neile, kes hindavad rohelise ehituse p\u00f5him\u00f5tteid ja soovivad neid oma projektidesse kaasata.<\/p>\n<h3>Sobib ideaalselt elamu- ja \u00e4riruumidesse<\/h3>\n<p>\u00dcksk\u00f5ik, kas olete uuendamas kodu-, kontori- v\u00f5i jaem\u00fc\u00fcgiruumi ventilatsiooni, meie ventilatsiooniv\u00f5rede katted on m\u00f5eldud vastama erinevate keskkondade n\u00f5udmistele. Eluruumides pakuvad need peent, kuid stiilset viisi \u00f5huvoolu parandamiseks, sulandudes samal ajal sujuvalt sisekujundusega. Pered saavad nautida parema \u00f5hukvaliteedi eeliseid, eriti elutubades, magamistubades ja muudes suure kasutusega ruumides, kus mugav atmosf\u00e4\u00e4ri s\u00e4ilitamine on oluline.<\/p>\n<p>\u00c4riruumides, n\u00e4iteks kontorihoonetes v\u00f5i jaem\u00fc\u00fcgipoodides, m\u00e4ngib ventilatsioon kriitilist rolli nii t\u00f6\u00f6tajate kui ka klientide mugavuse tagamisel. Meie v\u00f5rekaitsed pakuvad t\u00f5husat lahendust \u00f5huvoolu juhtimiseks, aidates s\u00e4ilitada keskkonda, mis tundub v\u00e4rske ja kutsuv. Nende vastupidav konstruktsioon tagab, et nad suudavad toime tulla suure liiklusega ruumide n\u00f5udmistega, samas kui nende kaasaegne v\u00e4limus aitab kaasa professionaalsele ja lihvitud v\u00e4limusele.<\/p>\n<p>Lisaks sellele on meie ventilatsiooniavade v\u00f5rede katted saadaval erinevates suurustes, tagades t\u00e4iusliku sobivuse igale kanaliaugule. Saadaval on ka kohandamisv\u00f5imalused, mis v\u00f5imaldavad teil valida suuruse ja viimistluse, mis vastab k\u00f5ige paremini teie konkreetsetele vajadustele. Selline kohandatavus tagab, et iga paigaldus on sujuv, ilma et oleks vaja teha t\u00e4iendavaid kohandusi v\u00f5i muudatusi. See t\u00e4hendab ka seda, et saate saavutada \u00fchtse v\u00e4limuse kogu oma ruumis, mis suurendab teie sisekujunduse \u00fcldist sidusust.<\/p>\n<h3>Kasutage suurep\u00e4rase ventilatsioonilahenduse eeliseid<\/h3>\n<p>Investeerimine meie ventilatsiooniavade v\u00f5rede kattesse pakub enamat kui lihtsalt kosmeetilist uuendust - see t\u00e4iustab kogu teie ventilatsioonis\u00fcsteemi funktsionaalselt. Kvaliteetsete v\u00f5rede katete valik v\u00f5ib m\u00f5jutada \u00f5hu liikumise t\u00f5husust, ruumi puhtust ja isegi teie HVAC-s\u00fcsteemi pikaealisust. Meie tooted t\u00e4idavad k\u00f5iki neid \u00fclesandeid, mis teeb neist v\u00e4\u00e4rtusliku t\u00e4ienduse igale kodule v\u00f5i ettev\u00f5ttele.<\/p>\n<p>Valides meie restikatted, ei sea te mitte ainult teie ruumi kasutajate mugavust ja heaolu esikohale, vaid astute ka samme j\u00e4tkusuutlikuma ja kuluefektiivsema tuleviku suunas. T\u00e4nu paremale \u00f5huvoolule ja disainile, mis peab vastu, tagavad need katted, et saate optimeeritud ventilatsioonis\u00fcsteemi eeliseid nautida aastaid. Kogege erinevust, mida kvaliteetsed ventilatsioonilahendused v\u00f5ivad teha, ja t\u00f5stke oma ruumi meie asjatundlikult valmistatud ventilatsiooniv\u00f5rede katetega.<\/p>\n<p>Meie p\u00fchendumine tipptasemel toodete pakkumisele koos erakordse klienditeenindusega tagab, et teie kogemus meiega on sujuv algusest l\u00f5puni. Me m\u00f5istame usaldusv\u00e4\u00e4rse ja t\u00f5husa ventilatsioonis\u00fcsteemi olulisust ning meie ventilatsiooni\u00f5hu kaitsekatted on loodud just selleks. Need katted on vastupidavuse, esteetilisuse ja j\u00e4tkusuutliku disaini kombinatsiooniga l\u00e4bim\u00f5eldud valik neile, kes hindavad kvaliteeti ja j\u00f5udlust igas detailis.<\/p>\n<p>Uuendage oma ventilatsioonis\u00fcsteemi juba t\u00e4na ja avastage, kuidas meie ventilatsiooniv\u00f5rede katted v\u00f5ivad muuta teie ruumi mugavamaks, energiat\u00f5husamaks ja stiilsemaks. Alates esimesest v\u00e4rskest \u00f5huhingamisest m\u00e4rkate erinevust, mida k\u00f5rgekvaliteedilised v\u00f5rede katted v\u00f5ivad teha, tuues teie koju v\u00f5i ettev\u00f5ttesse p\u00fcsivat v\u00e4\u00e4rtust.<\/p>","protected":false},"excerpt":{"rendered":"<p>Uuendage oma ventilatsioonis\u00fcsteemi meie k\u00f5rgekvaliteediliste \u00f5huventilatsiooni v\u00f5rede katetega, mis on loodud optimaalse \u00f5huvoolu ja kaasaegse esteetika tagamiseks. Vastupidavatest materjalidest valmistatud katted parandavad \u00f5huringlust, v\u00e4hendavad tolmu kogunemist ja sobituvad sujuvalt mis tahes sisekujundusega. Need sobivad ideaalselt nii elu- kui ka \u00e4riruumidesse ja tagavad puhtama ja v\u00e4rskema keskkonna.<\/p>","protected":false},"featured_media":8080,"comment_status":"open","ping_status":"closed","template":"","meta":{"site-sidebar-layout":"default","site-content-layout":"","ast-site-content-layout":"default","site-content-style":"default","site-sidebar-style":"default","ast-global-header-display":"","ast-banner-title-visibility":"","ast-main-header-display":"","ast-hfb-above-header-display":"","ast-hfb-below-header-display":"","ast-hfb-mobile-header-display":"","site-post-title":"","ast-breadcrumbs-content":"","ast-featured-img":"","footer-sml-layout":"","theme-transparent-header-meta":"default","adv-header-id-meta":"","stick-header-meta":"default","header-above-stick-meta":"","header-main-stick-meta":"","header-below-stick-meta":"","astra-migrate-meta-layouts":"set","ast-page-background-enabled":"default","ast-page-background-meta":{"desktop":{"background-color":"","background-image":"","background-repeat":"repeat","background-position":"center center","background-size":"auto","background-attachment":"scroll","background-type":"","background-media":"","overlay-type":"","overlay-color":"","overlay-opacity":"","overlay-gradient":""},"tablet":{"background-color":"","background-image":"","background-repeat":"repeat","background-position":"center center","background-size":"auto","background-attachment":"scroll","background-type":"","background-media":"","overlay-type":"","overlay-color":"","overlay-opacity":"","overlay-gradient":""},"mobile":{"background-color":"","background-image":"","background-repeat":"repeat","background-position":"center center","background-size":"auto","background-attachment":"scroll","background-type":"","background-media":"","overlay-type":"","overlay-color":"","overlay-opacity":"","overlay-gradient":""}},"ast-content-background-meta":{"desktop":{"background-color":"var(--ast-global-color-5)","background-image":"","background-repeat":"repeat","background-position":"center center","background-size":"auto","background-attachment":"scroll","background-type":"","background-media":"","overlay-type":"","overlay-color":"","overlay-opacity":"","overlay-gradient":""},"tablet":{"background-color":"var(--ast-global-color-5)","background-image":"","background-repeat":"repeat","background-position":"center center","background-size":"auto","background-attachment":"scroll","background-type":"","background-media":"","overlay-type":"","overlay-color":"","overlay-opacity":"","overlay-gradient":""},"mobile":{"background-color":"var(--ast-global-color-5)","background-image":"","background-repeat":"repeat","background-position":"center center","background-size":"auto","background-attachment":"scroll","background-type":"","background-media":"","overlay-type":"","overlay-color":"","overlay-opacity":"","overlay-gradient":""}}},"product_brand":[],"product_cat":[50],"product_tag":[],"class_list":{"0":"post-8075","1":"product","2":"type-product","3":"status-publish","4":"has-post-thumbnail","6":"product_cat-concrete-form-accessories","7":"desktop-align-left","8":"tablet-align-left","9":"mobile-align-left","10":"ast-product-gallery-layout-horizontal-slider","11":"ast-product-tabs-layout-horizontal","13":"first","14":"instock","15":"shipping-taxable","16":"purchasable","17":"product-type-simple"},"yoast_head":"<!-- This site is optimized with the Yoast SEO plugin v25.2 - https:\/\/yoast.com\/wordpress\/plugins\/seo\/ -->\n<title>Air Vent Grille Covers<\/title>\n<meta name=\"robots\" content=\"index, follow, max-snippet:-1, max-image-preview:large, max-video-preview:-1\" \/>\n<link rel=\"canonical\" href=\"https:\/\/qingdaohf.com\/et\/toode\/ohuventilaatori-vore-katted\/\" \/>\n<meta property=\"og:locale\" content=\"et_EE\" \/>\n<meta property=\"og:type\" content=\"article\" \/>\n<meta property=\"og:title\" content=\"Air Vent Grille Covers\" \/>\n<meta property=\"og:description\" content=\"Upgrade your ventilation system with our high-quality Air Vent Grille Covers, designed for optimal airflow and modern aesthetics. Made from durable materials, these covers enhance air circulation, reduce dust buildup, and blend seamlessly with any interior decor. Ideal for both residential and commercial spaces, they ensure a cleaner, fresher environment.\" \/>\n<meta property=\"og:url\" content=\"https:\/\/qingdaohf.com\/et\/toode\/ohuventilaatori-vore-katted\/\" \/>\n<meta property=\"og:site_name\" content=\"Concrete Form &amp; Rigging Hardware Supplier\" \/>\n<meta property=\"article:publisher\" content=\"https:\/\/www.facebook.com\/qingdaohf\" \/>\n<meta property=\"article:modified_time\" content=\"2025-11-13T01:03:13+00:00\" \/>\n<meta property=\"og:image\" content=\"https:\/\/qingdaohf.com\/wp-content\/uploads\/2024\/10\/Air-vent-grille-covers-3.webp\" \/>\n\t<meta property=\"og:image:width\" content=\"1000\" \/>\n\t<meta property=\"og:image:height\" content=\"1000\" \/>\n\t<meta property=\"og:image:type\" content=\"image\/webp\" \/>\n<meta name=\"twitter:card\" content=\"summary_large_image\" \/>\n<meta name=\"twitter:label1\" content=\"Est. reading time\" \/>\n\t<meta name=\"twitter:data1\" content=\"6 minutit\" \/>\n<script type=\"application\/ld+json\" class=\"yoast-schema-graph\">{\"@context\":\"https:\/\/schema.org\",\"@graph\":[{\"@type\":\"WebPage\",\"@id\":\"https:\/\/qingdaohf.com\/product\/air-vent-grille-covers\/\",\"url\":\"https:\/\/qingdaohf.com\/product\/air-vent-grille-covers\/\",\"name\":\"Air Vent Grille Covers\",\"isPartOf\":{\"@id\":\"https:\/\/qingdaohf.com\/bg\/#website\"},\"primaryImageOfPage\":{\"@id\":\"https:\/\/qingdaohf.com\/product\/air-vent-grille-covers\/#primaryimage\"},\"image\":{\"@id\":\"https:\/\/qingdaohf.com\/product\/air-vent-grille-covers\/#primaryimage\"},\"thumbnailUrl\":\"https:\/\/qingdaohf.com\/wp-content\/uploads\/2024\/10\/Air-vent-grille-covers-3.webp\",\"datePublished\":\"2024-10-16T03:55:09+00:00\",\"dateModified\":\"2025-11-13T01:03:13+00:00\",\"breadcrumb\":{\"@id\":\"https:\/\/qingdaohf.com\/product\/air-vent-grille-covers\/#breadcrumb\"},\"inLanguage\":\"et\",\"potentialAction\":[{\"@type\":\"ReadAction\",\"target\":[\"https:\/\/qingdaohf.com\/product\/air-vent-grille-covers\/\"]}]},{\"@type\":\"ImageObject\",\"inLanguage\":\"et\",\"@id\":\"https:\/\/qingdaohf.com\/product\/air-vent-grille-covers\/#primaryimage\",\"url\":\"https:\/\/qingdaohf.com\/wp-content\/uploads\/2024\/10\/Air-vent-grille-covers-3.webp\",\"contentUrl\":\"https:\/\/qingdaohf.com\/wp-content\/uploads\/2024\/10\/Air-vent-grille-covers-3.webp\",\"width\":1000,\"height\":1000,\"caption\":\"Air vent grille covers\"},{\"@type\":\"BreadcrumbList\",\"@id\":\"https:\/\/qingdaohf.com\/product\/air-vent-grille-covers\/#breadcrumb\",\"itemListElement\":[{\"@type\":\"ListItem\",\"position\":1,\"name\":\"Home\",\"item\":\"https:\/\/qingdaohf.com\/\"},{\"@type\":\"ListItem\",\"position\":2,\"name\":\"Concrete Forming Accessories and Rigging Hardware\",\"item\":\"https:\/\/qingdaohf.com\/bg\/?page_id=944\"},{\"@type\":\"ListItem\",\"position\":3,\"name\":\"Air Vent Grille Covers\"}]},{\"@type\":\"WebSite\",\"@id\":\"https:\/\/qingdaohf.com\/bg\/#website\",\"url\":\"https:\/\/qingdaohf.com\/bg\/\",\"name\":\"Concrete Form & Rigging Hardware Supplier\",\"description\":\"\",\"publisher\":{\"@id\":\"https:\/\/qingdaohf.com\/bg\/#organization\"},\"potentialAction\":[{\"@type\":\"SearchAction\",\"target\":{\"@type\":\"EntryPoint\",\"urlTemplate\":\"https:\/\/qingdaohf.com\/bg\/?s={search_term_string}\"},\"query-input\":{\"@type\":\"PropertyValueSpecification\",\"valueRequired\":true,\"valueName\":\"search_term_string\"}}],\"inLanguage\":\"et\"},{\"@type\":\"Organization\",\"@id\":\"https:\/\/qingdaohf.com\/bg\/#organization\",\"name\":\"Qingdao H&F\",\"url\":\"https:\/\/qingdaohf.com\/bg\/\",\"logo\":{\"@type\":\"ImageObject\",\"inLanguage\":\"et\",\"@id\":\"https:\/\/qingdaohf.com\/bg\/#\/schema\/logo\/image\/\",\"url\":\"https:\/\/qingdaohf.com\/wp-content\/uploads\/2022\/12\/cropped-HF-LOGO.png\",\"contentUrl\":\"https:\/\/qingdaohf.com\/wp-content\/uploads\/2022\/12\/cropped-HF-LOGO.png\",\"width\":391,\"height\":249,\"caption\":\"Qingdao H&F\"},\"image\":{\"@id\":\"https:\/\/qingdaohf.com\/bg\/#\/schema\/logo\/image\/\"},\"sameAs\":[\"https:\/\/www.facebook.com\/qingdaohf\"]}]}<\/script>\n<!-- \/ Yoast SEO plugin. -->","yoast_head_json":{"title":"Air Vent Grille Covers","robots":{"index":"index","follow":"follow","max-snippet":"max-snippet:-1","max-image-preview":"max-image-preview:large","max-video-preview":"max-video-preview:-1"},"canonical":"https:\/\/qingdaohf.com\/et\/toode\/ohuventilaatori-vore-katted\/","og_locale":"et_EE","og_type":"article","og_title":"Air Vent Grille Covers","og_description":"Upgrade your ventilation system with our high-quality Air Vent Grille Covers, designed for optimal airflow and modern aesthetics. Made from durable materials, these covers enhance air circulation, reduce dust buildup, and blend seamlessly with any interior decor. Ideal for both residential and commercial spaces, they ensure a cleaner, fresher environment.","og_url":"https:\/\/qingdaohf.com\/et\/toode\/ohuventilaatori-vore-katted\/","og_site_name":"Concrete Form &amp; Rigging Hardware Supplier","article_publisher":"https:\/\/www.facebook.com\/qingdaohf","article_modified_time":"2025-11-13T01:03:13+00:00","og_image":[{"width":1000,"height":1000,"url":"https:\/\/qingdaohf.com\/wp-content\/uploads\/2024\/10\/Air-vent-grille-covers-3.webp","type":"image\/webp"}],"twitter_card":"summary_large_image","twitter_misc":{"Est. reading time":"6 minutit"},"schema":{"@context":"https:\/\/schema.org","@graph":[{"@type":"WebPage","@id":"https:\/\/qingdaohf.com\/product\/air-vent-grille-covers\/","url":"https:\/\/qingdaohf.com\/product\/air-vent-grille-covers\/","name":"Air Vent Grille Covers","isPartOf":{"@id":"https:\/\/qingdaohf.com\/bg\/#website"},"primaryImageOfPage":{"@id":"https:\/\/qingdaohf.com\/product\/air-vent-grille-covers\/#primaryimage"},"image":{"@id":"https:\/\/qingdaohf.com\/product\/air-vent-grille-covers\/#primaryimage"},"thumbnailUrl":"https:\/\/qingdaohf.com\/wp-content\/uploads\/2024\/10\/Air-vent-grille-covers-3.webp","datePublished":"2024-10-16T03:55:09+00:00","dateModified":"2025-11-13T01:03:13+00:00","breadcrumb":{"@id":"https:\/\/qingdaohf.com\/product\/air-vent-grille-covers\/#breadcrumb"},"inLanguage":"et","potentialAction":[{"@type":"ReadAction","target":["https:\/\/qingdaohf.com\/product\/air-vent-grille-covers\/"]}]},{"@type":"ImageObject","inLanguage":"et","@id":"https:\/\/qingdaohf.com\/product\/air-vent-grille-covers\/#primaryimage","url":"https:\/\/qingdaohf.com\/wp-content\/uploads\/2024\/10\/Air-vent-grille-covers-3.webp","contentUrl":"https:\/\/qingdaohf.com\/wp-content\/uploads\/2024\/10\/Air-vent-grille-covers-3.webp","width":1000,"height":1000,"caption":"Air vent grille covers"},{"@type":"BreadcrumbList","@id":"https:\/\/qingdaohf.com\/product\/air-vent-grille-covers\/#breadcrumb","itemListElement":[{"@type":"ListItem","position":1,"name":"Home","item":"https:\/\/qingdaohf.com\/"},{"@type":"ListItem","position":2,"name":"Concrete Forming Accessories and Rigging Hardware","item":"https:\/\/qingdaohf.com\/bg\/?page_id=944"},{"@type":"ListItem","position":3,"name":"Air Vent Grille Covers"}]},{"@type":"WebSite","@id":"https:\/\/qingdaohf.com\/bg\/#website","url":"https:\/\/qingdaohf.com\/bg\/","name":"Concrete Form & Rigging Hardware Supplier","description":"","publisher":{"@id":"https:\/\/qingdaohf.com\/bg\/#organization"},"potentialAction":[{"@type":"SearchAction","target":{"@type":"EntryPoint","urlTemplate":"https:\/\/qingdaohf.com\/bg\/?s={search_term_string}"},"query-input":{"@type":"PropertyValueSpecification","valueRequired":true,"valueName":"search_term_string"}}],"inLanguage":"et"},{"@type":"Organization","@id":"https:\/\/qingdaohf.com\/bg\/#organization","name":"Qingdao H&F","url":"https:\/\/qingdaohf.com\/bg\/","logo":{"@type":"ImageObject","inLanguage":"et","@id":"https:\/\/qingdaohf.com\/bg\/#\/schema\/logo\/image\/","url":"https:\/\/qingdaohf.com\/wp-content\/uploads\/2022\/12\/cropped-HF-LOGO.png","contentUrl":"https:\/\/qingdaohf.com\/wp-content\/uploads\/2022\/12\/cropped-HF-LOGO.png","width":391,"height":249,"caption":"Qingdao H&F"},"image":{"@id":"https:\/\/qingdaohf.com\/bg\/#\/schema\/logo\/image\/"},"sameAs":["https:\/\/www.facebook.com\/qingdaohf"]}]}},"_links":{"self":[{"href":"https:\/\/qingdaohf.com\/et\/wp-json\/wp\/v2\/product\/8075","targetHints":{"allow":["GET"]}}],"collection":[{"href":"https:\/\/qingdaohf.com\/et\/wp-json\/wp\/v2\/product"}],"about":[{"href":"https:\/\/qingdaohf.com\/et\/wp-json\/wp\/v2\/types\/product"}],"replies":[{"embeddable":true,"href":"https:\/\/qingdaohf.com\/et\/wp-json\/wp\/v2\/comments?post=8075"}],"version-history":[{"count":3,"href":"https:\/\/qingdaohf.com\/et\/wp-json\/wp\/v2\/product\/8075\/revisions"}],"predecessor-version":[{"id":8092,"href":"https:\/\/qingdaohf.com\/et\/wp-json\/wp\/v2\/product\/8075\/revisions\/8092"}],"wp:featuredmedia":[{"embeddable":true,"href":"https:\/\/qingdaohf.com\/et\/wp-json\/wp\/v2\/media\/8080"}],"wp:attachment":[{"href":"https:\/\/qingdaohf.com\/et\/wp-json\/wp\/v2\/media?parent=8075"}],"wp:term":[{"taxonomy":"product_brand","embeddable":true,"href":"https:\/\/qingdaohf.com\/et\/wp-json\/wp\/v2\/product_brand?post=8075"},{"taxonomy":"product_cat","embeddable":true,"href":"https:\/\/qingdaohf.com\/et\/wp-json\/wp\/v2\/product_cat?post=8075"},{"taxonomy":"product_tag","embeddable":true,"href":"https:\/\/qingdaohf.com\/et\/wp-json\/wp\/v2\/product_tag?post=8075"}],"curies":[{"name":"wp","href":"https:\/\/api.w.org\/{rel}","templated":true}]}}