{"id":8102,"date":"2024-10-24T16:40:15","date_gmt":"2024-10-24T08:40:15","guid":{"rendered":"http:\/\/qingdaohf.com\/?post_type=product&#038;p=8102"},"modified":"2025-11-13T09:03:13","modified_gmt":"2025-11-13T01:03:13","slug":"1x19-wire-rope","status":"publish","type":"product","link":"https:\/\/qingdaohf.com\/et\/toode\/1x19-tross\/","title":{"rendered":"1\u00d719 Tross"},"content":{"rendered":"<h3><strong>P\u00f5hjalik \u00fclevaade 1\u00d719 trossist<\/strong><\/h3>\n<p>1\u00d719 tross on v\u00e4ga spetsialiseeritud terastross, mis on m\u00f5eldud rakenduste jaoks, mis n\u00f5uavad tugevust, minimaalset venitust ja j\u00e4ikust. 1\u00d719 konstruktsioon, mis koosneb 19 \u00fcksikutest trossidest, mis on keeratud \u00fcheks ahelaks, pakub suurep\u00e4rast t\u00f5mbetugevust ja v\u00e4hest painduvust, mist\u00f5ttu on see optimaalne valik pingutusseadmete jaoks, kus struktuuriline terviklikkus on oluline. Seda t\u00fc\u00fcpi trossi kasutatakse laialdaselt paljudes t\u00f6\u00f6stusharudes, sealhulgas ehitus-, mere- ja arhitektuurisektoris, kuna see suudab s\u00e4ilitada stabiilsuse koormuse all ilma m\u00e4rkimisv\u00e4\u00e4rse pikenemiseta.<\/p>\n<p>1\u00d719 trossi iseloomulikuks tunnuseks on selle konstruktsioon. 19 trossi on tihedalt kokku keritud, et moodustada \u00fcks kindel tross. Selline konfiguratsioon loob trossi, mis on suurep\u00e4rane staatilistes rakendustes, kus stabiilsus ja venimiskindlus on t\u00e4htsamad kui paindlikkus. Seet\u00f5ttu kasutatakse 1\u00d719 trossi sageli sildamiss\u00fcsteemides, jahtide taglastes, rippsildades ja konstruktsioonitugedes, kus t\u00e4pne pingutus on s\u00fcsteemi terviklikkuse seisukohalt kriitilise t\u00e4htsusega.<\/p>\n<h3><strong>Materjali koostis ja selle eelised<\/strong><\/h3>\n<p>1\u00d719 trossi valmistatakse tavaliselt kas roostevabast terasest v\u00f5i tsingitud terasest, mis on kaks materjali, mis on valitud nende vastava tugevuse ja keskkonnakindluse t\u00f5ttu. Roostevabast terasest tross on v\u00e4ga hinnatud oma suurep\u00e4rase korrosioonikindluse t\u00f5ttu, eriti keskkondades, kus kokkupuude niiskuse v\u00f5i soolase veega on tavaline. Seet\u00f5ttu on roostevaba terastross 1\u00d719 parim valik merekeskkondades, kus seda kasutatakse sageli taglase, tugipostide, p\u00e4\u00e4stetrosside ja sildumisliinide jaoks.<\/p>\n<p>Tsingitud terastross seevastu pakub kuluefektiivsemat lahendust, ilma et selle vastupidavus oleks liialt v\u00e4henenud. Tsingitud terase tsingikate aitab kaitsta trossi rooste ja korrosiooni eest, mist\u00f5ttu sobib see t\u00f6\u00f6stus- ja ehitusrakendustes, kus keskkond on v\u00e4hem korrosiivne, kuid tugevus on siiski esmat\u00e4htis. Kuigi see ei ole nii korrosioonikindel kui roostevaba teras, sobib tsingitud terastross ideaalselt kasutamiseks v\u00e4litingimustes, n\u00e4iteks hoonetugede, kraanade ja \u00f5hut\u00f5stes\u00fcsteemide puhul.<\/p>\n<p>Nii roostevabast terasest kui ka tsingitud terasest 1\u00d719 trossi versioonid on m\u00f5eldud suure pinge all t\u00f6\u00f6tamiseks, kusjuures roostevabast terasest variant sobib paremini karmidesse tingimustesse, samas kui tsingitud teras on taskukohane alternatiiv v\u00e4hem n\u00f5udlikes tingimustes.<\/p>\n<h3><strong>1\u00d719 trossi suurused: alates t\u00e4psusest kuni raskeveokini<\/strong><\/h3>\n<p>\u00dcks 1\u00d719 trossi peamisi omadusi on lai valik saadaolevaid suurusi, mis on kavandatud eri rakenduste spetsiifiliste vajaduste rahuldamiseks. V\u00e4iksemaid suurusi, n\u00e4iteks 1\/16 tolli, 3\/32 tolli ja 1\/8 tolli, kasutatakse tavaliselt rakendustes, mis n\u00f5uavad t\u00e4psust ja kus visuaalne m\u00f5ju on minimaalne. Nende v\u00e4iksemate l\u00e4bim\u00f5\u00f5tude puhul pakub tross piisavat tugevust, j\u00e4\u00e4des samas diskreetseks, mist\u00f5ttu sobib see ideaalselt arhitektuurilisteks piirdedeks, jahtide taglasteks ja muudeks pingutusseadmeteks.<\/p>\n<p>N\u00e4iteks kasutatakse 1\/16-tollist 1 \u00d7 19-tollist trossi sageli purjekate st\u00e4kkides ja muudes meres\u00f5idutaglastes, kuna selle t\u00f5mbetugevus on v\u00e4ike, kuid suur. Selle korrosioonikindlus, eriti roostevabast terasest, teeb selle asendamatuks keskkonnas, kus kokkupuude soolase veega on pidevaks v\u00e4ljakutseks. Samuti kasutatakse 3\/32-tollist 1 \u00d7 19-tollist trossi sageli arhitektuuriprojektide, n\u00e4iteks kaide ja kaablikaitses\u00fcsteemide pinges\u00fcsteemides, kus see tagab nii struktuurilise terviklikkuse kui ka elegantse, minimalistliku v\u00e4limuse.<\/p>\n<p>Suurendades m\u00f5\u00f5tmeid, n\u00e4iteks 1\/8 tolli ja 5\/32 tolli, muutub tross sobivaks tugevamateks rakendusteks, n\u00e4iteks ehitiste konstruktsioonitugede v\u00f5i kraanade ja t\u00f5steseadmete kandes\u00fcsteemide jaoks. 1\/8-tolline 1\u00d719 tross pakub tasakaalustatud tugevust ja j\u00e4ikust, mis muudab selle ideaalseks nii mere- kui ka t\u00f6\u00f6stuslikuks kasutuseks. Selle paksem l\u00e4bim\u00f5\u00f5t v\u00f5imaldab taluda suuremaid koormusi, mist\u00f5ttu on see usaldusv\u00e4\u00e4rne valik pinges\u00fcsteemide jaoks, mis n\u00f5uavad minimaalset venimist pinge all.<\/p>\n<p>Suurusevahemiku \u00fclemises otsas on 3\/8-tolline 1\u00d719 tross m\u00f5eldud raskete rakenduste jaoks, kus tuleb kanda m\u00e4rkimisv\u00e4\u00e4rseid koormusi ilma pikenemiseta. Seda suurust kasutatakse tavaliselt rippsildade, raskete sildumisliinide ja suuremahuliste ehitusprojektide puhul, kus trossi tugevus ja vastupidavus on s\u00fcsteemi ohutuse ja stabiilsuse seisukohalt kriitilise t\u00e4htsusega. 3\/8-tolline tross on v\u00f5imeline taluma \u00e4\u00e4rmuslikke koormusi, s\u00e4ilitades samal ajal oma j\u00e4ikuse, mist\u00f5ttu on see h\u00e4davajalik k\u00f5rge pingega stsenaariumides.<\/p>\n<h3><strong>1\u00d719 trossi s\u00fcdamikud: kiudained vs. teras<\/strong><\/h3>\n<p>Trossi s\u00fcdamikul on selle toimivuse seisukohalt oluline roll, sest see annab konstruktsioonile lisatugevust ja stabiilsust. 1\u00d719 trossi puhul on kaks k\u00f5ige levinumat s\u00fcdamikut\u00fc\u00fcpi kiuds\u00fcdamik (FC) ja s\u00f5ltumatu trossis\u00fcdamik (IWRC). Iga s\u00fcdamiku t\u00fc\u00fcp pakub ainulaadseid eeliseid, mis s\u00f5ltuvad rakenduse erin\u00f5uetest.<\/p>\n<p>Kiuds\u00fcdamik (FC) on tavaliselt valmistatud s\u00fcnteetilistest v\u00f5i looduslikest kiududest, mis annavad trossile teatava paindlikkuse. Kuigi kiuds\u00fcdamikke ei kasutata nii sageli 1\u00d719-konfiguratsioonides, mis on tuntud oma j\u00e4ikuse poolest, v\u00f5ivad need olla kasulikud rakendustes, kus on vaja kerget paindlikkust v\u00f5i kus tross v\u00f5ib saada l\u00f6\u00f6gikoormust. Kiuds\u00fcdamik toimib pehmendusena, v\u00e4hendades j\u00e4rskude j\u00f5udude m\u00f5ju ja kaitstes niite liigse kulumise eest.<\/p>\n<p>S\u00f5ltumatut trossis\u00fcdamikku (IWRC) kasutatakse sagedamini 1\u00d719 trossides, eriti suuremates suurustes nagu 1\/8 tolli, 5\/32 tolli ja 3\/8 tolli. IWRC koosneb v\u00e4iksemast trossist p\u00f5hitrossi keskel, mis lisab konstruktsioonile m\u00e4rkimisv\u00e4\u00e4rset tugevust ja vastupidavust. Seda t\u00fc\u00fcpi s\u00fcdamik on eriti kasulikud k\u00f5rge pingega rakendustes, kus tross peab vastu pidama muljumisj\u00f5ududele v\u00f5i intensiivsetele koormustele ilma deformeerumata. Terases\u00fcdamik t\u00e4iendab 1\u00d719 konstruktsiooni loomulikku j\u00e4ikust, tagades, et tross s\u00e4ilitab oma kuju ja j\u00f5udluse ka \u00e4\u00e4rmuslikes tingimustes.<\/p>\n<h3><strong>Erinevate 1 \u00d7 19 trossi suuruste rakendused<\/strong><\/h3>\n<p>1\u00d719 trossi mitmek\u00fclgsus kajastub selle laias kasutusvaldkonnas erinevates t\u00f6\u00f6stusharudes. Laevat\u00f6\u00f6stuses kasutatakse v\u00e4iksemaid suurusi, nagu 1\/16-tolline ja 3\/32-tolline, sageli jahtide taglastes ja purjepaatide st\u00e4kkides, kus tugevus ja korrosioonikindlus on kriitilise t\u00e4htsusega. Nende suuruste roostevaba teraseversioone hinnatakse eriti nende v\u00f5ime t\u00f5ttu taluda soolast vett ja karmi merekeskkonda.<\/p>\n<p>Arhitektuuris kasutatakse 1\/16-tolliseid ja 1\/8-tolliseid 1\u00d719 trosse sageli trosside, fassaadide ja muude konstruktsioonielementide pinges\u00fcsteemides, mis n\u00f5uavad nii tugevust kui ka esteetilist v\u00e4limust. Trossi puhas ja elegantne v\u00e4limus koos selle v\u00f5imega kanda m\u00e4rkimisv\u00e4\u00e4rseid koormusi teeb sellest ideaalse valiku kaasaegsetesse arhitektuuriprojektidesse, kus on esikohal nii vorm kui ka funktsioon.<\/p>\n<p>Suuremaid suurusi, n\u00e4iteks 1\/8 tolli, 5\/32 tolli ja 3\/8 tolli, kasutatakse n\u00f5udlikumates rakendustes, kus tuleb kanda suuremaid koormusi. Ehituses kasutatakse neid trosse sageli konstruktsioonitugede, rippsildade ja kandes\u00fcsteemide puhul, kus nende j\u00e4ikus ja tugevus tagavad projekti stabiilsuse. Eelk\u00f5ige 3\/8-tolline 1\u00d719 trossi kasutatakse laialdaselt raskeveokites, n\u00e4iteks sildumisliinides ja t\u00f6\u00f6stuslikes t\u00f5steseadmetes, kus selle v\u00f5ime s\u00e4ilitada vormi \u00e4\u00e4rmuslikes pingetes on \u00fclioluline.<\/p>\n<p>Veel \u00fcks kriitiline rakendus on 1\u00d719 trossi kasutamine kraanades ja liftides, eriti suurema l\u00e4bim\u00f5\u00f5duga trosside puhul. Trossi k\u00f5rge t\u00f5mbetugevus koos v\u00e4ikese venivusega muudab selle ideaalseks, et tagada sujuvad ja kontrollitud t\u00f5stet\u00f6\u00f6d. Suuremate trosside terass\u00fcdamik suurendab nende vastupidavust ja purunemiskindlust, tagades pika kasutusaja n\u00f5udlikes t\u00f6\u00f6stuskeskkondades.<\/p>\n<h3><strong>Miks 1\u00d719 tross on j\u00e4ikuse ja tugevuse poolest parim valik<\/strong><\/h3>\n<p>1\u00d719 tross paistab terastrosside maailmas silma t\u00e4nu oma tasakaalule j\u00e4ikuse, tugevuse ja vastupidavuse vahel. Selle 19 traadi tiheda konstruktsiooniga \u00fcksikuteks trossideks tagab, et see s\u00e4ilitab oma kuju koormuse all, mist\u00f5ttu on see ideaalne staatilisteks rakendusteks, kus pikenemine peab olema minimaalne. Seet\u00f5ttu on 1\u00d719 tross eelistatud valik t\u00f6\u00f6stusharudes alates merendus- ja ehitussektorist kuni arhitektuuri ja t\u00f6\u00f6stusliku t\u00f5stmiseni.<\/p>\n<p>Erinevate suuruste, alates 1\/16 tollist kuni 3\/8 tollile, k\u00e4ttesaadavus v\u00f5imaldab kasutajatel valida oma konkreetsetele vajadustele sobiva l\u00e4bim\u00f5\u00f5du. Olenemata sellest, kas 1\u00d719 tross pakub vajalikku tugevust ja stabiilsust, olenemata sellest, kas seda kasutatakse t\u00e4psusrakendustes, n\u00e4iteks jahtide taglastamisel, v\u00f5i rasketes kasutusalades, n\u00e4iteks rippsildade puhul, 1\u00d719 tross pakub vajalikku tugevust ja stabiilsust. Selle vastupidavus keskkonnateguritele, eriti roostevaba terase kujul, tagab pikaajalise toimimise keerulistes tingimustes.<\/p>\n<p>L\u00f5ppkokkuv\u00f5ttes on 1\u00d719 tross endiselt nurgakivi t\u00f6\u00f6stusharudes, kus on vaja suure j\u00f5udlusega pingutuss\u00fcsteeme. T\u00e4nu suurep\u00e4rasele tugevusele, v\u00e4hesele venivusele ja suurele m\u00f5\u00f5tmete valikule on see oluline komponent nii kergetes kui ka rasketes rakendustes, mis tagab usaldusv\u00e4\u00e4rsuse ja meelerahu ka k\u00f5ige n\u00f5udlikumates keskkondades.<\/p>","protected":false},"excerpt":{"rendered":"<p>1\u00d719 trossi, mis koosneb 19 \u00fcksikutest teraskiududest, mis on keeratud \u00fcheks tugevaks kaabliks, on saadaval erinevates suurustes, sealhulgas 1\/16 tolli, 3\/32 tolli, 1\/8 tolli, 5\/32 tolli ja kuni suurema l\u00e4bim\u00f5\u00f5duga, n\u00e4iteks 3\/8 tolli. Tavaliselt on see valmistatud roostevabast terasest v\u00f5i tsingitud terasest ning on tuntud oma j\u00e4ikuse ja suure t\u00f5mbetugevuse poolest, mis on koormuse all minimaalse pikenemisega. See tross sobib ideaalselt pingutus- ja koormuskandmisrakendusteks ehitus-, mere- ja arhitektuurit\u00f6\u00f6stuses, kus on v\u00f5imalik kasutada nii kiud- kui ka terass\u00fcdamikke.<\/p>","protected":false},"featured_media":8103,"comment_status":"open","ping_status":"closed","template":"","meta":{"site-sidebar-layout":"default","site-content-layout":"","ast-site-content-layout":"default","site-content-style":"default","site-sidebar-style":"default","ast-global-header-display":"","ast-banner-title-visibility":"","ast-main-header-display":"","ast-hfb-above-header-display":"","ast-hfb-below-header-display":"","ast-hfb-mobile-header-display":"","site-post-title":"","ast-breadcrumbs-content":"","ast-featured-img":"","footer-sml-layout":"","theme-transparent-header-meta":"default","adv-header-id-meta":"","stick-header-meta":"default","header-above-stick-meta":"","header-main-stick-meta":"","header-below-stick-meta":"","astra-migrate-meta-layouts":"set","ast-page-background-enabled":"default","ast-page-background-meta":{"desktop":{"background-color":"","background-image":"","background-repeat":"repeat","background-position":"center center","background-size":"auto","background-attachment":"scroll","background-type":"","background-media":"","overlay-type":"","overlay-color":"","overlay-opacity":"","overlay-gradient":""},"tablet":{"background-color":"","background-image":"","background-repeat":"repeat","background-position":"center center","background-size":"auto","background-attachment":"scroll","background-type":"","background-media":"","overlay-type":"","overlay-color":"","overlay-opacity":"","overlay-gradient":""},"mobile":{"background-color":"","background-image":"","background-repeat":"repeat","background-position":"center center","background-size":"auto","background-attachment":"scroll","background-type":"","background-media":"","overlay-type":"","overlay-color":"","overlay-opacity":"","overlay-gradient":""}},"ast-content-background-meta":{"desktop":{"background-color":"var(--ast-global-color-5)","background-image":"","background-repeat":"repeat","background-position":"center center","background-size":"auto","background-attachment":"scroll","background-type":"","background-media":"","overlay-type":"","overlay-color":"","overlay-opacity":"","overlay-gradient":""},"tablet":{"background-color":"var(--ast-global-color-5)","background-image":"","background-repeat":"repeat","background-position":"center center","background-size":"auto","background-attachment":"scroll","background-type":"","background-media":"","overlay-type":"","overlay-color":"","overlay-opacity":"","overlay-gradient":""},"mobile":{"background-color":"var(--ast-global-color-5)","background-image":"","background-repeat":"repeat","background-position":"center center","background-size":"auto","background-attachment":"scroll","background-type":"","background-media":"","overlay-type":"","overlay-color":"","overlay-opacity":"","overlay-gradient":""}}},"product_brand":[],"product_cat":[37],"product_tag":[89],"class_list":{"0":"post-8102","1":"product","2":"type-product","3":"status-publish","4":"has-post-thumbnail","6":"product_cat-wire-rope","7":"product_tag-wire-rope","8":"desktop-align-left","9":"tablet-align-left","10":"mobile-align-left","11":"ast-product-gallery-layout-horizontal-slider","12":"ast-product-gallery-with-no-image","13":"ast-product-tabs-layout-horizontal","15":"first","16":"instock","17":"shipping-taxable","18":"purchasable","19":"product-type-simple"},"yoast_head":"<!-- This site is optimized with the Yoast SEO plugin v25.2 - https:\/\/yoast.com\/wordpress\/plugins\/seo\/ -->\n<title>1x19 Wire Rope<\/title>\n<meta name=\"description\" content=\"1x19 wire rope, consisting of 19 individual steel strands twisted into a single, strong cable, is available in a variety of sizes, including 1\/16 inch, 3\/32 inch, 1\/8 inch, 5\/32 inch, and up to larger diameters like 3\/8 inch.\" \/>\n<meta name=\"robots\" content=\"index, follow, max-snippet:-1, max-image-preview:large, max-video-preview:-1\" \/>\n<link rel=\"canonical\" href=\"https:\/\/qingdaohf.com\/et\/toode\/1x19-tross\/\" \/>\n<meta property=\"og:locale\" content=\"et_EE\" \/>\n<meta property=\"og:type\" content=\"article\" \/>\n<meta property=\"og:title\" content=\"1x19 Wire Rope\" \/>\n<meta property=\"og:description\" content=\"1x19 wire rope, consisting of 19 individual steel strands twisted into a single, strong cable, is available in a variety of sizes, including 1\/16 inch, 3\/32 inch, 1\/8 inch, 5\/32 inch, and up to larger diameters like 3\/8 inch.\" \/>\n<meta property=\"og:url\" content=\"https:\/\/qingdaohf.com\/et\/toode\/1x19-tross\/\" \/>\n<meta property=\"og:site_name\" content=\"Concrete Form &amp; Rigging Hardware Supplier\" \/>\n<meta property=\"article:publisher\" content=\"https:\/\/www.facebook.com\/qingdaohf\" \/>\n<meta property=\"article:modified_time\" content=\"2025-11-13T01:03:13+00:00\" \/>\n<meta property=\"og:image\" content=\"https:\/\/qingdaohf.com\/wp-content\/uploads\/2024\/10\/1x19s_2.webp\" \/>\n\t<meta property=\"og:image:width\" content=\"787\" \/>\n\t<meta property=\"og:image:height\" content=\"787\" \/>\n\t<meta property=\"og:image:type\" content=\"image\/webp\" \/>\n<meta name=\"twitter:card\" content=\"summary_large_image\" \/>\n<meta name=\"twitter:label1\" content=\"Est. reading time\" \/>\n\t<meta name=\"twitter:data1\" content=\"7 minutit\" \/>\n<script type=\"application\/ld+json\" class=\"yoast-schema-graph\">{\"@context\":\"https:\/\/schema.org\",\"@graph\":[{\"@type\":\"WebPage\",\"@id\":\"https:\/\/qingdaohf.com\/product\/1x19-wire-rope\/\",\"url\":\"https:\/\/qingdaohf.com\/product\/1x19-wire-rope\/\",\"name\":\"1x19 Wire Rope\",\"isPartOf\":{\"@id\":\"https:\/\/qingdaohf.com\/bg\/#website\"},\"primaryImageOfPage\":{\"@id\":\"https:\/\/qingdaohf.com\/product\/1x19-wire-rope\/#primaryimage\"},\"image\":{\"@id\":\"https:\/\/qingdaohf.com\/product\/1x19-wire-rope\/#primaryimage\"},\"thumbnailUrl\":\"https:\/\/qingdaohf.com\/wp-content\/uploads\/2024\/10\/1x19s_2.webp\",\"datePublished\":\"2024-10-24T08:40:15+00:00\",\"dateModified\":\"2025-11-13T01:03:13+00:00\",\"description\":\"1x19 wire rope, consisting of 19 individual steel strands twisted into a single, strong cable, is available in a variety of sizes, including 1\/16 inch, 3\/32 inch, 1\/8 inch, 5\/32 inch, and up to larger diameters like 3\/8 inch.\",\"breadcrumb\":{\"@id\":\"https:\/\/qingdaohf.com\/product\/1x19-wire-rope\/#breadcrumb\"},\"inLanguage\":\"et\",\"potentialAction\":[{\"@type\":\"ReadAction\",\"target\":[\"https:\/\/qingdaohf.com\/product\/1x19-wire-rope\/\"]}]},{\"@type\":\"ImageObject\",\"inLanguage\":\"et\",\"@id\":\"https:\/\/qingdaohf.com\/product\/1x19-wire-rope\/#primaryimage\",\"url\":\"https:\/\/qingdaohf.com\/wp-content\/uploads\/2024\/10\/1x19s_2.webp\",\"contentUrl\":\"https:\/\/qingdaohf.com\/wp-content\/uploads\/2024\/10\/1x19s_2.webp\",\"width\":787,\"height\":787,\"caption\":\"1x19 wire rope\"},{\"@type\":\"BreadcrumbList\",\"@id\":\"https:\/\/qingdaohf.com\/product\/1x19-wire-rope\/#breadcrumb\",\"itemListElement\":[{\"@type\":\"ListItem\",\"position\":1,\"name\":\"Home\",\"item\":\"https:\/\/qingdaohf.com\/\"},{\"@type\":\"ListItem\",\"position\":2,\"name\":\"Concrete Forming Accessories and Rigging Hardware\",\"item\":\"https:\/\/qingdaohf.com\/bg\/?page_id=944\"},{\"@type\":\"ListItem\",\"position\":3,\"name\":\"1&#215;19 Wire Rope\"}]},{\"@type\":\"WebSite\",\"@id\":\"https:\/\/qingdaohf.com\/bg\/#website\",\"url\":\"https:\/\/qingdaohf.com\/bg\/\",\"name\":\"Concrete Form & Rigging Hardware Supplier\",\"description\":\"\",\"publisher\":{\"@id\":\"https:\/\/qingdaohf.com\/bg\/#organization\"},\"potentialAction\":[{\"@type\":\"SearchAction\",\"target\":{\"@type\":\"EntryPoint\",\"urlTemplate\":\"https:\/\/qingdaohf.com\/bg\/?s={search_term_string}\"},\"query-input\":{\"@type\":\"PropertyValueSpecification\",\"valueRequired\":true,\"valueName\":\"search_term_string\"}}],\"inLanguage\":\"et\"},{\"@type\":\"Organization\",\"@id\":\"https:\/\/qingdaohf.com\/bg\/#organization\",\"name\":\"Qingdao H&F\",\"url\":\"https:\/\/qingdaohf.com\/bg\/\",\"logo\":{\"@type\":\"ImageObject\",\"inLanguage\":\"et\",\"@id\":\"https:\/\/qingdaohf.com\/bg\/#\/schema\/logo\/image\/\",\"url\":\"https:\/\/qingdaohf.com\/wp-content\/uploads\/2022\/12\/cropped-HF-LOGO.png\",\"contentUrl\":\"https:\/\/qingdaohf.com\/wp-content\/uploads\/2022\/12\/cropped-HF-LOGO.png\",\"width\":391,\"height\":249,\"caption\":\"Qingdao H&F\"},\"image\":{\"@id\":\"https:\/\/qingdaohf.com\/bg\/#\/schema\/logo\/image\/\"},\"sameAs\":[\"https:\/\/www.facebook.com\/qingdaohf\"]}]}<\/script>\n<!-- \/ Yoast SEO plugin. -->","yoast_head_json":{"title":"1x19 Wire Rope","description":"1x19 wire rope, consisting of 19 individual steel strands twisted into a single, strong cable, is available in a variety of sizes, including 1\/16 inch, 3\/32 inch, 1\/8 inch, 5\/32 inch, and up to larger diameters like 3\/8 inch.","robots":{"index":"index","follow":"follow","max-snippet":"max-snippet:-1","max-image-preview":"max-image-preview:large","max-video-preview":"max-video-preview:-1"},"canonical":"https:\/\/qingdaohf.com\/et\/toode\/1x19-tross\/","og_locale":"et_EE","og_type":"article","og_title":"1x19 Wire Rope","og_description":"1x19 wire rope, consisting of 19 individual steel strands twisted into a single, strong cable, is available in a variety of sizes, including 1\/16 inch, 3\/32 inch, 1\/8 inch, 5\/32 inch, and up to larger diameters like 3\/8 inch.","og_url":"https:\/\/qingdaohf.com\/et\/toode\/1x19-tross\/","og_site_name":"Concrete Form &amp; Rigging Hardware Supplier","article_publisher":"https:\/\/www.facebook.com\/qingdaohf","article_modified_time":"2025-11-13T01:03:13+00:00","og_image":[{"width":787,"height":787,"url":"https:\/\/qingdaohf.com\/wp-content\/uploads\/2024\/10\/1x19s_2.webp","type":"image\/webp"}],"twitter_card":"summary_large_image","twitter_misc":{"Est. reading time":"7 minutit"},"schema":{"@context":"https:\/\/schema.org","@graph":[{"@type":"WebPage","@id":"https:\/\/qingdaohf.com\/product\/1x19-wire-rope\/","url":"https:\/\/qingdaohf.com\/product\/1x19-wire-rope\/","name":"1x19 Wire Rope","isPartOf":{"@id":"https:\/\/qingdaohf.com\/bg\/#website"},"primaryImageOfPage":{"@id":"https:\/\/qingdaohf.com\/product\/1x19-wire-rope\/#primaryimage"},"image":{"@id":"https:\/\/qingdaohf.com\/product\/1x19-wire-rope\/#primaryimage"},"thumbnailUrl":"https:\/\/qingdaohf.com\/wp-content\/uploads\/2024\/10\/1x19s_2.webp","datePublished":"2024-10-24T08:40:15+00:00","dateModified":"2025-11-13T01:03:13+00:00","description":"1x19 wire rope, consisting of 19 individual steel strands twisted into a single, strong cable, is available in a variety of sizes, including 1\/16 inch, 3\/32 inch, 1\/8 inch, 5\/32 inch, and up to larger diameters like 3\/8 inch.","breadcrumb":{"@id":"https:\/\/qingdaohf.com\/product\/1x19-wire-rope\/#breadcrumb"},"inLanguage":"et","potentialAction":[{"@type":"ReadAction","target":["https:\/\/qingdaohf.com\/product\/1x19-wire-rope\/"]}]},{"@type":"ImageObject","inLanguage":"et","@id":"https:\/\/qingdaohf.com\/product\/1x19-wire-rope\/#primaryimage","url":"https:\/\/qingdaohf.com\/wp-content\/uploads\/2024\/10\/1x19s_2.webp","contentUrl":"https:\/\/qingdaohf.com\/wp-content\/uploads\/2024\/10\/1x19s_2.webp","width":787,"height":787,"caption":"1x19 wire rope"},{"@type":"BreadcrumbList","@id":"https:\/\/qingdaohf.com\/product\/1x19-wire-rope\/#breadcrumb","itemListElement":[{"@type":"ListItem","position":1,"name":"Home","item":"https:\/\/qingdaohf.com\/"},{"@type":"ListItem","position":2,"name":"Concrete Forming Accessories and Rigging Hardware","item":"https:\/\/qingdaohf.com\/bg\/?page_id=944"},{"@type":"ListItem","position":3,"name":"1&#215;19 Wire Rope"}]},{"@type":"WebSite","@id":"https:\/\/qingdaohf.com\/bg\/#website","url":"https:\/\/qingdaohf.com\/bg\/","name":"Concrete Form & Rigging Hardware Supplier","description":"","publisher":{"@id":"https:\/\/qingdaohf.com\/bg\/#organization"},"potentialAction":[{"@type":"SearchAction","target":{"@type":"EntryPoint","urlTemplate":"https:\/\/qingdaohf.com\/bg\/?s={search_term_string}"},"query-input":{"@type":"PropertyValueSpecification","valueRequired":true,"valueName":"search_term_string"}}],"inLanguage":"et"},{"@type":"Organization","@id":"https:\/\/qingdaohf.com\/bg\/#organization","name":"Qingdao H&F","url":"https:\/\/qingdaohf.com\/bg\/","logo":{"@type":"ImageObject","inLanguage":"et","@id":"https:\/\/qingdaohf.com\/bg\/#\/schema\/logo\/image\/","url":"https:\/\/qingdaohf.com\/wp-content\/uploads\/2022\/12\/cropped-HF-LOGO.png","contentUrl":"https:\/\/qingdaohf.com\/wp-content\/uploads\/2022\/12\/cropped-HF-LOGO.png","width":391,"height":249,"caption":"Qingdao H&F"},"image":{"@id":"https:\/\/qingdaohf.com\/bg\/#\/schema\/logo\/image\/"},"sameAs":["https:\/\/www.facebook.com\/qingdaohf"]}]}},"_links":{"self":[{"href":"https:\/\/qingdaohf.com\/et\/wp-json\/wp\/v2\/product\/8102","targetHints":{"allow":["GET"]}}],"collection":[{"href":"https:\/\/qingdaohf.com\/et\/wp-json\/wp\/v2\/product"}],"about":[{"href":"https:\/\/qingdaohf.com\/et\/wp-json\/wp\/v2\/types\/product"}],"replies":[{"embeddable":true,"href":"https:\/\/qingdaohf.com\/et\/wp-json\/wp\/v2\/comments?post=8102"}],"version-history":[{"count":2,"href":"https:\/\/qingdaohf.com\/et\/wp-json\/wp\/v2\/product\/8102\/revisions"}],"predecessor-version":[{"id":8105,"href":"https:\/\/qingdaohf.com\/et\/wp-json\/wp\/v2\/product\/8102\/revisions\/8105"}],"wp:featuredmedia":[{"embeddable":true,"href":"https:\/\/qingdaohf.com\/et\/wp-json\/wp\/v2\/media\/8103"}],"wp:attachment":[{"href":"https:\/\/qingdaohf.com\/et\/wp-json\/wp\/v2\/media?parent=8102"}],"wp:term":[{"taxonomy":"product_brand","embeddable":true,"href":"https:\/\/qingdaohf.com\/et\/wp-json\/wp\/v2\/product_brand?post=8102"},{"taxonomy":"product_cat","embeddable":true,"href":"https:\/\/qingdaohf.com\/et\/wp-json\/wp\/v2\/product_cat?post=8102"},{"taxonomy":"product_tag","embeddable":true,"href":"https:\/\/qingdaohf.com\/et\/wp-json\/wp\/v2\/product_tag?post=8102"}],"curies":[{"name":"wp","href":"https:\/\/api.w.org\/{rel}","templated":true}]}}