{"id":8109,"date":"2024-10-24T17:13:03","date_gmt":"2024-10-24T09:13:03","guid":{"rendered":"http:\/\/qingdaohf.com\/?post_type=product&#038;p=8109"},"modified":"2025-11-13T09:02:55","modified_gmt":"2025-11-13T01:02:55","slug":"6x19-wire-rope","status":"publish","type":"product","link":"https:\/\/qingdaohf.com\/et\/toode\/6x19-tross\/","title":{"rendered":"6\u00d719 Tross"},"content":{"rendered":"<h3>6\u00d719 trossi struktuuri m\u00f5istmine<\/h3>\n<p>6\u00d719 tross on t\u00e4nu oma paindlikkuse ja tugevuse tasakaalule h\u00e4sti hinnatud valik t\u00f6\u00f6stuses ja ehituses. See tross koosneb 6 ahelast, millest iga\u00fches on 19 traati, ja pakub usaldusv\u00e4\u00e4rset j\u00f5udlust mitmesuguste raskete t\u00f6\u00f6de puhul. 6\u00d719 trossi struktuur tagab tugeva, kuid samas m\u00f5nev\u00f5rra painduva toote, mis muudab selle ideaalseks rakendusteks, kus tross peab vastu pidama korduvale painutamisele, s\u00e4ilitades samal ajal tugevuse. Seda t\u00fc\u00fcpi tross leiab t\u00e4nu oma tugevale konstruktsioonile ja kohandatavusele sageli kasutust t\u00f5ste- ja t\u00f5stet\u00f6\u00f6del, merenduses ja mujal.<\/p>\n<p>6\u00d719 trossi k\u00f5rge s\u00fcsinikusisaldusega teraskonstruktsioon annab sellele suurep\u00e4rase tugevuse, mis v\u00f5imaldab taluda m\u00e4rkimisv\u00e4\u00e4rseid koormusi, ilma et selle konstruktsiooniline terviklikkus kannataks. Selline materjalivalik tagab erakordse kulumis- ja kulumiskindluse, mis tagab, et tross peab vastu karmides tingimustes, n\u00e4iteks merenduses v\u00f5i ehitusplatsidel. Lisaks sellele v\u00f5imaldab 6\u00d719 trossi konstruktsioon sileda v\u00e4liskuju, mis aitab v\u00e4hendada masinate ja muude seadmete kahjustusi kasutamise ajal.<\/p>\n<h3>Tavalised 6\u00d719 trossi suurused<\/h3>\n<p>Trossi suurus on oluline kaalutlus, kui valitakse sobivat toodet konkreetsete \u00fclesannete jaoks, sest erinevad l\u00e4bim\u00f5\u00f5dud m\u00f5jutavad nii tugevust kui ka paindlikkust. Tross 6\u00d719 on saadaval mitmes suuruses, kusjuures iga suurus on kohandatud konkreetsetele kasutusviisidele, olgu need siis ehitus-, transpordi- v\u00f5i merendusrakendused.<\/p>\n<p>\u00dcks populaarne suurus on 1\/8-tolline 6\u00d719 tross, mis on tuntud oma kompaktse l\u00e4bim\u00f5\u00f5du ja paindlikkuse poolest. See suurus sobib h\u00e4sti rakendusteks, kus ruum on piiratud, n\u00e4iteks v\u00e4iksemateks taglastusprojektideks v\u00f5i kergeteks t\u00f5stmis\u00fclesanneteks. Vaatamata v\u00e4iksemale m\u00f5\u00f5tmele on sellel s\u00e4ilinud m\u00e4rkimisv\u00e4\u00e4rne t\u00f5mbetugevus, mis teeb sellest usaldusv\u00e4\u00e4rse valiku t\u00e4psusele suunatud t\u00f6\u00f6de puhul.<\/p>\n<p>Veidi raskemate \u00fclesannete jaoks pakub 3\/16-tolline 6\u00d719 tross suuremat tugevust, s\u00e4ilitades samal ajal paindlikkuse taseme. Seda suurust kasutatakse sageli stsenaariumides, kus on vaja tasakaalu kandev\u00f5ime ja lihtsa k\u00e4sitsemise vahel, n\u00e4iteks v\u00e4ikeste seadmete t\u00f5stmisel v\u00f5i koormate kinnitamisel transpordi ajal. T\u00e4nu oma keskmise l\u00e4bim\u00f5\u00f5dule on see mitmek\u00fclgne valik mitmesugustes olukordades.<\/p>\n<p>Teine sageli valitud suurus on 1\/4-tolline 6\u00d719 tross, mis pakub suuremat tugevust n\u00f5udlikumate rakenduste jaoks. Seda suurust kasutatakse sageli t\u00f6\u00f6stuses, kus on vaja tugevamat tuge, n\u00e4iteks kraanades, vintsides ja ehitust\u00f5stukites. Suurema l\u00e4bim\u00f5\u00f5duga 1\/4-tolline variant pakub suuremat kandev\u00f5imet, kuid on siiski piisavalt paindlik \u00fcldiste taglase t\u00f6\u00f6de jaoks.<\/p>\n<p>Veelgi suurema tugevuse saavutamiseks v\u00f5ib kaaluda 5\/16-tollise 6\u00d719 trossi kasutamist, mis pakub vastupidavust raskemate koormuste v\u00f5i intensiivsema kasutuse korral. Suurema l\u00e4bim\u00f5\u00f5du t\u00f5ttu sobib see ideaalselt kasutamiseks merenduses, n\u00e4iteks sildumisliinide v\u00f5i pukseerimise puhul. 5\/16-tolline suurus on kindel valik neile, kes otsivad usaldusv\u00e4\u00e4rset trossi, mis peab vastu rasketes tingimustes ilma paindlikkust ohverdamata.<\/p>\n<h3>P\u00f5hit\u00fc\u00fcpide uurimine: FC, IWS ja IWRC<\/h3>\n<p><img fetchpriority=\"high\" decoding=\"async\" class=\"alignnone size-full wp-image-8113\" src=\"http:\/\/qingdaohf.com\/wp-content\/uploads\/2024\/10\/6X19-wire-rope.webp\" alt=\"6X19\" width=\"1338\" height=\"412\" srcset=\"https:\/\/qingdaohf.com\/wp-content\/uploads\/2024\/10\/6X19-wire-rope.webp 1338w, https:\/\/qingdaohf.com\/wp-content\/uploads\/2024\/10\/6X19-wire-rope-300x92.webp 300w, https:\/\/qingdaohf.com\/wp-content\/uploads\/2024\/10\/6X19-wire-rope-1024x315.webp 1024w, https:\/\/qingdaohf.com\/wp-content\/uploads\/2024\/10\/6X19-wire-rope-768x236.webp 768w, https:\/\/qingdaohf.com\/wp-content\/uploads\/2024\/10\/6X19-wire-rope-18x6.webp 18w, https:\/\/qingdaohf.com\/wp-content\/uploads\/2024\/10\/6X19-wire-rope-1000x308.webp 1000w\" sizes=\"(max-width: 1338px) 100vw, 1338px\" \/><\/p>\n<p>6\u00d719 trossil on kolm s\u00fcdamiku varianti, millest iga\u00fchel on erinevad eelised s\u00f5ltuvalt kasutusotstarbest. S\u00fcdamik on trossi oluline osa, kuna see toetab v\u00e4limisi kiudusid ning m\u00f5jutab trossi paindlikkust ja tugevust. Kolm 6\u00d719 trossi s\u00fcdamiku t\u00fc\u00fcpi on j\u00e4rgmised: kiuds\u00fcdamik (FC), s\u00f5ltumatu trossis\u00fcdamik (IWS) ja s\u00f5ltumatu trossis\u00fcdamik (IWRC).<\/p>\n<p>Fiber Core (FC) variant sisaldab looduslikest v\u00f5i s\u00fcnteetilistest kiududest valmistatud s\u00fcdamikku. Selline konstruktsioon tagab suurema paindlikkuse, mist\u00f5ttu FC-variant sobib rakendusteks, kus tross peab sageli painduma ja liikuma. T\u00e4nu paindlikkusele on see eelistatud valik masinate ja seadmete puhul, mis v\u00e4hendab rihmarataste ja rullide kulumist. Siiski on selle paindlikkuse lisamise hinnaks v\u00e4iksema tugevuse kasutamine v\u00f5rreldes teras\u00fcdamikuga alternatiividega, mis t\u00e4hendab, et FC-t\u00fcvi sobib k\u00f5ige paremini kergema koormusega rakendusteks.<\/p>\n<p>S\u00f5ltumatu traatsoonis\u00fcdamik (IWS) pakub FC-s\u00fcdamiku paindlikkuse ja IWRC tugevuse vahelist keskteed. IWS-s\u00fcdamik koosneb eraldi trossis\u00fcdamikust, mis annab k\u00f6iestruktuurile t\u00e4iendava toe, suurendades nii selle vastupidavust kui ka kandev\u00f5imet. Seda t\u00fc\u00fcpi s\u00fcdamikud on eriti kasulikud rakendustes, kus on vaja m\u00f5\u00f5dukat paindlikkust koos suurema tugevusega, n\u00e4iteks v\u00e4ikeste ja keskmise suurusega kraanade ja vintside puhul. IWS-s\u00fcdamiku tasakaal muudab selle mitmek\u00fclgseks valikuks neile, kes otsivad usaldusv\u00e4\u00e4rset j\u00f5udlust, ilma et nad seaksid kompromisse paindlikkuse osas.<\/p>\n<p>Maksimaalse tugevuse ja vastupidavuse saavutamiseks on eelistatud valik s\u00f5ltumatu trossis\u00fcdamik (IWRC). IWRC-s\u00fcdamik on valmistatud eraldi trossist, mis suurendab oluliselt 6\u00d719 trossi \u00fcldist tugevust ja struktuurilist terviklikkust. See s\u00fcdamiku t\u00fc\u00fcp sobib h\u00e4sti rasketele rakendustele, kus suur t\u00f5mbetugevus on kriitilise t\u00e4htsusega, n\u00e4iteks suurte ehituskraanade, t\u00f6\u00f6stuslike vintside ja meretagede puhul. Kuigi IWRC-t\u00fc\u00fcpi trossi s\u00fcdamiku puhul on v\u00f5rreldes FC- ja IWS-variantidega v\u00e4henenud paindlikkus, tagab selle tugevus, et tross peab vastu karmidele tingimustele ja suurtele koormustele pikema aja jooksul.<\/p>\n<h3>6\u00d719 trossi rakenduste \u00fclevaade ja eelised<\/h3>\n<p>6\u00d719 trossi konstruktsioon muudab selle t\u00e4nu oma mitmek\u00fclgsusele populaarseks valikuks erinevates t\u00f6\u00f6stusharudes. Selle tasakaalustatud konstruktsioon pakub t\u00f5husat kompromissi t\u00f5mbetugevuse ja paindlikkuse vahel, mis muudab selle kohandatavaks paljude \u00fclesannete t\u00e4itmiseks. Ehituses kasutatakse seda t\u00fc\u00fcpi trossi sageli t\u00f5stet\u00f6\u00f6del, pakkudes vajalikku tuge materjalide ohutuks ja t\u00f5husaks liigutamiseks. Trossi sile pind v\u00e4hendab h\u00f5\u00f5rdumist, v\u00e4hendades rihmarataste ja kraanade kulumist, mis pikendab seadmete kasutusiga.<\/p>\n<p>Merekeskkonnas sobib 6\u00d719 trossi vastupidavus kulumisele ja karmidele tingimustele selliste rakenduste jaoks nagu sildumine, pukseerimine ja kalap\u00fc\u00fck. Selle v\u00f5ime taluda soolase veega kokkupuute ja muutuvate koormuste koormust muudab selle usaldusv\u00e4\u00e4rseks komponendiks merenduses kasutamiseks. Eelk\u00f5ige IWRC-s\u00fcdamik on merenduses kasulik, kuna see pakub n\u00f5udlike \u00fclesannete t\u00e4itmiseks vajalikku tugevust, ilma et see kahjustaks vastupidavust.<\/p>\n<p>Ka transpordi ja logistika jaoks on 6\u00d719 trossi kasutamine kasulik, kuna seda saab kasutada lasti kinnitamiseks, t\u00f5stevarustuse loomiseks v\u00f5i laadimis- ja mahalaadimiss\u00fcsteemide osana. Erinevate suuruste k\u00e4ttesaadavus v\u00f5imaldab seda kohandada vastavalt konkreetsetele vajadustele, tagades, et iga ainulaadse olukorra jaoks saavutatakse \u00f5ige tugevuse ja paindlikkuse tasakaal. 6\u00d719 trossi kohandatavus tagab, et see sobib nii rutiinsete kui ka keeruliste \u00fclesannete t\u00e4itmiseks nendes valdkondades.<\/p>\n<p>L\u00f5puks v\u00f5imaldab s\u00fcdamiku t\u00fc\u00fcbi - FC, IWS v\u00f5i IWRC - ja sobiva suuruse valik kasutajatel kohandada oma 6\u00d719 trossi valikut vastavalt t\u00e4psetele n\u00f5uetele. M\u00f5istes iga s\u00fcdamiku ja suuruse unikaalseid omadusi ja eeliseid, saavad ettev\u00f5tted optimeerida oma tegevust ja tagada, et nende seadmed on turvalised, t\u00f5husad ja v\u00f5imelised vastama projektide n\u00f5uetele. T\u00e4nu paindlikkuse, tugevuse ja vastupidavuse kombinatsioonile on 6\u00d719 tross endiselt trosside valdkonna nurgakivi, mis tagab usaldusv\u00e4\u00e4rse j\u00f5udluse erinevates rakendustes.<\/p>","protected":false},"excerpt":{"rendered":"<p>6\u00d719 tross on mitmek\u00fclgne ja vastupidav terastross, mis pakub paindlikkust ja tugevust. See koosneb 6 niidist, millest iga\u00fches on 19 traati, mist\u00f5ttu sobib see erinevateks t\u00f5stmis-, taglase- ja t\u00f5stmisrakendusteks. 6\u00d719 tross on tavaliselt saadaval sellistes suurustes nagu 1\/8 tolli, 3\/16 tolli ja 1\/4 tolli. 6\u00d719 tross on valmistatud k\u00f5rgs\u00fcsinikterasest, mis tagab suurep\u00e4rase t\u00f5mbetugevuse ja kulumiskindluse. Sellel on erinevad s\u00fcdamikut\u00fc\u00fcbid, n\u00e4iteks kiudmaterjalist s\u00fcdamikud (FC), s\u00f5ltumatu traatmaterjalist s\u00fcdamikud (IWS) ja s\u00f5ltumatu traatmaterjalist s\u00fcdamikud (IWRC), mis rahuldavad erinevaid vajadusi ja j\u00f5udlusn\u00f5udeid.<\/p>","protected":false},"featured_media":8112,"comment_status":"open","ping_status":"closed","template":"","meta":{"site-sidebar-layout":"default","site-content-layout":"","ast-site-content-layout":"default","site-content-style":"default","site-sidebar-style":"default","ast-global-header-display":"","ast-banner-title-visibility":"","ast-main-header-display":"","ast-hfb-above-header-display":"","ast-hfb-below-header-display":"","ast-hfb-mobile-header-display":"","site-post-title":"","ast-breadcrumbs-content":"","ast-featured-img":"","footer-sml-layout":"","theme-transparent-header-meta":"default","adv-header-id-meta":"","stick-header-meta":"default","header-above-stick-meta":"","header-main-stick-meta":"","header-below-stick-meta":"","astra-migrate-meta-layouts":"set","ast-page-background-enabled":"default","ast-page-background-meta":{"desktop":{"background-color":"","background-image":"","background-repeat":"repeat","background-position":"center center","background-size":"auto","background-attachment":"scroll","background-type":"","background-media":"","overlay-type":"","overlay-color":"","overlay-opacity":"","overlay-gradient":""},"tablet":{"background-color":"","background-image":"","background-repeat":"repeat","background-position":"center center","background-size":"auto","background-attachment":"scroll","background-type":"","background-media":"","overlay-type":"","overlay-color":"","overlay-opacity":"","overlay-gradient":""},"mobile":{"background-color":"","background-image":"","background-repeat":"repeat","background-position":"center center","background-size":"auto","background-attachment":"scroll","background-type":"","background-media":"","overlay-type":"","overlay-color":"","overlay-opacity":"","overlay-gradient":""}},"ast-content-background-meta":{"desktop":{"background-color":"var(--ast-global-color-5)","background-image":"","background-repeat":"repeat","background-position":"center center","background-size":"auto","background-attachment":"scroll","background-type":"","background-media":"","overlay-type":"","overlay-color":"","overlay-opacity":"","overlay-gradient":""},"tablet":{"background-color":"var(--ast-global-color-5)","background-image":"","background-repeat":"repeat","background-position":"center center","background-size":"auto","background-attachment":"scroll","background-type":"","background-media":"","overlay-type":"","overlay-color":"","overlay-opacity":"","overlay-gradient":""},"mobile":{"background-color":"var(--ast-global-color-5)","background-image":"","background-repeat":"repeat","background-position":"center center","background-size":"auto","background-attachment":"scroll","background-type":"","background-media":"","overlay-type":"","overlay-color":"","overlay-opacity":"","overlay-gradient":""}}},"product_brand":[],"product_cat":[37],"product_tag":[89],"class_list":{"0":"post-8109","1":"product","2":"type-product","3":"status-publish","4":"has-post-thumbnail","6":"product_cat-wire-rope","7":"product_tag-wire-rope","8":"desktop-align-left","9":"tablet-align-left","10":"mobile-align-left","11":"ast-product-gallery-layout-horizontal-slider","12":"ast-product-gallery-with-no-image","13":"ast-product-tabs-layout-horizontal","15":"first","16":"instock","17":"shipping-taxable","18":"purchasable","19":"product-type-simple"},"yoast_head":"<!-- This site is optimized with the Yoast SEO plugin v25.2 - https:\/\/yoast.com\/wordpress\/plugins\/seo\/ -->\n<title>6x19 Wire Rope<\/title>\n<meta name=\"description\" content=\"6x19 wire rope is a versatile and durable type of steel wire rope, offering a blend of flexibility and strength.\" \/>\n<meta name=\"robots\" content=\"index, follow, max-snippet:-1, max-image-preview:large, max-video-preview:-1\" \/>\n<link rel=\"canonical\" href=\"https:\/\/qingdaohf.com\/et\/toode\/6x19-tross\/\" \/>\n<meta property=\"og:locale\" content=\"et_EE\" \/>\n<meta property=\"og:type\" content=\"article\" \/>\n<meta property=\"og:title\" content=\"6x19 Wire Rope\" \/>\n<meta property=\"og:description\" content=\"6x19 wire rope is a versatile and durable type of steel wire rope, offering a blend of flexibility and strength.\" \/>\n<meta property=\"og:url\" content=\"https:\/\/qingdaohf.com\/et\/toode\/6x19-tross\/\" \/>\n<meta property=\"og:site_name\" content=\"Concrete Form &amp; Rigging Hardware Supplier\" \/>\n<meta property=\"article:publisher\" content=\"https:\/\/www.facebook.com\/qingdaohf\" \/>\n<meta property=\"article:modified_time\" content=\"2025-11-13T01:02:55+00:00\" \/>\n<meta property=\"og:image\" content=\"https:\/\/qingdaohf.com\/wp-content\/uploads\/2024\/10\/6x19wrc_2.webp\" \/>\n\t<meta property=\"og:image:width\" content=\"787\" \/>\n\t<meta property=\"og:image:height\" content=\"787\" \/>\n\t<meta property=\"og:image:type\" content=\"image\/webp\" \/>\n<meta name=\"twitter:card\" content=\"summary_large_image\" \/>\n<meta name=\"twitter:label1\" content=\"Est. reading time\" \/>\n\t<meta name=\"twitter:data1\" content=\"6 minutit\" \/>\n<script type=\"application\/ld+json\" class=\"yoast-schema-graph\">{\"@context\":\"https:\/\/schema.org\",\"@graph\":[{\"@type\":\"WebPage\",\"@id\":\"https:\/\/qingdaohf.com\/product\/6x19-wire-rope\/\",\"url\":\"https:\/\/qingdaohf.com\/product\/6x19-wire-rope\/\",\"name\":\"6x19 Wire Rope\",\"isPartOf\":{\"@id\":\"https:\/\/qingdaohf.com\/bg\/#website\"},\"primaryImageOfPage\":{\"@id\":\"https:\/\/qingdaohf.com\/product\/6x19-wire-rope\/#primaryimage\"},\"image\":{\"@id\":\"https:\/\/qingdaohf.com\/product\/6x19-wire-rope\/#primaryimage\"},\"thumbnailUrl\":\"https:\/\/qingdaohf.com\/wp-content\/uploads\/2024\/10\/6x19wrc_2.webp\",\"datePublished\":\"2024-10-24T09:13:03+00:00\",\"dateModified\":\"2025-11-13T01:02:55+00:00\",\"description\":\"6x19 wire rope is a versatile and durable type of steel wire rope, offering a blend of flexibility and strength.\",\"breadcrumb\":{\"@id\":\"https:\/\/qingdaohf.com\/product\/6x19-wire-rope\/#breadcrumb\"},\"inLanguage\":\"et\",\"potentialAction\":[{\"@type\":\"ReadAction\",\"target\":[\"https:\/\/qingdaohf.com\/product\/6x19-wire-rope\/\"]}]},{\"@type\":\"ImageObject\",\"inLanguage\":\"et\",\"@id\":\"https:\/\/qingdaohf.com\/product\/6x19-wire-rope\/#primaryimage\",\"url\":\"https:\/\/qingdaohf.com\/wp-content\/uploads\/2024\/10\/6x19wrc_2.webp\",\"contentUrl\":\"https:\/\/qingdaohf.com\/wp-content\/uploads\/2024\/10\/6x19wrc_2.webp\",\"width\":787,\"height\":787,\"caption\":\"6X19 wire rope\"},{\"@type\":\"BreadcrumbList\",\"@id\":\"https:\/\/qingdaohf.com\/product\/6x19-wire-rope\/#breadcrumb\",\"itemListElement\":[{\"@type\":\"ListItem\",\"position\":1,\"name\":\"Home\",\"item\":\"https:\/\/qingdaohf.com\/\"},{\"@type\":\"ListItem\",\"position\":2,\"name\":\"Concrete Forming Accessories and Rigging Hardware\",\"item\":\"https:\/\/qingdaohf.com\/bg\/?page_id=944\"},{\"@type\":\"ListItem\",\"position\":3,\"name\":\"6&#215;19 Wire Rope\"}]},{\"@type\":\"WebSite\",\"@id\":\"https:\/\/qingdaohf.com\/bg\/#website\",\"url\":\"https:\/\/qingdaohf.com\/bg\/\",\"name\":\"Concrete Form & Rigging Hardware Supplier\",\"description\":\"\",\"publisher\":{\"@id\":\"https:\/\/qingdaohf.com\/bg\/#organization\"},\"potentialAction\":[{\"@type\":\"SearchAction\",\"target\":{\"@type\":\"EntryPoint\",\"urlTemplate\":\"https:\/\/qingdaohf.com\/bg\/?s={search_term_string}\"},\"query-input\":{\"@type\":\"PropertyValueSpecification\",\"valueRequired\":true,\"valueName\":\"search_term_string\"}}],\"inLanguage\":\"et\"},{\"@type\":\"Organization\",\"@id\":\"https:\/\/qingdaohf.com\/bg\/#organization\",\"name\":\"Qingdao H&F\",\"url\":\"https:\/\/qingdaohf.com\/bg\/\",\"logo\":{\"@type\":\"ImageObject\",\"inLanguage\":\"et\",\"@id\":\"https:\/\/qingdaohf.com\/bg\/#\/schema\/logo\/image\/\",\"url\":\"https:\/\/qingdaohf.com\/wp-content\/uploads\/2022\/12\/cropped-HF-LOGO.png\",\"contentUrl\":\"https:\/\/qingdaohf.com\/wp-content\/uploads\/2022\/12\/cropped-HF-LOGO.png\",\"width\":391,\"height\":249,\"caption\":\"Qingdao H&F\"},\"image\":{\"@id\":\"https:\/\/qingdaohf.com\/bg\/#\/schema\/logo\/image\/\"},\"sameAs\":[\"https:\/\/www.facebook.com\/qingdaohf\"]}]}<\/script>\n<!-- \/ Yoast SEO plugin. -->","yoast_head_json":{"title":"6x19 Wire Rope","description":"6x19 wire rope is a versatile and durable type of steel wire rope, offering a blend of flexibility and strength.","robots":{"index":"index","follow":"follow","max-snippet":"max-snippet:-1","max-image-preview":"max-image-preview:large","max-video-preview":"max-video-preview:-1"},"canonical":"https:\/\/qingdaohf.com\/et\/toode\/6x19-tross\/","og_locale":"et_EE","og_type":"article","og_title":"6x19 Wire Rope","og_description":"6x19 wire rope is a versatile and durable type of steel wire rope, offering a blend of flexibility and strength.","og_url":"https:\/\/qingdaohf.com\/et\/toode\/6x19-tross\/","og_site_name":"Concrete Form &amp; Rigging Hardware Supplier","article_publisher":"https:\/\/www.facebook.com\/qingdaohf","article_modified_time":"2025-11-13T01:02:55+00:00","og_image":[{"width":787,"height":787,"url":"https:\/\/qingdaohf.com\/wp-content\/uploads\/2024\/10\/6x19wrc_2.webp","type":"image\/webp"}],"twitter_card":"summary_large_image","twitter_misc":{"Est. reading time":"6 minutit"},"schema":{"@context":"https:\/\/schema.org","@graph":[{"@type":"WebPage","@id":"https:\/\/qingdaohf.com\/product\/6x19-wire-rope\/","url":"https:\/\/qingdaohf.com\/product\/6x19-wire-rope\/","name":"6x19 Wire Rope","isPartOf":{"@id":"https:\/\/qingdaohf.com\/bg\/#website"},"primaryImageOfPage":{"@id":"https:\/\/qingdaohf.com\/product\/6x19-wire-rope\/#primaryimage"},"image":{"@id":"https:\/\/qingdaohf.com\/product\/6x19-wire-rope\/#primaryimage"},"thumbnailUrl":"https:\/\/qingdaohf.com\/wp-content\/uploads\/2024\/10\/6x19wrc_2.webp","datePublished":"2024-10-24T09:13:03+00:00","dateModified":"2025-11-13T01:02:55+00:00","description":"6x19 wire rope is a versatile and durable type of steel wire rope, offering a blend of flexibility and strength.","breadcrumb":{"@id":"https:\/\/qingdaohf.com\/product\/6x19-wire-rope\/#breadcrumb"},"inLanguage":"et","potentialAction":[{"@type":"ReadAction","target":["https:\/\/qingdaohf.com\/product\/6x19-wire-rope\/"]}]},{"@type":"ImageObject","inLanguage":"et","@id":"https:\/\/qingdaohf.com\/product\/6x19-wire-rope\/#primaryimage","url":"https:\/\/qingdaohf.com\/wp-content\/uploads\/2024\/10\/6x19wrc_2.webp","contentUrl":"https:\/\/qingdaohf.com\/wp-content\/uploads\/2024\/10\/6x19wrc_2.webp","width":787,"height":787,"caption":"6X19 wire rope"},{"@type":"BreadcrumbList","@id":"https:\/\/qingdaohf.com\/product\/6x19-wire-rope\/#breadcrumb","itemListElement":[{"@type":"ListItem","position":1,"name":"Home","item":"https:\/\/qingdaohf.com\/"},{"@type":"ListItem","position":2,"name":"Concrete Forming Accessories and Rigging Hardware","item":"https:\/\/qingdaohf.com\/bg\/?page_id=944"},{"@type":"ListItem","position":3,"name":"6&#215;19 Wire Rope"}]},{"@type":"WebSite","@id":"https:\/\/qingdaohf.com\/bg\/#website","url":"https:\/\/qingdaohf.com\/bg\/","name":"Concrete Form & Rigging Hardware Supplier","description":"","publisher":{"@id":"https:\/\/qingdaohf.com\/bg\/#organization"},"potentialAction":[{"@type":"SearchAction","target":{"@type":"EntryPoint","urlTemplate":"https:\/\/qingdaohf.com\/bg\/?s={search_term_string}"},"query-input":{"@type":"PropertyValueSpecification","valueRequired":true,"valueName":"search_term_string"}}],"inLanguage":"et"},{"@type":"Organization","@id":"https:\/\/qingdaohf.com\/bg\/#organization","name":"Qingdao H&F","url":"https:\/\/qingdaohf.com\/bg\/","logo":{"@type":"ImageObject","inLanguage":"et","@id":"https:\/\/qingdaohf.com\/bg\/#\/schema\/logo\/image\/","url":"https:\/\/qingdaohf.com\/wp-content\/uploads\/2022\/12\/cropped-HF-LOGO.png","contentUrl":"https:\/\/qingdaohf.com\/wp-content\/uploads\/2022\/12\/cropped-HF-LOGO.png","width":391,"height":249,"caption":"Qingdao H&F"},"image":{"@id":"https:\/\/qingdaohf.com\/bg\/#\/schema\/logo\/image\/"},"sameAs":["https:\/\/www.facebook.com\/qingdaohf"]}]}},"_links":{"self":[{"href":"https:\/\/qingdaohf.com\/et\/wp-json\/wp\/v2\/product\/8109","targetHints":{"allow":["GET"]}}],"collection":[{"href":"https:\/\/qingdaohf.com\/et\/wp-json\/wp\/v2\/product"}],"about":[{"href":"https:\/\/qingdaohf.com\/et\/wp-json\/wp\/v2\/types\/product"}],"replies":[{"embeddable":true,"href":"https:\/\/qingdaohf.com\/et\/wp-json\/wp\/v2\/comments?post=8109"}],"version-history":[{"count":1,"href":"https:\/\/qingdaohf.com\/et\/wp-json\/wp\/v2\/product\/8109\/revisions"}],"predecessor-version":[{"id":8114,"href":"https:\/\/qingdaohf.com\/et\/wp-json\/wp\/v2\/product\/8109\/revisions\/8114"}],"wp:featuredmedia":[{"embeddable":true,"href":"https:\/\/qingdaohf.com\/et\/wp-json\/wp\/v2\/media\/8112"}],"wp:attachment":[{"href":"https:\/\/qingdaohf.com\/et\/wp-json\/wp\/v2\/media?parent=8109"}],"wp:term":[{"taxonomy":"product_brand","embeddable":true,"href":"https:\/\/qingdaohf.com\/et\/wp-json\/wp\/v2\/product_brand?post=8109"},{"taxonomy":"product_cat","embeddable":true,"href":"https:\/\/qingdaohf.com\/et\/wp-json\/wp\/v2\/product_cat?post=8109"},{"taxonomy":"product_tag","embeddable":true,"href":"https:\/\/qingdaohf.com\/et\/wp-json\/wp\/v2\/product_tag?post=8109"}],"curies":[{"name":"wp","href":"https:\/\/api.w.org\/{rel}","templated":true}]}}