{"id":8119,"date":"2024-10-24T17:32:24","date_gmt":"2024-10-24T09:32:24","guid":{"rendered":"http:\/\/qingdaohf.com\/?post_type=product&#038;p=8119"},"modified":"2025-11-13T09:02:55","modified_gmt":"2025-11-13T01:02:55","slug":"6x36-wire-rope","status":"publish","type":"product","link":"https:\/\/qingdaohf.com\/et\/toode\/6x36-tross\/","title":{"rendered":"6\u00d736 tross"},"content":{"rendered":"<h3>\u00dclevaade 6\u00d736 trossistruktuurist<\/h3>\n<p>6\u00d736 tross on tuntud oma ainulaadse struktuuri poolest, mis \u00fchendab endas tugevuse, vastupidavuse ja paindlikkuse. Sellel trossil on 6 niiti, millest iga\u00fcks sisaldab 36 \u00fcksikut traati, mis loob tiheda, kuid kohandatava konfiguratsiooni. Selle konstruktsioon pakub paremat tasakaalu paindlikkuse ja tugevuse vahel kui m\u00f5ned teised trossid, n\u00e4iteks 6\u00d719. Konstruktsioon v\u00f5imaldab trossil taluda korduvaid painutusi ja liigutusi, ilma et selle struktuuriline terviklikkus kannataks, mist\u00f5ttu on see eelistatud valik t\u00f6\u00f6stusharudes, kus on vaja usaldusv\u00e4\u00e4rseid t\u00f5stmis-, t\u00f5stmis- ja taglastamisv\u00f5imalusi.<\/p>\n<p>K\u00f5rgs\u00fcsinikterasest valmistatud 6\u00d736 tross on konstrueeritud nii, et see peab vastu rasketes tingimustes, s\u00e4ilitades samal ajal oma p\u00f5hitugevuse. See kvaliteetne materjal suurendab trossi vastupidavust kulumisele, korrosioonile ja kulumisele, mist\u00f5ttu see sobib mitmesugustesse n\u00f5udlikesse keskkondadesse. Teraskiud on hoolikalt paigutatud, et tagada koormuse \u00fchtlane jaotumine, mille tulemuseks on tross, mis peab vastu rasketele raskustele ja keerulistele t\u00f6\u00f6tingimustele.<\/p>\n<h3>Tavalised 6\u00d736 trossi suurused<\/h3>\n<p>Trossi suuruse valik m\u00f5jutab otseselt selle tugevust, paindlikkust ja sobivust erinevateks rakendusteks. Tross 6\u00d736 on saadaval erinevates suurustes, mis v\u00f5imaldab t\u00e4pset kohandamist erinevate t\u00f6\u00f6stusharude spetsiifiliste vajaduste rahuldamiseks, alates ehitusest kuni merenduseni.<\/p>\n<p>3\/16-tolline 6\u00d736-tolline tross on mitmek\u00fclgne valik, mis pakub head tasakaalu paindlikkuse ja tugevuse vahel. Seda suurust kasutatakse sageli kergemates rakendustes, kus ruumipiirangud on teguriks, n\u00e4iteks v\u00e4ikesemahulistes taglastes v\u00f5i kontrollitud t\u00f5stmis\u00fclesannetes. Selle kompaktne l\u00e4bim\u00f5\u00f5t v\u00f5imaldab seda h\u00f5lpsasti man\u00f6\u00f6verdada, pakkudes samal ajal usaldusv\u00e4\u00e4rset t\u00f5mbetugevust m\u00f5\u00f5dukate koormuste puhul.<\/p>\n<p>Rakenduste jaoks, mis n\u00f5uavad tugevamat valikut, pakub 1\/4-tolline 6\u00d736 tross suuremat tugevust, ilma et see kaotaks liiga palju paindlikkust. See suurus valitakse sageli sellisteks kasutusaladeks nagu koormate t\u00f5stmine ja kinnitamine ehitus- v\u00f5i transpordiseadmetes. See sobib h\u00e4sti ka vintsit\u00f6\u00f6del, kus t\u00f5husaks t\u00f6\u00f6ks on oluline tugevuse ja lihtsa k\u00e4sitsemise kombinatsioon.<\/p>\n<p>5\/16-tolline 6\u00d736 tross on tugevam valik, mis pakub suuremat koormustaluvust intensiivsemate \u00fclesannete jaoks. See suurus sobib ideaalselt raskeveokitele, n\u00e4iteks t\u00f6\u00f6stuslikele kraanadele, t\u00f5stukitele ja meres\u00f5idutornidele. Selle paksem l\u00e4bim\u00f5\u00f5t v\u00f5imaldab taluda suuremaid pingeid ja pingeid, mist\u00f5ttu sobib see keskkondadesse, kus on oluline nii tugevus kui ka vastupidavus.<\/p>\n<p>Neile, kes vajavad veelgi suuremat tugevust, v\u00f5ib 3\/8-tolline 6\u00d736 tross pakkuda olulist tuge n\u00f5udlike projektide jaoks. See sobib h\u00e4sti suurteks ehitusprojektideks ja t\u00f6\u00f6stuslikuks kasutamiseks, kus on vaja suurt kandev\u00f5imet. Vaatamata oma paksemale l\u00e4bim\u00f5\u00f5dule s\u00e4ilitab 3\/8-tolline suurus paindlikkuse, mis on vajalik teatud painutusrakenduste jaoks, tagades selle t\u00f5husa toimimise isegi d\u00fcnaamilistes tingimustes.<\/p>\n<h3>P\u00f5hit\u00fc\u00fcbid: FC, IWS ja IWRC 6\u00d736 trossiga.<\/h3>\n<p>Trossis\u00fcdamik on oluline komponent, mis m\u00e4\u00e4rab selle paindlikkuse, tugevuse ja sobivuse erinevateks rakendusteks. 6\u00d736 tross on saadaval kolme t\u00fc\u00fcpi s\u00fcdamikutega: Kiudt\u00fcvi (FC), s\u00f5ltumatu trossit\u00fcvi (IWS) ja s\u00f5ltumatu trossit\u00fcvi (IWRC), millest iga\u00fchel on erinevad eelised eri kasutusviiside jaoks.<\/p>\n<p>Fiber Core (FC) on 6\u00d736 trossi k\u00f5ige paindlikum t\u00fcvevariant. See s\u00fcdamik on valmistatud s\u00fcnteetilistest v\u00f5i looduslikest kiududest, mis tagavad pehmema ja paindlikuma s\u00fcdamiku struktuuri. FC-variant on eriti kasulik stsenaariumides, kus tross peab sageli liikuma \u00fcmber rihmarataste ja rullide, kuna selle paindlikkus v\u00e4hendab nii trossi kui ka masinate kulumist. Pehmem s\u00fcdamiku t\u00f5ttu on selle tugevus siiski veidi v\u00e4iksem kui terasest s\u00fcdamiku variantidel, mist\u00f5ttu see sobib paremini kergemate t\u00f6\u00f6de jaoks, kus paindlikkus on t\u00e4htsam kui maksimaalne kandev\u00f5ime.<\/p>\n<p>Independent Wire Strand Core (IWS) pakub tasakaalu tugevuse ja paindlikkuse vahel. IWS-s\u00fcdamik koosneb eraldi trossist, mis pakub t\u00e4iendavat struktuurilist tuge, suurendades trossi vastupidavust ja t\u00f5mbetugevust. See s\u00fcdamiku t\u00fc\u00fcp sobib h\u00e4sti keskmise koormusega rakendusteks, kus on vaja m\u00f5\u00f5dukat paindumist ja liikumist, n\u00e4iteks v\u00e4iksemates kraanades v\u00f5i keskmise suurusega t\u00f5steseadmetes. IWS-s\u00fcdamik tagab, et tross s\u00e4ilitab koormuse all oma kuju, mist\u00f5ttu on see usaldusv\u00e4\u00e4rne valik \u00fclesannetes, mis n\u00f5uavad veidi suuremat tugevust, ilma et see kaotaks liiga palju paindlikkust.<\/p>\n<p>Maksimaalset tugevust otsivate inimeste jaoks pakub s\u00f5ltumatu trossis\u00fcdamik (IWRC) s\u00fcdamikut\u00fc\u00fcpide seas k\u00f5ige suuremat vastupidavust. IWRC on valmistatud eraldi trossist, mis suurendab 6\u00d736 trossi \u00fcldist tugevust, mist\u00f5ttu on see ideaalne raskete rakenduste jaoks. Seda s\u00fcdamikut\u00fc\u00fcpi kasutatakse tavaliselt keskkondades, kus suur t\u00f5mbetugevus on kriitiline, n\u00e4iteks suuremahulistes ehituskraanades, t\u00f6\u00f6stuslikes t\u00f5stukites ja merendust\u00f6\u00f6del, nagu pukseerimine ja sildumine. Kuigi IWRC-s\u00fcdamik on v\u00e4hem paindlik kui FC v\u00f5i IWS, on selle v\u00f5ime taluda suuri koormusi ja vastu seista deformatsioonile pingelistes tingimustes muudab selle eelistatud valikuks intensiivsetes t\u00f6\u00f6tingimustes.<\/p>\n<h3>6\u00d736 trossi rakendused ja eelised<\/h3>\n<p>6\u00d736 trossi ainulaadne disain ja mitmek\u00fclgsus teevad sellest olulise valiku paljudes t\u00f6\u00f6stusharudes. Selle v\u00f5ime kombineerida tugevust ja paindlikkust tagab, et see suudab kohaneda erinevate rakendustega, pakkudes samas \u00fchtlast j\u00f5udlust. See muudab selle v\u00e4ga t\u00f5husaks t\u00f6\u00f6riistaks sellistes \u00fclesannetes nagu t\u00f5stmine, t\u00f5stmine ja taglastamine, kus t\u00e4psus ja vastupidavus on v\u00f5tmet\u00e4htsusega.<\/p>\n<p>Ehitust\u00f6\u00f6stuses on 6\u00d736 trossil oluline roll kraanade, t\u00f5stukite ja muude raskete t\u00f5steseadmete kasutamisel. Selle konstruktsioon v\u00f5imaldab sujuvat liikumist trosside ja rihmarataste kohal, mis v\u00e4hendab kulumist ja pikendab trossi kasutusiga. Erinevate t\u00fcvevariantide k\u00e4ttesaadavus t\u00e4hendab, et kasutajad saavad valida iga projekti spetsiifilistele n\u00f5uetele vastava ideaalse konfiguratsiooni, olgu see siis FC-t\u00fcvega paindlikkuse eelistamine v\u00f5i IWRC tugevuse valimine.<\/p>\n<p>Ka merendusrakendused saavad 6\u00d736 trossi kasutamisest m\u00e4rkimisv\u00e4\u00e4rset kasu. Selle kulumiskindlus ja v\u00f5ime taluda keerulisi keskkondi muudavad selle sobivaks mere\u00fclesannete t\u00e4itmiseks, n\u00e4iteks sildumiseks, pukseerimiseks ja kalap\u00fc\u00fcgiks. Eelk\u00f5ige IWRC t\u00fcvi on nendes tingimustes kasulik, kuna see suudab toime tulla d\u00fcnaamiliste koormustega, mis esinevad karmides meredes ja muutlikes tingimustes. Lisaks sellele tagab trossi k\u00f5rge s\u00fcsinikusisaldusega teraskonstruktsioon, et see peab vastu soolase vee korrosioonile, mis tagab mereoperatsioonide pikaajalise t\u00f6\u00f6kindluse.<\/p>\n<p>Transpordi- ja logistikasektoris kasutatakse 6\u00d736 trossi koormate kinnitamiseks, raskete materjalide t\u00f5stmiseks ja erinevate t\u00f5stemehhanismide toetamiseks. T\u00e4nu tasakaalustatud konstruktsioonile on see v\u00f5imeline taluma nii staatilisi kui ka d\u00fcnaamilisi koormusi, pakkudes vajalikku tugevust, et s\u00e4ilitada turvalisi \u00fchendusi ilma liigse pingutuseta. Selline mitmek\u00fclgsus t\u00e4hendab, et seda saab kasutada mitmesugustes transpordirakendustes, alates lasti kinnitamisest laevadel kuni kaupade peale- ja mahalaadimise abistamiseni ladudes.<\/p>\n<p>6\u00d736 trossi \u00f5ige s\u00fcdamiku ja suuruse valimine v\u00f5imaldab ettev\u00f5tetel optimeerida oma tegevust, tagades, et nad saavutavad oma konkreetsete vajaduste jaoks ideaalse paindlikkuse, tugevuse ja vastupidavuse segu. M\u00f5istes iga s\u00fcdamiku t\u00fc\u00fcbi v\u00f5imalusi ja erinevate suuruste m\u00f5ju, saavad kasutajad teha teadlikke otsuseid, mis maksimeerivad nende projektide ohutust ja t\u00f5husust. 6\u00d736 tross on t\u00e4nu oma tugevale konstruktsioonile ja kohandatavusele endiselt eelistatud valik neile, kes otsivad oma t\u00f6\u00f6stus-, mere- ja ehitust\u00f6\u00f6del usaldusv\u00e4\u00e4rsust ja j\u00f5udlust.<\/p>","protected":false},"excerpt":{"rendered":"<p>6\u00d736 tross on suure tugevusega, paindlik terastross, mis koosneb kuuest ahelast, millest iga\u00fches on 36 traati. See on tuntud oma tasakaalustatud vastupidavuse ja paindlikkuse poolest, mist\u00f5ttu sobib see n\u00f5udlikeks rakendusteks, n\u00e4iteks t\u00f5stmiseks, taglastamiseks ja meres\u00f5iduks. Tavaliselt on 6\u00d736 trossi saadaval sellistes suurustes nagu 3\/16 tolli, 1\/4 tolli ja 5\/16 tolli, ja see on tavaliselt valmistatud k\u00f5rgs\u00fcsinikterasest. Trossil on erinevad s\u00fcdamiku valikud, sealhulgas kiudmaterjaliga (FC), s\u00f5ltumatu trossimaterjaliga (IWS) ja s\u00f5ltumatu trossimaterjaliga (IWRC), mis v\u00f5imaldab kohandada selle j\u00f5udlust vastavalt konkreetsetele vajadustele.<\/p>","protected":false},"featured_media":8117,"comment_status":"open","ping_status":"closed","template":"","meta":{"site-sidebar-layout":"default","site-content-layout":"","ast-site-content-layout":"default","site-content-style":"default","site-sidebar-style":"default","ast-global-header-display":"","ast-banner-title-visibility":"","ast-main-header-display":"","ast-hfb-above-header-display":"","ast-hfb-below-header-display":"","ast-hfb-mobile-header-display":"","site-post-title":"","ast-breadcrumbs-content":"","ast-featured-img":"","footer-sml-layout":"","theme-transparent-header-meta":"default","adv-header-id-meta":"","stick-header-meta":"default","header-above-stick-meta":"","header-main-stick-meta":"","header-below-stick-meta":"","astra-migrate-meta-layouts":"set","ast-page-background-enabled":"default","ast-page-background-meta":{"desktop":{"background-color":"","background-image":"","background-repeat":"repeat","background-position":"center center","background-size":"auto","background-attachment":"scroll","background-type":"","background-media":"","overlay-type":"","overlay-color":"","overlay-opacity":"","overlay-gradient":""},"tablet":{"background-color":"","background-image":"","background-repeat":"repeat","background-position":"center center","background-size":"auto","background-attachment":"scroll","background-type":"","background-media":"","overlay-type":"","overlay-color":"","overlay-opacity":"","overlay-gradient":""},"mobile":{"background-color":"","background-image":"","background-repeat":"repeat","background-position":"center center","background-size":"auto","background-attachment":"scroll","background-type":"","background-media":"","overlay-type":"","overlay-color":"","overlay-opacity":"","overlay-gradient":""}},"ast-content-background-meta":{"desktop":{"background-color":"var(--ast-global-color-5)","background-image":"","background-repeat":"repeat","background-position":"center center","background-size":"auto","background-attachment":"scroll","background-type":"","background-media":"","overlay-type":"","overlay-color":"","overlay-opacity":"","overlay-gradient":""},"tablet":{"background-color":"var(--ast-global-color-5)","background-image":"","background-repeat":"repeat","background-position":"center center","background-size":"auto","background-attachment":"scroll","background-type":"","background-media":"","overlay-type":"","overlay-color":"","overlay-opacity":"","overlay-gradient":""},"mobile":{"background-color":"var(--ast-global-color-5)","background-image":"","background-repeat":"repeat","background-position":"center center","background-size":"auto","background-attachment":"scroll","background-type":"","background-media":"","overlay-type":"","overlay-color":"","overlay-opacity":"","overlay-gradient":""}}},"product_brand":[],"product_cat":[37],"product_tag":[89],"class_list":{"0":"post-8119","1":"product","2":"type-product","3":"status-publish","4":"has-post-thumbnail","6":"product_cat-wire-rope","7":"product_tag-wire-rope","8":"desktop-align-left","9":"tablet-align-left","10":"mobile-align-left","11":"ast-product-gallery-layout-horizontal-slider","12":"ast-product-tabs-layout-horizontal","14":"first","15":"instock","16":"shipping-taxable","17":"purchasable","18":"product-type-simple"},"yoast_head":"<!-- This site is optimized with the Yoast SEO plugin v25.2 - https:\/\/yoast.com\/wordpress\/plugins\/seo\/ -->\n<title>6x36 Wire Rope<\/title>\n<meta name=\"description\" content=\"The 6x36 wire rope is a high-strength, flexible steel wire rope consisting of 6 strands, each containing 36 wires.\" \/>\n<meta name=\"robots\" content=\"index, follow, max-snippet:-1, max-image-preview:large, max-video-preview:-1\" \/>\n<link rel=\"canonical\" href=\"https:\/\/qingdaohf.com\/et\/toode\/6x36-tross\/\" \/>\n<meta property=\"og:locale\" content=\"et_EE\" \/>\n<meta property=\"og:type\" content=\"article\" \/>\n<meta property=\"og:title\" content=\"6x36 Wire Rope\" \/>\n<meta property=\"og:description\" content=\"The 6x36 wire rope is a high-strength, flexible steel wire rope consisting of 6 strands, each containing 36 wires.\" \/>\n<meta property=\"og:url\" content=\"https:\/\/qingdaohf.com\/et\/toode\/6x36-tross\/\" \/>\n<meta property=\"og:site_name\" content=\"Concrete Form &amp; Rigging Hardware Supplier\" \/>\n<meta property=\"article:publisher\" content=\"https:\/\/www.facebook.com\/qingdaohf\" \/>\n<meta property=\"article:modified_time\" content=\"2025-11-13T01:02:55+00:00\" \/>\n<meta property=\"og:image\" content=\"https:\/\/qingdaohf.com\/wp-content\/uploads\/2024\/10\/6x36-IWRC-Bright-Wire-Rope.webp\" \/>\n\t<meta property=\"og:image:width\" content=\"744\" \/>\n\t<meta property=\"og:image:height\" content=\"744\" \/>\n\t<meta property=\"og:image:type\" content=\"image\/webp\" \/>\n<meta name=\"twitter:card\" content=\"summary_large_image\" \/>\n<meta name=\"twitter:label1\" content=\"Est. reading time\" \/>\n\t<meta name=\"twitter:data1\" content=\"6 minutit\" \/>\n<script type=\"application\/ld+json\" class=\"yoast-schema-graph\">{\"@context\":\"https:\/\/schema.org\",\"@graph\":[{\"@type\":\"WebPage\",\"@id\":\"https:\/\/qingdaohf.com\/product\/6x36-wire-rope\/\",\"url\":\"https:\/\/qingdaohf.com\/product\/6x36-wire-rope\/\",\"name\":\"6x36 Wire Rope\",\"isPartOf\":{\"@id\":\"https:\/\/qingdaohf.com\/bg\/#website\"},\"primaryImageOfPage\":{\"@id\":\"https:\/\/qingdaohf.com\/product\/6x36-wire-rope\/#primaryimage\"},\"image\":{\"@id\":\"https:\/\/qingdaohf.com\/product\/6x36-wire-rope\/#primaryimage\"},\"thumbnailUrl\":\"https:\/\/qingdaohf.com\/wp-content\/uploads\/2024\/10\/6x36-IWRC-Bright-Wire-Rope.webp\",\"datePublished\":\"2024-10-24T09:32:24+00:00\",\"dateModified\":\"2025-11-13T01:02:55+00:00\",\"description\":\"The 6x36 wire rope is a high-strength, flexible steel wire rope consisting of 6 strands, each containing 36 wires.\",\"breadcrumb\":{\"@id\":\"https:\/\/qingdaohf.com\/product\/6x36-wire-rope\/#breadcrumb\"},\"inLanguage\":\"et\",\"potentialAction\":[{\"@type\":\"ReadAction\",\"target\":[\"https:\/\/qingdaohf.com\/product\/6x36-wire-rope\/\"]}]},{\"@type\":\"ImageObject\",\"inLanguage\":\"et\",\"@id\":\"https:\/\/qingdaohf.com\/product\/6x36-wire-rope\/#primaryimage\",\"url\":\"https:\/\/qingdaohf.com\/wp-content\/uploads\/2024\/10\/6x36-IWRC-Bright-Wire-Rope.webp\",\"contentUrl\":\"https:\/\/qingdaohf.com\/wp-content\/uploads\/2024\/10\/6x36-IWRC-Bright-Wire-Rope.webp\",\"width\":744,\"height\":744,\"caption\":\"6x36 IWRC Wire Rope\"},{\"@type\":\"BreadcrumbList\",\"@id\":\"https:\/\/qingdaohf.com\/product\/6x36-wire-rope\/#breadcrumb\",\"itemListElement\":[{\"@type\":\"ListItem\",\"position\":1,\"name\":\"Home\",\"item\":\"https:\/\/qingdaohf.com\/\"},{\"@type\":\"ListItem\",\"position\":2,\"name\":\"Concrete Forming Accessories and Rigging Hardware\",\"item\":\"https:\/\/qingdaohf.com\/bg\/?page_id=944\"},{\"@type\":\"ListItem\",\"position\":3,\"name\":\"6&#215;36 Wire Rope\"}]},{\"@type\":\"WebSite\",\"@id\":\"https:\/\/qingdaohf.com\/bg\/#website\",\"url\":\"https:\/\/qingdaohf.com\/bg\/\",\"name\":\"Concrete Form & Rigging Hardware Supplier\",\"description\":\"\",\"publisher\":{\"@id\":\"https:\/\/qingdaohf.com\/bg\/#organization\"},\"potentialAction\":[{\"@type\":\"SearchAction\",\"target\":{\"@type\":\"EntryPoint\",\"urlTemplate\":\"https:\/\/qingdaohf.com\/bg\/?s={search_term_string}\"},\"query-input\":{\"@type\":\"PropertyValueSpecification\",\"valueRequired\":true,\"valueName\":\"search_term_string\"}}],\"inLanguage\":\"et\"},{\"@type\":\"Organization\",\"@id\":\"https:\/\/qingdaohf.com\/bg\/#organization\",\"name\":\"Qingdao H&F\",\"url\":\"https:\/\/qingdaohf.com\/bg\/\",\"logo\":{\"@type\":\"ImageObject\",\"inLanguage\":\"et\",\"@id\":\"https:\/\/qingdaohf.com\/bg\/#\/schema\/logo\/image\/\",\"url\":\"https:\/\/qingdaohf.com\/wp-content\/uploads\/2022\/12\/cropped-HF-LOGO.png\",\"contentUrl\":\"https:\/\/qingdaohf.com\/wp-content\/uploads\/2022\/12\/cropped-HF-LOGO.png\",\"width\":391,\"height\":249,\"caption\":\"Qingdao H&F\"},\"image\":{\"@id\":\"https:\/\/qingdaohf.com\/bg\/#\/schema\/logo\/image\/\"},\"sameAs\":[\"https:\/\/www.facebook.com\/qingdaohf\"]}]}<\/script>\n<!-- \/ Yoast SEO plugin. -->","yoast_head_json":{"title":"6x36 Wire Rope","description":"The 6x36 wire rope is a high-strength, flexible steel wire rope consisting of 6 strands, each containing 36 wires.","robots":{"index":"index","follow":"follow","max-snippet":"max-snippet:-1","max-image-preview":"max-image-preview:large","max-video-preview":"max-video-preview:-1"},"canonical":"https:\/\/qingdaohf.com\/et\/toode\/6x36-tross\/","og_locale":"et_EE","og_type":"article","og_title":"6x36 Wire Rope","og_description":"The 6x36 wire rope is a high-strength, flexible steel wire rope consisting of 6 strands, each containing 36 wires.","og_url":"https:\/\/qingdaohf.com\/et\/toode\/6x36-tross\/","og_site_name":"Concrete Form &amp; Rigging Hardware Supplier","article_publisher":"https:\/\/www.facebook.com\/qingdaohf","article_modified_time":"2025-11-13T01:02:55+00:00","og_image":[{"width":744,"height":744,"url":"https:\/\/qingdaohf.com\/wp-content\/uploads\/2024\/10\/6x36-IWRC-Bright-Wire-Rope.webp","type":"image\/webp"}],"twitter_card":"summary_large_image","twitter_misc":{"Est. reading time":"6 minutit"},"schema":{"@context":"https:\/\/schema.org","@graph":[{"@type":"WebPage","@id":"https:\/\/qingdaohf.com\/product\/6x36-wire-rope\/","url":"https:\/\/qingdaohf.com\/product\/6x36-wire-rope\/","name":"6x36 Wire Rope","isPartOf":{"@id":"https:\/\/qingdaohf.com\/bg\/#website"},"primaryImageOfPage":{"@id":"https:\/\/qingdaohf.com\/product\/6x36-wire-rope\/#primaryimage"},"image":{"@id":"https:\/\/qingdaohf.com\/product\/6x36-wire-rope\/#primaryimage"},"thumbnailUrl":"https:\/\/qingdaohf.com\/wp-content\/uploads\/2024\/10\/6x36-IWRC-Bright-Wire-Rope.webp","datePublished":"2024-10-24T09:32:24+00:00","dateModified":"2025-11-13T01:02:55+00:00","description":"The 6x36 wire rope is a high-strength, flexible steel wire rope consisting of 6 strands, each containing 36 wires.","breadcrumb":{"@id":"https:\/\/qingdaohf.com\/product\/6x36-wire-rope\/#breadcrumb"},"inLanguage":"et","potentialAction":[{"@type":"ReadAction","target":["https:\/\/qingdaohf.com\/product\/6x36-wire-rope\/"]}]},{"@type":"ImageObject","inLanguage":"et","@id":"https:\/\/qingdaohf.com\/product\/6x36-wire-rope\/#primaryimage","url":"https:\/\/qingdaohf.com\/wp-content\/uploads\/2024\/10\/6x36-IWRC-Bright-Wire-Rope.webp","contentUrl":"https:\/\/qingdaohf.com\/wp-content\/uploads\/2024\/10\/6x36-IWRC-Bright-Wire-Rope.webp","width":744,"height":744,"caption":"6x36 IWRC Wire Rope"},{"@type":"BreadcrumbList","@id":"https:\/\/qingdaohf.com\/product\/6x36-wire-rope\/#breadcrumb","itemListElement":[{"@type":"ListItem","position":1,"name":"Home","item":"https:\/\/qingdaohf.com\/"},{"@type":"ListItem","position":2,"name":"Concrete Forming Accessories and Rigging Hardware","item":"https:\/\/qingdaohf.com\/bg\/?page_id=944"},{"@type":"ListItem","position":3,"name":"6&#215;36 Wire Rope"}]},{"@type":"WebSite","@id":"https:\/\/qingdaohf.com\/bg\/#website","url":"https:\/\/qingdaohf.com\/bg\/","name":"Concrete Form & Rigging Hardware Supplier","description":"","publisher":{"@id":"https:\/\/qingdaohf.com\/bg\/#organization"},"potentialAction":[{"@type":"SearchAction","target":{"@type":"EntryPoint","urlTemplate":"https:\/\/qingdaohf.com\/bg\/?s={search_term_string}"},"query-input":{"@type":"PropertyValueSpecification","valueRequired":true,"valueName":"search_term_string"}}],"inLanguage":"et"},{"@type":"Organization","@id":"https:\/\/qingdaohf.com\/bg\/#organization","name":"Qingdao H&F","url":"https:\/\/qingdaohf.com\/bg\/","logo":{"@type":"ImageObject","inLanguage":"et","@id":"https:\/\/qingdaohf.com\/bg\/#\/schema\/logo\/image\/","url":"https:\/\/qingdaohf.com\/wp-content\/uploads\/2022\/12\/cropped-HF-LOGO.png","contentUrl":"https:\/\/qingdaohf.com\/wp-content\/uploads\/2022\/12\/cropped-HF-LOGO.png","width":391,"height":249,"caption":"Qingdao H&F"},"image":{"@id":"https:\/\/qingdaohf.com\/bg\/#\/schema\/logo\/image\/"},"sameAs":["https:\/\/www.facebook.com\/qingdaohf"]}]}},"_links":{"self":[{"href":"https:\/\/qingdaohf.com\/et\/wp-json\/wp\/v2\/product\/8119","targetHints":{"allow":["GET"]}}],"collection":[{"href":"https:\/\/qingdaohf.com\/et\/wp-json\/wp\/v2\/product"}],"about":[{"href":"https:\/\/qingdaohf.com\/et\/wp-json\/wp\/v2\/types\/product"}],"replies":[{"embeddable":true,"href":"https:\/\/qingdaohf.com\/et\/wp-json\/wp\/v2\/comments?post=8119"}],"version-history":[{"count":1,"href":"https:\/\/qingdaohf.com\/et\/wp-json\/wp\/v2\/product\/8119\/revisions"}],"predecessor-version":[{"id":8120,"href":"https:\/\/qingdaohf.com\/et\/wp-json\/wp\/v2\/product\/8119\/revisions\/8120"}],"wp:featuredmedia":[{"embeddable":true,"href":"https:\/\/qingdaohf.com\/et\/wp-json\/wp\/v2\/media\/8117"}],"wp:attachment":[{"href":"https:\/\/qingdaohf.com\/et\/wp-json\/wp\/v2\/media?parent=8119"}],"wp:term":[{"taxonomy":"product_brand","embeddable":true,"href":"https:\/\/qingdaohf.com\/et\/wp-json\/wp\/v2\/product_brand?post=8119"},{"taxonomy":"product_cat","embeddable":true,"href":"https:\/\/qingdaohf.com\/et\/wp-json\/wp\/v2\/product_cat?post=8119"},{"taxonomy":"product_tag","embeddable":true,"href":"https:\/\/qingdaohf.com\/et\/wp-json\/wp\/v2\/product_tag?post=8119"}],"curies":[{"name":"wp","href":"https:\/\/api.w.org\/{rel}","templated":true}]}}