{"id":8125,"date":"2024-10-24T17:39:48","date_gmt":"2024-10-24T09:39:48","guid":{"rendered":"http:\/\/qingdaohf.com\/?post_type=product&#038;p=8125"},"modified":"2025-11-13T09:02:55","modified_gmt":"2025-11-13T01:02:55","slug":"6x37-wire-rope","status":"publish","type":"product","link":"https:\/\/qingdaohf.com\/et\/toode\/6x37-tross\/","title":{"rendered":"6\u00d737 tross"},"content":{"rendered":"<h3><strong>Mis on 6X37 tross<\/strong><\/h3>\n<p>6X37 tross on mitmek\u00fclgne ja laialdaselt kasutatav trossit\u00fc\u00fcp, mida iseloomustab kuue ahela konstruktsioon, kusjuures iga ahel koosneb 37 \u00fcksikjuhtmest. Selle koostise tulemuseks on paindlikum tross, v\u00f5rreldes teiste trossit\u00fc\u00fcpidega, nagu n\u00e4iteks 6X19, mis muudab selle ideaalseks rakendusteks, kus painutamine ja painduvus on olulised. Konstruktsioon 6X37 v\u00f5imaldab trossil taluda korduvat painutamist \u00fcle rihmarataste, mis suurendab selle v\u00e4simuskindlust. T\u00e4nu oma tugevuse ja paindlikkuse kombinatsioonile kasutatakse trossi 6X37 sageli sellistes t\u00f6\u00f6stusharudes nagu ehitus, laevandus ja kaevandamine.<\/p>\n<p>Tross on tavaliselt valmistatud tugevast s\u00fcsinikterasest, mis on tuntud oma tugevuse ja vastupidavuse poolest. M\u00f5ned variandid v\u00f5ivad olla valmistatud ka roostevabast terasest v\u00f5i tsingitud terasest, s\u00f5ltuvalt kasutusotstarbest. Roostevaba teras pakub paremat korrosioonikindlust, eriti merekeskkonnas, samas kui tsingitud teras pakub m\u00f5\u00f5dukat roostet\u00f5rjet odavama hinnaga.<\/p>\n<h3><strong>6X37 trossi tavalised suurused ja s\u00fcdamikud<\/strong><\/h3>\n<p>Trossi m\u00f5\u00f5detakse sageli selle l\u00e4bim\u00f5\u00f5du j\u00e4rgi ja 6X37 t\u00fc\u00fcpi trossi on saadaval eri suurustes, mis sobivad erinevatele rakendustele. N\u00e4iteks kergemate rakenduste puhul v\u00f5ib sobida 1\/16-tolline 6X37 tross. Seda suurust kasutatakse sageli olukordades, kus on vaja minimaalset koormuskandev\u00f5imet, kuid paindlikkust ja kulumiskindlust, n\u00e4iteks v\u00e4ikesemahulistes t\u00f5stet\u00f6\u00f6des v\u00f5i kergete rihmarataste s\u00fcsteemides. Suurendades suurust, kasutatakse 3\/32-tollist 6X37 trossi tavaliselt keskkondades, kus on vaja veidi suuremat kandev\u00f5imet, ilma et paindlikkus v\u00e4heneks. Seda v\u00f5ib kasutada tellingutel v\u00f5i kergetes taglastusoperatsioonides.<\/p>\n<p>L\u00e4bim\u00f5\u00f5du suurenemisega suureneb ka trossi kandev\u00f5ime. N\u00e4iteks 1\/8-tolline tross 6X37 suudab taluda m\u00f5\u00f5dukaid koormusi ja seda kasutatakse sageli t\u00f6\u00f6stuslikes t\u00f5stmis\u00fclesannetes, t\u00f5steseadmetes ja liftis\u00fcsteemides. Suurema koormusega rakenduste puhul pakub 5\/32-tolline tross 6X37 m\u00e4rkimisv\u00e4\u00e4rset tugevust, s\u00e4ilitades samas paindlikkuse, mist\u00f5ttu sobib see ideaalselt kraanades, vintsides v\u00f5i s\u00fcvendusseadmetes kasutamiseks.<\/p>\n<p><img fetchpriority=\"high\" decoding=\"async\" class=\"alignnone size-full wp-image-8129\" src=\"http:\/\/qingdaohf.com\/wp-content\/uploads\/2024\/10\/6X37-wire-rope.webp\" alt=\"6X37 tross\" width=\"1338\" height=\"412\" srcset=\"https:\/\/qingdaohf.com\/wp-content\/uploads\/2024\/10\/6X37-wire-rope.webp 1338w, https:\/\/qingdaohf.com\/wp-content\/uploads\/2024\/10\/6X37-wire-rope-300x92.webp 300w, https:\/\/qingdaohf.com\/wp-content\/uploads\/2024\/10\/6X37-wire-rope-1024x315.webp 1024w, https:\/\/qingdaohf.com\/wp-content\/uploads\/2024\/10\/6X37-wire-rope-768x236.webp 768w, https:\/\/qingdaohf.com\/wp-content\/uploads\/2024\/10\/6X37-wire-rope-18x6.webp 18w, https:\/\/qingdaohf.com\/wp-content\/uploads\/2024\/10\/6X37-wire-rope-1000x308.webp 1000w\" sizes=\"(max-width: 1338px) 100vw, 1338px\" \/><\/p>\n<p>Mis puutub s\u00fcdamikutesse, siis 6X37 tross on tavaliselt saadaval kolme s\u00fcdamiku variandiga:<\/p>\n<p><strong>Kiudoptiline tuum (FC):<\/strong> Kiuds\u00fcdamikuga trossides kasutatakse looduslikke v\u00f5i s\u00fcnteetilisi kiude, mis annavad trossile lisaelastsust. Kuigi need trossid ei ole nii tugevad kui trossis\u00fcdamikuga trossid, on need kergemad ja paindlikumad, mist\u00f5ttu sobivad need konkreetseteks rakendusteks, kus paindlikkus on tugevuse asemel esmat\u00e4htis. Kiuds\u00fcdamik v\u00f5ib ka aidata absorbeerida m\u00e4\u00e4rdeainet, mis pikendab trossi eluiga, v\u00e4hendades h\u00f5\u00f5rdumist ja kulumist.<\/p>\n<p><strong>S\u00f5ltumatu trossis\u00fcdamik (IWRC):<\/strong> See s\u00fcdamik koosneb eraldi trossist, mis jookseb l\u00e4bi p\u00f5hitrossi keskosa. IWRC lisab tugevust ja parandab trossi vastupidavust purunemisele ja deformatsioonile raskete koormuste korral. Samuti tagab see parema vastupidavuse k\u00f5rgetele temperatuuridele, mist\u00f5ttu on IWRC 6X37 trossid eelistatud valik n\u00f5udlikes t\u00f6\u00f6stuskeskkondades, nagu n\u00e4iteks kaevandamine v\u00f5i meretagede paigaldamine.<\/p>\n<p><strong>Trossis\u00fcdamik (WSC):<\/strong> Selles konfiguratsioonis kasutatakse kiu v\u00f5i iseseisva trossi asemel s\u00fcdamikuna traatl\u00f5nga. WSC tagab tasakaalu kiudmaterjalist s\u00fcdamiku paindlikkuse ja sisekeermestatud trosside tugevuse vahel. Seda kasutatakse tavaliselt rakendustes, mis n\u00f5uavad m\u00f5\u00f5dukat paindlikkust ja tugevust, nagu n\u00e4iteks rippkraanad v\u00f5i raskeveokid.<\/p>\n<h3><strong>Materjali ja tugevuse omadused<\/strong><\/h3>\n<p>6X37 tross on tavaliselt valmistatud k\u00f5rgs\u00fcsinikterasest, mis annab sellele tugevuse, mis on vajalik rasketes tingimustes kasutamiseks. S\u00fcsinikteras, mis on tuntud oma suurep\u00e4rase t\u00f5mbetugevuse poolest, tagab, et tross peab vastu suurtele koormustele, ilma et see puruneks v\u00f5i deformeeruks pingete all. Samuti on see kuumt\u00f6\u00f6deldud, et parandada selle sitkust, mis on eriti oluline rakenduste puhul, mis h\u00f5lmavad \u00e4\u00e4rmuslikke temperatuure v\u00f5i kokkupuudet karmide elementidega.<\/p>\n<p>Kui korrosioonikindlus on esmat\u00e4htis, v\u00f5ib kasutada roostevabast terasest 6X37 trossi. Roostevaba teras on v\u00e4ga rooste- ja korrosioonikindel, mist\u00f5ttu on see ideaalne merenduses kasutamiseks, kus kokkupuude soolase veega v\u00f5ib kahjustada teisi materjale. Tsingitud terasest 6X37 tross seevastu pakub kaitsvat tsingikihti, mis aitab vastu pidada roostele, kuigi see ei paku samasugust korrosioonikindlust nagu roostevaba teras. Siiski kipuvad tsingitud valikud olema kuluefektiivsemad.<\/p>\n<p>\u00dcks 6X37 trossi iseloomulikke omadusi on selle paindlikkus. Suurem traatide arv igas ahelas (37) v\u00f5imaldab trossil kergemini painduda kui teistel konfiguratsioonidel, n\u00e4iteks 6X19 trossil, kus on v\u00e4hem traate \u00fche ahela kohta. Selline paindlikkus muudab selle h\u00e4sti sobivaks rakendusteks, kus tross peab sageli painduma v\u00f5i kus see peab liikuma \u00fcle rullikute v\u00f5i rihmarataste. Selline konstruktsioon aitab v\u00e4hendada v\u00e4simust ja pikendada k\u00f6ie kasutusiga sellistes olukordades.<\/p>\n<h3><strong>6X37 trossi rakendused<\/strong><\/h3>\n<p>T\u00e4nu oma mitmek\u00fclgsusele kasutatakse 6X37 trossi paljudes erinevates t\u00f6\u00f6stusharudes ja rakendustes. Ehituses v\u00f5ib seda kasutada seadmete t\u00f5stmiseks, tellingute toetamiseks v\u00f5i kraanat\u00f6\u00f6del. T\u00e4nu paindlikkusele ja kulumiskindlusele on see ideaalne korduvateks t\u00f5stet\u00f6\u00f6deks, kus trossi painutatakse ja venitatakse sageli. Seda kasutatakse ka transpordisektoris, kus see on osa laevade taglastest v\u00f5i s\u00f5idukite pukseerimistrossidest.<\/p>\n<p>Meret\u00f6\u00f6stuses kasutatakse 6X37 trossi roostevabast terasest versioone sageli sildumisliinide, taglase ja muude korrosioonikindlatust n\u00f5udvate rakenduste jaoks. Trossi v\u00f5ime taluda karmi soolase vee keskkonda teeb sellest suurep\u00e4rase valiku merenduses kasutatavateks rakendusteks. Samamoodi on selle kasutamine laialt levinud kaevandust\u00f6\u00f6stuses, kus seda kasutatakse t\u00f5steseadmetes, lohisevate liinide ja raskete koormate t\u00f5mbamiseks. K\u00f5rgs\u00fcsinikterasest konstruktsioon tagab vajaliku tugevuse ja vastupidavuse, et t\u00f6\u00f6tada sellistes karmides tingimustes.<\/p>\n<p>Teine tavaline kasutusala 6X37 trossile on liftid ja t\u00f5stes\u00fcsteemid. Trossi paindlikkus tagab selle sujuva toimimise, kui see liigub \u00fcle rihmarataste ja rihmarataste, samas kui selle tugevus v\u00f5imaldab tal kanda nii liftikabiini kui ka selles viibijate kaalu. Selles kontekstis eelistatakse sageli IWRC-t\u00fc\u00fcpi trossi, kuna see tagab tugevuse ja vastupidavuse, mis on vajalik pikaajaliseks kasutamiseks suure koormusega keskkonnas.<\/p>\n<h3><strong>Vastupidavus ja hooldus<\/strong><\/h3>\n<p>6X37 tross on m\u00f5eldud vastupidavuse tagamiseks, eriti keskkondades, kus see on korduva koormuse, paindumise ja ilmastiku kokkupuute all. Kuid nagu k\u00f5ik trossid, vajab ka see oma pikaealisuse tagamiseks regulaarset hooldust. Korralik m\u00e4\u00e4rimine on oluline, et v\u00e4ltida sisemist h\u00f5\u00f5rdumist \u00fcksikute trosside ja kiudude vahel, mis v\u00f5ib p\u00f5hjustada enneaegset kulumist. Kiudmaterjalist trossid imavad eriti h\u00e4sti m\u00e4\u00e4rdeaineid, samas kui IWRC ja WSC trossid saavad kasu v\u00e4lise m\u00e4\u00e4rdeaine regulaarsest kasutamisest.<\/p>\n<p>Ohutuse ja t\u00f6\u00f6v\u00f5ime s\u00e4ilitamiseks on oluline kontrollida trossi korrap\u00e4raselt kulumism\u00e4rkide, n\u00e4iteks katkiste traatide, korrosiooni v\u00f5i lameduse suhtes. Trossi paindlikkus muudab selle vastupidavaks v\u00e4simusele, kuid aja jooksul toimub ka k\u00f5ige vastupidavamatel trossidel m\u00f5ningane lagunemine. Tootja juhiste j\u00e4rgimine kontrollimiseks ja vahetamiseks aitab tagada, et tross j\u00e4\u00e4b v\u00f5imalikult kauaks optimaalsesse seisundisse.<\/p>\n<h3><strong>Kokkuv\u00f5te<\/strong><\/h3>\n<p>6X37 tross on t\u00e4nu paindlikkuse, tugevuse ja vastupidavuse kombinatsioonile suurep\u00e4rane valik mitmesuguste t\u00f6\u00f6stus- ja \u00e4rirakenduste jaoks. Saadaval erinevates suurustes, n\u00e4iteks 1\/16 tolli, 3\/32 tolli, 1\/8 tolli ja 5\/32 tolli, saab seda kohandada vastavalt erinevate t\u00f6\u00f6de spetsiifilistele vajadustele. Kas seda kasutatakse ehituses, merekeskkonnas v\u00f5i rasketesse t\u00f5steseadmetesse, 6X37 tross pakub t\u00f6\u00f6 ohutuks ja t\u00f5husaks teostamiseks vajalikku j\u00f5udlust ja usaldusv\u00e4\u00e4rsust. \u00d5ige s\u00fcdamiku ja n\u00f5uetekohase hoolduse korral v\u00f5ib see pakkuda pikaajalist teenust isegi k\u00f5ige n\u00f5udlikumates tingimustes.<\/p>","protected":false},"excerpt":{"rendered":"<p>6X37 tross on paindlik, mitmekihiline tross, mida kasutatakse tavaliselt erinevates t\u00f6\u00f6stuslikes ja kaubanduslikes rakendustes. See on tavaliselt valmistatud kvaliteetsest s\u00fcsinikterasest ja on saadaval mitmes suuruses, n\u00e4iteks 1\/16 tolli, 1\/8 tolli ja 5\/32 tolli. Trossil on suurem arv trosse \u00fche trossi kohta, mis tagab suurep\u00e4rase paindlikkuse ja v\u00e4simuskindluse. Trossil on erinevad s\u00fcdamikut\u00fc\u00fcbid, nagu kiuds\u00fcdamik (FC), s\u00f5ltumatu trossis\u00fcdamik (IWRC) v\u00f5i traats\u00fcdamik (WSC), millest iga\u00fcks pakub s\u00f5ltuvalt kasutusotstarbest unikaalseid eeliseid.<\/p>","protected":false},"featured_media":8126,"comment_status":"open","ping_status":"closed","template":"","meta":{"site-sidebar-layout":"default","site-content-layout":"","ast-site-content-layout":"default","site-content-style":"default","site-sidebar-style":"default","ast-global-header-display":"","ast-banner-title-visibility":"","ast-main-header-display":"","ast-hfb-above-header-display":"","ast-hfb-below-header-display":"","ast-hfb-mobile-header-display":"","site-post-title":"","ast-breadcrumbs-content":"","ast-featured-img":"","footer-sml-layout":"","theme-transparent-header-meta":"default","adv-header-id-meta":"","stick-header-meta":"default","header-above-stick-meta":"","header-main-stick-meta":"","header-below-stick-meta":"","astra-migrate-meta-layouts":"set","ast-page-background-enabled":"default","ast-page-background-meta":{"desktop":{"background-color":"","background-image":"","background-repeat":"repeat","background-position":"center center","background-size":"auto","background-attachment":"scroll","background-type":"","background-media":"","overlay-type":"","overlay-color":"","overlay-opacity":"","overlay-gradient":""},"tablet":{"background-color":"","background-image":"","background-repeat":"repeat","background-position":"center center","background-size":"auto","background-attachment":"scroll","background-type":"","background-media":"","overlay-type":"","overlay-color":"","overlay-opacity":"","overlay-gradient":""},"mobile":{"background-color":"","background-image":"","background-repeat":"repeat","background-position":"center center","background-size":"auto","background-attachment":"scroll","background-type":"","background-media":"","overlay-type":"","overlay-color":"","overlay-opacity":"","overlay-gradient":""}},"ast-content-background-meta":{"desktop":{"background-color":"var(--ast-global-color-5)","background-image":"","background-repeat":"repeat","background-position":"center center","background-size":"auto","background-attachment":"scroll","background-type":"","background-media":"","overlay-type":"","overlay-color":"","overlay-opacity":"","overlay-gradient":""},"tablet":{"background-color":"var(--ast-global-color-5)","background-image":"","background-repeat":"repeat","background-position":"center center","background-size":"auto","background-attachment":"scroll","background-type":"","background-media":"","overlay-type":"","overlay-color":"","overlay-opacity":"","overlay-gradient":""},"mobile":{"background-color":"var(--ast-global-color-5)","background-image":"","background-repeat":"repeat","background-position":"center center","background-size":"auto","background-attachment":"scroll","background-type":"","background-media":"","overlay-type":"","overlay-color":"","overlay-opacity":"","overlay-gradient":""}}},"product_brand":[],"product_cat":[37],"product_tag":[89],"class_list":{"0":"post-8125","1":"product","2":"type-product","3":"status-publish","4":"has-post-thumbnail","6":"product_cat-wire-rope","7":"product_tag-wire-rope","8":"desktop-align-left","9":"tablet-align-left","10":"mobile-align-left","11":"ast-product-gallery-layout-horizontal-slider","12":"ast-product-gallery-with-no-image","13":"ast-product-tabs-layout-horizontal","15":"first","16":"instock","17":"shipping-taxable","18":"purchasable","19":"product-type-simple"},"yoast_head":"<!-- This site is optimized with the Yoast SEO plugin v25.2 - https:\/\/yoast.com\/wordpress\/plugins\/seo\/ -->\n<title>6x37 Wire Rope<\/title>\n<meta name=\"description\" content=\"6X37 wire rope is a flexible, multi-strand wire rope commonly used in various industrial and commercial applications.\" \/>\n<meta name=\"robots\" content=\"index, follow, max-snippet:-1, max-image-preview:large, max-video-preview:-1\" \/>\n<link rel=\"canonical\" href=\"https:\/\/qingdaohf.com\/et\/toode\/6x37-tross\/\" \/>\n<meta property=\"og:locale\" content=\"et_EE\" \/>\n<meta property=\"og:type\" content=\"article\" \/>\n<meta property=\"og:title\" content=\"6x37 Wire Rope\" \/>\n<meta property=\"og:description\" content=\"6X37 wire rope is a flexible, multi-strand wire rope commonly used in various industrial and commercial applications.\" \/>\n<meta property=\"og:url\" content=\"https:\/\/qingdaohf.com\/et\/toode\/6x37-tross\/\" \/>\n<meta property=\"og:site_name\" content=\"Concrete Form &amp; Rigging Hardware Supplier\" \/>\n<meta property=\"article:publisher\" content=\"https:\/\/www.facebook.com\/qingdaohf\" \/>\n<meta property=\"article:modified_time\" content=\"2025-11-13T01:02:55+00:00\" \/>\n<meta property=\"og:image\" content=\"https:\/\/qingdaohf.com\/wp-content\/uploads\/2024\/10\/6x37-FC-WIRE-ROPE.webp\" \/>\n\t<meta property=\"og:image:width\" content=\"744\" \/>\n\t<meta property=\"og:image:height\" content=\"744\" \/>\n\t<meta property=\"og:image:type\" content=\"image\/webp\" \/>\n<meta name=\"twitter:card\" content=\"summary_large_image\" \/>\n<meta name=\"twitter:label1\" content=\"Est. reading time\" \/>\n\t<meta name=\"twitter:data1\" content=\"6 minutit\" \/>\n<script type=\"application\/ld+json\" class=\"yoast-schema-graph\">{\"@context\":\"https:\/\/schema.org\",\"@graph\":[{\"@type\":\"WebPage\",\"@id\":\"https:\/\/qingdaohf.com\/product\/6x37-wire-rope\/\",\"url\":\"https:\/\/qingdaohf.com\/product\/6x37-wire-rope\/\",\"name\":\"6x37 Wire Rope\",\"isPartOf\":{\"@id\":\"https:\/\/qingdaohf.com\/bg\/#website\"},\"primaryImageOfPage\":{\"@id\":\"https:\/\/qingdaohf.com\/product\/6x37-wire-rope\/#primaryimage\"},\"image\":{\"@id\":\"https:\/\/qingdaohf.com\/product\/6x37-wire-rope\/#primaryimage\"},\"thumbnailUrl\":\"https:\/\/qingdaohf.com\/wp-content\/uploads\/2024\/10\/6x37-FC-WIRE-ROPE.webp\",\"datePublished\":\"2024-10-24T09:39:48+00:00\",\"dateModified\":\"2025-11-13T01:02:55+00:00\",\"description\":\"6X37 wire rope is a flexible, multi-strand wire rope commonly used in various industrial and commercial applications.\",\"breadcrumb\":{\"@id\":\"https:\/\/qingdaohf.com\/product\/6x37-wire-rope\/#breadcrumb\"},\"inLanguage\":\"et\",\"potentialAction\":[{\"@type\":\"ReadAction\",\"target\":[\"https:\/\/qingdaohf.com\/product\/6x37-wire-rope\/\"]}]},{\"@type\":\"ImageObject\",\"inLanguage\":\"et\",\"@id\":\"https:\/\/qingdaohf.com\/product\/6x37-wire-rope\/#primaryimage\",\"url\":\"https:\/\/qingdaohf.com\/wp-content\/uploads\/2024\/10\/6x37-FC-WIRE-ROPE.webp\",\"contentUrl\":\"https:\/\/qingdaohf.com\/wp-content\/uploads\/2024\/10\/6x37-FC-WIRE-ROPE.webp\",\"width\":744,\"height\":744,\"caption\":\"6x37 FC WIRE ROPE\"},{\"@type\":\"BreadcrumbList\",\"@id\":\"https:\/\/qingdaohf.com\/product\/6x37-wire-rope\/#breadcrumb\",\"itemListElement\":[{\"@type\":\"ListItem\",\"position\":1,\"name\":\"Home\",\"item\":\"https:\/\/qingdaohf.com\/\"},{\"@type\":\"ListItem\",\"position\":2,\"name\":\"Concrete Forming Accessories and Rigging Hardware\",\"item\":\"https:\/\/qingdaohf.com\/bg\/?page_id=944\"},{\"@type\":\"ListItem\",\"position\":3,\"name\":\"6&#215;37 Wire Rope\"}]},{\"@type\":\"WebSite\",\"@id\":\"https:\/\/qingdaohf.com\/bg\/#website\",\"url\":\"https:\/\/qingdaohf.com\/bg\/\",\"name\":\"Concrete Form & Rigging Hardware Supplier\",\"description\":\"\",\"publisher\":{\"@id\":\"https:\/\/qingdaohf.com\/bg\/#organization\"},\"potentialAction\":[{\"@type\":\"SearchAction\",\"target\":{\"@type\":\"EntryPoint\",\"urlTemplate\":\"https:\/\/qingdaohf.com\/bg\/?s={search_term_string}\"},\"query-input\":{\"@type\":\"PropertyValueSpecification\",\"valueRequired\":true,\"valueName\":\"search_term_string\"}}],\"inLanguage\":\"et\"},{\"@type\":\"Organization\",\"@id\":\"https:\/\/qingdaohf.com\/bg\/#organization\",\"name\":\"Qingdao H&F\",\"url\":\"https:\/\/qingdaohf.com\/bg\/\",\"logo\":{\"@type\":\"ImageObject\",\"inLanguage\":\"et\",\"@id\":\"https:\/\/qingdaohf.com\/bg\/#\/schema\/logo\/image\/\",\"url\":\"https:\/\/qingdaohf.com\/wp-content\/uploads\/2022\/12\/cropped-HF-LOGO.png\",\"contentUrl\":\"https:\/\/qingdaohf.com\/wp-content\/uploads\/2022\/12\/cropped-HF-LOGO.png\",\"width\":391,\"height\":249,\"caption\":\"Qingdao H&F\"},\"image\":{\"@id\":\"https:\/\/qingdaohf.com\/bg\/#\/schema\/logo\/image\/\"},\"sameAs\":[\"https:\/\/www.facebook.com\/qingdaohf\"]}]}<\/script>\n<!-- \/ Yoast SEO plugin. -->","yoast_head_json":{"title":"6x37 Wire Rope","description":"6X37 wire rope is a flexible, multi-strand wire rope commonly used in various industrial and commercial applications.","robots":{"index":"index","follow":"follow","max-snippet":"max-snippet:-1","max-image-preview":"max-image-preview:large","max-video-preview":"max-video-preview:-1"},"canonical":"https:\/\/qingdaohf.com\/et\/toode\/6x37-tross\/","og_locale":"et_EE","og_type":"article","og_title":"6x37 Wire Rope","og_description":"6X37 wire rope is a flexible, multi-strand wire rope commonly used in various industrial and commercial applications.","og_url":"https:\/\/qingdaohf.com\/et\/toode\/6x37-tross\/","og_site_name":"Concrete Form &amp; Rigging Hardware Supplier","article_publisher":"https:\/\/www.facebook.com\/qingdaohf","article_modified_time":"2025-11-13T01:02:55+00:00","og_image":[{"width":744,"height":744,"url":"https:\/\/qingdaohf.com\/wp-content\/uploads\/2024\/10\/6x37-FC-WIRE-ROPE.webp","type":"image\/webp"}],"twitter_card":"summary_large_image","twitter_misc":{"Est. reading time":"6 minutit"},"schema":{"@context":"https:\/\/schema.org","@graph":[{"@type":"WebPage","@id":"https:\/\/qingdaohf.com\/product\/6x37-wire-rope\/","url":"https:\/\/qingdaohf.com\/product\/6x37-wire-rope\/","name":"6x37 Wire Rope","isPartOf":{"@id":"https:\/\/qingdaohf.com\/bg\/#website"},"primaryImageOfPage":{"@id":"https:\/\/qingdaohf.com\/product\/6x37-wire-rope\/#primaryimage"},"image":{"@id":"https:\/\/qingdaohf.com\/product\/6x37-wire-rope\/#primaryimage"},"thumbnailUrl":"https:\/\/qingdaohf.com\/wp-content\/uploads\/2024\/10\/6x37-FC-WIRE-ROPE.webp","datePublished":"2024-10-24T09:39:48+00:00","dateModified":"2025-11-13T01:02:55+00:00","description":"6X37 wire rope is a flexible, multi-strand wire rope commonly used in various industrial and commercial applications.","breadcrumb":{"@id":"https:\/\/qingdaohf.com\/product\/6x37-wire-rope\/#breadcrumb"},"inLanguage":"et","potentialAction":[{"@type":"ReadAction","target":["https:\/\/qingdaohf.com\/product\/6x37-wire-rope\/"]}]},{"@type":"ImageObject","inLanguage":"et","@id":"https:\/\/qingdaohf.com\/product\/6x37-wire-rope\/#primaryimage","url":"https:\/\/qingdaohf.com\/wp-content\/uploads\/2024\/10\/6x37-FC-WIRE-ROPE.webp","contentUrl":"https:\/\/qingdaohf.com\/wp-content\/uploads\/2024\/10\/6x37-FC-WIRE-ROPE.webp","width":744,"height":744,"caption":"6x37 FC WIRE ROPE"},{"@type":"BreadcrumbList","@id":"https:\/\/qingdaohf.com\/product\/6x37-wire-rope\/#breadcrumb","itemListElement":[{"@type":"ListItem","position":1,"name":"Home","item":"https:\/\/qingdaohf.com\/"},{"@type":"ListItem","position":2,"name":"Concrete Forming Accessories and Rigging Hardware","item":"https:\/\/qingdaohf.com\/bg\/?page_id=944"},{"@type":"ListItem","position":3,"name":"6&#215;37 Wire Rope"}]},{"@type":"WebSite","@id":"https:\/\/qingdaohf.com\/bg\/#website","url":"https:\/\/qingdaohf.com\/bg\/","name":"Concrete Form & Rigging Hardware Supplier","description":"","publisher":{"@id":"https:\/\/qingdaohf.com\/bg\/#organization"},"potentialAction":[{"@type":"SearchAction","target":{"@type":"EntryPoint","urlTemplate":"https:\/\/qingdaohf.com\/bg\/?s={search_term_string}"},"query-input":{"@type":"PropertyValueSpecification","valueRequired":true,"valueName":"search_term_string"}}],"inLanguage":"et"},{"@type":"Organization","@id":"https:\/\/qingdaohf.com\/bg\/#organization","name":"Qingdao H&F","url":"https:\/\/qingdaohf.com\/bg\/","logo":{"@type":"ImageObject","inLanguage":"et","@id":"https:\/\/qingdaohf.com\/bg\/#\/schema\/logo\/image\/","url":"https:\/\/qingdaohf.com\/wp-content\/uploads\/2022\/12\/cropped-HF-LOGO.png","contentUrl":"https:\/\/qingdaohf.com\/wp-content\/uploads\/2022\/12\/cropped-HF-LOGO.png","width":391,"height":249,"caption":"Qingdao H&F"},"image":{"@id":"https:\/\/qingdaohf.com\/bg\/#\/schema\/logo\/image\/"},"sameAs":["https:\/\/www.facebook.com\/qingdaohf"]}]}},"_links":{"self":[{"href":"https:\/\/qingdaohf.com\/et\/wp-json\/wp\/v2\/product\/8125","targetHints":{"allow":["GET"]}}],"collection":[{"href":"https:\/\/qingdaohf.com\/et\/wp-json\/wp\/v2\/product"}],"about":[{"href":"https:\/\/qingdaohf.com\/et\/wp-json\/wp\/v2\/types\/product"}],"replies":[{"embeddable":true,"href":"https:\/\/qingdaohf.com\/et\/wp-json\/wp\/v2\/comments?post=8125"}],"version-history":[{"count":4,"href":"https:\/\/qingdaohf.com\/et\/wp-json\/wp\/v2\/product\/8125\/revisions"}],"predecessor-version":[{"id":8131,"href":"https:\/\/qingdaohf.com\/et\/wp-json\/wp\/v2\/product\/8125\/revisions\/8131"}],"wp:featuredmedia":[{"embeddable":true,"href":"https:\/\/qingdaohf.com\/et\/wp-json\/wp\/v2\/media\/8126"}],"wp:attachment":[{"href":"https:\/\/qingdaohf.com\/et\/wp-json\/wp\/v2\/media?parent=8125"}],"wp:term":[{"taxonomy":"product_brand","embeddable":true,"href":"https:\/\/qingdaohf.com\/et\/wp-json\/wp\/v2\/product_brand?post=8125"},{"taxonomy":"product_cat","embeddable":true,"href":"https:\/\/qingdaohf.com\/et\/wp-json\/wp\/v2\/product_cat?post=8125"},{"taxonomy":"product_tag","embeddable":true,"href":"https:\/\/qingdaohf.com\/et\/wp-json\/wp\/v2\/product_tag?post=8125"}],"curies":[{"name":"wp","href":"https:\/\/api.w.org\/{rel}","templated":true}]}}