{"id":8136,"date":"2024-10-24T18:02:50","date_gmt":"2024-10-24T10:02:50","guid":{"rendered":"http:\/\/qingdaohf.com\/?post_type=product&#038;p=8136"},"modified":"2025-11-13T09:02:54","modified_gmt":"2025-11-13T01:02:54","slug":"7x19-wire-rope","status":"publish","type":"product","link":"https:\/\/qingdaohf.com\/et\/toode\/7x19-tross\/","title":{"rendered":"7\u00d719 tross"},"content":{"rendered":"<div class=\"flex max-w-full flex-col flex-grow\">\n<div class=\"min-h-8 text-message flex w-full flex-col items-end gap-2 whitespace-normal break-words [.text-message+&amp;]:mt-5\" dir=\"auto\" data-message-author-role=\"assistant\" data-message-id=\"433aa721-79fe-4c11-be83-ec5599ef1987\" data-message-model-slug=\"gpt-4o\">\n<div class=\"flex w-full flex-col gap-1 empty:hidden first:pt-[3px]\">\n<div class=\"markdown prose w-full break-words dark:prose-invert light\">\n<h3>Mis on 7\u00d719 tross?<\/h3>\n<p>7\u00d719 tross on v\u00e4ga paindlik ja vastupidav tross, mis koosneb peamiselt seitsmest trossikimpust, millest iga\u00fches on 19 \u00fcksikut trossi. Selline konstruktsioon annab trossile ainulaadse tugevuse ja paindlikkuse kombinatsiooni, mist\u00f5ttu on see populaarne valik paljudes rakendustes, alates merekeskkonnast kuni t\u00f6\u00f6stuslike masinateni. Nende kiudude konfiguratsioon tagab, et k\u00f6is suudab taluda m\u00e4rkimisv\u00e4\u00e4rseid koormusi, s\u00e4ilitades samal ajal oma struktuurilise terviklikkuse surve all.<\/p>\n<p>Trossi mitmek\u00fclgsus on \u00fcks selle k\u00f5ige atraktiivsemaid omadusi, eriti t\u00f6\u00f6stusharudes, kus kaablid peavad sageli liikuma v\u00f5i painduma. Erinevalt j\u00e4igemast konstruktsioonist, n\u00e4iteks 1\u00d719 trossist, pakub 7\u00d719 trossi konfiguratsioon parimat paindlikkust, ilma et selle t\u00f5mbetugevus kannataks. Tavaliselt on 7\u00d719 tross valmistatud kvaliteetsetest materjalidest, nagu roostevaba teras v\u00f5i tsingitud teras, ning see on kavandatud korrosioonikindlaks, mist\u00f5ttu sobib see nii sise- kui ka v\u00e4litingimustes kasutamiseks. Kas seda kasutatakse vintsides, kraanades v\u00f5i \u00f5hus\u00f5idukite juhtimistrossides, 7\u00d719 tross paistab silma keskkondades, kus paindlikkus ja vastupidavus on esmat\u00e4htsad.<\/p>\n<h3>Materjal ja konstruktsioon<\/h3>\n<p>7\u00d719 tross on tavaliselt saadaval kahest peamisest materjalist: roostevabast terasest ja tsingitud terasest. Roostevabast terasest trossi eelistatakse rakenduste puhul, mis n\u00f5uavad k\u00f5rget korrosioonikindlust, eriti niiskuse, kemikaalide v\u00f5i soolase veega kokkupuutuvates keskkondades. Seet\u00f5ttu on see populaarne valik meret\u00f6\u00f6stuses, kus rooste ja korrosioon v\u00f5ivad v\u00e4hem vastupidavad materjalid kiiresti laguneda. Tsingitud terastross seevastu on kaetud tsingikihiga, mis tagab korrosioonikindluse taseme, s\u00e4ilitades samal ajal kulut\u00f5hususe rakenduste puhul, mis ei ole seotud karmide keskkonnatingimustega.<\/p>\n<p>7\u00d719 trossi konstruktsioon koosneb seitsmest ahelast, millest iga\u00fcks koosneb 19 traadist. Selline moodustamine suurendab trossi paindlikkust ilma selle tugevust ohverdamata. V\u00f5rreldes sellise konstruktsiooniga nagu 1\u00d719, mille puhul on \u00fche trossi paindlikkus piiratud, on 7\u00d719 trossi painduvus suurem, mist\u00f5ttu on see ideaalne olukordades, kus tross peab painduma \u00fcmber rihmarataste v\u00f5i l\u00e4bima k\u00f5verad pinnad. 7\u00d719 trossi paindlikkus v\u00e4hendab ka t\u00f5en\u00e4osust, et tross paindub v\u00f5i kannatab v\u00e4simuskahjustusi, tagades d\u00fcnaamilistes rakendustes pikema eluea.<\/p>\n<p>Lisaks trossi v\u00e4liskonstruktsioonile m\u00e4ngib trossi toimivuse juures olulist rolli ka trossi s\u00fcdamik. 7\u00d719 tross on saadaval kahe t\u00fc\u00fcpi s\u00fcdamikutega: kiudmaterjalist s\u00fcdamikud (FC) ja s\u00f5ltumatu trossimaterjal (IWRC). Tavaliselt s\u00fcnteetilistest v\u00f5i looduslikest kiududest valmistatud kiuds\u00fcdamik suurendab paindlikkust, muutes trossi painduvamaks, kuid veidi n\u00f5rgemaks. IWRC, mis on tavaliselt v\u00e4ikese l\u00e4bim\u00f5\u00f5duga terastross, pakub suuremat tugevust ja vastupidavust purunemisele, mist\u00f5ttu see sobib paremini raskemate koormuste jaoks. Valik kiuds\u00fcdamiku ja IWRC vahel s\u00f5ltub konkreetsest rakendusest, kusjuures IWRC on eelistatud variant t\u00f6\u00f6stuslikuks kasutamiseks ja kiuds\u00fcdamikud on levinumad olukordades, kus n\u00f5utakse suuremat paindlikkust kui kandev\u00f5imet.<\/p>\n<h3>Tavalised suurused ja rakendused<\/h3>\n<p>7\u00d719 tross on saadaval eri suuruses, et sobida erinevatele rakendustele. M\u00f5ned k\u00f5ige levinumad suurused on j\u00e4rgmised:<\/p>\n<p><strong>1\/16-tolline 7\u00d719 tross:<\/strong> Seda suurust kasutatakse sageli kergete t\u00f6\u00f6de puhul. T\u00e4nu v\u00e4ikesele l\u00e4bim\u00f5\u00f5dule sobib see ideaalselt t\u00e4ppist\u00f6\u00f6deks, n\u00e4iteks juhtkaabliteks, jalgrattakaabliteks ja isegi m\u00f5nedes lennundust\u00f6\u00f6des, kus on vaja peent kontrolli ja paindlikkust. Vaatamata oma v\u00e4ikesele suurusele s\u00e4ilitab 1\/16-tolline 7\u00d719 tross t\u00e4nu oma mitmekihilisele konstruktsioonile muljetavaldava t\u00f5mbetugevuse, mis tagab t\u00f6\u00f6kindluse \u00fclesannetes, mis n\u00f5uavad nii peenust kui ka vastupidavust.<\/p>\n<p><strong>3\/32-tolline 7\u00d719 tross:<\/strong> See veidi suurem suurus sobib rakendusteks, kus on vaja tasakaalu paindlikkuse ja tugevuse vahel. Seda kasutatakse sageli arhitektuurilistes rakendustes, nagu piirded ja t\u00f5kked, samuti kergete taglastus\u00fclesannete t\u00e4itmisel merenduses. 3\/32-tollise trossi lisapaksus muudab selle paindlikumaks kui v\u00e4iksema l\u00e4bim\u00f5\u00f5duga tross, kuid pakub siiski suurep\u00e4rast paindlikkust rihmarataste ja muude sarnaste mehhanismide jaoks.<\/p>\n<p><strong>1\/8-tolline 7\u00d719 tross:<\/strong> 1\/8-tolline tross on v\u00e4ga mitmek\u00fclgne ja seda kasutatakse tavaliselt \u00fcldistes t\u00f6\u00f6stus- ja merendusvaldkondades. See on piisavalt tugev m\u00f5\u00f5dukate t\u00f5stmis\u00fclesannete t\u00e4itmiseks ning sobib h\u00e4sti vintside, tugitrosside ja isegi rippsildade ja -konstruktsioonide puhul. Selle korrosioonikindlus, eriti kui see on valmistatud roostevabast terasest, muudab selle eelistatud valikuks keskkondades, kus kokkupuude elementidega on probleemiks.<\/p>\n<p><strong>5\/32-tolline 7\u00d719 tross:<\/strong> See suurus pakub veelgi suuremat tugevust, s\u00e4ilitades samas paindlikkuse, mis muudab selle ideaalseks raskete t\u00f6\u00f6de jaoks. Seda kasutatakse sageli ehituses, liftides ja kraanades, kus tuleb t\u00f5sta v\u00f5i liigutada suuri koormusi. Suurem l\u00e4bim\u00f5\u00f5t tagab, et 5\/32-tolline tross suudab taluda m\u00e4rkimisv\u00e4\u00e4rset pinget ilma deformeerumata v\u00f5i enneaegselt kulumata, mis on suure koormusega olukordades ohutuse seisukohalt v\u00e4ga oluline.<\/p>\n<p>Sobiva 7\u00d719 trossi suuruse valik s\u00f5ltub suuresti konkreetsetest koormusn\u00f5uetest ja rakenduskoha keskkonnatingimustest. V\u00e4iksemad suurused, nagu 1\/16-tolline v\u00f5i 3\/32-tolline, sobivad paremini t\u00e4psus\u00fclesannete t\u00e4itmiseks, samas kui suuremad suurused, nagu 1\/8-tolline ja 5\/32-tolline, sobivad paremini raskete t\u00f6\u00f6de jaoks, mis n\u00f5uavad nii paindlikkust kui ka tugevust.<\/p>\n<h3>Mitmek\u00fclgsus kasutamisel<\/h3>\n<p>\u00dcks 7\u00d719 trossi olulisemaid eeliseid on selle kohandatavus paljudes t\u00f6\u00f6stusharudes. Trossi tugevuse ja paindlikkuse kombinatsioon muudab selle asendamatuks sellistes sektorites nagu lennundus, ehitus, merendus ja arhitektuur.<\/p>\n<p>Lennunduses kasutatakse 7\u00d719 trossi sageli juhtimistrossides ja \u00f5hus\u00f5idukite taglastuss\u00fcsteemides. T\u00e4nu oma suurep\u00e4rasele painduvusele saab see painduda ja liikuda sujuvalt l\u00e4bi rihmarataste ja \u00fcmber nurkade, ilma et tekiks oht, et see paindub v\u00f5i kahjustub. Materjali vastupidavus tagab, et see peab vastu pingetele ja pingetele, mida p\u00f5hjustavad kiirlennud, vibratsioonid ja temperatuurimuutused.<\/p>\n<p>Meret\u00f6\u00f6stuses on roostevabast terasest 7\u00d719 tross valitud materjal taglase-, sildumis- ja t\u00f5stet\u00f6\u00f6de jaoks. Trossi korrosioonikindlus koos selle v\u00f5imega taluda suuri koormusi muudab selle ideaalseks kasutamiseks karmides soolases vees. 7\u00d719 konstruktsiooni paindlikkus v\u00e4hendab ka rihmarataste ja muude seadmete kulumist, mis on eriti kasulik keskkondades, kus seadmed on pidevas kasutuses.<\/p>\n<p>Ehituses kasutatakse 7\u00d719 trossi raskete materjalide t\u00f5stmiseks ja kinnitamiseks. Selle v\u00f5ime taluda suuri koormusi ilma deformeerumata muudab selle kraanade, liftide ja muude ehitusmasinate oluliseks osaks. Trossi paindlikkus tagab selle sujuva liikumise seadmetes, v\u00e4hendades nii trossi kui ka masinate kulumist, millega see kokku puutub.<\/p>\n<p>Arhitektuurirakendustes hinnatakse k\u00f5rgelt 7\u00d719 trossi esteetilisi ja funktsionaalseid omadusi. Trossi kasutatakse sageli trossikaitses\u00fcsteemides, pingestatud konstruktsioonides ja rippsildades, kus selle puhas ja kaasaegne v\u00e4limus ning tugevus muudavad selle ideaalseks materjaliks. Roostevabast terasest 7\u00d719 trossi hinnatakse eelk\u00f5ige selle v\u00f5ime t\u00f5ttu s\u00e4ilitada elegantset, roostevaba v\u00e4limust, pakkudes samal ajal vajalikku t\u00f5mbetugevust, et konstruktsioone turvaliselt toetada.<\/p>\n<h3>Kokkuv\u00f5te<\/h3>\n<p>7\u00d719 tross on silmapaistev n\u00e4ide tehnilisest mitmek\u00fclgsusest. Selle ainulaadne seitsme ahela konfiguratsioon, millest iga\u00fches on 19 traati, v\u00f5imaldab \u00fchendada tugevuse, paindlikkuse ja vastupidavuse viisil, mida v\u00e4hesed teised materjalid suudavad saavutada. Saadaval erinevates suurustes, sealhulgas 1\/16 tolli, 3\/32 tolli, 1\/8 tolli ja 5\/32 tolli, pakub tross erinevaid lahendusi kergete ja raskete rakenduste jaoks paljudes t\u00f6\u00f6stusharudes. Kas seda kasutatakse merekeskkondades, t\u00f6\u00f6stuslikes masinates v\u00f5i arhitektuuriprojektides, 7\u00d719 tross pakub j\u00e4rjepidevalt j\u00f5udlust, mis on vajalik n\u00f5udlike kasutusn\u00f5uete t\u00e4itmiseks.<\/p>\n<\/div>\n<\/div>\n<\/div>\n<\/div>","protected":false},"excerpt":{"rendered":"<p>7\u00d719 tross on mitmek\u00fclgne ja paindlik tross, mida kasutatakse sageli tugevust ja vastupidavust n\u00f5udvates t\u00f6\u00f6stusharudes. See tross on valmistatud seitsmest ahelast, millest iga\u00fches on 19 \u00fcksikut traati, ning pakub v\u00f5rreldes teiste trossikonstruktsioonidega suurep\u00e4rast paindlikkust. See on tavaliselt valmistatud k\u00f5rgekvaliteedilisest roostevabast v\u00f5i tsingitud terasest ja on saadaval erinevates suurustes, n\u00e4iteks 1\/16 tolli, 3\/32 tolli ja 5\/32 tolli. T\u00fcved v\u00f5ivad olla valmistatud terasest v\u00f5i kiududest, s\u00f5ltuvalt konkreetsetest n\u00f5uetest koormuse tugevusele, paindlikkusele ja keskkonnatingimustele.<\/p>","protected":false},"featured_media":8137,"comment_status":"open","ping_status":"closed","template":"","meta":{"site-sidebar-layout":"default","site-content-layout":"","ast-site-content-layout":"default","site-content-style":"default","site-sidebar-style":"default","ast-global-header-display":"","ast-banner-title-visibility":"","ast-main-header-display":"","ast-hfb-above-header-display":"","ast-hfb-below-header-display":"","ast-hfb-mobile-header-display":"","site-post-title":"","ast-breadcrumbs-content":"","ast-featured-img":"","footer-sml-layout":"","theme-transparent-header-meta":"default","adv-header-id-meta":"","stick-header-meta":"default","header-above-stick-meta":"","header-main-stick-meta":"","header-below-stick-meta":"","astra-migrate-meta-layouts":"set","ast-page-background-enabled":"default","ast-page-background-meta":{"desktop":{"background-color":"","background-image":"","background-repeat":"repeat","background-position":"center center","background-size":"auto","background-attachment":"scroll","background-type":"","background-media":"","overlay-type":"","overlay-color":"","overlay-opacity":"","overlay-gradient":""},"tablet":{"background-color":"","background-image":"","background-repeat":"repeat","background-position":"center center","background-size":"auto","background-attachment":"scroll","background-type":"","background-media":"","overlay-type":"","overlay-color":"","overlay-opacity":"","overlay-gradient":""},"mobile":{"background-color":"","background-image":"","background-repeat":"repeat","background-position":"center center","background-size":"auto","background-attachment":"scroll","background-type":"","background-media":"","overlay-type":"","overlay-color":"","overlay-opacity":"","overlay-gradient":""}},"ast-content-background-meta":{"desktop":{"background-color":"var(--ast-global-color-5)","background-image":"","background-repeat":"repeat","background-position":"center center","background-size":"auto","background-attachment":"scroll","background-type":"","background-media":"","overlay-type":"","overlay-color":"","overlay-opacity":"","overlay-gradient":""},"tablet":{"background-color":"var(--ast-global-color-5)","background-image":"","background-repeat":"repeat","background-position":"center center","background-size":"auto","background-attachment":"scroll","background-type":"","background-media":"","overlay-type":"","overlay-color":"","overlay-opacity":"","overlay-gradient":""},"mobile":{"background-color":"var(--ast-global-color-5)","background-image":"","background-repeat":"repeat","background-position":"center center","background-size":"auto","background-attachment":"scroll","background-type":"","background-media":"","overlay-type":"","overlay-color":"","overlay-opacity":"","overlay-gradient":""}}},"product_brand":[],"product_cat":[37],"product_tag":[89],"class_list":{"0":"post-8136","1":"product","2":"type-product","3":"status-publish","4":"has-post-thumbnail","6":"product_cat-wire-rope","7":"product_tag-wire-rope","8":"desktop-align-left","9":"tablet-align-left","10":"mobile-align-left","11":"ast-product-gallery-layout-horizontal-slider","12":"ast-product-gallery-with-no-image","13":"ast-product-tabs-layout-horizontal","15":"first","16":"instock","17":"shipping-taxable","18":"purchasable","19":"product-type-simple"},"yoast_head":"<!-- This site is optimized with the Yoast SEO plugin v25.2 - https:\/\/yoast.com\/wordpress\/plugins\/seo\/ -->\n<title>7x19 Wire Rope<\/title>\n<meta name=\"robots\" content=\"index, follow, max-snippet:-1, max-image-preview:large, max-video-preview:-1\" \/>\n<link rel=\"canonical\" href=\"https:\/\/qingdaohf.com\/et\/toode\/7x19-tross\/\" \/>\n<meta property=\"og:locale\" content=\"et_EE\" \/>\n<meta property=\"og:type\" content=\"article\" \/>\n<meta property=\"og:title\" content=\"7x19 Wire Rope\" \/>\n<meta property=\"og:description\" content=\"7x19 wire rope is a versatile, flexible cable often used in industries requiring strength and durability. Constructed with seven strands, each containing 19 individual wires, this rope offers excellent flexibility compared to other wire rope constructions. It is typically made from high-grade stainless or galvanized steel and comes in various sizes, such as 1\/16 inch, 3\/32 inch, and 5\/32 inch. The cores can be made from steel or fiber, depending on the specific requirements for load strength, flexibility, and environmental conditions.\" \/>\n<meta property=\"og:url\" content=\"https:\/\/qingdaohf.com\/et\/toode\/7x19-tross\/\" \/>\n<meta property=\"og:site_name\" content=\"Concrete Form &amp; Rigging Hardware Supplier\" \/>\n<meta property=\"article:publisher\" content=\"https:\/\/www.facebook.com\/qingdaohf\" \/>\n<meta property=\"article:modified_time\" content=\"2025-11-13T01:02:54+00:00\" \/>\n<meta property=\"og:image\" content=\"https:\/\/qingdaohf.com\/wp-content\/uploads\/2024\/10\/7x19.webp\" \/>\n\t<meta property=\"og:image:width\" content=\"787\" \/>\n\t<meta property=\"og:image:height\" content=\"787\" \/>\n\t<meta property=\"og:image:type\" content=\"image\/webp\" \/>\n<meta name=\"twitter:card\" content=\"summary_large_image\" \/>\n<meta name=\"twitter:label1\" content=\"Est. reading time\" \/>\n\t<meta name=\"twitter:data1\" content=\"6 minutit\" \/>\n<script type=\"application\/ld+json\" class=\"yoast-schema-graph\">{\"@context\":\"https:\/\/schema.org\",\"@graph\":[{\"@type\":\"WebPage\",\"@id\":\"https:\/\/qingdaohf.com\/product\/7x19-wire-rope\/\",\"url\":\"https:\/\/qingdaohf.com\/product\/7x19-wire-rope\/\",\"name\":\"7x19 Wire Rope\",\"isPartOf\":{\"@id\":\"https:\/\/qingdaohf.com\/bg\/#website\"},\"primaryImageOfPage\":{\"@id\":\"https:\/\/qingdaohf.com\/product\/7x19-wire-rope\/#primaryimage\"},\"image\":{\"@id\":\"https:\/\/qingdaohf.com\/product\/7x19-wire-rope\/#primaryimage\"},\"thumbnailUrl\":\"https:\/\/qingdaohf.com\/wp-content\/uploads\/2024\/10\/7x19.webp\",\"datePublished\":\"2024-10-24T10:02:50+00:00\",\"dateModified\":\"2025-11-13T01:02:54+00:00\",\"breadcrumb\":{\"@id\":\"https:\/\/qingdaohf.com\/product\/7x19-wire-rope\/#breadcrumb\"},\"inLanguage\":\"et\",\"potentialAction\":[{\"@type\":\"ReadAction\",\"target\":[\"https:\/\/qingdaohf.com\/product\/7x19-wire-rope\/\"]}]},{\"@type\":\"ImageObject\",\"inLanguage\":\"et\",\"@id\":\"https:\/\/qingdaohf.com\/product\/7x19-wire-rope\/#primaryimage\",\"url\":\"https:\/\/qingdaohf.com\/wp-content\/uploads\/2024\/10\/7x19.webp\",\"contentUrl\":\"https:\/\/qingdaohf.com\/wp-content\/uploads\/2024\/10\/7x19.webp\",\"width\":787,\"height\":787,\"caption\":\"7x19 wire rope\"},{\"@type\":\"BreadcrumbList\",\"@id\":\"https:\/\/qingdaohf.com\/product\/7x19-wire-rope\/#breadcrumb\",\"itemListElement\":[{\"@type\":\"ListItem\",\"position\":1,\"name\":\"Home\",\"item\":\"https:\/\/qingdaohf.com\/\"},{\"@type\":\"ListItem\",\"position\":2,\"name\":\"Concrete Forming Accessories and Rigging Hardware\",\"item\":\"https:\/\/qingdaohf.com\/bg\/?page_id=944\"},{\"@type\":\"ListItem\",\"position\":3,\"name\":\"7&#215;19 Wire Rope\"}]},{\"@type\":\"WebSite\",\"@id\":\"https:\/\/qingdaohf.com\/bg\/#website\",\"url\":\"https:\/\/qingdaohf.com\/bg\/\",\"name\":\"Concrete Form & Rigging Hardware Supplier\",\"description\":\"\",\"publisher\":{\"@id\":\"https:\/\/qingdaohf.com\/bg\/#organization\"},\"potentialAction\":[{\"@type\":\"SearchAction\",\"target\":{\"@type\":\"EntryPoint\",\"urlTemplate\":\"https:\/\/qingdaohf.com\/bg\/?s={search_term_string}\"},\"query-input\":{\"@type\":\"PropertyValueSpecification\",\"valueRequired\":true,\"valueName\":\"search_term_string\"}}],\"inLanguage\":\"et\"},{\"@type\":\"Organization\",\"@id\":\"https:\/\/qingdaohf.com\/bg\/#organization\",\"name\":\"Qingdao H&F\",\"url\":\"https:\/\/qingdaohf.com\/bg\/\",\"logo\":{\"@type\":\"ImageObject\",\"inLanguage\":\"et\",\"@id\":\"https:\/\/qingdaohf.com\/bg\/#\/schema\/logo\/image\/\",\"url\":\"https:\/\/qingdaohf.com\/wp-content\/uploads\/2022\/12\/cropped-HF-LOGO.png\",\"contentUrl\":\"https:\/\/qingdaohf.com\/wp-content\/uploads\/2022\/12\/cropped-HF-LOGO.png\",\"width\":391,\"height\":249,\"caption\":\"Qingdao H&F\"},\"image\":{\"@id\":\"https:\/\/qingdaohf.com\/bg\/#\/schema\/logo\/image\/\"},\"sameAs\":[\"https:\/\/www.facebook.com\/qingdaohf\"]}]}<\/script>\n<!-- \/ Yoast SEO plugin. -->","yoast_head_json":{"title":"7x19 Wire Rope","robots":{"index":"index","follow":"follow","max-snippet":"max-snippet:-1","max-image-preview":"max-image-preview:large","max-video-preview":"max-video-preview:-1"},"canonical":"https:\/\/qingdaohf.com\/et\/toode\/7x19-tross\/","og_locale":"et_EE","og_type":"article","og_title":"7x19 Wire Rope","og_description":"7x19 wire rope is a versatile, flexible cable often used in industries requiring strength and durability. Constructed with seven strands, each containing 19 individual wires, this rope offers excellent flexibility compared to other wire rope constructions. It is typically made from high-grade stainless or galvanized steel and comes in various sizes, such as 1\/16 inch, 3\/32 inch, and 5\/32 inch. The cores can be made from steel or fiber, depending on the specific requirements for load strength, flexibility, and environmental conditions.","og_url":"https:\/\/qingdaohf.com\/et\/toode\/7x19-tross\/","og_site_name":"Concrete Form &amp; Rigging Hardware Supplier","article_publisher":"https:\/\/www.facebook.com\/qingdaohf","article_modified_time":"2025-11-13T01:02:54+00:00","og_image":[{"width":787,"height":787,"url":"https:\/\/qingdaohf.com\/wp-content\/uploads\/2024\/10\/7x19.webp","type":"image\/webp"}],"twitter_card":"summary_large_image","twitter_misc":{"Est. reading time":"6 minutit"},"schema":{"@context":"https:\/\/schema.org","@graph":[{"@type":"WebPage","@id":"https:\/\/qingdaohf.com\/product\/7x19-wire-rope\/","url":"https:\/\/qingdaohf.com\/product\/7x19-wire-rope\/","name":"7x19 Wire Rope","isPartOf":{"@id":"https:\/\/qingdaohf.com\/bg\/#website"},"primaryImageOfPage":{"@id":"https:\/\/qingdaohf.com\/product\/7x19-wire-rope\/#primaryimage"},"image":{"@id":"https:\/\/qingdaohf.com\/product\/7x19-wire-rope\/#primaryimage"},"thumbnailUrl":"https:\/\/qingdaohf.com\/wp-content\/uploads\/2024\/10\/7x19.webp","datePublished":"2024-10-24T10:02:50+00:00","dateModified":"2025-11-13T01:02:54+00:00","breadcrumb":{"@id":"https:\/\/qingdaohf.com\/product\/7x19-wire-rope\/#breadcrumb"},"inLanguage":"et","potentialAction":[{"@type":"ReadAction","target":["https:\/\/qingdaohf.com\/product\/7x19-wire-rope\/"]}]},{"@type":"ImageObject","inLanguage":"et","@id":"https:\/\/qingdaohf.com\/product\/7x19-wire-rope\/#primaryimage","url":"https:\/\/qingdaohf.com\/wp-content\/uploads\/2024\/10\/7x19.webp","contentUrl":"https:\/\/qingdaohf.com\/wp-content\/uploads\/2024\/10\/7x19.webp","width":787,"height":787,"caption":"7x19 wire rope"},{"@type":"BreadcrumbList","@id":"https:\/\/qingdaohf.com\/product\/7x19-wire-rope\/#breadcrumb","itemListElement":[{"@type":"ListItem","position":1,"name":"Home","item":"https:\/\/qingdaohf.com\/"},{"@type":"ListItem","position":2,"name":"Concrete Forming Accessories and Rigging Hardware","item":"https:\/\/qingdaohf.com\/bg\/?page_id=944"},{"@type":"ListItem","position":3,"name":"7&#215;19 Wire Rope"}]},{"@type":"WebSite","@id":"https:\/\/qingdaohf.com\/bg\/#website","url":"https:\/\/qingdaohf.com\/bg\/","name":"Concrete Form & Rigging Hardware Supplier","description":"","publisher":{"@id":"https:\/\/qingdaohf.com\/bg\/#organization"},"potentialAction":[{"@type":"SearchAction","target":{"@type":"EntryPoint","urlTemplate":"https:\/\/qingdaohf.com\/bg\/?s={search_term_string}"},"query-input":{"@type":"PropertyValueSpecification","valueRequired":true,"valueName":"search_term_string"}}],"inLanguage":"et"},{"@type":"Organization","@id":"https:\/\/qingdaohf.com\/bg\/#organization","name":"Qingdao H&F","url":"https:\/\/qingdaohf.com\/bg\/","logo":{"@type":"ImageObject","inLanguage":"et","@id":"https:\/\/qingdaohf.com\/bg\/#\/schema\/logo\/image\/","url":"https:\/\/qingdaohf.com\/wp-content\/uploads\/2022\/12\/cropped-HF-LOGO.png","contentUrl":"https:\/\/qingdaohf.com\/wp-content\/uploads\/2022\/12\/cropped-HF-LOGO.png","width":391,"height":249,"caption":"Qingdao H&F"},"image":{"@id":"https:\/\/qingdaohf.com\/bg\/#\/schema\/logo\/image\/"},"sameAs":["https:\/\/www.facebook.com\/qingdaohf"]}]}},"_links":{"self":[{"href":"https:\/\/qingdaohf.com\/et\/wp-json\/wp\/v2\/product\/8136","targetHints":{"allow":["GET"]}}],"collection":[{"href":"https:\/\/qingdaohf.com\/et\/wp-json\/wp\/v2\/product"}],"about":[{"href":"https:\/\/qingdaohf.com\/et\/wp-json\/wp\/v2\/types\/product"}],"replies":[{"embeddable":true,"href":"https:\/\/qingdaohf.com\/et\/wp-json\/wp\/v2\/comments?post=8136"}],"version-history":[{"count":1,"href":"https:\/\/qingdaohf.com\/et\/wp-json\/wp\/v2\/product\/8136\/revisions"}],"predecessor-version":[{"id":8138,"href":"https:\/\/qingdaohf.com\/et\/wp-json\/wp\/v2\/product\/8136\/revisions\/8138"}],"wp:featuredmedia":[{"embeddable":true,"href":"https:\/\/qingdaohf.com\/et\/wp-json\/wp\/v2\/media\/8137"}],"wp:attachment":[{"href":"https:\/\/qingdaohf.com\/et\/wp-json\/wp\/v2\/media?parent=8136"}],"wp:term":[{"taxonomy":"product_brand","embeddable":true,"href":"https:\/\/qingdaohf.com\/et\/wp-json\/wp\/v2\/product_brand?post=8136"},{"taxonomy":"product_cat","embeddable":true,"href":"https:\/\/qingdaohf.com\/et\/wp-json\/wp\/v2\/product_cat?post=8136"},{"taxonomy":"product_tag","embeddable":true,"href":"https:\/\/qingdaohf.com\/et\/wp-json\/wp\/v2\/product_tag?post=8136"}],"curies":[{"name":"wp","href":"https:\/\/api.w.org\/{rel}","templated":true}]}}