{"id":8178,"date":"2024-10-29T16:45:43","date_gmt":"2024-10-29T08:45:43","guid":{"rendered":"http:\/\/qingdaohf.com\/?post_type=product&#038;p=8178"},"modified":"2025-11-13T09:02:54","modified_gmt":"2025-11-13T01:02:54","slug":"studless-anchor-chain","status":"publish","type":"product","link":"https:\/\/qingdaohf.com\/et\/toode\/noopimata-ankurdusahel\/","title":{"rendered":"Kinnituseta ankrukett"},"content":{"rendered":"<h3>Olulised omadused, mis iseloomustavad ankurdusahelaid ilma n\u00f6\u00f6pideta: Tugevus ja vastupidavus<\/h3>\n<p><img fetchpriority=\"high\" decoding=\"async\" class=\"alignnone size-full wp-image-8169\" src=\"http:\/\/qingdaohf.com\/wp-content\/uploads\/2024\/10\/studless-anchor-chain_2.webp\" alt=\"n\u00f6\u00f6pimata ankurdusahel\" width=\"831\" height=\"1087\" srcset=\"https:\/\/qingdaohf.com\/wp-content\/uploads\/2024\/10\/studless-anchor-chain_2.webp 831w, https:\/\/qingdaohf.com\/wp-content\/uploads\/2024\/10\/studless-anchor-chain_2-229x300.webp 229w, https:\/\/qingdaohf.com\/wp-content\/uploads\/2024\/10\/studless-anchor-chain_2-783x1024.webp 783w, https:\/\/qingdaohf.com\/wp-content\/uploads\/2024\/10\/studless-anchor-chain_2-768x1005.webp 768w, https:\/\/qingdaohf.com\/wp-content\/uploads\/2024\/10\/studless-anchor-chain_2-9x12.webp 9w\" sizes=\"(max-width: 831px) 100vw, 831px\" \/><\/p>\n<p>Poldideta ankruketid on lahutamatu osa merendust\u00f6\u00f6stuses, kus need t\u00e4idavad kriitilist rolli laevade kinnitamisel erinevates keskkondades. Nende konstruktsioonis on esikohal vastupidavus ja funktsionaalsus, mis tagab, et nad suudavad vastu pidada k\u00f5rgetele mere\u00e4\u00e4rsetele sildumistele esitatavatele rangetele n\u00f5udmistele. Erinevalt n\u00f6\u00f6pidega ketidelt on nende ketil\u00fclid ilma sisemiste n\u00f6\u00f6pideta, mis muudab need kergemaks ja sageli paindlikumaks. See omadus on eriti v\u00e4\u00e4rtuslik rakenduste puhul, kus soovitakse v\u00e4iksemat kaalu ja suuremat paindlikkust. Hoolimata kergemast konstruktsioonist on need ketid siiski erakordselt tugevad, sest iga l\u00fcli on loodud taluma tohutuid koormusi ja suuri pingutusj\u00f5ude, mis on iseloomulikud mereankruteerimisele.<\/p>\n<p>T\u00e4nu n\u00f6\u00f6pkettide mitmek\u00fclgsusele sobivad need erinevateks merenduskasutusteks, alates v\u00e4ikeste paatide sildumisest kuni raskete t\u00f6\u00f6stusrakendusteni. Neid kette on rangelt testitud vastavalt rahvusvahelistele standarditele, sest nende usaldusv\u00e4\u00e4rsus on nii laevade kui ka meeskonna ohutuse tagamisel esmat\u00e4htis. T\u00e4nu oma konstruktsioonile pakuvad need ka muljetavaldavat korrosiooni- ja kulumiskindlust, mis on oluline soolases ja muudes rasketes keskkondades. Konstruktsioon v\u00e4hendab veelgi ahelate kinnij\u00e4\u00e4mist, kuna nende \u00fchtlane konstruktsioon v\u00e4hendab n\u00f5rkade kohtade arvu. T\u00e4nu sellele kvaliteedile eelistavad laevainsenerid ja laevaoperaatorid \u00fcha enam nastata ahelaid, kes otsivad vastupidavust ja usaldusv\u00e4\u00e4rsust suure koormusega olukordades.<\/p>\n<h3>Qingdao H&amp;F-ist p\u00e4rit ankurdusahelate valiku eelised<\/h3>\n<p>Qingdao H&amp;F on p\u00fchendunud sellele, et pakkuda oma klientidele k\u00f5rgekvaliteedilisi nastata ankrukette, mis vastavad rangetele ohutuse, tugevuse ja vastupidavuse standarditele. Meie ketid l\u00e4bivad ranged kvaliteedikatsed, et tagada nende optimaalne toimivus erinevates tingimustes. Protsess h\u00f5lmab koormuskatsetusi, mis on olulised, et kinnitada, et iga kett suudab taluda maksimaalset koormust, mida kasutamise ajal oodatakse. Ostjad on \u00fcha enam huvitatud t\u00f5enduskoormusest, kuna see m\u00f5jutab otseselt keti usaldusv\u00e4\u00e4rsust, eriti keerulistes sildumisolukordades.<\/p>\n<p>Qingdao H&amp;F-i eristab meie p\u00fchendumus klientide rahulolule ja usaldusv\u00e4\u00e4rsusele. Meie meeskond, kellel on \u00fcle 20 aasta kogemusi B2B-kaubandussektoris, pakub individuaalset klienditeenindust, mis on kohandatud iga kliendi ainulaadsetele vajadustele. Meie kogenud spetsialistid juhivad kliente ostuprotsessi igas etapis, tagades, et nad leiavad ideaalse keti spetsifikatsiooni, mis vastab nende projekti n\u00f5uetele. Me m\u00f5istame, et kiire tarne on selles t\u00f6\u00f6stusharus \u00fclioluline, seega r\u00f5hutame \u00f5igeaegset logistikat, et vastata kompromissitult meie klientide ajakava vajadustele.<\/p>\n<p>Lisaks meie tugevale tarnev\u00f5imekusele on meie toodete taga p\u00f5hjalikud kvaliteedikontrolli aruanded. Need aruanded pakuvad l\u00e4bipaistvust ja kindlustunnet, aidates klientidel teha teadlikke ostuotsuseid. Kontrollimisel hinnatakse selliseid tegureid nagu materjali koostis, t\u00f5mbetugevus ja korrosioonikindlus, mis k\u00f5ik m\u00f5jutavad keti kasutusiga ja j\u00f5udlust. Andes oma klientidele \u00fcksikasjalikud kontrolliaruanded, v\u00f5imaldame neil kindlalt investeerida toodetesse, mis vastavad nende n\u00f5udlikele standarditele.<\/p>\n<h3>\u00d5igete spetsifikatsioonide valimine: Miks on oluline keti l\u00e4bim\u00f5\u00f5t ja t\u00f5enduskoormus<\/h3>\n<p>Nastata ankrukettide valikul on eriti olulised kaks spetsifikatsiooni: l\u00e4bim\u00f5\u00f5t ja katsekoormus. Iga ketil\u00fcli l\u00e4bim\u00f5\u00f5t, m\u00f5\u00f5detuna tollides, m\u00f5jutab nii keti kaalu kui ka selle kandev\u00f5imet. \u00d5ige l\u00e4bim\u00f5\u00f5du valimine on oluline, sest see m\u00f5jutab otseselt keti j\u00f5udlust sildumisrakendustes. N\u00e4iteks 1\/2-tolline l\u00e4bim\u00f5\u00f5t v\u00f5ib sobida kergete laevade jaoks, samas kui rasketes t\u00f6\u00f6stuslikes rakendustes v\u00f5ib olla vaja 3\/4-tollise v\u00f5i suurema l\u00e4bim\u00f5\u00f5duga kette.<\/p>\n<p>Teine kriitiline tegur on katsekoormus, mis kujutab endast maksimaalset koormust, mida kett suudab taluda ilma p\u00fcsiva deformatsioonita. See n\u00e4itaja on klientide jaoks v\u00e4ga oluline, sest see annab selge \u00fclevaate keti v\u00f5imest taluda suuri koormusi tegelikes tingimustes. Qingdao H&amp;F pakub ahelaid, mida on testitud nii, et need \u00fcletavad t\u00f6\u00f6stusstandardite kohaseid katsekoormusi, mis annab meie klientidele t\u00e4iendavat kindlustunnet nende toimivuse suhtes. T\u00f5endkoormuse testimine on ka v\u00e4\u00e4rtuslik m\u00f5\u00f5dik keti ohutuse kohta, kuna see tagab, et kett s\u00e4ilitab oma terviklikkuse isegi \u00e4kilise ja tugeva koormuse korral.<\/p>\n<p>Valides sobiva l\u00e4bim\u00f5\u00f5du ja t\u00f5endusliku koormusega nastata ankruketi, saavad ostjad tagada optimaalse j\u00f5udluse oma konkreetsete sildumisvajaduste jaoks. Meie Qingdao H&amp;F meeskond on valmis juhendama kliente ideaalsete spetsifikatsioonide valimisel, tuginedes oma p\u00f5hjalikele teadmistele t\u00f6\u00f6stusstandarditest ja materjali omadustest, et soovitada tooteid, mis vastavad iga kliendi tegevusn\u00f5uetele.<\/p>\n<h3>Usalda t\u00f5estatud partnerit: Miks Qingdao H&amp;F on eelistatud valik.<\/h3>\n<p>Neile, kes otsivad nastata ankurdusahelaid, on usaldusv\u00e4\u00e4rsus ja tarnija kogemus esmat\u00e4htis. Kahe aastak\u00fcmne pikkuse kogemusega B2B-sektoris m\u00f5istab Qingdao H&amp;F mere- ja t\u00f6\u00f6stusklientide keerulisi vajadusi. Meie p\u00fchendunud \u00fcks-\u00fchele klienditeenindus t\u00e4hendab, et iga klient saab personaalset tuge, mis aitab neil leida parimad lahendused oma sildumis- ja ankurdamisvajadustele. Lisaks sellele tagavad meie ranged testimisprotokollid, et iga toode vastab v\u00f5i \u00fcletab t\u00f6\u00f6stusharu kvaliteedi- ja vastupidavusnorme.<\/p>\n<p>Kohustus kvaliteedile ei l\u00f5pe m\u00fc\u00fcgiga. Qingdao H&amp;F pakub m\u00fc\u00fcgij\u00e4rgset tuge ja kiireid vastuseid kliendi k\u00fcsimustele, mis parandab veelgi meie klientide kogemust. Oleme uhked oma v\u00f5ime \u00fcle luua pikaajalisi suhteid, pakkudes usaldusv\u00e4\u00e4rset allikat kvaliteetsetele n\u00f6\u00f6pimata ankrukettidele, millele kliendid v\u00f5ivad loota. T\u00e4nu l\u00e4bipaistvale kvaliteedikontrollile ja p\u00fchendumisele kiire tarneprotsessile oleme saavutanud t\u00f6\u00f6stuses suurep\u00e4rase maine.<\/p>\n<p>Valides Qingdao H&amp;F-i, saavad kliendid kasu mitte ainult suurep\u00e4rasest tootekvaliteedist, vaid ka kindlustundest, mis kaasneb meie p\u00f5hjalike kontrolliaruannete ja ekspertide juhendamisega. Tulevikku vaadates keskendume j\u00e4tkuvalt sellele, et aidata klientidel saavutada edu, pakkudes kvaliteetseid nastata ankurdusahelaid, mis tagavad nii j\u00f5udluse kui ka meelerahu.<\/p>","protected":false},"excerpt":{"rendered":"<p>N\u00f6\u00f6pimata ankrukettid on usaldusv\u00e4\u00e4rne valik raskete sildumiste ja ankurduste jaoks, mis on tuntud oma tugeva struktuuri ja kulumiskindluse poolest n\u00f5udlikes meretingimustes. Ostjad keskenduvad tavaliselt sellistele teguritele nagu vastupidavus, t\u00f5enduskoormus ja keti v\u00f5ime taluda pikema aja jooksul suurt koormust. Qingdao H&amp;F on 20-aastase kogemusega B2B-kaubandusettev\u00f5ttena uhke konkurentsiv\u00f5imeliste hindade, kiire tarneperioodi ja p\u00f5hjalike kvaliteedikontrolli aruannete pakkumise \u00fcle. Meie individuaalne klienditeenindus tagab individuaalse ostukogemuse, mis teeb meist usaldusv\u00e4\u00e4rse partneri kvaliteetsete nastata ankrukettide tarnimisel, mis vastavad rangetele t\u00f6\u00f6stusstandarditele.<\/p>","protected":false},"featured_media":8171,"comment_status":"open","ping_status":"closed","template":"","meta":{"site-sidebar-layout":"default","site-content-layout":"","ast-site-content-layout":"default","site-content-style":"default","site-sidebar-style":"default","ast-global-header-display":"","ast-banner-title-visibility":"","ast-main-header-display":"","ast-hfb-above-header-display":"","ast-hfb-below-header-display":"","ast-hfb-mobile-header-display":"","site-post-title":"","ast-breadcrumbs-content":"","ast-featured-img":"","footer-sml-layout":"","theme-transparent-header-meta":"default","adv-header-id-meta":"","stick-header-meta":"default","header-above-stick-meta":"","header-main-stick-meta":"","header-below-stick-meta":"","astra-migrate-meta-layouts":"set","ast-page-background-enabled":"default","ast-page-background-meta":{"desktop":{"background-color":"","background-image":"","background-repeat":"repeat","background-position":"center center","background-size":"auto","background-attachment":"scroll","background-type":"","background-media":"","overlay-type":"","overlay-color":"","overlay-opacity":"","overlay-gradient":""},"tablet":{"background-color":"","background-image":"","background-repeat":"repeat","background-position":"center center","background-size":"auto","background-attachment":"scroll","background-type":"","background-media":"","overlay-type":"","overlay-color":"","overlay-opacity":"","overlay-gradient":""},"mobile":{"background-color":"","background-image":"","background-repeat":"repeat","background-position":"center center","background-size":"auto","background-attachment":"scroll","background-type":"","background-media":"","overlay-type":"","overlay-color":"","overlay-opacity":"","overlay-gradient":""}},"ast-content-background-meta":{"desktop":{"background-color":"var(--ast-global-color-5)","background-image":"","background-repeat":"repeat","background-position":"center center","background-size":"auto","background-attachment":"scroll","background-type":"","background-media":"","overlay-type":"","overlay-color":"","overlay-opacity":"","overlay-gradient":""},"tablet":{"background-color":"var(--ast-global-color-5)","background-image":"","background-repeat":"repeat","background-position":"center center","background-size":"auto","background-attachment":"scroll","background-type":"","background-media":"","overlay-type":"","overlay-color":"","overlay-opacity":"","overlay-gradient":""},"mobile":{"background-color":"var(--ast-global-color-5)","background-image":"","background-repeat":"repeat","background-position":"center center","background-size":"auto","background-attachment":"scroll","background-type":"","background-media":"","overlay-type":"","overlay-color":"","overlay-opacity":"","overlay-gradient":""}}},"product_brand":[],"product_cat":[38],"product_tag":[],"class_list":{"0":"post-8178","1":"product","2":"type-product","3":"status-publish","4":"has-post-thumbnail","6":"product_cat-chain","7":"desktop-align-left","8":"tablet-align-left","9":"mobile-align-left","10":"ast-product-gallery-layout-horizontal-slider","11":"ast-product-tabs-layout-horizontal","13":"first","14":"instock","15":"shipping-taxable","16":"purchasable","17":"product-type-simple"},"yoast_head":"<!-- This site is optimized with the Yoast SEO plugin v25.2 - https:\/\/yoast.com\/wordpress\/plugins\/seo\/ -->\n<title>Studless Anchor Chain<\/title>\n<meta name=\"description\" content=\"Studless anchor chains are a dependable choice for heavy-duty mooring and anchoring, known for their robust structure and resistance to wear in demanding marine conditions.\" \/>\n<meta name=\"robots\" content=\"index, follow, max-snippet:-1, max-image-preview:large, max-video-preview:-1\" \/>\n<link rel=\"canonical\" href=\"https:\/\/qingdaohf.com\/et\/toode\/noopimata-ankurdusahel\/\" \/>\n<meta property=\"og:locale\" content=\"et_EE\" \/>\n<meta property=\"og:type\" content=\"article\" \/>\n<meta property=\"og:title\" content=\"Studless Anchor Chain\" \/>\n<meta property=\"og:description\" content=\"Studless anchor chains are a dependable choice for heavy-duty mooring and anchoring, known for their robust structure and resistance to wear in demanding marine conditions.\" \/>\n<meta property=\"og:url\" content=\"https:\/\/qingdaohf.com\/et\/toode\/noopimata-ankurdusahel\/\" \/>\n<meta property=\"og:site_name\" content=\"Concrete Form &amp; Rigging Hardware Supplier\" \/>\n<meta property=\"article:publisher\" content=\"https:\/\/www.facebook.com\/qingdaohf\" \/>\n<meta property=\"article:modified_time\" content=\"2025-11-13T01:02:54+00:00\" \/>\n<meta property=\"og:image\" content=\"https:\/\/qingdaohf.com\/wp-content\/uploads\/2024\/10\/marine-studless-chain_\u526f\u672c.jpg\" \/>\n\t<meta property=\"og:image:width\" content=\"1000\" \/>\n\t<meta property=\"og:image:height\" content=\"1000\" \/>\n\t<meta property=\"og:image:type\" content=\"image\/jpeg\" \/>\n<meta name=\"twitter:card\" content=\"summary_large_image\" \/>\n<meta name=\"twitter:label1\" content=\"Est. reading time\" \/>\n\t<meta name=\"twitter:data1\" content=\"5 minutit\" \/>\n<script type=\"application\/ld+json\" class=\"yoast-schema-graph\">{\"@context\":\"https:\/\/schema.org\",\"@graph\":[{\"@type\":\"WebPage\",\"@id\":\"https:\/\/qingdaohf.com\/product\/studless-anchor-chain\/\",\"url\":\"https:\/\/qingdaohf.com\/product\/studless-anchor-chain\/\",\"name\":\"Studless Anchor Chain\",\"isPartOf\":{\"@id\":\"https:\/\/qingdaohf.com\/bg\/#website\"},\"primaryImageOfPage\":{\"@id\":\"https:\/\/qingdaohf.com\/product\/studless-anchor-chain\/#primaryimage\"},\"image\":{\"@id\":\"https:\/\/qingdaohf.com\/product\/studless-anchor-chain\/#primaryimage\"},\"thumbnailUrl\":\"https:\/\/qingdaohf.com\/wp-content\/uploads\/2024\/10\/marine-studless-chain_\u526f\u672c.jpg\",\"datePublished\":\"2024-10-29T08:45:43+00:00\",\"dateModified\":\"2025-11-13T01:02:54+00:00\",\"description\":\"Studless anchor chains are a dependable choice for heavy-duty mooring and anchoring, known for their robust structure and resistance to wear in demanding marine conditions.\",\"breadcrumb\":{\"@id\":\"https:\/\/qingdaohf.com\/product\/studless-anchor-chain\/#breadcrumb\"},\"inLanguage\":\"et\",\"potentialAction\":[{\"@type\":\"ReadAction\",\"target\":[\"https:\/\/qingdaohf.com\/product\/studless-anchor-chain\/\"]}]},{\"@type\":\"ImageObject\",\"inLanguage\":\"et\",\"@id\":\"https:\/\/qingdaohf.com\/product\/studless-anchor-chain\/#primaryimage\",\"url\":\"https:\/\/qingdaohf.com\/wp-content\/uploads\/2024\/10\/marine-studless-chain_\u526f\u672c.jpg\",\"contentUrl\":\"https:\/\/qingdaohf.com\/wp-content\/uploads\/2024\/10\/marine-studless-chain_\u526f\u672c.jpg\",\"width\":1000,\"height\":1000,\"caption\":\"studless chain\"},{\"@type\":\"BreadcrumbList\",\"@id\":\"https:\/\/qingdaohf.com\/product\/studless-anchor-chain\/#breadcrumb\",\"itemListElement\":[{\"@type\":\"ListItem\",\"position\":1,\"name\":\"Home\",\"item\":\"https:\/\/qingdaohf.com\/\"},{\"@type\":\"ListItem\",\"position\":2,\"name\":\"Concrete Forming Accessories and Rigging Hardware\",\"item\":\"https:\/\/qingdaohf.com\/bg\/?page_id=944\"},{\"@type\":\"ListItem\",\"position\":3,\"name\":\"Studless Anchor Chain\"}]},{\"@type\":\"WebSite\",\"@id\":\"https:\/\/qingdaohf.com\/bg\/#website\",\"url\":\"https:\/\/qingdaohf.com\/bg\/\",\"name\":\"Concrete Form & Rigging Hardware Supplier\",\"description\":\"\",\"publisher\":{\"@id\":\"https:\/\/qingdaohf.com\/bg\/#organization\"},\"potentialAction\":[{\"@type\":\"SearchAction\",\"target\":{\"@type\":\"EntryPoint\",\"urlTemplate\":\"https:\/\/qingdaohf.com\/bg\/?s={search_term_string}\"},\"query-input\":{\"@type\":\"PropertyValueSpecification\",\"valueRequired\":true,\"valueName\":\"search_term_string\"}}],\"inLanguage\":\"et\"},{\"@type\":\"Organization\",\"@id\":\"https:\/\/qingdaohf.com\/bg\/#organization\",\"name\":\"Qingdao H&F\",\"url\":\"https:\/\/qingdaohf.com\/bg\/\",\"logo\":{\"@type\":\"ImageObject\",\"inLanguage\":\"et\",\"@id\":\"https:\/\/qingdaohf.com\/bg\/#\/schema\/logo\/image\/\",\"url\":\"https:\/\/qingdaohf.com\/wp-content\/uploads\/2022\/12\/cropped-HF-LOGO.png\",\"contentUrl\":\"https:\/\/qingdaohf.com\/wp-content\/uploads\/2022\/12\/cropped-HF-LOGO.png\",\"width\":391,\"height\":249,\"caption\":\"Qingdao H&F\"},\"image\":{\"@id\":\"https:\/\/qingdaohf.com\/bg\/#\/schema\/logo\/image\/\"},\"sameAs\":[\"https:\/\/www.facebook.com\/qingdaohf\"]}]}<\/script>\n<!-- \/ Yoast SEO plugin. -->","yoast_head_json":{"title":"Studless Anchor Chain","description":"Studless anchor chains are a dependable choice for heavy-duty mooring and anchoring, known for their robust structure and resistance to wear in demanding marine conditions.","robots":{"index":"index","follow":"follow","max-snippet":"max-snippet:-1","max-image-preview":"max-image-preview:large","max-video-preview":"max-video-preview:-1"},"canonical":"https:\/\/qingdaohf.com\/et\/toode\/noopimata-ankurdusahel\/","og_locale":"et_EE","og_type":"article","og_title":"Studless Anchor Chain","og_description":"Studless anchor chains are a dependable choice for heavy-duty mooring and anchoring, known for their robust structure and resistance to wear in demanding marine conditions.","og_url":"https:\/\/qingdaohf.com\/et\/toode\/noopimata-ankurdusahel\/","og_site_name":"Concrete Form &amp; Rigging Hardware Supplier","article_publisher":"https:\/\/www.facebook.com\/qingdaohf","article_modified_time":"2025-11-13T01:02:54+00:00","og_image":[{"width":1000,"height":1000,"url":"https:\/\/qingdaohf.com\/wp-content\/uploads\/2024\/10\/marine-studless-chain_\u526f\u672c.jpg","type":"image\/jpeg"}],"twitter_card":"summary_large_image","twitter_misc":{"Est. reading time":"5 minutit"},"schema":{"@context":"https:\/\/schema.org","@graph":[{"@type":"WebPage","@id":"https:\/\/qingdaohf.com\/product\/studless-anchor-chain\/","url":"https:\/\/qingdaohf.com\/product\/studless-anchor-chain\/","name":"Studless Anchor Chain","isPartOf":{"@id":"https:\/\/qingdaohf.com\/bg\/#website"},"primaryImageOfPage":{"@id":"https:\/\/qingdaohf.com\/product\/studless-anchor-chain\/#primaryimage"},"image":{"@id":"https:\/\/qingdaohf.com\/product\/studless-anchor-chain\/#primaryimage"},"thumbnailUrl":"https:\/\/qingdaohf.com\/wp-content\/uploads\/2024\/10\/marine-studless-chain_\u526f\u672c.jpg","datePublished":"2024-10-29T08:45:43+00:00","dateModified":"2025-11-13T01:02:54+00:00","description":"Studless anchor chains are a dependable choice for heavy-duty mooring and anchoring, known for their robust structure and resistance to wear in demanding marine conditions.","breadcrumb":{"@id":"https:\/\/qingdaohf.com\/product\/studless-anchor-chain\/#breadcrumb"},"inLanguage":"et","potentialAction":[{"@type":"ReadAction","target":["https:\/\/qingdaohf.com\/product\/studless-anchor-chain\/"]}]},{"@type":"ImageObject","inLanguage":"et","@id":"https:\/\/qingdaohf.com\/product\/studless-anchor-chain\/#primaryimage","url":"https:\/\/qingdaohf.com\/wp-content\/uploads\/2024\/10\/marine-studless-chain_\u526f\u672c.jpg","contentUrl":"https:\/\/qingdaohf.com\/wp-content\/uploads\/2024\/10\/marine-studless-chain_\u526f\u672c.jpg","width":1000,"height":1000,"caption":"studless chain"},{"@type":"BreadcrumbList","@id":"https:\/\/qingdaohf.com\/product\/studless-anchor-chain\/#breadcrumb","itemListElement":[{"@type":"ListItem","position":1,"name":"Home","item":"https:\/\/qingdaohf.com\/"},{"@type":"ListItem","position":2,"name":"Concrete Forming Accessories and Rigging Hardware","item":"https:\/\/qingdaohf.com\/bg\/?page_id=944"},{"@type":"ListItem","position":3,"name":"Studless Anchor Chain"}]},{"@type":"WebSite","@id":"https:\/\/qingdaohf.com\/bg\/#website","url":"https:\/\/qingdaohf.com\/bg\/","name":"Concrete Form & Rigging Hardware Supplier","description":"","publisher":{"@id":"https:\/\/qingdaohf.com\/bg\/#organization"},"potentialAction":[{"@type":"SearchAction","target":{"@type":"EntryPoint","urlTemplate":"https:\/\/qingdaohf.com\/bg\/?s={search_term_string}"},"query-input":{"@type":"PropertyValueSpecification","valueRequired":true,"valueName":"search_term_string"}}],"inLanguage":"et"},{"@type":"Organization","@id":"https:\/\/qingdaohf.com\/bg\/#organization","name":"Qingdao H&F","url":"https:\/\/qingdaohf.com\/bg\/","logo":{"@type":"ImageObject","inLanguage":"et","@id":"https:\/\/qingdaohf.com\/bg\/#\/schema\/logo\/image\/","url":"https:\/\/qingdaohf.com\/wp-content\/uploads\/2022\/12\/cropped-HF-LOGO.png","contentUrl":"https:\/\/qingdaohf.com\/wp-content\/uploads\/2022\/12\/cropped-HF-LOGO.png","width":391,"height":249,"caption":"Qingdao H&F"},"image":{"@id":"https:\/\/qingdaohf.com\/bg\/#\/schema\/logo\/image\/"},"sameAs":["https:\/\/www.facebook.com\/qingdaohf"]}]}},"_links":{"self":[{"href":"https:\/\/qingdaohf.com\/et\/wp-json\/wp\/v2\/product\/8178","targetHints":{"allow":["GET"]}}],"collection":[{"href":"https:\/\/qingdaohf.com\/et\/wp-json\/wp\/v2\/product"}],"about":[{"href":"https:\/\/qingdaohf.com\/et\/wp-json\/wp\/v2\/types\/product"}],"replies":[{"embeddable":true,"href":"https:\/\/qingdaohf.com\/et\/wp-json\/wp\/v2\/comments?post=8178"}],"version-history":[{"count":1,"href":"https:\/\/qingdaohf.com\/et\/wp-json\/wp\/v2\/product\/8178\/revisions"}],"predecessor-version":[{"id":8180,"href":"https:\/\/qingdaohf.com\/et\/wp-json\/wp\/v2\/product\/8178\/revisions\/8180"}],"wp:featuredmedia":[{"embeddable":true,"href":"https:\/\/qingdaohf.com\/et\/wp-json\/wp\/v2\/media\/8171"}],"wp:attachment":[{"href":"https:\/\/qingdaohf.com\/et\/wp-json\/wp\/v2\/media?parent=8178"}],"wp:term":[{"taxonomy":"product_brand","embeddable":true,"href":"https:\/\/qingdaohf.com\/et\/wp-json\/wp\/v2\/product_brand?post=8178"},{"taxonomy":"product_cat","embeddable":true,"href":"https:\/\/qingdaohf.com\/et\/wp-json\/wp\/v2\/product_cat?post=8178"},{"taxonomy":"product_tag","embeddable":true,"href":"https:\/\/qingdaohf.com\/et\/wp-json\/wp\/v2\/product_tag?post=8178"}],"curies":[{"name":"wp","href":"https:\/\/api.w.org\/{rel}","templated":true}]}}