{"id":8181,"date":"2024-10-29T16:52:37","date_gmt":"2024-10-29T08:52:37","guid":{"rendered":"http:\/\/qingdaohf.com\/?post_type=product&#038;p=8181"},"modified":"2025-11-13T09:02:54","modified_gmt":"2025-11-13T01:02:54","slug":"stud-link-chain","status":"publish","type":"product","link":"https:\/\/qingdaohf.com\/et\/toode\/noopkett\/","title":{"rendered":"Stud Link ankurdus kett"},"content":{"rendered":"<p><img fetchpriority=\"high\" decoding=\"async\" class=\"alignnone size-full wp-image-8170\" src=\"http:\/\/qingdaohf.com\/wp-content\/uploads\/2024\/10\/stud-link-anchor-chain_2.webp\" alt=\"n\u00f6\u00f6pn\u00f5ela ankrukett\" width=\"842\" height=\"1091\" srcset=\"https:\/\/qingdaohf.com\/wp-content\/uploads\/2024\/10\/stud-link-anchor-chain_2.webp 842w, https:\/\/qingdaohf.com\/wp-content\/uploads\/2024\/10\/stud-link-anchor-chain_2-232x300.webp 232w, https:\/\/qingdaohf.com\/wp-content\/uploads\/2024\/10\/stud-link-anchor-chain_2-790x1024.webp 790w, https:\/\/qingdaohf.com\/wp-content\/uploads\/2024\/10\/stud-link-anchor-chain_2-768x995.webp 768w, https:\/\/qingdaohf.com\/wp-content\/uploads\/2024\/10\/stud-link-anchor-chain_2-9x12.webp 9w\" sizes=\"(max-width: 842px) 100vw, 842px\" \/><\/p>\n<p>T\u00f6\u00f6stus-, mere- ja avamerekeskkondades usaldatakse Stud Link-kettide vastupidavust ja kandev\u00f5imet, mis muudab need ideaalseks ankurdamiseks, sildumiseks ja erinevateks rasketeks t\u00f5stmisrakendusteks. Need ketid koosnevad omavahel \u00fchendatud l\u00fclidest, mille n\u00f6\u00f6pn\u00f5elad on paigutatud iga l\u00fcli sisemusse, mis lisab struktuurilist stabiilsust, mis aitab v\u00e4ltida deformatsiooni m\u00e4rkimisv\u00e4\u00e4rse koormuse korral. Keti valimisel peavad ostjad keskenduma sellistele spetsifikatsioonidele nagu l\u00e4bim\u00f5\u00f5t, katsekoormus ja materjali \u00fcldine kvaliteet, kuna need tegurid m\u00f5jutavad otseselt ohutust ja j\u00f5udlust.<\/p>\n<p>\u00d5ige l\u00fcliketi valimise t\u00e4htsus ulatub kaugemale \u00fcldisest rakendusest; iga keti spetsifikatsioonid peavad olema koosk\u00f5las t\u00f6\u00f6stuse n\u00f5uete ja eeldatavate koormustingimustega. N\u00e4iteks m\u00e4ngib ketil\u00fclide l\u00e4bim\u00f5\u00f5t, mis on tavaliselt saadaval tolli suuruses, otsustavat rolli keti tugevuse ja sobivuse m\u00e4\u00e4ramisel erinevateks kasutusaladeks. Rahvusvahelistele standarditele, n\u00e4iteks ISO 1704 ja IACSi eeskirjadele vastavad ketid annavad ostjatele kindlustunde, et nende toodete kvaliteeti ja vastupidavust on rangelt testitud. Qingdao H&amp;F m\u00f5istab vajadust nii k\u00f5rgtehnoloogiliste toodete kui ka usaldusv\u00e4\u00e4rse teenuse j\u00e4rele, mist\u00f5ttu lisame igale ketile \u00fcksikasjalikud kvaliteedikontrolli aruanded, sealhulgas t\u00f5enduskoormuse, purunemiskoormuse ja materjali koostise. Keskendudes ohutusele ja t\u00f5hususele, pakuvad meie t\u00fc\u00fcblilink-kettid usaldust, mis on vajalik t\u00f6\u00f6kindluse tagamiseks keerulistes keskkondades.<\/p>\n<h3><strong>Tugilinkide ahelate tugevus ja vastupidavus<\/strong><\/h3>\n<p>Tugilink-kettad on valmistatud k\u00f5rgekvaliteedilisest terasest, mis annab neile erakordse t\u00f5mbetugevuse ja korrosioonikindluse - kaks kriitilist omadust merenduses ja rasket\u00f6\u00f6stuses. Iga l\u00fcli sees olev tihvt takistab keti deformeerumist, s\u00e4ilitades keti \u00fcldise kuju isegi raskete koormuste all. See konstruktsiooniomadus aitab ka leevendada paindepingeid, mis on tavaline probleem suure koormusega rakendustes, pikendades seel\u00e4bi keti kasutusiga.<\/p>\n<p>Iga l\u00fcli on hoolikalt konstrueeritud nii, et see kannab koormust ilma deformatsiooni v\u00f5i v\u00e4simuse t\u00f5ttu j\u00e4releandmata, mist\u00f5ttu on statsionaarsed kettid eriti v\u00e4\u00e4rtuslikud avamererakendustes, kus stabiilsus ja tugevus on \u00fcliolulised. Suurema l\u00e4bim\u00f5\u00f5duga ahelad pakuvad suuremat katsekoormust, mis t\u00e4hendab, et nad suudavad vastu pidada m\u00e4rkimisv\u00e4\u00e4rsele kaalule ilma j\u00e4releandmiseta, mist\u00f5ttu on need ideaalsed sildumiss\u00fcsteemide ja ankrukettide jaoks.<\/p>\n<p>Qingdao H&amp;F-i p\u00fchendumine kvaliteedile h\u00f5lmab ranget testimisprotsessi, mille k\u00e4igus kontrollitakse enne l\u00e4hetamist ketid proovikoormuse ja t\u00f5mbetugevuse hindamist. See tava tagab, et iga toode vastab n\u00f5uetele ja peab vastu t\u00f6\u00f6stusliku kasutamise keerulistele tingimustele. Meie personaalne klienditeenindus t\u00e4hendab ka seda, et ostjad saavad asjatundlikku n\u00f5ustamist sobiva suuruse ja spetsifikatsioonide valimisel vastavalt konkreetsetele vajadustele, mis tagab, et iga ost on teadlik.<\/p>\n<h3><strong>Rakendused ja ostja kaalutlused mutriv\u00f5tmekettide jaoks<\/strong><\/h3>\n<p>Tugilink-kette kasutatakse k\u00f5ige sagedamini merenduses, eriti ankurdus- ja sildumiskettidena, kuna need on v\u00f5imelised vastu pidevat merevee ja karmi k\u00e4itlemise m\u00f5ju vastu pidama. Lisaks merenduskasutusele leiavad need ketid rakendust ka ehitus-, kaevandus- ja t\u00f6\u00f6stuslikes masinates, kus raskeid koormusi tuleb kindlustada ja hallata \u00fclima usaldusv\u00e4\u00e4rsusega. Iga t\u00f6\u00f6stusharu erin\u00f5uete t\u00e4itmisel on siiski otsustava t\u00e4htsusega keti l\u00e4bim\u00f5\u00f5du, tihvtide konstruktsiooni ja materjalide valik.<\/p>\n<p>Stud Link Chains'i valimisel seavad ostjad esikohale mitu j\u00f5udlusega seotud omadust. Esimene on materjali tugevus: k\u00f5rge t\u00f5mbetugevusega teras tagab merenduses vajaliku vastupidavuse, samas kui legeeritud terast v\u00f5ib eelistada selle suurema tugevuse ja kaalu suhte t\u00f5ttu konstruktsioonis. Teiseks muutub korrosioonikindlus soolases veekeskkonnas kriitiliseks, kuna igasugune kompromiss materjali kvaliteedis v\u00f5ib p\u00f5hjustada ahela varajast lagunemist ja ohutusriski. Ostjad peaksid kaaluma ka keti t\u00f5endavat koormusastet, et tagada, et see suudab taluda konkreetseid kaalukoormusi, mida nende tegevuses eeldatakse.<\/p>\n<p>Qingdao H&amp;F-i kiire tarneperiood v\u00f5imaldab ettev\u00f5tetel s\u00e4ilitada katkematu t\u00f6\u00f6 ilma liigse seisakuta. Lisaks pakume \u00fcksikasjalikke kontrolliaruandeid, mis annavad meie klientidele selge \u00fclevaate iga ahela kvaliteediparameetrite kohta enne saatmist. T\u00e4nu sellisele l\u00e4bipaistvuse tasemele v\u00f5ivad ostjad usaldada, et meie ketid vastavad mitte ainult t\u00f6\u00f6stusstandarditele, vaid ka iga rakenduse ainulaadsetele n\u00f5uetele, olgu see siis avamerepuurtornide, t\u00f6\u00f6stusliku t\u00f5stmise v\u00f5i sadama- ja sadamat\u00f6\u00f6de puhul.<\/p>\n<h3><strong>Kokkuv\u00f5te: Miks valida Qingdao H&amp;F's Stud Link Chains<\/strong><\/h3>\n<p>Tugilink-keti valimine on otsus, mille aluseks on ohutus ja funktsionaalsus, sest need ketid peavad vastu pidama \u00e4\u00e4rmuslikele koormustele ja keerulistele keskkondadele. Qingdao H&amp;F l\u00e4heb kaugemale kvaliteetsete kettide tarnimisest, pakkudes terviklikku teeninduskogemust, mis h\u00f5lmab ekspertide n\u00f5uandeid, kiiret tarnimist ja toote l\u00e4bipaistvust kontrolliaruannete kaudu. K\u00f5ik meie ketid vastavad rangetele testimisstandarditele, mis tagab ostjatele kvaliteedi ja vastupidavuse iga ostuga.<\/p>\n<p>Meie p\u00fchendumine personaalsele klienditeenindusele t\u00e4hendab, et toetame kliente igas etapis, alates toote valikust kuni m\u00fc\u00fcgij\u00e4rgsete p\u00e4ringuteni, tagades parima v\u00f5imaliku ostukogemuse. Olenemata sellest, kas neid kasutatakse merenduses, t\u00f6\u00f6stuslikus t\u00f5stmises v\u00f5i muudes suure koormusega keskkondades, Qingdao H&amp;F's Stud Link Chains ei paku mitte ainult kvaliteeti, vaid ka usaldusv\u00e4\u00e4rsust ja tuge, mida iga ettev\u00f5te vajab edu saavutamiseks.<\/p>","protected":false},"excerpt":{"rendered":"<p>Tugilink-kett pakub tugevat tugevust ja stabiilsust, mis sobib ideaalselt raskeveokitele, kus vastupidavus ja usaldusv\u00e4\u00e4rsus on esmat\u00e4htsad. Ostjad seavad t\u00fc\u00fcbipunktiketi valimisel sageli esikohale sellised tegurid nagu materjali kvaliteet, kandev\u00f5ime ja vastupidavus karmidele keskkondadele. Qingdao H&amp;F seab need vajadused esikohale, tagades, et iga kett vastab rangetele kvaliteedistandarditele ja esitades \u00fcksikasjalikud kontrolliaruanded, sealhulgas andmed t\u00f5mbetugevuse ja t\u00f5mbetugevuse kohta. T\u00e4nu individuaalsele klienditeenindusele ja t\u00f5husale tarneperioodile ei paku me mitte ainult tooteid, vaid usaldusv\u00e4\u00e4rseid lahendusi, mis v\u00f5imaldavad teie ettev\u00f5tte sujuvamat ja ohutumat toimimist.<\/p>","protected":false},"featured_media":4678,"comment_status":"open","ping_status":"closed","template":"","meta":{"site-sidebar-layout":"default","site-content-layout":"","ast-site-content-layout":"default","site-content-style":"default","site-sidebar-style":"default","ast-global-header-display":"","ast-banner-title-visibility":"","ast-main-header-display":"","ast-hfb-above-header-display":"","ast-hfb-below-header-display":"","ast-hfb-mobile-header-display":"","site-post-title":"","ast-breadcrumbs-content":"","ast-featured-img":"","footer-sml-layout":"","theme-transparent-header-meta":"default","adv-header-id-meta":"","stick-header-meta":"default","header-above-stick-meta":"","header-main-stick-meta":"","header-below-stick-meta":"","astra-migrate-meta-layouts":"set","ast-page-background-enabled":"default","ast-page-background-meta":{"desktop":{"background-color":"","background-image":"","background-repeat":"repeat","background-position":"center center","background-size":"auto","background-attachment":"scroll","background-type":"","background-media":"","overlay-type":"","overlay-color":"","overlay-opacity":"","overlay-gradient":""},"tablet":{"background-color":"","background-image":"","background-repeat":"repeat","background-position":"center center","background-size":"auto","background-attachment":"scroll","background-type":"","background-media":"","overlay-type":"","overlay-color":"","overlay-opacity":"","overlay-gradient":""},"mobile":{"background-color":"","background-image":"","background-repeat":"repeat","background-position":"center center","background-size":"auto","background-attachment":"scroll","background-type":"","background-media":"","overlay-type":"","overlay-color":"","overlay-opacity":"","overlay-gradient":""}},"ast-content-background-meta":{"desktop":{"background-color":"var(--ast-global-color-5)","background-image":"","background-repeat":"repeat","background-position":"center center","background-size":"auto","background-attachment":"scroll","background-type":"","background-media":"","overlay-type":"","overlay-color":"","overlay-opacity":"","overlay-gradient":""},"tablet":{"background-color":"var(--ast-global-color-5)","background-image":"","background-repeat":"repeat","background-position":"center center","background-size":"auto","background-attachment":"scroll","background-type":"","background-media":"","overlay-type":"","overlay-color":"","overlay-opacity":"","overlay-gradient":""},"mobile":{"background-color":"var(--ast-global-color-5)","background-image":"","background-repeat":"repeat","background-position":"center center","background-size":"auto","background-attachment":"scroll","background-type":"","background-media":"","overlay-type":"","overlay-color":"","overlay-opacity":"","overlay-gradient":""}}},"product_brand":[],"product_cat":[38],"product_tag":[],"class_list":{"0":"post-8181","1":"product","2":"type-product","3":"status-publish","4":"has-post-thumbnail","6":"product_cat-chain","7":"desktop-align-left","8":"tablet-align-left","9":"mobile-align-left","10":"ast-product-gallery-layout-horizontal-slider","11":"ast-product-tabs-layout-horizontal","13":"first","14":"instock","15":"shipping-taxable","16":"purchasable","17":"product-type-simple"},"yoast_head":"<!-- This site is optimized with the Yoast SEO plugin v25.2 - https:\/\/yoast.com\/wordpress\/plugins\/seo\/ -->\n<title>Stud Link Anchor Chain<\/title>\n<meta name=\"robots\" content=\"index, follow, max-snippet:-1, max-image-preview:large, max-video-preview:-1\" \/>\n<link rel=\"canonical\" href=\"https:\/\/qingdaohf.com\/et\/toode\/noopkett\/\" \/>\n<meta property=\"og:locale\" content=\"et_EE\" \/>\n<meta property=\"og:type\" content=\"article\" \/>\n<meta property=\"og:title\" content=\"Stud Link Anchor Chain\" \/>\n<meta property=\"og:description\" content=\"A Stud Link Chain offers robust strength and stability, ideal for heavy-duty applications where durability and reliability are paramount. Buyers often prioritize factors like material quality, load-bearing capacity, and resistance to harsh environments when selecting a Stud Link Chain. At Qingdao H&amp;F, we prioritize these needs by ensuring every chain meets stringent quality standards and providing detailed inspection reports, including proof load and tensile strength data. With our one-on-one customer service approach and efficient delivery cycle, we deliver not just products but reliable solutions that enable smoother, safer operations for your business.\" \/>\n<meta property=\"og:url\" content=\"https:\/\/qingdaohf.com\/et\/toode\/noopkett\/\" \/>\n<meta property=\"og:site_name\" content=\"Concrete Form &amp; Rigging Hardware Supplier\" \/>\n<meta property=\"article:publisher\" content=\"https:\/\/www.facebook.com\/qingdaohf\" \/>\n<meta property=\"article:modified_time\" content=\"2025-11-13T01:02:54+00:00\" \/>\n<meta property=\"og:image\" content=\"https:\/\/qingdaohf.com\/wp-content\/uploads\/2023\/04\/Marine-anchor-chain.jpg\" \/>\n\t<meta property=\"og:image:width\" content=\"1000\" \/>\n\t<meta property=\"og:image:height\" content=\"1000\" \/>\n\t<meta property=\"og:image:type\" content=\"image\/jpeg\" \/>\n<meta name=\"twitter:card\" content=\"summary_large_image\" \/>\n<meta name=\"twitter:label1\" content=\"Est. reading time\" \/>\n\t<meta name=\"twitter:data1\" content=\"4 minutit\" \/>\n<script type=\"application\/ld+json\" class=\"yoast-schema-graph\">{\"@context\":\"https:\/\/schema.org\",\"@graph\":[{\"@type\":\"WebPage\",\"@id\":\"https:\/\/qingdaohf.com\/product\/stud-link-chain\/\",\"url\":\"https:\/\/qingdaohf.com\/product\/stud-link-chain\/\",\"name\":\"Stud Link Anchor Chain\",\"isPartOf\":{\"@id\":\"https:\/\/qingdaohf.com\/bg\/#website\"},\"primaryImageOfPage\":{\"@id\":\"https:\/\/qingdaohf.com\/product\/stud-link-chain\/#primaryimage\"},\"image\":{\"@id\":\"https:\/\/qingdaohf.com\/product\/stud-link-chain\/#primaryimage\"},\"thumbnailUrl\":\"https:\/\/qingdaohf.com\/wp-content\/uploads\/2023\/04\/Marine-anchor-chain.jpg\",\"datePublished\":\"2024-10-29T08:52:37+00:00\",\"dateModified\":\"2025-11-13T01:02:54+00:00\",\"breadcrumb\":{\"@id\":\"https:\/\/qingdaohf.com\/product\/stud-link-chain\/#breadcrumb\"},\"inLanguage\":\"et\",\"potentialAction\":[{\"@type\":\"ReadAction\",\"target\":[\"https:\/\/qingdaohf.com\/product\/stud-link-chain\/\"]}]},{\"@type\":\"ImageObject\",\"inLanguage\":\"et\",\"@id\":\"https:\/\/qingdaohf.com\/product\/stud-link-chain\/#primaryimage\",\"url\":\"https:\/\/qingdaohf.com\/wp-content\/uploads\/2023\/04\/Marine-anchor-chain.jpg\",\"contentUrl\":\"https:\/\/qingdaohf.com\/wp-content\/uploads\/2023\/04\/Marine-anchor-chain.jpg\",\"width\":1000,\"height\":1000,\"caption\":\"Marine anchor chain\"},{\"@type\":\"BreadcrumbList\",\"@id\":\"https:\/\/qingdaohf.com\/product\/stud-link-chain\/#breadcrumb\",\"itemListElement\":[{\"@type\":\"ListItem\",\"position\":1,\"name\":\"Home\",\"item\":\"https:\/\/qingdaohf.com\/\"},{\"@type\":\"ListItem\",\"position\":2,\"name\":\"Concrete Forming Accessories and Rigging Hardware\",\"item\":\"https:\/\/qingdaohf.com\/bg\/?page_id=944\"},{\"@type\":\"ListItem\",\"position\":3,\"name\":\"Stud Link Anchor Chain\"}]},{\"@type\":\"WebSite\",\"@id\":\"https:\/\/qingdaohf.com\/bg\/#website\",\"url\":\"https:\/\/qingdaohf.com\/bg\/\",\"name\":\"Concrete Form & Rigging Hardware Supplier\",\"description\":\"\",\"publisher\":{\"@id\":\"https:\/\/qingdaohf.com\/bg\/#organization\"},\"potentialAction\":[{\"@type\":\"SearchAction\",\"target\":{\"@type\":\"EntryPoint\",\"urlTemplate\":\"https:\/\/qingdaohf.com\/bg\/?s={search_term_string}\"},\"query-input\":{\"@type\":\"PropertyValueSpecification\",\"valueRequired\":true,\"valueName\":\"search_term_string\"}}],\"inLanguage\":\"et\"},{\"@type\":\"Organization\",\"@id\":\"https:\/\/qingdaohf.com\/bg\/#organization\",\"name\":\"Qingdao H&F\",\"url\":\"https:\/\/qingdaohf.com\/bg\/\",\"logo\":{\"@type\":\"ImageObject\",\"inLanguage\":\"et\",\"@id\":\"https:\/\/qingdaohf.com\/bg\/#\/schema\/logo\/image\/\",\"url\":\"https:\/\/qingdaohf.com\/wp-content\/uploads\/2022\/12\/cropped-HF-LOGO.png\",\"contentUrl\":\"https:\/\/qingdaohf.com\/wp-content\/uploads\/2022\/12\/cropped-HF-LOGO.png\",\"width\":391,\"height\":249,\"caption\":\"Qingdao H&F\"},\"image\":{\"@id\":\"https:\/\/qingdaohf.com\/bg\/#\/schema\/logo\/image\/\"},\"sameAs\":[\"https:\/\/www.facebook.com\/qingdaohf\"]}]}<\/script>\n<!-- \/ Yoast SEO plugin. -->","yoast_head_json":{"title":"Stud Link Anchor Chain","robots":{"index":"index","follow":"follow","max-snippet":"max-snippet:-1","max-image-preview":"max-image-preview:large","max-video-preview":"max-video-preview:-1"},"canonical":"https:\/\/qingdaohf.com\/et\/toode\/noopkett\/","og_locale":"et_EE","og_type":"article","og_title":"Stud Link Anchor Chain","og_description":"A Stud Link Chain offers robust strength and stability, ideal for heavy-duty applications where durability and reliability are paramount. Buyers often prioritize factors like material quality, load-bearing capacity, and resistance to harsh environments when selecting a Stud Link Chain. At Qingdao H&amp;F, we prioritize these needs by ensuring every chain meets stringent quality standards and providing detailed inspection reports, including proof load and tensile strength data. With our one-on-one customer service approach and efficient delivery cycle, we deliver not just products but reliable solutions that enable smoother, safer operations for your business.","og_url":"https:\/\/qingdaohf.com\/et\/toode\/noopkett\/","og_site_name":"Concrete Form &amp; Rigging Hardware Supplier","article_publisher":"https:\/\/www.facebook.com\/qingdaohf","article_modified_time":"2025-11-13T01:02:54+00:00","og_image":[{"width":1000,"height":1000,"url":"https:\/\/qingdaohf.com\/wp-content\/uploads\/2023\/04\/Marine-anchor-chain.jpg","type":"image\/jpeg"}],"twitter_card":"summary_large_image","twitter_misc":{"Est. reading time":"4 minutit"},"schema":{"@context":"https:\/\/schema.org","@graph":[{"@type":"WebPage","@id":"https:\/\/qingdaohf.com\/product\/stud-link-chain\/","url":"https:\/\/qingdaohf.com\/product\/stud-link-chain\/","name":"Stud Link Anchor Chain","isPartOf":{"@id":"https:\/\/qingdaohf.com\/bg\/#website"},"primaryImageOfPage":{"@id":"https:\/\/qingdaohf.com\/product\/stud-link-chain\/#primaryimage"},"image":{"@id":"https:\/\/qingdaohf.com\/product\/stud-link-chain\/#primaryimage"},"thumbnailUrl":"https:\/\/qingdaohf.com\/wp-content\/uploads\/2023\/04\/Marine-anchor-chain.jpg","datePublished":"2024-10-29T08:52:37+00:00","dateModified":"2025-11-13T01:02:54+00:00","breadcrumb":{"@id":"https:\/\/qingdaohf.com\/product\/stud-link-chain\/#breadcrumb"},"inLanguage":"et","potentialAction":[{"@type":"ReadAction","target":["https:\/\/qingdaohf.com\/product\/stud-link-chain\/"]}]},{"@type":"ImageObject","inLanguage":"et","@id":"https:\/\/qingdaohf.com\/product\/stud-link-chain\/#primaryimage","url":"https:\/\/qingdaohf.com\/wp-content\/uploads\/2023\/04\/Marine-anchor-chain.jpg","contentUrl":"https:\/\/qingdaohf.com\/wp-content\/uploads\/2023\/04\/Marine-anchor-chain.jpg","width":1000,"height":1000,"caption":"Marine anchor chain"},{"@type":"BreadcrumbList","@id":"https:\/\/qingdaohf.com\/product\/stud-link-chain\/#breadcrumb","itemListElement":[{"@type":"ListItem","position":1,"name":"Home","item":"https:\/\/qingdaohf.com\/"},{"@type":"ListItem","position":2,"name":"Concrete Forming Accessories and Rigging Hardware","item":"https:\/\/qingdaohf.com\/bg\/?page_id=944"},{"@type":"ListItem","position":3,"name":"Stud Link Anchor Chain"}]},{"@type":"WebSite","@id":"https:\/\/qingdaohf.com\/bg\/#website","url":"https:\/\/qingdaohf.com\/bg\/","name":"Concrete Form & Rigging Hardware Supplier","description":"","publisher":{"@id":"https:\/\/qingdaohf.com\/bg\/#organization"},"potentialAction":[{"@type":"SearchAction","target":{"@type":"EntryPoint","urlTemplate":"https:\/\/qingdaohf.com\/bg\/?s={search_term_string}"},"query-input":{"@type":"PropertyValueSpecification","valueRequired":true,"valueName":"search_term_string"}}],"inLanguage":"et"},{"@type":"Organization","@id":"https:\/\/qingdaohf.com\/bg\/#organization","name":"Qingdao H&F","url":"https:\/\/qingdaohf.com\/bg\/","logo":{"@type":"ImageObject","inLanguage":"et","@id":"https:\/\/qingdaohf.com\/bg\/#\/schema\/logo\/image\/","url":"https:\/\/qingdaohf.com\/wp-content\/uploads\/2022\/12\/cropped-HF-LOGO.png","contentUrl":"https:\/\/qingdaohf.com\/wp-content\/uploads\/2022\/12\/cropped-HF-LOGO.png","width":391,"height":249,"caption":"Qingdao H&F"},"image":{"@id":"https:\/\/qingdaohf.com\/bg\/#\/schema\/logo\/image\/"},"sameAs":["https:\/\/www.facebook.com\/qingdaohf"]}]}},"_links":{"self":[{"href":"https:\/\/qingdaohf.com\/et\/wp-json\/wp\/v2\/product\/8181","targetHints":{"allow":["GET"]}}],"collection":[{"href":"https:\/\/qingdaohf.com\/et\/wp-json\/wp\/v2\/product"}],"about":[{"href":"https:\/\/qingdaohf.com\/et\/wp-json\/wp\/v2\/types\/product"}],"replies":[{"embeddable":true,"href":"https:\/\/qingdaohf.com\/et\/wp-json\/wp\/v2\/comments?post=8181"}],"version-history":[{"count":2,"href":"https:\/\/qingdaohf.com\/et\/wp-json\/wp\/v2\/product\/8181\/revisions"}],"predecessor-version":[{"id":8341,"href":"https:\/\/qingdaohf.com\/et\/wp-json\/wp\/v2\/product\/8181\/revisions\/8341"}],"wp:featuredmedia":[{"embeddable":true,"href":"https:\/\/qingdaohf.com\/et\/wp-json\/wp\/v2\/media\/4678"}],"wp:attachment":[{"href":"https:\/\/qingdaohf.com\/et\/wp-json\/wp\/v2\/media?parent=8181"}],"wp:term":[{"taxonomy":"product_brand","embeddable":true,"href":"https:\/\/qingdaohf.com\/et\/wp-json\/wp\/v2\/product_brand?post=8181"},{"taxonomy":"product_cat","embeddable":true,"href":"https:\/\/qingdaohf.com\/et\/wp-json\/wp\/v2\/product_cat?post=8181"},{"taxonomy":"product_tag","embeddable":true,"href":"https:\/\/qingdaohf.com\/et\/wp-json\/wp\/v2\/product_tag?post=8181"}],"curies":[{"name":"wp","href":"https:\/\/api.w.org\/{rel}","templated":true}]}}