{"id":8189,"date":"2024-11-05T13:59:31","date_gmt":"2024-11-05T05:59:31","guid":{"rendered":"http:\/\/qingdaohf.com\/?post_type=product&#038;p=8189"},"modified":"2025-11-13T09:02:54","modified_gmt":"2025-11-13T01:02:54","slug":"webbing-sling-1-ton","status":"publish","type":"product","link":"https:\/\/qingdaohf.com\/et\/toode\/rihma-rihma-1-tonn\/","title":{"rendered":"Lame rihma rihma 1 tonni pol\u00fcestrist Double Duplex"},"content":{"rendered":"<h3><strong>Usaldusv\u00e4\u00e4rne ja mitmek\u00fclgne 1-tonnine rihmav\u00f6\u00f6 turvaliseks ja t\u00f5husaks t\u00f5stmiseks<\/strong><\/h3>\n<p>Rihmarihmad on asendamatud t\u00f6\u00f6stusharudes, mis s\u00f5ltuvad t\u00f5stmisest ja materjalide k\u00e4itlemisest. Nende hulgas on 1-tonnine rihmarihm v\u00e4ga hinnatud oma v\u00f5ime t\u00f5ttu k\u00e4sitleda m\u00f5\u00f5dukaid koormusi ohutult ja t\u00f5husalt. Seda t\u00fc\u00fcpi rihmad on valmistatud kvaliteetsetest s\u00fcnteetilistest kiududest ja neid hinnatakse eelk\u00f5ige nende tugevuse, vastupidavuse ja kohanemisv\u00f5ime kombinatsiooni t\u00f5ttu. Alates ehitusplatsidest kuni laoruumideni vastab 1-tonnine rihmarihm mitmesugustele t\u00f5stmisvajadustele h\u00f5lpsasti ja usaldusv\u00e4\u00e4rselt.<\/p>\n<p>1-tonnise rihmarihma konstruktsioon on spetsiaalselt optimeeritud koormust kandva tugevuse ja paindlikkuse tasakaalustamiseks. See tasakaal v\u00f5imaldab koormate ohutut kinnitamist ka keerulistes tingimustes. Nende rihmade valmistamisel on olulised aspektid, nagu purunemistugevus, koormuse all pikenemine ja UV-kindlus, mis vastavad nii j\u00f5udlusele kui ka pikaealisusele, mida ostjad t\u00f5steseadmetelt ootavad. Lisaks sellele on materjalid valitud nii, et need on kulumis- ja kulumiskindlad, mis on olulised korduva kasutamise ja ohutuse tagamise seisukohalt.<\/p>\n<p>Qingdao H&amp;F pakub unikaalseid eeliseid, mis suurendavad veelgi rihmarihmade soetamise kogemust. Iga rihma l\u00e4bib range kvaliteedikontrolli, mida toetavad p\u00f5hjalikud kontrolliaruanded, mis tagavad usaldusv\u00e4\u00e4rse toimimise tarnimisel. Lisaks tagab meie individuaalne klienditeenindus, et iga klient saab personaalset tuge, olgu siis \u00f5ige toote valimisel v\u00f5i hooldusn\u00f5uannete k\u00fcsimisel. Kiire tarneperioodiga tagab Qingdao H&amp;F, et need kvaliteetsed rihmarihmad on k\u00e4ttesaadavad just siis, kui neid vajatakse, aidates kaasa projekti sujuvale ajakavale.<\/p>\n<h3><strong>Kvaliteetne ehitus ja materjalid<\/strong><\/h3>\n<p>Meie 1-tonniste rihmade materjalid on valitud nende vastupidavuse ja paindlikkuse j\u00e4rgi, mis aitavad otseselt kaasa nii ohutusele kui ka k\u00e4sitsemise lihtsusele. Tavaliselt on need rihmad valmistatud s\u00fcnteetilistest kiududest, n\u00e4iteks pol\u00fcestrist v\u00f5i nailonist, mis pakuvad mitmeid eeliseid. N\u00e4iteks pol\u00fcester on v\u00e4ga vastupidav kemikaalide ja UV-kiirguse suhtes, mist\u00f5ttu sobib see v\u00e4litingimustes kasutamiseks. Nailonist rihmad seevastu pakuvad parimat venivust, mis v\u00f5ib olla eriti kasulik teatud t\u00fc\u00fcpi koormate k\u00e4sitsemisel.<\/p>\n<p>Tootmise k\u00e4igus p\u00f6\u00f6ratakse hoolikalt t\u00e4helepanu kanga koele ja tihedusele, et tagada \u00fchtlane kandev\u00f5ime. Nende rihmade purunemistugevust katsetatakse rangelt, tagades, et iga \u00fcksus suudab kompromissitult kanda kuni 1 tonni raskust. Selline t\u00e4helepanu kvaliteedile on koosk\u00f5las ostjate peamiste muredega, kes usaldavad neid rihmasid koormuse stabiilsuse s\u00e4ilitamiseks ja operaatori ohutuse tagamiseks. Investeerides vastupidavatesse materjalidesse ja rangetesse tootmisstandarditesse, pakub Qingdao H&amp;F rihmarihmasid, mis on konstrueeritud \u00fcletama t\u00f6\u00f6stuse ootusi ja toetama pikaajalist ja usaldusv\u00e4\u00e4rset kasutamist.<\/p>\n<h3><strong>Rakendused ja eelised erinevates t\u00f6\u00f6stusharudes<\/strong><\/h3>\n<p>1-tonnise rihmarihma kohanemisv\u00f5ime muudab selle eelistatud valikuks paljudes sektorites, sealhulgas ehituses, laevanduses, tootmises ja laonduses. Erinevalt kettidest v\u00f5i trossidest on rihmarihmad kergemad ja kergemini man\u00f6\u00f6verdatavad, v\u00f5imaldades suuremat t\u00e4psust ja v\u00e4hendades k\u00e4sitsemise v\u00e4simust. Ehituses h\u00f5lbustavad need rihmad materjalide t\u00f5stmist ja positsioneerimist, mist\u00f5ttu on need h\u00e4davajalikud projektides, kus on vaja usaldusv\u00e4\u00e4rseid t\u00f5stelahendusi ilma metallalternatiivide mahukuseta. Rihmadel kasutatav s\u00fcnteetiline kangas v\u00e4hendab ka \u00f5rnade v\u00f5i v\u00e4rvitud pindade kriimustamise v\u00f5i kahjustamise ohtu, mis on eeliseks t\u00f6\u00f6stusharudes, kus materjalide s\u00e4ilitamine on oluline.<\/p>\n<p>Qingdao H&amp;F p\u00fchendumine kvaliteedile ja j\u00f5udlusele kajastub meie rihmarihmade valikus, mis rahuldavad erinevaid t\u00f5stevajadusi. Meie 1-tonnine rihm on konstrueeritud funktsioonidega, mis suurendavad t\u00f6\u00f6 lihtsust ja ohutust, nagu n\u00e4iteks v\u00e4rvikoodiga mahuindikaatorid ja tugevdatud aasad, mis takistavad kulumist olulistes koormuskohtades. Lisaks sellele on iga rihmaga kaasas kvaliteedikontrolli aruanne, mis annab kindlustunde, et toode t\u00f6\u00f6tab eeldatavates tingimustes usaldusv\u00e4\u00e4rselt. Meie kliendid saavad kasu teadmisest, et nende ostu vastab rangetele kvaliteedistandarditele, mis toetab nii ohutusn\u00f5udeid kui ka projekti t\u00f5husat elluviimist.<\/p>\n<h3><strong>Qingdao H&amp;F lubadus: teenindus, kiirus ja kindlustunne<\/strong><\/h3>\n<p>Lisaks kvaliteetsele tootele tagab Qingdao H&amp;F ka erakordse ostukogemuse. Me m\u00f5istame, et ostjad ei sea esikohale mitte ainult toote kvaliteeti, vaid ka oma tarnija \u00fcldist usaldusv\u00e4\u00e4rsust. Seep\u00e4rast on meie l\u00e4henemisviis keskne lisaks tootele enesele ka teenuste osutamisele, mis vastavad kliendi individuaalsetele vajadustele ja muredele. Pakkudes individuaalset klienditeenindust, tagame, et igale k\u00fcsimusele v\u00f5i n\u00f5udmisele vastatakse kiiresti ja t\u00f5husalt, edendades usaldust ja rahulolu esimesest kontaktist alates.<\/p>\n<p>Meie p\u00fchendumine kiirusele kajastub meie kiiretes tarnets\u00fcklites. Me m\u00f5istame, et ajastus on oluline ning igasugune viivitus v\u00f5ib m\u00f5jutada tootlikkust ja ajakava. Seet\u00f5ttu teeme tihedat koost\u00f6\u00f6d oma logistikapartneritega, et s\u00e4ilitada t\u00f5husad tarneprotsessid, mis annab meie klientidele kindluse, et nende rihmav\u00f6\u00f6de rihm saabub kohale siis, kui seda vajatakse. Lisaks tagab meie p\u00f5hjalik kvaliteedikontrolliprotsess, et iga rihm on kohe kasutamiseks valmis, mida toetavad aruanded, milles on \u00fcksikasjalikult kirjeldatud toote vastavust t\u00f6\u00f6stusstandarditele. See p\u00fchendumine kvaliteedile ja teenindusele eristab Qingdao H&amp;F-i kui eelistatud partnerit ettev\u00f5tetele, kes otsivad usaldusv\u00e4\u00e4rseid t\u00f5stelahendusi.<\/p>\n<p>Meie 1-tonnine rihmarihmav\u00f6\u00f6 on segu j\u00f5udlusest, ohutusest ja mugavusest, mis on loodud vastama kaasaegse t\u00f6\u00f6stuse rangetele n\u00f5udmistele. Valides Qingdao H&amp;F, investeerivad ostjad partnerlusse, mis v\u00e4\u00e4rtustab nende prioriteete, alates toote terviklikkusest kuni kiire ja t\u00e4helepaneliku teeninduseni. Oleme uhked, et ei paku mitte ainult toodet, vaid terviklikku lahendust, mis vastab meie klientide tegevusvajadustele ja kvaliteedistandarditele.<\/p>","protected":false},"excerpt":{"rendered":"<p>Meie 1-tonnine rihmarihm kombineerib tugevuse ja mitmek\u00fclgsuse erinevate t\u00f6\u00f6stusharude t\u00f5stmis- ja t\u00f5stmis\u00fclesannete jaoks. Ostjad seavad sageli esikohale vastupidavuse, ohutuse ja lihtsa k\u00e4sitsemise, mida meie rihmarihmad pakuvad. Need rihmad on valmistatud vastupidavaks raskeveokitele ja tagavad turvalise t\u00f5stmise, s\u00e4ilitades samal ajal paindlikkuse erinevate rakenduste jaoks. Kaubandusettev\u00f5ttena pakub Qingdao H&amp;F selgeid eeliseid, sealhulgas individuaalset klienditeenindust, kiiret tarnets\u00fcklit ja p\u00f5hjalikke kvaliteedikontrolli aruandeid, mis tagavad, et iga ostu vastab rangetele ohutus- ja kvaliteedistandarditele.<\/p>","protected":false},"featured_media":8190,"comment_status":"open","ping_status":"closed","template":"","meta":{"site-sidebar-layout":"default","site-content-layout":"","ast-site-content-layout":"default","site-content-style":"default","site-sidebar-style":"default","ast-global-header-display":"","ast-banner-title-visibility":"","ast-main-header-display":"","ast-hfb-above-header-display":"","ast-hfb-below-header-display":"","ast-hfb-mobile-header-display":"","site-post-title":"","ast-breadcrumbs-content":"","ast-featured-img":"","footer-sml-layout":"","theme-transparent-header-meta":"default","adv-header-id-meta":"","stick-header-meta":"default","header-above-stick-meta":"","header-main-stick-meta":"","header-below-stick-meta":"","astra-migrate-meta-layouts":"set","ast-page-background-enabled":"default","ast-page-background-meta":{"desktop":{"background-color":"","background-image":"","background-repeat":"repeat","background-position":"center center","background-size":"auto","background-attachment":"scroll","background-type":"","background-media":"","overlay-type":"","overlay-color":"","overlay-opacity":"","overlay-gradient":""},"tablet":{"background-color":"","background-image":"","background-repeat":"repeat","background-position":"center center","background-size":"auto","background-attachment":"scroll","background-type":"","background-media":"","overlay-type":"","overlay-color":"","overlay-opacity":"","overlay-gradient":""},"mobile":{"background-color":"","background-image":"","background-repeat":"repeat","background-position":"center center","background-size":"auto","background-attachment":"scroll","background-type":"","background-media":"","overlay-type":"","overlay-color":"","overlay-opacity":"","overlay-gradient":""}},"ast-content-background-meta":{"desktop":{"background-color":"var(--ast-global-color-5)","background-image":"","background-repeat":"repeat","background-position":"center center","background-size":"auto","background-attachment":"scroll","background-type":"","background-media":"","overlay-type":"","overlay-color":"","overlay-opacity":"","overlay-gradient":""},"tablet":{"background-color":"var(--ast-global-color-5)","background-image":"","background-repeat":"repeat","background-position":"center center","background-size":"auto","background-attachment":"scroll","background-type":"","background-media":"","overlay-type":"","overlay-color":"","overlay-opacity":"","overlay-gradient":""},"mobile":{"background-color":"var(--ast-global-color-5)","background-image":"","background-repeat":"repeat","background-position":"center center","background-size":"auto","background-attachment":"scroll","background-type":"","background-media":"","overlay-type":"","overlay-color":"","overlay-opacity":"","overlay-gradient":""}}},"product_brand":[],"product_cat":[39],"product_tag":[],"class_list":{"0":"post-8189","1":"product","2":"type-product","3":"status-publish","4":"has-post-thumbnail","6":"product_cat-webbing-sling","7":"desktop-align-left","8":"tablet-align-left","9":"mobile-align-left","10":"ast-product-gallery-layout-horizontal-slider","11":"ast-product-gallery-with-no-image","12":"ast-product-tabs-layout-horizontal","14":"first","15":"instock","16":"shipping-taxable","17":"purchasable","18":"product-type-simple"},"yoast_head":"<!-- This site is optimized with the Yoast SEO plugin v25.2 - https:\/\/yoast.com\/wordpress\/plugins\/seo\/ -->\n<title>Flat Webbing Sling 1 Ton Polyester Double Duplex<\/title>\n<meta name=\"robots\" content=\"index, follow, max-snippet:-1, max-image-preview:large, max-video-preview:-1\" \/>\n<link rel=\"canonical\" href=\"https:\/\/qingdaohf.com\/et\/toode\/rihma-rihma-1-tonn\/\" \/>\n<meta property=\"og:locale\" content=\"et_EE\" \/>\n<meta property=\"og:type\" content=\"article\" \/>\n<meta property=\"og:title\" content=\"Flat Webbing Sling 1 Ton Polyester Double Duplex\" \/>\n<meta property=\"og:description\" content=\"Our 1-ton webbing sling combines strength and versatility for lifting and hoisting tasks across various industries. Buyers often prioritize durability, safety, and ease of handling, all of which our webbing slings deliver. Made to endure heavy-duty use, these slings ensure secure lifting while maintaining flexibility for different applications. As a trading company, Qingdao H&amp;F provides distinct advantages, including one-on-one customer service, a fast delivery cycle, and comprehensive quality inspection reports, ensuring that every purchase meets rigorous safety and quality standards.\" \/>\n<meta property=\"og:url\" content=\"https:\/\/qingdaohf.com\/et\/toode\/rihma-rihma-1-tonn\/\" \/>\n<meta property=\"og:site_name\" content=\"Concrete Form &amp; Rigging Hardware Supplier\" \/>\n<meta property=\"article:publisher\" content=\"https:\/\/www.facebook.com\/qingdaohf\" \/>\n<meta property=\"article:modified_time\" content=\"2025-11-13T01:02:54+00:00\" \/>\n<meta property=\"og:image\" content=\"https:\/\/qingdaohf.com\/wp-content\/uploads\/2024\/10\/1ton_1.webp\" \/>\n\t<meta property=\"og:image:width\" content=\"1000\" \/>\n\t<meta property=\"og:image:height\" content=\"1000\" \/>\n\t<meta property=\"og:image:type\" content=\"image\/webp\" \/>\n<meta name=\"twitter:card\" content=\"summary_large_image\" \/>\n<meta name=\"twitter:label1\" content=\"Est. reading time\" \/>\n\t<meta name=\"twitter:data1\" content=\"4 minutit\" \/>\n<script type=\"application\/ld+json\" class=\"yoast-schema-graph\">{\"@context\":\"https:\/\/schema.org\",\"@graph\":[{\"@type\":\"WebPage\",\"@id\":\"https:\/\/qingdaohf.com\/product\/webbing-sling-1-ton\/\",\"url\":\"https:\/\/qingdaohf.com\/product\/webbing-sling-1-ton\/\",\"name\":\"Flat Webbing Sling 1 Ton Polyester Double Duplex\",\"isPartOf\":{\"@id\":\"https:\/\/qingdaohf.com\/bg\/#website\"},\"primaryImageOfPage\":{\"@id\":\"https:\/\/qingdaohf.com\/product\/webbing-sling-1-ton\/#primaryimage\"},\"image\":{\"@id\":\"https:\/\/qingdaohf.com\/product\/webbing-sling-1-ton\/#primaryimage\"},\"thumbnailUrl\":\"https:\/\/qingdaohf.com\/wp-content\/uploads\/2024\/10\/1ton_1.webp\",\"datePublished\":\"2024-11-05T05:59:31+00:00\",\"dateModified\":\"2025-11-13T01:02:54+00:00\",\"breadcrumb\":{\"@id\":\"https:\/\/qingdaohf.com\/product\/webbing-sling-1-ton\/#breadcrumb\"},\"inLanguage\":\"et\",\"potentialAction\":[{\"@type\":\"ReadAction\",\"target\":[\"https:\/\/qingdaohf.com\/product\/webbing-sling-1-ton\/\"]}]},{\"@type\":\"ImageObject\",\"inLanguage\":\"et\",\"@id\":\"https:\/\/qingdaohf.com\/product\/webbing-sling-1-ton\/#primaryimage\",\"url\":\"https:\/\/qingdaohf.com\/wp-content\/uploads\/2024\/10\/1ton_1.webp\",\"contentUrl\":\"https:\/\/qingdaohf.com\/wp-content\/uploads\/2024\/10\/1ton_1.webp\",\"width\":1000,\"height\":1000},{\"@type\":\"BreadcrumbList\",\"@id\":\"https:\/\/qingdaohf.com\/product\/webbing-sling-1-ton\/#breadcrumb\",\"itemListElement\":[{\"@type\":\"ListItem\",\"position\":1,\"name\":\"Home\",\"item\":\"https:\/\/qingdaohf.com\/\"},{\"@type\":\"ListItem\",\"position\":2,\"name\":\"Concrete Forming Accessories and Rigging Hardware\",\"item\":\"https:\/\/qingdaohf.com\/bg\/?page_id=944\"},{\"@type\":\"ListItem\",\"position\":3,\"name\":\"Flat Webbing Sling 1 Ton Polyester Double Duplex\"}]},{\"@type\":\"WebSite\",\"@id\":\"https:\/\/qingdaohf.com\/bg\/#website\",\"url\":\"https:\/\/qingdaohf.com\/bg\/\",\"name\":\"Concrete Form & Rigging Hardware Supplier\",\"description\":\"\",\"publisher\":{\"@id\":\"https:\/\/qingdaohf.com\/bg\/#organization\"},\"potentialAction\":[{\"@type\":\"SearchAction\",\"target\":{\"@type\":\"EntryPoint\",\"urlTemplate\":\"https:\/\/qingdaohf.com\/bg\/?s={search_term_string}\"},\"query-input\":{\"@type\":\"PropertyValueSpecification\",\"valueRequired\":true,\"valueName\":\"search_term_string\"}}],\"inLanguage\":\"et\"},{\"@type\":\"Organization\",\"@id\":\"https:\/\/qingdaohf.com\/bg\/#organization\",\"name\":\"Qingdao H&F\",\"url\":\"https:\/\/qingdaohf.com\/bg\/\",\"logo\":{\"@type\":\"ImageObject\",\"inLanguage\":\"et\",\"@id\":\"https:\/\/qingdaohf.com\/bg\/#\/schema\/logo\/image\/\",\"url\":\"https:\/\/qingdaohf.com\/wp-content\/uploads\/2022\/12\/cropped-HF-LOGO.png\",\"contentUrl\":\"https:\/\/qingdaohf.com\/wp-content\/uploads\/2022\/12\/cropped-HF-LOGO.png\",\"width\":391,\"height\":249,\"caption\":\"Qingdao H&F\"},\"image\":{\"@id\":\"https:\/\/qingdaohf.com\/bg\/#\/schema\/logo\/image\/\"},\"sameAs\":[\"https:\/\/www.facebook.com\/qingdaohf\"]}]}<\/script>\n<!-- \/ Yoast SEO plugin. -->","yoast_head_json":{"title":"Flat Webbing Sling 1 Ton Polyester Double Duplex","robots":{"index":"index","follow":"follow","max-snippet":"max-snippet:-1","max-image-preview":"max-image-preview:large","max-video-preview":"max-video-preview:-1"},"canonical":"https:\/\/qingdaohf.com\/et\/toode\/rihma-rihma-1-tonn\/","og_locale":"et_EE","og_type":"article","og_title":"Flat Webbing Sling 1 Ton Polyester Double Duplex","og_description":"Our 1-ton webbing sling combines strength and versatility for lifting and hoisting tasks across various industries. Buyers often prioritize durability, safety, and ease of handling, all of which our webbing slings deliver. Made to endure heavy-duty use, these slings ensure secure lifting while maintaining flexibility for different applications. As a trading company, Qingdao H&amp;F provides distinct advantages, including one-on-one customer service, a fast delivery cycle, and comprehensive quality inspection reports, ensuring that every purchase meets rigorous safety and quality standards.","og_url":"https:\/\/qingdaohf.com\/et\/toode\/rihma-rihma-1-tonn\/","og_site_name":"Concrete Form &amp; Rigging Hardware Supplier","article_publisher":"https:\/\/www.facebook.com\/qingdaohf","article_modified_time":"2025-11-13T01:02:54+00:00","og_image":[{"width":1000,"height":1000,"url":"https:\/\/qingdaohf.com\/wp-content\/uploads\/2024\/10\/1ton_1.webp","type":"image\/webp"}],"twitter_card":"summary_large_image","twitter_misc":{"Est. reading time":"4 minutit"},"schema":{"@context":"https:\/\/schema.org","@graph":[{"@type":"WebPage","@id":"https:\/\/qingdaohf.com\/product\/webbing-sling-1-ton\/","url":"https:\/\/qingdaohf.com\/product\/webbing-sling-1-ton\/","name":"Flat Webbing Sling 1 Ton Polyester Double Duplex","isPartOf":{"@id":"https:\/\/qingdaohf.com\/bg\/#website"},"primaryImageOfPage":{"@id":"https:\/\/qingdaohf.com\/product\/webbing-sling-1-ton\/#primaryimage"},"image":{"@id":"https:\/\/qingdaohf.com\/product\/webbing-sling-1-ton\/#primaryimage"},"thumbnailUrl":"https:\/\/qingdaohf.com\/wp-content\/uploads\/2024\/10\/1ton_1.webp","datePublished":"2024-11-05T05:59:31+00:00","dateModified":"2025-11-13T01:02:54+00:00","breadcrumb":{"@id":"https:\/\/qingdaohf.com\/product\/webbing-sling-1-ton\/#breadcrumb"},"inLanguage":"et","potentialAction":[{"@type":"ReadAction","target":["https:\/\/qingdaohf.com\/product\/webbing-sling-1-ton\/"]}]},{"@type":"ImageObject","inLanguage":"et","@id":"https:\/\/qingdaohf.com\/product\/webbing-sling-1-ton\/#primaryimage","url":"https:\/\/qingdaohf.com\/wp-content\/uploads\/2024\/10\/1ton_1.webp","contentUrl":"https:\/\/qingdaohf.com\/wp-content\/uploads\/2024\/10\/1ton_1.webp","width":1000,"height":1000},{"@type":"BreadcrumbList","@id":"https:\/\/qingdaohf.com\/product\/webbing-sling-1-ton\/#breadcrumb","itemListElement":[{"@type":"ListItem","position":1,"name":"Home","item":"https:\/\/qingdaohf.com\/"},{"@type":"ListItem","position":2,"name":"Concrete Forming Accessories and Rigging Hardware","item":"https:\/\/qingdaohf.com\/bg\/?page_id=944"},{"@type":"ListItem","position":3,"name":"Flat Webbing Sling 1 Ton Polyester Double Duplex"}]},{"@type":"WebSite","@id":"https:\/\/qingdaohf.com\/bg\/#website","url":"https:\/\/qingdaohf.com\/bg\/","name":"Concrete Form & Rigging Hardware Supplier","description":"","publisher":{"@id":"https:\/\/qingdaohf.com\/bg\/#organization"},"potentialAction":[{"@type":"SearchAction","target":{"@type":"EntryPoint","urlTemplate":"https:\/\/qingdaohf.com\/bg\/?s={search_term_string}"},"query-input":{"@type":"PropertyValueSpecification","valueRequired":true,"valueName":"search_term_string"}}],"inLanguage":"et"},{"@type":"Organization","@id":"https:\/\/qingdaohf.com\/bg\/#organization","name":"Qingdao H&F","url":"https:\/\/qingdaohf.com\/bg\/","logo":{"@type":"ImageObject","inLanguage":"et","@id":"https:\/\/qingdaohf.com\/bg\/#\/schema\/logo\/image\/","url":"https:\/\/qingdaohf.com\/wp-content\/uploads\/2022\/12\/cropped-HF-LOGO.png","contentUrl":"https:\/\/qingdaohf.com\/wp-content\/uploads\/2022\/12\/cropped-HF-LOGO.png","width":391,"height":249,"caption":"Qingdao H&F"},"image":{"@id":"https:\/\/qingdaohf.com\/bg\/#\/schema\/logo\/image\/"},"sameAs":["https:\/\/www.facebook.com\/qingdaohf"]}]}},"_links":{"self":[{"href":"https:\/\/qingdaohf.com\/et\/wp-json\/wp\/v2\/product\/8189","targetHints":{"allow":["GET"]}}],"collection":[{"href":"https:\/\/qingdaohf.com\/et\/wp-json\/wp\/v2\/product"}],"about":[{"href":"https:\/\/qingdaohf.com\/et\/wp-json\/wp\/v2\/types\/product"}],"replies":[{"embeddable":true,"href":"https:\/\/qingdaohf.com\/et\/wp-json\/wp\/v2\/comments?post=8189"}],"version-history":[{"count":2,"href":"https:\/\/qingdaohf.com\/et\/wp-json\/wp\/v2\/product\/8189\/revisions"}],"predecessor-version":[{"id":8340,"href":"https:\/\/qingdaohf.com\/et\/wp-json\/wp\/v2\/product\/8189\/revisions\/8340"}],"wp:featuredmedia":[{"embeddable":true,"href":"https:\/\/qingdaohf.com\/et\/wp-json\/wp\/v2\/media\/8190"}],"wp:attachment":[{"href":"https:\/\/qingdaohf.com\/et\/wp-json\/wp\/v2\/media?parent=8189"}],"wp:term":[{"taxonomy":"product_brand","embeddable":true,"href":"https:\/\/qingdaohf.com\/et\/wp-json\/wp\/v2\/product_brand?post=8189"},{"taxonomy":"product_cat","embeddable":true,"href":"https:\/\/qingdaohf.com\/et\/wp-json\/wp\/v2\/product_cat?post=8189"},{"taxonomy":"product_tag","embeddable":true,"href":"https:\/\/qingdaohf.com\/et\/wp-json\/wp\/v2\/product_tag?post=8189"}],"curies":[{"name":"wp","href":"https:\/\/api.w.org\/{rel}","templated":true}]}}