{"id":8277,"date":"2024-11-05T14:01:41","date_gmt":"2024-11-05T06:01:41","guid":{"rendered":"http:\/\/qingdaohf.com\/?post_type=product&#038;p=8277"},"modified":"2025-11-13T09:02:53","modified_gmt":"2025-11-13T01:02:53","slug":"webbing-sling-2-ton","status":"publish","type":"product","link":"https:\/\/qingdaohf.com\/et\/toode\/rihma-rihma-2-tonni\/","title":{"rendered":"Flat Webbing Sling 2 tonni pol\u00fcestrist Double Duplex"},"content":{"rendered":"<div class=\"flex max-w-full flex-col flex-grow\">\n<div class=\"min-h-8 text-message flex w-full flex-col items-end gap-2 whitespace-normal break-words [.text-message+&amp;]:mt-5\" dir=\"auto\" data-message-author-role=\"assistant\" data-message-id=\"df1a8cb9-4730-4671-a7fd-4bac8c133d3f\" data-message-model-slug=\"gpt-4o\">\n<div class=\"flex w-full flex-col gap-1 empty:hidden first:pt-[3px]\">\n<div class=\"markdown prose w-full break-words dark:prose-invert light\">\n<h3><strong>Mitmek\u00fclgne 2-tonnine rihmarihm vastupidavaks t\u00f5stelahenduseks<\/strong><\/h3>\n<p>2-tonnine rihmarihm on oluline vahend raskete koormate ohutuks t\u00f5stmiseks ja k\u00e4sitsemiseks erinevates t\u00f6\u00f6stusharudes. See kvaliteetsetest s\u00fcnteetilistest kiududest valmistatud rihm on nii tugev kui ka paindlik, \u00fchendades keerulistes tingimustes n\u00f5utava vastupidavuse ja kasutusmugavuse. 2-tonnine kandev\u00f5ime sobib keskmise suurusega koormate jaoks, mist\u00f5ttu on see v\u00e4ga mitmek\u00fclgne sellistes sektorites nagu ehitus, ladustamine, laevandus ja tootmine. Qingdao H&amp;F 2-tonnine rihmarihm pakub usaldusv\u00e4\u00e4rset lahendust, mis vastab erinevate valdkondade spetsialistide tulemuslikkuse ja ohutuse ootustele.<\/p>\n<p>T\u00f6\u00f6stusharudes, kus rasket\u00f5stmine on lahutamatu osa, on seadmete ohutuse ja t\u00f6\u00f6kindluse tagamine esmat\u00e4htis. Qingdao H&amp;F 2-tonnine rihmarihm on spetsiaalselt konstrueeritud nii, et see pakub optimaalset tugevust, ilma et see kahjustaks paindlikkust, v\u00f5imaldades turvalist ja t\u00f5husat koormuse k\u00e4sitsemist. Ostjad otsivad kombinatsiooni suurest kandev\u00f5imest, vastupidavusest ja kulumiskindlusest, mis k\u00f5ik on hoolikalt integreeritud selle rihma konstruktsiooni. T\u00e4nu s\u00fcnteetilisele konstruktsioonile on 2-tonnine rihm kergem ja k\u00e4ep\u00e4rasem kui metallist alternatiivid, v\u00e4hendades operaatori v\u00e4simuse t\u00f5en\u00e4osust ja suurendades \u00fcldist ohutust.<\/p>\n<p>Qingdao H&amp;F t\u00e4iendab oma rihmarihmade k\u00f5rget kvaliteeti kliendikesksete teenustega. Iga toode l\u00e4bib range kontrolli, millega kaasnevad p\u00f5hjalikud kvaliteediaruanded, et tagada ostjatele t\u00e4ielik usaldus oma ostu suhtes. Meie individuaalne klienditeenindus tagab, et iga ostja unikaalsed vajadused on t\u00e4idetud, ning meie t\u00f5hus tarneprotsess tagab \u00f5igeaegse saabumise, et projekti t\u00f6\u00f6protsess ei katkeks.<\/p>\n<h3><strong>Konstruktsioon ja materjalikvaliteet pikaajalise j\u00f5udluse tagamiseks<\/strong><\/h3>\n<p>2-tonnise rihma materjalikoostis on \u00fcks selle iseloomulikke omadusi, mis on valitud nii, et see peab vastu korduvale kasutamisele n\u00f5udlikes tingimustes. Tavaliselt on see valmistatud pol\u00fcestrist v\u00f5i nailonist, kusjuures iga materjal pakub konkreetseid eeliseid. N\u00e4iteks pol\u00fcestrist rihmad on vastupidavad niiskusele ja UV-kiirgusele, mist\u00f5ttu on need ideaalsed v\u00e4litingimustes ja pikaajalises kasutuses. Nailonist rihmad, mis on tuntud oma elastsuse poolest, pakuvad suurep\u00e4rast l\u00f6\u00f6gisummutust, mis on v\u00e4\u00e4rtuslik d\u00fcnaamiliste koormuste k\u00e4itlemisel. S\u00f5ltumata materjalist l\u00e4bib iga rihma hoolikas testimine, et kinnitada, et see suudab ohutult kanda kuni 2 tonni.<\/p>\n<p>Tootmisprotsesse kontrollitakse hoolikalt, et tagada \u00fchetaolisus ja usaldusv\u00e4\u00e4rsus. Alates kiudude valikust kuni l\u00f5pliku kudumiseni on iga samm tehtud vastupidavust silmas pidades, tagades, et sling j\u00e4\u00e4b aja jooksul tugevaks. Tugevdatud silmused ja kulumiskindel viimistlus pikendavad toote kasutusiga veelgi, pakkudes v\u00e4\u00e4rtust ostjatele, kes otsivad suure j\u00f5udlusega ja kuluefektiivseid t\u00f5stelahendusi. Qingdao H&amp;F pakub iga rihmaga kindlustunnet, et toode on testitud ohutuse, usaldusv\u00e4\u00e4rsuse ja pikaealisuse suhtes, mis vastab usaldusv\u00e4\u00e4rsetele t\u00f5steseadmetele tuginevate t\u00f6\u00f6stusharude rangetele standarditele.<\/p>\n<h3><strong>Rakendused erinevates t\u00f6\u00f6stusharudes<\/strong><\/h3>\n<p>2-tonnise rihmav\u00f6\u00f6 kohandatavus muudab selle v\u00e4\u00e4rtuslikuks erinevates valdkondades, sealhulgas logistika, ehituses ja t\u00f6\u00f6stuslikus hoolduses. N\u00e4iteks ehituses sobib see kandev\u00f5ime vahemik talade paigutamiseks, raskete masinate kinnitamiseks v\u00f5i oluliste ehitusmaterjalide liigutamiseks. Rihmarihmade kerge, kuid samas tugev konstruktsioon lihtsustab koormuse k\u00e4sitsemist nendes olukordades ning erinevalt teraskettidest v\u00e4hendab s\u00fcnteetiline materjal pinnakahjustuste ohtu miinimumini. Logistikas ja laonduses sobib 2-tonnine kandev\u00f5ime keskmise kaaluga saadetiste ja materjalide jaoks, mis on ideaalne olukordades, kus on vaja nii koormuse stabiilsust kui ka hoolikat k\u00e4itlemist.<\/p>\n<p>Lisaks tugevusele ja vastupidavusele hindavad ostjad sageli paindlikkust, mida rihmarihmad pakuvad v\u00f5rreldes traditsiooniliste t\u00f5stekettide v\u00f5i -k\u00f6itega. S\u00fcnteetiline materjal v\u00f5imaldab kergemat man\u00f6\u00f6verdamist, mis muudab selle praktiliseks t\u00f5stet\u00f6\u00f6del piiratud ruumides v\u00f5i ainulaadsete koormuskonfiguratsioonide korral. Lisaks sellele v\u00f5imaldab 2-tonnise rihma konstruktsioon turvalisemat ja stabiilsemat t\u00f5stmist, suurendades operaatori usaldust ja v\u00e4hendades \u00f5nnetuste v\u00f5i materjalide kahjustamise ohtu. Kuna Qingdao H&amp;F keskendub kvaliteedile ja j\u00f5udlusele, pakub iga rihm praktilist, ohutut ja mitmek\u00fclgset lahendust, mis sobib erinevatele t\u00f6\u00f6stusharudele.<\/p>\n<h3><strong>Qingdao H&amp;F p\u00fchendumine teenindusele ja kvaliteedi tagamisele<\/strong><\/h3>\n<p>Qingdao H&amp;F ei paku mitte ainult kvaliteetseid tooteid, vaid keskendub ka erakordse ostukogemuse pakkumisele. 2-tonnise rihma rihmaga on kaasas p\u00f5hjalik kontrolliaruanne, mis tagab toote kvaliteedi l\u00e4bipaistvuse ja vastavuse t\u00f6\u00f6stusstandarditele. Igas aruandes on \u00fcksikasjalikult kirjeldatud kriitilisi tulemuslikkuse n\u00e4itajaid, mis annab ostjatele kindlustunnet oma investeeringu suhtes. Kontrollides kandev\u00f5imet ja kinnitades toote vastupidavust, pakuvad need aruanded olulisi teadmisi ettev\u00f5tetele, kes seavad prioriteediks ohutud ja t\u00f5husad t\u00f5stelahendused.<\/p>\n<p>Lisaks suurendab Qingdao H&amp;F p\u00fchendumus klienditeenindusele meie rihmarihmade v\u00e4\u00e4rtust. Meie meeskond abistab kliente individuaalse toetusega nende tegevusvajadustele kohandatud toodete valikul. See personaalne teenindus j\u00e4tkub ka p\u00e4rast ostu sooritamist, andes juhiseid hooldustavade kohta, mis pikendavad toote kasutusiga. Lisaks sellele on meie kiired tarneperioodid koosk\u00f5las meie klientide ajaliste n\u00f5udmistega, tagades, et nad saavad oma rihmad kiiresti k\u00e4tte, et v\u00e4ltida viivitusi nende tegevuses.<\/p>\n<p>Qingdao H&amp;F pakub kvaliteedile, usaldusv\u00e4\u00e4rsusele ja t\u00f5husale teenindusele keskendunud ostjatele terviklikku lahendust oma 2-tonnise rihmarihmaga. See toode kehastab tugevust ja paindlikkust ning p\u00fchendumust klientide logistiliste ja ohutusalaste vajaduste rahuldamisele. Iga rihmarihmaga saavad ostjad kasu mitte ainult tipptasemel t\u00f5stevahendist, vaid ka tipptasemele p\u00fchendunud ettev\u00f5tte toetusest ja kindlustundest.<\/p>\n<\/div>\n<\/div>\n<\/div>\n<\/div>\n<div class=\"mb-2 flex gap-3 empty:hidden -ml-2\">\n<div class=\"items-center justify-start rounded-xl p-1 flex\">\n<div class=\"flex items-center\"><\/div>\n<\/div>\n<\/div>","protected":false},"excerpt":{"rendered":"<p>Qingdao H&amp;F 2-tonnine rihmarihm on usaldusv\u00e4\u00e4rne ja suure v\u00f5imsusega lahendus erinevateks t\u00f5stmisrakendusteks. Ostjad seavad sageli esikohale sellised tegurid nagu koormuse turvalisus, vastupidavus ja k\u00e4sitsemise lihtsus, mida see rihmarihm pakub. Tugevatest s\u00fcnteetilistest kiududest valmistatud rihm peab vastu n\u00f5udlikele tingimustele, pakkudes usaldusv\u00e4\u00e4rset j\u00f5udlust. Kaubandusettev\u00f5ttena pakub Qingdao H&amp;F m\u00e4rkimisv\u00e4\u00e4rseid eeliseid, sealhulgas \u00fcks-\u00fchele klienditeenindust, kiireid tarnets\u00fckleid ja \u00fcksikasjalikke kvaliteedikontrolli aruandeid, mis tagavad, et iga toode vastab rangetele standarditele ja ostja ootustele.<\/p>","protected":false},"featured_media":8196,"comment_status":"open","ping_status":"closed","template":"","meta":{"site-sidebar-layout":"default","site-content-layout":"","ast-site-content-layout":"default","site-content-style":"default","site-sidebar-style":"default","ast-global-header-display":"","ast-banner-title-visibility":"","ast-main-header-display":"","ast-hfb-above-header-display":"","ast-hfb-below-header-display":"","ast-hfb-mobile-header-display":"","site-post-title":"","ast-breadcrumbs-content":"","ast-featured-img":"","footer-sml-layout":"","theme-transparent-header-meta":"default","adv-header-id-meta":"","stick-header-meta":"default","header-above-stick-meta":"","header-main-stick-meta":"","header-below-stick-meta":"","astra-migrate-meta-layouts":"set","ast-page-background-enabled":"default","ast-page-background-meta":{"desktop":{"background-color":"","background-image":"","background-repeat":"repeat","background-position":"center center","background-size":"auto","background-attachment":"scroll","background-type":"","background-media":"","overlay-type":"","overlay-color":"","overlay-opacity":"","overlay-gradient":""},"tablet":{"background-color":"","background-image":"","background-repeat":"repeat","background-position":"center center","background-size":"auto","background-attachment":"scroll","background-type":"","background-media":"","overlay-type":"","overlay-color":"","overlay-opacity":"","overlay-gradient":""},"mobile":{"background-color":"","background-image":"","background-repeat":"repeat","background-position":"center center","background-size":"auto","background-attachment":"scroll","background-type":"","background-media":"","overlay-type":"","overlay-color":"","overlay-opacity":"","overlay-gradient":""}},"ast-content-background-meta":{"desktop":{"background-color":"var(--ast-global-color-5)","background-image":"","background-repeat":"repeat","background-position":"center center","background-size":"auto","background-attachment":"scroll","background-type":"","background-media":"","overlay-type":"","overlay-color":"","overlay-opacity":"","overlay-gradient":""},"tablet":{"background-color":"var(--ast-global-color-5)","background-image":"","background-repeat":"repeat","background-position":"center center","background-size":"auto","background-attachment":"scroll","background-type":"","background-media":"","overlay-type":"","overlay-color":"","overlay-opacity":"","overlay-gradient":""},"mobile":{"background-color":"var(--ast-global-color-5)","background-image":"","background-repeat":"repeat","background-position":"center center","background-size":"auto","background-attachment":"scroll","background-type":"","background-media":"","overlay-type":"","overlay-color":"","overlay-opacity":"","overlay-gradient":""}}},"product_brand":[],"product_cat":[39],"product_tag":[],"class_list":{"0":"post-8277","1":"product","2":"type-product","3":"status-publish","4":"has-post-thumbnail","6":"product_cat-webbing-sling","7":"desktop-align-left","8":"tablet-align-left","9":"mobile-align-left","10":"ast-product-gallery-layout-horizontal-slider","11":"ast-product-gallery-with-no-image","12":"ast-product-tabs-layout-horizontal","14":"first","15":"instock","16":"shipping-taxable","17":"purchasable","18":"product-type-simple"},"yoast_head":"<!-- This site is optimized with the Yoast SEO plugin v25.2 - https:\/\/yoast.com\/wordpress\/plugins\/seo\/ -->\n<title>Flat Webbing Sling 2 Ton Polyester Double Duplex<\/title>\n<meta name=\"robots\" content=\"index, follow, max-snippet:-1, max-image-preview:large, max-video-preview:-1\" \/>\n<link rel=\"canonical\" href=\"https:\/\/qingdaohf.com\/et\/toode\/rihma-rihma-2-tonni\/\" \/>\n<meta property=\"og:locale\" content=\"et_EE\" \/>\n<meta property=\"og:type\" content=\"article\" \/>\n<meta property=\"og:title\" content=\"Flat Webbing Sling 2 Ton Polyester Double Duplex\" \/>\n<meta property=\"og:description\" content=\"The 2-ton webbing sling from Qingdao H&amp;F is a dependable, high-capacity solution for various lifting applications. Buyers often prioritize factors like load security, durability, and ease of handling, all of which this webbing sling provides. Crafted with strong synthetic fibers, it withstands demanding conditions, offering reliable performance. As a trading company, Qingdao H&amp;F delivers significant benefits, including one-to-one customer service, rapid delivery cycles, and detailed quality inspection reports, ensuring each product meets rigorous standards and buyer expectations.\" \/>\n<meta property=\"og:url\" content=\"https:\/\/qingdaohf.com\/et\/toode\/rihma-rihma-2-tonni\/\" \/>\n<meta property=\"og:site_name\" content=\"Concrete Form &amp; Rigging Hardware Supplier\" \/>\n<meta property=\"article:publisher\" content=\"https:\/\/www.facebook.com\/qingdaohf\" \/>\n<meta property=\"article:modified_time\" content=\"2025-11-13T01:02:53+00:00\" \/>\n<meta property=\"og:image\" content=\"https:\/\/qingdaohf.com\/wp-content\/uploads\/2024\/10\/2-ton_1.webp\" \/>\n\t<meta property=\"og:image:width\" content=\"1000\" \/>\n\t<meta property=\"og:image:height\" content=\"1000\" \/>\n\t<meta property=\"og:image:type\" content=\"image\/webp\" \/>\n<meta name=\"twitter:card\" content=\"summary_large_image\" \/>\n<meta name=\"twitter:label1\" content=\"Est. reading time\" \/>\n\t<meta name=\"twitter:data1\" content=\"4 minutit\" \/>\n<script type=\"application\/ld+json\" class=\"yoast-schema-graph\">{\"@context\":\"https:\/\/schema.org\",\"@graph\":[{\"@type\":\"WebPage\",\"@id\":\"https:\/\/qingdaohf.com\/product\/webbing-sling-2-ton\/\",\"url\":\"https:\/\/qingdaohf.com\/product\/webbing-sling-2-ton\/\",\"name\":\"Flat Webbing Sling 2 Ton Polyester Double Duplex\",\"isPartOf\":{\"@id\":\"https:\/\/qingdaohf.com\/bg\/#website\"},\"primaryImageOfPage\":{\"@id\":\"https:\/\/qingdaohf.com\/product\/webbing-sling-2-ton\/#primaryimage\"},\"image\":{\"@id\":\"https:\/\/qingdaohf.com\/product\/webbing-sling-2-ton\/#primaryimage\"},\"thumbnailUrl\":\"https:\/\/qingdaohf.com\/wp-content\/uploads\/2024\/10\/2-ton_1.webp\",\"datePublished\":\"2024-11-05T06:01:41+00:00\",\"dateModified\":\"2025-11-13T01:02:53+00:00\",\"breadcrumb\":{\"@id\":\"https:\/\/qingdaohf.com\/product\/webbing-sling-2-ton\/#breadcrumb\"},\"inLanguage\":\"et\",\"potentialAction\":[{\"@type\":\"ReadAction\",\"target\":[\"https:\/\/qingdaohf.com\/product\/webbing-sling-2-ton\/\"]}]},{\"@type\":\"ImageObject\",\"inLanguage\":\"et\",\"@id\":\"https:\/\/qingdaohf.com\/product\/webbing-sling-2-ton\/#primaryimage\",\"url\":\"https:\/\/qingdaohf.com\/wp-content\/uploads\/2024\/10\/2-ton_1.webp\",\"contentUrl\":\"https:\/\/qingdaohf.com\/wp-content\/uploads\/2024\/10\/2-ton_1.webp\",\"width\":1000,\"height\":1000,\"caption\":\"webbing sling 2 ton\"},{\"@type\":\"BreadcrumbList\",\"@id\":\"https:\/\/qingdaohf.com\/product\/webbing-sling-2-ton\/#breadcrumb\",\"itemListElement\":[{\"@type\":\"ListItem\",\"position\":1,\"name\":\"Home\",\"item\":\"https:\/\/qingdaohf.com\/\"},{\"@type\":\"ListItem\",\"position\":2,\"name\":\"Concrete Forming Accessories and Rigging Hardware\",\"item\":\"https:\/\/qingdaohf.com\/bg\/?page_id=944\"},{\"@type\":\"ListItem\",\"position\":3,\"name\":\"Flat Webbing Sling 2 Ton Polyester Double Duplex\"}]},{\"@type\":\"WebSite\",\"@id\":\"https:\/\/qingdaohf.com\/bg\/#website\",\"url\":\"https:\/\/qingdaohf.com\/bg\/\",\"name\":\"Concrete Form & Rigging Hardware Supplier\",\"description\":\"\",\"publisher\":{\"@id\":\"https:\/\/qingdaohf.com\/bg\/#organization\"},\"potentialAction\":[{\"@type\":\"SearchAction\",\"target\":{\"@type\":\"EntryPoint\",\"urlTemplate\":\"https:\/\/qingdaohf.com\/bg\/?s={search_term_string}\"},\"query-input\":{\"@type\":\"PropertyValueSpecification\",\"valueRequired\":true,\"valueName\":\"search_term_string\"}}],\"inLanguage\":\"et\"},{\"@type\":\"Organization\",\"@id\":\"https:\/\/qingdaohf.com\/bg\/#organization\",\"name\":\"Qingdao H&F\",\"url\":\"https:\/\/qingdaohf.com\/bg\/\",\"logo\":{\"@type\":\"ImageObject\",\"inLanguage\":\"et\",\"@id\":\"https:\/\/qingdaohf.com\/bg\/#\/schema\/logo\/image\/\",\"url\":\"https:\/\/qingdaohf.com\/wp-content\/uploads\/2022\/12\/cropped-HF-LOGO.png\",\"contentUrl\":\"https:\/\/qingdaohf.com\/wp-content\/uploads\/2022\/12\/cropped-HF-LOGO.png\",\"width\":391,\"height\":249,\"caption\":\"Qingdao H&F\"},\"image\":{\"@id\":\"https:\/\/qingdaohf.com\/bg\/#\/schema\/logo\/image\/\"},\"sameAs\":[\"https:\/\/www.facebook.com\/qingdaohf\"]}]}<\/script>\n<!-- \/ Yoast SEO plugin. -->","yoast_head_json":{"title":"Flat Webbing Sling 2 Ton Polyester Double Duplex","robots":{"index":"index","follow":"follow","max-snippet":"max-snippet:-1","max-image-preview":"max-image-preview:large","max-video-preview":"max-video-preview:-1"},"canonical":"https:\/\/qingdaohf.com\/et\/toode\/rihma-rihma-2-tonni\/","og_locale":"et_EE","og_type":"article","og_title":"Flat Webbing Sling 2 Ton Polyester Double Duplex","og_description":"The 2-ton webbing sling from Qingdao H&amp;F is a dependable, high-capacity solution for various lifting applications. Buyers often prioritize factors like load security, durability, and ease of handling, all of which this webbing sling provides. Crafted with strong synthetic fibers, it withstands demanding conditions, offering reliable performance. As a trading company, Qingdao H&amp;F delivers significant benefits, including one-to-one customer service, rapid delivery cycles, and detailed quality inspection reports, ensuring each product meets rigorous standards and buyer expectations.","og_url":"https:\/\/qingdaohf.com\/et\/toode\/rihma-rihma-2-tonni\/","og_site_name":"Concrete Form &amp; Rigging Hardware Supplier","article_publisher":"https:\/\/www.facebook.com\/qingdaohf","article_modified_time":"2025-11-13T01:02:53+00:00","og_image":[{"width":1000,"height":1000,"url":"https:\/\/qingdaohf.com\/wp-content\/uploads\/2024\/10\/2-ton_1.webp","type":"image\/webp"}],"twitter_card":"summary_large_image","twitter_misc":{"Est. reading time":"4 minutit"},"schema":{"@context":"https:\/\/schema.org","@graph":[{"@type":"WebPage","@id":"https:\/\/qingdaohf.com\/product\/webbing-sling-2-ton\/","url":"https:\/\/qingdaohf.com\/product\/webbing-sling-2-ton\/","name":"Flat Webbing Sling 2 Ton Polyester Double Duplex","isPartOf":{"@id":"https:\/\/qingdaohf.com\/bg\/#website"},"primaryImageOfPage":{"@id":"https:\/\/qingdaohf.com\/product\/webbing-sling-2-ton\/#primaryimage"},"image":{"@id":"https:\/\/qingdaohf.com\/product\/webbing-sling-2-ton\/#primaryimage"},"thumbnailUrl":"https:\/\/qingdaohf.com\/wp-content\/uploads\/2024\/10\/2-ton_1.webp","datePublished":"2024-11-05T06:01:41+00:00","dateModified":"2025-11-13T01:02:53+00:00","breadcrumb":{"@id":"https:\/\/qingdaohf.com\/product\/webbing-sling-2-ton\/#breadcrumb"},"inLanguage":"et","potentialAction":[{"@type":"ReadAction","target":["https:\/\/qingdaohf.com\/product\/webbing-sling-2-ton\/"]}]},{"@type":"ImageObject","inLanguage":"et","@id":"https:\/\/qingdaohf.com\/product\/webbing-sling-2-ton\/#primaryimage","url":"https:\/\/qingdaohf.com\/wp-content\/uploads\/2024\/10\/2-ton_1.webp","contentUrl":"https:\/\/qingdaohf.com\/wp-content\/uploads\/2024\/10\/2-ton_1.webp","width":1000,"height":1000,"caption":"webbing sling 2 ton"},{"@type":"BreadcrumbList","@id":"https:\/\/qingdaohf.com\/product\/webbing-sling-2-ton\/#breadcrumb","itemListElement":[{"@type":"ListItem","position":1,"name":"Home","item":"https:\/\/qingdaohf.com\/"},{"@type":"ListItem","position":2,"name":"Concrete Forming Accessories and Rigging Hardware","item":"https:\/\/qingdaohf.com\/bg\/?page_id=944"},{"@type":"ListItem","position":3,"name":"Flat Webbing Sling 2 Ton Polyester Double Duplex"}]},{"@type":"WebSite","@id":"https:\/\/qingdaohf.com\/bg\/#website","url":"https:\/\/qingdaohf.com\/bg\/","name":"Concrete Form & Rigging Hardware Supplier","description":"","publisher":{"@id":"https:\/\/qingdaohf.com\/bg\/#organization"},"potentialAction":[{"@type":"SearchAction","target":{"@type":"EntryPoint","urlTemplate":"https:\/\/qingdaohf.com\/bg\/?s={search_term_string}"},"query-input":{"@type":"PropertyValueSpecification","valueRequired":true,"valueName":"search_term_string"}}],"inLanguage":"et"},{"@type":"Organization","@id":"https:\/\/qingdaohf.com\/bg\/#organization","name":"Qingdao H&F","url":"https:\/\/qingdaohf.com\/bg\/","logo":{"@type":"ImageObject","inLanguage":"et","@id":"https:\/\/qingdaohf.com\/bg\/#\/schema\/logo\/image\/","url":"https:\/\/qingdaohf.com\/wp-content\/uploads\/2022\/12\/cropped-HF-LOGO.png","contentUrl":"https:\/\/qingdaohf.com\/wp-content\/uploads\/2022\/12\/cropped-HF-LOGO.png","width":391,"height":249,"caption":"Qingdao H&F"},"image":{"@id":"https:\/\/qingdaohf.com\/bg\/#\/schema\/logo\/image\/"},"sameAs":["https:\/\/www.facebook.com\/qingdaohf"]}]}},"_links":{"self":[{"href":"https:\/\/qingdaohf.com\/et\/wp-json\/wp\/v2\/product\/8277","targetHints":{"allow":["GET"]}}],"collection":[{"href":"https:\/\/qingdaohf.com\/et\/wp-json\/wp\/v2\/product"}],"about":[{"href":"https:\/\/qingdaohf.com\/et\/wp-json\/wp\/v2\/types\/product"}],"replies":[{"embeddable":true,"href":"https:\/\/qingdaohf.com\/et\/wp-json\/wp\/v2\/comments?post=8277"}],"version-history":[{"count":3,"href":"https:\/\/qingdaohf.com\/et\/wp-json\/wp\/v2\/product\/8277\/revisions"}],"predecessor-version":[{"id":8339,"href":"https:\/\/qingdaohf.com\/et\/wp-json\/wp\/v2\/product\/8277\/revisions\/8339"}],"wp:featuredmedia":[{"embeddable":true,"href":"https:\/\/qingdaohf.com\/et\/wp-json\/wp\/v2\/media\/8196"}],"wp:attachment":[{"href":"https:\/\/qingdaohf.com\/et\/wp-json\/wp\/v2\/media?parent=8277"}],"wp:term":[{"taxonomy":"product_brand","embeddable":true,"href":"https:\/\/qingdaohf.com\/et\/wp-json\/wp\/v2\/product_brand?post=8277"},{"taxonomy":"product_cat","embeddable":true,"href":"https:\/\/qingdaohf.com\/et\/wp-json\/wp\/v2\/product_cat?post=8277"},{"taxonomy":"product_tag","embeddable":true,"href":"https:\/\/qingdaohf.com\/et\/wp-json\/wp\/v2\/product_tag?post=8277"}],"curies":[{"name":"wp","href":"https:\/\/api.w.org\/{rel}","templated":true}]}}