{"id":8280,"date":"2024-11-05T16:43:34","date_gmt":"2024-11-05T08:43:34","guid":{"rendered":"http:\/\/qingdaohf.com\/?post_type=product&#038;p=8280"},"modified":"2025-11-13T09:02:53","modified_gmt":"2025-11-13T01:02:53","slug":"webbing-sling-3-ton","status":"publish","type":"product","link":"https:\/\/qingdaohf.com\/et\/toode\/rihma-rihma-3-tonni\/","title":{"rendered":"Flat Webbing Sling 3 tonni pol\u00fcestrist Double Duplex"},"content":{"rendered":"<h3><strong>Usaldusv\u00e4\u00e4rne 3-tonnine rihmav\u00f6\u00f6 rihma raskete t\u00f5steseadmete jaoks<\/strong><\/h3>\n<p>Materjalide k\u00e4itlemise maailmas paistab 3-tonnine rihmarihmast v\u00e4lja kui tugev lahendus raskete koormate t\u00f5stmiseks ja kinnitamiseks erinevates t\u00f6\u00f6stusharudes. See tugevuse, paindlikkuse ja ohutuse optimaalse tasakaaluga rihm on loodud vastama rangetele n\u00f5udmistele, mis on seotud erinevate \u00fclesannetega alates ehitusest kuni logistikani. Kvaliteetsetest s\u00fcnteetilistest kiududest valmistatud 3-tonnine rihmarihm on konstrueeritud usaldusv\u00e4\u00e4rse j\u00f5udluse tagamiseks, mis muudab selle oluliseks abivahendiks iga t\u00f6\u00f6 puhul, mis h\u00f5lmab m\u00e4rkimisv\u00e4\u00e4rsete raskuste t\u00f5stmist.<\/p>\n<p>Kasvav n\u00f5udlus mitmek\u00fclgsete t\u00f5stelahenduste j\u00e4rele on viinud rihmarihmade laialdase kasutamiseni kaubandus- ja t\u00f6\u00f6stuskeskkondades. 3-tonnine rihmarihm on spetsiaalselt loodud keskmise raskusega raskete koormuste kandmiseks, pakkudes operaatoritele usaldusv\u00e4\u00e4rset vahendit oma \u00fclesannete t\u00f5husaks ja ohutuks t\u00e4itmiseks. Ostjad v\u00e4ljendavad sageli muret koormuse turvalisuse ja vastupidavuse p\u00e4rast, mis on t\u00f5steseadmete valikul esmat\u00e4htis. 3-tonnine rihmarihm vastab nendele muredele, tagades, et see peab vastu n\u00f5udlikes tingimustes, s\u00e4ilitades samal ajal oma terviklikkuse ja j\u00f5udluse aja jooksul.<\/p>\n<p>\u00dcks 3-tonnise rihmarihma silmatorkavaid omadusi on selle konstruktsioon, mis tavaliselt h\u00f5lmab suure tugevusega pol\u00fcester- v\u00f5i nailonkiudu. Need materjalid pakuvad mitmeid eeliseid, sealhulgas kulumiskindlust, UV-stabiilsust ja niiskuskindlust. Nende omaduste kombinatsioon tagab, et rihm suudab h\u00e4sti toimida ka keerulistes v\u00e4litingimustes, mist\u00f5ttu sobib see mitmesuguste rakenduste jaoks.<\/p>\n<p>Qingdao H&amp;F on uhked oma v\u00f5ime \u00fcle pakkuda mitte ainult kvaliteetseid tooteid, vaid ka erakordset teenindust. Meie p\u00fchendumus individuaalsele klienditeenindusele t\u00e4hendab, et iga klient saab individuaalset t\u00e4helepanu, mis on kohandatud tema konkreetsetele vajadustele. Selline l\u00e4henemine soodustab usaldust ja tagab, et ostjad tunnevad end kogu oma ostuteekonna jooksul toetatuna. Lisaks r\u00f5hutame \u00f5igeaegse tarnimise t\u00e4htsust ja meie t\u00f5husad logistilised protsessid tagavad, et kliendid saavad oma rihmad k\u00e4tte ilma asjatute viivitusteta. Meie tooted on varustatud p\u00f5hjalike kvaliteedikontrolliaruannetega, mis annavad ostjatele meelerahu, tagades, et need vastavad n\u00f5utavatele ohutus- ja toimivusnormidele.<\/p>\n<h3><strong>Ehituskvaliteet ja materjali j\u00f5udlus<\/strong><\/h3>\n<p>3-tonnise rihmarihma puhul kasutatud materjalide kvaliteet on selle j\u00f5udluse ja pikaealisuse lahutamatu osa. Tootmismaterjalide valikul keskendume vastupidavusele ja tugevusele. Populaarne valik on pol\u00fcester, mis on tuntud oma v\u00e4hese venivuse ja k\u00f5rge kulumiskindluse poolest. See kiud on eriti t\u00f5hus koormuse stabiilsuse s\u00e4ilitamisel, mis on ohutu t\u00f5stet\u00f6\u00f6 jaoks h\u00e4davajalik. Teisalt pakub nailon paremat elastsust, mis suudab t\u00f5stmise ajal absorbeerida l\u00f6\u00f6gikoormust, mis v\u00f5ib olla kasulik erinevates rakendustes.<\/p>\n<p>Tootmisprotsessi iga aspekt on kavandatud k\u00f5rgeimate standardite j\u00e4rgimiseks. Alates kiudude valikust kuni kudumistehnikani l\u00e4bib iga rihm rangeid teste, et kinnitada selle v\u00f5imet kanda ohutult kuni 3-tonniseid koormusi. Tugevdatud \u00f5mblused ja kvaliteetsed otsakud suurendavad rihma vastupidavust, v\u00e4hendades kulumisohtu ja pikendades selle kasutusiga. T\u00e4nu nendele omadustele on 3-tonnine rihmav\u00f6\u00f6 v\u00e4\u00e4rtuslik investeering ettev\u00f5tetele, kes otsivad usaldusv\u00e4\u00e4rseid t\u00f5stelahendusi.<\/p>\n<p>Kvaliteedi tagamine on Qingdao H&amp;F jaoks esmat\u00e4htis ja meie kliendid v\u00f5ivad oodata, et iga toode on varustatud \u00fcksikasjaliku kontrolliaruandega. Need aruanded annavad kriitilist teavet rihma toimivusomaduste, sealhulgas purunemistugevuse ja t\u00f6\u00f6stusstandarditele vastavuse kohta. Tagades, et iga rihm vastab nendele kriteeriumidele, aitame oma klientidel teha teadlikke otsuseid, seades ohutuse ja usaldusv\u00e4\u00e4rsuse prioriteediks oma t\u00f5stet\u00f6\u00f6del.<\/p>\n<h3><strong>Mitmek\u00fclgsed rakendused ja t\u00f6\u00f6stuse eelised<\/strong><\/h3>\n<p>3-tonnise rihmarihma mitmek\u00fclgsus muudab selle ideaalseks valikuks mitmesuguste rakenduste jaoks erinevates t\u00f6\u00f6stusharudes. N\u00e4iteks ehituses saab seda rihma kasutada raskete materjalide, n\u00e4iteks terastalade, betoonplokkide ja masinate t\u00f5stmiseks ja teisaldamiseks. Rihmarihmade kergus muudab nende k\u00e4sitsemise lihtsamaks kui traditsiooniliste metallkettide puhul, v\u00e4hendades operaatori v\u00e4simust ja suurendades \u00fcldist ohutust.<\/p>\n<p>Logistikas ja laonduses on 3-tonnine rihmav\u00f6\u00f6 rihmav\u00f6\u00f6 hindamatu v\u00e4\u00e4rtusega kaupade ja materjalide transportimisel. Selle v\u00f5ime t\u00f5sta kindlalt raskeid koormusi tagab, et toimingud kulgevad sujuvalt ja t\u00f5husalt. Rihma paindlikkus v\u00f5imaldab seda kasutada kitsastes kohtades, kus teised t\u00f5steseadmed v\u00f5ivad raskusi tekitada. Lisaks sellele t\u00e4hendab rihma mittekahjustav iseloom, et sellega saab turvaliselt t\u00f5sta habrast v\u00f5i valmiskaupa ilma kriimustuste v\u00f5i m\u00f5lkide tekkimise ohuta.<\/p>\n<p>Veel \u00fcks oluline eelis 3-tonnise rihmaga rihma puhul on selle lihtne hooldus. Erinevalt kettidest v\u00f5i muudest metallist t\u00f5steseadmetest vajavad rihmarihmad minimaalset hooldust. Regulaarsed kontrollid ja n\u00f5uetekohane ladustamine v\u00f5ivad nende kasutusiga m\u00e4rkimisv\u00e4\u00e4rselt pikendada, mis muudab need kulut\u00f5husaks valikuks ettev\u00f5tetele, mis on keskendunud tegevuse t\u00f5hususele.<\/p>\n<p>Qingdao H&amp;F tunneb erinevate t\u00f6\u00f6stusharude arenevaid vajadusi ja meie 3-tonnine rihmarihm on loodud nende n\u00f5udmiste rahuldamiseks. See rihm pakub nii ehituses, logistikas kui ka tootmises usaldusv\u00e4\u00e4rsust ja j\u00f5udlust, mida ettev\u00f5tted vajavad edu saavutamiseks. V\u00f5imalus t\u00f5sta suuri koormusi ohutult ja t\u00f5husalt v\u00f5ib m\u00e4rkimisv\u00e4\u00e4rselt suurendada tootlikkust, v\u00f5imaldades operaatoritel keskenduda oma p\u00f5hit\u00f6\u00f6le, ilma et nad peaksid muretsema seadmete rikke p\u00e4rast.<\/p>\n<h3><strong>Qingdao H&amp;F: teie partner kvaliteedi ja teeninduse alal<\/strong><\/h3>\n<p>Qingdao H&amp;F-is eristab meid t\u00f5stelahenduste konkurentsis meie p\u00fchendumus kvaliteedile ja kliendi rahulolule. 3-tonnine rihmarihm esindab meie p\u00fchendumust pakkuda klientidele tooteid, mis ei ole mitte ainult vastupidavad ja usaldusv\u00e4\u00e4rsed, vaid mida toetab ka erakordne teenindus. T\u00e4nu meie individuaalsele klienditoele juhendame kliente valikuprotsessi k\u00e4igus, tagades, et nad valivad oma konkreetsete vajaduste jaoks \u00f5ige rihma.<\/p>\n<p>Meie keskendumine kiiretele tarnets\u00fcklitele t\u00e4hendab, et kliendid saavad oma t\u00f5steseadmeid \u00f5igeaegselt k\u00e4tte. Me m\u00f5istame, kui oluline on saada \u00f5iged t\u00f6\u00f6riistad \u00f5igel ajal, ja meie logistikameeskond t\u00f6\u00f6tab hoolikalt, et t\u00e4ita ja \u00fcletada need ootused. Lisaks pakuvad meie p\u00f5hjalikud kvaliteedikontrolli aruanded klientidele l\u00e4bipaistvust, mida nad vajavad, et olla ostu suhtes kindlad, tugevdades meie p\u00fchendumust ohutusele ja tulemuslikkusele.<\/p>\n<p>Qingdao H&amp;F 3-tonnise rihmarihma valimine t\u00e4hendab investeerimist kvaliteetsesse t\u00f5stelahendusse, mida toetab ettev\u00f5te, mis hindab oma kliente ja seab nende vajadused esikohale. Pakkudes usaldusv\u00e4\u00e4rseid tooteid ja erakordset teenindust, on meie eesm\u00e4rk edendada pikaajalisi partnerlussuhteid, mis p\u00f5hinevad usaldusel ja usaldusv\u00e4\u00e4rsusel. Meie kliendid v\u00f5ivad olla kindlad, et kui nad valivad meie rihmarihmad, siis varustavad nad end parimate turul k\u00e4ttesaadavate vahenditega, mis suurendavad nende tegevuse t\u00f5husust ja ohutusstandardeid.<\/p>","protected":false},"excerpt":{"rendered":"<p>Qingdao H&amp;F pakutav 3-tonnine rihmav\u00f6\u00f6 on oluline vahend ohutuks ja t\u00f5husaks t\u00f5stmiseks mitmesugustes t\u00f6\u00f6stuslikes rakendustes. Ostjad otsivad sageli kindlustunnet seoses koormuse turvalisuse, vastupidavuse ja t\u00f5steseadmete kasutusmugavusega. See rihm vastab nendele vajadustele, kuna selle tugev konstruktsioon on ette n\u00e4htud raskemate koormate usaldusv\u00e4\u00e4rseks k\u00e4itlemiseks. Kaubandusettev\u00f5ttena oleme uhked, et pakume erakordset v\u00e4\u00e4rtust t\u00e4nu individuaalsele klienditeenindusele, kiiretele tarnets\u00fcklitele ja p\u00f5hjalikele kvaliteedikontrolli aruannetele, mis tagavad, et iga toode vastab k\u00f5rgeimatele ohutus- ja toimimisstandarditele.<\/p>","protected":false},"featured_media":8197,"comment_status":"open","ping_status":"closed","template":"","meta":{"site-sidebar-layout":"default","site-content-layout":"","ast-site-content-layout":"default","site-content-style":"default","site-sidebar-style":"default","ast-global-header-display":"","ast-banner-title-visibility":"","ast-main-header-display":"","ast-hfb-above-header-display":"","ast-hfb-below-header-display":"","ast-hfb-mobile-header-display":"","site-post-title":"","ast-breadcrumbs-content":"","ast-featured-img":"","footer-sml-layout":"","theme-transparent-header-meta":"default","adv-header-id-meta":"","stick-header-meta":"default","header-above-stick-meta":"","header-main-stick-meta":"","header-below-stick-meta":"","astra-migrate-meta-layouts":"set","ast-page-background-enabled":"default","ast-page-background-meta":{"desktop":{"background-color":"","background-image":"","background-repeat":"repeat","background-position":"center center","background-size":"auto","background-attachment":"scroll","background-type":"","background-media":"","overlay-type":"","overlay-color":"","overlay-opacity":"","overlay-gradient":""},"tablet":{"background-color":"","background-image":"","background-repeat":"repeat","background-position":"center center","background-size":"auto","background-attachment":"scroll","background-type":"","background-media":"","overlay-type":"","overlay-color":"","overlay-opacity":"","overlay-gradient":""},"mobile":{"background-color":"","background-image":"","background-repeat":"repeat","background-position":"center center","background-size":"auto","background-attachment":"scroll","background-type":"","background-media":"","overlay-type":"","overlay-color":"","overlay-opacity":"","overlay-gradient":""}},"ast-content-background-meta":{"desktop":{"background-color":"var(--ast-global-color-5)","background-image":"","background-repeat":"repeat","background-position":"center center","background-size":"auto","background-attachment":"scroll","background-type":"","background-media":"","overlay-type":"","overlay-color":"","overlay-opacity":"","overlay-gradient":""},"tablet":{"background-color":"var(--ast-global-color-5)","background-image":"","background-repeat":"repeat","background-position":"center center","background-size":"auto","background-attachment":"scroll","background-type":"","background-media":"","overlay-type":"","overlay-color":"","overlay-opacity":"","overlay-gradient":""},"mobile":{"background-color":"var(--ast-global-color-5)","background-image":"","background-repeat":"repeat","background-position":"center center","background-size":"auto","background-attachment":"scroll","background-type":"","background-media":"","overlay-type":"","overlay-color":"","overlay-opacity":"","overlay-gradient":""}}},"product_brand":[],"product_cat":[39],"product_tag":[],"class_list":{"0":"post-8280","1":"product","2":"type-product","3":"status-publish","4":"has-post-thumbnail","6":"product_cat-webbing-sling","7":"desktop-align-left","8":"tablet-align-left","9":"mobile-align-left","10":"ast-product-gallery-layout-horizontal-slider","11":"ast-product-gallery-with-no-image","12":"ast-product-tabs-layout-horizontal","14":"first","15":"instock","16":"shipping-taxable","17":"purchasable","18":"product-type-simple"},"yoast_head":"<!-- This site is optimized with the Yoast SEO plugin v25.2 - https:\/\/yoast.com\/wordpress\/plugins\/seo\/ -->\n<title>Flat Webbing Sling 3 Ton Polyester Double Duplex<\/title>\n<meta name=\"robots\" content=\"index, follow, max-snippet:-1, max-image-preview:large, max-video-preview:-1\" \/>\n<link rel=\"canonical\" href=\"https:\/\/qingdaohf.com\/et\/toode\/rihma-rihma-3-tonni\/\" \/>\n<meta property=\"og:locale\" content=\"et_EE\" \/>\n<meta property=\"og:type\" content=\"article\" \/>\n<meta property=\"og:title\" content=\"Flat Webbing Sling 3 Ton Polyester Double Duplex\" \/>\n<meta property=\"og:description\" content=\"The 3-ton webbing sling offered by Qingdao H&amp;F is an essential tool for safe and effective lifting in a variety of industrial applications. Buyers often seek assurance regarding load security, durability, and the ease of use of lifting equipment. This sling meets those needs, boasting a strong construction designed for handling heavier loads with reliability. As a trading company, we pride ourselves on delivering exceptional value through one-on-one customer service, rapid delivery cycles, and comprehensive quality inspection reports, ensuring that each product is up to the highest standards of safety and performance.\" \/>\n<meta property=\"og:url\" content=\"https:\/\/qingdaohf.com\/et\/toode\/rihma-rihma-3-tonni\/\" \/>\n<meta property=\"og:site_name\" content=\"Concrete Form &amp; Rigging Hardware Supplier\" \/>\n<meta property=\"article:publisher\" content=\"https:\/\/www.facebook.com\/qingdaohf\" \/>\n<meta property=\"article:modified_time\" content=\"2025-11-13T01:02:53+00:00\" \/>\n<meta property=\"og:image\" content=\"https:\/\/qingdaohf.com\/wp-content\/uploads\/2024\/10\/3-ton-webbing-sling_1.webp\" \/>\n\t<meta property=\"og:image:width\" content=\"1000\" \/>\n\t<meta property=\"og:image:height\" content=\"1000\" \/>\n\t<meta property=\"og:image:type\" content=\"image\/webp\" \/>\n<meta name=\"twitter:card\" content=\"summary_large_image\" \/>\n<meta name=\"twitter:label1\" content=\"Est. reading time\" \/>\n\t<meta name=\"twitter:data1\" content=\"5 minutit\" \/>\n<script type=\"application\/ld+json\" class=\"yoast-schema-graph\">{\"@context\":\"https:\/\/schema.org\",\"@graph\":[{\"@type\":\"WebPage\",\"@id\":\"https:\/\/qingdaohf.com\/product\/webbing-sling-3-ton\/\",\"url\":\"https:\/\/qingdaohf.com\/product\/webbing-sling-3-ton\/\",\"name\":\"Flat Webbing Sling 3 Ton Polyester Double Duplex\",\"isPartOf\":{\"@id\":\"https:\/\/qingdaohf.com\/bg\/#website\"},\"primaryImageOfPage\":{\"@id\":\"https:\/\/qingdaohf.com\/product\/webbing-sling-3-ton\/#primaryimage\"},\"image\":{\"@id\":\"https:\/\/qingdaohf.com\/product\/webbing-sling-3-ton\/#primaryimage\"},\"thumbnailUrl\":\"https:\/\/qingdaohf.com\/wp-content\/uploads\/2024\/10\/3-ton-webbing-sling_1.webp\",\"datePublished\":\"2024-11-05T08:43:34+00:00\",\"dateModified\":\"2025-11-13T01:02:53+00:00\",\"breadcrumb\":{\"@id\":\"https:\/\/qingdaohf.com\/product\/webbing-sling-3-ton\/#breadcrumb\"},\"inLanguage\":\"et\",\"potentialAction\":[{\"@type\":\"ReadAction\",\"target\":[\"https:\/\/qingdaohf.com\/product\/webbing-sling-3-ton\/\"]}]},{\"@type\":\"ImageObject\",\"inLanguage\":\"et\",\"@id\":\"https:\/\/qingdaohf.com\/product\/webbing-sling-3-ton\/#primaryimage\",\"url\":\"https:\/\/qingdaohf.com\/wp-content\/uploads\/2024\/10\/3-ton-webbing-sling_1.webp\",\"contentUrl\":\"https:\/\/qingdaohf.com\/wp-content\/uploads\/2024\/10\/3-ton-webbing-sling_1.webp\",\"width\":1000,\"height\":1000,\"caption\":\"3 ton webbing sling_1\"},{\"@type\":\"BreadcrumbList\",\"@id\":\"https:\/\/qingdaohf.com\/product\/webbing-sling-3-ton\/#breadcrumb\",\"itemListElement\":[{\"@type\":\"ListItem\",\"position\":1,\"name\":\"Home\",\"item\":\"https:\/\/qingdaohf.com\/\"},{\"@type\":\"ListItem\",\"position\":2,\"name\":\"Concrete Forming Accessories and Rigging Hardware\",\"item\":\"https:\/\/qingdaohf.com\/bg\/?page_id=944\"},{\"@type\":\"ListItem\",\"position\":3,\"name\":\"Flat Webbing Sling 3 Ton Polyester Double Duplex\"}]},{\"@type\":\"WebSite\",\"@id\":\"https:\/\/qingdaohf.com\/bg\/#website\",\"url\":\"https:\/\/qingdaohf.com\/bg\/\",\"name\":\"Concrete Form & Rigging Hardware Supplier\",\"description\":\"\",\"publisher\":{\"@id\":\"https:\/\/qingdaohf.com\/bg\/#organization\"},\"potentialAction\":[{\"@type\":\"SearchAction\",\"target\":{\"@type\":\"EntryPoint\",\"urlTemplate\":\"https:\/\/qingdaohf.com\/bg\/?s={search_term_string}\"},\"query-input\":{\"@type\":\"PropertyValueSpecification\",\"valueRequired\":true,\"valueName\":\"search_term_string\"}}],\"inLanguage\":\"et\"},{\"@type\":\"Organization\",\"@id\":\"https:\/\/qingdaohf.com\/bg\/#organization\",\"name\":\"Qingdao H&F\",\"url\":\"https:\/\/qingdaohf.com\/bg\/\",\"logo\":{\"@type\":\"ImageObject\",\"inLanguage\":\"et\",\"@id\":\"https:\/\/qingdaohf.com\/bg\/#\/schema\/logo\/image\/\",\"url\":\"https:\/\/qingdaohf.com\/wp-content\/uploads\/2022\/12\/cropped-HF-LOGO.png\",\"contentUrl\":\"https:\/\/qingdaohf.com\/wp-content\/uploads\/2022\/12\/cropped-HF-LOGO.png\",\"width\":391,\"height\":249,\"caption\":\"Qingdao H&F\"},\"image\":{\"@id\":\"https:\/\/qingdaohf.com\/bg\/#\/schema\/logo\/image\/\"},\"sameAs\":[\"https:\/\/www.facebook.com\/qingdaohf\"]}]}<\/script>\n<!-- \/ Yoast SEO plugin. -->","yoast_head_json":{"title":"Flat Webbing Sling 3 Ton Polyester Double Duplex","robots":{"index":"index","follow":"follow","max-snippet":"max-snippet:-1","max-image-preview":"max-image-preview:large","max-video-preview":"max-video-preview:-1"},"canonical":"https:\/\/qingdaohf.com\/et\/toode\/rihma-rihma-3-tonni\/","og_locale":"et_EE","og_type":"article","og_title":"Flat Webbing Sling 3 Ton Polyester Double Duplex","og_description":"The 3-ton webbing sling offered by Qingdao H&amp;F is an essential tool for safe and effective lifting in a variety of industrial applications. Buyers often seek assurance regarding load security, durability, and the ease of use of lifting equipment. This sling meets those needs, boasting a strong construction designed for handling heavier loads with reliability. As a trading company, we pride ourselves on delivering exceptional value through one-on-one customer service, rapid delivery cycles, and comprehensive quality inspection reports, ensuring that each product is up to the highest standards of safety and performance.","og_url":"https:\/\/qingdaohf.com\/et\/toode\/rihma-rihma-3-tonni\/","og_site_name":"Concrete Form &amp; Rigging Hardware Supplier","article_publisher":"https:\/\/www.facebook.com\/qingdaohf","article_modified_time":"2025-11-13T01:02:53+00:00","og_image":[{"width":1000,"height":1000,"url":"https:\/\/qingdaohf.com\/wp-content\/uploads\/2024\/10\/3-ton-webbing-sling_1.webp","type":"image\/webp"}],"twitter_card":"summary_large_image","twitter_misc":{"Est. reading time":"5 minutit"},"schema":{"@context":"https:\/\/schema.org","@graph":[{"@type":"WebPage","@id":"https:\/\/qingdaohf.com\/product\/webbing-sling-3-ton\/","url":"https:\/\/qingdaohf.com\/product\/webbing-sling-3-ton\/","name":"Flat Webbing Sling 3 Ton Polyester Double Duplex","isPartOf":{"@id":"https:\/\/qingdaohf.com\/bg\/#website"},"primaryImageOfPage":{"@id":"https:\/\/qingdaohf.com\/product\/webbing-sling-3-ton\/#primaryimage"},"image":{"@id":"https:\/\/qingdaohf.com\/product\/webbing-sling-3-ton\/#primaryimage"},"thumbnailUrl":"https:\/\/qingdaohf.com\/wp-content\/uploads\/2024\/10\/3-ton-webbing-sling_1.webp","datePublished":"2024-11-05T08:43:34+00:00","dateModified":"2025-11-13T01:02:53+00:00","breadcrumb":{"@id":"https:\/\/qingdaohf.com\/product\/webbing-sling-3-ton\/#breadcrumb"},"inLanguage":"et","potentialAction":[{"@type":"ReadAction","target":["https:\/\/qingdaohf.com\/product\/webbing-sling-3-ton\/"]}]},{"@type":"ImageObject","inLanguage":"et","@id":"https:\/\/qingdaohf.com\/product\/webbing-sling-3-ton\/#primaryimage","url":"https:\/\/qingdaohf.com\/wp-content\/uploads\/2024\/10\/3-ton-webbing-sling_1.webp","contentUrl":"https:\/\/qingdaohf.com\/wp-content\/uploads\/2024\/10\/3-ton-webbing-sling_1.webp","width":1000,"height":1000,"caption":"3 ton webbing sling_1"},{"@type":"BreadcrumbList","@id":"https:\/\/qingdaohf.com\/product\/webbing-sling-3-ton\/#breadcrumb","itemListElement":[{"@type":"ListItem","position":1,"name":"Home","item":"https:\/\/qingdaohf.com\/"},{"@type":"ListItem","position":2,"name":"Concrete Forming Accessories and Rigging Hardware","item":"https:\/\/qingdaohf.com\/bg\/?page_id=944"},{"@type":"ListItem","position":3,"name":"Flat Webbing Sling 3 Ton Polyester Double Duplex"}]},{"@type":"WebSite","@id":"https:\/\/qingdaohf.com\/bg\/#website","url":"https:\/\/qingdaohf.com\/bg\/","name":"Concrete Form & Rigging Hardware Supplier","description":"","publisher":{"@id":"https:\/\/qingdaohf.com\/bg\/#organization"},"potentialAction":[{"@type":"SearchAction","target":{"@type":"EntryPoint","urlTemplate":"https:\/\/qingdaohf.com\/bg\/?s={search_term_string}"},"query-input":{"@type":"PropertyValueSpecification","valueRequired":true,"valueName":"search_term_string"}}],"inLanguage":"et"},{"@type":"Organization","@id":"https:\/\/qingdaohf.com\/bg\/#organization","name":"Qingdao H&F","url":"https:\/\/qingdaohf.com\/bg\/","logo":{"@type":"ImageObject","inLanguage":"et","@id":"https:\/\/qingdaohf.com\/bg\/#\/schema\/logo\/image\/","url":"https:\/\/qingdaohf.com\/wp-content\/uploads\/2022\/12\/cropped-HF-LOGO.png","contentUrl":"https:\/\/qingdaohf.com\/wp-content\/uploads\/2022\/12\/cropped-HF-LOGO.png","width":391,"height":249,"caption":"Qingdao H&F"},"image":{"@id":"https:\/\/qingdaohf.com\/bg\/#\/schema\/logo\/image\/"},"sameAs":["https:\/\/www.facebook.com\/qingdaohf"]}]}},"_links":{"self":[{"href":"https:\/\/qingdaohf.com\/et\/wp-json\/wp\/v2\/product\/8280","targetHints":{"allow":["GET"]}}],"collection":[{"href":"https:\/\/qingdaohf.com\/et\/wp-json\/wp\/v2\/product"}],"about":[{"href":"https:\/\/qingdaohf.com\/et\/wp-json\/wp\/v2\/types\/product"}],"replies":[{"embeddable":true,"href":"https:\/\/qingdaohf.com\/et\/wp-json\/wp\/v2\/comments?post=8280"}],"version-history":[{"count":2,"href":"https:\/\/qingdaohf.com\/et\/wp-json\/wp\/v2\/product\/8280\/revisions"}],"predecessor-version":[{"id":8338,"href":"https:\/\/qingdaohf.com\/et\/wp-json\/wp\/v2\/product\/8280\/revisions\/8338"}],"wp:featuredmedia":[{"embeddable":true,"href":"https:\/\/qingdaohf.com\/et\/wp-json\/wp\/v2\/media\/8197"}],"wp:attachment":[{"href":"https:\/\/qingdaohf.com\/et\/wp-json\/wp\/v2\/media?parent=8280"}],"wp:term":[{"taxonomy":"product_brand","embeddable":true,"href":"https:\/\/qingdaohf.com\/et\/wp-json\/wp\/v2\/product_brand?post=8280"},{"taxonomy":"product_cat","embeddable":true,"href":"https:\/\/qingdaohf.com\/et\/wp-json\/wp\/v2\/product_cat?post=8280"},{"taxonomy":"product_tag","embeddable":true,"href":"https:\/\/qingdaohf.com\/et\/wp-json\/wp\/v2\/product_tag?post=8280"}],"curies":[{"name":"wp","href":"https:\/\/api.w.org\/{rel}","templated":true}]}}