{"id":8285,"date":"2024-11-05T17:54:41","date_gmt":"2024-11-05T09:54:41","guid":{"rendered":"http:\/\/qingdaohf.com\/?post_type=product&#038;p=8285"},"modified":"2025-11-13T09:02:53","modified_gmt":"2025-11-13T01:02:53","slug":"webbing-sling-5-ton","status":"publish","type":"product","link":"https:\/\/qingdaohf.com\/et\/toode\/rihma-rihma-5-tonni\/","title":{"rendered":"Flat Webbing Sling 5 tonni pol\u00fcestrist Double Duplex"},"content":{"rendered":"<h4>5-tonnise rihmarihma olulised omadused: Vastupidavus, ohutus ja j\u00f5udlus<\/h4>\n<p>Qingdao H&amp;F-i 5-tonnine rihmarihm on m\u00f5eldud n\u00f5udlike t\u00f5stmisrakenduste jaoks, kus tugevus ja ohutus on esmat\u00e4htsad prioriteedid. See k\u00f5rgekvaliteedilisest pol\u00fcestrist valmistatud rihm pakub erakordset vastupidavust kulumisele, UV-kiirgusele ja kulumisele, muutes selle vastupidavaks lahenduseks korduvatele rasketele t\u00f5stmis\u00fclesannetele. 5-tonnine kandev\u00f5ime pakub paindlikkust erinevates t\u00f6\u00f6stusharudes, alates ehitusest ja logistikast kuni laevanduse ja tootmiseni, kus usaldusv\u00e4\u00e4rsus on \u00fclioluline.<\/p>\n<p>Ostjad, kes on mures toodete vastupidavuse p\u00e4rast, leiavad kindlustunnet Qingdao H&amp;F p\u00fchendumisest kvaliteedile. Iga 5-tonnine rihmarihm l\u00e4bib p\u00f5hjaliku kvaliteedikontrolli, mille k\u00e4igus saadetakse kaasasolevad kontrolliaruanded, mis t\u00f5endavad, et toode vastab t\u00f6\u00f6stusstandarditele. Rihma konstruktsioon toetab koormuse stabiilsust ja takistab nihkumist, v\u00e4hendades \u00f5nnetuste t\u00f5en\u00e4osust t\u00f5stet\u00f6\u00f6de ajal. Lisaks sellele tagab Qingdao H&amp;F kiire tarne ja klienditeenindus, et ostjad saavad kiiret abi ja saavad viivitusteta hankida usaldusv\u00e4\u00e4rseid seadmeid, mis h\u00f5lbustab sujuvat t\u00f6\u00f6d ja v\u00e4hendab seisakuid.<\/p>\n<h4>T\u00f6\u00f6stuse n\u00f5udmiste t\u00e4itmine t\u00e4nu t\u00f6\u00f6kindlatele turvaelementidele<\/h4>\n<p>T\u00f5steseadmete valimisel on ohutus oluline. Qingdao H&amp;F 5-tonnise rihmarihma konstruktsioonis on ohutuse prioriteediks materjali valik, konstruktsioon ja koormusjaotusmehhanismid. Kasutades laia, paindlikku rihmastruktuuri, jaotab see rihm raskuse laiemale pinnale, v\u00e4ltides survekohti, mis v\u00f5ivad kahjustada nii koormat kui ka rihma ennast. See omadus suurendab stabiilsust t\u00f5stmise ajal, v\u00e4hendades koormuse \u00e4kilise nihkumise ohtu ja tagades kontrollitud ja turvalise t\u00f5stmise.<\/p>\n<p>T\u00f6\u00f6stuste jaoks, mis n\u00f5uavad ranget ohutusn\u00f5uet, on Qingdao H&amp;F 5-tonnine rihmav\u00f6\u00f6 rihma valmistatud vastavalt rahvusvahelistele t\u00f5stmise standarditele. See tagab, et rihm peab vastu n\u00f5udlikele tingimustele, olenemata sellest, kas seda kasutatakse karmidel ehitusplatsidel, h\u00f5ivatud logistikakeskustes v\u00f5i t\u00f6\u00f6stuslikes ladudes. Materjalide ja konstruktsiooni valikul on r\u00f5hutatud vastupidavust, ilma et see kahjustaks k\u00e4sitsemise lihtsust, mis v\u00f5imaldab operaatoritel t\u00f6\u00f6tada kindlalt ja t\u00f5husalt. Kuna ohutus on esiplaanil, on see rihmarihmav\u00f6\u00f6 usaldusv\u00e4\u00e4rne lahendus k\u00f5rgetasemeliste t\u00f5stmis\u00fclesannete jaoks.<\/p>\n<h4>Qingdao H&amp;F: usaldusv\u00e4\u00e4rse teenuse ja kvaliteedi tagamine<\/h4>\n<p>Qingdao H&amp;F maine B2B kaubandusettev\u00f5ttena p\u00f5hineb 20-aastasel kogemusel ettev\u00f5tete praktilistele vajadustele vastavate t\u00f6\u00f6stuslike t\u00f5stelahenduste pakkumisel. Iga 5-tonnise rihma rihmaga on kaasas \u00fcksikasjalikud kvaliteedikontrolli aruanded, mis r\u00f5hutavad Qingdao H&amp;F p\u00fchendumust l\u00e4bipaistvusele ja toote terviklikkusele. Need aruanded v\u00f5imaldavad ostjatel tutvuda toote katsetulemustega, tagades vastavuse ohutus- ja toimivusnormidele. Qingdao H&amp;F annab ostjatele kontrollitava dokumentatsiooni esitamisega kindlustunde oma ostu suhtes, suurendades usaldust ja usaldusv\u00e4\u00e4rsust.<\/p>\n<p>Lisaks kvaliteetsetele toodetele paneb Qingdao H&amp;F suurt r\u00f5hku kliendikogemusele. \u00dcks-\u00fchele teenindusmudel v\u00f5imaldab klientidel t\u00f6\u00f6tada otse asjatundlike esindajatega, kes m\u00f5istavad nende unikaalseid n\u00f5udeid, pakkudes kohandatud n\u00f5uandeid parimate rihmav\u00f5imaluste kohta. Selline teeninduslik l\u00e4henemine koos kiire ja t\u00f5husa tarnets\u00fckliga n\u00e4itab Qingdao H&amp;F p\u00fchendumist klientide toetamisele ostuprotsessi igas etapis. Ostjad saavad ratsionaalset kogemust, mis v\u00e4hendab ooteaega ja maksimeerib oluliste seadmete k\u00e4ttesaadavust, v\u00f5imaldades ettev\u00f5tetel s\u00e4ilitada tegevuse t\u00f5husust.<\/p>\n<p>Qingdao H&amp;F on t\u00e4nu suure j\u00f5udlusega rihmarihmade, p\u00f5hjaliku kvaliteedikontrolli ja t\u00e4helepaneliku teeninduse kombinatsioonile j\u00e4tkuvalt usaldusv\u00e4\u00e4rne tarnija t\u00f6\u00f6stuslikul t\u00f5steturul. 5-tonnine rihmarihmav\u00f6\u00f6 n\u00e4itab seda p\u00fchendumust, pakkudes tugevat ja usaldusv\u00e4\u00e4rset lahendust, mis vastab t\u00e4nap\u00e4eva t\u00f6\u00f6stuskeskkonna rangetele n\u00f5udmistele.<\/p>","protected":false},"excerpt":{"rendered":"<p>5-tonnine rihmarihm \u00fchendab endas suure tugevuse ja vastupidavuse, et t\u00f5sta ohutult raskeid koormusi, lahendades ostjate mured seoses vastupidavuse, ohutuse ja t\u00f5hususega. See rangete standardite kohaselt valmistatud rihmarihmaga rihm kandab usaldusv\u00e4\u00e4rselt kuni 5 tonni, s\u00e4ilitades samal ajal paindlikkuse, mis tagab kasutusmugavuse. Qingdao H&amp;F on 20-aastase kogemusega v\u00e4ljakujunenud kaubandusettev\u00f5te, mis tagab, et ostjad saavad kasu individuaalsest klienditeenindusest, kiirest tarneperioodist ja \u00fcksikasjalikest kvaliteedikontrolli aruannetest. Selline l\u00e4henemine r\u00f5hutab meie p\u00fchendumust kvaliteedile, \u00f5igeaegsele tarnimisele ja igak\u00fclgsele toetusele, pakkudes sujuvat ostukogemust.<\/p>","protected":false},"featured_media":8191,"comment_status":"open","ping_status":"closed","template":"","meta":{"site-sidebar-layout":"default","site-content-layout":"","ast-site-content-layout":"default","site-content-style":"default","site-sidebar-style":"default","ast-global-header-display":"","ast-banner-title-visibility":"","ast-main-header-display":"","ast-hfb-above-header-display":"","ast-hfb-below-header-display":"","ast-hfb-mobile-header-display":"","site-post-title":"","ast-breadcrumbs-content":"","ast-featured-img":"","footer-sml-layout":"","theme-transparent-header-meta":"default","adv-header-id-meta":"","stick-header-meta":"default","header-above-stick-meta":"","header-main-stick-meta":"","header-below-stick-meta":"","astra-migrate-meta-layouts":"set","ast-page-background-enabled":"default","ast-page-background-meta":{"desktop":{"background-color":"","background-image":"","background-repeat":"repeat","background-position":"center center","background-size":"auto","background-attachment":"scroll","background-type":"","background-media":"","overlay-type":"","overlay-color":"","overlay-opacity":"","overlay-gradient":""},"tablet":{"background-color":"","background-image":"","background-repeat":"repeat","background-position":"center center","background-size":"auto","background-attachment":"scroll","background-type":"","background-media":"","overlay-type":"","overlay-color":"","overlay-opacity":"","overlay-gradient":""},"mobile":{"background-color":"","background-image":"","background-repeat":"repeat","background-position":"center center","background-size":"auto","background-attachment":"scroll","background-type":"","background-media":"","overlay-type":"","overlay-color":"","overlay-opacity":"","overlay-gradient":""}},"ast-content-background-meta":{"desktop":{"background-color":"var(--ast-global-color-5)","background-image":"","background-repeat":"repeat","background-position":"center center","background-size":"auto","background-attachment":"scroll","background-type":"","background-media":"","overlay-type":"","overlay-color":"","overlay-opacity":"","overlay-gradient":""},"tablet":{"background-color":"var(--ast-global-color-5)","background-image":"","background-repeat":"repeat","background-position":"center center","background-size":"auto","background-attachment":"scroll","background-type":"","background-media":"","overlay-type":"","overlay-color":"","overlay-opacity":"","overlay-gradient":""},"mobile":{"background-color":"var(--ast-global-color-5)","background-image":"","background-repeat":"repeat","background-position":"center center","background-size":"auto","background-attachment":"scroll","background-type":"","background-media":"","overlay-type":"","overlay-color":"","overlay-opacity":"","overlay-gradient":""}}},"product_brand":[],"product_cat":[39],"product_tag":[],"class_list":{"0":"post-8285","1":"product","2":"type-product","3":"status-publish","4":"has-post-thumbnail","6":"product_cat-webbing-sling","7":"desktop-align-left","8":"tablet-align-left","9":"mobile-align-left","10":"ast-product-gallery-layout-horizontal-slider","11":"ast-product-gallery-with-no-image","12":"ast-product-tabs-layout-horizontal","14":"first","15":"instock","16":"shipping-taxable","17":"purchasable","18":"product-type-simple"},"yoast_head":"<!-- This site is optimized with the Yoast SEO plugin v25.2 - https:\/\/yoast.com\/wordpress\/plugins\/seo\/ -->\n<title>Flat Webbing Sling 5 Ton Polyester Double Duplex<\/title>\n<meta name=\"robots\" content=\"index, follow, max-snippet:-1, max-image-preview:large, max-video-preview:-1\" \/>\n<link rel=\"canonical\" href=\"https:\/\/qingdaohf.com\/et\/toode\/rihma-rihma-5-tonni\/\" \/>\n<meta property=\"og:locale\" content=\"et_EE\" \/>\n<meta property=\"og:type\" content=\"article\" \/>\n<meta property=\"og:title\" content=\"Flat Webbing Sling 5 Ton Polyester Double Duplex\" \/>\n<meta property=\"og:description\" content=\"5-Ton Webbing Sling combines high strength and resilience to safely lift heavy loads, addressing buyers&#039; concerns about durability, safety, and efficiency. Manufactured to rigorous standards, this webbing sling reliably handles up to 5 tons while maintaining flexibility for ease of use. As an established trading company with 20 years of experience, Qingdao H&amp;F ensures that buyers benefit from one-on-one customer service, a fast delivery cycle, and detailed quality inspection reports. This approach emphasizes our commitment to quality, timely delivery, and comprehensive support, providing a seamless purchasing experience.\" \/>\n<meta property=\"og:url\" content=\"https:\/\/qingdaohf.com\/et\/toode\/rihma-rihma-5-tonni\/\" \/>\n<meta property=\"og:site_name\" content=\"Concrete Form &amp; Rigging Hardware Supplier\" \/>\n<meta property=\"article:publisher\" content=\"https:\/\/www.facebook.com\/qingdaohf\" \/>\n<meta property=\"article:modified_time\" content=\"2025-11-13T01:02:53+00:00\" \/>\n<meta property=\"og:image\" content=\"https:\/\/qingdaohf.com\/wp-content\/uploads\/2024\/10\/Heavy-Duty-5-ton-webbing-sling_1.webp\" \/>\n\t<meta property=\"og:image:width\" content=\"1000\" \/>\n\t<meta property=\"og:image:height\" content=\"1000\" \/>\n\t<meta property=\"og:image:type\" content=\"image\/webp\" \/>\n<meta name=\"twitter:card\" content=\"summary_large_image\" \/>\n<meta name=\"twitter:label1\" content=\"Est. reading time\" \/>\n\t<meta name=\"twitter:data1\" content=\"3 minutit\" \/>\n<script type=\"application\/ld+json\" class=\"yoast-schema-graph\">{\"@context\":\"https:\/\/schema.org\",\"@graph\":[{\"@type\":\"WebPage\",\"@id\":\"https:\/\/qingdaohf.com\/product\/webbing-sling-5-ton\/\",\"url\":\"https:\/\/qingdaohf.com\/product\/webbing-sling-5-ton\/\",\"name\":\"Flat Webbing Sling 5 Ton Polyester Double Duplex\",\"isPartOf\":{\"@id\":\"https:\/\/qingdaohf.com\/bg\/#website\"},\"primaryImageOfPage\":{\"@id\":\"https:\/\/qingdaohf.com\/product\/webbing-sling-5-ton\/#primaryimage\"},\"image\":{\"@id\":\"https:\/\/qingdaohf.com\/product\/webbing-sling-5-ton\/#primaryimage\"},\"thumbnailUrl\":\"https:\/\/qingdaohf.com\/wp-content\/uploads\/2024\/10\/Heavy-Duty-5-ton-webbing-sling_1.webp\",\"datePublished\":\"2024-11-05T09:54:41+00:00\",\"dateModified\":\"2025-11-13T01:02:53+00:00\",\"breadcrumb\":{\"@id\":\"https:\/\/qingdaohf.com\/product\/webbing-sling-5-ton\/#breadcrumb\"},\"inLanguage\":\"et\",\"potentialAction\":[{\"@type\":\"ReadAction\",\"target\":[\"https:\/\/qingdaohf.com\/product\/webbing-sling-5-ton\/\"]}]},{\"@type\":\"ImageObject\",\"inLanguage\":\"et\",\"@id\":\"https:\/\/qingdaohf.com\/product\/webbing-sling-5-ton\/#primaryimage\",\"url\":\"https:\/\/qingdaohf.com\/wp-content\/uploads\/2024\/10\/Heavy-Duty-5-ton-webbing-sling_1.webp\",\"contentUrl\":\"https:\/\/qingdaohf.com\/wp-content\/uploads\/2024\/10\/Heavy-Duty-5-ton-webbing-sling_1.webp\",\"width\":1000,\"height\":1000,\"caption\":\"webbing sling 5 ton\"},{\"@type\":\"BreadcrumbList\",\"@id\":\"https:\/\/qingdaohf.com\/product\/webbing-sling-5-ton\/#breadcrumb\",\"itemListElement\":[{\"@type\":\"ListItem\",\"position\":1,\"name\":\"Home\",\"item\":\"https:\/\/qingdaohf.com\/\"},{\"@type\":\"ListItem\",\"position\":2,\"name\":\"Concrete Forming Accessories and Rigging Hardware\",\"item\":\"https:\/\/qingdaohf.com\/bg\/?page_id=944\"},{\"@type\":\"ListItem\",\"position\":3,\"name\":\"Flat Webbing Sling 5 Ton Polyester Double Duplex\"}]},{\"@type\":\"WebSite\",\"@id\":\"https:\/\/qingdaohf.com\/bg\/#website\",\"url\":\"https:\/\/qingdaohf.com\/bg\/\",\"name\":\"Concrete Form & Rigging Hardware Supplier\",\"description\":\"\",\"publisher\":{\"@id\":\"https:\/\/qingdaohf.com\/bg\/#organization\"},\"potentialAction\":[{\"@type\":\"SearchAction\",\"target\":{\"@type\":\"EntryPoint\",\"urlTemplate\":\"https:\/\/qingdaohf.com\/bg\/?s={search_term_string}\"},\"query-input\":{\"@type\":\"PropertyValueSpecification\",\"valueRequired\":true,\"valueName\":\"search_term_string\"}}],\"inLanguage\":\"et\"},{\"@type\":\"Organization\",\"@id\":\"https:\/\/qingdaohf.com\/bg\/#organization\",\"name\":\"Qingdao H&F\",\"url\":\"https:\/\/qingdaohf.com\/bg\/\",\"logo\":{\"@type\":\"ImageObject\",\"inLanguage\":\"et\",\"@id\":\"https:\/\/qingdaohf.com\/bg\/#\/schema\/logo\/image\/\",\"url\":\"https:\/\/qingdaohf.com\/wp-content\/uploads\/2022\/12\/cropped-HF-LOGO.png\",\"contentUrl\":\"https:\/\/qingdaohf.com\/wp-content\/uploads\/2022\/12\/cropped-HF-LOGO.png\",\"width\":391,\"height\":249,\"caption\":\"Qingdao H&F\"},\"image\":{\"@id\":\"https:\/\/qingdaohf.com\/bg\/#\/schema\/logo\/image\/\"},\"sameAs\":[\"https:\/\/www.facebook.com\/qingdaohf\"]}]}<\/script>\n<!-- \/ Yoast SEO plugin. -->","yoast_head_json":{"title":"Flat Webbing Sling 5 Ton Polyester Double Duplex","robots":{"index":"index","follow":"follow","max-snippet":"max-snippet:-1","max-image-preview":"max-image-preview:large","max-video-preview":"max-video-preview:-1"},"canonical":"https:\/\/qingdaohf.com\/et\/toode\/rihma-rihma-5-tonni\/","og_locale":"et_EE","og_type":"article","og_title":"Flat Webbing Sling 5 Ton Polyester Double Duplex","og_description":"5-Ton Webbing Sling combines high strength and resilience to safely lift heavy loads, addressing buyers' concerns about durability, safety, and efficiency. Manufactured to rigorous standards, this webbing sling reliably handles up to 5 tons while maintaining flexibility for ease of use. As an established trading company with 20 years of experience, Qingdao H&amp;F ensures that buyers benefit from one-on-one customer service, a fast delivery cycle, and detailed quality inspection reports. This approach emphasizes our commitment to quality, timely delivery, and comprehensive support, providing a seamless purchasing experience.","og_url":"https:\/\/qingdaohf.com\/et\/toode\/rihma-rihma-5-tonni\/","og_site_name":"Concrete Form &amp; Rigging Hardware Supplier","article_publisher":"https:\/\/www.facebook.com\/qingdaohf","article_modified_time":"2025-11-13T01:02:53+00:00","og_image":[{"width":1000,"height":1000,"url":"https:\/\/qingdaohf.com\/wp-content\/uploads\/2024\/10\/Heavy-Duty-5-ton-webbing-sling_1.webp","type":"image\/webp"}],"twitter_card":"summary_large_image","twitter_misc":{"Est. reading time":"3 minutit"},"schema":{"@context":"https:\/\/schema.org","@graph":[{"@type":"WebPage","@id":"https:\/\/qingdaohf.com\/product\/webbing-sling-5-ton\/","url":"https:\/\/qingdaohf.com\/product\/webbing-sling-5-ton\/","name":"Flat Webbing Sling 5 Ton Polyester Double Duplex","isPartOf":{"@id":"https:\/\/qingdaohf.com\/bg\/#website"},"primaryImageOfPage":{"@id":"https:\/\/qingdaohf.com\/product\/webbing-sling-5-ton\/#primaryimage"},"image":{"@id":"https:\/\/qingdaohf.com\/product\/webbing-sling-5-ton\/#primaryimage"},"thumbnailUrl":"https:\/\/qingdaohf.com\/wp-content\/uploads\/2024\/10\/Heavy-Duty-5-ton-webbing-sling_1.webp","datePublished":"2024-11-05T09:54:41+00:00","dateModified":"2025-11-13T01:02:53+00:00","breadcrumb":{"@id":"https:\/\/qingdaohf.com\/product\/webbing-sling-5-ton\/#breadcrumb"},"inLanguage":"et","potentialAction":[{"@type":"ReadAction","target":["https:\/\/qingdaohf.com\/product\/webbing-sling-5-ton\/"]}]},{"@type":"ImageObject","inLanguage":"et","@id":"https:\/\/qingdaohf.com\/product\/webbing-sling-5-ton\/#primaryimage","url":"https:\/\/qingdaohf.com\/wp-content\/uploads\/2024\/10\/Heavy-Duty-5-ton-webbing-sling_1.webp","contentUrl":"https:\/\/qingdaohf.com\/wp-content\/uploads\/2024\/10\/Heavy-Duty-5-ton-webbing-sling_1.webp","width":1000,"height":1000,"caption":"webbing sling 5 ton"},{"@type":"BreadcrumbList","@id":"https:\/\/qingdaohf.com\/product\/webbing-sling-5-ton\/#breadcrumb","itemListElement":[{"@type":"ListItem","position":1,"name":"Home","item":"https:\/\/qingdaohf.com\/"},{"@type":"ListItem","position":2,"name":"Concrete Forming Accessories and Rigging Hardware","item":"https:\/\/qingdaohf.com\/bg\/?page_id=944"},{"@type":"ListItem","position":3,"name":"Flat Webbing Sling 5 Ton Polyester Double Duplex"}]},{"@type":"WebSite","@id":"https:\/\/qingdaohf.com\/bg\/#website","url":"https:\/\/qingdaohf.com\/bg\/","name":"Concrete Form & Rigging Hardware Supplier","description":"","publisher":{"@id":"https:\/\/qingdaohf.com\/bg\/#organization"},"potentialAction":[{"@type":"SearchAction","target":{"@type":"EntryPoint","urlTemplate":"https:\/\/qingdaohf.com\/bg\/?s={search_term_string}"},"query-input":{"@type":"PropertyValueSpecification","valueRequired":true,"valueName":"search_term_string"}}],"inLanguage":"et"},{"@type":"Organization","@id":"https:\/\/qingdaohf.com\/bg\/#organization","name":"Qingdao H&F","url":"https:\/\/qingdaohf.com\/bg\/","logo":{"@type":"ImageObject","inLanguage":"et","@id":"https:\/\/qingdaohf.com\/bg\/#\/schema\/logo\/image\/","url":"https:\/\/qingdaohf.com\/wp-content\/uploads\/2022\/12\/cropped-HF-LOGO.png","contentUrl":"https:\/\/qingdaohf.com\/wp-content\/uploads\/2022\/12\/cropped-HF-LOGO.png","width":391,"height":249,"caption":"Qingdao H&F"},"image":{"@id":"https:\/\/qingdaohf.com\/bg\/#\/schema\/logo\/image\/"},"sameAs":["https:\/\/www.facebook.com\/qingdaohf"]}]}},"_links":{"self":[{"href":"https:\/\/qingdaohf.com\/et\/wp-json\/wp\/v2\/product\/8285","targetHints":{"allow":["GET"]}}],"collection":[{"href":"https:\/\/qingdaohf.com\/et\/wp-json\/wp\/v2\/product"}],"about":[{"href":"https:\/\/qingdaohf.com\/et\/wp-json\/wp\/v2\/types\/product"}],"replies":[{"embeddable":true,"href":"https:\/\/qingdaohf.com\/et\/wp-json\/wp\/v2\/comments?post=8285"}],"version-history":[{"count":2,"href":"https:\/\/qingdaohf.com\/et\/wp-json\/wp\/v2\/product\/8285\/revisions"}],"predecessor-version":[{"id":8336,"href":"https:\/\/qingdaohf.com\/et\/wp-json\/wp\/v2\/product\/8285\/revisions\/8336"}],"wp:featuredmedia":[{"embeddable":true,"href":"https:\/\/qingdaohf.com\/et\/wp-json\/wp\/v2\/media\/8191"}],"wp:attachment":[{"href":"https:\/\/qingdaohf.com\/et\/wp-json\/wp\/v2\/media?parent=8285"}],"wp:term":[{"taxonomy":"product_brand","embeddable":true,"href":"https:\/\/qingdaohf.com\/et\/wp-json\/wp\/v2\/product_brand?post=8285"},{"taxonomy":"product_cat","embeddable":true,"href":"https:\/\/qingdaohf.com\/et\/wp-json\/wp\/v2\/product_cat?post=8285"},{"taxonomy":"product_tag","embeddable":true,"href":"https:\/\/qingdaohf.com\/et\/wp-json\/wp\/v2\/product_tag?post=8285"}],"curies":[{"name":"wp","href":"https:\/\/api.w.org\/{rel}","templated":true}]}}