{"id":8289,"date":"2024-11-05T17:58:14","date_gmt":"2024-11-05T09:58:14","guid":{"rendered":"http:\/\/qingdaohf.com\/?post_type=product&#038;p=8289"},"modified":"2025-11-13T09:02:52","modified_gmt":"2025-11-13T01:02:52","slug":"webbing-sling-8-ton","status":"publish","type":"product","link":"https:\/\/qingdaohf.com\/et\/toode\/rihma-rihma-8-tonni\/","title":{"rendered":"Flat Webbing Sling 8 Ton Polyester Double Duplex"},"content":{"rendered":"<h4>Tugevus ja vastupidavus: 8-tonnise rihmav\u00f6\u00f6 p\u00f5hijooned<\/h4>\n<p>Qingdao H&amp;F 8-tonnine rihmarihm on m\u00f5eldud t\u00f6\u00f6stusharudele, kus on olulised turvalised ja usaldusv\u00e4\u00e4rsed t\u00f5stelahendused. See k\u00f5rgekvaliteedilisest pol\u00fcestrist valmistatud rihm pakub tugevat tugevust, mis v\u00f5imaldab taluda kuni 8-tonniseid koormusi, ilma et see kahjustaks j\u00f5udlust. Selle vastupidav konstruktsioon tagab pika kasutusaja isegi sagedase kasutamise korral keerulistes tingimustes, mist\u00f5ttu on see v\u00e4\u00e4rtuslik vahend sellistes t\u00f6\u00f6stusharudes nagu ehitus, logistika ja tootmine.<\/p>\n<p>Iga 8-tonnine rihm l\u00e4bib hoolika kvaliteedikontrolli, et kinnitada selle kandev\u00f5imet ja vastavust ohutusn\u00f5uetele. Qingdao H&amp;F esitab \u00fcksikasjalikud kvaliteedikontrolli aruanded, mis v\u00f5imaldavad ostjatel vaadata toote ohutus- ja toimivusandmeid. Qingdao H&amp;F on tuntud usaldusv\u00e4\u00e4rsuse ja l\u00e4bipaistvuse poolest ning on p\u00fchendunud selliste seadmete tarnimisele, mis toetavad t\u00e4nap\u00e4eva t\u00f6\u00f6stustegevuse n\u00f5udeid. Meie pakutav kiire tarneperiood tagab ostjatele kiire juurdep\u00e4\u00e4su olulistele t\u00f5steseadmetele, mis hoiab projektid graafikus.<\/p>\n<h4>Ohutusp\u00f5hine konstruktsioon ja turvaline t\u00f5stetehnika<\/h4>\n<p>Ohutus on esmat\u00e4htis iga t\u00f5stet\u00f6\u00f6 puhul, eriti raskete koormate k\u00e4itlemisel. Qingdao H&amp;F 8-tonnine rihmarihm on konstrueeritud laia, paindliku rihmaga, mis jaotab raskuse \u00fchtlaselt kogu koormale. Selline disain v\u00e4hendab survekohti, v\u00e4hendades nii rihma kui ka koorma kahjustumise t\u00f5en\u00e4osust. Kuna koormuse stabiilsus on esmat\u00e4htis, aitab see rihm tagada turvalise t\u00f5stmise isegi suuremate v\u00f5i haprate esemete puhul, v\u00f5imaldades operaatoritel raskete koormate kindlat k\u00e4sitsemist.<\/p>\n<p>See rihmarihm on valmistatud vastavalt rangetele ohutusstandarditele ja sobib h\u00e4sti rangete t\u00f6\u00f6protokollidega t\u00f6\u00f6stusharudele. Kas seda kasutatakse t\u00f6\u00f6stusobjektidel, ladudes v\u00f5i laevatehastes, 8-tonnise rihmarihma vastupidav konstruktsioon ja usaldusv\u00e4\u00e4rne j\u00f5udlus teevad sellest ideaalse valiku, olenemata sellest, kas seda kasutatakse t\u00f6\u00f6stusobjektidel, ladudes v\u00f5i laevatehastes. Qingdao H&amp;F keskendub kvaliteedikontrollile ja ohutusn\u00f5uetele, mis annab ostjatele meelerahu, sest nad teavad, et iga rihm on l\u00e4binud rea kvaliteedikontrolle, et tagada selle vastavus koormusn\u00f5uetele. Iga tootega kaasas olevad kvaliteedikontrolli aruanded on selge t\u00f5end selle kohustuse kohta tagada ohutus ja usaldusv\u00e4\u00e4rsus.<\/p>\n<h4>Qingdao H&amp;F: partnerlus klientidega usaldusv\u00e4\u00e4rsete ja t\u00f5husate lahenduste leidmiseks<\/h4>\n<p>Qingdao H&amp;F on 20-aastase kogemusega B2B-kaubandusettev\u00f5ttena saavutanud usaldusv\u00e4\u00e4rsete t\u00f5stelahenduste tarnimise maine, mis vastavad t\u00f6\u00f6stusostjate ainulaadsetele vajadustele. 8-tonnine rihmarihm on osa mitmek\u00fclgsest tootevalikust, mille iga tootega on kaasas kvaliteedikontrolli dokumendid, mis t\u00f5endavad selle vastavust t\u00f6\u00f6stusstandarditele. Selline l\u00e4bipaistvus tugevdab Qingdao H&amp;F p\u00fchendumust pakkuda usaldusv\u00e4\u00e4rseid tooteid, mida ostjad saavad usaldada n\u00f5udlike rakenduste puhul.<\/p>\n<p>Lisaks kvaliteetsetele toodetele on Qingdao H&amp;F v\u00f5tnud endale eesm\u00e4rgiks pakkuda sujuvat ja kliendikeskset ostukogemust. Meie \u00fcks-\u00fchele klienditeeninduse mudel v\u00f5imaldab ostjatel suhelda otse asjatundlike esindajatega, kes m\u00f5istavad nende vajadusi, andes personaalseid soovitusi, et aidata klientidel valida parimad t\u00f5steseadmed nende rakenduste jaoks. Koos kiire tarnets\u00fckliga tagab Qingdao H&amp;F, et kliendid saavad olulised seadmed viivitamatult, toetades projekti t\u00f5husust ja v\u00e4hendades seisakuid.<\/p>\n<p>Qingdao H&amp;F on saanud usaldusv\u00e4\u00e4rseks partneriks t\u00f6\u00f6stuslike t\u00f5stelahenduste jaoks, pakkudes k\u00f5rgtehnoloogilisi rihmarihmasid, tagades p\u00f5hjaliku kvaliteedikontrolli ja seades prioriteediks klienditeeninduse. 8-tonnine rihmarihmav\u00f6\u00f6 peegeldab seda p\u00fchendumust, pakkudes tugevust, ohutust ja usaldusv\u00e4\u00e4rsust, mida t\u00e4nap\u00e4eva t\u00f6\u00f6stuskeskkonnad n\u00f5uavad. Iga rihmaga pakub Qingdao H&amp;F turvalist ja usaldusv\u00e4\u00e4rset t\u00f5stelahendust, mida toetavad klientide ootused ja l\u00e4bipaistvus.<\/p>","protected":false},"excerpt":{"rendered":"<p>8-tonnine rihmarihm on valmistatud suurte t\u00f5stmisn\u00f5uetega toimetulekuks, pakkudes silmapaistvat tugevust ja usaldusv\u00e4\u00e4rsust t\u00f6\u00f6stuslike rakenduste jaoks. See rihm, mis on loodud ostjate murede lahendamiseks seoses koormuse turvalisuse, vastupidavuse ja ohutusstandardite j\u00e4rgimisega, kannab kergelt kuni 8 tonni. Qingdao H &amp; F pakub 20-aastase kogemusega v\u00e4ljakujunenud B2B-kaubandusettev\u00f5ttena individuaalset klienditeenindust, kiiret tarnets\u00fcklit ja p\u00f5hjalikke kvaliteedikontrolli aruandeid. Need eelised r\u00f5hutavad meie p\u00fchendumust kvaliteedile ja kliendi rahulolule, tagades t\u00f5rgeteta ostukogemuse.<\/p>","protected":false},"featured_media":8193,"comment_status":"open","ping_status":"closed","template":"","meta":{"site-sidebar-layout":"default","site-content-layout":"","ast-site-content-layout":"default","site-content-style":"default","site-sidebar-style":"default","ast-global-header-display":"","ast-banner-title-visibility":"","ast-main-header-display":"","ast-hfb-above-header-display":"","ast-hfb-below-header-display":"","ast-hfb-mobile-header-display":"","site-post-title":"","ast-breadcrumbs-content":"","ast-featured-img":"","footer-sml-layout":"","theme-transparent-header-meta":"default","adv-header-id-meta":"","stick-header-meta":"default","header-above-stick-meta":"","header-main-stick-meta":"","header-below-stick-meta":"","astra-migrate-meta-layouts":"set","ast-page-background-enabled":"default","ast-page-background-meta":{"desktop":{"background-color":"","background-image":"","background-repeat":"repeat","background-position":"center center","background-size":"auto","background-attachment":"scroll","background-type":"","background-media":"","overlay-type":"","overlay-color":"","overlay-opacity":"","overlay-gradient":""},"tablet":{"background-color":"","background-image":"","background-repeat":"repeat","background-position":"center center","background-size":"auto","background-attachment":"scroll","background-type":"","background-media":"","overlay-type":"","overlay-color":"","overlay-opacity":"","overlay-gradient":""},"mobile":{"background-color":"","background-image":"","background-repeat":"repeat","background-position":"center center","background-size":"auto","background-attachment":"scroll","background-type":"","background-media":"","overlay-type":"","overlay-color":"","overlay-opacity":"","overlay-gradient":""}},"ast-content-background-meta":{"desktop":{"background-color":"var(--ast-global-color-5)","background-image":"","background-repeat":"repeat","background-position":"center center","background-size":"auto","background-attachment":"scroll","background-type":"","background-media":"","overlay-type":"","overlay-color":"","overlay-opacity":"","overlay-gradient":""},"tablet":{"background-color":"var(--ast-global-color-5)","background-image":"","background-repeat":"repeat","background-position":"center center","background-size":"auto","background-attachment":"scroll","background-type":"","background-media":"","overlay-type":"","overlay-color":"","overlay-opacity":"","overlay-gradient":""},"mobile":{"background-color":"var(--ast-global-color-5)","background-image":"","background-repeat":"repeat","background-position":"center center","background-size":"auto","background-attachment":"scroll","background-type":"","background-media":"","overlay-type":"","overlay-color":"","overlay-opacity":"","overlay-gradient":""}}},"product_brand":[],"product_cat":[39],"product_tag":[],"class_list":{"0":"post-8289","1":"product","2":"type-product","3":"status-publish","4":"has-post-thumbnail","6":"product_cat-webbing-sling","7":"desktop-align-left","8":"tablet-align-left","9":"mobile-align-left","10":"ast-product-gallery-layout-horizontal-slider","11":"ast-product-gallery-with-no-image","12":"ast-product-tabs-layout-horizontal","14":"first","15":"instock","16":"shipping-taxable","17":"purchasable","18":"product-type-simple"},"yoast_head":"<!-- This site is optimized with the Yoast SEO plugin v25.2 - https:\/\/yoast.com\/wordpress\/plugins\/seo\/ -->\n<title>Flat Webbing Sling 8 Ton Polyester Double Duplex<\/title>\n<meta name=\"robots\" content=\"index, follow, max-snippet:-1, max-image-preview:large, max-video-preview:-1\" \/>\n<link rel=\"canonical\" href=\"https:\/\/qingdaohf.com\/et\/toode\/rihma-rihma-8-tonni\/\" \/>\n<meta property=\"og:locale\" content=\"et_EE\" \/>\n<meta property=\"og:type\" content=\"article\" \/>\n<meta property=\"og:title\" content=\"Flat Webbing Sling 8 Ton Polyester Double Duplex\" \/>\n<meta property=\"og:description\" content=\"8-Ton Webbing Sling is crafted to handle substantial lifting demands, offering outstanding strength and reliability for industrial applications. Designed to address buyer concerns about load security, durability, and compliance with safety standards, this sling supports up to 8 tons with ease. As an established B2B trading company with 20 years of experience, Qingdao H&amp;F provides one-on-one customer service, a fast delivery cycle, and comprehensive quality inspection reports. These advantages underscore our commitment to quality and customer satisfaction, ensuring a seamless purchasing experience.\" \/>\n<meta property=\"og:url\" content=\"https:\/\/qingdaohf.com\/et\/toode\/rihma-rihma-8-tonni\/\" \/>\n<meta property=\"og:site_name\" content=\"Concrete Form &amp; Rigging Hardware Supplier\" \/>\n<meta property=\"article:publisher\" content=\"https:\/\/www.facebook.com\/qingdaohf\" \/>\n<meta property=\"article:modified_time\" content=\"2025-11-13T01:02:52+00:00\" \/>\n<meta property=\"og:image\" content=\"https:\/\/qingdaohf.com\/wp-content\/uploads\/2024\/10\/8ton-sling_1.webp\" \/>\n\t<meta property=\"og:image:width\" content=\"1000\" \/>\n\t<meta property=\"og:image:height\" content=\"1000\" \/>\n\t<meta property=\"og:image:type\" content=\"image\/webp\" \/>\n<meta name=\"twitter:card\" content=\"summary_large_image\" \/>\n<meta name=\"twitter:label1\" content=\"Est. reading time\" \/>\n\t<meta name=\"twitter:data1\" content=\"3 minutit\" \/>\n<script type=\"application\/ld+json\" class=\"yoast-schema-graph\">{\"@context\":\"https:\/\/schema.org\",\"@graph\":[{\"@type\":\"WebPage\",\"@id\":\"https:\/\/qingdaohf.com\/product\/webbing-sling-8-ton\/\",\"url\":\"https:\/\/qingdaohf.com\/product\/webbing-sling-8-ton\/\",\"name\":\"Flat Webbing Sling 8 Ton Polyester Double Duplex\",\"isPartOf\":{\"@id\":\"https:\/\/qingdaohf.com\/bg\/#website\"},\"primaryImageOfPage\":{\"@id\":\"https:\/\/qingdaohf.com\/product\/webbing-sling-8-ton\/#primaryimage\"},\"image\":{\"@id\":\"https:\/\/qingdaohf.com\/product\/webbing-sling-8-ton\/#primaryimage\"},\"thumbnailUrl\":\"https:\/\/qingdaohf.com\/wp-content\/uploads\/2024\/10\/8ton-sling_1.webp\",\"datePublished\":\"2024-11-05T09:58:14+00:00\",\"dateModified\":\"2025-11-13T01:02:52+00:00\",\"breadcrumb\":{\"@id\":\"https:\/\/qingdaohf.com\/product\/webbing-sling-8-ton\/#breadcrumb\"},\"inLanguage\":\"et\",\"potentialAction\":[{\"@type\":\"ReadAction\",\"target\":[\"https:\/\/qingdaohf.com\/product\/webbing-sling-8-ton\/\"]}]},{\"@type\":\"ImageObject\",\"inLanguage\":\"et\",\"@id\":\"https:\/\/qingdaohf.com\/product\/webbing-sling-8-ton\/#primaryimage\",\"url\":\"https:\/\/qingdaohf.com\/wp-content\/uploads\/2024\/10\/8ton-sling_1.webp\",\"contentUrl\":\"https:\/\/qingdaohf.com\/wp-content\/uploads\/2024\/10\/8ton-sling_1.webp\",\"width\":1000,\"height\":1000,\"caption\":\"8ton sling\"},{\"@type\":\"BreadcrumbList\",\"@id\":\"https:\/\/qingdaohf.com\/product\/webbing-sling-8-ton\/#breadcrumb\",\"itemListElement\":[{\"@type\":\"ListItem\",\"position\":1,\"name\":\"Home\",\"item\":\"https:\/\/qingdaohf.com\/\"},{\"@type\":\"ListItem\",\"position\":2,\"name\":\"Concrete Forming Accessories and Rigging Hardware\",\"item\":\"https:\/\/qingdaohf.com\/bg\/?page_id=944\"},{\"@type\":\"ListItem\",\"position\":3,\"name\":\"Flat Webbing Sling 8 Ton Polyester Double Duplex\"}]},{\"@type\":\"WebSite\",\"@id\":\"https:\/\/qingdaohf.com\/bg\/#website\",\"url\":\"https:\/\/qingdaohf.com\/bg\/\",\"name\":\"Concrete Form & Rigging Hardware Supplier\",\"description\":\"\",\"publisher\":{\"@id\":\"https:\/\/qingdaohf.com\/bg\/#organization\"},\"potentialAction\":[{\"@type\":\"SearchAction\",\"target\":{\"@type\":\"EntryPoint\",\"urlTemplate\":\"https:\/\/qingdaohf.com\/bg\/?s={search_term_string}\"},\"query-input\":{\"@type\":\"PropertyValueSpecification\",\"valueRequired\":true,\"valueName\":\"search_term_string\"}}],\"inLanguage\":\"et\"},{\"@type\":\"Organization\",\"@id\":\"https:\/\/qingdaohf.com\/bg\/#organization\",\"name\":\"Qingdao H&F\",\"url\":\"https:\/\/qingdaohf.com\/bg\/\",\"logo\":{\"@type\":\"ImageObject\",\"inLanguage\":\"et\",\"@id\":\"https:\/\/qingdaohf.com\/bg\/#\/schema\/logo\/image\/\",\"url\":\"https:\/\/qingdaohf.com\/wp-content\/uploads\/2022\/12\/cropped-HF-LOGO.png\",\"contentUrl\":\"https:\/\/qingdaohf.com\/wp-content\/uploads\/2022\/12\/cropped-HF-LOGO.png\",\"width\":391,\"height\":249,\"caption\":\"Qingdao H&F\"},\"image\":{\"@id\":\"https:\/\/qingdaohf.com\/bg\/#\/schema\/logo\/image\/\"},\"sameAs\":[\"https:\/\/www.facebook.com\/qingdaohf\"]}]}<\/script>\n<!-- \/ Yoast SEO plugin. -->","yoast_head_json":{"title":"Flat Webbing Sling 8 Ton Polyester Double Duplex","robots":{"index":"index","follow":"follow","max-snippet":"max-snippet:-1","max-image-preview":"max-image-preview:large","max-video-preview":"max-video-preview:-1"},"canonical":"https:\/\/qingdaohf.com\/et\/toode\/rihma-rihma-8-tonni\/","og_locale":"et_EE","og_type":"article","og_title":"Flat Webbing Sling 8 Ton Polyester Double Duplex","og_description":"8-Ton Webbing Sling is crafted to handle substantial lifting demands, offering outstanding strength and reliability for industrial applications. Designed to address buyer concerns about load security, durability, and compliance with safety standards, this sling supports up to 8 tons with ease. As an established B2B trading company with 20 years of experience, Qingdao H&amp;F provides one-on-one customer service, a fast delivery cycle, and comprehensive quality inspection reports. These advantages underscore our commitment to quality and customer satisfaction, ensuring a seamless purchasing experience.","og_url":"https:\/\/qingdaohf.com\/et\/toode\/rihma-rihma-8-tonni\/","og_site_name":"Concrete Form &amp; Rigging Hardware Supplier","article_publisher":"https:\/\/www.facebook.com\/qingdaohf","article_modified_time":"2025-11-13T01:02:52+00:00","og_image":[{"width":1000,"height":1000,"url":"https:\/\/qingdaohf.com\/wp-content\/uploads\/2024\/10\/8ton-sling_1.webp","type":"image\/webp"}],"twitter_card":"summary_large_image","twitter_misc":{"Est. reading time":"3 minutit"},"schema":{"@context":"https:\/\/schema.org","@graph":[{"@type":"WebPage","@id":"https:\/\/qingdaohf.com\/product\/webbing-sling-8-ton\/","url":"https:\/\/qingdaohf.com\/product\/webbing-sling-8-ton\/","name":"Flat Webbing Sling 8 Ton Polyester Double Duplex","isPartOf":{"@id":"https:\/\/qingdaohf.com\/bg\/#website"},"primaryImageOfPage":{"@id":"https:\/\/qingdaohf.com\/product\/webbing-sling-8-ton\/#primaryimage"},"image":{"@id":"https:\/\/qingdaohf.com\/product\/webbing-sling-8-ton\/#primaryimage"},"thumbnailUrl":"https:\/\/qingdaohf.com\/wp-content\/uploads\/2024\/10\/8ton-sling_1.webp","datePublished":"2024-11-05T09:58:14+00:00","dateModified":"2025-11-13T01:02:52+00:00","breadcrumb":{"@id":"https:\/\/qingdaohf.com\/product\/webbing-sling-8-ton\/#breadcrumb"},"inLanguage":"et","potentialAction":[{"@type":"ReadAction","target":["https:\/\/qingdaohf.com\/product\/webbing-sling-8-ton\/"]}]},{"@type":"ImageObject","inLanguage":"et","@id":"https:\/\/qingdaohf.com\/product\/webbing-sling-8-ton\/#primaryimage","url":"https:\/\/qingdaohf.com\/wp-content\/uploads\/2024\/10\/8ton-sling_1.webp","contentUrl":"https:\/\/qingdaohf.com\/wp-content\/uploads\/2024\/10\/8ton-sling_1.webp","width":1000,"height":1000,"caption":"8ton sling"},{"@type":"BreadcrumbList","@id":"https:\/\/qingdaohf.com\/product\/webbing-sling-8-ton\/#breadcrumb","itemListElement":[{"@type":"ListItem","position":1,"name":"Home","item":"https:\/\/qingdaohf.com\/"},{"@type":"ListItem","position":2,"name":"Concrete Forming Accessories and Rigging Hardware","item":"https:\/\/qingdaohf.com\/bg\/?page_id=944"},{"@type":"ListItem","position":3,"name":"Flat Webbing Sling 8 Ton Polyester Double Duplex"}]},{"@type":"WebSite","@id":"https:\/\/qingdaohf.com\/bg\/#website","url":"https:\/\/qingdaohf.com\/bg\/","name":"Concrete Form & Rigging Hardware Supplier","description":"","publisher":{"@id":"https:\/\/qingdaohf.com\/bg\/#organization"},"potentialAction":[{"@type":"SearchAction","target":{"@type":"EntryPoint","urlTemplate":"https:\/\/qingdaohf.com\/bg\/?s={search_term_string}"},"query-input":{"@type":"PropertyValueSpecification","valueRequired":true,"valueName":"search_term_string"}}],"inLanguage":"et"},{"@type":"Organization","@id":"https:\/\/qingdaohf.com\/bg\/#organization","name":"Qingdao H&F","url":"https:\/\/qingdaohf.com\/bg\/","logo":{"@type":"ImageObject","inLanguage":"et","@id":"https:\/\/qingdaohf.com\/bg\/#\/schema\/logo\/image\/","url":"https:\/\/qingdaohf.com\/wp-content\/uploads\/2022\/12\/cropped-HF-LOGO.png","contentUrl":"https:\/\/qingdaohf.com\/wp-content\/uploads\/2022\/12\/cropped-HF-LOGO.png","width":391,"height":249,"caption":"Qingdao H&F"},"image":{"@id":"https:\/\/qingdaohf.com\/bg\/#\/schema\/logo\/image\/"},"sameAs":["https:\/\/www.facebook.com\/qingdaohf"]}]}},"_links":{"self":[{"href":"https:\/\/qingdaohf.com\/et\/wp-json\/wp\/v2\/product\/8289","targetHints":{"allow":["GET"]}}],"collection":[{"href":"https:\/\/qingdaohf.com\/et\/wp-json\/wp\/v2\/product"}],"about":[{"href":"https:\/\/qingdaohf.com\/et\/wp-json\/wp\/v2\/types\/product"}],"replies":[{"embeddable":true,"href":"https:\/\/qingdaohf.com\/et\/wp-json\/wp\/v2\/comments?post=8289"}],"version-history":[{"count":2,"href":"https:\/\/qingdaohf.com\/et\/wp-json\/wp\/v2\/product\/8289\/revisions"}],"predecessor-version":[{"id":8334,"href":"https:\/\/qingdaohf.com\/et\/wp-json\/wp\/v2\/product\/8289\/revisions\/8334"}],"wp:featuredmedia":[{"embeddable":true,"href":"https:\/\/qingdaohf.com\/et\/wp-json\/wp\/v2\/media\/8193"}],"wp:attachment":[{"href":"https:\/\/qingdaohf.com\/et\/wp-json\/wp\/v2\/media?parent=8289"}],"wp:term":[{"taxonomy":"product_brand","embeddable":true,"href":"https:\/\/qingdaohf.com\/et\/wp-json\/wp\/v2\/product_brand?post=8289"},{"taxonomy":"product_cat","embeddable":true,"href":"https:\/\/qingdaohf.com\/et\/wp-json\/wp\/v2\/product_cat?post=8289"},{"taxonomy":"product_tag","embeddable":true,"href":"https:\/\/qingdaohf.com\/et\/wp-json\/wp\/v2\/product_tag?post=8289"}],"curies":[{"name":"wp","href":"https:\/\/api.w.org\/{rel}","templated":true}]}}