{"id":8291,"date":"2024-11-05T17:59:58","date_gmt":"2024-11-05T09:59:58","guid":{"rendered":"http:\/\/qingdaohf.com\/?post_type=product&#038;p=8291"},"modified":"2025-11-13T09:02:52","modified_gmt":"2025-11-13T01:02:52","slug":"webbing-sling-10-ton","status":"publish","type":"product","link":"https:\/\/qingdaohf.com\/et\/toode\/rihma-rihma-10-tonni\/","title":{"rendered":"Flat Webbing Sling 10 Ton Polyester Double Duplex"},"content":{"rendered":"<h4>Suure v\u00f5imsusega t\u00f5stelahendused: 10-tonnise rihmav\u00f6\u00f6 vastupidavus ja tugevus<\/h4>\n<p>T\u00f6\u00f6stuslike t\u00f5stmis\u00fclesannete jaoks, kus on vaja turvalist ja suure v\u00f5imsusega tuge, pakub Qingdao H&amp;F 10-tonnine rihmarihm optimaalset lahendust. Suuresti tugevast pol\u00fcestrist valmistatud rihm suudab kanda kuni 10 tonni raskust, mist\u00f5ttu sobib see ideaalselt sellistesse t\u00f6\u00f6stusharudesse nagu ehitus, logistika ja tootmine. 10-tonnise rihmarihma vastupidavus tagab selle terviklikkuse isegi korduvate raskete koormuste korral keerulistes keskkondades, pakkudes ettev\u00f5tetele vastupidavat ja kuluefektiivset lahendust nende t\u00f5stmisvajaduste rahuldamiseks.<\/p>\n<p>K\u00f5rgeima t\u00f6\u00f6kindluse ja ohutuse tagamiseks l\u00e4bib iga 10-tonnine rihm rangeid teste ning ostjad saavad kvaliteedikontrolli aruande, mis kinnitab selle vastavust rahvusvahelistele ohutus- ja toimivusnormidele. Qingdao H&amp;F p\u00fchendumine l\u00e4bipaistvusele kinnitab ostjatele, et nad investeerivad tootesse, mis vastab k\u00f5igile regulatiivsetele n\u00f5uetele. Qingdao H&amp;F-i pakutav kiire tarneperiood v\u00f5imaldab klientidel saada vajalikud seadmed kiiresti k\u00e4tte, v\u00e4hendades viivitusi tegevuses ja suurendades \u00fcldist t\u00f5husust.<\/p>\n<h4>Ohutus ja stabiilsus raskeveokite t\u00f5stmise rakendustes<\/h4>\n<p>T\u00f6\u00f6stuskeskkondades, kus on suur v\u00e4ljakutse, on t\u00f5steseadmete stabiilsus ja turvalisus nii ohutuse kui ka tootlikkuse seisukohast \u00fclioluline. Qingdao H&amp;F 10-tonnine rihmarihm on loodud nii, et see pakub silmapaistvat koormuse stabiilsust, aidates kaalu \u00fchtlaselt jaotada kogu koormale. Selline konstruktsioon v\u00e4hendab survekohti ja minimeerib koormuse kahjustumise v\u00f5i nihkumise ohtu t\u00f5stet\u00f6\u00f6de ajal, pakkudes operaatoritele meelerahu. Lai ja vastupidav pol\u00fcesterv\u00f6\u00f6 on vastupidav kulumisele, kulumisele ja UV-kiirgusele, s\u00e4ilitades oma tugevuse ka n\u00f5udlikes tingimustes.<\/p>\n<p>Qingdao H&amp;F-i hoolikad tootmisstandardid suurendavad t\u00f5stet\u00f6\u00f6de ohutust. Iga rihm vastab rahvusvahelistele t\u00f6\u00f6stusharu eeskirjadele v\u00f5i \u00fcletab neid, mist\u00f5ttu sobib see mitmesuguste rakenduste jaoks, kus kehtivad ranged ohutusprotokollid. Qingdao H&amp;F tagab range kvaliteedikontrolliga igas tootmisetapis, et 10-tonnine rihmarihm tagab usaldusv\u00e4\u00e4rse toe ka k\u00f5ige keerulisemates tingimustes. Iga rihmaga kaasas olevad \u00fcksikasjalikud kvaliteedikontrolli aruanded on selle kohustuse t\u00f5estuseks, aidates ettev\u00f5tetel kindlalt j\u00e4rgida ohutus- ja vastavusstandardeid.<\/p>\n<h4>Qingdao H&amp;F: usaldusv\u00e4\u00e4rne partner suure j\u00f5udlusega t\u00f5stelahenduste jaoks<\/h4>\n<p>Qingdao H&amp;F on kahe aastak\u00fcmne pikkuse kogemusega B2B-kaubandusettev\u00f5ttena p\u00fchendunud ettev\u00f5tete toetamisele, pakkudes tooteid, milles on \u00fchendatud kvaliteet, ohutus ja teenindus. 10-tonnine rihmarihmav\u00f6\u00f6 on n\u00e4ide Qingdao H&amp;F-i l\u00e4henemisviisist pakkuda usaldusv\u00e4\u00e4rseid, k\u00f5rgtehnoloogilisi seadmeid, mis vastavad t\u00f6\u00f6stusostjate praktilistele vajadustele. Iga rihmaga on kaasas kvaliteedikontrolli aruanne, mis annab ostjatele selge \u00fclevaate toote spetsifikatsioonidest ja tagab t\u00e4ieliku l\u00e4bipaistvuse selle toimivuse osas.<\/p>\n<p>Qingdao H&amp;F \u00fcks-\u00fchele klienditeeninduse mudel v\u00f5imaldab ostjatel saada isiklikku tuge asjatundlikelt esindajatelt, aidates neil valida ideaalsed t\u00f5steseadmed nende konkreetsete n\u00f5uete jaoks. Selline t\u00e4helepanelik l\u00e4henemine koos kiire ja t\u00f5husa tarnets\u00fckliga n\u00e4itab Qingdao H&amp;F p\u00fchendumist sujuvale ostuprotsessile, mis on koosk\u00f5las klientide tegevuse ajakavaga. Qingdao H&amp;F keskendub klientide rahulolule ja kvaliteedikontrollile, mis on teinud temast usaldusv\u00e4\u00e4rse nime t\u00f6\u00f6stuslike t\u00f5steseadmete turul.<\/p>\n<p>Qingdao H&amp;F 10-tonnine rihmarihm on midagi enamat kui lihtsalt t\u00f5stmislahendus - see on usaldusv\u00e4\u00e4rne partner ettev\u00f5tetele, kes on p\u00fchendunud ohutusele, t\u00f5hususele ja k\u00f5rgele tulemuslikkusele. Qingdao H&amp;F pakub iga rihmaga toodet, mis vastab t\u00f6\u00f6stusstandarditele, pakkudes samal ajal turvalist ja t\u00f5husat v\u00f5imalust raskete t\u00f6\u00f6de t\u00f5stmiseks.<\/p>","protected":false},"excerpt":{"rendered":"<p>10-tonnine rihmarihm on m\u00f5eldud rasketeks t\u00f5stet\u00f6\u00f6deks, mis on kavandatud vastama rangetele n\u00f5udmistele t\u00f6\u00f6stusharudes, kus turvaline ja suure v\u00f5imsusega t\u00f5stmine on h\u00e4davajalik. See vastupidav rihm suudab kanda kuni 10 tonni, mis vastab ostjate peamistele muredele tugevuse, ohutuse ja usaldusv\u00e4\u00e4rsuse osas. Qingdao H&amp;F pakub kogenud B2B kaubandusettev\u00f5ttena individuaalset kliendituge, kiiret kohaletoimetamist ja p\u00f5hjalikke kvaliteedikontrolli aruandeid, tagades sujuva ostukogemuse, mis seab prioriteediks l\u00e4bipaistvuse ja kliendi rahulolu.<\/p>","protected":false},"featured_media":8192,"comment_status":"open","ping_status":"closed","template":"","meta":{"site-sidebar-layout":"default","site-content-layout":"","ast-site-content-layout":"default","site-content-style":"default","site-sidebar-style":"default","ast-global-header-display":"","ast-banner-title-visibility":"","ast-main-header-display":"","ast-hfb-above-header-display":"","ast-hfb-below-header-display":"","ast-hfb-mobile-header-display":"","site-post-title":"","ast-breadcrumbs-content":"","ast-featured-img":"","footer-sml-layout":"","theme-transparent-header-meta":"default","adv-header-id-meta":"","stick-header-meta":"default","header-above-stick-meta":"","header-main-stick-meta":"","header-below-stick-meta":"","astra-migrate-meta-layouts":"set","ast-page-background-enabled":"default","ast-page-background-meta":{"desktop":{"background-color":"","background-image":"","background-repeat":"repeat","background-position":"center center","background-size":"auto","background-attachment":"scroll","background-type":"","background-media":"","overlay-type":"","overlay-color":"","overlay-opacity":"","overlay-gradient":""},"tablet":{"background-color":"","background-image":"","background-repeat":"repeat","background-position":"center center","background-size":"auto","background-attachment":"scroll","background-type":"","background-media":"","overlay-type":"","overlay-color":"","overlay-opacity":"","overlay-gradient":""},"mobile":{"background-color":"","background-image":"","background-repeat":"repeat","background-position":"center center","background-size":"auto","background-attachment":"scroll","background-type":"","background-media":"","overlay-type":"","overlay-color":"","overlay-opacity":"","overlay-gradient":""}},"ast-content-background-meta":{"desktop":{"background-color":"var(--ast-global-color-5)","background-image":"","background-repeat":"repeat","background-position":"center center","background-size":"auto","background-attachment":"scroll","background-type":"","background-media":"","overlay-type":"","overlay-color":"","overlay-opacity":"","overlay-gradient":""},"tablet":{"background-color":"var(--ast-global-color-5)","background-image":"","background-repeat":"repeat","background-position":"center center","background-size":"auto","background-attachment":"scroll","background-type":"","background-media":"","overlay-type":"","overlay-color":"","overlay-opacity":"","overlay-gradient":""},"mobile":{"background-color":"var(--ast-global-color-5)","background-image":"","background-repeat":"repeat","background-position":"center center","background-size":"auto","background-attachment":"scroll","background-type":"","background-media":"","overlay-type":"","overlay-color":"","overlay-opacity":"","overlay-gradient":""}}},"product_brand":[],"product_cat":[39],"product_tag":[],"class_list":{"0":"post-8291","1":"product","2":"type-product","3":"status-publish","4":"has-post-thumbnail","6":"product_cat-webbing-sling","7":"desktop-align-left","8":"tablet-align-left","9":"mobile-align-left","10":"ast-product-gallery-layout-horizontal-slider","11":"ast-product-gallery-with-no-image","12":"ast-product-tabs-layout-horizontal","14":"first","15":"instock","16":"shipping-taxable","17":"purchasable","18":"product-type-simple"},"yoast_head":"<!-- This site is optimized with the Yoast SEO plugin v25.2 - https:\/\/yoast.com\/wordpress\/plugins\/seo\/ -->\n<title>Flat Webbing Sling 10 Ton Polyester Double Duplex<\/title>\n<meta name=\"robots\" content=\"index, follow, max-snippet:-1, max-image-preview:large, max-video-preview:-1\" \/>\n<link rel=\"canonical\" href=\"https:\/\/qingdaohf.com\/et\/toode\/rihma-rihma-10-tonni\/\" \/>\n<meta property=\"og:locale\" content=\"et_EE\" \/>\n<meta property=\"og:type\" content=\"article\" \/>\n<meta property=\"og:title\" content=\"Flat Webbing Sling 10 Ton Polyester Double Duplex\" \/>\n<meta property=\"og:description\" content=\"10-Ton Webbing Sling is built for heavy-duty lifting, designed to meet the stringent demands of industries where secure, high-capacity lifting is essential. This durable sling handles up to 10 tons, addressing buyers&#039; primary concerns about strength, safety, and reliability. As an experienced B2B trading company, Qingdao H&amp;F provides one-on-one customer support, fast delivery, and comprehensive quality inspection reports, ensuring a smooth buying experience that prioritizes transparency and customer satisfaction.\" \/>\n<meta property=\"og:url\" content=\"https:\/\/qingdaohf.com\/et\/toode\/rihma-rihma-10-tonni\/\" \/>\n<meta property=\"og:site_name\" content=\"Concrete Form &amp; Rigging Hardware Supplier\" \/>\n<meta property=\"article:publisher\" content=\"https:\/\/www.facebook.com\/qingdaohf\" \/>\n<meta property=\"article:modified_time\" content=\"2025-11-13T01:02:52+00:00\" \/>\n<meta property=\"og:image\" content=\"https:\/\/qingdaohf.com\/wp-content\/uploads\/2024\/10\/10-tons_1.webp\" \/>\n\t<meta property=\"og:image:width\" content=\"1000\" \/>\n\t<meta property=\"og:image:height\" content=\"1000\" \/>\n\t<meta property=\"og:image:type\" content=\"image\/webp\" \/>\n<meta name=\"twitter:card\" content=\"summary_large_image\" \/>\n<meta name=\"twitter:label1\" content=\"Est. reading time\" \/>\n\t<meta name=\"twitter:data1\" content=\"3 minutit\" \/>\n<script type=\"application\/ld+json\" class=\"yoast-schema-graph\">{\"@context\":\"https:\/\/schema.org\",\"@graph\":[{\"@type\":\"WebPage\",\"@id\":\"https:\/\/qingdaohf.com\/product\/webbing-sling-10-ton\/\",\"url\":\"https:\/\/qingdaohf.com\/product\/webbing-sling-10-ton\/\",\"name\":\"Flat Webbing Sling 10 Ton Polyester Double Duplex\",\"isPartOf\":{\"@id\":\"https:\/\/qingdaohf.com\/bg\/#website\"},\"primaryImageOfPage\":{\"@id\":\"https:\/\/qingdaohf.com\/product\/webbing-sling-10-ton\/#primaryimage\"},\"image\":{\"@id\":\"https:\/\/qingdaohf.com\/product\/webbing-sling-10-ton\/#primaryimage\"},\"thumbnailUrl\":\"https:\/\/qingdaohf.com\/wp-content\/uploads\/2024\/10\/10-tons_1.webp\",\"datePublished\":\"2024-11-05T09:59:58+00:00\",\"dateModified\":\"2025-11-13T01:02:52+00:00\",\"breadcrumb\":{\"@id\":\"https:\/\/qingdaohf.com\/product\/webbing-sling-10-ton\/#breadcrumb\"},\"inLanguage\":\"et\",\"potentialAction\":[{\"@type\":\"ReadAction\",\"target\":[\"https:\/\/qingdaohf.com\/product\/webbing-sling-10-ton\/\"]}]},{\"@type\":\"ImageObject\",\"inLanguage\":\"et\",\"@id\":\"https:\/\/qingdaohf.com\/product\/webbing-sling-10-ton\/#primaryimage\",\"url\":\"https:\/\/qingdaohf.com\/wp-content\/uploads\/2024\/10\/10-tons_1.webp\",\"contentUrl\":\"https:\/\/qingdaohf.com\/wp-content\/uploads\/2024\/10\/10-tons_1.webp\",\"width\":1000,\"height\":1000,\"caption\":\"Webbing Sling 10 Ton\"},{\"@type\":\"BreadcrumbList\",\"@id\":\"https:\/\/qingdaohf.com\/product\/webbing-sling-10-ton\/#breadcrumb\",\"itemListElement\":[{\"@type\":\"ListItem\",\"position\":1,\"name\":\"Home\",\"item\":\"https:\/\/qingdaohf.com\/\"},{\"@type\":\"ListItem\",\"position\":2,\"name\":\"Concrete Forming Accessories and Rigging Hardware\",\"item\":\"https:\/\/qingdaohf.com\/bg\/?page_id=944\"},{\"@type\":\"ListItem\",\"position\":3,\"name\":\"Flat Webbing Sling 10 Ton Polyester Double Duplex\"}]},{\"@type\":\"WebSite\",\"@id\":\"https:\/\/qingdaohf.com\/bg\/#website\",\"url\":\"https:\/\/qingdaohf.com\/bg\/\",\"name\":\"Concrete Form & Rigging Hardware Supplier\",\"description\":\"\",\"publisher\":{\"@id\":\"https:\/\/qingdaohf.com\/bg\/#organization\"},\"potentialAction\":[{\"@type\":\"SearchAction\",\"target\":{\"@type\":\"EntryPoint\",\"urlTemplate\":\"https:\/\/qingdaohf.com\/bg\/?s={search_term_string}\"},\"query-input\":{\"@type\":\"PropertyValueSpecification\",\"valueRequired\":true,\"valueName\":\"search_term_string\"}}],\"inLanguage\":\"et\"},{\"@type\":\"Organization\",\"@id\":\"https:\/\/qingdaohf.com\/bg\/#organization\",\"name\":\"Qingdao H&F\",\"url\":\"https:\/\/qingdaohf.com\/bg\/\",\"logo\":{\"@type\":\"ImageObject\",\"inLanguage\":\"et\",\"@id\":\"https:\/\/qingdaohf.com\/bg\/#\/schema\/logo\/image\/\",\"url\":\"https:\/\/qingdaohf.com\/wp-content\/uploads\/2022\/12\/cropped-HF-LOGO.png\",\"contentUrl\":\"https:\/\/qingdaohf.com\/wp-content\/uploads\/2022\/12\/cropped-HF-LOGO.png\",\"width\":391,\"height\":249,\"caption\":\"Qingdao H&F\"},\"image\":{\"@id\":\"https:\/\/qingdaohf.com\/bg\/#\/schema\/logo\/image\/\"},\"sameAs\":[\"https:\/\/www.facebook.com\/qingdaohf\"]}]}<\/script>\n<!-- \/ Yoast SEO plugin. -->","yoast_head_json":{"title":"Flat Webbing Sling 10 Ton Polyester Double Duplex","robots":{"index":"index","follow":"follow","max-snippet":"max-snippet:-1","max-image-preview":"max-image-preview:large","max-video-preview":"max-video-preview:-1"},"canonical":"https:\/\/qingdaohf.com\/et\/toode\/rihma-rihma-10-tonni\/","og_locale":"et_EE","og_type":"article","og_title":"Flat Webbing Sling 10 Ton Polyester Double Duplex","og_description":"10-Ton Webbing Sling is built for heavy-duty lifting, designed to meet the stringent demands of industries where secure, high-capacity lifting is essential. This durable sling handles up to 10 tons, addressing buyers' primary concerns about strength, safety, and reliability. As an experienced B2B trading company, Qingdao H&amp;F provides one-on-one customer support, fast delivery, and comprehensive quality inspection reports, ensuring a smooth buying experience that prioritizes transparency and customer satisfaction.","og_url":"https:\/\/qingdaohf.com\/et\/toode\/rihma-rihma-10-tonni\/","og_site_name":"Concrete Form &amp; Rigging Hardware Supplier","article_publisher":"https:\/\/www.facebook.com\/qingdaohf","article_modified_time":"2025-11-13T01:02:52+00:00","og_image":[{"width":1000,"height":1000,"url":"https:\/\/qingdaohf.com\/wp-content\/uploads\/2024\/10\/10-tons_1.webp","type":"image\/webp"}],"twitter_card":"summary_large_image","twitter_misc":{"Est. reading time":"3 minutit"},"schema":{"@context":"https:\/\/schema.org","@graph":[{"@type":"WebPage","@id":"https:\/\/qingdaohf.com\/product\/webbing-sling-10-ton\/","url":"https:\/\/qingdaohf.com\/product\/webbing-sling-10-ton\/","name":"Flat Webbing Sling 10 Ton Polyester Double Duplex","isPartOf":{"@id":"https:\/\/qingdaohf.com\/bg\/#website"},"primaryImageOfPage":{"@id":"https:\/\/qingdaohf.com\/product\/webbing-sling-10-ton\/#primaryimage"},"image":{"@id":"https:\/\/qingdaohf.com\/product\/webbing-sling-10-ton\/#primaryimage"},"thumbnailUrl":"https:\/\/qingdaohf.com\/wp-content\/uploads\/2024\/10\/10-tons_1.webp","datePublished":"2024-11-05T09:59:58+00:00","dateModified":"2025-11-13T01:02:52+00:00","breadcrumb":{"@id":"https:\/\/qingdaohf.com\/product\/webbing-sling-10-ton\/#breadcrumb"},"inLanguage":"et","potentialAction":[{"@type":"ReadAction","target":["https:\/\/qingdaohf.com\/product\/webbing-sling-10-ton\/"]}]},{"@type":"ImageObject","inLanguage":"et","@id":"https:\/\/qingdaohf.com\/product\/webbing-sling-10-ton\/#primaryimage","url":"https:\/\/qingdaohf.com\/wp-content\/uploads\/2024\/10\/10-tons_1.webp","contentUrl":"https:\/\/qingdaohf.com\/wp-content\/uploads\/2024\/10\/10-tons_1.webp","width":1000,"height":1000,"caption":"Webbing Sling 10 Ton"},{"@type":"BreadcrumbList","@id":"https:\/\/qingdaohf.com\/product\/webbing-sling-10-ton\/#breadcrumb","itemListElement":[{"@type":"ListItem","position":1,"name":"Home","item":"https:\/\/qingdaohf.com\/"},{"@type":"ListItem","position":2,"name":"Concrete Forming Accessories and Rigging Hardware","item":"https:\/\/qingdaohf.com\/bg\/?page_id=944"},{"@type":"ListItem","position":3,"name":"Flat Webbing Sling 10 Ton Polyester Double Duplex"}]},{"@type":"WebSite","@id":"https:\/\/qingdaohf.com\/bg\/#website","url":"https:\/\/qingdaohf.com\/bg\/","name":"Concrete Form & Rigging Hardware Supplier","description":"","publisher":{"@id":"https:\/\/qingdaohf.com\/bg\/#organization"},"potentialAction":[{"@type":"SearchAction","target":{"@type":"EntryPoint","urlTemplate":"https:\/\/qingdaohf.com\/bg\/?s={search_term_string}"},"query-input":{"@type":"PropertyValueSpecification","valueRequired":true,"valueName":"search_term_string"}}],"inLanguage":"et"},{"@type":"Organization","@id":"https:\/\/qingdaohf.com\/bg\/#organization","name":"Qingdao H&F","url":"https:\/\/qingdaohf.com\/bg\/","logo":{"@type":"ImageObject","inLanguage":"et","@id":"https:\/\/qingdaohf.com\/bg\/#\/schema\/logo\/image\/","url":"https:\/\/qingdaohf.com\/wp-content\/uploads\/2022\/12\/cropped-HF-LOGO.png","contentUrl":"https:\/\/qingdaohf.com\/wp-content\/uploads\/2022\/12\/cropped-HF-LOGO.png","width":391,"height":249,"caption":"Qingdao H&F"},"image":{"@id":"https:\/\/qingdaohf.com\/bg\/#\/schema\/logo\/image\/"},"sameAs":["https:\/\/www.facebook.com\/qingdaohf"]}]}},"_links":{"self":[{"href":"https:\/\/qingdaohf.com\/et\/wp-json\/wp\/v2\/product\/8291","targetHints":{"allow":["GET"]}}],"collection":[{"href":"https:\/\/qingdaohf.com\/et\/wp-json\/wp\/v2\/product"}],"about":[{"href":"https:\/\/qingdaohf.com\/et\/wp-json\/wp\/v2\/types\/product"}],"replies":[{"embeddable":true,"href":"https:\/\/qingdaohf.com\/et\/wp-json\/wp\/v2\/comments?post=8291"}],"version-history":[{"count":2,"href":"https:\/\/qingdaohf.com\/et\/wp-json\/wp\/v2\/product\/8291\/revisions"}],"predecessor-version":[{"id":8333,"href":"https:\/\/qingdaohf.com\/et\/wp-json\/wp\/v2\/product\/8291\/revisions\/8333"}],"wp:featuredmedia":[{"embeddable":true,"href":"https:\/\/qingdaohf.com\/et\/wp-json\/wp\/v2\/media\/8192"}],"wp:attachment":[{"href":"https:\/\/qingdaohf.com\/et\/wp-json\/wp\/v2\/media?parent=8291"}],"wp:term":[{"taxonomy":"product_brand","embeddable":true,"href":"https:\/\/qingdaohf.com\/et\/wp-json\/wp\/v2\/product_brand?post=8291"},{"taxonomy":"product_cat","embeddable":true,"href":"https:\/\/qingdaohf.com\/et\/wp-json\/wp\/v2\/product_cat?post=8291"},{"taxonomy":"product_tag","embeddable":true,"href":"https:\/\/qingdaohf.com\/et\/wp-json\/wp\/v2\/product_tag?post=8291"}],"curies":[{"name":"wp","href":"https:\/\/api.w.org\/{rel}","templated":true}]}}