{"id":8310,"date":"2024-11-07T14:33:56","date_gmt":"2024-11-07T06:33:56","guid":{"rendered":"http:\/\/qingdaohf.com\/?post_type=product&#038;p=8310"},"modified":"2025-11-13T09:02:52","modified_gmt":"2025-11-13T01:02:52","slug":"spek-anchor-stockless-anchor","status":"publish","type":"product","link":"https:\/\/qingdaohf.com\/et\/toode\/spek-ankur-stockless-ankur\/","title":{"rendered":"Spek Anchor Stockless ankur"},"content":{"rendered":"<h3>Spek ankrute \u00fclevaade ja unikaalne disain<\/h3>\n<p>Spek ankur on laialdaselt eelistatud ankrut\u00fc\u00fcp, mida kasutatakse mere- ja avameret\u00f6\u00f6stuses ning mis on valitud oma erilise disaini t\u00f5ttu, mis r\u00f5hutab stabiilsust ja vastupidavust. Spek Anchor on \u00fcks traditsioonilisemaid ankrut\u00fc\u00fcpe, mis on saavutanud maine t\u00f5hususe poolest erinevates mereoludes, eelk\u00f5ige t\u00e4nu oma v\u00f5imele kaevuda kiiresti erinevatesse merep\u00f5hjadesse. V\u00f5rreldes teiste ankrutega v\u00f5imaldab Spek Anchori konstruktsioon kiireks paigaldamiseks, mis on v\u00e4ga soovitav nende laevade jaoks, mis vajavad usaldusv\u00e4\u00e4rset pidamisj\u00f5udu ilma pikemaajalise ankurdamisprotseduurita.<\/p>\n<p>See ankrut\u00fc\u00fcp sisaldab spetsiaalselt projekteeritud k\u00fclg- ja varreosa, mis on m\u00f5lemad optimeeritud vastupanu osutama vee liikumise muutustest tingitud p\u00f6\u00f6rlemisj\u00f5ududele. See ainulaadne kuju mitte ainult ei v\u00e4henda lohistamist, vaid s\u00e4ilitab ka stabiilsuse j\u00e4rskude voolu muutuste ajal, pakkudes meelerahu laevaoperaatoritele, kes loodavad p\u00fcsiva pidamisj\u00f5u peale. Spek Anchori geomeetria h\u00f5lmab laia v\u00f6\u00f6rinurka ja kaalutud varre, mis aitab s\u00e4ilitada soodsa sisenemisnurga merep\u00f5hja. See omadus v\u00f5imaldab ankrul kiiresti settida ja kinnituda liivasel v\u00f5i mudasel aluspinnal, muutes selle mitmek\u00fclgseks erinevates merekeskkondades.<\/p>\n<p>Qingdao H&amp;F tarnib Spek Anchors'i, mis vastab nendele kriitilistele j\u00f5udlusstandarditele, suurendades samal ajal klientide mugavust t\u00e4iendava toetuse ja kvaliteedi tagamise kaudu. Pakume mitmesuguseid kvaliteedikontrolliaruandeid, et kinnitada iga ankruga seotud struktuuriline terviklikkus ja j\u00f5udlusv\u00f5ime, tagades vastavuse rangetele meres\u00f5iduohutuse eeskirjadele. Pakkudes individuaalset kliendituge, aitame ostjatel valida optimaalse ankrusuuruse ja -t\u00fc\u00fcbi nende konkreetsete rakenduste jaoks. Meie usaldusv\u00e4\u00e4rne ja kiire tarneprotsess tagab, et kliendid saavad oma tooted \u00f5igeaegselt k\u00e4tte, v\u00e4hendades v\u00f5imalikke viivitusi tegevuses.<\/p>\n<p><img fetchpriority=\"high\" decoding=\"async\" class=\"alignnone wp-image-8317 size-full\" src=\"http:\/\/qingdaohf.com\/wp-content\/uploads\/2024\/11\/spek-anchor-1.jpg\" alt=\"\" width=\"640\" height=\"640\" srcset=\"https:\/\/qingdaohf.com\/wp-content\/uploads\/2024\/11\/spek-anchor-1.jpg 640w, https:\/\/qingdaohf.com\/wp-content\/uploads\/2024\/11\/spek-anchor-1-300x300.jpg 300w, https:\/\/qingdaohf.com\/wp-content\/uploads\/2024\/11\/spek-anchor-1-150x150.jpg 150w, https:\/\/qingdaohf.com\/wp-content\/uploads\/2024\/11\/spek-anchor-1-12x12.jpg 12w, https:\/\/qingdaohf.com\/wp-content\/uploads\/2024\/11\/spek-anchor-1-500x500.jpg 500w, https:\/\/qingdaohf.com\/wp-content\/uploads\/2024\/11\/spek-anchor-1-100x100.jpg 100w\" sizes=\"(max-width: 640px) 100vw, 640px\" \/> <img decoding=\"async\" class=\"alignnone wp-image-8318 size-full\" src=\"http:\/\/qingdaohf.com\/wp-content\/uploads\/2024\/11\/spek-anchor-1.png\" alt=\"\" width=\"598\" height=\"727\" srcset=\"https:\/\/qingdaohf.com\/wp-content\/uploads\/2024\/11\/spek-anchor-1.png 598w, https:\/\/qingdaohf.com\/wp-content\/uploads\/2024\/11\/spek-anchor-1-247x300.png 247w, https:\/\/qingdaohf.com\/wp-content\/uploads\/2024\/11\/spek-anchor-1-10x12.png 10w\" sizes=\"(max-width: 598px) 100vw, 598px\" \/><\/p>\n<h3>Spek ankurrakendused ja mitmek\u00fclgsus erinevates merekeskkondades<\/h3>\n<p>Speki ankur valitakse sageli kaubalaevadele, avamerepuurtornidele ja muudele suurtele laevadele t\u00e4nu selle muljetavaldavale kandev\u00f5imele ja kohandatavusele. Ankur on eriti t\u00f5hus suuremate laevade puhul, kus turvaline sildumine on oluline stabiilsuse s\u00e4ilitamiseks pikemaajalise viibimise ajal. M\u00f5\u00f5dukate ja raskete mereolude korral on Spek ankur eelis t\u00e4nu oma vastupidavusele k\u00fclgsuunalistele liikumistele ja v\u00f5imele p\u00fcsida isegi muutuvate hoovuste korral. T\u00e4nu nendele omadustele on see eelistatud valik olukordades, kus on vaja turvalist ankurdamist vaatamata ettearvamatutele keskkonnatingimustele.<\/p>\n<p>Merendus- ja avameresektori ostjate jaoks on vastupidavus, kasutusmugavus ja kulut\u00f5husus peamised kaalutlused. Spek Anchor'i konstruktsioon mitte ainult ei lihtsusta kasutamist, vaid v\u00e4hendab ka ankruketi ja sellega seotud seadmete kulumist, kuna v\u00e4hendab \u00e4kilisi t\u00f5ukeid v\u00f5i t\u00f5mblusi, mis v\u00f5ivad esineda v\u00e4hem stabiilsete ankrut\u00fc\u00fcpide puhul. Liivase, mudase v\u00f5i isegi kivise merep\u00f5hjaga piirkondades navigeerivad laevad saavad kasu Spek Anchori kiirest ja usaldusv\u00e4\u00e4rsest seadistamisest, kuna see kohandub h\u00e4sti erinevate pinnat\u00fc\u00fcpidega.<\/p>\n<p>Qingdao H&amp;F r\u00f5hutab, et me pakume tooteid, mis vastavad nendele tegevusvajadustele, pakkudes samal ajal ka eeliseid, mis parandavad ostukogemust. Meie p\u00fchendumine kiiretele tarnets\u00fcklitele tagab, et kliendid saavad uusi seadmeid kiiresti integreerida ilma pikema ooteajata. Lisaks sellele testime p\u00f5hjalikult iga Spek Anchor'i, esitades \u00fcksikasjalikud kontrolliaruanded, mis t\u00f5endavad ankrute vastupidavust, kaalu ja j\u00f5udlusparameetrid. Selline kvaliteedikontrolli tase on eriti oluline ostjatele, kes peavad vastama meres\u00f5iduohutuse standarditele ja vajavad seadmete usaldusv\u00e4\u00e4rsuse kontrollimiseks selget dokumentatsiooni.<\/p>\n<h3>Qingdao H&amp;F Spek ankrute valimise eelised<\/h3>\n<p>Qingdao H&amp;F-i Spek Anchor'i valimine t\u00e4hendab investeerimist rohkemasse kui lihtsalt tootesse; see t\u00e4hendab, et saate usaldusv\u00e4\u00e4rse partneri mereseadmete hankimisel. Qingdao H&amp;F on enam kui 20-aastase kogemusega rahvusvahelises kaubanduses saavutanud usaldusv\u00e4\u00e4rsuse ja klientide rahulolu tagamise maine. Me m\u00f5istame merendussektori tegevusn\u00f5udeid ja p\u00fc\u00fcame neid t\u00e4ita, tagades, et iga ankur ei vasta mitte ainult rangetele kvaliteedistandarditele, vaid ka meie klientide konkreetsetele rakendusn\u00f5uetele.<\/p>\n<p>Meie individuaalse klienditeeninduse mudel eristab meid teistest tarnijatest, soodustades personaalset l\u00e4henemist igale tehingule. Alates esialgsest p\u00e4ringust kuni tarnimiseni saavad kliendid p\u00fchendunud abi meie asjatundlikelt t\u00f6\u00f6tajatelt, kes annavad juhiseid t\u00f6\u00f6stusstandardite ja rakendusspetsiifiliste n\u00f5uete alusel. N\u00e4iteks pakume n\u00f5u Spek Anchor'i sobiva kaalu ja suuruse valimisel vastavalt laeva t\u00fc\u00fcbile ja t\u00fc\u00fcpilistele meretingimustele, tagades, et kliendid teevad teadlikke otsuseid, mis suurendavad t\u00f6\u00f6ohutust ja t\u00f5husust.<\/p>\n<p>Meie p\u00fchendumust l\u00e4bipaistvusele r\u00f5hutab veelgi meie ulatuslik kvaliteedi tagamise protsess. Iga Spek Anchor l\u00e4bib p\u00f5hjaliku testimise, et kontrollida selliseid tegureid nagu t\u00f5mbetugevus, kaalu j\u00e4rjepidevus ja korrosioonikindlus. Need testimisprotsessid dokumenteeritakse \u00fcksikasjalikes kontrolliaruannetes, mida me jagame klientidega, andes neile kindlustunde toote vastupidavuse ja toimivuse suhtes. Lisaks v\u00f5imaldavad meie t\u00f5hus logistika ja laost laoruumidesse tarnimise v\u00f5imalused toodete \u00f5igeaegset saabumist, mis aitab v\u00e4hendada klientide tegevuse katkestusi ja maksimeerida mugavust.<\/p>\n<p>Qingdao H&amp;F keskendub tipptasemel teenindusele ja tootekvaliteedile, mist\u00f5ttu oleme ideaalne valik ostjatele, kes otsivad mitte ainult tugevaid ja usaldusv\u00e4\u00e4rseid ankruteid, vaid ka sujuvat ostukogemust.<\/p>","protected":false},"excerpt":{"rendered":"<p>Spek Anchor, mis on merenduses p\u00f5hiline, on v\u00e4ga hinnatud ostjate poolt, kes otsivad usaldusv\u00e4\u00e4rsuse ja t\u00f5husa toimimise tasakaalu erinevates ookeanitingimustes. Spek Anchor on tuntud oma tugeva pidamisv\u00f5ime ja stabiilsuse poolest ning sobib eriti h\u00e4sti laevadele, mis s\u00f5idavad m\u00f5\u00f5dukas kuni karmi meres. Qingdao H&amp;F l\u00e4heb sammu v\u00f5rra kaugemale, pakkudes individuaalset klienditeenindust, et tagada igale kliendile tema erivajadustele kohandatud n\u00f5ustamine. Meie kiire tarnets\u00fckkel v\u00e4hendab seisakuid, samal ajal kui meie valik kvaliteedikontrolli aruandeid pakub ostjatele t\u00e4iendavat kindlustunnet toote usaldusv\u00e4\u00e4rsuse ja vastupidavuse suhtes. Merendussektori spetsialistidele tagab meie keskendumine erakordsele teenindusele ja lihtsustatud protsessidele sujuv ostukogemus.<\/p>","protected":false},"featured_media":8311,"comment_status":"open","ping_status":"closed","template":"","meta":{"site-sidebar-layout":"default","site-content-layout":"","ast-site-content-layout":"default","site-content-style":"default","site-sidebar-style":"default","ast-global-header-display":"","ast-banner-title-visibility":"","ast-main-header-display":"","ast-hfb-above-header-display":"","ast-hfb-below-header-display":"","ast-hfb-mobile-header-display":"","site-post-title":"","ast-breadcrumbs-content":"","ast-featured-img":"","footer-sml-layout":"","theme-transparent-header-meta":"default","adv-header-id-meta":"","stick-header-meta":"default","header-above-stick-meta":"","header-main-stick-meta":"","header-below-stick-meta":"","astra-migrate-meta-layouts":"set","ast-page-background-enabled":"default","ast-page-background-meta":{"desktop":{"background-color":"","background-image":"","background-repeat":"repeat","background-position":"center center","background-size":"auto","background-attachment":"scroll","background-type":"","background-media":"","overlay-type":"","overlay-color":"","overlay-opacity":"","overlay-gradient":""},"tablet":{"background-color":"","background-image":"","background-repeat":"repeat","background-position":"center center","background-size":"auto","background-attachment":"scroll","background-type":"","background-media":"","overlay-type":"","overlay-color":"","overlay-opacity":"","overlay-gradient":""},"mobile":{"background-color":"","background-image":"","background-repeat":"repeat","background-position":"center center","background-size":"auto","background-attachment":"scroll","background-type":"","background-media":"","overlay-type":"","overlay-color":"","overlay-opacity":"","overlay-gradient":""}},"ast-content-background-meta":{"desktop":{"background-color":"var(--ast-global-color-5)","background-image":"","background-repeat":"repeat","background-position":"center center","background-size":"auto","background-attachment":"scroll","background-type":"","background-media":"","overlay-type":"","overlay-color":"","overlay-opacity":"","overlay-gradient":""},"tablet":{"background-color":"var(--ast-global-color-5)","background-image":"","background-repeat":"repeat","background-position":"center center","background-size":"auto","background-attachment":"scroll","background-type":"","background-media":"","overlay-type":"","overlay-color":"","overlay-opacity":"","overlay-gradient":""},"mobile":{"background-color":"var(--ast-global-color-5)","background-image":"","background-repeat":"repeat","background-position":"center center","background-size":"auto","background-attachment":"scroll","background-type":"","background-media":"","overlay-type":"","overlay-color":"","overlay-opacity":"","overlay-gradient":""}}},"product_brand":[],"product_cat":[74],"product_tag":[],"class_list":{"0":"post-8310","1":"product","2":"type-product","3":"status-publish","4":"has-post-thumbnail","6":"product_cat-boat-anchor","7":"desktop-align-left","8":"tablet-align-left","9":"mobile-align-left","10":"ast-product-gallery-layout-horizontal-slider","11":"ast-product-tabs-layout-horizontal","13":"first","14":"instock","15":"shipping-taxable","16":"purchasable","17":"product-type-simple"},"yoast_head":"<!-- This site is optimized with the Yoast SEO plugin v25.2 - https:\/\/yoast.com\/wordpress\/plugins\/seo\/ -->\n<title>Spek Anchor Stockless Anchor<\/title>\n<meta name=\"robots\" content=\"index, follow, max-snippet:-1, max-image-preview:large, max-video-preview:-1\" \/>\n<link rel=\"canonical\" href=\"https:\/\/qingdaohf.com\/et\/toode\/spek-ankur-stockless-ankur\/\" \/>\n<meta property=\"og:locale\" content=\"et_EE\" \/>\n<meta property=\"og:type\" content=\"article\" \/>\n<meta property=\"og:title\" content=\"Spek Anchor Stockless Anchor\" \/>\n<meta property=\"og:description\" content=\"The Spek Anchor, a staple in marine applications, is highly valued by buyers seeking a balance of reliability and efficient performance in diverse ocean conditions. Known for its robust holding power and stability, the Spek Anchor is particularly well-suited for vessels in moderate to rough seas. At Qingdao H&amp;F, we go a step further by providing one-on-one customer service to ensure each client receives guidance tailored to their specific requirements. Our fast delivery cycle reduces downtime, while our range of quality inspection reports offers buyers added confidence in product reliability and durability. For marine industry professionals, our focus on exceptional service and streamlined processes ensures a seamless purchasing experience.\" \/>\n<meta property=\"og:url\" content=\"https:\/\/qingdaohf.com\/et\/toode\/spek-ankur-stockless-ankur\/\" \/>\n<meta property=\"og:site_name\" content=\"Concrete Form &amp; Rigging Hardware Supplier\" \/>\n<meta property=\"article:publisher\" content=\"https:\/\/www.facebook.com\/qingdaohf\" \/>\n<meta property=\"article:modified_time\" content=\"2025-11-13T01:02:52+00:00\" \/>\n<meta property=\"og:image\" content=\"https:\/\/qingdaohf.com\/wp-content\/uploads\/2024\/11\/spek-anchor.jpg\" \/>\n\t<meta property=\"og:image:width\" content=\"1000\" \/>\n\t<meta property=\"og:image:height\" content=\"1000\" \/>\n\t<meta property=\"og:image:type\" content=\"image\/jpeg\" \/>\n<meta name=\"twitter:card\" content=\"summary_large_image\" \/>\n<meta name=\"twitter:label1\" content=\"Est. reading time\" \/>\n\t<meta name=\"twitter:data1\" content=\"5 minutit\" \/>\n<script type=\"application\/ld+json\" class=\"yoast-schema-graph\">{\"@context\":\"https:\/\/schema.org\",\"@graph\":[{\"@type\":\"WebPage\",\"@id\":\"https:\/\/qingdaohf.com\/product\/spek-anchor-stockless-anchor\/\",\"url\":\"https:\/\/qingdaohf.com\/product\/spek-anchor-stockless-anchor\/\",\"name\":\"Spek Anchor Stockless Anchor\",\"isPartOf\":{\"@id\":\"https:\/\/qingdaohf.com\/bg\/#website\"},\"primaryImageOfPage\":{\"@id\":\"https:\/\/qingdaohf.com\/product\/spek-anchor-stockless-anchor\/#primaryimage\"},\"image\":{\"@id\":\"https:\/\/qingdaohf.com\/product\/spek-anchor-stockless-anchor\/#primaryimage\"},\"thumbnailUrl\":\"https:\/\/qingdaohf.com\/wp-content\/uploads\/2024\/11\/spek-anchor.jpg\",\"datePublished\":\"2024-11-07T06:33:56+00:00\",\"dateModified\":\"2025-11-13T01:02:52+00:00\",\"breadcrumb\":{\"@id\":\"https:\/\/qingdaohf.com\/product\/spek-anchor-stockless-anchor\/#breadcrumb\"},\"inLanguage\":\"et\",\"potentialAction\":[{\"@type\":\"ReadAction\",\"target\":[\"https:\/\/qingdaohf.com\/product\/spek-anchor-stockless-anchor\/\"]}]},{\"@type\":\"ImageObject\",\"inLanguage\":\"et\",\"@id\":\"https:\/\/qingdaohf.com\/product\/spek-anchor-stockless-anchor\/#primaryimage\",\"url\":\"https:\/\/qingdaohf.com\/wp-content\/uploads\/2024\/11\/spek-anchor.jpg\",\"contentUrl\":\"https:\/\/qingdaohf.com\/wp-content\/uploads\/2024\/11\/spek-anchor.jpg\",\"width\":1000,\"height\":1000,\"caption\":\"spek anchor\"},{\"@type\":\"BreadcrumbList\",\"@id\":\"https:\/\/qingdaohf.com\/product\/spek-anchor-stockless-anchor\/#breadcrumb\",\"itemListElement\":[{\"@type\":\"ListItem\",\"position\":1,\"name\":\"Home\",\"item\":\"https:\/\/qingdaohf.com\/\"},{\"@type\":\"ListItem\",\"position\":2,\"name\":\"Concrete Forming Accessories and Rigging Hardware\",\"item\":\"https:\/\/qingdaohf.com\/bg\/?page_id=944\"},{\"@type\":\"ListItem\",\"position\":3,\"name\":\"Spek Anchor Stockless Anchor\"}]},{\"@type\":\"WebSite\",\"@id\":\"https:\/\/qingdaohf.com\/bg\/#website\",\"url\":\"https:\/\/qingdaohf.com\/bg\/\",\"name\":\"Concrete Form & Rigging Hardware Supplier\",\"description\":\"\",\"publisher\":{\"@id\":\"https:\/\/qingdaohf.com\/bg\/#organization\"},\"potentialAction\":[{\"@type\":\"SearchAction\",\"target\":{\"@type\":\"EntryPoint\",\"urlTemplate\":\"https:\/\/qingdaohf.com\/bg\/?s={search_term_string}\"},\"query-input\":{\"@type\":\"PropertyValueSpecification\",\"valueRequired\":true,\"valueName\":\"search_term_string\"}}],\"inLanguage\":\"et\"},{\"@type\":\"Organization\",\"@id\":\"https:\/\/qingdaohf.com\/bg\/#organization\",\"name\":\"Qingdao H&F\",\"url\":\"https:\/\/qingdaohf.com\/bg\/\",\"logo\":{\"@type\":\"ImageObject\",\"inLanguage\":\"et\",\"@id\":\"https:\/\/qingdaohf.com\/bg\/#\/schema\/logo\/image\/\",\"url\":\"https:\/\/qingdaohf.com\/wp-content\/uploads\/2022\/12\/cropped-HF-LOGO.png\",\"contentUrl\":\"https:\/\/qingdaohf.com\/wp-content\/uploads\/2022\/12\/cropped-HF-LOGO.png\",\"width\":391,\"height\":249,\"caption\":\"Qingdao H&F\"},\"image\":{\"@id\":\"https:\/\/qingdaohf.com\/bg\/#\/schema\/logo\/image\/\"},\"sameAs\":[\"https:\/\/www.facebook.com\/qingdaohf\"]}]}<\/script>\n<!-- \/ Yoast SEO plugin. -->","yoast_head_json":{"title":"Spek Anchor Stockless Anchor","robots":{"index":"index","follow":"follow","max-snippet":"max-snippet:-1","max-image-preview":"max-image-preview:large","max-video-preview":"max-video-preview:-1"},"canonical":"https:\/\/qingdaohf.com\/et\/toode\/spek-ankur-stockless-ankur\/","og_locale":"et_EE","og_type":"article","og_title":"Spek Anchor Stockless Anchor","og_description":"The Spek Anchor, a staple in marine applications, is highly valued by buyers seeking a balance of reliability and efficient performance in diverse ocean conditions. Known for its robust holding power and stability, the Spek Anchor is particularly well-suited for vessels in moderate to rough seas. At Qingdao H&amp;F, we go a step further by providing one-on-one customer service to ensure each client receives guidance tailored to their specific requirements. Our fast delivery cycle reduces downtime, while our range of quality inspection reports offers buyers added confidence in product reliability and durability. For marine industry professionals, our focus on exceptional service and streamlined processes ensures a seamless purchasing experience.","og_url":"https:\/\/qingdaohf.com\/et\/toode\/spek-ankur-stockless-ankur\/","og_site_name":"Concrete Form &amp; Rigging Hardware Supplier","article_publisher":"https:\/\/www.facebook.com\/qingdaohf","article_modified_time":"2025-11-13T01:02:52+00:00","og_image":[{"width":1000,"height":1000,"url":"https:\/\/qingdaohf.com\/wp-content\/uploads\/2024\/11\/spek-anchor.jpg","type":"image\/jpeg"}],"twitter_card":"summary_large_image","twitter_misc":{"Est. reading time":"5 minutit"},"schema":{"@context":"https:\/\/schema.org","@graph":[{"@type":"WebPage","@id":"https:\/\/qingdaohf.com\/product\/spek-anchor-stockless-anchor\/","url":"https:\/\/qingdaohf.com\/product\/spek-anchor-stockless-anchor\/","name":"Spek Anchor Stockless Anchor","isPartOf":{"@id":"https:\/\/qingdaohf.com\/bg\/#website"},"primaryImageOfPage":{"@id":"https:\/\/qingdaohf.com\/product\/spek-anchor-stockless-anchor\/#primaryimage"},"image":{"@id":"https:\/\/qingdaohf.com\/product\/spek-anchor-stockless-anchor\/#primaryimage"},"thumbnailUrl":"https:\/\/qingdaohf.com\/wp-content\/uploads\/2024\/11\/spek-anchor.jpg","datePublished":"2024-11-07T06:33:56+00:00","dateModified":"2025-11-13T01:02:52+00:00","breadcrumb":{"@id":"https:\/\/qingdaohf.com\/product\/spek-anchor-stockless-anchor\/#breadcrumb"},"inLanguage":"et","potentialAction":[{"@type":"ReadAction","target":["https:\/\/qingdaohf.com\/product\/spek-anchor-stockless-anchor\/"]}]},{"@type":"ImageObject","inLanguage":"et","@id":"https:\/\/qingdaohf.com\/product\/spek-anchor-stockless-anchor\/#primaryimage","url":"https:\/\/qingdaohf.com\/wp-content\/uploads\/2024\/11\/spek-anchor.jpg","contentUrl":"https:\/\/qingdaohf.com\/wp-content\/uploads\/2024\/11\/spek-anchor.jpg","width":1000,"height":1000,"caption":"spek anchor"},{"@type":"BreadcrumbList","@id":"https:\/\/qingdaohf.com\/product\/spek-anchor-stockless-anchor\/#breadcrumb","itemListElement":[{"@type":"ListItem","position":1,"name":"Home","item":"https:\/\/qingdaohf.com\/"},{"@type":"ListItem","position":2,"name":"Concrete Forming Accessories and Rigging Hardware","item":"https:\/\/qingdaohf.com\/bg\/?page_id=944"},{"@type":"ListItem","position":3,"name":"Spek Anchor Stockless Anchor"}]},{"@type":"WebSite","@id":"https:\/\/qingdaohf.com\/bg\/#website","url":"https:\/\/qingdaohf.com\/bg\/","name":"Concrete Form & Rigging Hardware Supplier","description":"","publisher":{"@id":"https:\/\/qingdaohf.com\/bg\/#organization"},"potentialAction":[{"@type":"SearchAction","target":{"@type":"EntryPoint","urlTemplate":"https:\/\/qingdaohf.com\/bg\/?s={search_term_string}"},"query-input":{"@type":"PropertyValueSpecification","valueRequired":true,"valueName":"search_term_string"}}],"inLanguage":"et"},{"@type":"Organization","@id":"https:\/\/qingdaohf.com\/bg\/#organization","name":"Qingdao H&F","url":"https:\/\/qingdaohf.com\/bg\/","logo":{"@type":"ImageObject","inLanguage":"et","@id":"https:\/\/qingdaohf.com\/bg\/#\/schema\/logo\/image\/","url":"https:\/\/qingdaohf.com\/wp-content\/uploads\/2022\/12\/cropped-HF-LOGO.png","contentUrl":"https:\/\/qingdaohf.com\/wp-content\/uploads\/2022\/12\/cropped-HF-LOGO.png","width":391,"height":249,"caption":"Qingdao H&F"},"image":{"@id":"https:\/\/qingdaohf.com\/bg\/#\/schema\/logo\/image\/"},"sameAs":["https:\/\/www.facebook.com\/qingdaohf"]}]}},"_links":{"self":[{"href":"https:\/\/qingdaohf.com\/et\/wp-json\/wp\/v2\/product\/8310","targetHints":{"allow":["GET"]}}],"collection":[{"href":"https:\/\/qingdaohf.com\/et\/wp-json\/wp\/v2\/product"}],"about":[{"href":"https:\/\/qingdaohf.com\/et\/wp-json\/wp\/v2\/types\/product"}],"replies":[{"embeddable":true,"href":"https:\/\/qingdaohf.com\/et\/wp-json\/wp\/v2\/comments?post=8310"}],"version-history":[{"count":1,"href":"https:\/\/qingdaohf.com\/et\/wp-json\/wp\/v2\/product\/8310\/revisions"}],"predecessor-version":[{"id":8319,"href":"https:\/\/qingdaohf.com\/et\/wp-json\/wp\/v2\/product\/8310\/revisions\/8319"}],"wp:featuredmedia":[{"embeddable":true,"href":"https:\/\/qingdaohf.com\/et\/wp-json\/wp\/v2\/media\/8311"}],"wp:attachment":[{"href":"https:\/\/qingdaohf.com\/et\/wp-json\/wp\/v2\/media?parent=8310"}],"wp:term":[{"taxonomy":"product_brand","embeddable":true,"href":"https:\/\/qingdaohf.com\/et\/wp-json\/wp\/v2\/product_brand?post=8310"},{"taxonomy":"product_cat","embeddable":true,"href":"https:\/\/qingdaohf.com\/et\/wp-json\/wp\/v2\/product_cat?post=8310"},{"taxonomy":"product_tag","embeddable":true,"href":"https:\/\/qingdaohf.com\/et\/wp-json\/wp\/v2\/product_tag?post=8310"}],"curies":[{"name":"wp","href":"https:\/\/api.w.org\/{rel}","templated":true}]}}