{"id":8418,"date":"2024-11-29T16:19:54","date_gmt":"2024-11-29T08:19:54","guid":{"rendered":"http:\/\/qingdaohf.com\/?post_type=product&#038;p=8418"},"modified":"2025-11-13T09:02:52","modified_gmt":"2025-11-13T01:02:52","slug":"boat-ladder","status":"publish","type":"product","link":"https:\/\/qingdaohf.com\/et\/toode\/paaditrepp\/","title":{"rendered":"Paadi redel"},"content":{"rendered":"<h3>Paaditreppide roll meres\u00f5iduohutuse ja -mugavuse tagamisel<\/h3>\n<p>Pardatrepid on oluline vees\u00f5iduki lisavarustus, mis tagab h\u00f5lpsa ja ohutu juurdep\u00e4\u00e4su laevale k\u00f5ikides tingimustes. Need redelid \u00fcletavad vee ja teki vahelise l\u00f5he, olenemata sellest, kas tegemist on harrastuspaadiga, professionaalse sukeldumise v\u00f5i sportliku kalap\u00fc\u00fcgiga. Nende konstruktsioon peab arvestama nii stabiilsust kui ka kerget konstruktsiooni, kuna need peavad vastu pidama niiskusele, UV-kiirgusele ja m\u00f5nikord v\u00e4ga karmile merekeskkonnale. Paaditrepi valik v\u00f5ib suuresti m\u00f5jutada \u00fcldist paadis\u00f5iduelamust; k\u00f5rgekvaliteediline disain tagab kasutusmugavuse ja kestva toimivuse.<\/p>\n<p>Qingdao H&amp;F m\u00f5istab, kui oluline on paaditreppide funktsionaalsus ja vastupidavus. T\u00e4nu suurele kaubandusv\u00f5rgule ja rangele kvaliteedikontrollis\u00fcsteemile tagame, et meie tooted vastavad parimatele standarditele. Meie mitmek\u00fclgne pakkumine vastab erinevatele laevat\u00fc\u00fcpidele ja kasutajate vajadustele, pakkudes usaldusv\u00e4\u00e4rset lahendust professionaalsetele ja meelelahutuslikele rakendustele merendussektoris.<\/p>\n<h3>Paaditreppide sortide uurimine<\/h3>\n<p>Igaks konkreetseks otstarbeks on olemas erinevatele merendustegevustele sobivad paaditrepid. Kokkupandavad redelid on n\u00e4iteks suurep\u00e4rane ruumi s\u00e4\u00e4stev lahendus v\u00e4iksematele laevadele. Nende kompaktne konstruktsioon ei tee kompromisse funktsionaalsuse osas, pakkudes kindlaid astmeid ja libisemisvastaseid omadusi turvaliseks sissep\u00e4\u00e4suks. Teisest k\u00fcljest on teleskoopredelid leidnud suurt tunnustust nende paindlikkuse poolest, kuna nad on v\u00f5imelised pikendama mis tahes pikkusele ja t\u00f5mbuvad korralikult tagasi, kui neid ei kasutata. Fikseeritud redelid on k\u00fcll v\u00e4hem mitmek\u00fclgsed, kuid pakuvad v\u00f5rratut stabiilsust suurematele laevadele, kus on v\u00f5imalik p\u00fcsiv paigaldus.<\/p>\n<p>Materjalide valik muutub siinkohal kriitiliseks ning roostevaba teras on silmapaistev t\u00e4nu oma korrosiooni- ja kulumiskindlusele. Libisemiskindla tekstuuriga astmed suurendavad haardumist, v\u00e4hendades libisemise v\u00f5imalust, kui astmed saavad m\u00e4rjaks. Enamik ostjaid otsib redeleid, mis v\u00f5iksid \u00fchendada uuendusliku disaini ja funktsionaalsuse, tagades, et need vastavad nende laevade esteetilistele ja funktsionaalsetele vajadustele. Siin Qingdao H&amp;F-is oleme uhked, et m\u00f5istame neid prioriteete ja pakume erinevaid vastupidavaid ja t\u00f5husaid paaditreppe.<\/p>\n<h3>Miks valida Qingdao H&amp;F paaditreppide jaoks<\/h3>\n<p>Meie kaubandusettev\u00f5te eristub, r\u00f5hutades kvaliteeti ja kliendi rahulolu igas suhtluses. Alates esimesest konsultatsioonist kuni ostuj\u00e4rgse toetamiseni pakume individuaalset teenust, et ostjad leiaksid oma merendusvajadustele k\u00f5ige paremini sobivad tooted. K\u00f5iki redeleid testitakse rangelt ja esitatakse \u00fcksikasjalikud kvaliteedikontrolli aruanded, et kinnitada klientidele meie p\u00fchendumust tipptasemele.<\/p>\n<p>Qingdao H&amp;F teenuse teine tunnus on kiire tarneperiood. T\u00f6\u00f6stuses, kus ajastus v\u00f5ib m\u00f5jutada projektide ajakavasid ja puhkeplaane, tagame, et tooted j\u00f5uavad klientideni kiiresti. Lisaks logistilisele t\u00f5hususele keskendume endiselt p\u00fcsiva partnerluse loomisele klientidega, mis p\u00f5hineb usaldusel, l\u00e4bipaistvusel ja kohandatud lahendustel.<\/p>\n<p>Pardatrepid ei ole lihtsalt lisaseadmed; need on osa sellest, mis m\u00e4\u00e4rab nii ohutuse kui ka ligip\u00e4\u00e4setavuse vee peal. Funktsionaalse disaini, tugevate materjalide ja usaldusv\u00e4\u00e4rse toimivuse kombinatsioon t\u00f5i tootesarja, mis sobib igasuguste vajadustega meremaailmas. Tehke meiega koost\u00f6\u00f6d ja olge kindel, et saate parima toote ja v\u00f5rratu ostukogemuse, mida r\u00f5hutab kiire teenindus ja usaldusv\u00e4\u00e4rne kvaliteet.<\/p>","protected":false},"excerpt":{"rendered":"<div class=\"InputContainer_userInputWrapper__WcJ_k\">\n<div class=\"ParaphraseButton_wrapper__7guiI InputContainer_paraphraseButton__Z9w4R\">\n<div class=\"ParaphraseButton_paraphraseContainer__OxC0W\"><span class=\"Editor_t__not_edited__WuRP8\" style=\"font-size: 16px;\">Paadi redelid on <\/span><span class=\"Editor_t__added__LtuNJ\" style=\"font-size: 16px;\">oluline<\/span><span class=\"Editor_t__not_edited__WuRP8\" style=\"font-size: 16px;\">\u00a0.\u00a0<\/span><span class=\"Editor_t__added__LtuNJ\" style=\"font-size: 16px;\">lihtne<\/span><span class=\"Editor_t__not_edited__WuRP8\" style=\"font-size: 16px;\">\u00a0<\/span><span class=\"Editor_t__added__LtuNJ\" style=\"font-size: 16px;\">pardaleminek<\/span><span class=\"Editor_t__not_edited__WuRP8\" style=\"font-size: 16px;\">\u00a0ja\u00a0<\/span><span class=\"Editor_t__added__LtuNJ\" style=\"font-size: 16px;\">maabumine<\/span><span class=\"Editor_t__not_edited_long__JuNNx\" style=\"font-size: 16px;\">, mis pakub meres\u00f5iduentusiastidele nii ohutust kui ka mugavust.\u00a0<\/span><span class=\"Editor_t__added__LtuNJ\" style=\"font-size: 16px;\">Omadused, mis on j\u00e4rgmised\u00a0<\/span><span class=\"Editor_t__not_edited__WuRP8\" style=\"font-size: 16px;\">ostjad\u00a0<\/span><span class=\"Editor_t__added__LtuNJ\" style=\"font-size: 16px;\">tavaliselt<\/span><span class=\"Editor_t__not_edited__WuRP8\" style=\"font-size: 16px;\">\u00a0<\/span><span class=\"Editor_t__added__LtuNJ\" style=\"font-size: 16px;\">vaata<\/span><span class=\"Editor_t__not_edited__WuRP8\" style=\"font-size: 16px;\">\u00a0<\/span><span class=\"Editor_t__added__LtuNJ\" style=\"font-size: 16px;\">.<\/span><span class=\"Editor_t__not_edited__WuRP8\" style=\"font-size: 16px;\">\u00a0<\/span><span class=\"Editor_t__added__LtuNJ\" style=\"font-size: 16px;\">tootes on vastupidavus<\/span><span class=\"Editor_t__not_edited__WuRP8\" style=\"font-size: 16px;\">, libisemisvastane\u00a0<\/span><span class=\"Editor_t__added__LtuNJ\" style=\"font-size: 16px;\">disain<\/span><span class=\"Editor_t__not_edited__WuRP8\" style=\"font-size: 16px;\">, ja lihtne ladustamine<\/span><span class=\"Editor_t__added__LtuNJ\" style=\"font-size: 16px;\">,<\/span><span class=\"Editor_t__not_edited__WuRP8\" style=\"font-size: 16px;\">\u00a0<\/span><span class=\"Editor_t__added__LtuNJ\" style=\"font-size: 16px;\">antud<\/span><span class=\"Editor_t__not_edited__WuRP8\" style=\"font-size: 16px;\">\u00a0<\/span><span class=\"Editor_t__not_edited_long__JuNNx\" style=\"font-size: 16px;\">soolase veega kokkupuute ja piiratud tekipinnaga seotud probleemid. Qingdao H&amp;F\u00a0<\/span><span class=\"Editor_t__added__LtuNJ\" style=\"font-size: 16px;\">t\u00f6\u00f6tab<\/span><span class=\"Editor_t__not_edited__WuRP8\" style=\"font-size: 16px;\">\u00a0<\/span><span class=\"Editor_t__added__LtuNJ\" style=\"font-size: 16px;\">tagada, et\u00a0<\/span><span class=\"Editor_t__not_edited__WuRP8\" style=\"font-size: 16px;\">need\u00a0<\/span><span class=\"Editor_t__added__LtuNJ\" style=\"font-size: 16px;\">n\u00f5udmised<\/span><span class=\"Editor_t__not_edited__WuRP8\" style=\"font-size: 16px;\">\u00a0on\u00a0<\/span><span class=\"Editor_t__added__LtuNJ\" style=\"font-size: 16px;\">rahul<\/span><span class=\"Editor_t__not_edited__WuRP8\" style=\"font-size: 16px;\">\u00a0poolt\u00a0<\/span><span class=\"Editor_t__added__LtuNJ\" style=\"font-size: 16px;\">pakkudes<\/span><span class=\"Editor_t__not_edited__WuRP8\" style=\"font-size: 16px;\">\u00a0<\/span><span class=\"Editor_t__added__LtuNJ\" style=\"font-size: 16px;\">kliendid koos\u00a0<\/span><span class=\"Editor_t__not_edited__WuRP8\" style=\"font-size: 16px;\">kvaliteetsed paadi redelid\u00a0<\/span><span class=\"Editor_t__added__LtuNJ\" style=\"font-size: 16px;\">toetatud<\/span><span class=\"Editor_t__not_edited_long__JuNNx\" style=\"font-size: 16px;\">\u00a0p\u00f5hjalike kvaliteedikontrolli aruannete abil.\u00a0<\/span><span class=\"Editor_t__added__LtuNJ\" style=\"font-size: 16px;\">Koos<\/span><span class=\"Editor_t__not_edited__WuRP8\" style=\"font-size: 16px;\">\u00a0\u00fcks-\u00fchele klienditeenindus<\/span><span class=\"Editor_t__added__LtuNJ\" style=\"font-size: 16px;\">,<\/span><span class=\"Editor_t__not_edited__WuRP8\" style=\"font-size: 16px;\">\u00a0<\/span><span class=\"Editor_t__not_edited__WuRP8\" style=\"font-size: 16px;\">lahendused<\/span><span class=\"Editor_t__not_edited__WuRP8\" style=\"font-size: 16px;\">\u00a0<\/span><span class=\"Editor_t__added__LtuNJ\" style=\"font-size: 16px;\">on<\/span><span class=\"Editor_t__not_edited__WuRP8\" style=\"font-size: 16px;\">\u00a0<\/span><span class=\"Editor_t__added__LtuNJ\" style=\"font-size: 16px;\">r\u00e4tsepat\u00f6\u00f6na;<\/span><span class=\"Editor_t__not_edited__WuRP8\" style=\"font-size: 16px;\">\u00a0kiire tarne\u00a0<\/span><span class=\"Editor_t__added__LtuNJ\" style=\"font-size: 16px;\">ts\u00fcklid<\/span><span class=\"Editor_t__not_edited__WuRP8\" style=\"font-size: 16px;\">\u00a0<\/span><span class=\"Editor_t__added__LtuNJ\" style=\"font-size: 16px;\">keskmine<\/span><span class=\"Editor_t__not_edited__WuRP8\" style=\"font-size: 16px;\">\u00a0seisakuaeg<\/span><span class=\"Editor_t__added__LtuNJ\" style=\"font-size: 16px;\">\u00a0on minimaalne<\/span><span class=\"Editor_t__not_edited__WuRP8\" style=\"font-size: 16px;\">,\u00a0<\/span><span class=\"Editor_t__added__LtuNJ\" style=\"font-size: 16px;\">nii et<\/span><span class=\"Editor_t__not_edited__WuRP8\" style=\"font-size: 16px;\">\u00a0iga ostu puhul\u00a0<\/span><span class=\"Editor_t__added__LtuNJ\" style=\"font-size: 16px;\">saab<\/span><span class=\"Editor_t__not_edited__WuRP8\" style=\"font-size: 16px;\">\u00a0<\/span><span class=\"Editor_t__added__LtuNJ\" style=\"font-size: 16px;\">meie<\/span><span class=\"Editor_t__not_edited__WuRP8\" style=\"font-size: 16px;\">\u00a0<\/span><span class=\"Editor_t__added__LtuNJ\" style=\"font-size: 16px;\">klient \u00fcks\u00a0<\/span><span class=\"Editor_t__not_edited__WuRP8\" style=\"font-size: 16px;\">samm\u00a0<\/span><span class=\"Editor_t__added__LtuNJ\" style=\"font-size: 16px;\">l\u00e4hemal<\/span><span class=\"Editor_t__not_edited__WuRP8\" style=\"font-size: 16px;\">\u00a0<\/span><span class=\"Editor_t__added__LtuNJ\" style=\"font-size: 16px;\">aadressile<\/span><span class=\"Editor_t__not_edited__WuRP8\" style=\"font-size: 16px;\">\u00a0<\/span><span class=\"Editor_t__added__LtuNJ\" style=\"font-size: 16px;\">parem\u00a0<\/span><span class=\"Editor_t__not_edited__WuRP8\" style=\"font-size: 16px;\">merendusalased kogemused.<\/span><\/div>\n<\/div>\n<\/div>","protected":false},"featured_media":8425,"comment_status":"open","ping_status":"closed","template":"","meta":{"site-sidebar-layout":"default","site-content-layout":"","ast-site-content-layout":"default","site-content-style":"default","site-sidebar-style":"default","ast-global-header-display":"","ast-banner-title-visibility":"","ast-main-header-display":"","ast-hfb-above-header-display":"","ast-hfb-below-header-display":"","ast-hfb-mobile-header-display":"","site-post-title":"","ast-breadcrumbs-content":"","ast-featured-img":"","footer-sml-layout":"","theme-transparent-header-meta":"default","adv-header-id-meta":"","stick-header-meta":"default","header-above-stick-meta":"","header-main-stick-meta":"","header-below-stick-meta":"","astra-migrate-meta-layouts":"set","ast-page-background-enabled":"default","ast-page-background-meta":{"desktop":{"background-color":"","background-image":"","background-repeat":"repeat","background-position":"center center","background-size":"auto","background-attachment":"scroll","background-type":"","background-media":"","overlay-type":"","overlay-color":"","overlay-opacity":"","overlay-gradient":""},"tablet":{"background-color":"","background-image":"","background-repeat":"repeat","background-position":"center center","background-size":"auto","background-attachment":"scroll","background-type":"","background-media":"","overlay-type":"","overlay-color":"","overlay-opacity":"","overlay-gradient":""},"mobile":{"background-color":"","background-image":"","background-repeat":"repeat","background-position":"center center","background-size":"auto","background-attachment":"scroll","background-type":"","background-media":"","overlay-type":"","overlay-color":"","overlay-opacity":"","overlay-gradient":""}},"ast-content-background-meta":{"desktop":{"background-color":"var(--ast-global-color-5)","background-image":"","background-repeat":"repeat","background-position":"center center","background-size":"auto","background-attachment":"scroll","background-type":"","background-media":"","overlay-type":"","overlay-color":"","overlay-opacity":"","overlay-gradient":""},"tablet":{"background-color":"var(--ast-global-color-5)","background-image":"","background-repeat":"repeat","background-position":"center center","background-size":"auto","background-attachment":"scroll","background-type":"","background-media":"","overlay-type":"","overlay-color":"","overlay-opacity":"","overlay-gradient":""},"mobile":{"background-color":"var(--ast-global-color-5)","background-image":"","background-repeat":"repeat","background-position":"center center","background-size":"auto","background-attachment":"scroll","background-type":"","background-media":"","overlay-type":"","overlay-color":"","overlay-opacity":"","overlay-gradient":""}}},"product_brand":[],"product_cat":[44],"product_tag":[],"class_list":{"0":"post-8418","1":"product","2":"type-product","3":"status-publish","4":"has-post-thumbnail","6":"product_cat-stainless-steel-poduct","7":"desktop-align-left","8":"tablet-align-left","9":"mobile-align-left","10":"ast-product-gallery-layout-horizontal-slider","11":"ast-product-tabs-layout-horizontal","13":"first","14":"instock","15":"shipping-taxable","16":"purchasable","17":"product-type-simple"},"yoast_head":"<!-- This site is optimized with the Yoast SEO plugin v25.2 - https:\/\/yoast.com\/wordpress\/plugins\/seo\/ -->\n<title>Boat Ladder<\/title>\n<meta name=\"description\" content=\"Boat ladders are important\u00a0for\u00a0easy\u00a0embarkation\u00a0and\u00a0disembarkation, offering both safety and convenience to marine enthusiasts.\u00a0\" \/>\n<meta name=\"robots\" content=\"index, follow, max-snippet:-1, max-image-preview:large, max-video-preview:-1\" \/>\n<link rel=\"canonical\" href=\"https:\/\/qingdaohf.com\/et\/toode\/paaditrepp\/\" \/>\n<meta property=\"og:locale\" content=\"et_EE\" \/>\n<meta property=\"og:type\" content=\"article\" \/>\n<meta property=\"og:title\" content=\"Boat Ladder\" \/>\n<meta property=\"og:description\" content=\"Boat ladders are important\u00a0for\u00a0easy\u00a0embarkation\u00a0and\u00a0disembarkation, offering both safety and convenience to marine enthusiasts.\u00a0\" \/>\n<meta property=\"og:url\" content=\"https:\/\/qingdaohf.com\/et\/toode\/paaditrepp\/\" \/>\n<meta property=\"og:site_name\" content=\"Concrete Form &amp; Rigging Hardware Supplier\" \/>\n<meta property=\"article:publisher\" content=\"https:\/\/www.facebook.com\/qingdaohf\" \/>\n<meta property=\"article:modified_time\" content=\"2025-11-13T01:02:52+00:00\" \/>\n<meta property=\"og:image\" content=\"https:\/\/qingdaohf.com\/wp-content\/uploads\/2024\/11\/boat-ladder-1.jpg\" \/>\n\t<meta property=\"og:image:width\" content=\"1000\" \/>\n\t<meta property=\"og:image:height\" content=\"1000\" \/>\n\t<meta property=\"og:image:type\" content=\"image\/jpeg\" \/>\n<meta name=\"twitter:card\" content=\"summary_large_image\" \/>\n<meta name=\"twitter:label1\" content=\"Est. reading time\" \/>\n\t<meta name=\"twitter:data1\" content=\"3 minutit\" \/>\n<script type=\"application\/ld+json\" class=\"yoast-schema-graph\">{\"@context\":\"https:\/\/schema.org\",\"@graph\":[{\"@type\":\"WebPage\",\"@id\":\"https:\/\/qingdaohf.com\/product\/boat-ladder\/\",\"url\":\"https:\/\/qingdaohf.com\/product\/boat-ladder\/\",\"name\":\"Boat Ladder\",\"isPartOf\":{\"@id\":\"https:\/\/qingdaohf.com\/bg\/#website\"},\"primaryImageOfPage\":{\"@id\":\"https:\/\/qingdaohf.com\/product\/boat-ladder\/#primaryimage\"},\"image\":{\"@id\":\"https:\/\/qingdaohf.com\/product\/boat-ladder\/#primaryimage\"},\"thumbnailUrl\":\"https:\/\/qingdaohf.com\/wp-content\/uploads\/2024\/11\/boat-ladder-1.jpg\",\"datePublished\":\"2024-11-29T08:19:54+00:00\",\"dateModified\":\"2025-11-13T01:02:52+00:00\",\"description\":\"Boat ladders are important\u00a0for\u00a0easy\u00a0embarkation\u00a0and\u00a0disembarkation, offering both safety and convenience to marine enthusiasts.\u00a0\",\"breadcrumb\":{\"@id\":\"https:\/\/qingdaohf.com\/product\/boat-ladder\/#breadcrumb\"},\"inLanguage\":\"et\",\"potentialAction\":[{\"@type\":\"ReadAction\",\"target\":[\"https:\/\/qingdaohf.com\/product\/boat-ladder\/\"]}]},{\"@type\":\"ImageObject\",\"inLanguage\":\"et\",\"@id\":\"https:\/\/qingdaohf.com\/product\/boat-ladder\/#primaryimage\",\"url\":\"https:\/\/qingdaohf.com\/wp-content\/uploads\/2024\/11\/boat-ladder-1.jpg\",\"contentUrl\":\"https:\/\/qingdaohf.com\/wp-content\/uploads\/2024\/11\/boat-ladder-1.jpg\",\"width\":1000,\"height\":1000,\"caption\":\"boat ladder\"},{\"@type\":\"BreadcrumbList\",\"@id\":\"https:\/\/qingdaohf.com\/product\/boat-ladder\/#breadcrumb\",\"itemListElement\":[{\"@type\":\"ListItem\",\"position\":1,\"name\":\"Home\",\"item\":\"https:\/\/qingdaohf.com\/\"},{\"@type\":\"ListItem\",\"position\":2,\"name\":\"Concrete Forming Accessories and Rigging Hardware\",\"item\":\"https:\/\/qingdaohf.com\/bg\/?page_id=944\"},{\"@type\":\"ListItem\",\"position\":3,\"name\":\"Boat Ladder\"}]},{\"@type\":\"WebSite\",\"@id\":\"https:\/\/qingdaohf.com\/bg\/#website\",\"url\":\"https:\/\/qingdaohf.com\/bg\/\",\"name\":\"Concrete Form & Rigging Hardware Supplier\",\"description\":\"\",\"publisher\":{\"@id\":\"https:\/\/qingdaohf.com\/bg\/#organization\"},\"potentialAction\":[{\"@type\":\"SearchAction\",\"target\":{\"@type\":\"EntryPoint\",\"urlTemplate\":\"https:\/\/qingdaohf.com\/bg\/?s={search_term_string}\"},\"query-input\":{\"@type\":\"PropertyValueSpecification\",\"valueRequired\":true,\"valueName\":\"search_term_string\"}}],\"inLanguage\":\"et\"},{\"@type\":\"Organization\",\"@id\":\"https:\/\/qingdaohf.com\/bg\/#organization\",\"name\":\"Qingdao H&F\",\"url\":\"https:\/\/qingdaohf.com\/bg\/\",\"logo\":{\"@type\":\"ImageObject\",\"inLanguage\":\"et\",\"@id\":\"https:\/\/qingdaohf.com\/bg\/#\/schema\/logo\/image\/\",\"url\":\"https:\/\/qingdaohf.com\/wp-content\/uploads\/2022\/12\/cropped-HF-LOGO.png\",\"contentUrl\":\"https:\/\/qingdaohf.com\/wp-content\/uploads\/2022\/12\/cropped-HF-LOGO.png\",\"width\":391,\"height\":249,\"caption\":\"Qingdao H&F\"},\"image\":{\"@id\":\"https:\/\/qingdaohf.com\/bg\/#\/schema\/logo\/image\/\"},\"sameAs\":[\"https:\/\/www.facebook.com\/qingdaohf\"]}]}<\/script>\n<!-- \/ Yoast SEO plugin. -->","yoast_head_json":{"title":"Boat Ladder","description":"Boat ladders are important\u00a0for\u00a0easy\u00a0embarkation\u00a0and\u00a0disembarkation, offering both safety and convenience to marine enthusiasts.\u00a0","robots":{"index":"index","follow":"follow","max-snippet":"max-snippet:-1","max-image-preview":"max-image-preview:large","max-video-preview":"max-video-preview:-1"},"canonical":"https:\/\/qingdaohf.com\/et\/toode\/paaditrepp\/","og_locale":"et_EE","og_type":"article","og_title":"Boat Ladder","og_description":"Boat ladders are important\u00a0for\u00a0easy\u00a0embarkation\u00a0and\u00a0disembarkation, offering both safety and convenience to marine enthusiasts.\u00a0","og_url":"https:\/\/qingdaohf.com\/et\/toode\/paaditrepp\/","og_site_name":"Concrete Form &amp; Rigging Hardware Supplier","article_publisher":"https:\/\/www.facebook.com\/qingdaohf","article_modified_time":"2025-11-13T01:02:52+00:00","og_image":[{"width":1000,"height":1000,"url":"https:\/\/qingdaohf.com\/wp-content\/uploads\/2024\/11\/boat-ladder-1.jpg","type":"image\/jpeg"}],"twitter_card":"summary_large_image","twitter_misc":{"Est. reading time":"3 minutit"},"schema":{"@context":"https:\/\/schema.org","@graph":[{"@type":"WebPage","@id":"https:\/\/qingdaohf.com\/product\/boat-ladder\/","url":"https:\/\/qingdaohf.com\/product\/boat-ladder\/","name":"Boat Ladder","isPartOf":{"@id":"https:\/\/qingdaohf.com\/bg\/#website"},"primaryImageOfPage":{"@id":"https:\/\/qingdaohf.com\/product\/boat-ladder\/#primaryimage"},"image":{"@id":"https:\/\/qingdaohf.com\/product\/boat-ladder\/#primaryimage"},"thumbnailUrl":"https:\/\/qingdaohf.com\/wp-content\/uploads\/2024\/11\/boat-ladder-1.jpg","datePublished":"2024-11-29T08:19:54+00:00","dateModified":"2025-11-13T01:02:52+00:00","description":"Boat ladders are important\u00a0for\u00a0easy\u00a0embarkation\u00a0and\u00a0disembarkation, offering both safety and convenience to marine enthusiasts.\u00a0","breadcrumb":{"@id":"https:\/\/qingdaohf.com\/product\/boat-ladder\/#breadcrumb"},"inLanguage":"et","potentialAction":[{"@type":"ReadAction","target":["https:\/\/qingdaohf.com\/product\/boat-ladder\/"]}]},{"@type":"ImageObject","inLanguage":"et","@id":"https:\/\/qingdaohf.com\/product\/boat-ladder\/#primaryimage","url":"https:\/\/qingdaohf.com\/wp-content\/uploads\/2024\/11\/boat-ladder-1.jpg","contentUrl":"https:\/\/qingdaohf.com\/wp-content\/uploads\/2024\/11\/boat-ladder-1.jpg","width":1000,"height":1000,"caption":"boat ladder"},{"@type":"BreadcrumbList","@id":"https:\/\/qingdaohf.com\/product\/boat-ladder\/#breadcrumb","itemListElement":[{"@type":"ListItem","position":1,"name":"Home","item":"https:\/\/qingdaohf.com\/"},{"@type":"ListItem","position":2,"name":"Concrete Forming Accessories and Rigging Hardware","item":"https:\/\/qingdaohf.com\/bg\/?page_id=944"},{"@type":"ListItem","position":3,"name":"Boat Ladder"}]},{"@type":"WebSite","@id":"https:\/\/qingdaohf.com\/bg\/#website","url":"https:\/\/qingdaohf.com\/bg\/","name":"Concrete Form & Rigging Hardware Supplier","description":"","publisher":{"@id":"https:\/\/qingdaohf.com\/bg\/#organization"},"potentialAction":[{"@type":"SearchAction","target":{"@type":"EntryPoint","urlTemplate":"https:\/\/qingdaohf.com\/bg\/?s={search_term_string}"},"query-input":{"@type":"PropertyValueSpecification","valueRequired":true,"valueName":"search_term_string"}}],"inLanguage":"et"},{"@type":"Organization","@id":"https:\/\/qingdaohf.com\/bg\/#organization","name":"Qingdao H&F","url":"https:\/\/qingdaohf.com\/bg\/","logo":{"@type":"ImageObject","inLanguage":"et","@id":"https:\/\/qingdaohf.com\/bg\/#\/schema\/logo\/image\/","url":"https:\/\/qingdaohf.com\/wp-content\/uploads\/2022\/12\/cropped-HF-LOGO.png","contentUrl":"https:\/\/qingdaohf.com\/wp-content\/uploads\/2022\/12\/cropped-HF-LOGO.png","width":391,"height":249,"caption":"Qingdao H&F"},"image":{"@id":"https:\/\/qingdaohf.com\/bg\/#\/schema\/logo\/image\/"},"sameAs":["https:\/\/www.facebook.com\/qingdaohf"]}]}},"_links":{"self":[{"href":"https:\/\/qingdaohf.com\/et\/wp-json\/wp\/v2\/product\/8418","targetHints":{"allow":["GET"]}}],"collection":[{"href":"https:\/\/qingdaohf.com\/et\/wp-json\/wp\/v2\/product"}],"about":[{"href":"https:\/\/qingdaohf.com\/et\/wp-json\/wp\/v2\/types\/product"}],"replies":[{"embeddable":true,"href":"https:\/\/qingdaohf.com\/et\/wp-json\/wp\/v2\/comments?post=8418"}],"version-history":[{"count":1,"href":"https:\/\/qingdaohf.com\/et\/wp-json\/wp\/v2\/product\/8418\/revisions"}],"predecessor-version":[{"id":8426,"href":"https:\/\/qingdaohf.com\/et\/wp-json\/wp\/v2\/product\/8418\/revisions\/8426"}],"wp:featuredmedia":[{"embeddable":true,"href":"https:\/\/qingdaohf.com\/et\/wp-json\/wp\/v2\/media\/8425"}],"wp:attachment":[{"href":"https:\/\/qingdaohf.com\/et\/wp-json\/wp\/v2\/media?parent=8418"}],"wp:term":[{"taxonomy":"product_brand","embeddable":true,"href":"https:\/\/qingdaohf.com\/et\/wp-json\/wp\/v2\/product_brand?post=8418"},{"taxonomy":"product_cat","embeddable":true,"href":"https:\/\/qingdaohf.com\/et\/wp-json\/wp\/v2\/product_cat?post=8418"},{"taxonomy":"product_tag","embeddable":true,"href":"https:\/\/qingdaohf.com\/et\/wp-json\/wp\/v2\/product_tag?post=8418"}],"curies":[{"name":"wp","href":"https:\/\/api.w.org\/{rel}","templated":true}]}}