{"id":8612,"date":"2024-12-31T15:41:05","date_gmt":"2024-12-31T07:41:05","guid":{"rendered":"http:\/\/qingdaohf.com\/?post_type=product&#038;p=8612"},"modified":"2025-11-13T09:02:21","modified_gmt":"2025-11-13T01:02:21","slug":"super-plate-combi-nut","status":"publish","type":"product","link":"https:\/\/qingdaohf.com\/et\/toode\/superplaadi-kombineeritud-mutter\/","title":{"rendered":"Super Plate Combi mutter"},"content":{"rendered":"<h2 class=\"font-600 text-2xl font-bold\">Super Plate Combi Mutter: t\u00e4iuslik kaaslane sidevardas\u00fcsteemides<\/h2>\n<p class=\"whitespace-pre-wrap break-words\">Kas otsite usaldusv\u00e4\u00e4rset lahendust oma betoonvalu jaoks? Super Plate Combi Mutter on teeninud oma maine kui kaasaegsete sidetornis\u00fcsteemide p\u00f5hikomponent. Koos sidumisvardade ja veepidemetega pakub see stabiilsust ja tugevust, mida n\u00f5uavad n\u00f5udlikud ehitusprojektid. Ehitatud vastavalt rangetele standarditele, aitab see oluline riistvara t\u00f6\u00f6v\u00f5tjatel saavutada vajalikku struktuurilist terviklikkust.<\/p>\n<p class=\"whitespace-pre-wrap break-words\">Qingdao H&amp;F toob need kvaliteetsed ehituskomponendid ehitajatele kogu maailmas. Lisaks rahvusvaheliste standardite t\u00e4itmisele paistavad nad silma kiire tarne, personaalse toe ja \u00fcksikasjalike kvaliteediaruannete pakkumisega iga tellimuse kohta. Nende Super Plate Combi mutter annab ehitajatele kindlustunde, mida nad vajavad keeruliste projektide lahendamiseks.<\/p>\n<h2 class=\"font-600 text-2xl font-bold\">Sidemetalls\u00fcsteemide roll betoonvormide puhul<\/h2>\n<p class=\"whitespace-pre-wrap break-words\">Iga\u00fcks, kes on t\u00f6\u00f6tanud betooniga, teab, et \u0161ali stabiilsus on \u00fclioluline. Siinkohal tulevadki appi sidetangide s\u00fcsteemid - need on laulmata kangelased, kes hoiavad k\u00f5ike betoonivalu ajal \u00fchtlaselt ja turvaliselt. Kujutage ette kolme v\u00f5tmeisikut, kes t\u00f6\u00f6tavad koos: sidumistraat, veepiirde ja Super Plate Combi Mutter. Iga\u00fchel neist on oma roll ehitust\u00f6\u00f6de edukaks teostamiseks vajaliku kivikindla aluse loomisel.<\/p>\n<p class=\"whitespace-pre-wrap break-words\">M\u00f5elge sidevardast kui s\u00fcsteemi selgroost. See hoiab need \u0161abloonipaneelid omavahel \u00fchendatud ja toetatud, v\u00f5ideldes m\u00e4rja betooni tohutu surve vastu, mis muidu k\u00f5ike paigast l\u00fckkaks. Samal ajal toimib veepiirik nagu valvur, mis on strateegiliselt paigutatud piki sidumistangi, et takistada vee l\u00e4bip\u00e4\u00e4su ehitusliidetest. See vee blokeeriv tegevus on konstruktsiooni pikaajalise tervise seisukohalt \u00fclioluline.<\/p>\n<p class=\"whitespace-pre-wrap break-words\">K\u00f5ike seda \u00fchendab Super Plate Combi Mutter. Kombineerides mutri ja laia plaadi \u00fches nutikas konstruktsioonis, lukustab see k\u00f5ik maha ja jaotab samal ajal surve \u00fchtlaselt. Kui need kolm komponenti t\u00f6\u00f6tavad harmooniliselt, loovad nad \u0161abloonis\u00fcsteemi, mis p\u00fcsib paigal isegi tugeva surve all.<\/p>\n<h2 class=\"font-600 text-2xl font-bold\">Miks Super Plate Combi Mutter on parimad sidevardas\u00fcsteemides<\/h2>\n<p class=\"whitespace-pre-wrap break-words\">Mille poolest paistab Super Plate Combi mutter silma? See algab materjalidest. See on valmistatud k\u00f5rgekvaliteedilisest terasest, mis talub selliseid karistusi, mis deformeeriksid v\u00e4iksemaid riistvaraosi. See vastupidavus on oluline, kui tegemist on betoonit\u00f6\u00f6dega seotud suurte j\u00f5ududega.<\/p>\n<p class=\"whitespace-pre-wrap break-words\">Integreeritud plaadi disain on eriti nutikas. Kuna koormus jaotub suuremale pinnale, takistab see pinge koondumist \u00fchte kohta, mis on tavaline probleem, mis v\u00f5ib kahjustada m\u00fc\u00fcritist. Selline konstruktsioonivalik ei kaitse mitte ainult teie materjale, vaid t\u00e4hendab ka seda, et saate komponente sagedamini taaskasutada, s\u00e4\u00e4stes aja jooksul raha.<\/p>\n<p class=\"whitespace-pre-wrap break-words\">T\u00f6\u00f6v\u00f5tjad hindavad seda, et Super Plate Combi Mutter sobib h\u00f5lpsasti nende olemasolevatesse seadeldistesse. See t\u00f6\u00f6tab standardsete sidumisvarda suuruste ja veepidemetega, mist\u00f5ttu ei pea enam otsima spetsiaalseid t\u00f6\u00f6riistu v\u00f5i adaptereid. T\u00e4nu korrosioonikindlale kattele t\u00f6\u00f6tab see ka siis, kui ilm ja t\u00f6\u00f6tingimused muutuvad ebameeldivaks.<\/p>\n<h2 class=\"font-600 text-2xl font-bold\">Qingdao H&amp;F poolt toetatud terviklik lahendus<\/h2>\n<p class=\"whitespace-pre-wrap break-words\">\u00d5ige tarnija leidmine on sama oluline kui \u00f5igete t\u00f6\u00f6riistade valimine. Siinkohal paistab Qingdao H&amp;F silma. Kahe aastak\u00fcmne pikkuse rahvusvahelise kaubanduskogemusega on nad \u00f5ppinud, mida t\u00f6\u00f6v\u00f5tjad vajavad edu saavutamiseks.<\/p>\n<p class=\"whitespace-pre-wrap break-words\">Nad pakuvad terviklikku paketti - sidumisvardad, veesulgurid ja Super Plate Combi mutrid, mis t\u00f6\u00f6tavad sujuvalt koos. Nende kiire tarne hoiab projektid k\u00e4imas, samas kui \u00fcksikasjalikud kvaliteediaruanded annavad teile kindluse, et iga komponent t\u00f6\u00f6tab nii, nagu lubatud.<\/p>\n<p class=\"whitespace-pre-wrap break-words\">Neid eristab nende praktiline l\u00e4henemine klienditeenindusele. \u00dcksk\u00f5ik, kas vajate tehnilist n\u00f5u v\u00f5i abi logistikas, nende meeskond pakub praktilisi lahendusi, mis on kohandatud teie konkreetsetele probleemidele.<\/p>\n<p>Kokkuv\u00f5te: Tugevus ja t\u00e4psus iga projekti jaoks<\/p>\n<p class=\"whitespace-pre-wrap break-words\">Super Plate Combi Mutter t\u00f5estab oma v\u00e4\u00e4rtust t\u00f6\u00f6platsidel iga p\u00e4ev. Kombineerituna kvaliteetsete sidumisvardade ja veepiiretega annab see t\u00f6\u00f6v\u00f5tjatele usaldusv\u00e4\u00e4rse tulemuslikkuse, mida nad vajavad edukaks betooni vormimiseks.<\/p>","protected":false},"excerpt":{"rendered":"<p>The <strong>Super Plate Combi mutter<\/strong> on mitmek\u00fclgne, suure tugevusega tarvik, mis on m\u00f5eldud betooni vormimiseks, pakkudes v\u00f5rratut vastupidavust ja usaldusv\u00e4\u00e4rsust. See on loodud n\u00f5udlike ehitusprojektide jaoks ja vastab ostjate peamistele probleemidele, nagu j\u00f5udlus raskete koormuste all, kulumiskindlus ja \u00fchilduvus standardsete sidumiss\u00fcsteemidega. Qingdao H&amp;F on p\u00fchendunud tipptaseme saavutamisele ja seda toodet t\u00e4iendab \u00fcks-\u00fchele klienditeenindus, kiired tarneperioodid ja \u00fcksikasjalikud kvaliteedikontrolli aruanded. Olenemata sellest, kas teie projekt n\u00f5uab kiiret valmimist v\u00f5i kohandatud spetsifikatsioone, Qingdao H&amp;F tagab, et teil on vajalikud t\u00f6\u00f6riistad olemas, kui te neid vajate.<\/p>","protected":false},"featured_media":8611,"comment_status":"open","ping_status":"closed","template":"","meta":{"site-sidebar-layout":"default","site-content-layout":"","ast-site-content-layout":"default","site-content-style":"default","site-sidebar-style":"default","ast-global-header-display":"","ast-banner-title-visibility":"","ast-main-header-display":"","ast-hfb-above-header-display":"","ast-hfb-below-header-display":"","ast-hfb-mobile-header-display":"","site-post-title":"","ast-breadcrumbs-content":"","ast-featured-img":"","footer-sml-layout":"","theme-transparent-header-meta":"default","adv-header-id-meta":"","stick-header-meta":"default","header-above-stick-meta":"","header-main-stick-meta":"","header-below-stick-meta":"","astra-migrate-meta-layouts":"set","ast-page-background-enabled":"default","ast-page-background-meta":{"desktop":{"background-color":"","background-image":"","background-repeat":"repeat","background-position":"center center","background-size":"auto","background-attachment":"scroll","background-type":"","background-media":"","overlay-type":"","overlay-color":"","overlay-opacity":"","overlay-gradient":""},"tablet":{"background-color":"","background-image":"","background-repeat":"repeat","background-position":"center center","background-size":"auto","background-attachment":"scroll","background-type":"","background-media":"","overlay-type":"","overlay-color":"","overlay-opacity":"","overlay-gradient":""},"mobile":{"background-color":"","background-image":"","background-repeat":"repeat","background-position":"center center","background-size":"auto","background-attachment":"scroll","background-type":"","background-media":"","overlay-type":"","overlay-color":"","overlay-opacity":"","overlay-gradient":""}},"ast-content-background-meta":{"desktop":{"background-color":"var(--ast-global-color-5)","background-image":"","background-repeat":"repeat","background-position":"center center","background-size":"auto","background-attachment":"scroll","background-type":"","background-media":"","overlay-type":"","overlay-color":"","overlay-opacity":"","overlay-gradient":""},"tablet":{"background-color":"var(--ast-global-color-5)","background-image":"","background-repeat":"repeat","background-position":"center center","background-size":"auto","background-attachment":"scroll","background-type":"","background-media":"","overlay-type":"","overlay-color":"","overlay-opacity":"","overlay-gradient":""},"mobile":{"background-color":"var(--ast-global-color-5)","background-image":"","background-repeat":"repeat","background-position":"center center","background-size":"auto","background-attachment":"scroll","background-type":"","background-media":"","overlay-type":"","overlay-color":"","overlay-opacity":"","overlay-gradient":""}}},"product_brand":[],"product_cat":[79],"product_tag":[],"class_list":{"0":"post-8612","1":"product","2":"type-product","3":"status-publish","4":"has-post-thumbnail","6":"product_cat-tie-rod-system","7":"desktop-align-left","8":"tablet-align-left","9":"mobile-align-left","10":"ast-product-gallery-layout-horizontal-slider","11":"ast-product-gallery-with-no-image","12":"ast-product-tabs-layout-horizontal","14":"first","15":"instock","16":"shipping-taxable","17":"purchasable","18":"product-type-simple"},"yoast_head":"<!-- This site is optimized with the Yoast SEO plugin v25.2 - https:\/\/yoast.com\/wordpress\/plugins\/seo\/ -->\n<title>Super Plate Combi Nut<\/title>\n<meta name=\"description\" content=\"The Super Plate Combi Nut is a versatile, high-strength accessory designed for concrete forming applications, offering unparalleled durability and reliability.\" \/>\n<meta name=\"robots\" content=\"index, follow, max-snippet:-1, max-image-preview:large, max-video-preview:-1\" \/>\n<link rel=\"canonical\" href=\"https:\/\/qingdaohf.com\/et\/toode\/superplaadi-kombineeritud-mutter\/\" \/>\n<meta property=\"og:locale\" content=\"et_EE\" \/>\n<meta property=\"og:type\" content=\"article\" \/>\n<meta property=\"og:title\" content=\"Super Plate Combi Nut\" \/>\n<meta property=\"og:description\" content=\"The Super Plate Combi Nut is a versatile, high-strength accessory designed for concrete forming applications, offering unparalleled durability and reliability.\" \/>\n<meta property=\"og:url\" content=\"https:\/\/qingdaohf.com\/et\/toode\/superplaadi-kombineeritud-mutter\/\" \/>\n<meta property=\"og:site_name\" content=\"Concrete Form &amp; Rigging Hardware Supplier\" \/>\n<meta property=\"article:publisher\" content=\"https:\/\/www.facebook.com\/qingdaohf\" \/>\n<meta property=\"article:modified_time\" content=\"2025-11-13T01:02:21+00:00\" \/>\n<meta property=\"og:image\" content=\"https:\/\/qingdaohf.com\/wp-content\/uploads\/2024\/12\/Super-Plate-Combi-Nut.jpg\" \/>\n\t<meta property=\"og:image:width\" content=\"1000\" \/>\n\t<meta property=\"og:image:height\" content=\"1000\" \/>\n\t<meta property=\"og:image:type\" content=\"image\/jpeg\" \/>\n<meta name=\"twitter:card\" content=\"summary_large_image\" \/>\n<meta name=\"twitter:label1\" content=\"Est. reading time\" \/>\n\t<meta name=\"twitter:data1\" content=\"3 minutit\" \/>\n<script type=\"application\/ld+json\" class=\"yoast-schema-graph\">{\"@context\":\"https:\/\/schema.org\",\"@graph\":[{\"@type\":\"WebPage\",\"@id\":\"https:\/\/qingdaohf.com\/product\/super-plate-combi-nut\/\",\"url\":\"https:\/\/qingdaohf.com\/product\/super-plate-combi-nut\/\",\"name\":\"Super Plate Combi Nut\",\"isPartOf\":{\"@id\":\"https:\/\/qingdaohf.com\/bg\/#website\"},\"primaryImageOfPage\":{\"@id\":\"https:\/\/qingdaohf.com\/product\/super-plate-combi-nut\/#primaryimage\"},\"image\":{\"@id\":\"https:\/\/qingdaohf.com\/product\/super-plate-combi-nut\/#primaryimage\"},\"thumbnailUrl\":\"https:\/\/qingdaohf.com\/wp-content\/uploads\/2024\/12\/Super-Plate-Combi-Nut.jpg\",\"datePublished\":\"2024-12-31T07:41:05+00:00\",\"dateModified\":\"2025-11-13T01:02:21+00:00\",\"description\":\"The Super Plate Combi Nut is a versatile, high-strength accessory designed for concrete forming applications, offering unparalleled durability and reliability.\",\"breadcrumb\":{\"@id\":\"https:\/\/qingdaohf.com\/product\/super-plate-combi-nut\/#breadcrumb\"},\"inLanguage\":\"et\",\"potentialAction\":[{\"@type\":\"ReadAction\",\"target\":[\"https:\/\/qingdaohf.com\/product\/super-plate-combi-nut\/\"]}]},{\"@type\":\"ImageObject\",\"inLanguage\":\"et\",\"@id\":\"https:\/\/qingdaohf.com\/product\/super-plate-combi-nut\/#primaryimage\",\"url\":\"https:\/\/qingdaohf.com\/wp-content\/uploads\/2024\/12\/Super-Plate-Combi-Nut.jpg\",\"contentUrl\":\"https:\/\/qingdaohf.com\/wp-content\/uploads\/2024\/12\/Super-Plate-Combi-Nut.jpg\",\"width\":1000,\"height\":1000,\"caption\":\"Super Plate Combi Nut\"},{\"@type\":\"BreadcrumbList\",\"@id\":\"https:\/\/qingdaohf.com\/product\/super-plate-combi-nut\/#breadcrumb\",\"itemListElement\":[{\"@type\":\"ListItem\",\"position\":1,\"name\":\"Home\",\"item\":\"https:\/\/qingdaohf.com\/\"},{\"@type\":\"ListItem\",\"position\":2,\"name\":\"Concrete Forming Accessories and Rigging Hardware\",\"item\":\"https:\/\/qingdaohf.com\/bg\/?page_id=944\"},{\"@type\":\"ListItem\",\"position\":3,\"name\":\"Super Plate Combi Nut\"}]},{\"@type\":\"WebSite\",\"@id\":\"https:\/\/qingdaohf.com\/bg\/#website\",\"url\":\"https:\/\/qingdaohf.com\/bg\/\",\"name\":\"Concrete Form & Rigging Hardware Supplier\",\"description\":\"\",\"publisher\":{\"@id\":\"https:\/\/qingdaohf.com\/bg\/#organization\"},\"potentialAction\":[{\"@type\":\"SearchAction\",\"target\":{\"@type\":\"EntryPoint\",\"urlTemplate\":\"https:\/\/qingdaohf.com\/bg\/?s={search_term_string}\"},\"query-input\":{\"@type\":\"PropertyValueSpecification\",\"valueRequired\":true,\"valueName\":\"search_term_string\"}}],\"inLanguage\":\"et\"},{\"@type\":\"Organization\",\"@id\":\"https:\/\/qingdaohf.com\/bg\/#organization\",\"name\":\"Qingdao H&F\",\"url\":\"https:\/\/qingdaohf.com\/bg\/\",\"logo\":{\"@type\":\"ImageObject\",\"inLanguage\":\"et\",\"@id\":\"https:\/\/qingdaohf.com\/bg\/#\/schema\/logo\/image\/\",\"url\":\"https:\/\/qingdaohf.com\/wp-content\/uploads\/2022\/12\/cropped-HF-LOGO.png\",\"contentUrl\":\"https:\/\/qingdaohf.com\/wp-content\/uploads\/2022\/12\/cropped-HF-LOGO.png\",\"width\":391,\"height\":249,\"caption\":\"Qingdao H&F\"},\"image\":{\"@id\":\"https:\/\/qingdaohf.com\/bg\/#\/schema\/logo\/image\/\"},\"sameAs\":[\"https:\/\/www.facebook.com\/qingdaohf\"]}]}<\/script>\n<!-- \/ Yoast SEO plugin. -->","yoast_head_json":{"title":"Super Plate Combi Nut","description":"The Super Plate Combi Nut is a versatile, high-strength accessory designed for concrete forming applications, offering unparalleled durability and reliability.","robots":{"index":"index","follow":"follow","max-snippet":"max-snippet:-1","max-image-preview":"max-image-preview:large","max-video-preview":"max-video-preview:-1"},"canonical":"https:\/\/qingdaohf.com\/et\/toode\/superplaadi-kombineeritud-mutter\/","og_locale":"et_EE","og_type":"article","og_title":"Super Plate Combi Nut","og_description":"The Super Plate Combi Nut is a versatile, high-strength accessory designed for concrete forming applications, offering unparalleled durability and reliability.","og_url":"https:\/\/qingdaohf.com\/et\/toode\/superplaadi-kombineeritud-mutter\/","og_site_name":"Concrete Form &amp; Rigging Hardware Supplier","article_publisher":"https:\/\/www.facebook.com\/qingdaohf","article_modified_time":"2025-11-13T01:02:21+00:00","og_image":[{"width":1000,"height":1000,"url":"https:\/\/qingdaohf.com\/wp-content\/uploads\/2024\/12\/Super-Plate-Combi-Nut.jpg","type":"image\/jpeg"}],"twitter_card":"summary_large_image","twitter_misc":{"Est. reading time":"3 minutit"},"schema":{"@context":"https:\/\/schema.org","@graph":[{"@type":"WebPage","@id":"https:\/\/qingdaohf.com\/product\/super-plate-combi-nut\/","url":"https:\/\/qingdaohf.com\/product\/super-plate-combi-nut\/","name":"Super Plate Combi Nut","isPartOf":{"@id":"https:\/\/qingdaohf.com\/bg\/#website"},"primaryImageOfPage":{"@id":"https:\/\/qingdaohf.com\/product\/super-plate-combi-nut\/#primaryimage"},"image":{"@id":"https:\/\/qingdaohf.com\/product\/super-plate-combi-nut\/#primaryimage"},"thumbnailUrl":"https:\/\/qingdaohf.com\/wp-content\/uploads\/2024\/12\/Super-Plate-Combi-Nut.jpg","datePublished":"2024-12-31T07:41:05+00:00","dateModified":"2025-11-13T01:02:21+00:00","description":"The Super Plate Combi Nut is a versatile, high-strength accessory designed for concrete forming applications, offering unparalleled durability and reliability.","breadcrumb":{"@id":"https:\/\/qingdaohf.com\/product\/super-plate-combi-nut\/#breadcrumb"},"inLanguage":"et","potentialAction":[{"@type":"ReadAction","target":["https:\/\/qingdaohf.com\/product\/super-plate-combi-nut\/"]}]},{"@type":"ImageObject","inLanguage":"et","@id":"https:\/\/qingdaohf.com\/product\/super-plate-combi-nut\/#primaryimage","url":"https:\/\/qingdaohf.com\/wp-content\/uploads\/2024\/12\/Super-Plate-Combi-Nut.jpg","contentUrl":"https:\/\/qingdaohf.com\/wp-content\/uploads\/2024\/12\/Super-Plate-Combi-Nut.jpg","width":1000,"height":1000,"caption":"Super Plate Combi Nut"},{"@type":"BreadcrumbList","@id":"https:\/\/qingdaohf.com\/product\/super-plate-combi-nut\/#breadcrumb","itemListElement":[{"@type":"ListItem","position":1,"name":"Home","item":"https:\/\/qingdaohf.com\/"},{"@type":"ListItem","position":2,"name":"Concrete Forming Accessories and Rigging Hardware","item":"https:\/\/qingdaohf.com\/bg\/?page_id=944"},{"@type":"ListItem","position":3,"name":"Super Plate Combi Nut"}]},{"@type":"WebSite","@id":"https:\/\/qingdaohf.com\/bg\/#website","url":"https:\/\/qingdaohf.com\/bg\/","name":"Concrete Form & Rigging Hardware Supplier","description":"","publisher":{"@id":"https:\/\/qingdaohf.com\/bg\/#organization"},"potentialAction":[{"@type":"SearchAction","target":{"@type":"EntryPoint","urlTemplate":"https:\/\/qingdaohf.com\/bg\/?s={search_term_string}"},"query-input":{"@type":"PropertyValueSpecification","valueRequired":true,"valueName":"search_term_string"}}],"inLanguage":"et"},{"@type":"Organization","@id":"https:\/\/qingdaohf.com\/bg\/#organization","name":"Qingdao H&F","url":"https:\/\/qingdaohf.com\/bg\/","logo":{"@type":"ImageObject","inLanguage":"et","@id":"https:\/\/qingdaohf.com\/bg\/#\/schema\/logo\/image\/","url":"https:\/\/qingdaohf.com\/wp-content\/uploads\/2022\/12\/cropped-HF-LOGO.png","contentUrl":"https:\/\/qingdaohf.com\/wp-content\/uploads\/2022\/12\/cropped-HF-LOGO.png","width":391,"height":249,"caption":"Qingdao H&F"},"image":{"@id":"https:\/\/qingdaohf.com\/bg\/#\/schema\/logo\/image\/"},"sameAs":["https:\/\/www.facebook.com\/qingdaohf"]}]}},"_links":{"self":[{"href":"https:\/\/qingdaohf.com\/et\/wp-json\/wp\/v2\/product\/8612","targetHints":{"allow":["GET"]}}],"collection":[{"href":"https:\/\/qingdaohf.com\/et\/wp-json\/wp\/v2\/product"}],"about":[{"href":"https:\/\/qingdaohf.com\/et\/wp-json\/wp\/v2\/types\/product"}],"replies":[{"embeddable":true,"href":"https:\/\/qingdaohf.com\/et\/wp-json\/wp\/v2\/comments?post=8612"}],"version-history":[{"count":1,"href":"https:\/\/qingdaohf.com\/et\/wp-json\/wp\/v2\/product\/8612\/revisions"}],"predecessor-version":[{"id":8613,"href":"https:\/\/qingdaohf.com\/et\/wp-json\/wp\/v2\/product\/8612\/revisions\/8613"}],"wp:featuredmedia":[{"embeddable":true,"href":"https:\/\/qingdaohf.com\/et\/wp-json\/wp\/v2\/media\/8611"}],"wp:attachment":[{"href":"https:\/\/qingdaohf.com\/et\/wp-json\/wp\/v2\/media?parent=8612"}],"wp:term":[{"taxonomy":"product_brand","embeddable":true,"href":"https:\/\/qingdaohf.com\/et\/wp-json\/wp\/v2\/product_brand?post=8612"},{"taxonomy":"product_cat","embeddable":true,"href":"https:\/\/qingdaohf.com\/et\/wp-json\/wp\/v2\/product_cat?post=8612"},{"taxonomy":"product_tag","embeddable":true,"href":"https:\/\/qingdaohf.com\/et\/wp-json\/wp\/v2\/product_tag?post=8612"}],"curies":[{"name":"wp","href":"https:\/\/api.w.org\/{rel}","templated":true}]}}