{"id":8618,"date":"2024-12-31T17:02:10","date_gmt":"2024-12-31T09:02:10","guid":{"rendered":"http:\/\/qingdaohf.com\/?post_type=product&#038;p=8618"},"modified":"2025-11-13T09:02:21","modified_gmt":"2025-11-13T01:02:21","slug":"formwork-hex-nut-connection","status":"publish","type":"product","link":"https:\/\/qingdaohf.com\/et\/toode\/sablooni-kuuskantmutter\/","title":{"rendered":"Keermestatud mutrite \u00fchendus"},"content":{"rendered":"<h2 class=\"font-600 text-2xl font-bold\">Keermestatud mutrite roll ehituses<\/h2>\n<p class=\"whitespace-pre-wrap break-words\">Ehituses on \u0161abloonide kuuskantmutrid olulised komponendid, mis tagavad \u0161abloonis\u00fcsteemide stabiilsuse. Need kvaliteetsetest materjalidest valmistatud mutrid tagavad vajaliku tugevuse, et hoida ehituselemente kindlalt. Need on eriti olulised sidetangide s\u00fcsteemides, kus need aitavad s\u00e4ilitada n\u00f5uetekohast \u0161ali joondamist betooni valamise ja k\u00f5venemise ajal.<\/p>\n<h2 class=\"font-600 text-2xl font-bold\">Tie Rod s\u00fcsteemi m\u00f5istmine<\/h2>\n<p class=\"whitespace-pre-wrap break-words\">Kaasaegne m\u00fc\u00fcrituskonstruktsioon tugineb suures osas sidumistrosside s\u00fcsteemidele, kus mitu komponenti t\u00f6\u00f6tavad koos, et tagada konstruktsiooniline tugi. Sidemetall ise on peamine pingutuselement, mis jaotab koormused \u00fcle kogu \u0161abloonikonstruktsiooni. Selle k\u00f5rval t\u00f6\u00f6tavad veepidemed takistavad niiskuse imbumist l\u00e4bi ehitusliidete. Kuuskantmutter \u00fchendab need elemendid omavahel, luues usaldusv\u00e4\u00e4rse ja t\u00f5husa s\u00fcsteemi.<\/p>\n<h2 class=\"font-600 text-2xl font-bold\">\u00dchilduvus toetavate komponentidega<\/h2>\n<p class=\"whitespace-pre-wrap break-words\">Kinnituselemendina lukustab kuue mutter seibitangid asendisse, s\u00e4ilitades samal ajal reguleeritavuse. See t\u00f6\u00f6tab h\u00e4sti koos mitmete teiste osadega, sealhulgas Super Plate, Combi Mutter, Tie Rod Plate Washer ja veepeatused. Super Plate sobib suurep\u00e4raselt kokku kuuskantmutriga, et jaotada koormus laiemale alale, v\u00e4hendades survet \u0161abloonipaneelidele. Samamoodi aitavad nii Combi Mutter kui ka Tie Rod Plate Washer jaotada j\u00f5ud \u00fchtlaselt ja kaitsta surve all tekkiva deformatsiooni eest.<\/p>\n<h2 class=\"font-600 text-2xl font-bold\">Peamised omadused ja eelised<\/h2>\n<p class=\"whitespace-pre-wrap break-words\">Kuuskantmutrite tugevus tuleneb nende tugevast konstruktsioonist. Need on valmistatud terasest v\u00f5i sulamist materjalidest, mis peavad vastu ehitust\u00f6\u00f6de k\u00e4igus tekkivatele tugevatele j\u00f5ududele. Nende kuuek\u00fclgse konstruktsiooni t\u00f5ttu on neid lihtne haarata ja pingutada isegi rasketes ehitusplatsi tingimustes. Enamik versioone on tsingitud v\u00f5i roostet\u00f5rjega t\u00f6\u00f6deldud, et nad peaksid vastu karmidele ilmastiku- ja keskkonnaprobleemidele.<\/p>\n<p class=\"whitespace-pre-wrap break-words\">Need p\u00e4hklid aitavad oluliselt kaasa ehituse t\u00f5hususele. Hoides sidevardas\u00fcsteemid stabiilsena, v\u00e4hendavad nad joondusprobleeme, s\u00e4\u00e4stes v\u00e4\u00e4rtuslikku aega ja raha. Nende praktiline disain v\u00f5imaldab t\u00f6\u00f6tajatel neid kiiresti paigaldada ja eemaldada, mis kiirendab t\u00f6\u00f6d kohapeal.<\/p>\n<h2 class=\"font-600 text-2xl font-bold\">Meie p\u00fchendumus kvaliteedile ja teenindusele<\/h2>\n<p class=\"whitespace-pre-wrap break-words\">\u00d5ige kuuskantmutri valimine h\u00f5lmab enamat kui ainult tootespetsifikaadid. Tunnistame seda, pakkudes igak\u00fclgset tuge, mis ulatub kaugemale pelgalt riistvara m\u00fc\u00fcgist. Meie personaalne klienditeenindus tagab, et iga klient saab vajalikku t\u00e4helepanu ja tema erivajadustele kohandatud lahendusi. See loob tugevad kliendisuhted, mis p\u00f5hinevad usaldusel ja rahulolul.<\/p>\n<p class=\"whitespace-pre-wrap break-words\">Me m\u00f5istame, et ehitust\u00e4htajad on kriitilised, mist\u00f5ttu seame prioriteediks kiire tarne. Meie kiire tarne v\u00f5ime v\u00f5ib projekti ajakava oluliselt muuta, olgu tegemist siis suuremate arenduste v\u00f5i v\u00e4iksemate t\u00f6\u00f6dega.<\/p>\n<p class=\"whitespace-pre-wrap break-words\">Meie tegevuse keskmes on j\u00e4tkuvalt kvaliteet. Iga kuuskantmutter l\u00e4bib p\u00f5hjalikud katsed, alates tugevuse hindamisest kuni suuruse kontrollimiseni. Pakume \u00fcksikasjalikku kontrolli dokumentatsiooni, mis annab meie klientidele t\u00e4ieliku usalduse nende ostude suhtes.<\/p>\n<h2 class=\"font-600 text-2xl font-bold\">Integreeritud lahendused mitmesuguste rakenduste jaoks<\/h2>\n<p class=\"whitespace-pre-wrap break-words\">Kuuskantmutrite tegelik v\u00e4\u00e4rtus ilmneb, kui need t\u00f6\u00f6tavad koos sidumisvarraste, veepidemete ja plaatseibidega. See kombinatsioon loob usaldusv\u00e4\u00e4rse s\u00fcsteemi, mis kohandub erinevatele ehitusvajadustele. N\u00e4iteks veekindluse seisukohalt oluliste projektide puhul tagab veepiirde \u00fchendamine sidumistangide s\u00fcsteemiga veekindlad \u00fchendused, mis kaitsevad ehitise konstruktsiooni terviklikkust.<\/p>\n<p class=\"whitespace-pre-wrap break-words\">Need kuuskantmutrid sobivad \u00fchtviisi h\u00e4sti erinevatele \u0161abloonit\u00fc\u00fcpidele. Alates traditsioonilistest puidust vormidest kuni kaasaegsete mooduls\u00fcsteemideni s\u00e4ilitavad nad j\u00e4rjepideva toimivuse. Selline kohanemisv\u00f5ime koos lihtsa paigaldamisega muudab need v\u00e4\u00e4rtuslikuks t\u00f5husaks ja kuluefektiivseks ehitamiseks.<\/p>\n<h2 class=\"font-600 text-2xl font-bold\">Kokkuv\u00f5te<\/h2>\n<p class=\"whitespace-pre-wrap break-words\">Kuuskantmutrid on kaasaegses ehituses olulised elemendid, mitte ainult p\u00f5hilised riistvaraelemendid. Nende oluline roll sidetangide s\u00fcsteemides ning nende \u00fchilduvus superplaatide, kombimutrite ja veesulguritega muudavad need uskumatult mitmek\u00fclgseks. T\u00e4nu meie ulatuslikule teeninduspaketile, mis h\u00f5lmab spetsiaalset tuge, kiiret tarnimist ja ranget kvaliteedikontrolli, on need kuuskantmutrid ehitusspetsialistide jaoks asendamatud. Valige oma j\u00e4rgmise projekti jaoks meie \u0161abloonide kuuskantmutrid, mis on usaldusv\u00e4\u00e4rsed ja t\u00f5husad.<\/p>","protected":false},"excerpt":{"rendered":"<p>Vormimutteril on kaasaegses ehituses usaldusv\u00e4\u00e4rne omadus t\u00e4nu parimale \u00fchilduvusele sidetangide s\u00fcsteemiga ning see v\u00f5imaldab teha kinnituse turvaliseks ja pikaajaliseks rangete vormit\u00f6\u00f6de puhul. Olles \u00fcks professionaalne kaubandusettev\u00f5te, on m\u00fc\u00fcgipunktideks \u00fcks-\u00fchele kliendikogemus, kiire tarneperiood ja t\u00e4ielikud kvaliteedikontrolli aruanded. Nii palju hoolt tagab kindlasti, et teile antakse parimad tooted, et tagada kohapealne t\u00f5husus ja ohutus.<\/p>","protected":false},"featured_media":8620,"comment_status":"open","ping_status":"closed","template":"","meta":{"site-sidebar-layout":"default","site-content-layout":"","ast-site-content-layout":"default","site-content-style":"default","site-sidebar-style":"default","ast-global-header-display":"","ast-banner-title-visibility":"","ast-main-header-display":"","ast-hfb-above-header-display":"","ast-hfb-below-header-display":"","ast-hfb-mobile-header-display":"","site-post-title":"","ast-breadcrumbs-content":"","ast-featured-img":"","footer-sml-layout":"","theme-transparent-header-meta":"default","adv-header-id-meta":"","stick-header-meta":"default","header-above-stick-meta":"","header-main-stick-meta":"","header-below-stick-meta":"","astra-migrate-meta-layouts":"set","ast-page-background-enabled":"default","ast-page-background-meta":{"desktop":{"background-color":"","background-image":"","background-repeat":"repeat","background-position":"center center","background-size":"auto","background-attachment":"scroll","background-type":"","background-media":"","overlay-type":"","overlay-color":"","overlay-opacity":"","overlay-gradient":""},"tablet":{"background-color":"","background-image":"","background-repeat":"repeat","background-position":"center center","background-size":"auto","background-attachment":"scroll","background-type":"","background-media":"","overlay-type":"","overlay-color":"","overlay-opacity":"","overlay-gradient":""},"mobile":{"background-color":"","background-image":"","background-repeat":"repeat","background-position":"center center","background-size":"auto","background-attachment":"scroll","background-type":"","background-media":"","overlay-type":"","overlay-color":"","overlay-opacity":"","overlay-gradient":""}},"ast-content-background-meta":{"desktop":{"background-color":"var(--ast-global-color-5)","background-image":"","background-repeat":"repeat","background-position":"center center","background-size":"auto","background-attachment":"scroll","background-type":"","background-media":"","overlay-type":"","overlay-color":"","overlay-opacity":"","overlay-gradient":""},"tablet":{"background-color":"var(--ast-global-color-5)","background-image":"","background-repeat":"repeat","background-position":"center center","background-size":"auto","background-attachment":"scroll","background-type":"","background-media":"","overlay-type":"","overlay-color":"","overlay-opacity":"","overlay-gradient":""},"mobile":{"background-color":"var(--ast-global-color-5)","background-image":"","background-repeat":"repeat","background-position":"center center","background-size":"auto","background-attachment":"scroll","background-type":"","background-media":"","overlay-type":"","overlay-color":"","overlay-opacity":"","overlay-gradient":""}}},"product_brand":[],"product_cat":[79],"product_tag":[],"class_list":{"0":"post-8618","1":"product","2":"type-product","3":"status-publish","4":"has-post-thumbnail","6":"product_cat-tie-rod-system","7":"desktop-align-left","8":"tablet-align-left","9":"mobile-align-left","10":"ast-product-gallery-layout-horizontal-slider","11":"ast-product-gallery-with-no-image","12":"ast-product-tabs-layout-horizontal","14":"first","15":"instock","16":"shipping-taxable","17":"purchasable","18":"product-type-simple"},"yoast_head":"<!-- This site is optimized with the Yoast SEO plugin v25.2 - https:\/\/yoast.com\/wordpress\/plugins\/seo\/ -->\n<title>Formwork Hex Nut Connection<\/title>\n<meta name=\"robots\" content=\"index, follow, max-snippet:-1, max-image-preview:large, max-video-preview:-1\" \/>\n<link rel=\"canonical\" href=\"https:\/\/qingdaohf.com\/et\/toode\/sablooni-kuuskantmutter\/\" \/>\n<meta property=\"og:locale\" content=\"et_EE\" \/>\n<meta property=\"og:type\" content=\"article\" \/>\n<meta property=\"og:title\" content=\"Formwork Hex Nut Connection\" \/>\n<meta property=\"og:description\" content=\"Formwork Hex Nut has a reliable feature in modern construction due to best compatibility with the tie rod system and can make fastening secure, long-lasting for rigorous formwork work. Being one professional trading company, the selling points are one-to-one customer experience, quick delivery cycle and complete quality inspection reports. That much of care will definitely assure giving the best products to be given to you for assured on-site efficiency and safety.\" \/>\n<meta property=\"og:url\" content=\"https:\/\/qingdaohf.com\/et\/toode\/sablooni-kuuskantmutter\/\" \/>\n<meta property=\"og:site_name\" content=\"Concrete Form &amp; Rigging Hardware Supplier\" \/>\n<meta property=\"article:publisher\" content=\"https:\/\/www.facebook.com\/qingdaohf\" \/>\n<meta property=\"article:modified_time\" content=\"2025-11-13T01:02:21+00:00\" \/>\n<meta property=\"og:image\" content=\"https:\/\/qingdaohf.com\/wp-content\/uploads\/2024\/12\/Formwork-Hex-Nut-2.jpg\" \/>\n\t<meta property=\"og:image:width\" content=\"1000\" \/>\n\t<meta property=\"og:image:height\" content=\"1000\" \/>\n\t<meta property=\"og:image:type\" content=\"image\/jpeg\" \/>\n<meta name=\"twitter:card\" content=\"summary_large_image\" \/>\n<meta name=\"twitter:label1\" content=\"Est. reading time\" \/>\n\t<meta name=\"twitter:data1\" content=\"3 minutit\" \/>\n<script type=\"application\/ld+json\" class=\"yoast-schema-graph\">{\"@context\":\"https:\/\/schema.org\",\"@graph\":[{\"@type\":\"WebPage\",\"@id\":\"https:\/\/qingdaohf.com\/product\/formwork-hex-nut-connection\/\",\"url\":\"https:\/\/qingdaohf.com\/product\/formwork-hex-nut-connection\/\",\"name\":\"Formwork Hex Nut Connection\",\"isPartOf\":{\"@id\":\"https:\/\/qingdaohf.com\/bg\/#website\"},\"primaryImageOfPage\":{\"@id\":\"https:\/\/qingdaohf.com\/product\/formwork-hex-nut-connection\/#primaryimage\"},\"image\":{\"@id\":\"https:\/\/qingdaohf.com\/product\/formwork-hex-nut-connection\/#primaryimage\"},\"thumbnailUrl\":\"https:\/\/qingdaohf.com\/wp-content\/uploads\/2024\/12\/Formwork-Hex-Nut-2.jpg\",\"datePublished\":\"2024-12-31T09:02:10+00:00\",\"dateModified\":\"2025-11-13T01:02:21+00:00\",\"breadcrumb\":{\"@id\":\"https:\/\/qingdaohf.com\/product\/formwork-hex-nut-connection\/#breadcrumb\"},\"inLanguage\":\"et\",\"potentialAction\":[{\"@type\":\"ReadAction\",\"target\":[\"https:\/\/qingdaohf.com\/product\/formwork-hex-nut-connection\/\"]}]},{\"@type\":\"ImageObject\",\"inLanguage\":\"et\",\"@id\":\"https:\/\/qingdaohf.com\/product\/formwork-hex-nut-connection\/#primaryimage\",\"url\":\"https:\/\/qingdaohf.com\/wp-content\/uploads\/2024\/12\/Formwork-Hex-Nut-2.jpg\",\"contentUrl\":\"https:\/\/qingdaohf.com\/wp-content\/uploads\/2024\/12\/Formwork-Hex-Nut-2.jpg\",\"width\":1000,\"height\":1000,\"caption\":\"Formwork Hex Nut\"},{\"@type\":\"BreadcrumbList\",\"@id\":\"https:\/\/qingdaohf.com\/product\/formwork-hex-nut-connection\/#breadcrumb\",\"itemListElement\":[{\"@type\":\"ListItem\",\"position\":1,\"name\":\"Home\",\"item\":\"https:\/\/qingdaohf.com\/\"},{\"@type\":\"ListItem\",\"position\":2,\"name\":\"Concrete Forming Accessories and Rigging Hardware\",\"item\":\"https:\/\/qingdaohf.com\/bg\/?page_id=944\"},{\"@type\":\"ListItem\",\"position\":3,\"name\":\"Formwork Hex Nut Connection\"}]},{\"@type\":\"WebSite\",\"@id\":\"https:\/\/qingdaohf.com\/bg\/#website\",\"url\":\"https:\/\/qingdaohf.com\/bg\/\",\"name\":\"Concrete Form & Rigging Hardware Supplier\",\"description\":\"\",\"publisher\":{\"@id\":\"https:\/\/qingdaohf.com\/bg\/#organization\"},\"potentialAction\":[{\"@type\":\"SearchAction\",\"target\":{\"@type\":\"EntryPoint\",\"urlTemplate\":\"https:\/\/qingdaohf.com\/bg\/?s={search_term_string}\"},\"query-input\":{\"@type\":\"PropertyValueSpecification\",\"valueRequired\":true,\"valueName\":\"search_term_string\"}}],\"inLanguage\":\"et\"},{\"@type\":\"Organization\",\"@id\":\"https:\/\/qingdaohf.com\/bg\/#organization\",\"name\":\"Qingdao H&F\",\"url\":\"https:\/\/qingdaohf.com\/bg\/\",\"logo\":{\"@type\":\"ImageObject\",\"inLanguage\":\"et\",\"@id\":\"https:\/\/qingdaohf.com\/bg\/#\/schema\/logo\/image\/\",\"url\":\"https:\/\/qingdaohf.com\/wp-content\/uploads\/2022\/12\/cropped-HF-LOGO.png\",\"contentUrl\":\"https:\/\/qingdaohf.com\/wp-content\/uploads\/2022\/12\/cropped-HF-LOGO.png\",\"width\":391,\"height\":249,\"caption\":\"Qingdao H&F\"},\"image\":{\"@id\":\"https:\/\/qingdaohf.com\/bg\/#\/schema\/logo\/image\/\"},\"sameAs\":[\"https:\/\/www.facebook.com\/qingdaohf\"]}]}<\/script>\n<!-- \/ Yoast SEO plugin. -->","yoast_head_json":{"title":"Formwork Hex Nut Connection","robots":{"index":"index","follow":"follow","max-snippet":"max-snippet:-1","max-image-preview":"max-image-preview:large","max-video-preview":"max-video-preview:-1"},"canonical":"https:\/\/qingdaohf.com\/et\/toode\/sablooni-kuuskantmutter\/","og_locale":"et_EE","og_type":"article","og_title":"Formwork Hex Nut Connection","og_description":"Formwork Hex Nut has a reliable feature in modern construction due to best compatibility with the tie rod system and can make fastening secure, long-lasting for rigorous formwork work. Being one professional trading company, the selling points are one-to-one customer experience, quick delivery cycle and complete quality inspection reports. That much of care will definitely assure giving the best products to be given to you for assured on-site efficiency and safety.","og_url":"https:\/\/qingdaohf.com\/et\/toode\/sablooni-kuuskantmutter\/","og_site_name":"Concrete Form &amp; Rigging Hardware Supplier","article_publisher":"https:\/\/www.facebook.com\/qingdaohf","article_modified_time":"2025-11-13T01:02:21+00:00","og_image":[{"width":1000,"height":1000,"url":"https:\/\/qingdaohf.com\/wp-content\/uploads\/2024\/12\/Formwork-Hex-Nut-2.jpg","type":"image\/jpeg"}],"twitter_card":"summary_large_image","twitter_misc":{"Est. reading time":"3 minutit"},"schema":{"@context":"https:\/\/schema.org","@graph":[{"@type":"WebPage","@id":"https:\/\/qingdaohf.com\/product\/formwork-hex-nut-connection\/","url":"https:\/\/qingdaohf.com\/product\/formwork-hex-nut-connection\/","name":"Formwork Hex Nut Connection","isPartOf":{"@id":"https:\/\/qingdaohf.com\/bg\/#website"},"primaryImageOfPage":{"@id":"https:\/\/qingdaohf.com\/product\/formwork-hex-nut-connection\/#primaryimage"},"image":{"@id":"https:\/\/qingdaohf.com\/product\/formwork-hex-nut-connection\/#primaryimage"},"thumbnailUrl":"https:\/\/qingdaohf.com\/wp-content\/uploads\/2024\/12\/Formwork-Hex-Nut-2.jpg","datePublished":"2024-12-31T09:02:10+00:00","dateModified":"2025-11-13T01:02:21+00:00","breadcrumb":{"@id":"https:\/\/qingdaohf.com\/product\/formwork-hex-nut-connection\/#breadcrumb"},"inLanguage":"et","potentialAction":[{"@type":"ReadAction","target":["https:\/\/qingdaohf.com\/product\/formwork-hex-nut-connection\/"]}]},{"@type":"ImageObject","inLanguage":"et","@id":"https:\/\/qingdaohf.com\/product\/formwork-hex-nut-connection\/#primaryimage","url":"https:\/\/qingdaohf.com\/wp-content\/uploads\/2024\/12\/Formwork-Hex-Nut-2.jpg","contentUrl":"https:\/\/qingdaohf.com\/wp-content\/uploads\/2024\/12\/Formwork-Hex-Nut-2.jpg","width":1000,"height":1000,"caption":"Formwork Hex Nut"},{"@type":"BreadcrumbList","@id":"https:\/\/qingdaohf.com\/product\/formwork-hex-nut-connection\/#breadcrumb","itemListElement":[{"@type":"ListItem","position":1,"name":"Home","item":"https:\/\/qingdaohf.com\/"},{"@type":"ListItem","position":2,"name":"Concrete Forming Accessories and Rigging Hardware","item":"https:\/\/qingdaohf.com\/bg\/?page_id=944"},{"@type":"ListItem","position":3,"name":"Formwork Hex Nut Connection"}]},{"@type":"WebSite","@id":"https:\/\/qingdaohf.com\/bg\/#website","url":"https:\/\/qingdaohf.com\/bg\/","name":"Concrete Form & Rigging Hardware Supplier","description":"","publisher":{"@id":"https:\/\/qingdaohf.com\/bg\/#organization"},"potentialAction":[{"@type":"SearchAction","target":{"@type":"EntryPoint","urlTemplate":"https:\/\/qingdaohf.com\/bg\/?s={search_term_string}"},"query-input":{"@type":"PropertyValueSpecification","valueRequired":true,"valueName":"search_term_string"}}],"inLanguage":"et"},{"@type":"Organization","@id":"https:\/\/qingdaohf.com\/bg\/#organization","name":"Qingdao H&F","url":"https:\/\/qingdaohf.com\/bg\/","logo":{"@type":"ImageObject","inLanguage":"et","@id":"https:\/\/qingdaohf.com\/bg\/#\/schema\/logo\/image\/","url":"https:\/\/qingdaohf.com\/wp-content\/uploads\/2022\/12\/cropped-HF-LOGO.png","contentUrl":"https:\/\/qingdaohf.com\/wp-content\/uploads\/2022\/12\/cropped-HF-LOGO.png","width":391,"height":249,"caption":"Qingdao H&F"},"image":{"@id":"https:\/\/qingdaohf.com\/bg\/#\/schema\/logo\/image\/"},"sameAs":["https:\/\/www.facebook.com\/qingdaohf"]}]}},"_links":{"self":[{"href":"https:\/\/qingdaohf.com\/et\/wp-json\/wp\/v2\/product\/8618","targetHints":{"allow":["GET"]}}],"collection":[{"href":"https:\/\/qingdaohf.com\/et\/wp-json\/wp\/v2\/product"}],"about":[{"href":"https:\/\/qingdaohf.com\/et\/wp-json\/wp\/v2\/types\/product"}],"replies":[{"embeddable":true,"href":"https:\/\/qingdaohf.com\/et\/wp-json\/wp\/v2\/comments?post=8618"}],"version-history":[{"count":2,"href":"https:\/\/qingdaohf.com\/et\/wp-json\/wp\/v2\/product\/8618\/revisions"}],"predecessor-version":[{"id":8737,"href":"https:\/\/qingdaohf.com\/et\/wp-json\/wp\/v2\/product\/8618\/revisions\/8737"}],"wp:featuredmedia":[{"embeddable":true,"href":"https:\/\/qingdaohf.com\/et\/wp-json\/wp\/v2\/media\/8620"}],"wp:attachment":[{"href":"https:\/\/qingdaohf.com\/et\/wp-json\/wp\/v2\/media?parent=8618"}],"wp:term":[{"taxonomy":"product_brand","embeddable":true,"href":"https:\/\/qingdaohf.com\/et\/wp-json\/wp\/v2\/product_brand?post=8618"},{"taxonomy":"product_cat","embeddable":true,"href":"https:\/\/qingdaohf.com\/et\/wp-json\/wp\/v2\/product_cat?post=8618"},{"taxonomy":"product_tag","embeddable":true,"href":"https:\/\/qingdaohf.com\/et\/wp-json\/wp\/v2\/product_tag?post=8618"}],"curies":[{"name":"wp","href":"https:\/\/api.w.org\/{rel}","templated":true}]}}