{"id":8624,"date":"2025-01-02T15:50:36","date_gmt":"2025-01-02T07:50:36","guid":{"rendered":"http:\/\/qingdaohf.com\/?post_type=product&#038;p=8624"},"modified":"2025-11-13T09:02:21","modified_gmt":"2025-11-13T01:02:21","slug":"steel-tie-rod-cone","status":"publish","type":"product","link":"https:\/\/qingdaohf.com\/et\/toode\/terasest-sidetangi-koonus\/","title":{"rendered":"Steel Tie Rod koonus"},"content":{"rendered":"<h2 class=\"whitespace-pre-wrap break-words\">Terasest lipsukoonuse m\u00f5istmine ja selle roll ehituses<\/h2>\n<p class=\"whitespace-pre-wrap break-words\">Terasest sidetangide koonused m\u00e4ngivad t\u00e4nap\u00e4evases ehituses, eriti \u0161abloonide monteerimisel, olulist rolli. Need lihtsad, kuid \u00fcliolulised komponendid katavad sidumisvarda otsad ja loovad olulise liidese m\u00fc\u00fcritise ja betoonkonstruktsioonide vahel. Lisaks elementide \u00fchendamisele on need ka veepiirikud ja tagavad t\u00e4pse vahekauguse, aidates ehitusmeeskondadel j\u00e4rgida rangeid standardeid, ilma et ehituskvaliteeti v\u00f5i -kiirust ohverdataks.<\/p>\n<p class=\"whitespace-pre-wrap break-words\">Betooni valamisel takistavad sidumisvarraste koonused sidumisvarraste otsest kokkupuudet m\u00e4rja betooniga, mis kaitseb m\u00fc\u00fcritise konstruktsiooni tugevust. Nende konstruktsiooni t\u00f5ttu on p\u00e4rast betooni tahenemist ka palju lihtsam m\u00fc\u00fcritise eemaldamine - see on oluline omadus ajutiste s\u00fcsteemide puhul, mida kasutatakse k\u00f5ikjal alates sildadest kuni pilvel\u00f5hkujate ja t\u00f6\u00f6stushooneteni.<\/p>\n<h2 class=\"font-600 text-xl font-bold\">Tie Rod s\u00fcsteem: Koost\u00f6\u00f6v\u00f5rgustik<\/h2>\n<p class=\"whitespace-pre-wrap break-words\">Sidevarda koonused ei t\u00f6\u00f6ta \u00fcksi - need on osa integreeritud s\u00fcsteemist, mis h\u00f5lmab veepidemete, sidevarda, superplaadi kombimutreid ja plaadipesasid. Need komponendid t\u00f6\u00f6tavad koos nagu h\u00e4sti \u00f5litatud masin, et tulla toime ehitust\u00f6\u00f6de intensiivse survega.<\/p>\n<p class=\"whitespace-pre-wrap break-words\">K\u00f5ige selle keskmes on sidumisvarda, mis tagab t\u00f5mbetugevuse, mis on vajalik m\u00e4rja betooni hoidmiseks valamise ja k\u00f5venemise ajal. Veet\u00f5kked loovad \u00fcliolulised tihendid niiskuse vastu - see on eriti oluline maa-aluste ehitiste v\u00f5i muude vett hoidvate objektide puhul. Terasest sidumisvarda koonus t\u00e4iendab seda s\u00fcsteemi, parandades nii konstruktsiooni kestvust kui ka selle toimivust.<\/p>\n<p class=\"whitespace-pre-wrap break-words\">Superplaadi kombimutter lukustab k\u00f5ik kindlalt paigale, s\u00e4ilitades \u00fchtlase pinge kogu s\u00fcsteemis ja takistades \u0161ali nihkumist. Samal ajal jaotavad seotusplaadi seibid koormuse \u00fchtlaselt \u00fcle kogu \u0161ali pinna, k\u00f5rvaldades n\u00f5rgad kohad, mis v\u00f5ivad hiljem probleeme tekitada.<\/p>\n<h2 class=\"font-600 text-xl font-bold\">Terasest lipsutorude koonuste kasutamise eelised projektides<\/h2>\n<p class=\"whitespace-pre-wrap break-words\">Terasest sidumistangide koonused pakuvad ehitusplatsidel mitmeid olulisi eeliseid. Nende t\u00e4psed vahekaugused tagavad, et seina paksus j\u00e4\u00e4b \u00fchtlaseks ja arhitektuursed n\u00f5uded on t\u00e4pselt t\u00e4idetud. Samuti sobivad nad suurep\u00e4raselt kokku teiste sidumisvarraste s\u00fcsteemi komponentidega, mis lihtsustab paigaldamist ja v\u00e4hendab t\u00f6\u00f6j\u00f5ukulusid.<\/p>\n<p class=\"whitespace-pre-wrap break-words\">Need koonused on valmistatud kvaliteetsest terasest, mis peab vastu raskele koormusele ja karmidele ilmastikutingimustele. See vastupidavus t\u00e4hendab, et ehitusmeeskonnad saavad neid korduvalt taaskasutada, s\u00e4\u00e4stes raha ja v\u00e4hendades ehitusprotsessis tekkivaid j\u00e4\u00e4tmeid.<\/p>\n<p class=\"whitespace-pre-wrap break-words\">Qingdao H&amp;F-s l\u00e4bib iga koonus range tugevuse ja m\u00f5\u00f5tmete t\u00e4psuse testimise. Me esitame iga saadetisega \u00fcksikasjalikud kvaliteedikontrolli aruanded, mis annab meie klientidele kindlustunde, et nende materjalid vastavad k\u00f5igile ohutus- ja regulatiivsetele n\u00f5uetele. Meie individuaalne klienditeenindus aitab ostjatel leida t\u00e4pselt \u00f5igeid sidemetrossis\u00fcsteemi lahendusi oma konkreetsete projektide jaoks.<\/p>\n<h2 class=\"font-600 text-xl font-bold\">Integratsioon ja tulemuslikkus: K\u00f5ik kokku viia<\/h2>\n<p class=\"whitespace-pre-wrap break-words\">See, kuidas need komponendid koos t\u00f6\u00f6tavad, n\u00e4itab, kui olulised on hea inseneritehnika ja kvaliteetsed materjalid. \u00d5igesti paigaldatuna loob sidetangide koonuste, veepidemete, sidetangide, mutrite ja seibide terviklik s\u00fcsteem usaldusv\u00e4\u00e4rse aluse ehitust\u00f6\u00f6dele.<\/p>\n<p class=\"whitespace-pre-wrap break-words\">Kui k\u00f5ik on \u00f5igesti joondatud, p\u00fcsib betooni k\u00f5venemise ajal m\u00fc\u00fcritis stabiilsena, mis hoiab \u00e4ra lekked, struktuuriprobleemid ja projekti hilinemise. S\u00fcsteemi modulaarse konstruktsiooni t\u00f5ttu on see piisavalt mitmek\u00fclgne igasuguste projektide jaoks, alates lihtsatest tugim\u00fc\u00fcridest kuni suurte infrastruktuurit\u00f6\u00f6deni.<\/p>\n<p class=\"whitespace-pre-wrap break-words\">Valides Qingdao H&amp;F-i, saate nii tippkvaliteediga tooteid kui ka p\u00f5hjalikke teadmisi ja kogemusi \u0161abloonis\u00fcsteemide alal. Oleme uhked kiire tarne ja personaalse teeninduse \u00fcle, toetades teie projekte algusest l\u00f5puni. Olenemata sellest, kas vajate sidetangi koonuseid \u00fchekordseks t\u00f6\u00f6ks v\u00f5i soovite usaldusv\u00e4\u00e4rset pikaajalist tarnijat, pakume erakordset v\u00e4\u00e4rtust ja usaldusv\u00e4\u00e4rsust.<\/p>","protected":false},"excerpt":{"rendered":"<p data-pm-slice=\"1 1 []\">Terasest t\u00f5mbevarda koonused m\u00e4ngivad kriitilist rolli betoonkonstruktsioonide moodustamisel, tagades ehituses t\u00e4pse joonduse ja vastupidavuse. Ostjad seavad nende toodete hindamisel sageli esikohale \u00fchilduvuse erinevate siderauas\u00fcsteemidega, veekindluse ja tugeva materjali tugevuse. Qingdao H&amp;F tegeleb nende probleemidega t\u00e4nu p\u00fchendunud \u00fcks-\u00fchele klienditeenindusele, kiiretele tarnets\u00fcklitele ja p\u00f5hjalikele kvaliteedikontrolli aruannetele. T\u00e4nu meie kogemustele v\u00e4liskaubanduses ja ehitusvajaduste s\u00fcgavale m\u00f5istmisele tarnime tooteid, mis \u00fcletavad ootusi.<\/p>","protected":false},"featured_media":8625,"comment_status":"open","ping_status":"closed","template":"","meta":{"site-sidebar-layout":"default","site-content-layout":"","ast-site-content-layout":"default","site-content-style":"default","site-sidebar-style":"default","ast-global-header-display":"","ast-banner-title-visibility":"","ast-main-header-display":"","ast-hfb-above-header-display":"","ast-hfb-below-header-display":"","ast-hfb-mobile-header-display":"","site-post-title":"","ast-breadcrumbs-content":"","ast-featured-img":"","footer-sml-layout":"","theme-transparent-header-meta":"default","adv-header-id-meta":"","stick-header-meta":"default","header-above-stick-meta":"","header-main-stick-meta":"","header-below-stick-meta":"","astra-migrate-meta-layouts":"set","ast-page-background-enabled":"default","ast-page-background-meta":{"desktop":{"background-color":"","background-image":"","background-repeat":"repeat","background-position":"center center","background-size":"auto","background-attachment":"scroll","background-type":"","background-media":"","overlay-type":"","overlay-color":"","overlay-opacity":"","overlay-gradient":""},"tablet":{"background-color":"","background-image":"","background-repeat":"repeat","background-position":"center center","background-size":"auto","background-attachment":"scroll","background-type":"","background-media":"","overlay-type":"","overlay-color":"","overlay-opacity":"","overlay-gradient":""},"mobile":{"background-color":"","background-image":"","background-repeat":"repeat","background-position":"center center","background-size":"auto","background-attachment":"scroll","background-type":"","background-media":"","overlay-type":"","overlay-color":"","overlay-opacity":"","overlay-gradient":""}},"ast-content-background-meta":{"desktop":{"background-color":"var(--ast-global-color-5)","background-image":"","background-repeat":"repeat","background-position":"center center","background-size":"auto","background-attachment":"scroll","background-type":"","background-media":"","overlay-type":"","overlay-color":"","overlay-opacity":"","overlay-gradient":""},"tablet":{"background-color":"var(--ast-global-color-5)","background-image":"","background-repeat":"repeat","background-position":"center center","background-size":"auto","background-attachment":"scroll","background-type":"","background-media":"","overlay-type":"","overlay-color":"","overlay-opacity":"","overlay-gradient":""},"mobile":{"background-color":"var(--ast-global-color-5)","background-image":"","background-repeat":"repeat","background-position":"center center","background-size":"auto","background-attachment":"scroll","background-type":"","background-media":"","overlay-type":"","overlay-color":"","overlay-opacity":"","overlay-gradient":""}}},"product_brand":[],"product_cat":[79],"product_tag":[],"class_list":{"0":"post-8624","1":"product","2":"type-product","3":"status-publish","4":"has-post-thumbnail","6":"product_cat-tie-rod-system","7":"desktop-align-left","8":"tablet-align-left","9":"mobile-align-left","10":"ast-product-gallery-layout-horizontal-slider","11":"ast-product-gallery-with-no-image","12":"ast-product-tabs-layout-horizontal","14":"first","15":"instock","16":"shipping-taxable","17":"purchasable","18":"product-type-simple"},"yoast_head":"<!-- This site is optimized with the Yoast SEO plugin v25.2 - https:\/\/yoast.com\/wordpress\/plugins\/seo\/ -->\n<title>Steel Tie Rod Cone<\/title>\n<meta name=\"description\" content=\"Steel Tie Rod Cones play a critical role in forming concrete structures by ensuring precise alignment and durability in construction.\" \/>\n<meta name=\"robots\" content=\"index, follow, max-snippet:-1, max-image-preview:large, max-video-preview:-1\" \/>\n<link rel=\"canonical\" href=\"https:\/\/qingdaohf.com\/et\/toode\/terasest-sidetangi-koonus\/\" \/>\n<meta property=\"og:locale\" content=\"et_EE\" \/>\n<meta property=\"og:type\" content=\"article\" \/>\n<meta property=\"og:title\" content=\"Steel Tie Rod Cone\" \/>\n<meta property=\"og:description\" content=\"Steel Tie Rod Cones play a critical role in forming concrete structures by ensuring precise alignment and durability in construction.\" \/>\n<meta property=\"og:url\" content=\"https:\/\/qingdaohf.com\/et\/toode\/terasest-sidetangi-koonus\/\" \/>\n<meta property=\"og:site_name\" content=\"Concrete Form &amp; Rigging Hardware Supplier\" \/>\n<meta property=\"article:publisher\" content=\"https:\/\/www.facebook.com\/qingdaohf\" \/>\n<meta property=\"article:modified_time\" content=\"2025-11-13T01:02:21+00:00\" \/>\n<meta property=\"og:image\" content=\"https:\/\/qingdaohf.com\/wp-content\/uploads\/2025\/01\/steel-cone-tie-rod.webp\" \/>\n\t<meta property=\"og:image:width\" content=\"1000\" \/>\n\t<meta property=\"og:image:height\" content=\"1000\" \/>\n\t<meta property=\"og:image:type\" content=\"image\/webp\" \/>\n<meta name=\"twitter:card\" content=\"summary_large_image\" \/>\n<meta name=\"twitter:label1\" content=\"Est. reading time\" \/>\n\t<meta name=\"twitter:data1\" content=\"3 minutit\" \/>\n<script type=\"application\/ld+json\" class=\"yoast-schema-graph\">{\"@context\":\"https:\/\/schema.org\",\"@graph\":[{\"@type\":\"WebPage\",\"@id\":\"https:\/\/qingdaohf.com\/product\/steel-tie-rod-cone\/\",\"url\":\"https:\/\/qingdaohf.com\/product\/steel-tie-rod-cone\/\",\"name\":\"Steel Tie Rod Cone\",\"isPartOf\":{\"@id\":\"https:\/\/qingdaohf.com\/bg\/#website\"},\"primaryImageOfPage\":{\"@id\":\"https:\/\/qingdaohf.com\/product\/steel-tie-rod-cone\/#primaryimage\"},\"image\":{\"@id\":\"https:\/\/qingdaohf.com\/product\/steel-tie-rod-cone\/#primaryimage\"},\"thumbnailUrl\":\"https:\/\/qingdaohf.com\/wp-content\/uploads\/2025\/01\/steel-cone-tie-rod.webp\",\"datePublished\":\"2025-01-02T07:50:36+00:00\",\"dateModified\":\"2025-11-13T01:02:21+00:00\",\"description\":\"Steel Tie Rod Cones play a critical role in forming concrete structures by ensuring precise alignment and durability in construction.\",\"breadcrumb\":{\"@id\":\"https:\/\/qingdaohf.com\/product\/steel-tie-rod-cone\/#breadcrumb\"},\"inLanguage\":\"et\",\"potentialAction\":[{\"@type\":\"ReadAction\",\"target\":[\"https:\/\/qingdaohf.com\/product\/steel-tie-rod-cone\/\"]}]},{\"@type\":\"ImageObject\",\"inLanguage\":\"et\",\"@id\":\"https:\/\/qingdaohf.com\/product\/steel-tie-rod-cone\/#primaryimage\",\"url\":\"https:\/\/qingdaohf.com\/wp-content\/uploads\/2025\/01\/steel-cone-tie-rod.webp\",\"contentUrl\":\"https:\/\/qingdaohf.com\/wp-content\/uploads\/2025\/01\/steel-cone-tie-rod.webp\",\"width\":1000,\"height\":1000,\"caption\":\"steel cone tie rod\"},{\"@type\":\"BreadcrumbList\",\"@id\":\"https:\/\/qingdaohf.com\/product\/steel-tie-rod-cone\/#breadcrumb\",\"itemListElement\":[{\"@type\":\"ListItem\",\"position\":1,\"name\":\"Home\",\"item\":\"https:\/\/qingdaohf.com\/\"},{\"@type\":\"ListItem\",\"position\":2,\"name\":\"Concrete Forming Accessories and Rigging Hardware\",\"item\":\"https:\/\/qingdaohf.com\/bg\/?page_id=944\"},{\"@type\":\"ListItem\",\"position\":3,\"name\":\"Steel Tie Rod Cone\"}]},{\"@type\":\"WebSite\",\"@id\":\"https:\/\/qingdaohf.com\/bg\/#website\",\"url\":\"https:\/\/qingdaohf.com\/bg\/\",\"name\":\"Concrete Form & Rigging Hardware Supplier\",\"description\":\"\",\"publisher\":{\"@id\":\"https:\/\/qingdaohf.com\/bg\/#organization\"},\"potentialAction\":[{\"@type\":\"SearchAction\",\"target\":{\"@type\":\"EntryPoint\",\"urlTemplate\":\"https:\/\/qingdaohf.com\/bg\/?s={search_term_string}\"},\"query-input\":{\"@type\":\"PropertyValueSpecification\",\"valueRequired\":true,\"valueName\":\"search_term_string\"}}],\"inLanguage\":\"et\"},{\"@type\":\"Organization\",\"@id\":\"https:\/\/qingdaohf.com\/bg\/#organization\",\"name\":\"Qingdao H&F\",\"url\":\"https:\/\/qingdaohf.com\/bg\/\",\"logo\":{\"@type\":\"ImageObject\",\"inLanguage\":\"et\",\"@id\":\"https:\/\/qingdaohf.com\/bg\/#\/schema\/logo\/image\/\",\"url\":\"https:\/\/qingdaohf.com\/wp-content\/uploads\/2022\/12\/cropped-HF-LOGO.png\",\"contentUrl\":\"https:\/\/qingdaohf.com\/wp-content\/uploads\/2022\/12\/cropped-HF-LOGO.png\",\"width\":391,\"height\":249,\"caption\":\"Qingdao H&F\"},\"image\":{\"@id\":\"https:\/\/qingdaohf.com\/bg\/#\/schema\/logo\/image\/\"},\"sameAs\":[\"https:\/\/www.facebook.com\/qingdaohf\"]}]}<\/script>\n<!-- \/ Yoast SEO plugin. -->","yoast_head_json":{"title":"Steel Tie Rod Cone","description":"Steel Tie Rod Cones play a critical role in forming concrete structures by ensuring precise alignment and durability in construction.","robots":{"index":"index","follow":"follow","max-snippet":"max-snippet:-1","max-image-preview":"max-image-preview:large","max-video-preview":"max-video-preview:-1"},"canonical":"https:\/\/qingdaohf.com\/et\/toode\/terasest-sidetangi-koonus\/","og_locale":"et_EE","og_type":"article","og_title":"Steel Tie Rod Cone","og_description":"Steel Tie Rod Cones play a critical role in forming concrete structures by ensuring precise alignment and durability in construction.","og_url":"https:\/\/qingdaohf.com\/et\/toode\/terasest-sidetangi-koonus\/","og_site_name":"Concrete Form &amp; Rigging Hardware Supplier","article_publisher":"https:\/\/www.facebook.com\/qingdaohf","article_modified_time":"2025-11-13T01:02:21+00:00","og_image":[{"width":1000,"height":1000,"url":"https:\/\/qingdaohf.com\/wp-content\/uploads\/2025\/01\/steel-cone-tie-rod.webp","type":"image\/webp"}],"twitter_card":"summary_large_image","twitter_misc":{"Est. reading time":"3 minutit"},"schema":{"@context":"https:\/\/schema.org","@graph":[{"@type":"WebPage","@id":"https:\/\/qingdaohf.com\/product\/steel-tie-rod-cone\/","url":"https:\/\/qingdaohf.com\/product\/steel-tie-rod-cone\/","name":"Steel Tie Rod Cone","isPartOf":{"@id":"https:\/\/qingdaohf.com\/bg\/#website"},"primaryImageOfPage":{"@id":"https:\/\/qingdaohf.com\/product\/steel-tie-rod-cone\/#primaryimage"},"image":{"@id":"https:\/\/qingdaohf.com\/product\/steel-tie-rod-cone\/#primaryimage"},"thumbnailUrl":"https:\/\/qingdaohf.com\/wp-content\/uploads\/2025\/01\/steel-cone-tie-rod.webp","datePublished":"2025-01-02T07:50:36+00:00","dateModified":"2025-11-13T01:02:21+00:00","description":"Steel Tie Rod Cones play a critical role in forming concrete structures by ensuring precise alignment and durability in construction.","breadcrumb":{"@id":"https:\/\/qingdaohf.com\/product\/steel-tie-rod-cone\/#breadcrumb"},"inLanguage":"et","potentialAction":[{"@type":"ReadAction","target":["https:\/\/qingdaohf.com\/product\/steel-tie-rod-cone\/"]}]},{"@type":"ImageObject","inLanguage":"et","@id":"https:\/\/qingdaohf.com\/product\/steel-tie-rod-cone\/#primaryimage","url":"https:\/\/qingdaohf.com\/wp-content\/uploads\/2025\/01\/steel-cone-tie-rod.webp","contentUrl":"https:\/\/qingdaohf.com\/wp-content\/uploads\/2025\/01\/steel-cone-tie-rod.webp","width":1000,"height":1000,"caption":"steel cone tie rod"},{"@type":"BreadcrumbList","@id":"https:\/\/qingdaohf.com\/product\/steel-tie-rod-cone\/#breadcrumb","itemListElement":[{"@type":"ListItem","position":1,"name":"Home","item":"https:\/\/qingdaohf.com\/"},{"@type":"ListItem","position":2,"name":"Concrete Forming Accessories and Rigging Hardware","item":"https:\/\/qingdaohf.com\/bg\/?page_id=944"},{"@type":"ListItem","position":3,"name":"Steel Tie Rod Cone"}]},{"@type":"WebSite","@id":"https:\/\/qingdaohf.com\/bg\/#website","url":"https:\/\/qingdaohf.com\/bg\/","name":"Concrete Form & Rigging Hardware Supplier","description":"","publisher":{"@id":"https:\/\/qingdaohf.com\/bg\/#organization"},"potentialAction":[{"@type":"SearchAction","target":{"@type":"EntryPoint","urlTemplate":"https:\/\/qingdaohf.com\/bg\/?s={search_term_string}"},"query-input":{"@type":"PropertyValueSpecification","valueRequired":true,"valueName":"search_term_string"}}],"inLanguage":"et"},{"@type":"Organization","@id":"https:\/\/qingdaohf.com\/bg\/#organization","name":"Qingdao H&F","url":"https:\/\/qingdaohf.com\/bg\/","logo":{"@type":"ImageObject","inLanguage":"et","@id":"https:\/\/qingdaohf.com\/bg\/#\/schema\/logo\/image\/","url":"https:\/\/qingdaohf.com\/wp-content\/uploads\/2022\/12\/cropped-HF-LOGO.png","contentUrl":"https:\/\/qingdaohf.com\/wp-content\/uploads\/2022\/12\/cropped-HF-LOGO.png","width":391,"height":249,"caption":"Qingdao H&F"},"image":{"@id":"https:\/\/qingdaohf.com\/bg\/#\/schema\/logo\/image\/"},"sameAs":["https:\/\/www.facebook.com\/qingdaohf"]}]}},"_links":{"self":[{"href":"https:\/\/qingdaohf.com\/et\/wp-json\/wp\/v2\/product\/8624","targetHints":{"allow":["GET"]}}],"collection":[{"href":"https:\/\/qingdaohf.com\/et\/wp-json\/wp\/v2\/product"}],"about":[{"href":"https:\/\/qingdaohf.com\/et\/wp-json\/wp\/v2\/types\/product"}],"replies":[{"embeddable":true,"href":"https:\/\/qingdaohf.com\/et\/wp-json\/wp\/v2\/comments?post=8624"}],"version-history":[{"count":1,"href":"https:\/\/qingdaohf.com\/et\/wp-json\/wp\/v2\/product\/8624\/revisions"}],"predecessor-version":[{"id":8626,"href":"https:\/\/qingdaohf.com\/et\/wp-json\/wp\/v2\/product\/8624\/revisions\/8626"}],"wp:featuredmedia":[{"embeddable":true,"href":"https:\/\/qingdaohf.com\/et\/wp-json\/wp\/v2\/media\/8625"}],"wp:attachment":[{"href":"https:\/\/qingdaohf.com\/et\/wp-json\/wp\/v2\/media?parent=8624"}],"wp:term":[{"taxonomy":"product_brand","embeddable":true,"href":"https:\/\/qingdaohf.com\/et\/wp-json\/wp\/v2\/product_brand?post=8624"},{"taxonomy":"product_cat","embeddable":true,"href":"https:\/\/qingdaohf.com\/et\/wp-json\/wp\/v2\/product_cat?post=8624"},{"taxonomy":"product_tag","embeddable":true,"href":"https:\/\/qingdaohf.com\/et\/wp-json\/wp\/v2\/product_tag?post=8624"}],"curies":[{"name":"wp","href":"https:\/\/api.w.org\/{rel}","templated":true}]}}