{"id":8707,"date":"2025-01-10T14:56:29","date_gmt":"2025-01-10T06:56:29","guid":{"rendered":"http:\/\/qingdaohf.com\/?post_type=product&#038;p=8707"},"modified":"2025-11-13T09:02:20","modified_gmt":"2025-11-13T01:02:20","slug":"binding-wire","status":"publish","type":"product","link":"https:\/\/qingdaohf.com\/et\/toode\/sidumistraat\/","title":{"rendered":"Sidumistraat"},"content":{"rendered":"<h2 class=\"text-2xl font-bold mt-1 text-text-200\">Sissejuhatus ehitusse Sidumistraat: Ehituses kasutatav sidumisk\u00f6is: Tagalaud ehituses<\/h2>\n<p class=\"whitespace-pre-wrap break-words\">K\u00f5ndige \u00fcksk\u00f5ik millisele ehitusplatsile ja te leiate sidumistraati, mis hoiavad k\u00f5ike koos. See tagasihoidlik, kuid oluline osa hoiab raudbetoonitangid ja -terase kindlalt paigal, tagades betoonkonstruktsioonide tugevuse ja ohutuse. Alates v\u00e4ikestest elamuprojektidest kuni suurte \u00e4rihooneteni m\u00e4ngib sidumistraat (v\u00f5i armatuuritraat, nagu seda \u00fcldiselt tuntakse) ehitust\u00f6\u00f6de edukuses olulist rolli.<\/p>\n<p class=\"whitespace-pre-wrap break-words\">Sidumistraat on valmistatud mitmest materjalist - on olemas tsingitud traat, l\u00f5\u00f5mutatud traat ja PVC-kattega variandid. Iga\u00fcks neist pakub midagi erinevat, mis v\u00f5imaldab teil valida selle, mis sobib teie konkreetsete vajaduste jaoks k\u00f5ige paremini. Need traadid on l\u00e4bim\u00f5\u00f5duga 0,45 mm kuni 5 mm ja suudavad taluda t\u00f5mbej\u00f5udu vahemikus 300-480 N\/mm\u00b2. Uurime, mis teeb iga t\u00fc\u00fcbi eriliseks ja kuidas valida oma projekti jaoks \u00f5ige traat.<\/p>\n<h2 class=\"text-2xl font-bold mt-1 text-text-200\">Materjalide m\u00f5istmine: Sidumistraat teie projekti jaoks: \u00f5ige sidumistraadi valimine.<\/h2>\n<p class=\"whitespace-pre-wrap break-words\">Kui tegemist on sidumistraadiga, v\u00f5ib materjalivalik teie projekti muuta v\u00f5i rikkuda - s\u00f5na otseses m\u00f5ttes. Valdkonnas on kolm peamist konkurenti: tsingitud traat, l\u00f5\u00f5mutatud traat ja PVC-kattega traat.<\/p>\n<p class=\"whitespace-pre-wrap break-words\"><strong>Tsingitud traat<\/strong> on selle r\u00fchma t\u00f6\u00f6hobune. T\u00e4nu oma tsingikattele on see roostetundlik nagu vesi pardi seljast. Seet\u00f5ttu sobib see ideaalselt v\u00e4lit\u00f6\u00f6deks, kus loodus on talle k\u00f5ige hullemini peale heitnud. M\u00f5elge sildadele, maanteedele ja pilvel\u00f5hkujatele - k\u00f5ikjale, kus niiskus v\u00f5ib aja jooksul konstruktsiooni n\u00f5rgestada.<\/p>\n<p class=\"whitespace-pre-wrap break-words\"><strong>L\u00f5\u00f5mutatud traat<\/strong> - ehitusmaailma paindlik s\u00f5ber. Kuumt\u00f6\u00f6deldud, et olla painduvam, see paindub ja v\u00e4\u00e4ndub kergelt. Seet\u00f5ttu on see lemmikuks siseruumides v\u00f5i k\u00f5ikjal, kus on vaja luua tihedaid ja t\u00e4pseid sidemeid. Kuigi see ei pruugi olla nii vastupidav kui tema tsingitud n\u00f5bu, on selle t\u00f6\u00f6deldavus raskesti \u00fcletatav.<\/p>\n<p class=\"whitespace-pre-wrap break-words\"><strong>PVC-kattega traat<\/strong> lisab t\u00e4iendava kaitsekihi. M\u00f5elge sellest kui vihmamantli kandmisest ja vihmavarju kandmisest - see on kahekordne kaitse korrosiooni eest. See t\u00fc\u00fcp paistab t\u00f5eliselt silma karmides keskkondades, eriti seal, kus v\u00f5ib esineda kemikaale v\u00f5i soola. Lisaks muudab kate selle k\u00e4sitsemise ohutumaks, v\u00e4hendades paigaldamise ajal l\u00f5ikude ja kraapimiste ohtu.<\/p>\n<p><img fetchpriority=\"high\" decoding=\"async\" class=\"alignnone size-medium wp-image-8867\" src=\"http:\/\/qingdaohf.com\/wp-content\/uploads\/2025\/01\/binding-wire-1-169x300.jpg\" alt=\"sidumistraat\" width=\"169\" height=\"300\" srcset=\"https:\/\/qingdaohf.com\/wp-content\/uploads\/2025\/01\/binding-wire-1-169x300.jpg 169w, https:\/\/qingdaohf.com\/wp-content\/uploads\/2025\/01\/binding-wire-1-576x1024.jpg 576w, https:\/\/qingdaohf.com\/wp-content\/uploads\/2025\/01\/binding-wire-1-768x1365.jpg 768w, https:\/\/qingdaohf.com\/wp-content\/uploads\/2025\/01\/binding-wire-1-864x1536.jpg 864w, https:\/\/qingdaohf.com\/wp-content\/uploads\/2025\/01\/binding-wire-1-7x12.jpg 7w, https:\/\/qingdaohf.com\/wp-content\/uploads\/2025\/01\/binding-wire-1-1000x1778.jpg 1000w, https:\/\/qingdaohf.com\/wp-content\/uploads\/2025\/01\/binding-wire-1.jpg 1080w\" sizes=\"(max-width: 169px) 100vw, 169px\" \/> <img decoding=\"async\" class=\"alignnone size-medium wp-image-8868\" src=\"http:\/\/qingdaohf.com\/wp-content\/uploads\/2025\/01\/binding-wire-2-1-169x300.jpg\" alt=\"sidumistraat\" width=\"169\" height=\"300\" srcset=\"https:\/\/qingdaohf.com\/wp-content\/uploads\/2025\/01\/binding-wire-2-1-169x300.jpg 169w, https:\/\/qingdaohf.com\/wp-content\/uploads\/2025\/01\/binding-wire-2-1-576x1024.jpg 576w, https:\/\/qingdaohf.com\/wp-content\/uploads\/2025\/01\/binding-wire-2-1-768x1365.jpg 768w, https:\/\/qingdaohf.com\/wp-content\/uploads\/2025\/01\/binding-wire-2-1-864x1536.jpg 864w, https:\/\/qingdaohf.com\/wp-content\/uploads\/2025\/01\/binding-wire-2-1-7x12.jpg 7w, https:\/\/qingdaohf.com\/wp-content\/uploads\/2025\/01\/binding-wire-2-1-1000x1778.jpg 1000w, https:\/\/qingdaohf.com\/wp-content\/uploads\/2025\/01\/binding-wire-2-1.jpg 1080w\" sizes=\"(max-width: 169px) 100vw, 169px\" \/><\/p>\n<h2 class=\"text-2xl font-bold mt-1 text-text-200\">Traadi l\u00e4bim\u00f5\u00f5t ja suurus: Sidumistraadi kohandamine vastavalt projekti vajadustele<\/h2>\n<p class=\"whitespace-pre-wrap break-words\">Sidumistraadi puhul on oluline suurus. Valik ulatub sosinal\u00f5hnalisest 0,45 mm kuni tugeva 5 mm l\u00e4bim\u00f5\u00f5duga traadini. Enamik t\u00f6\u00f6v\u00f5tjaid valib oma valikuks suurused vahemikus 0,7 mm ja 1,0 mm.<\/p>\n<p class=\"whitespace-pre-wrap break-words\">Igap\u00e4evaste ehitust\u00f6\u00f6de jaoks on tavaliselt vaja traati vahemikus 22 ja 18 (0,7 mm kuni 1,2 mm). See on tasakaalustatud k\u00e4sitsemise lihtsuse ja tugevuse vahel. Vajadus t\u00f6\u00f6tada kitsastes kohtades v\u00f5i luua t\u00e4pseid sidemeid? \u00d5hem 0,45 mm traat v\u00f5ib olla teie parim valik. V\u00f5tate ette raskeid t\u00f6id? Siin tulevad m\u00e4ngu tugevamad 1,2 mm ja suuremad suurused.<\/p>\n<p class=\"whitespace-pre-wrap break-words\">\u00d5ige l\u00e4bim\u00f5\u00f5du valimine ei ole ainult tugevus, vaid ka arukas majandus. Paksem traat annab rohkem j\u00f5udu, kuid see m\u00f5jub teie rahakotile raskemini. \u00d5hem traat s\u00e4\u00e4stab raha ja on lihtsamini k\u00e4sitsetav, kuid see ei pruugi iga t\u00f6\u00f6 puhul sobida. Targad t\u00f6\u00f6v\u00f5tjad sobitavad traadi suuruse oma konkreetsetele vajadustele, pidades silmas nii funktsionaalsust kui ka eelarvet.<\/p>\n<p><img decoding=\"async\" class=\"alignnone wp-image-8871 size-large\" src=\"http:\/\/qingdaohf.com\/wp-content\/uploads\/2025\/01\/binding-wire-5-768x1024.jpg\" alt=\"sidumistraat\" width=\"768\" height=\"1024\" srcset=\"https:\/\/qingdaohf.com\/wp-content\/uploads\/2025\/01\/binding-wire-5-768x1024.jpg 768w, https:\/\/qingdaohf.com\/wp-content\/uploads\/2025\/01\/binding-wire-5-225x300.jpg 225w, https:\/\/qingdaohf.com\/wp-content\/uploads\/2025\/01\/binding-wire-5-1152x1536.jpg 1152w, https:\/\/qingdaohf.com\/wp-content\/uploads\/2025\/01\/binding-wire-5-1536x2048.jpg 1536w, https:\/\/qingdaohf.com\/wp-content\/uploads\/2025\/01\/binding-wire-5-9x12.jpg 9w, https:\/\/qingdaohf.com\/wp-content\/uploads\/2025\/01\/binding-wire-5-1000x1333.jpg 1000w, https:\/\/qingdaohf.com\/wp-content\/uploads\/2025\/01\/binding-wire-5-scaled.jpg 1920w\" sizes=\"(max-width: 768px) 100vw, 768px\" \/><\/p>\n<h2 class=\"text-2xl font-bold mt-1 text-text-200\">T\u00f5mbetugevus: kuidas see m\u00f5jutab sidumistraadi j\u00f5udlust<\/h2>\n<p class=\"whitespace-pre-wrap break-words\">R\u00e4\u00e4gime lihastest - t\u00e4psemalt, t\u00f5mbetugevusest. See oluline m\u00f5\u00f5dik n\u00e4itab, kui suurt koormust teie juhe suudab taluda, enne kui onu nutab. Meie sidumistraadi t\u00f5mbetugevus ulatub 300 kuni 480 N\/mm\u00b2, mis annab teile palju v\u00f5imalusi erinevate t\u00f6\u00f6de jaoks.<\/p>\n<p class=\"whitespace-pre-wrap break-words\">See on k\u00f5ige olulisem raudbetoonit\u00f6\u00f6de puhul, kus teie traat peab betooni k\u00f5venemise ajal k\u00f5ik kindlalt kinni hoidma. M\u00f5elge sellest kui klubi h\u00fcppaja - see peab hoidma k\u00f5iki (v\u00f5i antud juhul iga raudtala) t\u00e4pselt seal, kus nad peaksid olema, olenemata sellest, millise surve all nad on.<\/p>\n<p class=\"whitespace-pre-wrap break-words\">Juhtme tugevuse valimisel arvestage nii koormust, mida see kannab, kui ka tingimusi, millega see kokku puutub. Suuremad projektid v\u00f5i karmid keskkonnad n\u00f5uavad suuremat t\u00f5mbetugevust - see on justkui lisakindlustus teie konstruktsiooni terviklikkuse tagamiseks.<\/p>\n<h2 class=\"text-2xl font-bold mt-1 text-text-200\">Klienditeenindus ja kohaletoimetamine: Teie usaldusv\u00e4\u00e4rne partner ehituses<\/h2>\n<p class=\"whitespace-pre-wrap break-words\">\u00d5ige juhtme hankimine on vaid pool lahingust - sama oluline on ka see, et sa saad seda \u00f5igel ajal ja kohas, kus sa seda vajad. Meie meeskond teab, et ehitus ei oota, mist\u00f5ttu pakume personaalset teenust ja usaldusv\u00e4\u00e4rseid tarneplaane, mis hoiavad teie projekti k\u00e4imas.<\/p>\n<p class=\"whitespace-pre-wrap break-words\">Kas vajate n\u00f5u juhtme spetsifikatsioonide kohta? K\u00fcsimusi selle kohta, milline t\u00fc\u00fcp sobib teie projektile k\u00f5ige paremini? Meie eksperdid on vaid helistamise kaugusel, et aidata teil teha \u00f5ige valik. Me ei m\u00fc\u00fc lihtsalt traati - me oleme teie partnerid, et tagada teie projekti edu.<\/p>\n<p class=\"whitespace-pre-wrap break-words\">Ehituses loeb kiirus ja meie kiire tarneaeg t\u00e4hendab, et teid ei j\u00e4eta ootama. Olenemata sellest, kas teil on varud otsas v\u00f5i alustate uut projekti, me toimetame juhtme kiiresti kohale.<\/p>\n<p class=\"whitespace-pre-wrap break-words\">Iga partii, mille me v\u00e4lja saadame, l\u00e4bib p\u00f5hjaliku kvaliteedikontrolli. Me testime k\u00f5ike - tugevust, vastupidavust, k\u00f5iki t\u00f6id - nii et te teate t\u00e4pselt, mida te saate. See on osa meie kohustusest hoida teie projektid \u00f5igel teel ja n\u00f5uetele vastavana.<\/p>\n<h2 class=\"text-2xl font-bold mt-1 text-text-200\">Kokkuv\u00f5te: Valige parim sidumistraat oma ehitusprojektide jaoks.<\/h2>\n<p class=\"whitespace-pre-wrap break-words\">L\u00f5ppkokkuv\u00f5ttes v\u00f5ib sidumistraat tunduda teie ehitusprojekti v\u00e4ike osa, kuid see on \u00fcks neist kriitilistest komponentidest, mida te ei saa endale lubada valesti teha. Olenemata sellest, kas kasutate vastupidavuse tagamiseks tsingitud, paindlikkuse tagamiseks l\u00f5\u00f5mutatud v\u00f5i lisakaitse tagamiseks PVC-kattega traati, on \u00f5ige traadi valimisel k\u00f5ik erinevused olemas.<\/p>\n<p class=\"whitespace-pre-wrap break-words\">Meie suuruste ja tugevuste valik v\u00f5imaldab teil valida t\u00e4pselt seda, mida vajate iga t\u00f6\u00f6 jaoks. Koos meie vastutuleliku klienditeeninduse, kiire tarne ja range kvaliteedikontrolliga on teil ehitusvajaduste rahuldamiseks suurep\u00e4rane kombinatsioon.<\/p>\n<p class=\"whitespace-pre-wrap break-words\">Pidage meeles, et \u00f5ige sidumistraat ei ole lihtsalt ost - see on investeering teie projekti tulevikku. Lubage meil aidata teil seda teha.<\/p>","protected":false},"excerpt":{"rendered":"<p>Sidumistraat on juba aastaid olnud ehitust\u00f6\u00f6stuse lahutamatu osa, pakkudes usaldusv\u00e4\u00e4rset ja kauakestvat lahendust sarruste ja betoonterase sidumiseks. Meie toode on saadaval erinevates materjalides: tsingitud, l\u00f5\u00f5mutatud ja PVC-kattega traat, et tagada sobivus igasuguste ehitusvajadustega. Traadi l\u00e4bim\u00f5\u00f5t on 0,45 mm kuni 5 mm ja t\u00f5mbetugevus vahemikus 300-480 N\/mm\u00b2, seega on see traat m\u00f5eldud tugevuse ja pikaajalise toimivuse tagamiseks. Kauplemiskogemusega pakume \u00fcks-\u00fchele klienditeenindust, kiireid tarneperioodi ja kvaliteedikontrolli aruandeid, et te tunneksite end rahulikult. Olenemata sellest, kas te t\u00f6\u00f6tate suurte infrastruktuuriprojektide v\u00f5i v\u00e4iksemate arenduste kallal, meil on teie jaoks kohandatud lahendus.<\/p>","protected":false},"featured_media":8714,"comment_status":"open","ping_status":"closed","template":"","meta":{"site-sidebar-layout":"default","site-content-layout":"","ast-site-content-layout":"default","site-content-style":"default","site-sidebar-style":"default","ast-global-header-display":"","ast-banner-title-visibility":"","ast-main-header-display":"","ast-hfb-above-header-display":"","ast-hfb-below-header-display":"","ast-hfb-mobile-header-display":"","site-post-title":"","ast-breadcrumbs-content":"","ast-featured-img":"","footer-sml-layout":"","theme-transparent-header-meta":"default","adv-header-id-meta":"","stick-header-meta":"default","header-above-stick-meta":"","header-main-stick-meta":"","header-below-stick-meta":"","astra-migrate-meta-layouts":"set","ast-page-background-enabled":"default","ast-page-background-meta":{"desktop":{"background-color":"","background-image":"","background-repeat":"repeat","background-position":"center center","background-size":"auto","background-attachment":"scroll","background-type":"","background-media":"","overlay-type":"","overlay-color":"","overlay-opacity":"","overlay-gradient":""},"tablet":{"background-color":"","background-image":"","background-repeat":"repeat","background-position":"center center","background-size":"auto","background-attachment":"scroll","background-type":"","background-media":"","overlay-type":"","overlay-color":"","overlay-opacity":"","overlay-gradient":""},"mobile":{"background-color":"","background-image":"","background-repeat":"repeat","background-position":"center center","background-size":"auto","background-attachment":"scroll","background-type":"","background-media":"","overlay-type":"","overlay-color":"","overlay-opacity":"","overlay-gradient":""}},"ast-content-background-meta":{"desktop":{"background-color":"var(--ast-global-color-5)","background-image":"","background-repeat":"repeat","background-position":"center center","background-size":"auto","background-attachment":"scroll","background-type":"","background-media":"","overlay-type":"","overlay-color":"","overlay-opacity":"","overlay-gradient":""},"tablet":{"background-color":"var(--ast-global-color-5)","background-image":"","background-repeat":"repeat","background-position":"center center","background-size":"auto","background-attachment":"scroll","background-type":"","background-media":"","overlay-type":"","overlay-color":"","overlay-opacity":"","overlay-gradient":""},"mobile":{"background-color":"var(--ast-global-color-5)","background-image":"","background-repeat":"repeat","background-position":"center center","background-size":"auto","background-attachment":"scroll","background-type":"","background-media":"","overlay-type":"","overlay-color":"","overlay-opacity":"","overlay-gradient":""}}},"product_brand":[],"product_cat":[36],"product_tag":[],"class_list":{"0":"post-8707","1":"product","2":"type-product","3":"status-publish","4":"has-post-thumbnail","6":"product_cat-tie-wire","7":"desktop-align-left","8":"tablet-align-left","9":"mobile-align-left","10":"ast-product-gallery-layout-horizontal-slider","11":"ast-product-tabs-layout-horizontal","13":"first","14":"instock","15":"shipping-taxable","16":"purchasable","17":"product-type-simple"},"yoast_head":"<!-- This site is optimized with the Yoast SEO plugin v25.2 - https:\/\/yoast.com\/wordpress\/plugins\/seo\/ -->\n<title>Binding Wire<\/title>\n<meta name=\"description\" content=\"Construction Binding Wire has been an integral part of the construction industry for many years, offering a reliable and long-lasting solution for tying rebar and reinforcing steel.\" \/>\n<meta name=\"robots\" content=\"index, follow, max-snippet:-1, max-image-preview:large, max-video-preview:-1\" \/>\n<link rel=\"canonical\" href=\"https:\/\/qingdaohf.com\/et\/toode\/sidumistraat\/\" \/>\n<meta property=\"og:locale\" content=\"et_EE\" \/>\n<meta property=\"og:type\" content=\"article\" \/>\n<meta property=\"og:title\" content=\"Binding Wire\" \/>\n<meta property=\"og:description\" content=\"Construction Binding Wire has been an integral part of the construction industry for many years, offering a reliable and long-lasting solution for tying rebar and reinforcing steel.\" \/>\n<meta property=\"og:url\" content=\"https:\/\/qingdaohf.com\/et\/toode\/sidumistraat\/\" \/>\n<meta property=\"og:site_name\" content=\"Concrete Form &amp; Rigging Hardware Supplier\" \/>\n<meta property=\"article:publisher\" content=\"https:\/\/www.facebook.com\/qingdaohf\" \/>\n<meta property=\"article:modified_time\" content=\"2025-11-13T01:02:20+00:00\" \/>\n<meta property=\"og:image\" content=\"https:\/\/qingdaohf.com\/wp-content\/uploads\/2025\/01\/binding-wire-6.jpg\" \/>\n\t<meta property=\"og:image:width\" content=\"750\" \/>\n\t<meta property=\"og:image:height\" content=\"750\" \/>\n\t<meta property=\"og:image:type\" content=\"image\/jpeg\" \/>\n<meta name=\"twitter:card\" content=\"summary_large_image\" \/>\n<meta name=\"twitter:label1\" content=\"Est. reading time\" \/>\n\t<meta name=\"twitter:data1\" content=\"5 minutit\" \/>\n<script type=\"application\/ld+json\" class=\"yoast-schema-graph\">{\"@context\":\"https:\/\/schema.org\",\"@graph\":[{\"@type\":\"WebPage\",\"@id\":\"https:\/\/qingdaohf.com\/product\/binding-wire\/\",\"url\":\"https:\/\/qingdaohf.com\/product\/binding-wire\/\",\"name\":\"Binding Wire\",\"isPartOf\":{\"@id\":\"https:\/\/qingdaohf.com\/bg\/#website\"},\"primaryImageOfPage\":{\"@id\":\"https:\/\/qingdaohf.com\/product\/binding-wire\/#primaryimage\"},\"image\":{\"@id\":\"https:\/\/qingdaohf.com\/product\/binding-wire\/#primaryimage\"},\"thumbnailUrl\":\"https:\/\/qingdaohf.com\/wp-content\/uploads\/2025\/01\/binding-wire-6.jpg\",\"datePublished\":\"2025-01-10T06:56:29+00:00\",\"dateModified\":\"2025-11-13T01:02:20+00:00\",\"description\":\"Construction Binding Wire has been an integral part of the construction industry for many years, offering a reliable and long-lasting solution for tying rebar and reinforcing steel.\",\"breadcrumb\":{\"@id\":\"https:\/\/qingdaohf.com\/product\/binding-wire\/#breadcrumb\"},\"inLanguage\":\"et\",\"potentialAction\":[{\"@type\":\"ReadAction\",\"target\":[\"https:\/\/qingdaohf.com\/product\/binding-wire\/\"]}]},{\"@type\":\"ImageObject\",\"inLanguage\":\"et\",\"@id\":\"https:\/\/qingdaohf.com\/product\/binding-wire\/#primaryimage\",\"url\":\"https:\/\/qingdaohf.com\/wp-content\/uploads\/2025\/01\/binding-wire-6.jpg\",\"contentUrl\":\"https:\/\/qingdaohf.com\/wp-content\/uploads\/2025\/01\/binding-wire-6.jpg\",\"width\":750,\"height\":750,\"caption\":\"binding wire\"},{\"@type\":\"BreadcrumbList\",\"@id\":\"https:\/\/qingdaohf.com\/product\/binding-wire\/#breadcrumb\",\"itemListElement\":[{\"@type\":\"ListItem\",\"position\":1,\"name\":\"Home\",\"item\":\"https:\/\/qingdaohf.com\/\"},{\"@type\":\"ListItem\",\"position\":2,\"name\":\"Concrete Forming Accessories and Rigging Hardware\",\"item\":\"https:\/\/qingdaohf.com\/bg\/?page_id=944\"},{\"@type\":\"ListItem\",\"position\":3,\"name\":\"Binding Wire\"}]},{\"@type\":\"WebSite\",\"@id\":\"https:\/\/qingdaohf.com\/bg\/#website\",\"url\":\"https:\/\/qingdaohf.com\/bg\/\",\"name\":\"Concrete Form & Rigging Hardware Supplier\",\"description\":\"\",\"publisher\":{\"@id\":\"https:\/\/qingdaohf.com\/bg\/#organization\"},\"potentialAction\":[{\"@type\":\"SearchAction\",\"target\":{\"@type\":\"EntryPoint\",\"urlTemplate\":\"https:\/\/qingdaohf.com\/bg\/?s={search_term_string}\"},\"query-input\":{\"@type\":\"PropertyValueSpecification\",\"valueRequired\":true,\"valueName\":\"search_term_string\"}}],\"inLanguage\":\"et\"},{\"@type\":\"Organization\",\"@id\":\"https:\/\/qingdaohf.com\/bg\/#organization\",\"name\":\"Qingdao H&F\",\"url\":\"https:\/\/qingdaohf.com\/bg\/\",\"logo\":{\"@type\":\"ImageObject\",\"inLanguage\":\"et\",\"@id\":\"https:\/\/qingdaohf.com\/bg\/#\/schema\/logo\/image\/\",\"url\":\"https:\/\/qingdaohf.com\/wp-content\/uploads\/2022\/12\/cropped-HF-LOGO.png\",\"contentUrl\":\"https:\/\/qingdaohf.com\/wp-content\/uploads\/2022\/12\/cropped-HF-LOGO.png\",\"width\":391,\"height\":249,\"caption\":\"Qingdao H&F\"},\"image\":{\"@id\":\"https:\/\/qingdaohf.com\/bg\/#\/schema\/logo\/image\/\"},\"sameAs\":[\"https:\/\/www.facebook.com\/qingdaohf\"]}]}<\/script>\n<!-- \/ Yoast SEO plugin. -->","yoast_head_json":{"title":"Binding Wire","description":"Construction Binding Wire has been an integral part of the construction industry for many years, offering a reliable and long-lasting solution for tying rebar and reinforcing steel.","robots":{"index":"index","follow":"follow","max-snippet":"max-snippet:-1","max-image-preview":"max-image-preview:large","max-video-preview":"max-video-preview:-1"},"canonical":"https:\/\/qingdaohf.com\/et\/toode\/sidumistraat\/","og_locale":"et_EE","og_type":"article","og_title":"Binding Wire","og_description":"Construction Binding Wire has been an integral part of the construction industry for many years, offering a reliable and long-lasting solution for tying rebar and reinforcing steel.","og_url":"https:\/\/qingdaohf.com\/et\/toode\/sidumistraat\/","og_site_name":"Concrete Form &amp; Rigging Hardware Supplier","article_publisher":"https:\/\/www.facebook.com\/qingdaohf","article_modified_time":"2025-11-13T01:02:20+00:00","og_image":[{"width":750,"height":750,"url":"https:\/\/qingdaohf.com\/wp-content\/uploads\/2025\/01\/binding-wire-6.jpg","type":"image\/jpeg"}],"twitter_card":"summary_large_image","twitter_misc":{"Est. reading time":"5 minutit"},"schema":{"@context":"https:\/\/schema.org","@graph":[{"@type":"WebPage","@id":"https:\/\/qingdaohf.com\/product\/binding-wire\/","url":"https:\/\/qingdaohf.com\/product\/binding-wire\/","name":"Binding Wire","isPartOf":{"@id":"https:\/\/qingdaohf.com\/bg\/#website"},"primaryImageOfPage":{"@id":"https:\/\/qingdaohf.com\/product\/binding-wire\/#primaryimage"},"image":{"@id":"https:\/\/qingdaohf.com\/product\/binding-wire\/#primaryimage"},"thumbnailUrl":"https:\/\/qingdaohf.com\/wp-content\/uploads\/2025\/01\/binding-wire-6.jpg","datePublished":"2025-01-10T06:56:29+00:00","dateModified":"2025-11-13T01:02:20+00:00","description":"Construction Binding Wire has been an integral part of the construction industry for many years, offering a reliable and long-lasting solution for tying rebar and reinforcing steel.","breadcrumb":{"@id":"https:\/\/qingdaohf.com\/product\/binding-wire\/#breadcrumb"},"inLanguage":"et","potentialAction":[{"@type":"ReadAction","target":["https:\/\/qingdaohf.com\/product\/binding-wire\/"]}]},{"@type":"ImageObject","inLanguage":"et","@id":"https:\/\/qingdaohf.com\/product\/binding-wire\/#primaryimage","url":"https:\/\/qingdaohf.com\/wp-content\/uploads\/2025\/01\/binding-wire-6.jpg","contentUrl":"https:\/\/qingdaohf.com\/wp-content\/uploads\/2025\/01\/binding-wire-6.jpg","width":750,"height":750,"caption":"binding wire"},{"@type":"BreadcrumbList","@id":"https:\/\/qingdaohf.com\/product\/binding-wire\/#breadcrumb","itemListElement":[{"@type":"ListItem","position":1,"name":"Home","item":"https:\/\/qingdaohf.com\/"},{"@type":"ListItem","position":2,"name":"Concrete Forming Accessories and Rigging Hardware","item":"https:\/\/qingdaohf.com\/bg\/?page_id=944"},{"@type":"ListItem","position":3,"name":"Binding Wire"}]},{"@type":"WebSite","@id":"https:\/\/qingdaohf.com\/bg\/#website","url":"https:\/\/qingdaohf.com\/bg\/","name":"Concrete Form & Rigging Hardware Supplier","description":"","publisher":{"@id":"https:\/\/qingdaohf.com\/bg\/#organization"},"potentialAction":[{"@type":"SearchAction","target":{"@type":"EntryPoint","urlTemplate":"https:\/\/qingdaohf.com\/bg\/?s={search_term_string}"},"query-input":{"@type":"PropertyValueSpecification","valueRequired":true,"valueName":"search_term_string"}}],"inLanguage":"et"},{"@type":"Organization","@id":"https:\/\/qingdaohf.com\/bg\/#organization","name":"Qingdao H&F","url":"https:\/\/qingdaohf.com\/bg\/","logo":{"@type":"ImageObject","inLanguage":"et","@id":"https:\/\/qingdaohf.com\/bg\/#\/schema\/logo\/image\/","url":"https:\/\/qingdaohf.com\/wp-content\/uploads\/2022\/12\/cropped-HF-LOGO.png","contentUrl":"https:\/\/qingdaohf.com\/wp-content\/uploads\/2022\/12\/cropped-HF-LOGO.png","width":391,"height":249,"caption":"Qingdao H&F"},"image":{"@id":"https:\/\/qingdaohf.com\/bg\/#\/schema\/logo\/image\/"},"sameAs":["https:\/\/www.facebook.com\/qingdaohf"]}]}},"_links":{"self":[{"href":"https:\/\/qingdaohf.com\/et\/wp-json\/wp\/v2\/product\/8707","targetHints":{"allow":["GET"]}}],"collection":[{"href":"https:\/\/qingdaohf.com\/et\/wp-json\/wp\/v2\/product"}],"about":[{"href":"https:\/\/qingdaohf.com\/et\/wp-json\/wp\/v2\/types\/product"}],"replies":[{"embeddable":true,"href":"https:\/\/qingdaohf.com\/et\/wp-json\/wp\/v2\/comments?post=8707"}],"version-history":[{"count":7,"href":"https:\/\/qingdaohf.com\/et\/wp-json\/wp\/v2\/product\/8707\/revisions"}],"predecessor-version":[{"id":8876,"href":"https:\/\/qingdaohf.com\/et\/wp-json\/wp\/v2\/product\/8707\/revisions\/8876"}],"wp:featuredmedia":[{"embeddable":true,"href":"https:\/\/qingdaohf.com\/et\/wp-json\/wp\/v2\/media\/8714"}],"wp:attachment":[{"href":"https:\/\/qingdaohf.com\/et\/wp-json\/wp\/v2\/media?parent=8707"}],"wp:term":[{"taxonomy":"product_brand","embeddable":true,"href":"https:\/\/qingdaohf.com\/et\/wp-json\/wp\/v2\/product_brand?post=8707"},{"taxonomy":"product_cat","embeddable":true,"href":"https:\/\/qingdaohf.com\/et\/wp-json\/wp\/v2\/product_cat?post=8707"},{"taxonomy":"product_tag","embeddable":true,"href":"https:\/\/qingdaohf.com\/et\/wp-json\/wp\/v2\/product_tag?post=8707"}],"curies":[{"name":"wp","href":"https:\/\/api.w.org\/{rel}","templated":true}]}}