{"id":8721,"date":"2025-01-13T14:56:13","date_gmt":"2025-01-13T06:56:13","guid":{"rendered":"http:\/\/qingdaohf.com\/?post_type=product&#038;p=8721"},"modified":"2025-11-13T09:02:20","modified_gmt":"2025-11-13T01:02:20","slug":"lifting-socket-duo-round-ferrules","status":"publish","type":"product","link":"https:\/\/qingdaohf.com\/et\/toode\/tostev-pesa-duo-ummargune-tuvi\/","title":{"rendered":"Lifting Socket Duo Round Ferrules"},"content":{"rendered":"<h2 class=\"text-2xl font-bold mt-1 text-text-200\">Mis on Lifting Socket Duo Round Ferrules ja kuidas need t\u00f6\u00f6tavad?<\/h2>\n<p class=\"whitespace-pre-wrap break-words\">M\u00f5elge Lifting Socket Duo Round Ferrules'ile kui taglaseoperatsioonide laulmata kangelastele. Need pealtn\u00e4ha lihtsad komponendid m\u00e4ngivad olulist rolli trosside kinnitamisel t\u00f5stes\u00fcsteemidele. Iga ferrule toimib ankurduspunktina, luues usaldusv\u00e4\u00e4rse \u00fchenduse, mis on ohutu t\u00f5stmise jaoks h\u00e4davajalik.<\/p>\n<p class=\"whitespace-pre-wrap break-words\">Nende trosside geniaalsus seisneb nende \u00fcmaras konstruktsioonis. Nagu h\u00e4sti kulunud j\u00f5ekivi, aitab nende sile pind jaotada koormust \u00fchtlaselt trossi \u00fcle kogu trossi, v\u00e4ltides nii, et \u00fckski punkt ei kannaks liiga suurt koormust. \"Duo\" aspekt viitab nende nutikale kahesugusele konstruktsioonile - nad nii kinnitavad trossi otsa kui ka kaitsevad seda kulumise eest, tehes sisuliselt kahe komponendi t\u00f6\u00f6d \u00fches.<\/p>\n<p class=\"whitespace-pre-wrap break-words\">Neid t\u00fc\u00fcnereid leiad k\u00f5vasti t\u00f6\u00f6d kohtades, kus raskuste t\u00f5stmine on igap\u00e4evane v\u00e4ljakutse. Alates k\u00f5rguvatest ehitusplatvormidest kuni tormi poolt r\u00e4situd avamereplatvormideni on need kriitiline osa t\u00f5stmise m\u00f5istatusest t\u00f6\u00f6stusharudes, kus ei ole ruumi seadmete t\u00f5rgeteks.<\/p>\n<p><img fetchpriority=\"high\" decoding=\"async\" class=\"alignnone wp-image-3355 size-full\" src=\"http:\/\/qingdaohf.com\/wp-content\/uploads\/2023\/03\/lifting-sockets-with-plastic-caps-6-1.jpg\" alt=\"plastkorgiga t\u00f5stepesad\" width=\"800\" height=\"410\" srcset=\"https:\/\/qingdaohf.com\/wp-content\/uploads\/2023\/03\/lifting-sockets-with-plastic-caps-6-1.jpg 800w, https:\/\/qingdaohf.com\/wp-content\/uploads\/2023\/03\/lifting-sockets-with-plastic-caps-6-1-300x154.jpg 300w, https:\/\/qingdaohf.com\/wp-content\/uploads\/2023\/03\/lifting-sockets-with-plastic-caps-6-1-768x394.jpg 768w\" sizes=\"(max-width: 800px) 100vw, 800px\" \/><\/p>\n<h2 class=\"text-2xl font-bold mt-1 text-text-200\">Miks peaksite valima Qingdao H &amp; F t\u00f5stmiseks Socket Duo Round Ferrules?<\/h2>\n<p class=\"whitespace-pre-wrap break-words\">Olgem ausad - kui te ostate taglase varustust, siis on teil t\u00f5en\u00e4oliselt kolm peamist murek\u00fcsimust: Kas see t\u00f6\u00f6tab teie praeguse seadistusega? Kas see kestab kaua? Ja mis ehk k\u00f5ige t\u00e4htsam, kas see j\u00f5uab kohale siis, kui te seda vajate? Qingdao H&amp;F on oma \u00e4ri \u00fcles ehitanud just nende probleemide lahendamisele.<\/p>\n<p class=\"whitespace-pre-wrap break-words\">Meie l\u00e4henemine on teistsugune kui enamiku tarnijate puhul. Selle asemel, et k\u00e4sitleda trossid kui lihtsalt \u00fcks kataloogiartikkel, pakume igale tellimusele p\u00fchendunud, personaalset t\u00e4helepanu. Meie meeskond teeb teiega otsest koost\u00f6\u00f6d, et m\u00f5ista teie t\u00f5stes\u00fcsteemi erip\u00e4rasid, tagades, et saate trellid, mis sobivad ideaalselt teie olemasoleva varustusega.<\/p>\n<p class=\"whitespace-pre-wrap break-words\">Oleme oma tarneprotsessi \u00fchtlustanud, et teie projektid liiguksid edasi. Olenemata sellest, kas vajate \u00fchte v\u00f5i tuhandet ferruli, hoiame oma tarneahelat rangelt kontrolli all, et pidada kinni teie t\u00e4htaegadest. Iga partii l\u00e4bib p\u00f5hjaliku testimise ja me esitame \u00fcksikasjalikud kontrolliaruanded, et te saaksite olla kindlad selles, mida te saate.<\/p>\n<p class=\"whitespace-pre-wrap break-words\">Kui te meiega koost\u00f6\u00f6d teete, siis te ei osta lihtsalt toodet - te saate partneri. Meie meeskond on kogu protsessi v\u00e4ltel k\u00e4ttesaadav, valmis vastama k\u00fcsimustele v\u00f5i lahendama tekkivaid probleeme.<\/p>\n<h2 class=\"text-2xl font-bold mt-1 text-text-200\">Lifting Socket Duo Round Ferrules konstruktsioon ja omadused<\/h2>\n<p class=\"whitespace-pre-wrap break-words\">Lifting Socket Duo Round Ferrules'i ilu seisneb nende lihtsas, kuid nutikas disainis. Vastupidavast terasest v\u00f5i roostevabast terasest valmistatud ferrulesid on konstrueeritud nii, et nad suudavad taluda igap\u00e4evase kasutamisega kaasnevat karistust, s\u00e4ilitades samas oma terviklikkuse. Nende \u00fcmardatud profiil loob trossi jaoks loomuliku h\u00e4lli, k\u00f5rvaldades teravad servad, mis v\u00f5ivad ohustada trossi tugevust.<\/p>\n<p class=\"whitespace-pre-wrap break-words\">Need duo round ferrules on erilised t\u00e4nu nende mitmek\u00fclgsusele. Lisaks k\u00f6ie kinnitamisele toimivad nad ka kaitsjana keskkonnakahjustuste eest. Nende sile kuju v\u00e4hendab h\u00f5\u00f5rdumist ja kaitseb trossi korrap\u00e4rase kasutamise k\u00e4igus tekkiva kulumise eest, mis on eriti v\u00e4\u00e4rtuslik karmides t\u00f6\u00f6tingimustes.<\/p>\n<p class=\"whitespace-pre-wrap break-words\">Funktsioon \"duo\" on rohkem kui lihtsalt turunduslik k\u00f5nepruuk. Need trossid t\u00e4idavad topelt\u00fclesannet, l\u00f5petades k\u00f6ie ja kaitstes seda liigse pinge eest. See muudab need eriti v\u00e4\u00e4rtuslikuks d\u00fcnaamilistes keskkondades, n\u00e4iteks avamereplatvormidel, kus seadmed on pidevas liikumises ja pinges.<\/p>\n<p class=\"whitespace-pre-wrap break-words\">\u00dcks parimaid asju nende komplektide juures on nende lihtsa paigaldamise protsess. Trossi keeramine ja kinnitamine on lihtne, mis s\u00e4\u00e4stab v\u00e4\u00e4rtuslikku aega seadistamise ajal. Lisaks, kuna \u00fcks komponent tegeleb nii l\u00f5petamise kui ka kaitsega, s\u00e4\u00e4state raha ja v\u00e4hendate oma taglase s\u00fcsteemi keerukust.<\/p>\n<h2 class=\"text-2xl font-bold mt-1 text-text-200\">Lifting Socket Duo Round Ferrules'i roll ohutuse ja j\u00f5udluse osas<\/h2>\n<p class=\"whitespace-pre-wrap break-words\">Raskete t\u00f5steseadmete maailmas ei ole ruumi seadmete t\u00f5rgeteks. Kui t\u00f5state tonnide kaaluga koormusi, peab iga komponent toimima laitmatult. Lifting Socket Duo Round Ferrules on kriitilised turvaelemendid, mis tagavad trosside kindla kinnituse t\u00f5stemehhanismide k\u00fclge ja hoiavad \u00e4ra potentsiaalselt katastroofilised rikked.<\/p>\n<p class=\"whitespace-pre-wrap break-words\">Need trossid on konstrueeritud nii, et need s\u00e4ilitavad trossi terviklikkuse aja jooksul. R\u00f5hu \u00fchtlase jaotamise abil takistavad nad n\u00f5rkade kohtade tekkimist, mis on v\u00e4ga oluline rakendustes, kus koormused pidevalt muutuvad, n\u00e4iteks kraanade v\u00f5i avameret\u00f5stukite puhul.<\/p>\n<p class=\"whitespace-pre-wrap break-words\">Lisaks oma esmasele kinnitusfunktsioonile kaitsevad need trossid ka korrosiooni ja keskkonnakahjustuste eest. Kas t\u00f6\u00f6tate mere\u00e4\u00e4rses sadamas v\u00f5i vihmaga ligunenud ehitusplatsil, nende trosside k\u00f5rgekvaliteedilised materjalid tagavad, et nad t\u00f6\u00f6tavad nii magevee kui ka soolase vee tingimustes.<\/p>\n<p><img decoding=\"async\" class=\"alignnone wp-image-3402 size-full\" src=\"http:\/\/qingdaohf.com\/wp-content\/uploads\/2023\/03\/50-2.jpg\" alt=\"\u00fcmmargune kinnitusr\u00f5ngas\" width=\"1200\" height=\"480\" srcset=\"https:\/\/qingdaohf.com\/wp-content\/uploads\/2023\/03\/50-2.jpg 1200w, https:\/\/qingdaohf.com\/wp-content\/uploads\/2023\/03\/50-2-300x120.jpg 300w, https:\/\/qingdaohf.com\/wp-content\/uploads\/2023\/03\/50-2-1024x410.jpg 1024w, https:\/\/qingdaohf.com\/wp-content\/uploads\/2023\/03\/50-2-768x307.jpg 768w, https:\/\/qingdaohf.com\/wp-content\/uploads\/2023\/03\/50-2-1000x400.jpg 1000w\" sizes=\"(max-width: 1200px) 100vw, 1200px\" \/><\/p>\n<h2 class=\"text-2xl font-bold mt-1 text-text-200\">Qingdao H&amp;F p\u00fchendumine kvaliteedile ja teenindusele<\/h2>\n<p class=\"whitespace-pre-wrap break-words\">Qingdao H&amp;F-is on kvaliteetsete toodete tarnimine alles algus. Iga meie Lifting Socket Duo Round Ferrules'i partii l\u00e4bib intensiivse testimise, mida toetavad \u00fcksikasjalikud kontrolliaruanded. See l\u00e4bipaistvus v\u00f5imaldab teil t\u00e4pselt kontrollida, mida te saate ja kuidas see toimib.<\/p>\n<p class=\"whitespace-pre-wrap break-words\">Me m\u00f5istame, et teie seadmete \u00f5igeaegne tarnimine on \u00fclioluline. Seep\u00e4rast oleme rajanud oma maine usaldusv\u00e4\u00e4rsetele tarneplaanidele, mis hoiavad teie projekte edasi. K\u00fcsimuste tekkimisel on meie tehniline meeskond valmis aitama, pakkudes teile vajalikku tuge, et teie tegevus toimiks t\u00f5rgeteta.<\/p>\n<p class=\"whitespace-pre-wrap break-words\">Tuginedes aastatepikkusele t\u00f6\u00f6stuskogemusele, m\u00f5istame usaldusv\u00e4\u00e4rsete taglase komponentide hankimisega seotud probleeme. Meie meeskond on p\u00fchendunud teie t\u00f6\u00f6 lihtsamaks muutmisele, pakkudes meelerahu kvaliteetsete toodete ja usaldusv\u00e4\u00e4rse teeninduse abil.<\/p>\n<h2 class=\"text-2xl font-bold mt-1 text-text-200\">Kokkuv\u00f5te<\/h2>\n<p class=\"whitespace-pre-wrap break-words\">Kui tegemist on taglase t\u00f6\u00f6ga, on Lifting Socket Duo Round Ferrules olulised komponendid, mida te ei saa endale lubada t\u00e4helepanuta j\u00e4tta. Need pakuvad usaldusv\u00e4\u00e4rset ja t\u00f5husat lahendust trosside kinnitamiseks ja kaitsmiseks n\u00f5udlikes keskkondades. Tehes koost\u00f6\u00f6d Qingdao H&amp;F-iga, saate rohkem kui lihtsalt kvaliteetsed trossid - saate meeskonna, mis on p\u00fchendunud teie edule, mida toetab kiire tarne ja p\u00f5hjalik kvaliteeditagamine.<\/p>\n<p class=\"whitespace-pre-wrap break-words\">Igal t\u00f5steprojektil on oma ainulaadsed v\u00e4ljakutsed ja me oleme siin, et aidata teil neid lahendada. Keskendudes kvaliteedile, l\u00e4bipaistvusele ja kliendi rahulolule, oleme valmis olema teie usaldusv\u00e4\u00e4rne partner k\u00f5igis taglastamisasjades. V\u00f5tke \u00fchendust juba t\u00e4na, et teada saada, kuidas meie t\u00f5stes\u00f5lmede Duo Round Ferrules v\u00f5ib teie t\u00f5stet\u00f6id t\u00f5hustada.<\/p>","protected":false},"excerpt":{"rendered":"<p>Lifting Socket Duo Round Ferrules aitavad pakkuda turvalisi ja t\u00f5husaid \u00fchendusi trosside jaoks raskete t\u00f5stet\u00f6\u00f6de puhul. Need on konstrueeritud nii, et need tagavad tugevuse, vastupidavuse ja j\u00f5udluse k\u00f5rge koormusega keskkondades. Ostjate tavap\u00e4raste murede hulgas on t\u00f5stekomponentide \u00fchilduvus, usaldusv\u00e4\u00e4rsus ja ohutus; Qingdao H&amp;F Lifting Socket Duo Round Ferrules'iga olete lihtsalt kindel, et saate kvaliteetseid lahendusi. Meie tooteid toetavad \u00fcks-\u00fchele klienditeenindus, kiired tarneperioodid ja p\u00f5hjalikud kvaliteedikontrolli aruanded, et tagada, et saate t\u00e4pselt seda, mida vajate, siis, kui vajate, ja seda t\u00e4ieliku l\u00e4bipaistvusega.<\/p>","protected":false},"featured_media":8723,"comment_status":"open","ping_status":"closed","template":"","meta":{"site-sidebar-layout":"default","site-content-layout":"","ast-site-content-layout":"default","site-content-style":"default","site-sidebar-style":"default","ast-global-header-display":"","ast-banner-title-visibility":"","ast-main-header-display":"","ast-hfb-above-header-display":"","ast-hfb-below-header-display":"","ast-hfb-mobile-header-display":"","site-post-title":"","ast-breadcrumbs-content":"","ast-featured-img":"","footer-sml-layout":"","theme-transparent-header-meta":"default","adv-header-id-meta":"","stick-header-meta":"default","header-above-stick-meta":"","header-main-stick-meta":"","header-below-stick-meta":"","astra-migrate-meta-layouts":"set","ast-page-background-enabled":"default","ast-page-background-meta":{"desktop":{"background-color":"","background-image":"","background-repeat":"repeat","background-position":"center center","background-size":"auto","background-attachment":"scroll","background-type":"","background-media":"","overlay-type":"","overlay-color":"","overlay-opacity":"","overlay-gradient":""},"tablet":{"background-color":"","background-image":"","background-repeat":"repeat","background-position":"center center","background-size":"auto","background-attachment":"scroll","background-type":"","background-media":"","overlay-type":"","overlay-color":"","overlay-opacity":"","overlay-gradient":""},"mobile":{"background-color":"","background-image":"","background-repeat":"repeat","background-position":"center center","background-size":"auto","background-attachment":"scroll","background-type":"","background-media":"","overlay-type":"","overlay-color":"","overlay-opacity":"","overlay-gradient":""}},"ast-content-background-meta":{"desktop":{"background-color":"var(--ast-global-color-5)","background-image":"","background-repeat":"repeat","background-position":"center center","background-size":"auto","background-attachment":"scroll","background-type":"","background-media":"","overlay-type":"","overlay-color":"","overlay-opacity":"","overlay-gradient":""},"tablet":{"background-color":"var(--ast-global-color-5)","background-image":"","background-repeat":"repeat","background-position":"center center","background-size":"auto","background-attachment":"scroll","background-type":"","background-media":"","overlay-type":"","overlay-color":"","overlay-opacity":"","overlay-gradient":""},"mobile":{"background-color":"var(--ast-global-color-5)","background-image":"","background-repeat":"repeat","background-position":"center center","background-size":"auto","background-attachment":"scroll","background-type":"","background-media":"","overlay-type":"","overlay-color":"","overlay-opacity":"","overlay-gradient":""}}},"product_brand":[],"product_cat":[30],"product_tag":[],"class_list":{"0":"post-8721","1":"product","2":"type-product","3":"status-publish","4":"has-post-thumbnail","6":"product_cat-lifting-anchor","7":"desktop-align-left","8":"tablet-align-left","9":"mobile-align-left","10":"ast-product-gallery-layout-horizontal-slider","11":"ast-product-tabs-layout-horizontal","13":"first","14":"instock","15":"shipping-taxable","16":"purchasable","17":"product-type-simple"},"yoast_head":"<!-- This site is optimized with the Yoast SEO plugin v25.2 - https:\/\/yoast.com\/wordpress\/plugins\/seo\/ -->\n<title>Lifting Socket Duo Round Ferrules<\/title>\n<meta name=\"description\" content=\"Lifting Socket Duo Round Ferrules help to provide safe and efficient connections for wire ropes in heavy-duty lifting operations.\" \/>\n<meta name=\"robots\" content=\"index, follow, max-snippet:-1, max-image-preview:large, max-video-preview:-1\" \/>\n<link rel=\"canonical\" href=\"https:\/\/qingdaohf.com\/et\/toode\/tostev-pesa-duo-ummargune-tuvi\/\" \/>\n<meta property=\"og:locale\" content=\"et_EE\" \/>\n<meta property=\"og:type\" content=\"article\" \/>\n<meta property=\"og:title\" content=\"Lifting Socket Duo Round Ferrules\" \/>\n<meta property=\"og:description\" content=\"Lifting Socket Duo Round Ferrules help to provide safe and efficient connections for wire ropes in heavy-duty lifting operations.\" \/>\n<meta property=\"og:url\" content=\"https:\/\/qingdaohf.com\/et\/toode\/tostev-pesa-duo-ummargune-tuvi\/\" \/>\n<meta property=\"og:site_name\" content=\"Concrete Form &amp; Rigging Hardware Supplier\" \/>\n<meta property=\"article:publisher\" content=\"https:\/\/www.facebook.com\/qingdaohf\" \/>\n<meta property=\"article:modified_time\" content=\"2025-11-13T01:02:20+00:00\" \/>\n<meta property=\"og:image\" content=\"https:\/\/qingdaohf.com\/wp-content\/uploads\/2025\/01\/duo-round-ferrule-1.jpg\" \/>\n\t<meta property=\"og:image:width\" content=\"800\" \/>\n\t<meta property=\"og:image:height\" content=\"800\" \/>\n\t<meta property=\"og:image:type\" content=\"image\/jpeg\" \/>\n<meta name=\"twitter:card\" content=\"summary_large_image\" \/>\n<meta name=\"twitter:label1\" content=\"Est. reading time\" \/>\n\t<meta name=\"twitter:data1\" content=\"5 minutit\" \/>\n<script type=\"application\/ld+json\" class=\"yoast-schema-graph\">{\"@context\":\"https:\/\/schema.org\",\"@graph\":[{\"@type\":\"WebPage\",\"@id\":\"https:\/\/qingdaohf.com\/product\/lifting-socket-duo-round-ferrules\/\",\"url\":\"https:\/\/qingdaohf.com\/product\/lifting-socket-duo-round-ferrules\/\",\"name\":\"Lifting Socket Duo Round Ferrules\",\"isPartOf\":{\"@id\":\"https:\/\/qingdaohf.com\/bg\/#website\"},\"primaryImageOfPage\":{\"@id\":\"https:\/\/qingdaohf.com\/product\/lifting-socket-duo-round-ferrules\/#primaryimage\"},\"image\":{\"@id\":\"https:\/\/qingdaohf.com\/product\/lifting-socket-duo-round-ferrules\/#primaryimage\"},\"thumbnailUrl\":\"https:\/\/qingdaohf.com\/wp-content\/uploads\/2025\/01\/duo-round-ferrule-1.jpg\",\"datePublished\":\"2025-01-13T06:56:13+00:00\",\"dateModified\":\"2025-11-13T01:02:20+00:00\",\"description\":\"Lifting Socket Duo Round Ferrules help to provide safe and efficient connections for wire ropes in heavy-duty lifting operations.\",\"breadcrumb\":{\"@id\":\"https:\/\/qingdaohf.com\/product\/lifting-socket-duo-round-ferrules\/#breadcrumb\"},\"inLanguage\":\"et\",\"potentialAction\":[{\"@type\":\"ReadAction\",\"target\":[\"https:\/\/qingdaohf.com\/product\/lifting-socket-duo-round-ferrules\/\"]}]},{\"@type\":\"ImageObject\",\"inLanguage\":\"et\",\"@id\":\"https:\/\/qingdaohf.com\/product\/lifting-socket-duo-round-ferrules\/#primaryimage\",\"url\":\"https:\/\/qingdaohf.com\/wp-content\/uploads\/2025\/01\/duo-round-ferrule-1.jpg\",\"contentUrl\":\"https:\/\/qingdaohf.com\/wp-content\/uploads\/2025\/01\/duo-round-ferrule-1.jpg\",\"width\":800,\"height\":800,\"caption\":\"duo round ferrule\"},{\"@type\":\"BreadcrumbList\",\"@id\":\"https:\/\/qingdaohf.com\/product\/lifting-socket-duo-round-ferrules\/#breadcrumb\",\"itemListElement\":[{\"@type\":\"ListItem\",\"position\":1,\"name\":\"Home\",\"item\":\"https:\/\/qingdaohf.com\/\"},{\"@type\":\"ListItem\",\"position\":2,\"name\":\"Concrete Forming Accessories and Rigging Hardware\",\"item\":\"https:\/\/qingdaohf.com\/bg\/?page_id=944\"},{\"@type\":\"ListItem\",\"position\":3,\"name\":\"Lifting Socket Duo Round Ferrules\"}]},{\"@type\":\"WebSite\",\"@id\":\"https:\/\/qingdaohf.com\/bg\/#website\",\"url\":\"https:\/\/qingdaohf.com\/bg\/\",\"name\":\"Concrete Form & Rigging Hardware Supplier\",\"description\":\"\",\"publisher\":{\"@id\":\"https:\/\/qingdaohf.com\/bg\/#organization\"},\"potentialAction\":[{\"@type\":\"SearchAction\",\"target\":{\"@type\":\"EntryPoint\",\"urlTemplate\":\"https:\/\/qingdaohf.com\/bg\/?s={search_term_string}\"},\"query-input\":{\"@type\":\"PropertyValueSpecification\",\"valueRequired\":true,\"valueName\":\"search_term_string\"}}],\"inLanguage\":\"et\"},{\"@type\":\"Organization\",\"@id\":\"https:\/\/qingdaohf.com\/bg\/#organization\",\"name\":\"Qingdao H&F\",\"url\":\"https:\/\/qingdaohf.com\/bg\/\",\"logo\":{\"@type\":\"ImageObject\",\"inLanguage\":\"et\",\"@id\":\"https:\/\/qingdaohf.com\/bg\/#\/schema\/logo\/image\/\",\"url\":\"https:\/\/qingdaohf.com\/wp-content\/uploads\/2022\/12\/cropped-HF-LOGO.png\",\"contentUrl\":\"https:\/\/qingdaohf.com\/wp-content\/uploads\/2022\/12\/cropped-HF-LOGO.png\",\"width\":391,\"height\":249,\"caption\":\"Qingdao H&F\"},\"image\":{\"@id\":\"https:\/\/qingdaohf.com\/bg\/#\/schema\/logo\/image\/\"},\"sameAs\":[\"https:\/\/www.facebook.com\/qingdaohf\"]}]}<\/script>\n<!-- \/ Yoast SEO plugin. -->","yoast_head_json":{"title":"Lifting Socket Duo Round Ferrules","description":"Lifting Socket Duo Round Ferrules help to provide safe and efficient connections for wire ropes in heavy-duty lifting operations.","robots":{"index":"index","follow":"follow","max-snippet":"max-snippet:-1","max-image-preview":"max-image-preview:large","max-video-preview":"max-video-preview:-1"},"canonical":"https:\/\/qingdaohf.com\/et\/toode\/tostev-pesa-duo-ummargune-tuvi\/","og_locale":"et_EE","og_type":"article","og_title":"Lifting Socket Duo Round Ferrules","og_description":"Lifting Socket Duo Round Ferrules help to provide safe and efficient connections for wire ropes in heavy-duty lifting operations.","og_url":"https:\/\/qingdaohf.com\/et\/toode\/tostev-pesa-duo-ummargune-tuvi\/","og_site_name":"Concrete Form &amp; Rigging Hardware Supplier","article_publisher":"https:\/\/www.facebook.com\/qingdaohf","article_modified_time":"2025-11-13T01:02:20+00:00","og_image":[{"width":800,"height":800,"url":"https:\/\/qingdaohf.com\/wp-content\/uploads\/2025\/01\/duo-round-ferrule-1.jpg","type":"image\/jpeg"}],"twitter_card":"summary_large_image","twitter_misc":{"Est. reading time":"5 minutit"},"schema":{"@context":"https:\/\/schema.org","@graph":[{"@type":"WebPage","@id":"https:\/\/qingdaohf.com\/product\/lifting-socket-duo-round-ferrules\/","url":"https:\/\/qingdaohf.com\/product\/lifting-socket-duo-round-ferrules\/","name":"Lifting Socket Duo Round Ferrules","isPartOf":{"@id":"https:\/\/qingdaohf.com\/bg\/#website"},"primaryImageOfPage":{"@id":"https:\/\/qingdaohf.com\/product\/lifting-socket-duo-round-ferrules\/#primaryimage"},"image":{"@id":"https:\/\/qingdaohf.com\/product\/lifting-socket-duo-round-ferrules\/#primaryimage"},"thumbnailUrl":"https:\/\/qingdaohf.com\/wp-content\/uploads\/2025\/01\/duo-round-ferrule-1.jpg","datePublished":"2025-01-13T06:56:13+00:00","dateModified":"2025-11-13T01:02:20+00:00","description":"Lifting Socket Duo Round Ferrules help to provide safe and efficient connections for wire ropes in heavy-duty lifting operations.","breadcrumb":{"@id":"https:\/\/qingdaohf.com\/product\/lifting-socket-duo-round-ferrules\/#breadcrumb"},"inLanguage":"et","potentialAction":[{"@type":"ReadAction","target":["https:\/\/qingdaohf.com\/product\/lifting-socket-duo-round-ferrules\/"]}]},{"@type":"ImageObject","inLanguage":"et","@id":"https:\/\/qingdaohf.com\/product\/lifting-socket-duo-round-ferrules\/#primaryimage","url":"https:\/\/qingdaohf.com\/wp-content\/uploads\/2025\/01\/duo-round-ferrule-1.jpg","contentUrl":"https:\/\/qingdaohf.com\/wp-content\/uploads\/2025\/01\/duo-round-ferrule-1.jpg","width":800,"height":800,"caption":"duo round ferrule"},{"@type":"BreadcrumbList","@id":"https:\/\/qingdaohf.com\/product\/lifting-socket-duo-round-ferrules\/#breadcrumb","itemListElement":[{"@type":"ListItem","position":1,"name":"Home","item":"https:\/\/qingdaohf.com\/"},{"@type":"ListItem","position":2,"name":"Concrete Forming Accessories and Rigging Hardware","item":"https:\/\/qingdaohf.com\/bg\/?page_id=944"},{"@type":"ListItem","position":3,"name":"Lifting Socket Duo Round Ferrules"}]},{"@type":"WebSite","@id":"https:\/\/qingdaohf.com\/bg\/#website","url":"https:\/\/qingdaohf.com\/bg\/","name":"Concrete Form & Rigging Hardware Supplier","description":"","publisher":{"@id":"https:\/\/qingdaohf.com\/bg\/#organization"},"potentialAction":[{"@type":"SearchAction","target":{"@type":"EntryPoint","urlTemplate":"https:\/\/qingdaohf.com\/bg\/?s={search_term_string}"},"query-input":{"@type":"PropertyValueSpecification","valueRequired":true,"valueName":"search_term_string"}}],"inLanguage":"et"},{"@type":"Organization","@id":"https:\/\/qingdaohf.com\/bg\/#organization","name":"Qingdao H&F","url":"https:\/\/qingdaohf.com\/bg\/","logo":{"@type":"ImageObject","inLanguage":"et","@id":"https:\/\/qingdaohf.com\/bg\/#\/schema\/logo\/image\/","url":"https:\/\/qingdaohf.com\/wp-content\/uploads\/2022\/12\/cropped-HF-LOGO.png","contentUrl":"https:\/\/qingdaohf.com\/wp-content\/uploads\/2022\/12\/cropped-HF-LOGO.png","width":391,"height":249,"caption":"Qingdao H&F"},"image":{"@id":"https:\/\/qingdaohf.com\/bg\/#\/schema\/logo\/image\/"},"sameAs":["https:\/\/www.facebook.com\/qingdaohf"]}]}},"_links":{"self":[{"href":"https:\/\/qingdaohf.com\/et\/wp-json\/wp\/v2\/product\/8721","targetHints":{"allow":["GET"]}}],"collection":[{"href":"https:\/\/qingdaohf.com\/et\/wp-json\/wp\/v2\/product"}],"about":[{"href":"https:\/\/qingdaohf.com\/et\/wp-json\/wp\/v2\/types\/product"}],"replies":[{"embeddable":true,"href":"https:\/\/qingdaohf.com\/et\/wp-json\/wp\/v2\/comments?post=8721"}],"version-history":[{"count":3,"href":"https:\/\/qingdaohf.com\/et\/wp-json\/wp\/v2\/product\/8721\/revisions"}],"predecessor-version":[{"id":8730,"href":"https:\/\/qingdaohf.com\/et\/wp-json\/wp\/v2\/product\/8721\/revisions\/8730"}],"wp:featuredmedia":[{"embeddable":true,"href":"https:\/\/qingdaohf.com\/et\/wp-json\/wp\/v2\/media\/8723"}],"wp:attachment":[{"href":"https:\/\/qingdaohf.com\/et\/wp-json\/wp\/v2\/media?parent=8721"}],"wp:term":[{"taxonomy":"product_brand","embeddable":true,"href":"https:\/\/qingdaohf.com\/et\/wp-json\/wp\/v2\/product_brand?post=8721"},{"taxonomy":"product_cat","embeddable":true,"href":"https:\/\/qingdaohf.com\/et\/wp-json\/wp\/v2\/product_cat?post=8721"},{"taxonomy":"product_tag","embeddable":true,"href":"https:\/\/qingdaohf.com\/et\/wp-json\/wp\/v2\/product_tag?post=8721"}],"curies":[{"name":"wp","href":"https:\/\/api.w.org\/{rel}","templated":true}]}}