{"id":8858,"date":"2025-01-21T15:05:09","date_gmt":"2025-01-21T07:05:09","guid":{"rendered":"http:\/\/qingdaohf.com\/?post_type=product&#038;p=8858"},"modified":"2025-11-13T09:02:20","modified_gmt":"2025-11-13T01:02:20","slug":"anchor-bolt-concrete","status":"publish","type":"product","link":"https:\/\/qingdaohf.com\/et\/toode\/ankurduspoldi-betoon\/","title":{"rendered":"Ankru poldi betoon"},"content":{"rendered":"<h2 class=\"whitespace-pre-wrap break-words\">Ankurpoltide betoonrakenduste m\u00f5istmine<\/h2>\n<p class=\"whitespace-pre-wrap break-words\">Ankurpoldid, mida nimetatakse ka vundamendipoltideks v\u00f5i L-poltideks, on konstruktsiooni stabiilsuse selgrooks erinevates ehituslikes rakendustes. K\u00f5ndides \u00fcksk\u00f5ik millisele suuremale ehitusplatsile, n\u00e4ete neid teraspostide kinnitamisel, raskete masinate ankurdamisel v\u00f5i konstruktsiooniraamide kinnitamisel betoonvundamentide k\u00fclge. Need ei ole tavalised kinnitusdetailid - need on kriitilised komponendid, mis tagavad tugevuse ja usaldusv\u00e4\u00e4rsuse, mida insenerid ja t\u00f6\u00f6v\u00f5tjad kohapeal n\u00f5uavad. Nende poltide toimimise tundma\u00f5ppimine betooniga ei ole lihtsalt kasulik - see on h\u00e4davajalik, et valida \u00f5ige t\u00fc\u00fcp ja tagada nende pikaajaline toimimine.<\/p>\n<p><img fetchpriority=\"high\" decoding=\"async\" class=\"alignnone wp-image-9149 size-large\" src=\"http:\/\/qingdaohf.com\/wp-content\/uploads\/2025\/03\/foundation-bolt-1-1024x768.webp\" alt=\"vundamendipolt\" width=\"1024\" height=\"768\" srcset=\"https:\/\/qingdaohf.com\/wp-content\/uploads\/2025\/03\/foundation-bolt-1-1024x768.webp 1024w, https:\/\/qingdaohf.com\/wp-content\/uploads\/2025\/03\/foundation-bolt-1-300x225.webp 300w, https:\/\/qingdaohf.com\/wp-content\/uploads\/2025\/03\/foundation-bolt-1-768x576.webp 768w, https:\/\/qingdaohf.com\/wp-content\/uploads\/2025\/03\/foundation-bolt-1-16x12.webp 16w, https:\/\/qingdaohf.com\/wp-content\/uploads\/2025\/03\/foundation-bolt-1-1000x750.webp 1000w, https:\/\/qingdaohf.com\/wp-content\/uploads\/2025\/03\/foundation-bolt-1.webp 1200w\" sizes=\"(max-width: 1024px) 100vw, 1024px\" \/><\/p>\n<p class=\"whitespace-pre-wrap break-words\">Vaadake mis tahes ankurdatud betoonlahendust ja te n\u00e4ete, et see on algusest peale tugevalt ehitatud. Need ei ole m\u00f5eldud mitte ainult asjade paigalhoidmiseks - need on konstrueeritud nii, et nad suudavad toime tulla t\u00f5siste pingete ja karmide keskkonnatingimustega, jaotades samal ajal koormused \u00fchtlaselt, et k\u00f5rvaldada n\u00f5rgad kohad. Kui kogenud insenerid valivad vundamendipoldid ja L-poldid, vaatavad nad kolme peamist asja: t\u00f5mbetugevust, seda, kui h\u00e4sti see rooste vastu v\u00f5itleb, ja seda, kas seda saab paigaldada t\u00e4pse t\u00e4psusega. Oleme oma tootmisprotsessi \u00fcles ehitanud t\u00e4pselt nende n\u00f5uete j\u00e4rgi, tagades, et meie tooted saavad hakkama k\u00f5igega, mida teie projekt ette n\u00e4eb.<\/p>\n<p><strong>Pinnakate\/materjal:<\/strong> Kuumtsingitud v\u00f5i katmata teras<\/p>\n<h3>Vundamendipoldi suurus:<\/h3>\n\n<table id=\"tablepress-2\" class=\"tablepress tablepress-id-2\">\n<thead>\n<tr class=\"row-1\">\n\t<th class=\"column-1\">Diameeter (tolli)<\/th><th class=\"column-2\">Pikkus (tolli)<\/th>\n<\/tr>\n<\/thead>\n<tbody class=\"row-striping row-hover\">\n<tr class=\"row-2\">\n\t<td class=\"column-1\">1\/2\u2033<\/td><td class=\"column-2\">6\u2033<\/td>\n<\/tr>\n<tr class=\"row-3\">\n\t<td class=\"column-1\">1\/2\u2033<\/td><td class=\"column-2\">8\u2033<\/td>\n<\/tr>\n<tr class=\"row-4\">\n\t<td class=\"column-1\">1\/2\u2033<\/td><td class=\"column-2\">10\u2033<\/td>\n<\/tr>\n<tr class=\"row-5\">\n\t<td class=\"column-1\">1\/2\u2033<\/td><td class=\"column-2\">12\u2033<\/td>\n<\/tr>\n<tr class=\"row-6\">\n\t<td class=\"column-1\">1\/2\u2033<\/td><td class=\"column-2\">14\u2033<\/td>\n<\/tr>\n<tr class=\"row-7\">\n\t<td class=\"column-1\">1\/2\u2033<\/td><td class=\"column-2\">16\u2033<\/td>\n<\/tr>\n<tr class=\"row-8\">\n\t<td class=\"column-1\">1\/2\u2033<\/td><td class=\"column-2\">18\u2033<\/td>\n<\/tr>\n<tr class=\"row-9\">\n\t<td class=\"column-1\">5\/8\u2033<\/td><td class=\"column-2\">6\u2033<\/td>\n<\/tr>\n<tr class=\"row-10\">\n\t<td class=\"column-1\">5\/8\u2033<\/td><td class=\"column-2\">8\u2033<\/td>\n<\/tr>\n<tr class=\"row-11\">\n\t<td class=\"column-1\">5\/8\u2033<\/td><td class=\"column-2\">10\u2033<\/td>\n<\/tr>\n<tr class=\"row-12\">\n\t<td class=\"column-1\">5\/8\u2033<\/td><td class=\"column-2\">12\u2033<\/td>\n<\/tr>\n<tr class=\"row-13\">\n\t<td class=\"column-1\">5\/8\u2033<\/td><td class=\"column-2\">14\u2033<\/td>\n<\/tr>\n<tr class=\"row-14\">\n\t<td class=\"column-1\">5\/8\u2033<\/td><td class=\"column-2\">16\u2033<\/td>\n<\/tr>\n<tr class=\"row-15\">\n\t<td class=\"column-1\">5\/8\u2033<\/td><td class=\"column-2\">18\u2033<\/td>\n<\/tr>\n<tr class=\"row-16\">\n\t<td class=\"column-1\">3\/4\u2033<\/td><td class=\"column-2\">6\u2033<\/td>\n<\/tr>\n<tr class=\"row-17\">\n\t<td class=\"column-1\">3\/4\u2033<\/td><td class=\"column-2\">8\u2033<\/td>\n<\/tr>\n<tr class=\"row-18\">\n\t<td class=\"column-1\">3\/4\u2033<\/td><td class=\"column-2\">10\u2033<\/td>\n<\/tr>\n<tr class=\"row-19\">\n\t<td class=\"column-1\">3\/4\u2033<\/td><td class=\"column-2\">12\u2033<\/td>\n<\/tr>\n<tr class=\"row-20\">\n\t<td class=\"column-1\">3\/4\u2033<\/td><td class=\"column-2\">14\u2033<\/td>\n<\/tr>\n<tr class=\"row-21\">\n\t<td class=\"column-1\">3\/4\u2033<\/td><td class=\"column-2\">16\u2033<\/td>\n<\/tr>\n<tr class=\"row-22\">\n\t<td class=\"column-1\">3\/4\u2033<\/td><td class=\"column-2\">18\u2033<\/td>\n<\/tr>\n<\/tbody>\n<\/table>\n\n<h2 class=\"whitespace-pre-wrap break-words\">P\u00f5hitegurid vundamendipoltide valikul<\/h2>\n<p class=\"whitespace-pre-wrap break-words\">Materjalide valik v\u00f5ib muuta teie vundamendipoldid ja L-poldid kas heaks v\u00f5i halvaks. Teil on valikuv\u00f5imalusi: \u00fclitugevad terasesulamid, kui vajate toorest j\u00f5udu, tsingitud pinnakatted t\u00e4iendava kaitse tagamiseks v\u00f5i roostevaba teras, kui keskkond on eriti karm. Kas teil on projekt, mille k\u00e4igus need poldid puutuvad kokku niiskuse, kemikaalide v\u00f5i \u00e4\u00e4rmuslikega temperatuuridega? Meil on iga stsenaariumi jaoks spetsiaalsed materjalid. Iga polt l\u00e4bib ranged kvaliteedikontrolli testid, mida toetavad \u00fcksikasjalikud kontrolliaruanded, mis annavad teile t\u00f5elise kindlustunde selle suhtes, mida te ostate.<\/p>\n<p class=\"whitespace-pre-wrap break-words\">Paigaldamise t\u00e4psus ei ole mitte ainult soovitatav - see on h\u00e4davajalik, et saavutada vundamendipoltide ja L-poltide maksimaalne j\u00f5udlus. Peate kindlaks m\u00e4\u00e4rama paigalduss\u00fcgavuse, saavutama t\u00e4psed p\u00f6\u00f6rdemomendi n\u00e4itajad ja saavutama \u00f5ige joonduse. Need \u00fcksikasjad m\u00f5jutavad otseselt seda, kui h\u00e4sti teie konstruktsioon koos p\u00fcsib. Seep\u00e4rast on H&amp;F tehniline meeskond alati valmis juhendama teid parimate tavade osas, tagades, et teie paigaldus mitte ainult ei vasta t\u00f6\u00f6stusstandarditele, vaid \u00fcletab neid. Me oleme siin, et aidata teil teha seda esimesel korral \u00f5igesti.<\/p>\n<div class=\"ast-oembed-container\" style=\"height: 100%;\"><iframe title=\"Vundamendipolt\" width=\"500\" height=\"281\" src=\"https:\/\/www.youtube.com\/embed\/3M-AW45tVRI?feature=oembed\" frameborder=\"0\" allow=\"accelerometer; autoplay; clipboard-write; encrypted-media; gyroscope; picture-in-picture; web-share\" referrerpolicy=\"strict-origin-when-cross-origin\" allowfullscreen><\/iframe><\/div>\n<h2 class=\"whitespace-pre-wrap break-words\">Miks valida H&amp;F oma L-poldi vajaduste jaoks?<\/h2>\n<p class=\"whitespace-pre-wrap break-words\">M\u00f5nikord ei piisa lihtsalt standardist - siin tulebki appi kohandamine. Erinevad t\u00f6\u00f6d vajavad erinevaid poltide l\u00e4bim\u00f5\u00f5te, keermet\u00fc\u00fcpe ja pikkusi. Meie tootevalik on piisavalt lai, et leiad t\u00e4pselt selle, mida vajad, ilma et peaksid kohapeal midagi muutma. \u00dcksk\u00f5ik, kas vajate standardseteks t\u00f6\u00f6deks tavalisi L-poldid v\u00f5i kohandatud lahendusi ainulaadsete \u00fclesannete jaoks, meie meeskond teab, kuidas leida teile sobiv riistvara.<\/p>\n<p class=\"whitespace-pre-wrap break-words\">Ehitusprojektide puhul on aeg raha ja osade ootamine v\u00f5ib teie ajakava ja eelarve h\u00e4vitada. Seep\u00e4rast on meie tarneahela lihtsaks ja t\u00f5husaks muutmine meie kinnisidee. Oleme kaotanud b\u00fcrokraatia ja \u00fchtlustanud oma logistikat, et saada teile seda, mida vajate, siis, kui seda vajate, ning hoida teie projekti kulgemist ilma kulukate viivitusteta.<\/p>\n<p class=\"whitespace-pre-wrap break-words\">Kvaliteet ei ole siin lihtsalt m\u00e4rks\u00f5na - see on sisse ehitatud k\u00f5igesse, mida me teeme. Iga vundamendipoltide ja L-poltide partii testitakse p\u00f5hjalikult vastavalt rahvusvahelistele standarditele. Alates materjali koostise kontrollimisest kuni koormuskatseteni dokumenteerime k\u00f5ik \u00fcksikasjalikes kontrolliaruannetes. See kvaliteedim\u00f5te on muutnud meid t\u00f5siste t\u00f6\u00f6v\u00f5tjate ja inseneride partneriks.<\/p>\n<p class=\"whitespace-pre-wrap break-words\">Ehitus ei ole aeglustunud ja ka vajadus usaldusv\u00e4\u00e4rsete ankurdamislahenduste j\u00e4rele ei ole aeglustunud. Olenemata sellest, kas te ehitate ehitisi, infrastruktuuri v\u00f5i t\u00f6\u00f6stusrajatisi, vajate vundamendipoldid ja L-poldid, mis ei lase teid h\u00e4tta. H&amp;F ei m\u00fc\u00fc me lihtsalt riistvara - me anname kindlustunnet, et ehitada julgelt ja \u00f5igesti.<\/p>","protected":false},"excerpt":{"rendered":"<p>Ankurpoltide betoonlahendused, mida nimetatakse ka vundamendipoltideks v\u00f5i L-poltideks, on konstruktsiooni p\u00f5hiline kinnitamine betoonpindade k\u00fclge. Sellised tooted on klientide jaoks olulised, arvestades nende toodete vastupidavust, kandev\u00f5imet ja keskkonnakindlust. H&amp;F m\u00f5istab neid n\u00f5udeid ja pakub vundamendipoldid ja L-poldid, mida on kontrollitud kvaliteedi tagamise ja t\u00f6\u00f6stusharu standarditele vastavuse tagamiseks. Meie \u00fcks-\u00fchele klienditeenindus tagab, et kogu ostuprotsessi jooksul v\u00f5etakse isiklikult, ning t\u00f5hus logistika tagab kiire tarneperioodi, mis vastab projekti ajakavale.<\/p>","protected":false},"featured_media":7000,"comment_status":"open","ping_status":"closed","template":"","meta":{"site-sidebar-layout":"default","site-content-layout":"","ast-site-content-layout":"default","site-content-style":"default","site-sidebar-style":"default","ast-global-header-display":"","ast-banner-title-visibility":"","ast-main-header-display":"","ast-hfb-above-header-display":"","ast-hfb-below-header-display":"","ast-hfb-mobile-header-display":"","site-post-title":"","ast-breadcrumbs-content":"","ast-featured-img":"","footer-sml-layout":"","theme-transparent-header-meta":"default","adv-header-id-meta":"","stick-header-meta":"default","header-above-stick-meta":"","header-main-stick-meta":"","header-below-stick-meta":"","astra-migrate-meta-layouts":"set","ast-page-background-enabled":"default","ast-page-background-meta":{"desktop":{"background-color":"","background-image":"","background-repeat":"repeat","background-position":"center center","background-size":"auto","background-attachment":"scroll","background-type":"","background-media":"","overlay-type":"","overlay-color":"","overlay-opacity":"","overlay-gradient":""},"tablet":{"background-color":"","background-image":"","background-repeat":"repeat","background-position":"center center","background-size":"auto","background-attachment":"scroll","background-type":"","background-media":"","overlay-type":"","overlay-color":"","overlay-opacity":"","overlay-gradient":""},"mobile":{"background-color":"","background-image":"","background-repeat":"repeat","background-position":"center center","background-size":"auto","background-attachment":"scroll","background-type":"","background-media":"","overlay-type":"","overlay-color":"","overlay-opacity":"","overlay-gradient":""}},"ast-content-background-meta":{"desktop":{"background-color":"var(--ast-global-color-5)","background-image":"","background-repeat":"repeat","background-position":"center center","background-size":"auto","background-attachment":"scroll","background-type":"","background-media":"","overlay-type":"","overlay-color":"","overlay-opacity":"","overlay-gradient":""},"tablet":{"background-color":"var(--ast-global-color-5)","background-image":"","background-repeat":"repeat","background-position":"center center","background-size":"auto","background-attachment":"scroll","background-type":"","background-media":"","overlay-type":"","overlay-color":"","overlay-opacity":"","overlay-gradient":""},"mobile":{"background-color":"var(--ast-global-color-5)","background-image":"","background-repeat":"repeat","background-position":"center center","background-size":"auto","background-attachment":"scroll","background-type":"","background-media":"","overlay-type":"","overlay-color":"","overlay-opacity":"","overlay-gradient":""}}},"product_brand":[],"product_cat":[28],"product_tag":[],"class_list":{"0":"post-8858","1":"product","2":"type-product","3":"status-publish","4":"has-post-thumbnail","6":"product_cat-concrete-forming","7":"desktop-align-left","8":"tablet-align-left","9":"mobile-align-left","10":"ast-product-gallery-layout-horizontal-slider","11":"ast-product-tabs-layout-horizontal","13":"first","14":"instock","15":"shipping-taxable","16":"purchasable","17":"product-type-simple"},"yoast_head":"<!-- This site is optimized with the Yoast SEO plugin v25.2 - https:\/\/yoast.com\/wordpress\/plugins\/seo\/ -->\n<title>Anchor Bolt Concrete<\/title>\n<meta name=\"description\" content=\"Anchor bolt concrete solutions, also known as foundation bolts or L bolts, are the fundamental fastening of a structure to concrete surfaces.\" \/>\n<meta name=\"robots\" content=\"index, follow, max-snippet:-1, max-image-preview:large, max-video-preview:-1\" \/>\n<link rel=\"canonical\" href=\"https:\/\/qingdaohf.com\/et\/toode\/ankurduspoldi-betoon\/\" \/>\n<meta property=\"og:locale\" content=\"et_EE\" \/>\n<meta property=\"og:type\" content=\"article\" \/>\n<meta property=\"og:title\" content=\"Anchor Bolt Concrete\" \/>\n<meta property=\"og:description\" content=\"Anchor bolt concrete solutions, also known as foundation bolts or L bolts, are the fundamental fastening of a structure to concrete surfaces.\" \/>\n<meta property=\"og:url\" content=\"https:\/\/qingdaohf.com\/et\/toode\/ankurduspoldi-betoon\/\" \/>\n<meta property=\"og:site_name\" content=\"Concrete Form &amp; Rigging Hardware Supplier\" \/>\n<meta property=\"article:publisher\" content=\"https:\/\/www.facebook.com\/qingdaohf\" \/>\n<meta property=\"article:modified_time\" content=\"2025-11-13T01:02:20+00:00\" \/>\n<meta property=\"og:image\" content=\"https:\/\/qingdaohf.com\/wp-content\/uploads\/2024\/05\/J-bolt-6.jpg\" \/>\n\t<meta property=\"og:image:width\" content=\"1000\" \/>\n\t<meta property=\"og:image:height\" content=\"1000\" \/>\n\t<meta property=\"og:image:type\" content=\"image\/jpeg\" \/>\n<meta name=\"twitter:card\" content=\"summary_large_image\" \/>\n<meta name=\"twitter:label1\" content=\"Est. reading time\" \/>\n\t<meta name=\"twitter:data1\" content=\"4 minutit\" \/>\n<script type=\"application\/ld+json\" class=\"yoast-schema-graph\">{\"@context\":\"https:\/\/schema.org\",\"@graph\":[{\"@type\":\"WebPage\",\"@id\":\"https:\/\/qingdaohf.com\/product\/anchor-bolt-concrete\/\",\"url\":\"https:\/\/qingdaohf.com\/product\/anchor-bolt-concrete\/\",\"name\":\"Anchor Bolt Concrete\",\"isPartOf\":{\"@id\":\"https:\/\/qingdaohf.com\/bg\/#website\"},\"primaryImageOfPage\":{\"@id\":\"https:\/\/qingdaohf.com\/product\/anchor-bolt-concrete\/#primaryimage\"},\"image\":{\"@id\":\"https:\/\/qingdaohf.com\/product\/anchor-bolt-concrete\/#primaryimage\"},\"thumbnailUrl\":\"https:\/\/qingdaohf.com\/wp-content\/uploads\/2024\/05\/J-bolt-6.jpg\",\"datePublished\":\"2025-01-21T07:05:09+00:00\",\"dateModified\":\"2025-11-13T01:02:20+00:00\",\"description\":\"Anchor bolt concrete solutions, also known as foundation bolts or L bolts, are the fundamental fastening of a structure to concrete surfaces.\",\"breadcrumb\":{\"@id\":\"https:\/\/qingdaohf.com\/product\/anchor-bolt-concrete\/#breadcrumb\"},\"inLanguage\":\"et\",\"potentialAction\":[{\"@type\":\"ReadAction\",\"target\":[\"https:\/\/qingdaohf.com\/product\/anchor-bolt-concrete\/\"]}]},{\"@type\":\"ImageObject\",\"inLanguage\":\"et\",\"@id\":\"https:\/\/qingdaohf.com\/product\/anchor-bolt-concrete\/#primaryimage\",\"url\":\"https:\/\/qingdaohf.com\/wp-content\/uploads\/2024\/05\/J-bolt-6.jpg\",\"contentUrl\":\"https:\/\/qingdaohf.com\/wp-content\/uploads\/2024\/05\/J-bolt-6.jpg\",\"width\":1000,\"height\":1000},{\"@type\":\"BreadcrumbList\",\"@id\":\"https:\/\/qingdaohf.com\/product\/anchor-bolt-concrete\/#breadcrumb\",\"itemListElement\":[{\"@type\":\"ListItem\",\"position\":1,\"name\":\"Home\",\"item\":\"https:\/\/qingdaohf.com\/\"},{\"@type\":\"ListItem\",\"position\":2,\"name\":\"Concrete Forming Accessories and Rigging Hardware\",\"item\":\"https:\/\/qingdaohf.com\/bg\/?page_id=944\"},{\"@type\":\"ListItem\",\"position\":3,\"name\":\"Anchor Bolt Concrete\"}]},{\"@type\":\"WebSite\",\"@id\":\"https:\/\/qingdaohf.com\/bg\/#website\",\"url\":\"https:\/\/qingdaohf.com\/bg\/\",\"name\":\"Concrete Form & Rigging Hardware Supplier\",\"description\":\"\",\"publisher\":{\"@id\":\"https:\/\/qingdaohf.com\/bg\/#organization\"},\"potentialAction\":[{\"@type\":\"SearchAction\",\"target\":{\"@type\":\"EntryPoint\",\"urlTemplate\":\"https:\/\/qingdaohf.com\/bg\/?s={search_term_string}\"},\"query-input\":{\"@type\":\"PropertyValueSpecification\",\"valueRequired\":true,\"valueName\":\"search_term_string\"}}],\"inLanguage\":\"et\"},{\"@type\":\"Organization\",\"@id\":\"https:\/\/qingdaohf.com\/bg\/#organization\",\"name\":\"Qingdao H&F\",\"url\":\"https:\/\/qingdaohf.com\/bg\/\",\"logo\":{\"@type\":\"ImageObject\",\"inLanguage\":\"et\",\"@id\":\"https:\/\/qingdaohf.com\/bg\/#\/schema\/logo\/image\/\",\"url\":\"https:\/\/qingdaohf.com\/wp-content\/uploads\/2022\/12\/cropped-HF-LOGO.png\",\"contentUrl\":\"https:\/\/qingdaohf.com\/wp-content\/uploads\/2022\/12\/cropped-HF-LOGO.png\",\"width\":391,\"height\":249,\"caption\":\"Qingdao H&F\"},\"image\":{\"@id\":\"https:\/\/qingdaohf.com\/bg\/#\/schema\/logo\/image\/\"},\"sameAs\":[\"https:\/\/www.facebook.com\/qingdaohf\"]}]}<\/script>\n<!-- \/ Yoast SEO plugin. -->","yoast_head_json":{"title":"Anchor Bolt Concrete","description":"Anchor bolt concrete solutions, also known as foundation bolts or L bolts, are the fundamental fastening of a structure to concrete surfaces.","robots":{"index":"index","follow":"follow","max-snippet":"max-snippet:-1","max-image-preview":"max-image-preview:large","max-video-preview":"max-video-preview:-1"},"canonical":"https:\/\/qingdaohf.com\/et\/toode\/ankurduspoldi-betoon\/","og_locale":"et_EE","og_type":"article","og_title":"Anchor Bolt Concrete","og_description":"Anchor bolt concrete solutions, also known as foundation bolts or L bolts, are the fundamental fastening of a structure to concrete surfaces.","og_url":"https:\/\/qingdaohf.com\/et\/toode\/ankurduspoldi-betoon\/","og_site_name":"Concrete Form &amp; Rigging Hardware Supplier","article_publisher":"https:\/\/www.facebook.com\/qingdaohf","article_modified_time":"2025-11-13T01:02:20+00:00","og_image":[{"width":1000,"height":1000,"url":"https:\/\/qingdaohf.com\/wp-content\/uploads\/2024\/05\/J-bolt-6.jpg","type":"image\/jpeg"}],"twitter_card":"summary_large_image","twitter_misc":{"Est. reading time":"4 minutit"},"schema":{"@context":"https:\/\/schema.org","@graph":[{"@type":"WebPage","@id":"https:\/\/qingdaohf.com\/product\/anchor-bolt-concrete\/","url":"https:\/\/qingdaohf.com\/product\/anchor-bolt-concrete\/","name":"Anchor Bolt Concrete","isPartOf":{"@id":"https:\/\/qingdaohf.com\/bg\/#website"},"primaryImageOfPage":{"@id":"https:\/\/qingdaohf.com\/product\/anchor-bolt-concrete\/#primaryimage"},"image":{"@id":"https:\/\/qingdaohf.com\/product\/anchor-bolt-concrete\/#primaryimage"},"thumbnailUrl":"https:\/\/qingdaohf.com\/wp-content\/uploads\/2024\/05\/J-bolt-6.jpg","datePublished":"2025-01-21T07:05:09+00:00","dateModified":"2025-11-13T01:02:20+00:00","description":"Anchor bolt concrete solutions, also known as foundation bolts or L bolts, are the fundamental fastening of a structure to concrete surfaces.","breadcrumb":{"@id":"https:\/\/qingdaohf.com\/product\/anchor-bolt-concrete\/#breadcrumb"},"inLanguage":"et","potentialAction":[{"@type":"ReadAction","target":["https:\/\/qingdaohf.com\/product\/anchor-bolt-concrete\/"]}]},{"@type":"ImageObject","inLanguage":"et","@id":"https:\/\/qingdaohf.com\/product\/anchor-bolt-concrete\/#primaryimage","url":"https:\/\/qingdaohf.com\/wp-content\/uploads\/2024\/05\/J-bolt-6.jpg","contentUrl":"https:\/\/qingdaohf.com\/wp-content\/uploads\/2024\/05\/J-bolt-6.jpg","width":1000,"height":1000},{"@type":"BreadcrumbList","@id":"https:\/\/qingdaohf.com\/product\/anchor-bolt-concrete\/#breadcrumb","itemListElement":[{"@type":"ListItem","position":1,"name":"Home","item":"https:\/\/qingdaohf.com\/"},{"@type":"ListItem","position":2,"name":"Concrete Forming Accessories and Rigging Hardware","item":"https:\/\/qingdaohf.com\/bg\/?page_id=944"},{"@type":"ListItem","position":3,"name":"Anchor Bolt Concrete"}]},{"@type":"WebSite","@id":"https:\/\/qingdaohf.com\/bg\/#website","url":"https:\/\/qingdaohf.com\/bg\/","name":"Concrete Form & Rigging Hardware Supplier","description":"","publisher":{"@id":"https:\/\/qingdaohf.com\/bg\/#organization"},"potentialAction":[{"@type":"SearchAction","target":{"@type":"EntryPoint","urlTemplate":"https:\/\/qingdaohf.com\/bg\/?s={search_term_string}"},"query-input":{"@type":"PropertyValueSpecification","valueRequired":true,"valueName":"search_term_string"}}],"inLanguage":"et"},{"@type":"Organization","@id":"https:\/\/qingdaohf.com\/bg\/#organization","name":"Qingdao H&F","url":"https:\/\/qingdaohf.com\/bg\/","logo":{"@type":"ImageObject","inLanguage":"et","@id":"https:\/\/qingdaohf.com\/bg\/#\/schema\/logo\/image\/","url":"https:\/\/qingdaohf.com\/wp-content\/uploads\/2022\/12\/cropped-HF-LOGO.png","contentUrl":"https:\/\/qingdaohf.com\/wp-content\/uploads\/2022\/12\/cropped-HF-LOGO.png","width":391,"height":249,"caption":"Qingdao H&F"},"image":{"@id":"https:\/\/qingdaohf.com\/bg\/#\/schema\/logo\/image\/"},"sameAs":["https:\/\/www.facebook.com\/qingdaohf"]}]}},"_links":{"self":[{"href":"https:\/\/qingdaohf.com\/et\/wp-json\/wp\/v2\/product\/8858","targetHints":{"allow":["GET"]}}],"collection":[{"href":"https:\/\/qingdaohf.com\/et\/wp-json\/wp\/v2\/product"}],"about":[{"href":"https:\/\/qingdaohf.com\/et\/wp-json\/wp\/v2\/types\/product"}],"replies":[{"embeddable":true,"href":"https:\/\/qingdaohf.com\/et\/wp-json\/wp\/v2\/comments?post=8858"}],"version-history":[{"count":9,"href":"https:\/\/qingdaohf.com\/et\/wp-json\/wp\/v2\/product\/8858\/revisions"}],"predecessor-version":[{"id":8862,"href":"https:\/\/qingdaohf.com\/et\/wp-json\/wp\/v2\/product\/8858\/revisions\/8862"}],"wp:featuredmedia":[{"embeddable":true,"href":"https:\/\/qingdaohf.com\/et\/wp-json\/wp\/v2\/media\/7000"}],"wp:attachment":[{"href":"https:\/\/qingdaohf.com\/et\/wp-json\/wp\/v2\/media?parent=8858"}],"wp:term":[{"taxonomy":"product_brand","embeddable":true,"href":"https:\/\/qingdaohf.com\/et\/wp-json\/wp\/v2\/product_brand?post=8858"},{"taxonomy":"product_cat","embeddable":true,"href":"https:\/\/qingdaohf.com\/et\/wp-json\/wp\/v2\/product_cat?post=8858"},{"taxonomy":"product_tag","embeddable":true,"href":"https:\/\/qingdaohf.com\/et\/wp-json\/wp\/v2\/product_tag?post=8858"}],"curies":[{"name":"wp","href":"https:\/\/api.w.org\/{rel}","templated":true}]}}