{"id":8903,"date":"2025-02-08T11:51:31","date_gmt":"2025-02-08T03:51:31","guid":{"rendered":"http:\/\/qingdaohf.com\/?post_type=product&#038;p=8903"},"modified":"2025-11-13T09:02:19","modified_gmt":"2025-11-13T01:02:19","slug":"rebar-osha-caps","status":"publish","type":"product","link":"https:\/\/qingdaohf.com\/et\/toode\/rebar-osha-caps\/","title":{"rendered":"Rebar OSHA Caps"},"content":{"rendered":"<h2 class=\"text-2xl font-bold mt-1 text-text-200\">Sissejuhatus Rebar OSHA Caps'ile<\/h2>\n<p class=\"whitespace-pre-wrap break-words\">Olgem ausad - ehitusplatsi ohutus ei ole glamuurne, kuid see on v\u00e4ga oluline. Siinkohal tulevadki meie Rebar OSHA m\u00fctsid m\u00e4ngu. Need ruudukujulised kaitsekatted ei ole lihtsalt plastkatted - need on teie esimene kaitseliin kaitseks avatud raudvarrast tulenevate ohtude eest. Need on valmistatud tugevalt ja arukalt ning l\u00e4hevad kaugemale p\u00f5hilistest ohutusn\u00f5uetest, et anda teile t\u00f6\u00f6platsil t\u00f5eline meelerahu.<\/p>\n<p><img fetchpriority=\"high\" decoding=\"async\" class=\"alignnone size-medium wp-image-8907\" src=\"http:\/\/qingdaohf.com\/wp-content\/uploads\/2025\/02\/rebar-cap-17-300x169.webp\" alt=\"\" width=\"300\" height=\"169\" srcset=\"https:\/\/qingdaohf.com\/wp-content\/uploads\/2025\/02\/rebar-cap-17-300x169.webp 300w, https:\/\/qingdaohf.com\/wp-content\/uploads\/2025\/02\/rebar-cap-17-1024x576.webp 1024w, https:\/\/qingdaohf.com\/wp-content\/uploads\/2025\/02\/rebar-cap-17-768x432.webp 768w, https:\/\/qingdaohf.com\/wp-content\/uploads\/2025\/02\/rebar-cap-17-1536x864.webp 1536w, https:\/\/qingdaohf.com\/wp-content\/uploads\/2025\/02\/rebar-cap-17-2048x1152.webp 2048w, https:\/\/qingdaohf.com\/wp-content\/uploads\/2025\/02\/rebar-cap-17-18x10.webp 18w, https:\/\/qingdaohf.com\/wp-content\/uploads\/2025\/02\/rebar-cap-17-1000x563.webp 1000w\" sizes=\"(max-width: 300px) 100vw, 300px\" \/> <img decoding=\"async\" class=\"alignnone size-medium wp-image-8908\" src=\"http:\/\/qingdaohf.com\/wp-content\/uploads\/2025\/02\/rebar-cap-19-300x169.webp\" alt=\"\" width=\"300\" height=\"169\" srcset=\"https:\/\/qingdaohf.com\/wp-content\/uploads\/2025\/02\/rebar-cap-19-300x169.webp 300w, https:\/\/qingdaohf.com\/wp-content\/uploads\/2025\/02\/rebar-cap-19-1024x576.webp 1024w, https:\/\/qingdaohf.com\/wp-content\/uploads\/2025\/02\/rebar-cap-19-768x432.webp 768w, https:\/\/qingdaohf.com\/wp-content\/uploads\/2025\/02\/rebar-cap-19-1536x864.webp 1536w, https:\/\/qingdaohf.com\/wp-content\/uploads\/2025\/02\/rebar-cap-19-2048x1152.webp 2048w, https:\/\/qingdaohf.com\/wp-content\/uploads\/2025\/02\/rebar-cap-19-18x10.webp 18w, https:\/\/qingdaohf.com\/wp-content\/uploads\/2025\/02\/rebar-cap-19-1000x563.webp 1000w\" sizes=\"(max-width: 300px) 100vw, 300px\" \/> <img decoding=\"async\" class=\"alignnone size-medium wp-image-8909\" src=\"http:\/\/qingdaohf.com\/wp-content\/uploads\/2025\/02\/rebar-cap-20-300x169.webp\" alt=\"\" width=\"300\" height=\"169\" srcset=\"https:\/\/qingdaohf.com\/wp-content\/uploads\/2025\/02\/rebar-cap-20-300x169.webp 300w, https:\/\/qingdaohf.com\/wp-content\/uploads\/2025\/02\/rebar-cap-20-1024x576.webp 1024w, https:\/\/qingdaohf.com\/wp-content\/uploads\/2025\/02\/rebar-cap-20-768x432.webp 768w, https:\/\/qingdaohf.com\/wp-content\/uploads\/2025\/02\/rebar-cap-20-1536x864.webp 1536w, https:\/\/qingdaohf.com\/wp-content\/uploads\/2025\/02\/rebar-cap-20-2048x1152.webp 2048w, https:\/\/qingdaohf.com\/wp-content\/uploads\/2025\/02\/rebar-cap-20-18x10.webp 18w, https:\/\/qingdaohf.com\/wp-content\/uploads\/2025\/02\/rebar-cap-20-1000x563.webp 1000w\" sizes=\"(max-width: 300px) 100vw, 300px\" \/><\/p>\n<h3 class=\"text-xl font-bold text-text-200 mt-1 -mb-0.5\">\u00dclevaade ohutusalastest eelistest<\/h3>\n<p class=\"whitespace-pre-wrap break-words\">Matemaatika on lihtne: avatud raudteeotsad on ohtlikud ja \u00f5nnetused juhtuvad kiiresti. Meie m\u00fctsid lahendavad selle probleemi, luues tugeva t\u00f5kke t\u00f6\u00f6tajate ja nende teravate metallotsade vahele. Kui teie t\u00f6\u00f6tajad n\u00e4evad korralikult kaetud betoonvarraste, teavad nad, et keegi on nende seljataga. See ei t\u00e4henda ainult ohutusn\u00f5uete t\u00e4itmise kontrollimist - see t\u00e4hendab, et k\u00f5ik l\u00e4hevad p\u00e4eva l\u00f5pus turvaliselt koju.<\/p>\n<p class=\"whitespace-pre-wrap break-words\">M\u00f5elge, mida see t\u00e4hendab teie projekti ajakava jaoks. V\u00e4hem \u00f5nnetusi t\u00e4hendab v\u00e4hem seisakuid ja sujuvamat t\u00f6\u00f6d. Teie ohutuse tase paraneb, kulud v\u00e4henevad ja tootlikkus p\u00fcsib k\u00f5rge. Targad projektijuhid teavad, et investeeringud kvaliteetsesse turvavarustusse tasuvad end mitmekordselt \u00e4ra.<\/p>\n\n<table id=\"tablepress-30\" class=\"tablepress tablepress-id-30\">\n<thead>\n<tr class=\"row-1\">\n\t<th class=\"column-1\">Toode<\/th><th class=\"column-2\">KIRJELDUS<\/th><th class=\"column-3\">PART#<\/th><th class=\"column-4\">PCS\/CTN<\/th><th class=\"column-5\">KAAL\/KK\u00d5IK<\/th>\n<\/tr>\n<\/thead>\n<tbody class=\"row-striping row-hover\">\n<tr class=\"row-2\">\n\t<td class=\"column-1\"><img loading=\"lazy\" decoding=\"async\" src=\"http:\/\/qingdaohf.com\/wp-content\/uploads\/2023\/02\/CAP-2-1-300x300.jpg\" alt=\"OSHA m\u00fctsike\" width=\"300\" height=\"300\" class=\"alignnone size-medium wp-image-5529\" srcset=\"https:\/\/qingdaohf.com\/wp-content\/uploads\/2023\/02\/CAP-2-1-300x300.jpg 300w, https:\/\/qingdaohf.com\/wp-content\/uploads\/2023\/02\/CAP-2-1-150x150.jpg 150w, https:\/\/qingdaohf.com\/wp-content\/uploads\/2023\/02\/CAP-2-1-768x768.jpg 768w, https:\/\/qingdaohf.com\/wp-content\/uploads\/2023\/02\/CAP-2-1-500x500.jpg 500w, https:\/\/qingdaohf.com\/wp-content\/uploads\/2023\/02\/CAP-2-1-100x100.jpg 100w, https:\/\/qingdaohf.com\/wp-content\/uploads\/2023\/02\/CAP-2-1.jpg 1000w\" sizes=\"(max-width: 300px) 100vw, 300px\" \/><\/td><td class=\"column-2\">Rebar Cap OSHA Kuni #8 bar<\/td><td class=\"column-3\">PC110<\/td><td class=\"column-4\">100<\/td><td class=\"column-5\">0.56<\/td>\n<\/tr>\n<tr class=\"row-3\">\n\t<td class=\"column-1\"><img loading=\"lazy\" decoding=\"async\" src=\"http:\/\/qingdaohf.com\/wp-content\/uploads\/2023\/02\/CAP-2-1-300x300.jpg\" alt=\"OSHA m\u00fctsike\" width=\"300\" height=\"300\" class=\"alignnone size-medium wp-image-5529\" srcset=\"https:\/\/qingdaohf.com\/wp-content\/uploads\/2023\/02\/CAP-2-1-300x300.jpg 300w, https:\/\/qingdaohf.com\/wp-content\/uploads\/2023\/02\/CAP-2-1-150x150.jpg 150w, https:\/\/qingdaohf.com\/wp-content\/uploads\/2023\/02\/CAP-2-1-768x768.jpg 768w, https:\/\/qingdaohf.com\/wp-content\/uploads\/2023\/02\/CAP-2-1-500x500.jpg 500w, https:\/\/qingdaohf.com\/wp-content\/uploads\/2023\/02\/CAP-2-1-100x100.jpg 100w, https:\/\/qingdaohf.com\/wp-content\/uploads\/2023\/02\/CAP-2-1.jpg 1000w\" sizes=\"(max-width: 300px) 100vw, 300px\" \/><\/td><td class=\"column-2\">Rebar Cap OSHA #9 baar ja \u00fcle selle<\/td><td class=\"column-3\">PC200<\/td><td class=\"column-4\">50<\/td><td class=\"column-5\">0.72<\/td>\n<\/tr>\n<tr class=\"row-4\">\n\t<td class=\"column-1\"><img loading=\"lazy\" decoding=\"async\" src=\"http:\/\/qingdaohf.com\/wp-content\/uploads\/2023\/02\/Mushroom-Rebar-Cap-7-300x300.jpg\" alt=\"Seene Rebar Cap\" width=\"300\" height=\"300\" class=\"alignnone size-medium wp-image-3195\" srcset=\"https:\/\/qingdaohf.com\/wp-content\/uploads\/2023\/02\/Mushroom-Rebar-Cap-7-300x300.jpg 300w, https:\/\/qingdaohf.com\/wp-content\/uploads\/2023\/02\/Mushroom-Rebar-Cap-7-150x150.jpg 150w, https:\/\/qingdaohf.com\/wp-content\/uploads\/2023\/02\/Mushroom-Rebar-Cap-7-768x768.jpg 768w, https:\/\/qingdaohf.com\/wp-content\/uploads\/2023\/02\/Mushroom-Rebar-Cap-7-500x500.jpg 500w, https:\/\/qingdaohf.com\/wp-content\/uploads\/2023\/02\/Mushroom-Rebar-Cap-7-100x100.jpg 100w, https:\/\/qingdaohf.com\/wp-content\/uploads\/2023\/02\/Mushroom-Rebar-Cap-7.jpg 1000w\" sizes=\"(max-width: 300px) 100vw, 300px\" \/><\/td><td class=\"column-2\">V\u00e4ike Rebar Cap #3-#8<\/td><td class=\"column-3\">A10<\/td><td class=\"column-4\">100<\/td><td class=\"column-5\">7<\/td>\n<\/tr>\n<tr class=\"row-5\">\n\t<td class=\"column-1\"><img loading=\"lazy\" decoding=\"async\" src=\"http:\/\/qingdaohf.com\/wp-content\/uploads\/2023\/02\/Mushroom-Rebar-Cap-7-300x300.jpg\" alt=\"Seene Rebar Cap\" width=\"300\" height=\"300\" class=\"alignnone size-medium wp-image-3195\" srcset=\"https:\/\/qingdaohf.com\/wp-content\/uploads\/2023\/02\/Mushroom-Rebar-Cap-7-300x300.jpg 300w, https:\/\/qingdaohf.com\/wp-content\/uploads\/2023\/02\/Mushroom-Rebar-Cap-7-150x150.jpg 150w, https:\/\/qingdaohf.com\/wp-content\/uploads\/2023\/02\/Mushroom-Rebar-Cap-7-768x768.jpg 768w, https:\/\/qingdaohf.com\/wp-content\/uploads\/2023\/02\/Mushroom-Rebar-Cap-7-500x500.jpg 500w, https:\/\/qingdaohf.com\/wp-content\/uploads\/2023\/02\/Mushroom-Rebar-Cap-7-100x100.jpg 100w, https:\/\/qingdaohf.com\/wp-content\/uploads\/2023\/02\/Mushroom-Rebar-Cap-7.jpg 1000w\" sizes=\"(max-width: 300px) 100vw, 300px\" \/><\/td><td class=\"column-2\">Suur Rebar Cap #9-#18<\/td><td class=\"column-3\">A20<\/td><td class=\"column-4\">250<\/td><td class=\"column-5\">26<\/td>\n<\/tr>\n<\/tbody>\n<\/table>\n<!-- #tablepress-30 from cache -->\n<h3 class=\"text-xl font-bold text-text-200 mt-1 -mb-0.5\">Tehniline tipptase ja materjali terviklikkus<\/h3>\n<p class=\"whitespace-pre-wrap break-words\">Me ei visanud neid m\u00fctse lihtsalt kokku - me tegelesime \u00fcksikasjadega. Meie kasutatav pol\u00fcmeersegu ei ole tavaline plastik - see on valitud spetsiaalselt selleks, et tulla toime k\u00f5igega, mida teie t\u00f6\u00f6platsil ette tuleb, alates k\u00f5rvetavast kuumusest kuni k\u00fclmani. Need m\u00fctsid p\u00fcsivad paigal ja on vastupidavad.<\/p>\n<p class=\"whitespace-pre-wrap break-words\">Ka ruudukujuline kuju ei ole juhuslik. Meie insenerid kulutasid lugematuid tunde disaini t\u00e4iustamiseks, nii et need korgid haarduvad kindlalt ja ei liigu isegi siis, kui k\u00f5ik nende \u00fcmber k\u00f5igub ja liigub. Neid on ka lihtne paigaldada - sest viimane asi, mida sa vajad, on raisata aega turvavarustusega v\u00f5itlemisele.<\/p>\n<div class=\"ast-oembed-container\" style=\"height: 100%;\"><iframe title=\"Rebar Cap Quality Test\" width=\"500\" height=\"281\" src=\"https:\/\/www.youtube.com\/embed\/XM52zOtdu4w?feature=oembed\" frameborder=\"0\" allow=\"accelerometer; autoplay; clipboard-write; encrypted-media; gyroscope; picture-in-picture; web-share\" referrerpolicy=\"strict-origin-when-cross-origin\" allowfullscreen><\/iframe><\/div>","protected":false},"excerpt":{"rendered":"<p>OSHA Caps on suurep\u00e4rane ohutustoode, mis libiseb \u00fcle avatud raudteeotsade ja v\u00e4hendab oluliselt kohapealseid ohte. Need on ruudukujulised ja vastavad rangetele t\u00f6\u00f6stusspetsifikaatidele, mis tagavad ohutuseeskirjade t\u00e4itmise, olles samas \u00e4\u00e4rmiselt vastupidavad. Rebar Mushroom Caps on \u00fcmmarguse kujuga ja leiavad rakendust eriotstarbelistel kasutusaladel. Usaldusv\u00e4\u00e4rse kaubandusettev\u00f5ttena oleme uhked \u00fcks-\u00fchele klienditeeninduse, kiirete tarnek\u00e4ikude ja p\u00f5hjalike kvaliteedikontrolli aruannete pakkumise \u00fcle. Me m\u00f5istame, et ostjad hindavad vastupidavust, paigaldamise lihtsust ja \u00f5igusnormide j\u00e4rgimist - meie tooted on valmistatud neid p\u00f5hilisi kaalutlusi silmas pidades, pakkudes igas projektis suuremat ohutust, usaldusv\u00e4\u00e4rsust ja tulemuslikkust.<\/p>","protected":false},"featured_media":5529,"comment_status":"open","ping_status":"closed","template":"","meta":{"site-sidebar-layout":"default","site-content-layout":"","ast-site-content-layout":"default","site-content-style":"default","site-sidebar-style":"default","ast-global-header-display":"","ast-banner-title-visibility":"","ast-main-header-display":"","ast-hfb-above-header-display":"","ast-hfb-below-header-display":"","ast-hfb-mobile-header-display":"","site-post-title":"","ast-breadcrumbs-content":"","ast-featured-img":"","footer-sml-layout":"","theme-transparent-header-meta":"default","adv-header-id-meta":"","stick-header-meta":"default","header-above-stick-meta":"","header-main-stick-meta":"","header-below-stick-meta":"","astra-migrate-meta-layouts":"set","ast-page-background-enabled":"default","ast-page-background-meta":{"desktop":{"background-color":"","background-image":"","background-repeat":"repeat","background-position":"center center","background-size":"auto","background-attachment":"scroll","background-type":"","background-media":"","overlay-type":"","overlay-color":"","overlay-opacity":"","overlay-gradient":""},"tablet":{"background-color":"","background-image":"","background-repeat":"repeat","background-position":"center center","background-size":"auto","background-attachment":"scroll","background-type":"","background-media":"","overlay-type":"","overlay-color":"","overlay-opacity":"","overlay-gradient":""},"mobile":{"background-color":"","background-image":"","background-repeat":"repeat","background-position":"center center","background-size":"auto","background-attachment":"scroll","background-type":"","background-media":"","overlay-type":"","overlay-color":"","overlay-opacity":"","overlay-gradient":""}},"ast-content-background-meta":{"desktop":{"background-color":"var(--ast-global-color-5)","background-image":"","background-repeat":"repeat","background-position":"center center","background-size":"auto","background-attachment":"scroll","background-type":"","background-media":"","overlay-type":"","overlay-color":"","overlay-opacity":"","overlay-gradient":""},"tablet":{"background-color":"var(--ast-global-color-5)","background-image":"","background-repeat":"repeat","background-position":"center center","background-size":"auto","background-attachment":"scroll","background-type":"","background-media":"","overlay-type":"","overlay-color":"","overlay-opacity":"","overlay-gradient":""},"mobile":{"background-color":"var(--ast-global-color-5)","background-image":"","background-repeat":"repeat","background-position":"center center","background-size":"auto","background-attachment":"scroll","background-type":"","background-media":"","overlay-type":"","overlay-color":"","overlay-opacity":"","overlay-gradient":""}}},"product_brand":[],"product_cat":[35],"product_tag":[],"class_list":{"0":"post-8903","1":"product","2":"type-product","3":"status-publish","4":"has-post-thumbnail","6":"product_cat-concrete-rebar-support","7":"desktop-align-left","8":"tablet-align-left","9":"mobile-align-left","10":"ast-product-gallery-layout-horizontal-slider","11":"ast-product-tabs-layout-horizontal","13":"first","14":"instock","15":"shipping-taxable","16":"purchasable","17":"product-type-simple"},"yoast_head":"<!-- This site is optimized with the Yoast SEO plugin v25.2 - https:\/\/yoast.com\/wordpress\/plugins\/seo\/ -->\n<title>Rebar OSHA Caps<\/title>\n<meta name=\"description\" content=\"OSHA Caps are a superior safety product that slips over exposed rebar ends and significantly reduces on-site hazards.\" \/>\n<meta name=\"robots\" content=\"index, follow, max-snippet:-1, max-image-preview:large, max-video-preview:-1\" \/>\n<link rel=\"canonical\" href=\"https:\/\/qingdaohf.com\/et\/toode\/rebar-osha-caps\/\" \/>\n<meta property=\"og:locale\" content=\"et_EE\" \/>\n<meta property=\"og:type\" content=\"article\" \/>\n<meta property=\"og:title\" content=\"Rebar OSHA Caps\" \/>\n<meta property=\"og:description\" content=\"OSHA Caps are a superior safety product that slips over exposed rebar ends and significantly reduces on-site hazards.\" \/>\n<meta property=\"og:url\" content=\"https:\/\/qingdaohf.com\/et\/toode\/rebar-osha-caps\/\" \/>\n<meta property=\"og:site_name\" content=\"Concrete Form &amp; Rigging Hardware Supplier\" \/>\n<meta property=\"article:publisher\" content=\"https:\/\/www.facebook.com\/qingdaohf\" \/>\n<meta property=\"article:modified_time\" content=\"2025-11-13T01:02:19+00:00\" \/>\n<meta property=\"og:image\" content=\"https:\/\/qingdaohf.com\/wp-content\/uploads\/2023\/02\/CAP-2-1.jpg\" \/>\n\t<meta property=\"og:image:width\" content=\"1000\" \/>\n\t<meta property=\"og:image:height\" content=\"1000\" \/>\n\t<meta property=\"og:image:type\" content=\"image\/jpeg\" \/>\n<meta name=\"twitter:card\" content=\"summary_large_image\" \/>\n<meta name=\"twitter:label1\" content=\"Est. reading time\" \/>\n\t<meta name=\"twitter:data1\" content=\"3 minutit\" \/>\n<script type=\"application\/ld+json\" class=\"yoast-schema-graph\">{\"@context\":\"https:\/\/schema.org\",\"@graph\":[{\"@type\":\"WebPage\",\"@id\":\"https:\/\/qingdaohf.com\/product\/rebar-osha-caps\/\",\"url\":\"https:\/\/qingdaohf.com\/product\/rebar-osha-caps\/\",\"name\":\"Rebar OSHA Caps\",\"isPartOf\":{\"@id\":\"https:\/\/qingdaohf.com\/bg\/#website\"},\"primaryImageOfPage\":{\"@id\":\"https:\/\/qingdaohf.com\/product\/rebar-osha-caps\/#primaryimage\"},\"image\":{\"@id\":\"https:\/\/qingdaohf.com\/product\/rebar-osha-caps\/#primaryimage\"},\"thumbnailUrl\":\"https:\/\/qingdaohf.com\/wp-content\/uploads\/2023\/02\/CAP-2-1.jpg\",\"datePublished\":\"2025-02-08T03:51:31+00:00\",\"dateModified\":\"2025-11-13T01:02:19+00:00\",\"description\":\"OSHA Caps are a superior safety product that slips over exposed rebar ends and significantly reduces on-site hazards.\",\"breadcrumb\":{\"@id\":\"https:\/\/qingdaohf.com\/product\/rebar-osha-caps\/#breadcrumb\"},\"inLanguage\":\"et\",\"potentialAction\":[{\"@type\":\"ReadAction\",\"target\":[\"https:\/\/qingdaohf.com\/product\/rebar-osha-caps\/\"]}]},{\"@type\":\"ImageObject\",\"inLanguage\":\"et\",\"@id\":\"https:\/\/qingdaohf.com\/product\/rebar-osha-caps\/#primaryimage\",\"url\":\"https:\/\/qingdaohf.com\/wp-content\/uploads\/2023\/02\/CAP-2-1.jpg\",\"contentUrl\":\"https:\/\/qingdaohf.com\/wp-content\/uploads\/2023\/02\/CAP-2-1.jpg\",\"width\":1000,\"height\":1000,\"caption\":\"OSHA Cap\"},{\"@type\":\"BreadcrumbList\",\"@id\":\"https:\/\/qingdaohf.com\/product\/rebar-osha-caps\/#breadcrumb\",\"itemListElement\":[{\"@type\":\"ListItem\",\"position\":1,\"name\":\"Home\",\"item\":\"https:\/\/qingdaohf.com\/\"},{\"@type\":\"ListItem\",\"position\":2,\"name\":\"Concrete Forming Accessories and Rigging Hardware\",\"item\":\"https:\/\/qingdaohf.com\/bg\/?page_id=944\"},{\"@type\":\"ListItem\",\"position\":3,\"name\":\"Rebar OSHA Caps\"}]},{\"@type\":\"WebSite\",\"@id\":\"https:\/\/qingdaohf.com\/bg\/#website\",\"url\":\"https:\/\/qingdaohf.com\/bg\/\",\"name\":\"Concrete Form & Rigging Hardware Supplier\",\"description\":\"\",\"publisher\":{\"@id\":\"https:\/\/qingdaohf.com\/bg\/#organization\"},\"potentialAction\":[{\"@type\":\"SearchAction\",\"target\":{\"@type\":\"EntryPoint\",\"urlTemplate\":\"https:\/\/qingdaohf.com\/bg\/?s={search_term_string}\"},\"query-input\":{\"@type\":\"PropertyValueSpecification\",\"valueRequired\":true,\"valueName\":\"search_term_string\"}}],\"inLanguage\":\"et\"},{\"@type\":\"Organization\",\"@id\":\"https:\/\/qingdaohf.com\/bg\/#organization\",\"name\":\"Qingdao H&F\",\"url\":\"https:\/\/qingdaohf.com\/bg\/\",\"logo\":{\"@type\":\"ImageObject\",\"inLanguage\":\"et\",\"@id\":\"https:\/\/qingdaohf.com\/bg\/#\/schema\/logo\/image\/\",\"url\":\"https:\/\/qingdaohf.com\/wp-content\/uploads\/2022\/12\/cropped-HF-LOGO.png\",\"contentUrl\":\"https:\/\/qingdaohf.com\/wp-content\/uploads\/2022\/12\/cropped-HF-LOGO.png\",\"width\":391,\"height\":249,\"caption\":\"Qingdao H&F\"},\"image\":{\"@id\":\"https:\/\/qingdaohf.com\/bg\/#\/schema\/logo\/image\/\"},\"sameAs\":[\"https:\/\/www.facebook.com\/qingdaohf\"]}]}<\/script>\n<!-- \/ Yoast SEO plugin. -->","yoast_head_json":{"title":"Rebar OSHA Caps","description":"OSHA Caps are a superior safety product that slips over exposed rebar ends and significantly reduces on-site hazards.","robots":{"index":"index","follow":"follow","max-snippet":"max-snippet:-1","max-image-preview":"max-image-preview:large","max-video-preview":"max-video-preview:-1"},"canonical":"https:\/\/qingdaohf.com\/et\/toode\/rebar-osha-caps\/","og_locale":"et_EE","og_type":"article","og_title":"Rebar OSHA Caps","og_description":"OSHA Caps are a superior safety product that slips over exposed rebar ends and significantly reduces on-site hazards.","og_url":"https:\/\/qingdaohf.com\/et\/toode\/rebar-osha-caps\/","og_site_name":"Concrete Form &amp; Rigging Hardware Supplier","article_publisher":"https:\/\/www.facebook.com\/qingdaohf","article_modified_time":"2025-11-13T01:02:19+00:00","og_image":[{"width":1000,"height":1000,"url":"https:\/\/qingdaohf.com\/wp-content\/uploads\/2023\/02\/CAP-2-1.jpg","type":"image\/jpeg"}],"twitter_card":"summary_large_image","twitter_misc":{"Est. reading time":"3 minutit"},"schema":{"@context":"https:\/\/schema.org","@graph":[{"@type":"WebPage","@id":"https:\/\/qingdaohf.com\/product\/rebar-osha-caps\/","url":"https:\/\/qingdaohf.com\/product\/rebar-osha-caps\/","name":"Rebar OSHA Caps","isPartOf":{"@id":"https:\/\/qingdaohf.com\/bg\/#website"},"primaryImageOfPage":{"@id":"https:\/\/qingdaohf.com\/product\/rebar-osha-caps\/#primaryimage"},"image":{"@id":"https:\/\/qingdaohf.com\/product\/rebar-osha-caps\/#primaryimage"},"thumbnailUrl":"https:\/\/qingdaohf.com\/wp-content\/uploads\/2023\/02\/CAP-2-1.jpg","datePublished":"2025-02-08T03:51:31+00:00","dateModified":"2025-11-13T01:02:19+00:00","description":"OSHA Caps are a superior safety product that slips over exposed rebar ends and significantly reduces on-site hazards.","breadcrumb":{"@id":"https:\/\/qingdaohf.com\/product\/rebar-osha-caps\/#breadcrumb"},"inLanguage":"et","potentialAction":[{"@type":"ReadAction","target":["https:\/\/qingdaohf.com\/product\/rebar-osha-caps\/"]}]},{"@type":"ImageObject","inLanguage":"et","@id":"https:\/\/qingdaohf.com\/product\/rebar-osha-caps\/#primaryimage","url":"https:\/\/qingdaohf.com\/wp-content\/uploads\/2023\/02\/CAP-2-1.jpg","contentUrl":"https:\/\/qingdaohf.com\/wp-content\/uploads\/2023\/02\/CAP-2-1.jpg","width":1000,"height":1000,"caption":"OSHA Cap"},{"@type":"BreadcrumbList","@id":"https:\/\/qingdaohf.com\/product\/rebar-osha-caps\/#breadcrumb","itemListElement":[{"@type":"ListItem","position":1,"name":"Home","item":"https:\/\/qingdaohf.com\/"},{"@type":"ListItem","position":2,"name":"Concrete Forming Accessories and Rigging Hardware","item":"https:\/\/qingdaohf.com\/bg\/?page_id=944"},{"@type":"ListItem","position":3,"name":"Rebar OSHA Caps"}]},{"@type":"WebSite","@id":"https:\/\/qingdaohf.com\/bg\/#website","url":"https:\/\/qingdaohf.com\/bg\/","name":"Concrete Form & Rigging Hardware Supplier","description":"","publisher":{"@id":"https:\/\/qingdaohf.com\/bg\/#organization"},"potentialAction":[{"@type":"SearchAction","target":{"@type":"EntryPoint","urlTemplate":"https:\/\/qingdaohf.com\/bg\/?s={search_term_string}"},"query-input":{"@type":"PropertyValueSpecification","valueRequired":true,"valueName":"search_term_string"}}],"inLanguage":"et"},{"@type":"Organization","@id":"https:\/\/qingdaohf.com\/bg\/#organization","name":"Qingdao H&F","url":"https:\/\/qingdaohf.com\/bg\/","logo":{"@type":"ImageObject","inLanguage":"et","@id":"https:\/\/qingdaohf.com\/bg\/#\/schema\/logo\/image\/","url":"https:\/\/qingdaohf.com\/wp-content\/uploads\/2022\/12\/cropped-HF-LOGO.png","contentUrl":"https:\/\/qingdaohf.com\/wp-content\/uploads\/2022\/12\/cropped-HF-LOGO.png","width":391,"height":249,"caption":"Qingdao H&F"},"image":{"@id":"https:\/\/qingdaohf.com\/bg\/#\/schema\/logo\/image\/"},"sameAs":["https:\/\/www.facebook.com\/qingdaohf"]}]}},"_links":{"self":[{"href":"https:\/\/qingdaohf.com\/et\/wp-json\/wp\/v2\/product\/8903","targetHints":{"allow":["GET"]}}],"collection":[{"href":"https:\/\/qingdaohf.com\/et\/wp-json\/wp\/v2\/product"}],"about":[{"href":"https:\/\/qingdaohf.com\/et\/wp-json\/wp\/v2\/types\/product"}],"replies":[{"embeddable":true,"href":"https:\/\/qingdaohf.com\/et\/wp-json\/wp\/v2\/comments?post=8903"}],"version-history":[{"count":3,"href":"https:\/\/qingdaohf.com\/et\/wp-json\/wp\/v2\/product\/8903\/revisions"}],"predecessor-version":[{"id":8911,"href":"https:\/\/qingdaohf.com\/et\/wp-json\/wp\/v2\/product\/8903\/revisions\/8911"}],"wp:featuredmedia":[{"embeddable":true,"href":"https:\/\/qingdaohf.com\/et\/wp-json\/wp\/v2\/media\/5529"}],"wp:attachment":[{"href":"https:\/\/qingdaohf.com\/et\/wp-json\/wp\/v2\/media?parent=8903"}],"wp:term":[{"taxonomy":"product_brand","embeddable":true,"href":"https:\/\/qingdaohf.com\/et\/wp-json\/wp\/v2\/product_brand?post=8903"},{"taxonomy":"product_cat","embeddable":true,"href":"https:\/\/qingdaohf.com\/et\/wp-json\/wp\/v2\/product_cat?post=8903"},{"taxonomy":"product_tag","embeddable":true,"href":"https:\/\/qingdaohf.com\/et\/wp-json\/wp\/v2\/product_tag?post=8903"}],"curies":[{"name":"wp","href":"https:\/\/api.w.org\/{rel}","templated":true}]}}