{"id":8915,"date":"2025-02-12T17:41:42","date_gmt":"2025-02-12T09:41:42","guid":{"rendered":"http:\/\/qingdaohf.com\/?post_type=product&#038;p=8915"},"modified":"2025-11-13T09:02:19","modified_gmt":"2025-11-13T01:02:19","slug":"eye-swivel-snap-shackle-316-stainless-steel","status":"publish","type":"product","link":"https:\/\/qingdaohf.com\/et\/toode\/silma-poorlev-lukkukinnitus-316-roostevabast-terasest\/","title":{"rendered":"Silmade p\u00f6\u00f6rlev k\u00e4epide 316 roostevabast terasest"},"content":{"rendered":"<p><a href=\"https:\/\/qingdaohf.com\/et\/votke-meiega-uhendust\/\"><img fetchpriority=\"high\" decoding=\"async\" class=\"alignnone wp-image-9503 size-full\" src=\"http:\/\/qingdaohf.com\/wp-content\/uploads\/2025\/02\/shackle-banner-2025-425-1-scaled.webp\" alt=\"shackle banner \" width=\"2560\" height=\"1280\" srcset=\"https:\/\/qingdaohf.com\/wp-content\/uploads\/2025\/02\/shackle-banner-2025-425-1-scaled.webp 2560w, https:\/\/qingdaohf.com\/wp-content\/uploads\/2025\/02\/shackle-banner-2025-425-1-300x150.webp 300w, https:\/\/qingdaohf.com\/wp-content\/uploads\/2025\/02\/shackle-banner-2025-425-1-1024x512.webp 1024w, https:\/\/qingdaohf.com\/wp-content\/uploads\/2025\/02\/shackle-banner-2025-425-1-768x384.webp 768w, https:\/\/qingdaohf.com\/wp-content\/uploads\/2025\/02\/shackle-banner-2025-425-1-1536x768.webp 1536w, https:\/\/qingdaohf.com\/wp-content\/uploads\/2025\/02\/shackle-banner-2025-425-1-2048x1024.webp 2048w, https:\/\/qingdaohf.com\/wp-content\/uploads\/2025\/02\/shackle-banner-2025-425-1-18x9.webp 18w, https:\/\/qingdaohf.com\/wp-content\/uploads\/2025\/02\/shackle-banner-2025-425-1-1000x500.webp 1000w\" sizes=\"(max-width: 2560px) 100vw, 2560px\" \/><\/a><\/p>\n<p class=\"whitespace-pre-wrap break-words\">Kui tegemist on taglase riistvaraga, on Eye Swivel Snap Shackle m\u00e4ngu muutja. See on valmistatud k\u00f5rgekvaliteedilisest 304 ja 316 roostevabast terasest ja on spetsiaalselt konstrueeritud raskete koormuste talumiseks, v\u00f5imaldades samal ajal sujuvat p\u00f6\u00f6rlemist. See kombinatsioon muudab selle hindamatuks olukorras, kus koormused nihkuvad ja nurgad muutuvad sageli.<\/p>\n<p class=\"whitespace-pre-wrap break-words\">Kang ei ole lihtsalt \u00fcks riistvara - see on lugematu hulga tundide pikkuse tegeliku testimise ja t\u00e4iustamise tulemus. Meie insenerid on viimistlenud iga komponendi, et see t\u00f6\u00f6taks ideaalselt koos, luues p\u00f6\u00f6rdemehhanismi, mis talub d\u00fcnaamilisi koormusi ilma higistamata. See ei tee t\u00f6\u00f6d lihtsalt lihtsamaks - see t\u00e4hendab ka seda, et \u00fchendatud komponendid kestavad kauem.<\/p>\n<p class=\"whitespace-pre-wrap break-words\">Neid ahelaid leiate rasket t\u00f6\u00f6d tegemas erinevates keskkondades. Alates kraanat\u00f6\u00f6dest kuni merekinnitusliinideni on need ikka ja j\u00e4lle oma v\u00e4\u00e4rtust t\u00f5estanud. Neid ei erista mitte ainult nende toores tugevus, vaid ka nende usaldusv\u00e4\u00e4rsus rasketes tingimustes.<\/p>\n<p class=\"whitespace-pre-wrap break-words\">Roostevabast terasest 304 ja 316 valik ei olnud juhuslik. Need materjalid naeravad korrosiooni vastu, olgu tegemist merevee, kemikaalide v\u00f5i karmide ilmastikutingimustega. See t\u00e4hendab, et ahel j\u00e4\u00e4b tugevaks ja s\u00e4ilitab oma puhta, professionaalse v\u00e4limuse ka p\u00e4rast aastatepikkust kasutamist.<\/p>\n<p class=\"whitespace-pre-wrap break-words\">Me oleme t\u00f5siselt m\u00f5elnud selle peale, et need ahelad oleksid kasutajas\u00f5bralikud. Disain v\u00f5imaldab operaatoritel kiiresti kinnitada v\u00f5i vabastada koormat ilma keeruliste mehhanismidega vehklemiseta. See on oluline, kui t\u00f6\u00f6tate kellaajaliselt v\u00f5i tegelete h\u00e4daolukordadega.<\/p>\n<p class=\"whitespace-pre-wrap break-words\">Iga \u00fcksik ahel l\u00e4bib range kvaliteedikontrolli, enne kui see meie tootmis\u00fcksusest lahkub. Me ei kontrolli lihtsalt ruute - me tagame, et iga \u00fcksus vastab t\u00f6\u00f6stusstandarditele v\u00f5i \u00fcletab neid. See t\u00e4helepanu detailidele on p\u00f5hjus, miks ettev\u00f5tted usaldavad meie riistvara oma k\u00f5ige n\u00f5udlikumate t\u00f6\u00f6de puhul.<\/p>\n<h2 class=\"text-xl font-bold text-text-200 mt-1 -mb-0.5\">Peamised omadused ja eelised<\/h2>\n<p class=\"whitespace-pre-wrap break-words\">Selle ahela edu keskmes on selle p\u00f6\u00f6rdfunktsioon. See ei t\u00e4henda mitte ainult vaba p\u00f6\u00f6rlemist, vaid ka stabiilsuse s\u00e4ilitamist koormuse all, v\u00e4hendades samal ajal teie taglase s\u00fcsteemi koormust. See t\u00e4hendab, et teie seadmed kestavad kauem ja t\u00f6\u00f6tavad paremini.<\/p>\n<p class=\"whitespace-pre-wrap break-words\">K\u00e4epidemete geomeetria ei ole ainult n\u00e4itamiseks. Me oleme selle hoolikalt konstrueerinud nii, et koormused jaotuksid \u00fchtlaselt kogu konstruktsioonis, k\u00f5rvaldades n\u00f5rgad kohad, mis v\u00f5ivad p\u00f5hjustada rikkeid. Koos p\u00f6\u00f6rdemehhanismiga loob see riistvara, mis on nii vastupidav kui ka m\u00e4rkimisv\u00e4\u00e4rselt sujuvalt toimiv.<\/p>\n<p class=\"whitespace-pre-wrap break-words\">T\u00e4nu roostevabast terasest konstruktsioonile naeravad need ahelad tingimustes, mis h\u00e4vitaksid v\u00e4iksema riistvara. Olenemata sellest, kas t\u00f6\u00f6tate merekeskkonnas v\u00f5i t\u00f6\u00f6tate karmides t\u00f6\u00f6stustingimustes, need j\u00e4tkavad t\u00f6\u00f6d ilma pideva hoolduse v\u00f5i asendamiseta.<\/p>\n<p class=\"whitespace-pre-wrap break-words\">R\u00e4\u00e4gime praktilistest eelistest. Ergonoomiline disain t\u00e4hendab v\u00e4hem aega, mis kulub seadmetega maadlemiseks ja rohkem aega t\u00f6\u00f6 tegemiseks. Operaatorid hindavad sujuvat t\u00f6\u00f6d ja minimaalset vastupanu, mis t\u00e4hendab kiiremat t\u00f6\u00f6d ja v\u00e4hem peavalu.<\/p>\n<h3 class=\"text-lg font-bold text-text-200 mt-1 -mb-1.5\">Tehnilised andmed<\/h3>\n<table class=\"bg-bg-100 min-w-full border-separate border-spacing-0 text-sm leading-[1.88888]\">\n<thead class=\"border-b-border-100\/50 border-b-[0.5px] text-left\">\n<tr class=\"[tbody&gt;&amp;]:odd:bg-bg-500\/10\">\n<th class=\"text-text-000 [&amp;:not(:first-child)]:-x-[hsla(var(--border-100) \/ 0.5)] font-400 px-2 [&amp;:not(:first-child)]:border-l-[0.5px]\">Spetsifikatsioon<\/th>\n<th class=\"text-text-000 [&amp;:not(:first-child)]:-x-[hsla(var(--border-100) \/ 0.5)] font-400 px-2 [&amp;:not(:first-child)]:border-l-[0.5px]\">Kirjeldus<\/th>\n<\/tr>\n<\/thead>\n<tbody>\n<tr class=\"[tbody&gt;&amp;]:odd:bg-bg-500\/10\">\n<td class=\"border-t-border-100\/50 [&amp;:not(:first-child)]:-x-[hsla(var(--border-100) \/ 0.5)] border-t-[0.5px] px-2 [&amp;:not(:first-child)]:border-l-[0.5px]\">Materjal<\/td>\n<td class=\"border-t-border-100\/50 [&amp;:not(:first-child)]:-x-[hsla(var(--border-100) \/ 0.5)] border-t-[0.5px] px-2 [&amp;:not(:first-child)]:border-l-[0.5px]\">304 roostevaba teras (saadaval 316 klassi)<\/td>\n<\/tr>\n<tr class=\"[tbody&gt;&amp;]:odd:bg-bg-500\/10\">\n<td class=\"border-t-border-100\/50 [&amp;:not(:first-child)]:-x-[hsla(var(--border-100) \/ 0.5)] border-t-[0.5px] px-2 [&amp;:not(:first-child)]:border-l-[0.5px]\">Koormuse hinnang<\/td>\n<td class=\"border-t-border-100\/50 [&amp;:not(:first-child)]:-x-[hsla(var(--border-100) \/ 0.5)] border-t-[0.5px] px-2 [&amp;:not(:first-child)]:border-l-[0.5px]\">Konstrueeritud suure koormusega rakenduste jaoks<\/td>\n<\/tr>\n<tr class=\"[tbody&gt;&amp;]:odd:bg-bg-500\/10\">\n<td class=\"border-t-border-100\/50 [&amp;:not(:first-child)]:-x-[hsla(var(--border-100) \/ 0.5)] border-t-[0.5px] px-2 [&amp;:not(:first-child)]:border-l-[0.5px]\">Korrosioonikaitse<\/td>\n<td class=\"border-t-border-100\/50 [&amp;:not(:first-child)]:-x-[hsla(var(--border-100) \/ 0.5)] border-t-[0.5px] px-2 [&amp;:not(:first-child)]:border-l-[0.5px]\">Suurep\u00e4rane vastupidavus mere-\/t\u00f6\u00f6stuskeskkonnas<\/td>\n<\/tr>\n<tr class=\"[tbody&gt;&amp;]:odd:bg-bg-500\/10\">\n<td class=\"border-t-border-100\/50 [&amp;:not(:first-child)]:-x-[hsla(var(--border-100) \/ 0.5)] border-t-[0.5px] px-2 [&amp;:not(:first-child)]:border-l-[0.5px]\">Peamine omadus<\/td>\n<td class=\"border-t-border-100\/50 [&amp;:not(:first-child)]:-x-[hsla(var(--border-100) \/ 0.5)] border-t-[0.5px] px-2 [&amp;:not(:first-child)]:border-l-[0.5px]\">Integreeritud p\u00f6\u00f6rlemismehhanism<\/td>\n<\/tr>\n<tr class=\"[tbody&gt;&amp;]:odd:bg-bg-500\/10\">\n<td class=\"border-t-border-100\/50 [&amp;:not(:first-child)]:-x-[hsla(var(--border-100) \/ 0.5)] border-t-[0.5px] px-2 [&amp;:not(:first-child)]:border-l-[0.5px]\">Kvaliteedikontroll<\/td>\n<td class=\"border-t-border-100\/50 [&amp;:not(:first-child)]:-x-[hsla(var(--border-100) \/ 0.5)] border-t-[0.5px] px-2 [&amp;:not(:first-child)]:border-l-[0.5px]\">Mitu kontrollpunkti ja sertifikaati<\/td>\n<\/tr>\n<tr class=\"[tbody&gt;&amp;]:odd:bg-bg-500\/10\">\n<td class=\"border-t-border-100\/50 [&amp;:not(:first-child)]:-x-[hsla(var(--border-100) \/ 0.5)] border-t-[0.5px] px-2 [&amp;:not(:first-child)]:border-l-[0.5px]\">Kasutamine<\/td>\n<td class=\"border-t-border-100\/50 [&amp;:not(:first-child)]:-x-[hsla(var(--border-100) \/ 0.5)] border-t-[0.5px] px-2 [&amp;:not(:first-child)]:border-l-[0.5px]\">Kiire paigaldus ja turvaline t\u00f6\u00f6<\/td>\n<\/tr>\n<\/tbody>\n<\/table>\n<h2 class=\"text-xl font-bold text-text-200 mt-1 -mb-0.5\">Kvaliteedi tagamine ja rakendused<\/h2>\n<p class=\"whitespace-pre-wrap break-words\">Kvaliteet ei ole meie jaoks lihtsalt m\u00e4rks\u00f5na - see on sisse ehitatud igasse tootmisetappi. Iga ahelat testitakse p\u00f5hjalikult nii staatilise kui ka d\u00fcnaamilise koormuse all. Me kogume pidevalt tagasisidet ja kasutame seda paranduste tegemiseks.<\/p>\n<p class=\"whitespace-pre-wrap break-words\">Meie kvaliteedikontrolliprotsess h\u00f5lmab t\u00e4pseid m\u00f5\u00f5tmete kontrolle, tugevuskatsetusi ja korrosioonikindluse kontrollimist. Kui saate \u00fche meie ahela, saate riistvara, mille toimivus on t\u00f5estatud.<\/p>\n<p class=\"whitespace-pre-wrap break-words\">Toetame oma tooteid operatiivse klienditoe ja kiire tarneajaga. Meie tehniline meeskond on alati valmis aitama konkreetsete rakenduste v\u00f5i probleemide korral. Iga saadetis sisaldab \u00fcksikasjalikke kontrolliaruandeid, mis dokumenteerivad l\u00e4biviidud testid.<\/p>\n<p class=\"whitespace-pre-wrap break-words\">Need ahelad on leidnud kodu lugematutes rakendustes. Ehitusmeeskonnad usaldavad neid raskete t\u00f5stmiste puhul, merendusettev\u00f5tted kasutavad neid s\u00f6\u00f6vitavates keskkondades ja t\u00f6\u00f6stushooldusmeeskonnad hindavad nende kiirelt vabastatavaid v\u00f5imeid.<\/p>\n<p class=\"whitespace-pre-wrap break-words\">Investeering kvaliteetsesse riistvarasse tasub end \u00e4ra v\u00e4iksemate hoolduskulude ja v\u00e4hemate t\u00f6\u00f6katkestuste kaudu. Kasutajad teatavad j\u00e4rjekindlalt, et meie ahelad on konkurentide omadest paremad ja kestavad kauem.<\/p>\n<p class=\"whitespace-pre-wrap break-words\">Oleme uhked ka keskkonnaaspektide \u00fcle - k\u00f5rgekvaliteedilise roostevaba terase kasutamine t\u00e4hendab, et need ahelad kestavad kauem ja on kasutusaja l\u00f5pus t\u00e4ielikult taaskasutatavad.<\/p>\n<p class=\"whitespace-pre-wrap break-words\">Vajad midagi erilist? Me teeme klientidega regulaarselt koost\u00f6\u00f6d, et kohandada spetsifikatsioone ainulaadsete rakenduste jaoks. Olgu tegemist siis muudetud m\u00f5\u00f5tmete v\u00f5i spetsiifiliste viimistlusn\u00f5uetega, aitame luua t\u00e4pselt seda, mida vajate.<\/p>\n<h2 class=\"text-xl font-bold text-text-200 mt-1 -mb-0.5\">Kokkuv\u00f5te<\/h2>\n<p class=\"whitespace-pre-wrap break-words\">Silmade p\u00f6\u00f6rlev kinnitusl\u00fcli esindab kaasaegse tehnika ja materjaliteaduse parimat taset. See on ehitatud n\u00f5udlike t\u00f6\u00f6de jaoks, muutes samal ajal operaatorite elu lihtsamaks. T\u00e4nu meie p\u00fchendumisele kvaliteedile, mida toetavad p\u00f5hjalikud testid ja dokumentatsioon, v\u00f5ite usaldada, et need ahelad t\u00f6\u00f6tavad, kui see on k\u00f5ige t\u00e4htsam.<\/p>","protected":false},"excerpt":{"rendered":"<p>Meie Eye Swivel Snap Shackle on \u00e4\u00e4rmiselt konstrueeritud taglase toode, mis on loodud k\u00f5ige n\u00f5udlikumate kasutusn\u00f5uete t\u00e4itmiseks. Valmistatud k\u00f5rgekvaliteedilisest 304 ja 316 roostevabast terasest, pakub meie kinnitusraud parema vastupidavuse, suurep\u00e4rase korrosioonikindluse ja k\u00f5rge t\u00f6\u00f6kindluse isegi ebasoodsates tingimustes. Ostjad tunnevad tavaliselt muret koormuse ohutuse, pikaealisuse ja toimimise p\u00e4rast ebasoodsates tingimustes ning meie toode tegeleb nende probleemidega otsekui ise. Lisaks pakume esmaklassilise kaubandusettev\u00f5ttena individuaalset klienditeenindust, \u00f5igeaegset tarneplaani ja toetame oma tooteid t\u00e4ieliku kvaliteedikontrolliaruandega. Selline r\u00f5huasetus kvaliteedile tagab teile kindlustunde investeerida tootesse, mis ei ole mitte ainult suure j\u00f5udlusega, vaid ka probleemivaba.<\/p>","protected":false},"featured_media":8917,"comment_status":"open","ping_status":"closed","template":"","meta":{"site-sidebar-layout":"default","site-content-layout":"","ast-site-content-layout":"default","site-content-style":"default","site-sidebar-style":"default","ast-global-header-display":"","ast-banner-title-visibility":"","ast-main-header-display":"","ast-hfb-above-header-display":"","ast-hfb-below-header-display":"","ast-hfb-mobile-header-display":"","site-post-title":"","ast-breadcrumbs-content":"","ast-featured-img":"","footer-sml-layout":"","theme-transparent-header-meta":"default","adv-header-id-meta":"","stick-header-meta":"default","header-above-stick-meta":"","header-main-stick-meta":"","header-below-stick-meta":"","astra-migrate-meta-layouts":"set","ast-page-background-enabled":"default","ast-page-background-meta":{"desktop":{"background-color":"","background-image":"","background-repeat":"repeat","background-position":"center center","background-size":"auto","background-attachment":"scroll","background-type":"","background-media":"","overlay-type":"","overlay-color":"","overlay-opacity":"","overlay-gradient":""},"tablet":{"background-color":"","background-image":"","background-repeat":"repeat","background-position":"center center","background-size":"auto","background-attachment":"scroll","background-type":"","background-media":"","overlay-type":"","overlay-color":"","overlay-opacity":"","overlay-gradient":""},"mobile":{"background-color":"","background-image":"","background-repeat":"repeat","background-position":"center center","background-size":"auto","background-attachment":"scroll","background-type":"","background-media":"","overlay-type":"","overlay-color":"","overlay-opacity":"","overlay-gradient":""}},"ast-content-background-meta":{"desktop":{"background-color":"var(--ast-global-color-5)","background-image":"","background-repeat":"repeat","background-position":"center center","background-size":"auto","background-attachment":"scroll","background-type":"","background-media":"","overlay-type":"","overlay-color":"","overlay-opacity":"","overlay-gradient":""},"tablet":{"background-color":"var(--ast-global-color-5)","background-image":"","background-repeat":"repeat","background-position":"center center","background-size":"auto","background-attachment":"scroll","background-type":"","background-media":"","overlay-type":"","overlay-color":"","overlay-opacity":"","overlay-gradient":""},"mobile":{"background-color":"var(--ast-global-color-5)","background-image":"","background-repeat":"repeat","background-position":"center center","background-size":"auto","background-attachment":"scroll","background-type":"","background-media":"","overlay-type":"","overlay-color":"","overlay-opacity":"","overlay-gradient":""}}},"product_brand":[],"product_cat":[44],"product_tag":[],"class_list":{"0":"post-8915","1":"product","2":"type-product","3":"status-publish","4":"has-post-thumbnail","6":"product_cat-stainless-steel-poduct","7":"desktop-align-left","8":"tablet-align-left","9":"mobile-align-left","10":"ast-product-gallery-layout-horizontal-slider","11":"ast-product-tabs-layout-horizontal","13":"first","14":"instock","15":"shipping-taxable","16":"purchasable","17":"product-type-simple"},"yoast_head":"<!-- This site is optimized with the Yoast SEO plugin v25.2 - https:\/\/yoast.com\/wordpress\/plugins\/seo\/ -->\n<title>Eye Swivel Snap Shackle 316 Stainless Steel<\/title>\n<meta name=\"description\" content=\"Our Eye Swivel Snap Shackle is an extremely engineered rigging product that was created to meet the most demanding operating requirements.\" \/>\n<meta name=\"robots\" content=\"index, follow, max-snippet:-1, max-image-preview:large, max-video-preview:-1\" \/>\n<link rel=\"canonical\" href=\"https:\/\/qingdaohf.com\/et\/toode\/silma-poorlev-lukkukinnitus-316-roostevabast-terasest\/\" \/>\n<meta property=\"og:locale\" content=\"et_EE\" \/>\n<meta property=\"og:type\" content=\"article\" \/>\n<meta property=\"og:title\" content=\"Eye Swivel Snap Shackle 316 Stainless Steel\" \/>\n<meta property=\"og:description\" content=\"Our Eye Swivel Snap Shackle is an extremely engineered rigging product that was created to meet the most demanding operating requirements.\" \/>\n<meta property=\"og:url\" content=\"https:\/\/qingdaohf.com\/et\/toode\/silma-poorlev-lukkukinnitus-316-roostevabast-terasest\/\" \/>\n<meta property=\"og:site_name\" content=\"Concrete Form &amp; Rigging Hardware Supplier\" \/>\n<meta property=\"article:publisher\" content=\"https:\/\/www.facebook.com\/qingdaohf\" \/>\n<meta property=\"article:modified_time\" content=\"2025-11-13T01:02:19+00:00\" \/>\n<meta property=\"og:image\" content=\"https:\/\/qingdaohf.com\/wp-content\/uploads\/2025\/02\/snap-shackle.jpg\" \/>\n\t<meta property=\"og:image:width\" content=\"1000\" \/>\n\t<meta property=\"og:image:height\" content=\"1000\" \/>\n\t<meta property=\"og:image:type\" content=\"image\/jpeg\" \/>\n<meta name=\"twitter:card\" content=\"summary_large_image\" \/>\n<meta name=\"twitter:label1\" content=\"Est. reading time\" \/>\n\t<meta name=\"twitter:data1\" content=\"4 minutit\" \/>\n<script type=\"application\/ld+json\" class=\"yoast-schema-graph\">{\"@context\":\"https:\/\/schema.org\",\"@graph\":[{\"@type\":\"WebPage\",\"@id\":\"https:\/\/qingdaohf.com\/product\/eye-swivel-snap-shackle-316-stainless-steel\/\",\"url\":\"https:\/\/qingdaohf.com\/product\/eye-swivel-snap-shackle-316-stainless-steel\/\",\"name\":\"Eye Swivel Snap Shackle 316 Stainless Steel\",\"isPartOf\":{\"@id\":\"https:\/\/qingdaohf.com\/bg\/#website\"},\"primaryImageOfPage\":{\"@id\":\"https:\/\/qingdaohf.com\/product\/eye-swivel-snap-shackle-316-stainless-steel\/#primaryimage\"},\"image\":{\"@id\":\"https:\/\/qingdaohf.com\/product\/eye-swivel-snap-shackle-316-stainless-steel\/#primaryimage\"},\"thumbnailUrl\":\"https:\/\/qingdaohf.com\/wp-content\/uploads\/2025\/02\/snap-shackle.jpg\",\"datePublished\":\"2025-02-12T09:41:42+00:00\",\"dateModified\":\"2025-11-13T01:02:19+00:00\",\"description\":\"Our Eye Swivel Snap Shackle is an extremely engineered rigging product that was created to meet the most demanding operating requirements.\",\"breadcrumb\":{\"@id\":\"https:\/\/qingdaohf.com\/product\/eye-swivel-snap-shackle-316-stainless-steel\/#breadcrumb\"},\"inLanguage\":\"et\",\"potentialAction\":[{\"@type\":\"ReadAction\",\"target\":[\"https:\/\/qingdaohf.com\/product\/eye-swivel-snap-shackle-316-stainless-steel\/\"]}]},{\"@type\":\"ImageObject\",\"inLanguage\":\"et\",\"@id\":\"https:\/\/qingdaohf.com\/product\/eye-swivel-snap-shackle-316-stainless-steel\/#primaryimage\",\"url\":\"https:\/\/qingdaohf.com\/wp-content\/uploads\/2025\/02\/snap-shackle.jpg\",\"contentUrl\":\"https:\/\/qingdaohf.com\/wp-content\/uploads\/2025\/02\/snap-shackle.jpg\",\"width\":1000,\"height\":1000,\"caption\":\"snap shackle\"},{\"@type\":\"BreadcrumbList\",\"@id\":\"https:\/\/qingdaohf.com\/product\/eye-swivel-snap-shackle-316-stainless-steel\/#breadcrumb\",\"itemListElement\":[{\"@type\":\"ListItem\",\"position\":1,\"name\":\"Home\",\"item\":\"https:\/\/qingdaohf.com\/\"},{\"@type\":\"ListItem\",\"position\":2,\"name\":\"Concrete Forming Accessories and Rigging Hardware\",\"item\":\"https:\/\/qingdaohf.com\/bg\/?page_id=944\"},{\"@type\":\"ListItem\",\"position\":3,\"name\":\"Eye Swivel Snap Shackle 316 Stainless Steel\"}]},{\"@type\":\"WebSite\",\"@id\":\"https:\/\/qingdaohf.com\/bg\/#website\",\"url\":\"https:\/\/qingdaohf.com\/bg\/\",\"name\":\"Concrete Form & Rigging Hardware Supplier\",\"description\":\"\",\"publisher\":{\"@id\":\"https:\/\/qingdaohf.com\/bg\/#organization\"},\"potentialAction\":[{\"@type\":\"SearchAction\",\"target\":{\"@type\":\"EntryPoint\",\"urlTemplate\":\"https:\/\/qingdaohf.com\/bg\/?s={search_term_string}\"},\"query-input\":{\"@type\":\"PropertyValueSpecification\",\"valueRequired\":true,\"valueName\":\"search_term_string\"}}],\"inLanguage\":\"et\"},{\"@type\":\"Organization\",\"@id\":\"https:\/\/qingdaohf.com\/bg\/#organization\",\"name\":\"Qingdao H&F\",\"url\":\"https:\/\/qingdaohf.com\/bg\/\",\"logo\":{\"@type\":\"ImageObject\",\"inLanguage\":\"et\",\"@id\":\"https:\/\/qingdaohf.com\/bg\/#\/schema\/logo\/image\/\",\"url\":\"https:\/\/qingdaohf.com\/wp-content\/uploads\/2022\/12\/cropped-HF-LOGO.png\",\"contentUrl\":\"https:\/\/qingdaohf.com\/wp-content\/uploads\/2022\/12\/cropped-HF-LOGO.png\",\"width\":391,\"height\":249,\"caption\":\"Qingdao H&F\"},\"image\":{\"@id\":\"https:\/\/qingdaohf.com\/bg\/#\/schema\/logo\/image\/\"},\"sameAs\":[\"https:\/\/www.facebook.com\/qingdaohf\"]}]}<\/script>\n<!-- \/ Yoast SEO plugin. -->","yoast_head_json":{"title":"Eye Swivel Snap Shackle 316 Stainless Steel","description":"Our Eye Swivel Snap Shackle is an extremely engineered rigging product that was created to meet the most demanding operating requirements.","robots":{"index":"index","follow":"follow","max-snippet":"max-snippet:-1","max-image-preview":"max-image-preview:large","max-video-preview":"max-video-preview:-1"},"canonical":"https:\/\/qingdaohf.com\/et\/toode\/silma-poorlev-lukkukinnitus-316-roostevabast-terasest\/","og_locale":"et_EE","og_type":"article","og_title":"Eye Swivel Snap Shackle 316 Stainless Steel","og_description":"Our Eye Swivel Snap Shackle is an extremely engineered rigging product that was created to meet the most demanding operating requirements.","og_url":"https:\/\/qingdaohf.com\/et\/toode\/silma-poorlev-lukkukinnitus-316-roostevabast-terasest\/","og_site_name":"Concrete Form &amp; Rigging Hardware Supplier","article_publisher":"https:\/\/www.facebook.com\/qingdaohf","article_modified_time":"2025-11-13T01:02:19+00:00","og_image":[{"width":1000,"height":1000,"url":"https:\/\/qingdaohf.com\/wp-content\/uploads\/2025\/02\/snap-shackle.jpg","type":"image\/jpeg"}],"twitter_card":"summary_large_image","twitter_misc":{"Est. reading time":"4 minutit"},"schema":{"@context":"https:\/\/schema.org","@graph":[{"@type":"WebPage","@id":"https:\/\/qingdaohf.com\/product\/eye-swivel-snap-shackle-316-stainless-steel\/","url":"https:\/\/qingdaohf.com\/product\/eye-swivel-snap-shackle-316-stainless-steel\/","name":"Eye Swivel Snap Shackle 316 Stainless Steel","isPartOf":{"@id":"https:\/\/qingdaohf.com\/bg\/#website"},"primaryImageOfPage":{"@id":"https:\/\/qingdaohf.com\/product\/eye-swivel-snap-shackle-316-stainless-steel\/#primaryimage"},"image":{"@id":"https:\/\/qingdaohf.com\/product\/eye-swivel-snap-shackle-316-stainless-steel\/#primaryimage"},"thumbnailUrl":"https:\/\/qingdaohf.com\/wp-content\/uploads\/2025\/02\/snap-shackle.jpg","datePublished":"2025-02-12T09:41:42+00:00","dateModified":"2025-11-13T01:02:19+00:00","description":"Our Eye Swivel Snap Shackle is an extremely engineered rigging product that was created to meet the most demanding operating requirements.","breadcrumb":{"@id":"https:\/\/qingdaohf.com\/product\/eye-swivel-snap-shackle-316-stainless-steel\/#breadcrumb"},"inLanguage":"et","potentialAction":[{"@type":"ReadAction","target":["https:\/\/qingdaohf.com\/product\/eye-swivel-snap-shackle-316-stainless-steel\/"]}]},{"@type":"ImageObject","inLanguage":"et","@id":"https:\/\/qingdaohf.com\/product\/eye-swivel-snap-shackle-316-stainless-steel\/#primaryimage","url":"https:\/\/qingdaohf.com\/wp-content\/uploads\/2025\/02\/snap-shackle.jpg","contentUrl":"https:\/\/qingdaohf.com\/wp-content\/uploads\/2025\/02\/snap-shackle.jpg","width":1000,"height":1000,"caption":"snap shackle"},{"@type":"BreadcrumbList","@id":"https:\/\/qingdaohf.com\/product\/eye-swivel-snap-shackle-316-stainless-steel\/#breadcrumb","itemListElement":[{"@type":"ListItem","position":1,"name":"Home","item":"https:\/\/qingdaohf.com\/"},{"@type":"ListItem","position":2,"name":"Concrete Forming Accessories and Rigging Hardware","item":"https:\/\/qingdaohf.com\/bg\/?page_id=944"},{"@type":"ListItem","position":3,"name":"Eye Swivel Snap Shackle 316 Stainless Steel"}]},{"@type":"WebSite","@id":"https:\/\/qingdaohf.com\/bg\/#website","url":"https:\/\/qingdaohf.com\/bg\/","name":"Concrete Form & Rigging Hardware Supplier","description":"","publisher":{"@id":"https:\/\/qingdaohf.com\/bg\/#organization"},"potentialAction":[{"@type":"SearchAction","target":{"@type":"EntryPoint","urlTemplate":"https:\/\/qingdaohf.com\/bg\/?s={search_term_string}"},"query-input":{"@type":"PropertyValueSpecification","valueRequired":true,"valueName":"search_term_string"}}],"inLanguage":"et"},{"@type":"Organization","@id":"https:\/\/qingdaohf.com\/bg\/#organization","name":"Qingdao H&F","url":"https:\/\/qingdaohf.com\/bg\/","logo":{"@type":"ImageObject","inLanguage":"et","@id":"https:\/\/qingdaohf.com\/bg\/#\/schema\/logo\/image\/","url":"https:\/\/qingdaohf.com\/wp-content\/uploads\/2022\/12\/cropped-HF-LOGO.png","contentUrl":"https:\/\/qingdaohf.com\/wp-content\/uploads\/2022\/12\/cropped-HF-LOGO.png","width":391,"height":249,"caption":"Qingdao H&F"},"image":{"@id":"https:\/\/qingdaohf.com\/bg\/#\/schema\/logo\/image\/"},"sameAs":["https:\/\/www.facebook.com\/qingdaohf"]}]}},"_links":{"self":[{"href":"https:\/\/qingdaohf.com\/et\/wp-json\/wp\/v2\/product\/8915","targetHints":{"allow":["GET"]}}],"collection":[{"href":"https:\/\/qingdaohf.com\/et\/wp-json\/wp\/v2\/product"}],"about":[{"href":"https:\/\/qingdaohf.com\/et\/wp-json\/wp\/v2\/types\/product"}],"replies":[{"embeddable":true,"href":"https:\/\/qingdaohf.com\/et\/wp-json\/wp\/v2\/comments?post=8915"}],"version-history":[{"count":4,"href":"https:\/\/qingdaohf.com\/et\/wp-json\/wp\/v2\/product\/8915\/revisions"}],"predecessor-version":[{"id":9505,"href":"https:\/\/qingdaohf.com\/et\/wp-json\/wp\/v2\/product\/8915\/revisions\/9505"}],"wp:featuredmedia":[{"embeddable":true,"href":"https:\/\/qingdaohf.com\/et\/wp-json\/wp\/v2\/media\/8917"}],"wp:attachment":[{"href":"https:\/\/qingdaohf.com\/et\/wp-json\/wp\/v2\/media?parent=8915"}],"wp:term":[{"taxonomy":"product_brand","embeddable":true,"href":"https:\/\/qingdaohf.com\/et\/wp-json\/wp\/v2\/product_brand?post=8915"},{"taxonomy":"product_cat","embeddable":true,"href":"https:\/\/qingdaohf.com\/et\/wp-json\/wp\/v2\/product_cat?post=8915"},{"taxonomy":"product_tag","embeddable":true,"href":"https:\/\/qingdaohf.com\/et\/wp-json\/wp\/v2\/product_tag?post=8915"}],"curies":[{"name":"wp","href":"https:\/\/api.w.org\/{rel}","templated":true}]}}