{"id":9082,"date":"2025-03-18T13:48:34","date_gmt":"2025-03-18T05:48:34","guid":{"rendered":"http:\/\/qingdaohf.com\/?post_type=product&#038;p=9082"},"modified":"2025-11-13T09:02:19","modified_gmt":"2025-11-13T01:02:19","slug":"colorful-stone-coated-metal-roof-tile","status":"publish","type":"product","link":"https:\/\/qingdaohf.com\/et\/toode\/varviline-kiviga-kaetud-metallist-katusekivi\/","title":{"rendered":"V\u00e4rviline kiviga kaetud metallist katusekivi"},"content":{"rendered":"<h2 data-start=\"604\" data-end=\"645\">V\u00f5rratu visuaalne atraktiivsus ja vastupidavus<\/h2>\n<p data-start=\"647\" data-end=\"1256\">Meie v\u00e4rviline kivikattega metallkatusekivi kehastab t\u00e4iuslikku segu esteetilisest elegantsusest ja tugevast toimivusest. Need moodsaid tootmisprotsesse kasutades valmistatud plaadid annavad silmatorkava v\u00e4limuse, mis meenutab looduslikku kivi. Uuenduslik kattetehnoloogia \u00fchendab elavat v\u00e4rvi ja tekstuurset viimistlust, pakkudes atraktiivset disaini, mis suurendab elamute ja \u00e4rihoonete atraktiivsust. Ehitajad ja arhitektid imetlevad selle v\u00f5imet muuta mis tahes hoone kaasaegseks kunstiteoseks, samas kui t\u00f6\u00f6v\u00f5tjad hindavad selle v\u00f5imet taluda k\u00f5ige karmimaid ilmastikutingimusi.<\/p>\n<p data-start=\"1258\" data-end=\"1809\">Plaadid kiirgavad erilist v\u00f5lu, mis sobib erinevate arhitektuuristiilidega. Igal plaadil on hoolikalt v\u00e4ljat\u00f6\u00f6tatud pind, mis on vastupidav pleekimisele, korrosioonile ja ultraviolettkiirguse poolt tekitatud kahjustustele. Kui p\u00e4ike satub pinnale, tulevad plaatide rikkalikud v\u00e4rvid ja elutruu tekstuur selgesti esile, kutsudes m\u00f6\u00f6dak\u00e4ijaid imetlema. Disain ei ole ainult visuaalselt atraktiivne, vaid tugevdab ka konstruktsiooni tugevust, tagades, et iga paigaldus p\u00fcsib turvaline isegi tugeva vihma, tugeva tuule ja \u00e4\u00e4rmuslike temperatuurik\u00f5ikumiste korral.<\/p>\n<p data-start=\"1811\" data-end=\"2300\">Meie projekteerimisfilosoofias m\u00e4ngib olulist rolli meie ulatuslik oskusteave betoonvormi tarvikute ja taglase riistvara alal. Rakendame sama t\u00e4psust ja t\u00e4helepanu detailidele tootmise igas aspektis, tagades, et v\u00e4rviline kiviga kaetud metallist katusekivi vastab ja \u00fcletab t\u00f6\u00f6stusstandardeid. See p\u00fchendumine tipptasemele v\u00f5imaldab meil integreerida t\u00e4iustatud tugis\u00fcsteeme ja paigaldustehnikaid, muutes meie katusekattelahenduse vastupidavuse ja esteetilisuse osas t\u00f6\u00f6stusharu etaloniks.<\/p>\n<h2 data-start=\"2302\" data-end=\"2351\">T\u00e4ppistehnika ja tipptasemel j\u00f5udlus<\/h2>\n<p data-start=\"2353\" data-end=\"2828\">Meie v\u00e4rviline kivikattega metallkatusekate pakub suure j\u00f5udlusega lahendust, mis vastab kaasaegse ehituse n\u00f5udmistele. Disainerid ja insenerid teevad arendusprotsessi k\u00e4igus tihedat koost\u00f6\u00f6d, et tagada iga plaadi laitmatu toimimine erinevates tingimustes. T\u00e4iustatud katmistehnikate ja k\u00f5rgekvaliteediliste materjalide kasutamine loob pinna, mis t\u00f5rjub aktiivselt vett, peab vastu keemilistele kahjustustele ja v\u00e4hendab hooldust\u00f6id.<\/p>\n<p data-start=\"2830\" data-end=\"3255\">Meie kaubandusettev\u00f5te kasutab p\u00f5hjalikke teadmisi t\u00f6\u00f6stusharust, et lisada uuenduslikke funktsioone igasse plaati. Betoonvormi tarvikute ja taglase riistvara oskusteabe integreerimine parandab meie toodete paigaldusprotsessi, mis toob kaasa parema koormuse jaotumise ja suurema struktuurilise stabiilsuse. Need tehnilised eelised tagavad, et plaadid tagavad p\u00fcsiva toimivuse isegi siis, kui nad puutuvad kokku rangete v\u00e4lism\u00f5judega.<\/p>\n<p data-start=\"3257\" data-end=\"3874\">Meie kehtestatud hoolikas kvaliteedikontrolliprotseduurid tagavad, et iga v\u00e4rvilise kiviga kaetud metallkatusekivide partii vastab rangetele tulemuslikkuse kriteeriumidele. Meie inseneriteaduskond viib l\u00e4bi mitmeid p\u00f5hjalikke teste, et kinnitada selliseid tegureid nagu l\u00f6\u00f6gikindlus, soojuspaisumine ja tuulest t\u00f5usmine. Sellised ranged hindamised kinnitavad meie klientidele, et toode mitte ainult ei vasta, vaid sageli \u00fcletab t\u00e4nap\u00e4eva n\u00f5udlike ehituskeskkondade ootusi. Pakume toodet, mis suurendab aktiivselt usaldust iga projekti suhtes, muutes selle usaldusv\u00e4\u00e4rseks valikuks nii ehitajate kui ka renoveerijate jaoks.<\/p>\n<h2 data-start=\"3876\" data-end=\"3927\">T\u00f5hus paigaldus ja ulatuslik tugi<\/h2>\n<p data-start=\"3929\" data-end=\"4372\">\u00dcks meie v\u00e4rvilise kivikattega metallkatusekivi paljudest eelistest seisneb selle lihtsas paigaldamises ja tugistruktuuris, mida me oma klientidele pakume. Meie projekteerimisprotsessis ei r\u00f5hutata mitte ainult toote vastupidavust, vaid ka lihtsust ja t\u00f5husust paigaldusfaasis. T\u00e4nu meie toote kergele olemusele ja t\u00e4pselt v\u00e4ljat\u00f6\u00f6tatud lukustuss\u00fcsteemidele naudivad t\u00f6\u00f6v\u00f5tjad lihtsustatud protsessi, mis v\u00e4hendab kohapealseid probleeme.<\/p>\n<p data-start=\"4374\" data-end=\"4956\">Meie ettev\u00f5tte p\u00fchendumus suurep\u00e4rasele klienditeenindusele t\u00f5stab paigalduskogemuse uuele tasemele. Pakume individuaalseid konsultatsioone, et k\u00e4sitleda individuaalseid projektin\u00f5udeid ja pakkuda individuaalset n\u00f5ustamist, mis tagab \u00f5mblusteta integreerimise olemasolevatesse struktuuridesse. Meie tehniline meeskond teeb klientidega tihedat koost\u00f6\u00f6d igas etapis, alates esialgsest planeerimisest kuni l\u00f5pliku paigaldamiseni, tagades, et \u00fckski detail ei j\u00e4\u00e4ks t\u00e4helepanuta. Me investeerime igale saadetisele lisatud p\u00f5hjalikesse kvaliteedikontrolli aruannetesse, milles r\u00f5hutatakse rangete ohutus- ja toimivusnormide j\u00e4rgimist.<\/p>\n<p data-start=\"4958\" data-end=\"5542\">Meie tugev tarneahel toetab kiiret tarneperioodi, mis v\u00f5imaldab klientidel projekti t\u00e4htaegadest kinni pidada ilma tarbetute viivitusteta. Kiire k\u00e4ive koos meie rangete kvaliteedikontrollimeetmetega aitab meie partneritel minimeerida seisakuid ja optimeerida t\u00f6\u00f6 t\u00f5husust. Selline praktiline l\u00e4henemine n\u00e4itab, kuidas meie teadmised betoonvormi tarvikute ja taglase riistvara kohta m\u00f5jutavad meie tegevuse k\u00f5iki aspekte. Me m\u00f5istame ehituslogistika n\u00fcansse ning kujundame oma tooted ja teenused nii, et need aitavad aktiivselt protsesse t\u00f5hustada, s\u00e4\u00e4stes meie hinnatud klientide jaoks aega ja ressursse.<\/p>\n<h2 data-start=\"5544\" data-end=\"5602\">Juhtiv t\u00f6\u00f6stuse ekspertiis ja s\u00e4\u00e4stev ehitus<\/h2>\n<p data-start=\"5604\" data-end=\"6053\">J\u00e4tkusuutlikkus m\u00e4ngib meie l\u00e4henemisviisis v\u00e4rvilise kivikattega metallkatusekivide loomisel olulist rolli. Me kujundame iga toote, pidades silmas keskkonnas\u00f5bralikke tavasid ja energiat\u00f5husust. Meie katusekattelahendused aitavad v\u00e4hendada energiatarbimist, peegeldades soojust ja v\u00e4hendades seel\u00e4bi hoonete jahutuskulusid. Selline keskkonnateadlik disain ei ole kasulik mitte ainult planeedile, vaid pakub ka pikaajalist kulude kokkuhoidu kinnisvaraomanikele.<\/p>\n<p data-start=\"6055\" data-end=\"6581\">Meie ettev\u00f5te on uhke oma t\u00f6\u00f6stuse kogemuste ja kaasaegsetele arhitektuuri- ja ehitusvajadustele vastavate toodete tarnimise p\u00e4randi \u00fcle. Me \u00fchendame parimad inseneripraktikad tipptasemel tehnoloogiaga, et toota plaate, mis vastavad j\u00e4tkusuutlike ehitusmaterjalide praegustele suundumustele. J\u00e4tkusuutlike protsesside ja kvaliteetsete toorainete integreerimine tagab, et iga v\u00e4rviline kiviga kaetud metallkatusekivi on t\u00f5estuseks vastupidavusest, t\u00f5hususest ja vastutustundlikest tootmisviisidest.<\/p>\n<p data-start=\"6583\" data-end=\"7067\">Meie aktiivne osalemine seotud sektorites, nagu betoonvormide tarvikud ja riistvara, lisab meie tootevalikule t\u00e4iendavat usaldusv\u00e4\u00e4rsust. Me investeerime pidevalt teadus- ja arendustegevusse, et uurida uuenduslikke lahendusi, mis edendavad ehitust ja tootmist. See pidev p\u00fchendumine innovatsioonile tagab, et meie katusekatted ei paku mitte ainult erakordset j\u00f5udlust, vaid aitavad ka aktiivselt kaasa j\u00e4tkusuutlike ehitustavade arengule.<\/p>\n<p data-start=\"7069\" data-end=\"7559\">Meie toote energias\u00e4\u00e4stlikud omadused ja madalad hooldusn\u00f5uded teevad sellest eelistatud valiku keskkonnateadlike ehitajate seas. Me usume, et j\u00e4tkusuutlikkus ja k\u00f5rge j\u00f5udlusv\u00f5ime v\u00f5ivad eksisteerida samaaegselt, ning meie v\u00e4rviline kiviga kaetud metallkatusekivi peegeldab seda filosoofiat igas detailis. Tarnides toodet, mis on nii funktsionaalsuse kui ka keskkonnaalase vastutuse eest, aitame oma klientidel saavutada oma rohelise ehituse eesm\u00e4rke, s\u00e4ilitades samal ajal k\u00f5rgeimad kvaliteedistandardid.<\/p>\n<h2 data-start=\"7561\" data-end=\"7617\">P\u00f5hjalik tootetugi ja t\u00f6\u00f6stuse juhtpositsioon<\/h2>\n<p data-start=\"7619\" data-end=\"8211\">P\u00fc\u00fcame pidevalt anda oma klientidele mitte ainult suurep\u00e4rase toote, vaid ka v\u00f5rratu toetuse kogu projekti eluts\u00fckli jooksul. Meie kaubandusettev\u00f5te on uhke selle \u00fcle, et pakub p\u00fchendunud klienditeenindust, mis reageerib kiiresti k\u00f5ikidele k\u00fcsimustele ja tehnilistele v\u00e4ljakutsetele. Isikup\u00e4rastatud teenus, mida me pakume, on toonud meile usaldusv\u00e4\u00e4rsuse maine ja tugeva p\u00fchendumuse meie klientide edule. Tagame, et iga klient saab toote, mis vastab tema konkreetsetele vajadustele, mida tugevdavad meie ulatuslikud kvaliteedikontrolliaruanded ja toimivussertifikaadid.<\/p>\n<p data-start=\"8213\" data-end=\"8821\">V\u00e4rviline kivikattega metallkatusekivi kehastab esteetilise s\u00e4ra ja tugeva konstruktsiooni s\u00fcnteesi, mis vastab t\u00e4nap\u00e4eva konkurentsiv\u00f5imelise ehitusturu k\u00f5rgetele ootustele. Meie meeskond teeb aktiivselt koost\u00f6\u00f6d klientide ja t\u00f6\u00f6stuse ekspertidega, et pidevalt t\u00e4iustada ja parandada meie tootepakkumisi. Me m\u00f5istame, et edukad ehitusprojektid s\u00f5ltuvad nii uuenduslikest materjalidest kui ka asjatundlikust juhendamisest. Sellest tulenevalt h\u00f5lmab meie terviklik tugis\u00fcsteem \u00fcksikasjalikku tooteteavet, paigaldusjuhiseid ja pidevat tehnilist abi, mis aitavad meie klientidel saavutada laitmatu teostuse.<\/p>\n<p data-start=\"8823\" data-end=\"9446\">Me investeerime palju aega ja ressursse oma tehnilise toe meeskonna koolitamisse, et tagada, et nad oleksid ehitussuundumuste ja uuenduste eesliinil. Selline ennetav l\u00e4henemisviis v\u00f5imaldab meil pakkuda p\u00f5hjalikku, tegelikku n\u00f5u, mis vastab ehitajate, arhitektide ja inseneride praktilistele v\u00e4ljakutsetele. Integreerides oma p\u00f5hjalikud teadmised betoonvormi tarvikute ja riistvara kohta, pakume aktiivselt lahendusi, mis aitavad kaasa ohutumate ja t\u00f5husamate ehitustavade v\u00e4ljat\u00f6\u00f6tamisele. Meie toodete disain peegeldab seda integreeritud teadmist, mis muudab need t\u00e4nap\u00e4eva ehitusmaastikul oluliseks abimeheks.<\/p>\n<p data-start=\"9448\" data-end=\"9977\">Meie aktiivse toetuse, t\u00f6\u00f6stusharu juhtiva tootedisaini ja vankumatu p\u00fchendumise j\u00e4tkusuutlikkusele koosm\u00f5jul on meie v\u00e4rviline kiviga kaetud metallkatusekivi juhtivaks tootjaks. Me ei paku mitte ainult katuselahendust, vaid ka lubadust kvaliteedi, j\u00f5udluse ja keskkonnahoiu kohta, millest saavad kasu meie kliendid ja kogukonnad, keda nad teenindavad. Meie p\u00fchendumus tipptasemele on ilmne meie toote ja teenuse igas aspektis, edendades usaldust ja pikaajalisi partnerlussuhteid kogu ehitussektoris.<\/p>\n<p data-start=\"9979\" data-end=\"10789\" data-is-last-node=\"\" data-is-only-node=\"\">Kokkuv\u00f5tteks v\u00f5ib \u00f6elda, et meie v\u00e4rviline kivikattega metallkatusekivi kujutab endast l\u00e4bimurret katusekatte tehnoloogias, mis \u00fchendab silmatorkava esteetika v\u00f5rratu vastupidavuse ja j\u00f5udlusega. See pakub aktiivset lahendust kaasaegsete ehitusspetsialistide ja kinnisvaraomanike igap\u00e4evastele v\u00e4ljakutsetele. Toode paistab konkureerival turul silma t\u00e4nu uuenduslikule disainile, energiat\u00f5hususele ja tugevale toimimisele ekstreemsetes tingimustes. Koos meie erakordse klienditeeninduse, kiire tarne ja range kvaliteedikontrolliga on see n\u00e4ide parimast, mida ehitusmaterjalide t\u00f6\u00f6stusel on pakkuda. P\u00fc\u00fcame pidevalt t\u00e4iustada ja uuendada, tagades, et meie pakkumised vastavad j\u00e4tkusuutliku ehituse arenevatele vajadustele, seades samal ajal uusi kvaliteedi- ja t\u00f5hususstandardeid.<\/p>","protected":false},"excerpt":{"rendered":"<p>Kogege meie v\u00e4rvilise kivikattega metallist katusekivide muutvat m\u00f5ju, mis on loodud nii kaasaegsete ehitusalaste v\u00e4ljakutsete kui ka n\u00f5udlike ostjate jaoks. See uuenduslik katusekattelahendus paistab silma vastupidavuse, ilmastikukindluse ja h\u00e4mmastava visuaalse atraktiivsuse poolest, lahendades samal ajal selliseid p\u00f5hik\u00fcsimusi nagu paigaldamise t\u00f5husus ja pikaajaline toimivus. Meie kaubandusettev\u00f5te paistab silma \u00fcks-\u00fchele klienditeeninduse, kiire tarneperioodi ja p\u00f5hjalike kvaliteedikontrolli aruannete poolest, tagades, et iga projekt vastab k\u00f5rgeimatele kvaliteedistandarditele.<\/p>","protected":false},"featured_media":9083,"comment_status":"open","ping_status":"closed","template":"","meta":{"site-sidebar-layout":"default","site-content-layout":"","ast-site-content-layout":"default","site-content-style":"default","site-sidebar-style":"default","ast-global-header-display":"","ast-banner-title-visibility":"","ast-main-header-display":"","ast-hfb-above-header-display":"","ast-hfb-below-header-display":"","ast-hfb-mobile-header-display":"","site-post-title":"","ast-breadcrumbs-content":"","ast-featured-img":"","footer-sml-layout":"","theme-transparent-header-meta":"default","adv-header-id-meta":"","stick-header-meta":"default","header-above-stick-meta":"","header-main-stick-meta":"","header-below-stick-meta":"","astra-migrate-meta-layouts":"set","ast-page-background-enabled":"default","ast-page-background-meta":{"desktop":{"background-color":"","background-image":"","background-repeat":"repeat","background-position":"center center","background-size":"auto","background-attachment":"scroll","background-type":"","background-media":"","overlay-type":"","overlay-color":"","overlay-opacity":"","overlay-gradient":""},"tablet":{"background-color":"","background-image":"","background-repeat":"repeat","background-position":"center center","background-size":"auto","background-attachment":"scroll","background-type":"","background-media":"","overlay-type":"","overlay-color":"","overlay-opacity":"","overlay-gradient":""},"mobile":{"background-color":"","background-image":"","background-repeat":"repeat","background-position":"center center","background-size":"auto","background-attachment":"scroll","background-type":"","background-media":"","overlay-type":"","overlay-color":"","overlay-opacity":"","overlay-gradient":""}},"ast-content-background-meta":{"desktop":{"background-color":"var(--ast-global-color-5)","background-image":"","background-repeat":"repeat","background-position":"center center","background-size":"auto","background-attachment":"scroll","background-type":"","background-media":"","overlay-type":"","overlay-color":"","overlay-opacity":"","overlay-gradient":""},"tablet":{"background-color":"var(--ast-global-color-5)","background-image":"","background-repeat":"repeat","background-position":"center center","background-size":"auto","background-attachment":"scroll","background-type":"","background-media":"","overlay-type":"","overlay-color":"","overlay-opacity":"","overlay-gradient":""},"mobile":{"background-color":"var(--ast-global-color-5)","background-image":"","background-repeat":"repeat","background-position":"center center","background-size":"auto","background-attachment":"scroll","background-type":"","background-media":"","overlay-type":"","overlay-color":"","overlay-opacity":"","overlay-gradient":""}}},"product_brand":[],"product_cat":[50],"product_tag":[],"class_list":{"0":"post-9082","1":"product","2":"type-product","3":"status-publish","4":"has-post-thumbnail","6":"product_cat-concrete-form-accessories","7":"desktop-align-left","8":"tablet-align-left","9":"mobile-align-left","10":"ast-product-gallery-layout-horizontal-slider","11":"ast-product-tabs-layout-horizontal","13":"first","14":"instock","15":"shipping-taxable","16":"purchasable","17":"product-type-simple"},"yoast_head":"<!-- This site is optimized with the Yoast SEO plugin v25.2 - https:\/\/yoast.com\/wordpress\/plugins\/seo\/ -->\n<title>Colorful Stone Coated Metal Roof Tile<\/title>\n<meta name=\"robots\" content=\"index, follow, max-snippet:-1, max-image-preview:large, max-video-preview:-1\" \/>\n<link rel=\"canonical\" href=\"https:\/\/qingdaohf.com\/et\/toode\/varviline-kiviga-kaetud-metallist-katusekivi\/\" \/>\n<meta property=\"og:locale\" content=\"et_EE\" \/>\n<meta property=\"og:type\" content=\"article\" \/>\n<meta property=\"og:title\" content=\"Colorful Stone Coated Metal Roof Tile\" \/>\n<meta property=\"og:description\" content=\"Experience the transformative impact of our Colorful Stone Coated Metal Roof Tile, crafted for modern construction challenges and discerning buyers alike. This innovative roofing solution excels in durability, weather resistance, and stunning visual appeal while addressing key concerns such as installation efficiency and long-term performance. Our trading company stands out by offering one-to-one customer service, a fast delivery cycle, and comprehensive quality inspection reports, ensuring that every project meets the highest standards of excellence.\" \/>\n<meta property=\"og:url\" content=\"https:\/\/qingdaohf.com\/et\/toode\/varviline-kiviga-kaetud-metallist-katusekivi\/\" \/>\n<meta property=\"og:site_name\" content=\"Concrete Form &amp; Rigging Hardware Supplier\" \/>\n<meta property=\"article:publisher\" content=\"https:\/\/www.facebook.com\/qingdaohf\" \/>\n<meta property=\"article:modified_time\" content=\"2025-11-13T01:02:19+00:00\" \/>\n<meta property=\"og:image\" content=\"https:\/\/qingdaohf.com\/wp-content\/uploads\/2025\/03\/Metal-Roof-Tile-1.webp\" \/>\n\t<meta property=\"og:image:width\" content=\"1000\" \/>\n\t<meta property=\"og:image:height\" content=\"1000\" \/>\n\t<meta property=\"og:image:type\" content=\"image\/webp\" \/>\n<meta name=\"twitter:card\" content=\"summary_large_image\" \/>\n<meta name=\"twitter:label1\" content=\"Est. reading time\" \/>\n\t<meta name=\"twitter:data1\" content=\"7 minutit\" \/>\n<script type=\"application\/ld+json\" class=\"yoast-schema-graph\">{\"@context\":\"https:\/\/schema.org\",\"@graph\":[{\"@type\":\"WebPage\",\"@id\":\"https:\/\/qingdaohf.com\/product\/colorful-stone-coated-metal-roof-tile\/\",\"url\":\"https:\/\/qingdaohf.com\/product\/colorful-stone-coated-metal-roof-tile\/\",\"name\":\"Colorful Stone Coated Metal Roof Tile\",\"isPartOf\":{\"@id\":\"https:\/\/qingdaohf.com\/bg\/#website\"},\"primaryImageOfPage\":{\"@id\":\"https:\/\/qingdaohf.com\/product\/colorful-stone-coated-metal-roof-tile\/#primaryimage\"},\"image\":{\"@id\":\"https:\/\/qingdaohf.com\/product\/colorful-stone-coated-metal-roof-tile\/#primaryimage\"},\"thumbnailUrl\":\"https:\/\/qingdaohf.com\/wp-content\/uploads\/2025\/03\/Metal-Roof-Tile-1.webp\",\"datePublished\":\"2025-03-18T05:48:34+00:00\",\"dateModified\":\"2025-11-13T01:02:19+00:00\",\"breadcrumb\":{\"@id\":\"https:\/\/qingdaohf.com\/product\/colorful-stone-coated-metal-roof-tile\/#breadcrumb\"},\"inLanguage\":\"et\",\"potentialAction\":[{\"@type\":\"ReadAction\",\"target\":[\"https:\/\/qingdaohf.com\/product\/colorful-stone-coated-metal-roof-tile\/\"]}]},{\"@type\":\"ImageObject\",\"inLanguage\":\"et\",\"@id\":\"https:\/\/qingdaohf.com\/product\/colorful-stone-coated-metal-roof-tile\/#primaryimage\",\"url\":\"https:\/\/qingdaohf.com\/wp-content\/uploads\/2025\/03\/Metal-Roof-Tile-1.webp\",\"contentUrl\":\"https:\/\/qingdaohf.com\/wp-content\/uploads\/2025\/03\/Metal-Roof-Tile-1.webp\",\"width\":1000,\"height\":1000,\"caption\":\"Metal Roof Tile\"},{\"@type\":\"BreadcrumbList\",\"@id\":\"https:\/\/qingdaohf.com\/product\/colorful-stone-coated-metal-roof-tile\/#breadcrumb\",\"itemListElement\":[{\"@type\":\"ListItem\",\"position\":1,\"name\":\"Home\",\"item\":\"https:\/\/qingdaohf.com\/\"},{\"@type\":\"ListItem\",\"position\":2,\"name\":\"Concrete Forming Accessories and Rigging Hardware\",\"item\":\"https:\/\/qingdaohf.com\/bg\/?page_id=944\"},{\"@type\":\"ListItem\",\"position\":3,\"name\":\"Colorful Stone Coated Metal Roof Tile\"}]},{\"@type\":\"WebSite\",\"@id\":\"https:\/\/qingdaohf.com\/bg\/#website\",\"url\":\"https:\/\/qingdaohf.com\/bg\/\",\"name\":\"Concrete Form & Rigging Hardware Supplier\",\"description\":\"\",\"publisher\":{\"@id\":\"https:\/\/qingdaohf.com\/bg\/#organization\"},\"potentialAction\":[{\"@type\":\"SearchAction\",\"target\":{\"@type\":\"EntryPoint\",\"urlTemplate\":\"https:\/\/qingdaohf.com\/bg\/?s={search_term_string}\"},\"query-input\":{\"@type\":\"PropertyValueSpecification\",\"valueRequired\":true,\"valueName\":\"search_term_string\"}}],\"inLanguage\":\"et\"},{\"@type\":\"Organization\",\"@id\":\"https:\/\/qingdaohf.com\/bg\/#organization\",\"name\":\"Qingdao H&F\",\"url\":\"https:\/\/qingdaohf.com\/bg\/\",\"logo\":{\"@type\":\"ImageObject\",\"inLanguage\":\"et\",\"@id\":\"https:\/\/qingdaohf.com\/bg\/#\/schema\/logo\/image\/\",\"url\":\"https:\/\/qingdaohf.com\/wp-content\/uploads\/2022\/12\/cropped-HF-LOGO.png\",\"contentUrl\":\"https:\/\/qingdaohf.com\/wp-content\/uploads\/2022\/12\/cropped-HF-LOGO.png\",\"width\":391,\"height\":249,\"caption\":\"Qingdao H&F\"},\"image\":{\"@id\":\"https:\/\/qingdaohf.com\/bg\/#\/schema\/logo\/image\/\"},\"sameAs\":[\"https:\/\/www.facebook.com\/qingdaohf\"]}]}<\/script>\n<!-- \/ Yoast SEO plugin. -->","yoast_head_json":{"title":"Colorful Stone Coated Metal Roof Tile","robots":{"index":"index","follow":"follow","max-snippet":"max-snippet:-1","max-image-preview":"max-image-preview:large","max-video-preview":"max-video-preview:-1"},"canonical":"https:\/\/qingdaohf.com\/et\/toode\/varviline-kiviga-kaetud-metallist-katusekivi\/","og_locale":"et_EE","og_type":"article","og_title":"Colorful Stone Coated Metal Roof Tile","og_description":"Experience the transformative impact of our Colorful Stone Coated Metal Roof Tile, crafted for modern construction challenges and discerning buyers alike. This innovative roofing solution excels in durability, weather resistance, and stunning visual appeal while addressing key concerns such as installation efficiency and long-term performance. Our trading company stands out by offering one-to-one customer service, a fast delivery cycle, and comprehensive quality inspection reports, ensuring that every project meets the highest standards of excellence.","og_url":"https:\/\/qingdaohf.com\/et\/toode\/varviline-kiviga-kaetud-metallist-katusekivi\/","og_site_name":"Concrete Form &amp; Rigging Hardware Supplier","article_publisher":"https:\/\/www.facebook.com\/qingdaohf","article_modified_time":"2025-11-13T01:02:19+00:00","og_image":[{"width":1000,"height":1000,"url":"https:\/\/qingdaohf.com\/wp-content\/uploads\/2025\/03\/Metal-Roof-Tile-1.webp","type":"image\/webp"}],"twitter_card":"summary_large_image","twitter_misc":{"Est. reading time":"7 minutit"},"schema":{"@context":"https:\/\/schema.org","@graph":[{"@type":"WebPage","@id":"https:\/\/qingdaohf.com\/product\/colorful-stone-coated-metal-roof-tile\/","url":"https:\/\/qingdaohf.com\/product\/colorful-stone-coated-metal-roof-tile\/","name":"Colorful Stone Coated Metal Roof Tile","isPartOf":{"@id":"https:\/\/qingdaohf.com\/bg\/#website"},"primaryImageOfPage":{"@id":"https:\/\/qingdaohf.com\/product\/colorful-stone-coated-metal-roof-tile\/#primaryimage"},"image":{"@id":"https:\/\/qingdaohf.com\/product\/colorful-stone-coated-metal-roof-tile\/#primaryimage"},"thumbnailUrl":"https:\/\/qingdaohf.com\/wp-content\/uploads\/2025\/03\/Metal-Roof-Tile-1.webp","datePublished":"2025-03-18T05:48:34+00:00","dateModified":"2025-11-13T01:02:19+00:00","breadcrumb":{"@id":"https:\/\/qingdaohf.com\/product\/colorful-stone-coated-metal-roof-tile\/#breadcrumb"},"inLanguage":"et","potentialAction":[{"@type":"ReadAction","target":["https:\/\/qingdaohf.com\/product\/colorful-stone-coated-metal-roof-tile\/"]}]},{"@type":"ImageObject","inLanguage":"et","@id":"https:\/\/qingdaohf.com\/product\/colorful-stone-coated-metal-roof-tile\/#primaryimage","url":"https:\/\/qingdaohf.com\/wp-content\/uploads\/2025\/03\/Metal-Roof-Tile-1.webp","contentUrl":"https:\/\/qingdaohf.com\/wp-content\/uploads\/2025\/03\/Metal-Roof-Tile-1.webp","width":1000,"height":1000,"caption":"Metal Roof Tile"},{"@type":"BreadcrumbList","@id":"https:\/\/qingdaohf.com\/product\/colorful-stone-coated-metal-roof-tile\/#breadcrumb","itemListElement":[{"@type":"ListItem","position":1,"name":"Home","item":"https:\/\/qingdaohf.com\/"},{"@type":"ListItem","position":2,"name":"Concrete Forming Accessories and Rigging Hardware","item":"https:\/\/qingdaohf.com\/bg\/?page_id=944"},{"@type":"ListItem","position":3,"name":"Colorful Stone Coated Metal Roof Tile"}]},{"@type":"WebSite","@id":"https:\/\/qingdaohf.com\/bg\/#website","url":"https:\/\/qingdaohf.com\/bg\/","name":"Concrete Form & Rigging Hardware Supplier","description":"","publisher":{"@id":"https:\/\/qingdaohf.com\/bg\/#organization"},"potentialAction":[{"@type":"SearchAction","target":{"@type":"EntryPoint","urlTemplate":"https:\/\/qingdaohf.com\/bg\/?s={search_term_string}"},"query-input":{"@type":"PropertyValueSpecification","valueRequired":true,"valueName":"search_term_string"}}],"inLanguage":"et"},{"@type":"Organization","@id":"https:\/\/qingdaohf.com\/bg\/#organization","name":"Qingdao H&F","url":"https:\/\/qingdaohf.com\/bg\/","logo":{"@type":"ImageObject","inLanguage":"et","@id":"https:\/\/qingdaohf.com\/bg\/#\/schema\/logo\/image\/","url":"https:\/\/qingdaohf.com\/wp-content\/uploads\/2022\/12\/cropped-HF-LOGO.png","contentUrl":"https:\/\/qingdaohf.com\/wp-content\/uploads\/2022\/12\/cropped-HF-LOGO.png","width":391,"height":249,"caption":"Qingdao H&F"},"image":{"@id":"https:\/\/qingdaohf.com\/bg\/#\/schema\/logo\/image\/"},"sameAs":["https:\/\/www.facebook.com\/qingdaohf"]}]}},"_links":{"self":[{"href":"https:\/\/qingdaohf.com\/et\/wp-json\/wp\/v2\/product\/9082","targetHints":{"allow":["GET"]}}],"collection":[{"href":"https:\/\/qingdaohf.com\/et\/wp-json\/wp\/v2\/product"}],"about":[{"href":"https:\/\/qingdaohf.com\/et\/wp-json\/wp\/v2\/types\/product"}],"replies":[{"embeddable":true,"href":"https:\/\/qingdaohf.com\/et\/wp-json\/wp\/v2\/comments?post=9082"}],"version-history":[{"count":2,"href":"https:\/\/qingdaohf.com\/et\/wp-json\/wp\/v2\/product\/9082\/revisions"}],"predecessor-version":[{"id":9380,"href":"https:\/\/qingdaohf.com\/et\/wp-json\/wp\/v2\/product\/9082\/revisions\/9380"}],"wp:featuredmedia":[{"embeddable":true,"href":"https:\/\/qingdaohf.com\/et\/wp-json\/wp\/v2\/media\/9083"}],"wp:attachment":[{"href":"https:\/\/qingdaohf.com\/et\/wp-json\/wp\/v2\/media?parent=9082"}],"wp:term":[{"taxonomy":"product_brand","embeddable":true,"href":"https:\/\/qingdaohf.com\/et\/wp-json\/wp\/v2\/product_brand?post=9082"},{"taxonomy":"product_cat","embeddable":true,"href":"https:\/\/qingdaohf.com\/et\/wp-json\/wp\/v2\/product_cat?post=9082"},{"taxonomy":"product_tag","embeddable":true,"href":"https:\/\/qingdaohf.com\/et\/wp-json\/wp\/v2\/product_tag?post=9082"}],"curies":[{"name":"wp","href":"https:\/\/api.w.org\/{rel}","templated":true}]}}