{"id":3,"date":"2022-12-14T08:05:12","date_gmt":"2022-12-14T08:05:12","guid":{"rendered":"http:\/\/qingdaohf.com\/?page_id=3"},"modified":"2025-01-13T11:43:47","modified_gmt":"2025-01-13T03:43:47","slug":"privacy-policy","status":"publish","type":"page","link":"https:\/\/qingdaohf.com\/fi\/tietosuojakaytanto\/","title":{"rendered":"Tietosuojak\u00e4yt\u00e4nt\u00f6"},"content":{"rendered":"<p>Me Qingdao H&amp;F:ss\u00e4 olemme sitoutuneet kunnioittamaan ja suojelemaan yksityisyytt\u00e4si. T\u00e4ss\u00e4 tietosuojak\u00e4yt\u00e4nn\u00f6ss\u00e4 kerrotaan, miten ker\u00e4\u00e4mme, k\u00e4yt\u00e4mme ja suojaamme henkil\u00f6tietojasi, kun vierailet verkkosivustollamme, <a href=\"https:\/\/qingdaohf.com\/fi\/\">qingdaohf.com<\/a>ja miten k\u00e4yt\u00e4nt\u00f6ni ovat sovellettavien tietosuojas\u00e4\u00e4nn\u00f6sten mukaisia.<\/p><h4 class=\"wp-block-heading\">Keit\u00e4 me olemme<\/h4><p>Verkkosivustomme, <a href=\"https:\/\/qingdaohf.com\/fi\/\">qingdaohf.com<\/a>toimii Qingdao H&amp;F. Olemme johtava teollisuus- ja kaupparatkaisujen tarjoaja, joka sijaitsee Qingdaossa, Shandongissa, Kiinassa. Voit ottaa meihin yhteytt\u00e4 osoitteessa:<\/p><p><strong>S\u00e4hk\u00f6posti:<\/strong> <a>info@qingdaohf.com<\/a><br><strong>Puhelin:<\/strong> +86 17853296888<br><strong>Osoite:<\/strong> Huone 20-B, Huaren International Building, No. 2 Shandong Road, Shinan District, Qingdao City, Shandongin maakunta.<\/p><h4 class=\"wp-block-heading\">Mit\u00e4 henkil\u00f6tietoja ker\u00e4\u00e4mme ja miksi<\/h4><p>Ker\u00e4\u00e4mme seuraavanlaisia henkil\u00f6tietoja:<\/p><ul class=\"wp-block-list\"><li><strong>Henkil\u00f6kohtaiset tiedot:<\/strong> Vapaaehtoisesti yhteydenottolomakkeilla tai kyselyiss\u00e4 antamasi tiedot, kuten nimesi, s\u00e4hk\u00f6postiosoitteesi, puhelinnumerosi ja muut antamasi tiedot.<\/li>\n\n<li><strong>Tekniset tiedot:<\/strong> Automaattisesti ev\u00e4steiden ja vastaavien tekniikoiden avulla ker\u00e4tyt tiedot, kuten IP-osoitteesi, selaintyyppisi ja sivut, joilla vierailet sivustollamme.<\/li>\n\n<li><strong>Transaktiotiedot:<\/strong> Ostotiedusteluissa t\u00e4m\u00e4 voi sis\u00e4lt\u00e4\u00e4 laskutus- tai toimitustietoja.<\/li>\n\n<li><strong>Arkaluonteiset tiedot:<\/strong> Emme ker\u00e4\u00e4 tarkoituksellisesti arkaluonteisia henkil\u00f6tietoja. Jos t\u00e4llaisia tietoja toimitetaan, niit\u00e4 k\u00e4sitell\u00e4\u00e4n erityisen turvallisesti ja luottamuksellisesti.<\/li><\/ul><p><strong>Miksi ker\u00e4\u00e4mme tietoja:<\/strong><\/p><p>Ker\u00e4\u00e4mme n\u00e4it\u00e4 tietoja tarjotaksemme ja parantaaksemme palveluitamme, personoidaksemme k\u00e4ytt\u00e4j\u00e4kokemusta, noudattaaksemme lakis\u00e4\u00e4teisi\u00e4 velvoitteita ja analysoidaksemme sivuston suorituskyky\u00e4. Tietojen ker\u00e4\u00e4minen perustuu k\u00e4ytt\u00e4j\u00e4n aktiiviseen suostumukseen tai laillisiin liiketoimintatarkoituksiin.<\/p><h4 class=\"wp-block-heading\">Kommentit<\/h4><p>Verkkosivustomme voi antaa k\u00e4ytt\u00e4jille mahdollisuuden j\u00e4tt\u00e4\u00e4 kommentteja. Kun kommentteja l\u00e4hetet\u00e4\u00e4n, ker\u00e4\u00e4mme kommenttilomakkeessa n\u00e4kyv\u00e4t tiedot sek\u00e4 k\u00e4ytt\u00e4j\u00e4n IP-osoitteen ja selaimen k\u00e4ytt\u00e4j\u00e4agenttijonon roskapostin havaitsemisen helpottamiseksi.<\/p><h4 class=\"wp-block-heading\">Media<\/h4><p>Jos k\u00e4ytt\u00e4j\u00e4t lataavat kuvia tai tiedostoja, ne voivat olla julkisesti saatavilla. K\u00e4ytt\u00e4ji\u00e4 kehotetaan olemaan lataamatta mediaa, joka sis\u00e4lt\u00e4\u00e4 upotettuja sijaintitietoja (EXIF GPS).<\/p><h4 class=\"wp-block-heading\">Yhteydenottolomakkeet<\/h4><p>Kun k\u00e4ytt\u00e4j\u00e4t l\u00e4hett\u00e4v\u00e4t yhteydenottolomakkeita, ker\u00e4\u00e4mme annetut tiedot asiakaspalvelua varten. N\u00e4it\u00e4 tietoja s\u00e4ilytet\u00e4\u00e4n kuusi kuukautta, eik\u00e4 niit\u00e4 k\u00e4ytet\u00e4 markkinointiin ilman nimenomaista suostumusta.<\/p><h4 class=\"wp-block-heading\">Ev\u00e4steet<\/h4><p>Verkkosivustomme k\u00e4ytt\u00e4\u00e4 ev\u00e4steit\u00e4 k\u00e4ytt\u00e4j\u00e4kokemuksen parantamiseksi. Ev\u00e4steet voivat sis\u00e4lt\u00e4\u00e4:<\/p><ul class=\"wp-block-list\"><li><strong>Istuntoev\u00e4steet:<\/strong> K\u00e4ytt\u00e4j\u00e4istuntojen yll\u00e4pit\u00e4minen.<\/li>\n\n<li><strong>Analytics-ev\u00e4steet:<\/strong> Analysoida verkkosivuston k\u00e4ytt\u00f6trendej\u00e4.<\/li>\n\n<li><strong>Suostumuksen hallinta Ev\u00e4steet:<\/strong> Tietosuoja-asetuksiesi tallentaminen.<\/li><\/ul><p>Voit s\u00e4\u00e4t\u00e4\u00e4 ev\u00e4steasetuksia selaimellasi tai suostumusten hallintaty\u00f6kalullamme.<\/p><h4 class=\"wp-block-heading\">Analytiikka<\/h4><p>K\u00e4yt\u00e4mme Google Analyticsia ymm\u00e4rt\u00e4m\u00e4\u00e4n k\u00e4ytt\u00e4jien k\u00e4ytt\u00e4ytymist\u00e4 ja parantamaan verkkosivustoamme. Ker\u00e4tyt tiedot ovat anonymisoituja ja koottuja. K\u00e4ytt\u00e4j\u00e4t voivat kielt\u00e4\u00e4 analytiikkaseurannan selaimensa asetusten kautta tai Googlen tietosuojak\u00e4yt\u00e4nn\u00f6ss\u00e4.<\/p><h4 class=\"wp-block-heading\">Kenen kanssa jaamme tietojasi<\/h4><p>Jaamme tietojasi vain tarvittaessa luotettavien kolmansien osapuolten kanssa, kuten:<\/p><ul class=\"wp-block-list\"><li>Hosting-palvelujen tarjoajat verkkosivuston toimintaa varten.<\/li>\n\n<li>Maksupalvelujen maksuprosessorit.<\/li>\n\n<li>Analytiikkapalvelujen tarjoajat suorituskykyyn liittyv\u00e4\u00e4 tietoa varten.<\/li><\/ul><p>Kaikki kolmannen osapuolen palveluntarjoajat noudattavat tiukkoja tietosuojastandardeja. Linkit niiden tietosuojak\u00e4yt\u00e4nt\u00f6ihin ovat saatavilla pyynn\u00f6st\u00e4.<\/p><h4 class=\"wp-block-heading\">Kuinka kauan s\u00e4ilyt\u00e4mme tietojasi<\/h4><p>S\u00e4ilyt\u00e4mme tietojasi niiden k\u00e4ytt\u00f6tarkoituksen perusteella:<\/p><ul class=\"wp-block-list\"><li>Yhteydenottolomakkeiden l\u00e4hett\u00e4minen: 6 kuukautta.<\/li>\n\n<li>Analyyttiset tiedot: 1 vuosi.<\/li>\n\n<li>Tapahtumatiedot: 10 vuotta oikeudellisia ja tarkastustarkoituksia varten.<\/li><\/ul><h4 class=\"wp-block-heading\">Oikeutesi tietoihin<\/h4><p>K\u00e4ytt\u00e4jill\u00e4 on oikeus:<\/p><ul class=\"wp-block-list\"><li>k\u00e4ytt\u00e4\u00e4 ja korjata tietojaan.<\/li>\n\n<li>pyyt\u00e4\u00e4 tietojen poistamista (paitsi jos tietojen s\u00e4ilytt\u00e4minen on lakis\u00e4\u00e4teist\u00e4).<\/li>\n\n<li>Vastustaa tietty\u00e4 tietojenk\u00e4sittely\u00e4.<\/li>\n\n<li>Vastaanottaa tietoja siirrett\u00e4v\u00e4ss\u00e4 muodossa.<\/li><\/ul><p>Jos haluat k\u00e4ytt\u00e4\u00e4 n\u00e4it\u00e4 oikeuksia, ota meihin yhteytt\u00e4 osoitteessa <a>info@qingdaohf.com<\/a>.<\/p><h4 class=\"wp-block-heading\">Minne tietosi l\u00e4hetet\u00e4\u00e4n<\/h4><p>Tietoja voidaan siirt\u00e4\u00e4 Euroopan unionin ulkopuolelle. T\u00e4llaisissa siirroissa noudatetaan eurooppalaisia tietosuojastandardeja Privacy Shieldin kaltaisten mekanismien tai sopimusten avulla.<\/p><h4 class=\"wp-block-heading\">Miten suojaamme tietojasi<\/h4><p>Toteutamme vankkoja turvatoimia, kuten:<\/p><ul class=\"wp-block-list\"><li>Arkaluonteisten tietojen salaus.<\/li>\n\n<li>J\u00e4rjestelmiemme s\u00e4\u00e4nn\u00f6lliset tarkastukset.<\/li>\n\n<li>Henkil\u00f6st\u00f6n koulutus tietosuojasta.<\/li><\/ul><h4 class=\"wp-block-heading\">Tietoturvaloukkauksia koskevat menettelyt<\/h4><p>Tietosuojaloukkauksen sattuessa meill\u00e4 on menettelyt:<\/p><ul class=\"wp-block-list\"><li>V\u00e4lit\u00f6n sis\u00e4inen raportointi.<\/li>\n\n<li>Ilmoitus k\u00e4ytt\u00e4jille, joita asia koskee.<\/li>\n\n<li>Tarvittaessa koordinointi viranomaisten kanssa.<\/li><\/ul><h4 class=\"wp-block-heading\">Kolmannen osapuolen tietol\u00e4hteet<\/h4><p>Saatamme saada anonymisoituja tietoja mainostajilta tai analytiikan tarjoajilta palvelujen parantamiseksi. N\u00e4it\u00e4 tietoja ei yhdistet\u00e4 tunnistettaviin henkil\u00f6ihin.<\/p><h4 class=\"wp-block-heading\">Automatisoitu p\u00e4\u00e4t\u00f6ksenteko<\/h4><p>Verkkosivustomme ei k\u00e4yt\u00e4 automatisoituja p\u00e4\u00e4t\u00f6ksenteko- tai profilointij\u00e4rjestelmi\u00e4, jotka vaikuttavat k\u00e4ytt\u00e4jien oikeuksiin tai vapauksiin.<\/p><h4 class=\"wp-block-heading\">Lains\u00e4\u00e4d\u00e4nn\u00f6n tiedonantovaatimukset<\/h4><p>Qingdao H&amp;F noudattaa kaikkia sovellettavia yksityisyyden suojaa ja tietosuojaa koskevia lakeja, mukaan lukien GDPR eurooppalaisten k\u00e4ytt\u00e4jien osalta.<\/p><h4 class=\"wp-block-heading\">Yhteystiedot<\/h4><p>Yksityisyyden suojaan liittyviss\u00e4 asioissa ota yhteytt\u00e4:<\/p><p><strong>S\u00e4hk\u00f6posti:<\/strong> <a>info@qingdaohf.com<\/a><br><strong>Puhelin:<\/strong>+86 17853296888<br><strong>Osoite:<\/strong> Huone 20-B, Huaren International Building, No. 2 Shandong Road, Shinan District, Qingdao City, Shandongin maakunta.<\/p><h4 class=\"wp-block-heading\">Politiikan p\u00e4ivitykset<\/h4><p>Pid\u00e4t\u00e4mme oikeuden p\u00e4ivitt\u00e4\u00e4 t\u00e4t\u00e4 tietosuojak\u00e4yt\u00e4nt\u00f6\u00e4 k\u00e4yt\u00e4nt\u00f6jen tai lakis\u00e4\u00e4teisten vaatimusten muutosten mukaisesti. Uusin versio on aina saatavilla t\u00e4ll\u00e4 sivulla.<\/p>","protected":false},"excerpt":{"rendered":"<p>At Qingdao H&amp;F, we are committed to respecting and protecting your privacy. This Privacy Policy outlines how we collect, use, and safeguard your personal information when you visit our website, qingdaohf.com, and how our practices comply with applicable privacy regulations. Who We Are Our website, qingdaohf.com, is operated by Qingdao H&amp;F. We are a leading [&hellip;]<\/p>","protected":false},"author":1,"featured_media":0,"parent":0,"menu_order":0,"comment_status":"closed","ping_status":"open","template":"","meta":{"site-sidebar-layout":"default","site-content-layout":"","ast-site-content-layout":"default","site-content-style":"default","site-sidebar-style":"default","ast-global-header-display":"","ast-banner-title-visibility":"","ast-main-header-display":"","ast-hfb-above-header-display":"","ast-hfb-below-header-display":"","ast-hfb-mobile-header-display":"","site-post-title":"","ast-breadcrumbs-content":"","ast-featured-img":"","footer-sml-layout":"","theme-transparent-header-meta":"","adv-header-id-meta":"","stick-header-meta":"","header-above-stick-meta":"","header-main-stick-meta":"","header-below-stick-meta":"","astra-migrate-meta-layouts":"set","ast-page-background-enabled":"default","ast-page-background-meta":{"desktop":{"background-color":"","background-image":"","background-repeat":"repeat","background-position":"center center","background-size":"auto","background-attachment":"scroll","background-type":"","background-media":"","overlay-type":"","overlay-color":"","overlay-opacity":"","overlay-gradient":""},"tablet":{"background-color":"","background-image":"","background-repeat":"repeat","background-position":"center center","background-size":"auto","background-attachment":"scroll","background-type":"","background-media":"","overlay-type":"","overlay-color":"","overlay-opacity":"","overlay-gradient":""},"mobile":{"background-color":"","background-image":"","background-repeat":"repeat","background-position":"center center","background-size":"auto","background-attachment":"scroll","background-type":"","background-media":"","overlay-type":"","overlay-color":"","overlay-opacity":"","overlay-gradient":""}},"ast-content-background-meta":{"desktop":{"background-color":"var(--ast-global-color-5)","background-image":"","background-repeat":"repeat","background-position":"center center","background-size":"auto","background-attachment":"scroll","background-type":"","background-media":"","overlay-type":"","overlay-color":"","overlay-opacity":"","overlay-gradient":""},"tablet":{"background-color":"var(--ast-global-color-5)","background-image":"","background-repeat":"repeat","background-position":"center center","background-size":"auto","background-attachment":"scroll","background-type":"","background-media":"","overlay-type":"","overlay-color":"","overlay-opacity":"","overlay-gradient":""},"mobile":{"background-color":"var(--ast-global-color-5)","background-image":"","background-repeat":"repeat","background-position":"center center","background-size":"auto","background-attachment":"scroll","background-type":"","background-media":"","overlay-type":"","overlay-color":"","overlay-opacity":"","overlay-gradient":""}},"footnotes":""},"class_list":["post-3","page","type-page","status-publish","hentry"],"yoast_head":"<!-- This site is optimized with the Yoast SEO plugin v25.2 - https:\/\/yoast.com\/wordpress\/plugins\/seo\/ -->\n<title>Privacy Policy<\/title>\n<meta name=\"description\" content=\"This Privacy Policy outlines how we collect, use, and safeguard your personal information when you visit our website\" \/>\n<meta name=\"robots\" content=\"index, follow, max-snippet:-1, max-image-preview:large, max-video-preview:-1\" \/>\n<link rel=\"canonical\" href=\"https:\/\/qingdaohf.com\/fi\/informativa-sulla-privacy\/\" \/>\n<meta property=\"og:locale\" content=\"fi_FI\" \/>\n<meta property=\"og:type\" content=\"article\" \/>\n<meta property=\"og:title\" content=\"Privacy Policy\" \/>\n<meta property=\"og:description\" content=\"This Privacy Policy outlines how we collect, use, and safeguard your personal information when you visit our website\" \/>\n<meta property=\"og:url\" content=\"https:\/\/qingdaohf.com\/fi\/informativa-sulla-privacy\/\" \/>\n<meta property=\"og:site_name\" content=\"Concrete Form &amp; Rigging Hardware Supplier\" \/>\n<meta property=\"article:publisher\" content=\"https:\/\/www.facebook.com\/qingdaohf\" \/>\n<meta property=\"article:modified_time\" content=\"2025-01-13T03:43:47+00:00\" \/>\n<meta name=\"twitter:card\" content=\"summary_large_image\" \/>\n<meta name=\"twitter:label1\" content=\"Arvioitu lukuaika\" \/>\n\t<meta name=\"twitter:data1\" content=\"4 minuuttia\" \/>\n<script type=\"application\/ld+json\" class=\"yoast-schema-graph\">{\"@context\":\"https:\/\/schema.org\",\"@graph\":[{\"@type\":\"WebPage\",\"@id\":\"https:\/\/qingdaohf.com\/it\/informativa-sulla-privacy\/\",\"url\":\"https:\/\/qingdaohf.com\/it\/informativa-sulla-privacy\/\",\"name\":\"Privacy Policy\",\"isPartOf\":{\"@id\":\"https:\/\/qingdaohf.com\/bg\/#website\"},\"datePublished\":\"2022-12-14T08:05:12+00:00\",\"dateModified\":\"2025-01-13T03:43:47+00:00\",\"description\":\"This Privacy Policy outlines how we collect, use, and safeguard your personal information when you visit our website\",\"breadcrumb\":{\"@id\":\"https:\/\/qingdaohf.com\/it\/informativa-sulla-privacy\/#breadcrumb\"},\"inLanguage\":\"fi\",\"potentialAction\":[{\"@type\":\"ReadAction\",\"target\":[\"https:\/\/qingdaohf.com\/it\/informativa-sulla-privacy\/\"]}]},{\"@type\":\"BreadcrumbList\",\"@id\":\"https:\/\/qingdaohf.com\/it\/informativa-sulla-privacy\/#breadcrumb\",\"itemListElement\":[{\"@type\":\"ListItem\",\"position\":1,\"name\":\"Home\",\"item\":\"https:\/\/qingdaohf.com\/\"},{\"@type\":\"ListItem\",\"position\":2,\"name\":\"Privacy Policy\"}]},{\"@type\":\"WebSite\",\"@id\":\"https:\/\/qingdaohf.com\/bg\/#website\",\"url\":\"https:\/\/qingdaohf.com\/bg\/\",\"name\":\"Concrete Form & Rigging Hardware Supplier\",\"description\":\"\",\"publisher\":{\"@id\":\"https:\/\/qingdaohf.com\/bg\/#organization\"},\"potentialAction\":[{\"@type\":\"SearchAction\",\"target\":{\"@type\":\"EntryPoint\",\"urlTemplate\":\"https:\/\/qingdaohf.com\/bg\/?s={search_term_string}\"},\"query-input\":{\"@type\":\"PropertyValueSpecification\",\"valueRequired\":true,\"valueName\":\"search_term_string\"}}],\"inLanguage\":\"fi\"},{\"@type\":\"Organization\",\"@id\":\"https:\/\/qingdaohf.com\/bg\/#organization\",\"name\":\"Qingdao H&F\",\"url\":\"https:\/\/qingdaohf.com\/bg\/\",\"logo\":{\"@type\":\"ImageObject\",\"inLanguage\":\"fi\",\"@id\":\"https:\/\/qingdaohf.com\/bg\/#\/schema\/logo\/image\/\",\"url\":\"https:\/\/qingdaohf.com\/wp-content\/uploads\/2022\/12\/cropped-HF-LOGO.png\",\"contentUrl\":\"https:\/\/qingdaohf.com\/wp-content\/uploads\/2022\/12\/cropped-HF-LOGO.png\",\"width\":391,\"height\":249,\"caption\":\"Qingdao H&F\"},\"image\":{\"@id\":\"https:\/\/qingdaohf.com\/bg\/#\/schema\/logo\/image\/\"},\"sameAs\":[\"https:\/\/www.facebook.com\/qingdaohf\"]}]}<\/script>\n<!-- \/ Yoast SEO plugin. -->","yoast_head_json":{"title":"Privacy Policy","description":"This Privacy Policy outlines how we collect, use, and safeguard your personal information when you visit our website","robots":{"index":"index","follow":"follow","max-snippet":"max-snippet:-1","max-image-preview":"max-image-preview:large","max-video-preview":"max-video-preview:-1"},"canonical":"https:\/\/qingdaohf.com\/fi\/informativa-sulla-privacy\/","og_locale":"fi_FI","og_type":"article","og_title":"Privacy Policy","og_description":"This Privacy Policy outlines how we collect, use, and safeguard your personal information when you visit our website","og_url":"https:\/\/qingdaohf.com\/fi\/informativa-sulla-privacy\/","og_site_name":"Concrete Form &amp; Rigging Hardware Supplier","article_publisher":"https:\/\/www.facebook.com\/qingdaohf","article_modified_time":"2025-01-13T03:43:47+00:00","twitter_card":"summary_large_image","twitter_misc":{"Arvioitu lukuaika":"4 minuuttia"},"schema":{"@context":"https:\/\/schema.org","@graph":[{"@type":"WebPage","@id":"https:\/\/qingdaohf.com\/it\/informativa-sulla-privacy\/","url":"https:\/\/qingdaohf.com\/it\/informativa-sulla-privacy\/","name":"Privacy Policy","isPartOf":{"@id":"https:\/\/qingdaohf.com\/bg\/#website"},"datePublished":"2022-12-14T08:05:12+00:00","dateModified":"2025-01-13T03:43:47+00:00","description":"This Privacy Policy outlines how we collect, use, and safeguard your personal information when you visit our website","breadcrumb":{"@id":"https:\/\/qingdaohf.com\/it\/informativa-sulla-privacy\/#breadcrumb"},"inLanguage":"fi","potentialAction":[{"@type":"ReadAction","target":["https:\/\/qingdaohf.com\/it\/informativa-sulla-privacy\/"]}]},{"@type":"BreadcrumbList","@id":"https:\/\/qingdaohf.com\/it\/informativa-sulla-privacy\/#breadcrumb","itemListElement":[{"@type":"ListItem","position":1,"name":"Home","item":"https:\/\/qingdaohf.com\/"},{"@type":"ListItem","position":2,"name":"Privacy Policy"}]},{"@type":"WebSite","@id":"https:\/\/qingdaohf.com\/bg\/#website","url":"https:\/\/qingdaohf.com\/bg\/","name":"Concrete Form & Rigging Hardware Supplier","description":"","publisher":{"@id":"https:\/\/qingdaohf.com\/bg\/#organization"},"potentialAction":[{"@type":"SearchAction","target":{"@type":"EntryPoint","urlTemplate":"https:\/\/qingdaohf.com\/bg\/?s={search_term_string}"},"query-input":{"@type":"PropertyValueSpecification","valueRequired":true,"valueName":"search_term_string"}}],"inLanguage":"fi"},{"@type":"Organization","@id":"https:\/\/qingdaohf.com\/bg\/#organization","name":"Qingdao H&F","url":"https:\/\/qingdaohf.com\/bg\/","logo":{"@type":"ImageObject","inLanguage":"fi","@id":"https:\/\/qingdaohf.com\/bg\/#\/schema\/logo\/image\/","url":"https:\/\/qingdaohf.com\/wp-content\/uploads\/2022\/12\/cropped-HF-LOGO.png","contentUrl":"https:\/\/qingdaohf.com\/wp-content\/uploads\/2022\/12\/cropped-HF-LOGO.png","width":391,"height":249,"caption":"Qingdao H&F"},"image":{"@id":"https:\/\/qingdaohf.com\/bg\/#\/schema\/logo\/image\/"},"sameAs":["https:\/\/www.facebook.com\/qingdaohf"]}]}},"_links":{"self":[{"href":"https:\/\/qingdaohf.com\/fi\/wp-json\/wp\/v2\/pages\/3","targetHints":{"allow":["GET"]}}],"collection":[{"href":"https:\/\/qingdaohf.com\/fi\/wp-json\/wp\/v2\/pages"}],"about":[{"href":"https:\/\/qingdaohf.com\/fi\/wp-json\/wp\/v2\/types\/page"}],"author":[{"embeddable":true,"href":"https:\/\/qingdaohf.com\/fi\/wp-json\/wp\/v2\/users\/1"}],"replies":[{"embeddable":true,"href":"https:\/\/qingdaohf.com\/fi\/wp-json\/wp\/v2\/comments?post=3"}],"version-history":[{"count":5,"href":"https:\/\/qingdaohf.com\/fi\/wp-json\/wp\/v2\/pages\/3\/revisions"}],"predecessor-version":[{"id":8720,"href":"https:\/\/qingdaohf.com\/fi\/wp-json\/wp\/v2\/pages\/3\/revisions\/8720"}],"wp:attachment":[{"href":"https:\/\/qingdaohf.com\/fi\/wp-json\/wp\/v2\/media?parent=3"}],"curies":[{"name":"wp","href":"https:\/\/api.w.org\/{rel}","templated":true}]}}