{"id":1685,"date":"2023-01-12T11:46:18","date_gmt":"2023-01-12T03:46:18","guid":{"rendered":"http:\/\/qingdaohf.com\/?post_type=product&#038;p=1685"},"modified":"2025-11-13T09:06:58","modified_gmt":"2025-11-13T01:06:58","slug":"x-flat-tie","status":"publish","type":"product","link":"https:\/\/qingdaohf.com\/fi\/tuote\/x-littea-solmio\/","title":{"rendered":"Raskas betonimuotti X Flat Ties - tasaiset siteet"},"content":{"rendered":"<h2>X FLAT Tie<\/h2>\n<p><strong>Tarkkuus ja luotettavuus: Ydinvaatimus<\/strong><\/p>\n<p><strong>Muotin vakaus:<\/strong> Tarvitset betonivalutarvikkeita, jotka kiinnitt\u00e4v\u00e4t muottirakenteet tukevasti ja varmistavat, ett\u00e4 ne pysyv\u00e4t vakaina betonivalun aikana.<\/p>\n<p><strong>Yhten\u00e4iset betonipinnat:<\/strong> Sile\u00e4n ja tasaisen betonipinnan saavuttaminen on ensiarvoisen t\u00e4rke\u00e4\u00e4. X FLAT Tie on erinomainen muottity\u00f6kalun tasauksen yll\u00e4pit\u00e4j\u00e4, joka takaa moitteettoman betonipinnan ilman ep\u00e4tasaisuuksia.<\/p>\n<p><strong>Monipuolinen k\u00e4ytt\u00f6:<\/strong> Hankkeidenne laajuus ja monimutkaisuus vaihtelevat. X FLAT Tie on mukautuvuutensa ja helppok\u00e4ytt\u00f6isyytens\u00e4 ansiosta monipuolinen valinta, joka soveltuu monenlaisiin rakennustilanteisiin.<\/p>\n<h3>Raskas x litte\u00e4 solmio<\/h3>\n<h3>Vakio x litte\u00e4 solmio<\/h3>\n<h3>Kiilapultti<\/h3>\n<h3>Kaarevat kiilat traight Wedge<\/h3>\n<h3>Qingdao H&amp;F: kumppanisi tarkkuudessa<\/h3>\n<p><strong>Huippuosaamista ostajan tarpeiden t\u00e4ytt\u00e4misess\u00e4<\/strong><\/p>\n<p>Qingdao H&amp;F on osoitus tarkkuudesta ja laadusta betonimuottien tarvikkeiden ja kiinnityslaitteiden alalla. Yrityksemme edut vastaavat t\u00e4ydellisesti vaatimuksiasi:<\/p>\n<p><strong>Laaja kokoalue:<\/strong> Tarjoamme ylpe\u00e4n\u00e4 X FLAT Ties kokoja, jotka vaihtelevat 4 tuuman ja vaikuttavan 48 tuuman v\u00e4lill\u00e4. Laajat kokovaihtoehtomme t\u00e4ytt\u00e4v\u00e4t rakennusprojektien erilaiset tarpeet, joten l\u00f6yd\u00e4t varmasti juuri sinun tarpeisiisi sopivan vaihtoehdon.<\/p>\n<p><strong>Mukautustuki:<\/strong> Ymm\u00e4rr\u00e4mme, ett\u00e4 mik\u00e4\u00e4n hanke ei ole samanlainen. R\u00e4\u00e4t\u00e4l\u00f6intivaihtoehtojemme ansiosta voit r\u00e4\u00e4t\u00e4l\u00f6id\u00e4 tuotteemme juuri sinun vaatimuksiisi, jotta ne vastaavat ainutlaatuisia tarpeitasi.<\/p>\n<p><strong>Tuotteen saatavuus:<\/strong> Koska tuotteitamme on aina varastossa, sinulla on tarvittavat ty\u00f6kalut k\u00e4ytett\u00e4viss\u00e4si, kun aika on kortilla, ja varmistat, ett\u00e4 projektisi pysyv\u00e4t aikataulussa.<\/p>\n<p><strong>Kilpailukykyinen hinnoittelu:<\/strong> Uskomme vakaasti, ett\u00e4 laadun ei tarvitse olla kalliimpaa. Sitoutumisemme kilpailukykyiseen hinnoitteluun tarkoittaa, ett\u00e4 saat poikkeuksellisen hyv\u00e4n vastineen investoinnillesi.<\/p>\n<p><strong>Laadunvarmistus:<\/strong> Jokaisen X FLAT -solmion mukana toimitetaan QC-tarkastusraportti, joka tarjoaa kiistattoman todisteen laadusta ja suorituskyvyst\u00e4 ja antaa sinulle mielenrauhan.<\/p>\n<p><strong>N\u00e4ytteen saatavuus:<\/strong> Luotamme tuotteidemme laatuun, joten tarjoamme ilmaisia n\u00e4ytteit\u00e4, jotta voit tutustua X FLAT Tie:n erinomaisuuteen omakohtaisesti.<\/p>\n<p><strong>Henkil\u00f6kohtainen palvelu:<\/strong> Olemme enemm\u00e4n kuin pelkk\u00e4 toimittaja; olemme omistautunut kumppanisi. Tiimimme tarjoaa henkil\u00f6kohtaista palvelua, joka opastaa sinua kaikissa vaiheissa tuotevalinnasta aina oston j\u00e4lkeiseen tukeen.<\/p>\n<p>&nbsp;<\/p>\n<div class=\"ast-oembed-container\" style=\"height: 100%;\"><iframe title=\"X Flat Tie, vakio kiilapultti, Combo Pin, py\u00f6re\u00e4 p\u00e4\u00e4 Pin kaareva kiila ja suora kiila\" width=\"500\" height=\"281\" src=\"https:\/\/www.youtube.com\/embed\/RafUudL8gBk?feature=oembed\" frameborder=\"0\" allow=\"accelerometer; autoplay; clipboard-write; encrypted-media; gyroscope; picture-in-picture; web-share\" referrerpolicy=\"strict-origin-when-cross-origin\" allowfullscreen><\/iframe><\/div>","protected":false},"excerpt":{"rendered":"<p>X Flat Tie on tehokas, kest\u00e4v\u00e4 ja helppok\u00e4ytt\u00f6inen betonimuotin lis\u00e4laite. Se on suunniteltu tarkkuutta varten, ja se takaa luotettavan kohdistuksen ja turvallisen kiinnityksen muotteihin.<\/p>\n<p>X Flat Tie -sidontalenkill\u00e4 on vahva vetolujuus ja sile\u00e4 pinta parempaa liitosta varten, joten se soveltuu erinomaisesti monenlaisiin asuin- ja kaupallisiin sovelluksiin.<\/p>\n<p>Voit luottaa t\u00e4ysin tuotteeseemme, Qingdao H &amp; F:n X Flat Tie -tuotteeseen, sen erinomaisuuteen, pitk\u00e4ik\u00e4isyyteen, laadunvalvontaraporttiin ja oikea-aikaiseen toimitukseen.<\/p>","protected":false},"featured_media":4700,"comment_status":"open","ping_status":"closed","template":"","meta":{"site-sidebar-layout":"default","site-content-layout":"default","ast-site-content-layout":"default","site-content-style":"default","site-sidebar-style":"default","ast-global-header-display":"","ast-banner-title-visibility":"","ast-main-header-display":"","ast-hfb-above-header-display":"","ast-hfb-below-header-display":"","ast-hfb-mobile-header-display":"","site-post-title":"","ast-breadcrumbs-content":"","ast-featured-img":"","footer-sml-layout":"","theme-transparent-header-meta":"default","adv-header-id-meta":"","stick-header-meta":"default","header-above-stick-meta":"","header-main-stick-meta":"","header-below-stick-meta":"","astra-migrate-meta-layouts":"set","ast-page-background-enabled":"default","ast-page-background-meta":{"desktop":{"background-color":"","background-image":"","background-repeat":"repeat","background-position":"center center","background-size":"auto","background-attachment":"scroll","background-type":"","background-media":"","overlay-type":"","overlay-color":"","overlay-opacity":"","overlay-gradient":""},"tablet":{"background-color":"","background-image":"","background-repeat":"repeat","background-position":"center center","background-size":"auto","background-attachment":"scroll","background-type":"","background-media":"","overlay-type":"","overlay-color":"","overlay-opacity":"","overlay-gradient":""},"mobile":{"background-color":"","background-image":"","background-repeat":"repeat","background-position":"center center","background-size":"auto","background-attachment":"scroll","background-type":"","background-media":"","overlay-type":"","overlay-color":"","overlay-opacity":"","overlay-gradient":""}},"ast-content-background-meta":{"desktop":{"background-color":"var(--ast-global-color-5)","background-image":"","background-repeat":"repeat","background-position":"center center","background-size":"auto","background-attachment":"scroll","background-type":"","background-media":"","overlay-type":"","overlay-color":"","overlay-opacity":"","overlay-gradient":""},"tablet":{"background-color":"var(--ast-global-color-5)","background-image":"","background-repeat":"repeat","background-position":"center center","background-size":"auto","background-attachment":"scroll","background-type":"","background-media":"","overlay-type":"","overlay-color":"","overlay-opacity":"","overlay-gradient":""},"mobile":{"background-color":"var(--ast-global-color-5)","background-image":"","background-repeat":"repeat","background-position":"center center","background-size":"auto","background-attachment":"scroll","background-type":"","background-media":"","overlay-type":"","overlay-color":"","overlay-opacity":"","overlay-gradient":""}}},"product_brand":[],"product_cat":[50,20,64,28],"product_tag":[],"class_list":{"0":"post-1685","1":"product","2":"type-product","3":"status-publish","4":"has-post-thumbnail","6":"product_cat-concrete-form-accessories","7":"product_cat-concrete-wall-tie","8":"product_cat-concrete-flat-tie","9":"product_cat-concrete-forming","10":"desktop-align-left","11":"tablet-align-left","12":"mobile-align-left","13":"ast-product-gallery-layout-horizontal-slider","14":"ast-product-tabs-layout-horizontal","16":"first","17":"instock","18":"shipping-taxable","19":"purchasable","20":"product-type-simple"},"yoast_head":"<!-- This site is optimized with the Yoast SEO plugin v25.2 - https:\/\/yoast.com\/wordpress\/plugins\/seo\/ -->\n<title>Heavy Duty Concrete Forming X Flat Ties<\/title>\n<meta name=\"description\" content=\"X Flat Tie is a vital component in modern construction, offering improved strength, stability, and ease of use in concrete formwork.\" \/>\n<meta name=\"robots\" content=\"index, follow, max-snippet:-1, max-image-preview:large, max-video-preview:-1\" \/>\n<link rel=\"canonical\" href=\"https:\/\/qingdaohf.com\/fi\/tuote\/x-littea-solmio\/\" \/>\n<meta property=\"og:locale\" content=\"fi_FI\" \/>\n<meta property=\"og:type\" content=\"article\" \/>\n<meta property=\"og:title\" content=\"Heavy Duty Concrete Forming X Flat Ties\" \/>\n<meta property=\"og:description\" content=\"X Flat Tie is a vital component in modern construction, offering improved strength, stability, and ease of use in concrete formwork.\" \/>\n<meta property=\"og:url\" content=\"https:\/\/qingdaohf.com\/fi\/tuote\/x-littea-solmio\/\" \/>\n<meta property=\"og:site_name\" content=\"Concrete Form &amp; Rigging Hardware Supplier\" \/>\n<meta property=\"article:publisher\" content=\"https:\/\/www.facebook.com\/qingdaohf\" \/>\n<meta property=\"article:modified_time\" content=\"2025-11-13T01:06:58+00:00\" \/>\n<meta property=\"og:image\" content=\"https:\/\/qingdaohf.com\/wp-content\/uploads\/2023\/01\/X-FLAT-TIE-5.jpg\" \/>\n\t<meta property=\"og:image:width\" content=\"1000\" \/>\n\t<meta property=\"og:image:height\" content=\"1000\" \/>\n\t<meta property=\"og:image:type\" content=\"image\/jpeg\" \/>\n<meta name=\"twitter:card\" content=\"summary_large_image\" \/>\n<meta name=\"twitter:label1\" content=\"Arvioitu lukuaika\" \/>\n\t<meta name=\"twitter:data1\" content=\"2 minuuttia\" \/>\n<script type=\"application\/ld+json\" class=\"yoast-schema-graph\">{\"@context\":\"https:\/\/schema.org\",\"@graph\":[{\"@type\":\"WebPage\",\"@id\":\"https:\/\/qingdaohf.com\/product\/x-flat-tie\/\",\"url\":\"https:\/\/qingdaohf.com\/product\/x-flat-tie\/\",\"name\":\"Heavy Duty Concrete Forming X Flat Ties\",\"isPartOf\":{\"@id\":\"https:\/\/qingdaohf.com\/bg\/#website\"},\"primaryImageOfPage\":{\"@id\":\"https:\/\/qingdaohf.com\/product\/x-flat-tie\/#primaryimage\"},\"image\":{\"@id\":\"https:\/\/qingdaohf.com\/product\/x-flat-tie\/#primaryimage\"},\"thumbnailUrl\":\"https:\/\/qingdaohf.com\/wp-content\/uploads\/2023\/01\/X-FLAT-TIE-5.jpg\",\"datePublished\":\"2023-01-12T03:46:18+00:00\",\"dateModified\":\"2025-11-13T01:06:58+00:00\",\"description\":\"X Flat Tie is a vital component in modern construction, offering improved strength, stability, and ease of use in concrete formwork.\",\"breadcrumb\":{\"@id\":\"https:\/\/qingdaohf.com\/product\/x-flat-tie\/#breadcrumb\"},\"inLanguage\":\"fi\",\"potentialAction\":[{\"@type\":\"ReadAction\",\"target\":[\"https:\/\/qingdaohf.com\/product\/x-flat-tie\/\"]}]},{\"@type\":\"ImageObject\",\"inLanguage\":\"fi\",\"@id\":\"https:\/\/qingdaohf.com\/product\/x-flat-tie\/#primaryimage\",\"url\":\"https:\/\/qingdaohf.com\/wp-content\/uploads\/2023\/01\/X-FLAT-TIE-5.jpg\",\"contentUrl\":\"https:\/\/qingdaohf.com\/wp-content\/uploads\/2023\/01\/X-FLAT-TIE-5.jpg\",\"width\":1000,\"height\":1000,\"caption\":\"X FLAT TIE\"},{\"@type\":\"BreadcrumbList\",\"@id\":\"https:\/\/qingdaohf.com\/product\/x-flat-tie\/#breadcrumb\",\"itemListElement\":[{\"@type\":\"ListItem\",\"position\":1,\"name\":\"Home\",\"item\":\"https:\/\/qingdaohf.com\/\"},{\"@type\":\"ListItem\",\"position\":2,\"name\":\"Concrete Forming Accessories and Rigging Hardware\",\"item\":\"https:\/\/qingdaohf.com\/bg\/?page_id=944\"},{\"@type\":\"ListItem\",\"position\":3,\"name\":\"Heavy Duty Concrete Forming X Flat Ties\"}]},{\"@type\":\"WebSite\",\"@id\":\"https:\/\/qingdaohf.com\/bg\/#website\",\"url\":\"https:\/\/qingdaohf.com\/bg\/\",\"name\":\"Concrete Form & Rigging Hardware Supplier\",\"description\":\"\",\"publisher\":{\"@id\":\"https:\/\/qingdaohf.com\/bg\/#organization\"},\"potentialAction\":[{\"@type\":\"SearchAction\",\"target\":{\"@type\":\"EntryPoint\",\"urlTemplate\":\"https:\/\/qingdaohf.com\/bg\/?s={search_term_string}\"},\"query-input\":{\"@type\":\"PropertyValueSpecification\",\"valueRequired\":true,\"valueName\":\"search_term_string\"}}],\"inLanguage\":\"fi\"},{\"@type\":\"Organization\",\"@id\":\"https:\/\/qingdaohf.com\/bg\/#organization\",\"name\":\"Qingdao H&F\",\"url\":\"https:\/\/qingdaohf.com\/bg\/\",\"logo\":{\"@type\":\"ImageObject\",\"inLanguage\":\"fi\",\"@id\":\"https:\/\/qingdaohf.com\/bg\/#\/schema\/logo\/image\/\",\"url\":\"https:\/\/qingdaohf.com\/wp-content\/uploads\/2022\/12\/cropped-HF-LOGO.png\",\"contentUrl\":\"https:\/\/qingdaohf.com\/wp-content\/uploads\/2022\/12\/cropped-HF-LOGO.png\",\"width\":391,\"height\":249,\"caption\":\"Qingdao H&F\"},\"image\":{\"@id\":\"https:\/\/qingdaohf.com\/bg\/#\/schema\/logo\/image\/\"},\"sameAs\":[\"https:\/\/www.facebook.com\/qingdaohf\"]}]}<\/script>\n<!-- \/ Yoast SEO plugin. -->","yoast_head_json":{"title":"Heavy Duty Concrete Forming X Flat Ties","description":"X Flat Tie is a vital component in modern construction, offering improved strength, stability, and ease of use in concrete formwork.","robots":{"index":"index","follow":"follow","max-snippet":"max-snippet:-1","max-image-preview":"max-image-preview:large","max-video-preview":"max-video-preview:-1"},"canonical":"https:\/\/qingdaohf.com\/fi\/tuote\/x-littea-solmio\/","og_locale":"fi_FI","og_type":"article","og_title":"Heavy Duty Concrete Forming X Flat Ties","og_description":"X Flat Tie is a vital component in modern construction, offering improved strength, stability, and ease of use in concrete formwork.","og_url":"https:\/\/qingdaohf.com\/fi\/tuote\/x-littea-solmio\/","og_site_name":"Concrete Form &amp; Rigging Hardware Supplier","article_publisher":"https:\/\/www.facebook.com\/qingdaohf","article_modified_time":"2025-11-13T01:06:58+00:00","og_image":[{"width":1000,"height":1000,"url":"https:\/\/qingdaohf.com\/wp-content\/uploads\/2023\/01\/X-FLAT-TIE-5.jpg","type":"image\/jpeg"}],"twitter_card":"summary_large_image","twitter_misc":{"Arvioitu lukuaika":"2 minuuttia"},"schema":{"@context":"https:\/\/schema.org","@graph":[{"@type":"WebPage","@id":"https:\/\/qingdaohf.com\/product\/x-flat-tie\/","url":"https:\/\/qingdaohf.com\/product\/x-flat-tie\/","name":"Heavy Duty Concrete Forming X Flat Ties","isPartOf":{"@id":"https:\/\/qingdaohf.com\/bg\/#website"},"primaryImageOfPage":{"@id":"https:\/\/qingdaohf.com\/product\/x-flat-tie\/#primaryimage"},"image":{"@id":"https:\/\/qingdaohf.com\/product\/x-flat-tie\/#primaryimage"},"thumbnailUrl":"https:\/\/qingdaohf.com\/wp-content\/uploads\/2023\/01\/X-FLAT-TIE-5.jpg","datePublished":"2023-01-12T03:46:18+00:00","dateModified":"2025-11-13T01:06:58+00:00","description":"X Flat Tie is a vital component in modern construction, offering improved strength, stability, and ease of use in concrete formwork.","breadcrumb":{"@id":"https:\/\/qingdaohf.com\/product\/x-flat-tie\/#breadcrumb"},"inLanguage":"fi","potentialAction":[{"@type":"ReadAction","target":["https:\/\/qingdaohf.com\/product\/x-flat-tie\/"]}]},{"@type":"ImageObject","inLanguage":"fi","@id":"https:\/\/qingdaohf.com\/product\/x-flat-tie\/#primaryimage","url":"https:\/\/qingdaohf.com\/wp-content\/uploads\/2023\/01\/X-FLAT-TIE-5.jpg","contentUrl":"https:\/\/qingdaohf.com\/wp-content\/uploads\/2023\/01\/X-FLAT-TIE-5.jpg","width":1000,"height":1000,"caption":"X FLAT TIE"},{"@type":"BreadcrumbList","@id":"https:\/\/qingdaohf.com\/product\/x-flat-tie\/#breadcrumb","itemListElement":[{"@type":"ListItem","position":1,"name":"Home","item":"https:\/\/qingdaohf.com\/"},{"@type":"ListItem","position":2,"name":"Concrete Forming Accessories and Rigging Hardware","item":"https:\/\/qingdaohf.com\/bg\/?page_id=944"},{"@type":"ListItem","position":3,"name":"Heavy Duty Concrete Forming X Flat Ties"}]},{"@type":"WebSite","@id":"https:\/\/qingdaohf.com\/bg\/#website","url":"https:\/\/qingdaohf.com\/bg\/","name":"Concrete Form & Rigging Hardware Supplier","description":"","publisher":{"@id":"https:\/\/qingdaohf.com\/bg\/#organization"},"potentialAction":[{"@type":"SearchAction","target":{"@type":"EntryPoint","urlTemplate":"https:\/\/qingdaohf.com\/bg\/?s={search_term_string}"},"query-input":{"@type":"PropertyValueSpecification","valueRequired":true,"valueName":"search_term_string"}}],"inLanguage":"fi"},{"@type":"Organization","@id":"https:\/\/qingdaohf.com\/bg\/#organization","name":"Qingdao H&F","url":"https:\/\/qingdaohf.com\/bg\/","logo":{"@type":"ImageObject","inLanguage":"fi","@id":"https:\/\/qingdaohf.com\/bg\/#\/schema\/logo\/image\/","url":"https:\/\/qingdaohf.com\/wp-content\/uploads\/2022\/12\/cropped-HF-LOGO.png","contentUrl":"https:\/\/qingdaohf.com\/wp-content\/uploads\/2022\/12\/cropped-HF-LOGO.png","width":391,"height":249,"caption":"Qingdao H&F"},"image":{"@id":"https:\/\/qingdaohf.com\/bg\/#\/schema\/logo\/image\/"},"sameAs":["https:\/\/www.facebook.com\/qingdaohf"]}]}},"_links":{"self":[{"href":"https:\/\/qingdaohf.com\/fi\/wp-json\/wp\/v2\/product\/1685","targetHints":{"allow":["GET"]}}],"collection":[{"href":"https:\/\/qingdaohf.com\/fi\/wp-json\/wp\/v2\/product"}],"about":[{"href":"https:\/\/qingdaohf.com\/fi\/wp-json\/wp\/v2\/types\/product"}],"replies":[{"embeddable":true,"href":"https:\/\/qingdaohf.com\/fi\/wp-json\/wp\/v2\/comments?post=1685"}],"version-history":[{"count":25,"href":"https:\/\/qingdaohf.com\/fi\/wp-json\/wp\/v2\/product\/1685\/revisions"}],"predecessor-version":[{"id":10249,"href":"https:\/\/qingdaohf.com\/fi\/wp-json\/wp\/v2\/product\/1685\/revisions\/10249"}],"wp:featuredmedia":[{"embeddable":true,"href":"https:\/\/qingdaohf.com\/fi\/wp-json\/wp\/v2\/media\/4700"}],"wp:attachment":[{"href":"https:\/\/qingdaohf.com\/fi\/wp-json\/wp\/v2\/media?parent=1685"}],"wp:term":[{"taxonomy":"product_brand","embeddable":true,"href":"https:\/\/qingdaohf.com\/fi\/wp-json\/wp\/v2\/product_brand?post=1685"},{"taxonomy":"product_cat","embeddable":true,"href":"https:\/\/qingdaohf.com\/fi\/wp-json\/wp\/v2\/product_cat?post=1685"},{"taxonomy":"product_tag","embeddable":true,"href":"https:\/\/qingdaohf.com\/fi\/wp-json\/wp\/v2\/product_tag?post=1685"}],"curies":[{"name":"wp","href":"https:\/\/api.w.org\/{rel}","templated":true}]}}