{"id":1704,"date":"2023-01-14T14:49:45","date_gmt":"2023-01-14T06:49:45","guid":{"rendered":"http:\/\/qingdaohf.com\/?post_type=product&#038;p=1704"},"modified":"2025-11-13T09:06:57","modified_gmt":"2025-11-13T01:06:57","slug":"long-wedge-bolt","status":"publish","type":"product","link":"https:\/\/qingdaohf.com\/fi\/tuote\/pitka-kiilapultti\/","title":{"rendered":"Pitk\u00e4 kiilapultti"},"content":{"rendered":"<p>Pitk\u00e4 kiilapultti on kiinnitystyyppi, jota k\u00e4ytet\u00e4\u00e4n yleisesti betonin muotoilussa. Se on suunniteltu kiinnitt\u00e4m\u00e4\u00e4n kaksi tai useampi muottilevy turvallisesti toisiinsa luodakseen tiiviin ja vahvan tiivisteen, joka kest\u00e4\u00e4 valetun betonin paineen ja painon.<\/p>\n<p>Pitk\u00e4 kiilapultti koostuu pitk\u00e4st\u00e4, kierteitetyst\u00e4 akselista, jossa on kartiomainen, ter\u00e4v\u00e4 p\u00e4\u00e4 ja suuri, litte\u00e4 p\u00e4\u00e4. Kartiomainen p\u00e4\u00e4 ty\u00f6nnet\u00e4\u00e4n muotopaneeliin esiporattuun reik\u00e4\u00e4n ja kiristet\u00e4\u00e4n jakoavaimella tai hylsyll\u00e4, jolloin kiilan muoto laajenee ja lukitsee paneelin paikalleen.<\/p>\n<p>Yksi pitk\u00e4n kiilapultin t\u00e4rkeimmist\u00e4 eduista on sen kyky luoda eritt\u00e4in tiivis tiiviste muotopaneelien v\u00e4lille. T\u00e4m\u00e4 auttaa est\u00e4m\u00e4\u00e4n betonin vuotamisen ja vuotamisen, mik\u00e4 voi vaarantaa lopullisen rakenteen eheyden.<\/p>\n<p>Pitk\u00e4t kiilapultit valmistetaan yleens\u00e4 lujasta ter\u00e4ksest\u00e4 tai muista kest\u00e4vist\u00e4 materiaaleista, jotka kest\u00e4v\u00e4t betonin muotoiluun liittyv\u00e4t suuret kuormat ja rasitukset. Niit\u00e4 on saatavana useina pituuksina ja halkaisijoina erityyppisten muottien ja betoniprojektien tarpeisiin.<\/p>\n<div class=\"ast-oembed-container\" style=\"height: 100%;\"><iframe title=\"Vakio kiilapultti, yhdistelm\u00e4tappi, py\u00f6re\u00e4k\u00e4rkinen tappi\" width=\"500\" height=\"281\" src=\"https:\/\/www.youtube.com\/embed\/8-Jk5w-PzSU?feature=oembed\" frameborder=\"0\" allow=\"accelerometer; autoplay; clipboard-write; encrypted-media; gyroscope; picture-in-picture; web-share\" referrerpolicy=\"strict-origin-when-cross-origin\" allowfullscreen><\/iframe><\/div>\n<h3><strong>Raskas x litte\u00e4 solmio<\/strong><\/h3>\n<p><img fetchpriority=\"high\" decoding=\"async\" class=\"alignnone size-medium wp-image-9142\" src=\"http:\/\/qingdaohf.com\/wp-content\/uploads\/2025\/03\/x-flat-tie-2-300x300.webp\" alt=\"x litte\u00e4 solmio \" width=\"300\" height=\"300\" srcset=\"https:\/\/qingdaohf.com\/wp-content\/uploads\/2025\/03\/x-flat-tie-2-300x300.webp 300w, https:\/\/qingdaohf.com\/wp-content\/uploads\/2025\/03\/x-flat-tie-2-150x150.webp 150w, https:\/\/qingdaohf.com\/wp-content\/uploads\/2025\/03\/x-flat-tie-2-768x768.webp 768w, https:\/\/qingdaohf.com\/wp-content\/uploads\/2025\/03\/x-flat-tie-2-12x12.webp 12w, https:\/\/qingdaohf.com\/wp-content\/uploads\/2025\/03\/x-flat-tie-2-500x500.webp 500w, https:\/\/qingdaohf.com\/wp-content\/uploads\/2025\/03\/x-flat-tie-2-100x100.webp 100w, https:\/\/qingdaohf.com\/wp-content\/uploads\/2025\/03\/x-flat-tie-2.webp 1000w\" sizes=\"(max-width: 300px) 100vw, 300px\" \/><\/p>\n\n<table id=\"tablepress-11\" class=\"tablepress tablepress-id-11\">\n<thead>\n<tr class=\"row-1\">\n\t<th class=\"column-1\">Koko<\/th><th class=\"column-2\">Yksikk\u00f6<\/th><th class=\"column-3\">Kuormalava<\/th><th class=\"column-4\">Paino (kg)<\/th><th class=\"column-5\">Lopullinen kuormitus (lbs)<\/th>\n<\/tr>\n<\/thead>\n<tbody class=\"row-striping row-hover\">\n<tr class=\"row-2\">\n\t<td class=\"column-1\">4\"<\/td><td class=\"column-2\">100kpl\/laatikko<\/td><td class=\"column-3\">10000kpl\/lava<\/td><td class=\"column-4\">0.1240<\/td><td class=\"column-5\">7000<\/td>\n<\/tr>\n<tr class=\"row-3\">\n\t<td class=\"column-1\">6\"<\/td><td class=\"column-2\">100kpl\/laatikko<\/td><td class=\"column-3\">10000kpl\/lava<\/td><td class=\"column-4\">0.1429<\/td><td class=\"column-5\">7000<\/td>\n<\/tr>\n<tr class=\"row-4\">\n\t<td class=\"column-1\">8\"<\/td><td class=\"column-2\">100kpl\/laatikko<\/td><td class=\"column-3\">10000kpl\/lava<\/td><td class=\"column-4\">0.1684<\/td><td class=\"column-5\">7000<\/td>\n<\/tr>\n<tr class=\"row-5\">\n\t<td class=\"column-1\">10\"<\/td><td class=\"column-2\">100kpl\/laatikko<\/td><td class=\"column-3\">10000kpl\/lava<\/td><td class=\"column-4\">0.1939<\/td><td class=\"column-5\">7000<\/td>\n<\/tr>\n<tr class=\"row-6\">\n\t<td class=\"column-1\">12\"<\/td><td class=\"column-2\">100kpl\/laatikko<\/td><td class=\"column-3\">10000kpl\/lava<\/td><td class=\"column-4\">0.2195<\/td><td class=\"column-5\">7000<\/td>\n<\/tr>\n<tr class=\"row-7\">\n\t<td class=\"column-1\">14\"<\/td><td class=\"column-2\">100kpl\/laatikko<\/td><td class=\"column-3\">5000kpl\/lava<\/td><td class=\"column-4\">0.2450<\/td><td class=\"column-5\">7000<\/td>\n<\/tr>\n<tr class=\"row-8\">\n\t<td class=\"column-1\">16\"<\/td><td class=\"column-2\">100kpl\/laatikko<\/td><td class=\"column-3\">5000kpl\/lava<\/td><td class=\"column-4\">0.2705<\/td><td class=\"column-5\">7000<\/td>\n<\/tr>\n<tr class=\"row-9\">\n\t<td class=\"column-1\">18\"<\/td><td class=\"column-2\">50kpl\/nippu<\/td><td class=\"column-3\">5000kpl\/lava<\/td><td class=\"column-4\">0.2960<\/td><td class=\"column-5\">7000<\/td>\n<\/tr>\n<tr class=\"row-10\">\n\t<td class=\"column-1\">20\"<\/td><td class=\"column-2\">50kpl\/nippu<\/td><td class=\"column-3\">2500kpl\/lava<\/td><td class=\"column-4\">0.3215<\/td><td class=\"column-5\">7000<\/td>\n<\/tr>\n<tr class=\"row-11\">\n\t<td class=\"column-1\">22\"<\/td><td class=\"column-2\">50kpl\/nippu<\/td><td class=\"column-3\">2500kpl\/lava<\/td><td class=\"column-4\">0.3470<\/td><td class=\"column-5\">7000<\/td>\n<\/tr>\n<\/tbody>\n<\/table>\n<!-- #tablepress-11 from cache -->","protected":false},"excerpt":{"rendered":"<p>Pitk\u00e4 kiilapultti, vakio kiilapultti, s\u00e4\u00e4dett\u00e4v\u00e4 kiilapultti.Ammattimaiset toimittajat tukevat r\u00e4\u00e4t\u00e4l\u00f6inti\u00e4.<\/p>","protected":false},"featured_media":2856,"comment_status":"open","ping_status":"closed","template":"","meta":{"site-sidebar-layout":"default","site-content-layout":"default","ast-site-content-layout":"default","site-content-style":"default","site-sidebar-style":"default","ast-global-header-display":"","ast-banner-title-visibility":"","ast-main-header-display":"","ast-hfb-above-header-display":"","ast-hfb-below-header-display":"","ast-hfb-mobile-header-display":"","site-post-title":"","ast-breadcrumbs-content":"","ast-featured-img":"","footer-sml-layout":"","theme-transparent-header-meta":"default","adv-header-id-meta":"","stick-header-meta":"default","header-above-stick-meta":"","header-main-stick-meta":"","header-below-stick-meta":"","astra-migrate-meta-layouts":"set","ast-page-background-enabled":"default","ast-page-background-meta":{"desktop":{"background-color":"","background-image":"","background-repeat":"repeat","background-position":"center center","background-size":"auto","background-attachment":"scroll","background-type":"","background-media":"","overlay-type":"","overlay-color":"","overlay-opacity":"","overlay-gradient":""},"tablet":{"background-color":"","background-image":"","background-repeat":"repeat","background-position":"center center","background-size":"auto","background-attachment":"scroll","background-type":"","background-media":"","overlay-type":"","overlay-color":"","overlay-opacity":"","overlay-gradient":""},"mobile":{"background-color":"","background-image":"","background-repeat":"repeat","background-position":"center center","background-size":"auto","background-attachment":"scroll","background-type":"","background-media":"","overlay-type":"","overlay-color":"","overlay-opacity":"","overlay-gradient":""}},"ast-content-background-meta":{"desktop":{"background-color":"var(--ast-global-color-5)","background-image":"","background-repeat":"repeat","background-position":"center center","background-size":"auto","background-attachment":"scroll","background-type":"","background-media":"","overlay-type":"","overlay-color":"","overlay-opacity":"","overlay-gradient":""},"tablet":{"background-color":"var(--ast-global-color-5)","background-image":"","background-repeat":"repeat","background-position":"center center","background-size":"auto","background-attachment":"scroll","background-type":"","background-media":"","overlay-type":"","overlay-color":"","overlay-opacity":"","overlay-gradient":""},"mobile":{"background-color":"var(--ast-global-color-5)","background-image":"","background-repeat":"repeat","background-position":"center center","background-size":"auto","background-attachment":"scroll","background-type":"","background-media":"","overlay-type":"","overlay-color":"","overlay-opacity":"","overlay-gradient":""}}},"product_brand":[],"product_cat":[50,20,64],"product_tag":[],"class_list":{"0":"post-1704","1":"product","2":"type-product","3":"status-publish","4":"has-post-thumbnail","6":"product_cat-concrete-form-accessories","7":"product_cat-concrete-wall-tie","8":"product_cat-concrete-flat-tie","9":"desktop-align-left","10":"tablet-align-left","11":"mobile-align-left","12":"ast-product-gallery-layout-horizontal-slider","13":"ast-product-tabs-layout-horizontal","15":"first","16":"instock","17":"shipping-taxable","18":"purchasable","19":"product-type-simple"},"yoast_head":"<!-- This site is optimized with the Yoast SEO plugin v25.2 - https:\/\/yoast.com\/wordpress\/plugins\/seo\/ -->\n<title>Long Wedge Bolt<\/title>\n<meta name=\"description\" content=\"Long wedge bolt,standard wedge bolt,adjustable wedge bolt.Professional suppliers support customization.\" \/>\n<meta name=\"robots\" content=\"index, follow, max-snippet:-1, max-image-preview:large, max-video-preview:-1\" \/>\n<link rel=\"canonical\" href=\"https:\/\/qingdaohf.com\/fi\/tuote\/pitka-kiilapultti\/\" \/>\n<meta property=\"og:locale\" content=\"fi_FI\" \/>\n<meta property=\"og:type\" content=\"article\" \/>\n<meta property=\"og:title\" content=\"Long Wedge Bolt\" \/>\n<meta property=\"og:description\" content=\"Long wedge bolt,standard wedge bolt,adjustable wedge bolt.Professional suppliers support customization.\" \/>\n<meta property=\"og:url\" content=\"https:\/\/qingdaohf.com\/fi\/tuote\/pitka-kiilapultti\/\" \/>\n<meta property=\"og:site_name\" content=\"Concrete Form &amp; Rigging Hardware Supplier\" \/>\n<meta property=\"article:publisher\" content=\"https:\/\/www.facebook.com\/qingdaohf\" \/>\n<meta property=\"article:modified_time\" content=\"2025-11-13T01:06:57+00:00\" \/>\n<meta property=\"og:image\" content=\"https:\/\/qingdaohf.com\/wp-content\/uploads\/2023\/01\/long-wedge-bolt-2.jpg\" \/>\n\t<meta property=\"og:image:width\" content=\"1000\" \/>\n\t<meta property=\"og:image:height\" content=\"1000\" \/>\n\t<meta property=\"og:image:type\" content=\"image\/jpeg\" \/>\n<meta name=\"twitter:card\" content=\"summary_large_image\" \/>\n<meta name=\"twitter:label1\" content=\"Arvioitu lukuaika\" \/>\n\t<meta name=\"twitter:data1\" content=\"2 minuuttia\" \/>\n<script type=\"application\/ld+json\" class=\"yoast-schema-graph\">{\"@context\":\"https:\/\/schema.org\",\"@graph\":[{\"@type\":\"WebPage\",\"@id\":\"https:\/\/qingdaohf.com\/product\/long-wedge-bolt\/\",\"url\":\"https:\/\/qingdaohf.com\/product\/long-wedge-bolt\/\",\"name\":\"Long Wedge Bolt\",\"isPartOf\":{\"@id\":\"https:\/\/qingdaohf.com\/bg\/#website\"},\"primaryImageOfPage\":{\"@id\":\"https:\/\/qingdaohf.com\/product\/long-wedge-bolt\/#primaryimage\"},\"image\":{\"@id\":\"https:\/\/qingdaohf.com\/product\/long-wedge-bolt\/#primaryimage\"},\"thumbnailUrl\":\"https:\/\/qingdaohf.com\/wp-content\/uploads\/2023\/01\/long-wedge-bolt-2.jpg\",\"datePublished\":\"2023-01-14T06:49:45+00:00\",\"dateModified\":\"2025-11-13T01:06:57+00:00\",\"description\":\"Long wedge bolt,standard wedge bolt,adjustable wedge bolt.Professional suppliers support customization.\",\"breadcrumb\":{\"@id\":\"https:\/\/qingdaohf.com\/product\/long-wedge-bolt\/#breadcrumb\"},\"inLanguage\":\"fi\",\"potentialAction\":[{\"@type\":\"ReadAction\",\"target\":[\"https:\/\/qingdaohf.com\/product\/long-wedge-bolt\/\"]}]},{\"@type\":\"ImageObject\",\"inLanguage\":\"fi\",\"@id\":\"https:\/\/qingdaohf.com\/product\/long-wedge-bolt\/#primaryimage\",\"url\":\"https:\/\/qingdaohf.com\/wp-content\/uploads\/2023\/01\/long-wedge-bolt-2.jpg\",\"contentUrl\":\"https:\/\/qingdaohf.com\/wp-content\/uploads\/2023\/01\/long-wedge-bolt-2.jpg\",\"width\":1000,\"height\":1000,\"caption\":\"long wedge bolt\"},{\"@type\":\"BreadcrumbList\",\"@id\":\"https:\/\/qingdaohf.com\/product\/long-wedge-bolt\/#breadcrumb\",\"itemListElement\":[{\"@type\":\"ListItem\",\"position\":1,\"name\":\"Home\",\"item\":\"https:\/\/qingdaohf.com\/\"},{\"@type\":\"ListItem\",\"position\":2,\"name\":\"Concrete Forming Accessories and Rigging Hardware\",\"item\":\"https:\/\/qingdaohf.com\/bg\/?page_id=944\"},{\"@type\":\"ListItem\",\"position\":3,\"name\":\"Long Wedge Bolt\"}]},{\"@type\":\"WebSite\",\"@id\":\"https:\/\/qingdaohf.com\/bg\/#website\",\"url\":\"https:\/\/qingdaohf.com\/bg\/\",\"name\":\"Concrete Form & Rigging Hardware Supplier\",\"description\":\"\",\"publisher\":{\"@id\":\"https:\/\/qingdaohf.com\/bg\/#organization\"},\"potentialAction\":[{\"@type\":\"SearchAction\",\"target\":{\"@type\":\"EntryPoint\",\"urlTemplate\":\"https:\/\/qingdaohf.com\/bg\/?s={search_term_string}\"},\"query-input\":{\"@type\":\"PropertyValueSpecification\",\"valueRequired\":true,\"valueName\":\"search_term_string\"}}],\"inLanguage\":\"fi\"},{\"@type\":\"Organization\",\"@id\":\"https:\/\/qingdaohf.com\/bg\/#organization\",\"name\":\"Qingdao H&F\",\"url\":\"https:\/\/qingdaohf.com\/bg\/\",\"logo\":{\"@type\":\"ImageObject\",\"inLanguage\":\"fi\",\"@id\":\"https:\/\/qingdaohf.com\/bg\/#\/schema\/logo\/image\/\",\"url\":\"https:\/\/qingdaohf.com\/wp-content\/uploads\/2022\/12\/cropped-HF-LOGO.png\",\"contentUrl\":\"https:\/\/qingdaohf.com\/wp-content\/uploads\/2022\/12\/cropped-HF-LOGO.png\",\"width\":391,\"height\":249,\"caption\":\"Qingdao H&F\"},\"image\":{\"@id\":\"https:\/\/qingdaohf.com\/bg\/#\/schema\/logo\/image\/\"},\"sameAs\":[\"https:\/\/www.facebook.com\/qingdaohf\"]}]}<\/script>\n<!-- \/ Yoast SEO plugin. -->","yoast_head_json":{"title":"Long Wedge Bolt","description":"Long wedge bolt,standard wedge bolt,adjustable wedge bolt.Professional suppliers support customization.","robots":{"index":"index","follow":"follow","max-snippet":"max-snippet:-1","max-image-preview":"max-image-preview:large","max-video-preview":"max-video-preview:-1"},"canonical":"https:\/\/qingdaohf.com\/fi\/tuote\/pitka-kiilapultti\/","og_locale":"fi_FI","og_type":"article","og_title":"Long Wedge Bolt","og_description":"Long wedge bolt,standard wedge bolt,adjustable wedge bolt.Professional suppliers support customization.","og_url":"https:\/\/qingdaohf.com\/fi\/tuote\/pitka-kiilapultti\/","og_site_name":"Concrete Form &amp; Rigging Hardware Supplier","article_publisher":"https:\/\/www.facebook.com\/qingdaohf","article_modified_time":"2025-11-13T01:06:57+00:00","og_image":[{"width":1000,"height":1000,"url":"https:\/\/qingdaohf.com\/wp-content\/uploads\/2023\/01\/long-wedge-bolt-2.jpg","type":"image\/jpeg"}],"twitter_card":"summary_large_image","twitter_misc":{"Arvioitu lukuaika":"2 minuuttia"},"schema":{"@context":"https:\/\/schema.org","@graph":[{"@type":"WebPage","@id":"https:\/\/qingdaohf.com\/product\/long-wedge-bolt\/","url":"https:\/\/qingdaohf.com\/product\/long-wedge-bolt\/","name":"Long Wedge Bolt","isPartOf":{"@id":"https:\/\/qingdaohf.com\/bg\/#website"},"primaryImageOfPage":{"@id":"https:\/\/qingdaohf.com\/product\/long-wedge-bolt\/#primaryimage"},"image":{"@id":"https:\/\/qingdaohf.com\/product\/long-wedge-bolt\/#primaryimage"},"thumbnailUrl":"https:\/\/qingdaohf.com\/wp-content\/uploads\/2023\/01\/long-wedge-bolt-2.jpg","datePublished":"2023-01-14T06:49:45+00:00","dateModified":"2025-11-13T01:06:57+00:00","description":"Long wedge bolt,standard wedge bolt,adjustable wedge bolt.Professional suppliers support customization.","breadcrumb":{"@id":"https:\/\/qingdaohf.com\/product\/long-wedge-bolt\/#breadcrumb"},"inLanguage":"fi","potentialAction":[{"@type":"ReadAction","target":["https:\/\/qingdaohf.com\/product\/long-wedge-bolt\/"]}]},{"@type":"ImageObject","inLanguage":"fi","@id":"https:\/\/qingdaohf.com\/product\/long-wedge-bolt\/#primaryimage","url":"https:\/\/qingdaohf.com\/wp-content\/uploads\/2023\/01\/long-wedge-bolt-2.jpg","contentUrl":"https:\/\/qingdaohf.com\/wp-content\/uploads\/2023\/01\/long-wedge-bolt-2.jpg","width":1000,"height":1000,"caption":"long wedge bolt"},{"@type":"BreadcrumbList","@id":"https:\/\/qingdaohf.com\/product\/long-wedge-bolt\/#breadcrumb","itemListElement":[{"@type":"ListItem","position":1,"name":"Home","item":"https:\/\/qingdaohf.com\/"},{"@type":"ListItem","position":2,"name":"Concrete Forming Accessories and Rigging Hardware","item":"https:\/\/qingdaohf.com\/bg\/?page_id=944"},{"@type":"ListItem","position":3,"name":"Long Wedge Bolt"}]},{"@type":"WebSite","@id":"https:\/\/qingdaohf.com\/bg\/#website","url":"https:\/\/qingdaohf.com\/bg\/","name":"Concrete Form & Rigging Hardware Supplier","description":"","publisher":{"@id":"https:\/\/qingdaohf.com\/bg\/#organization"},"potentialAction":[{"@type":"SearchAction","target":{"@type":"EntryPoint","urlTemplate":"https:\/\/qingdaohf.com\/bg\/?s={search_term_string}"},"query-input":{"@type":"PropertyValueSpecification","valueRequired":true,"valueName":"search_term_string"}}],"inLanguage":"fi"},{"@type":"Organization","@id":"https:\/\/qingdaohf.com\/bg\/#organization","name":"Qingdao H&F","url":"https:\/\/qingdaohf.com\/bg\/","logo":{"@type":"ImageObject","inLanguage":"fi","@id":"https:\/\/qingdaohf.com\/bg\/#\/schema\/logo\/image\/","url":"https:\/\/qingdaohf.com\/wp-content\/uploads\/2022\/12\/cropped-HF-LOGO.png","contentUrl":"https:\/\/qingdaohf.com\/wp-content\/uploads\/2022\/12\/cropped-HF-LOGO.png","width":391,"height":249,"caption":"Qingdao H&F"},"image":{"@id":"https:\/\/qingdaohf.com\/bg\/#\/schema\/logo\/image\/"},"sameAs":["https:\/\/www.facebook.com\/qingdaohf"]}]}},"_links":{"self":[{"href":"https:\/\/qingdaohf.com\/fi\/wp-json\/wp\/v2\/product\/1704","targetHints":{"allow":["GET"]}}],"collection":[{"href":"https:\/\/qingdaohf.com\/fi\/wp-json\/wp\/v2\/product"}],"about":[{"href":"https:\/\/qingdaohf.com\/fi\/wp-json\/wp\/v2\/types\/product"}],"replies":[{"embeddable":true,"href":"https:\/\/qingdaohf.com\/fi\/wp-json\/wp\/v2\/comments?post=1704"}],"version-history":[{"count":9,"href":"https:\/\/qingdaohf.com\/fi\/wp-json\/wp\/v2\/product\/1704\/revisions"}],"predecessor-version":[{"id":10251,"href":"https:\/\/qingdaohf.com\/fi\/wp-json\/wp\/v2\/product\/1704\/revisions\/10251"}],"wp:featuredmedia":[{"embeddable":true,"href":"https:\/\/qingdaohf.com\/fi\/wp-json\/wp\/v2\/media\/2856"}],"wp:attachment":[{"href":"https:\/\/qingdaohf.com\/fi\/wp-json\/wp\/v2\/media?parent=1704"}],"wp:term":[{"taxonomy":"product_brand","embeddable":true,"href":"https:\/\/qingdaohf.com\/fi\/wp-json\/wp\/v2\/product_brand?post=1704"},{"taxonomy":"product_cat","embeddable":true,"href":"https:\/\/qingdaohf.com\/fi\/wp-json\/wp\/v2\/product_cat?post=1704"},{"taxonomy":"product_tag","embeddable":true,"href":"https:\/\/qingdaohf.com\/fi\/wp-json\/wp\/v2\/product_tag?post=1704"}],"curies":[{"name":"wp","href":"https:\/\/api.w.org\/{rel}","templated":true}]}}