{"id":1941,"date":"2023-02-03T16:08:51","date_gmt":"2023-02-03T08:08:51","guid":{"rendered":"http:\/\/qingdaohf.com\/?post_type=product&#038;p=1941"},"modified":"2025-11-13T09:06:38","modified_gmt":"2025-11-13T01:06:38","slug":"square-flat-washers","status":"publish","type":"product","link":"https:\/\/qingdaohf.com\/fi\/tuote\/neliskanttiset-litteat-aluslevyt\/","title":{"rendered":"Betonimuotin neli\u00f6nmuotoiset litte\u00e4t aluslevyt"},"content":{"rendered":"<p>Nelikulmaiset litte\u00e4t aluslaatat ovat olennainen osa betonivalua, eli rakenteiden luomista valetun betonin avulla. N\u00e4m\u00e4 aluslevyt on tyypillisesti valmistettu ter\u00e4ksest\u00e4, ja ne ovat neli\u00f6n muotoisia, ja niiden keskell\u00e4 on reik\u00e4. Niit\u00e4 k\u00e4ytet\u00e4\u00e4n jakamaan kiinnittimen kuormitus tasaisesti suuremmalle pinta-alalle, mik\u00e4 v\u00e4hent\u00e4\u00e4 betonimuotin halkeamisen tai halkeilun riski\u00e4 paineen alla.<\/p>\n<p>Betonin muotoilussa neliskanttinen litte\u00e4 aluslevy asetetaan pultin p\u00e4\u00e4n tai mutterin ja muotin v\u00e4liin. T\u00e4m\u00e4 luo vakaamman ja varmemman liitoksen, joka on v\u00e4ltt\u00e4m\u00e4t\u00f6n muovattavan rakenteen lujuuden ja eheyden kannalta. Aluslevyj\u00e4 k\u00e4ytet\u00e4\u00e4n yleisesti my\u00f6s muiden muottilaitteiden, kuten siipimutterien ja sidontatankojen, yhteydess\u00e4.<\/p>\n<p>Betonin muotoilussa k\u00e4ytett\u00e4v\u00e4n neli\u00f6nmuotoisen litte\u00e4n aluslevyn koko voi vaihdella muotoiltavan rakenteen koon ja painon mukaan. Niiden koko vaihtelee kuitenkin tyypillisesti 1 tuuman ja 4 tuuman v\u00e4lill\u00e4, ja niit\u00e4 on saatavana eri paksuuksina erityisten kuormitusvaatimusten t\u00e4ytt\u00e4miseksi.<\/p>\n<p><img fetchpriority=\"high\" decoding=\"async\" class=\"alignnone size-full wp-image-1979\" src=\"http:\/\/qingdaohf.com\/wp-content\/uploads\/2023\/02\/Square-Flat-Washers-data.png\" alt=\"Nelikulmaiset litte\u00e4t aluslevyt\" width=\"696\" height=\"402\" srcset=\"https:\/\/qingdaohf.com\/wp-content\/uploads\/2023\/02\/Square-Flat-Washers-data.png 696w, https:\/\/qingdaohf.com\/wp-content\/uploads\/2023\/02\/Square-Flat-Washers-data-300x173.png 300w, https:\/\/qingdaohf.com\/wp-content\/uploads\/2023\/02\/Square-Flat-Washers-data-600x347.png 600w\" sizes=\"(max-width: 696px) 100vw, 696px\" \/> <img decoding=\"async\" class=\"alignnone size-full wp-image-1980\" src=\"http:\/\/qingdaohf.com\/wp-content\/uploads\/2023\/02\/Square-Flat-Washers.png\" alt=\"Nelikulmaiset litte\u00e4t aluslevyt\" width=\"231\" height=\"184\" \/><\/p>\n<p>&nbsp;<\/p>","protected":false},"excerpt":{"rendered":"<div class=\"col-md-5 col-xs-12\">\n<div class=\"cat-desc\">Raskaat, neliskanttiset ruostumattomasta ter\u00e4ksest\u00e4 valmistetut aluslevyt. Raskaat aluslevyt laitureihin, merimuureihin, laipioihin ja suuriin puurakenteisiin. Ruostumatonta ter\u00e4st\u00e4 304 yleiseen rakentamiseen, teollisuuteen ja merenkulkuun.<\/div>\n<\/div>\n<div class=\"col-md-3 col-xs-12 cat-price\"><\/div>","protected":false},"featured_media":2965,"comment_status":"open","ping_status":"closed","template":"","meta":{"site-sidebar-layout":"default","site-content-layout":"default","ast-site-content-layout":"","site-content-style":"default","site-sidebar-style":"default","ast-global-header-display":"","ast-banner-title-visibility":"","ast-main-header-display":"","ast-hfb-above-header-display":"","ast-hfb-below-header-display":"","ast-hfb-mobile-header-display":"","site-post-title":"","ast-breadcrumbs-content":"","ast-featured-img":"","footer-sml-layout":"","theme-transparent-header-meta":"default","adv-header-id-meta":"","stick-header-meta":"default","header-above-stick-meta":"","header-main-stick-meta":"","header-below-stick-meta":"","astra-migrate-meta-layouts":"default","ast-page-background-enabled":"default","ast-page-background-meta":{"desktop":{"background-color":"","background-image":"","background-repeat":"repeat","background-position":"center center","background-size":"auto","background-attachment":"scroll","background-type":"","background-media":"","overlay-type":"","overlay-color":"","overlay-opacity":"","overlay-gradient":""},"tablet":{"background-color":"","background-image":"","background-repeat":"repeat","background-position":"center center","background-size":"auto","background-attachment":"scroll","background-type":"","background-media":"","overlay-type":"","overlay-color":"","overlay-opacity":"","overlay-gradient":""},"mobile":{"background-color":"","background-image":"","background-repeat":"repeat","background-position":"center center","background-size":"auto","background-attachment":"scroll","background-type":"","background-media":"","overlay-type":"","overlay-color":"","overlay-opacity":"","overlay-gradient":""}},"ast-content-background-meta":{"desktop":{"background-color":"var(--ast-global-color-5)","background-image":"","background-repeat":"repeat","background-position":"center center","background-size":"auto","background-attachment":"scroll","background-type":"","background-media":"","overlay-type":"","overlay-color":"","overlay-opacity":"","overlay-gradient":""},"tablet":{"background-color":"var(--ast-global-color-5)","background-image":"","background-repeat":"repeat","background-position":"center center","background-size":"auto","background-attachment":"scroll","background-type":"","background-media":"","overlay-type":"","overlay-color":"","overlay-opacity":"","overlay-gradient":""},"mobile":{"background-color":"var(--ast-global-color-5)","background-image":"","background-repeat":"repeat","background-position":"center center","background-size":"auto","background-attachment":"scroll","background-type":"","background-media":"","overlay-type":"","overlay-color":"","overlay-opacity":"","overlay-gradient":""}}},"product_brand":[],"product_cat":[31],"product_tag":[],"class_list":{"0":"post-1941","1":"product","2":"type-product","3":"status-publish","4":"has-post-thumbnail","6":"product_cat-fasteners","7":"desktop-align-left","8":"tablet-align-left","9":"mobile-align-left","10":"ast-product-gallery-layout-horizontal-slider","11":"ast-product-tabs-layout-horizontal","13":"first","14":"instock","15":"shipping-taxable","16":"purchasable","17":"product-type-simple"},"yoast_head":"<!-- This site is optimized with the Yoast SEO plugin v25.2 - https:\/\/yoast.com\/wordpress\/plugins\/seo\/ -->\n<title>Concrete Formwork Square Flat Washers<\/title>\n<meta name=\"description\" content=\"Heavy, Square Stainless Steel Plate Washers. Heavy-duty washers for docks, seawalls, bulkheads and large timber construction.\" \/>\n<meta name=\"robots\" content=\"index, follow, max-snippet:-1, max-image-preview:large, max-video-preview:-1\" \/>\n<link rel=\"canonical\" href=\"https:\/\/qingdaohf.com\/fi\/tuote\/neliskanttiset-litteat-aluslevyt\/\" \/>\n<meta property=\"og:locale\" content=\"fi_FI\" \/>\n<meta property=\"og:type\" content=\"article\" \/>\n<meta property=\"og:title\" content=\"Concrete Formwork Square Flat Washers\" \/>\n<meta property=\"og:description\" content=\"Heavy, Square Stainless Steel Plate Washers. Heavy-duty washers for docks, seawalls, bulkheads and large timber construction.\" \/>\n<meta property=\"og:url\" content=\"https:\/\/qingdaohf.com\/fi\/tuote\/neliskanttiset-litteat-aluslevyt\/\" \/>\n<meta property=\"og:site_name\" content=\"Concrete Form &amp; Rigging Hardware Supplier\" \/>\n<meta property=\"article:publisher\" content=\"https:\/\/www.facebook.com\/qingdaohf\" \/>\n<meta property=\"article:modified_time\" content=\"2025-11-13T01:06:38+00:00\" \/>\n<meta property=\"og:image\" content=\"https:\/\/qingdaohf.com\/wp-content\/uploads\/2023\/02\/square-flat-washers-3-1.jpg\" \/>\n\t<meta property=\"og:image:width\" content=\"1000\" \/>\n\t<meta property=\"og:image:height\" content=\"1000\" \/>\n\t<meta property=\"og:image:type\" content=\"image\/jpeg\" \/>\n<meta name=\"twitter:card\" content=\"summary_large_image\" \/>\n<meta name=\"twitter:label1\" content=\"Arvioitu lukuaika\" \/>\n\t<meta name=\"twitter:data1\" content=\"2 minuuttia\" \/>\n<script type=\"application\/ld+json\" class=\"yoast-schema-graph\">{\"@context\":\"https:\/\/schema.org\",\"@graph\":[{\"@type\":\"WebPage\",\"@id\":\"https:\/\/qingdaohf.com\/product\/square-flat-washers\/\",\"url\":\"https:\/\/qingdaohf.com\/product\/square-flat-washers\/\",\"name\":\"Concrete Formwork Square Flat Washers\",\"isPartOf\":{\"@id\":\"https:\/\/qingdaohf.com\/bg\/#website\"},\"primaryImageOfPage\":{\"@id\":\"https:\/\/qingdaohf.com\/product\/square-flat-washers\/#primaryimage\"},\"image\":{\"@id\":\"https:\/\/qingdaohf.com\/product\/square-flat-washers\/#primaryimage\"},\"thumbnailUrl\":\"https:\/\/qingdaohf.com\/wp-content\/uploads\/2023\/02\/square-flat-washers-3-1.jpg\",\"datePublished\":\"2023-02-03T08:08:51+00:00\",\"dateModified\":\"2025-11-13T01:06:38+00:00\",\"description\":\"Heavy, Square Stainless Steel Plate Washers. Heavy-duty washers for docks, seawalls, bulkheads and large timber construction.\",\"breadcrumb\":{\"@id\":\"https:\/\/qingdaohf.com\/product\/square-flat-washers\/#breadcrumb\"},\"inLanguage\":\"fi\",\"potentialAction\":[{\"@type\":\"ReadAction\",\"target\":[\"https:\/\/qingdaohf.com\/product\/square-flat-washers\/\"]}]},{\"@type\":\"ImageObject\",\"inLanguage\":\"fi\",\"@id\":\"https:\/\/qingdaohf.com\/product\/square-flat-washers\/#primaryimage\",\"url\":\"https:\/\/qingdaohf.com\/wp-content\/uploads\/2023\/02\/square-flat-washers-3-1.jpg\",\"contentUrl\":\"https:\/\/qingdaohf.com\/wp-content\/uploads\/2023\/02\/square-flat-washers-3-1.jpg\",\"width\":1000,\"height\":1000,\"caption\":\"square flat washers\"},{\"@type\":\"BreadcrumbList\",\"@id\":\"https:\/\/qingdaohf.com\/product\/square-flat-washers\/#breadcrumb\",\"itemListElement\":[{\"@type\":\"ListItem\",\"position\":1,\"name\":\"Home\",\"item\":\"https:\/\/qingdaohf.com\/\"},{\"@type\":\"ListItem\",\"position\":2,\"name\":\"Concrete Forming Accessories and Rigging Hardware\",\"item\":\"https:\/\/qingdaohf.com\/bg\/?page_id=944\"},{\"@type\":\"ListItem\",\"position\":3,\"name\":\"Concrete Formwork Square Flat Washers\"}]},{\"@type\":\"WebSite\",\"@id\":\"https:\/\/qingdaohf.com\/bg\/#website\",\"url\":\"https:\/\/qingdaohf.com\/bg\/\",\"name\":\"Concrete Form & Rigging Hardware Supplier\",\"description\":\"\",\"publisher\":{\"@id\":\"https:\/\/qingdaohf.com\/bg\/#organization\"},\"potentialAction\":[{\"@type\":\"SearchAction\",\"target\":{\"@type\":\"EntryPoint\",\"urlTemplate\":\"https:\/\/qingdaohf.com\/bg\/?s={search_term_string}\"},\"query-input\":{\"@type\":\"PropertyValueSpecification\",\"valueRequired\":true,\"valueName\":\"search_term_string\"}}],\"inLanguage\":\"fi\"},{\"@type\":\"Organization\",\"@id\":\"https:\/\/qingdaohf.com\/bg\/#organization\",\"name\":\"Qingdao H&F\",\"url\":\"https:\/\/qingdaohf.com\/bg\/\",\"logo\":{\"@type\":\"ImageObject\",\"inLanguage\":\"fi\",\"@id\":\"https:\/\/qingdaohf.com\/bg\/#\/schema\/logo\/image\/\",\"url\":\"https:\/\/qingdaohf.com\/wp-content\/uploads\/2022\/12\/cropped-HF-LOGO.png\",\"contentUrl\":\"https:\/\/qingdaohf.com\/wp-content\/uploads\/2022\/12\/cropped-HF-LOGO.png\",\"width\":391,\"height\":249,\"caption\":\"Qingdao H&F\"},\"image\":{\"@id\":\"https:\/\/qingdaohf.com\/bg\/#\/schema\/logo\/image\/\"},\"sameAs\":[\"https:\/\/www.facebook.com\/qingdaohf\"]}]}<\/script>\n<!-- \/ Yoast SEO plugin. -->","yoast_head_json":{"title":"Concrete Formwork Square Flat Washers","description":"Heavy, Square Stainless Steel Plate Washers. Heavy-duty washers for docks, seawalls, bulkheads and large timber construction.","robots":{"index":"index","follow":"follow","max-snippet":"max-snippet:-1","max-image-preview":"max-image-preview:large","max-video-preview":"max-video-preview:-1"},"canonical":"https:\/\/qingdaohf.com\/fi\/tuote\/neliskanttiset-litteat-aluslevyt\/","og_locale":"fi_FI","og_type":"article","og_title":"Concrete Formwork Square Flat Washers","og_description":"Heavy, Square Stainless Steel Plate Washers. Heavy-duty washers for docks, seawalls, bulkheads and large timber construction.","og_url":"https:\/\/qingdaohf.com\/fi\/tuote\/neliskanttiset-litteat-aluslevyt\/","og_site_name":"Concrete Form &amp; Rigging Hardware Supplier","article_publisher":"https:\/\/www.facebook.com\/qingdaohf","article_modified_time":"2025-11-13T01:06:38+00:00","og_image":[{"width":1000,"height":1000,"url":"https:\/\/qingdaohf.com\/wp-content\/uploads\/2023\/02\/square-flat-washers-3-1.jpg","type":"image\/jpeg"}],"twitter_card":"summary_large_image","twitter_misc":{"Arvioitu lukuaika":"2 minuuttia"},"schema":{"@context":"https:\/\/schema.org","@graph":[{"@type":"WebPage","@id":"https:\/\/qingdaohf.com\/product\/square-flat-washers\/","url":"https:\/\/qingdaohf.com\/product\/square-flat-washers\/","name":"Concrete Formwork Square Flat Washers","isPartOf":{"@id":"https:\/\/qingdaohf.com\/bg\/#website"},"primaryImageOfPage":{"@id":"https:\/\/qingdaohf.com\/product\/square-flat-washers\/#primaryimage"},"image":{"@id":"https:\/\/qingdaohf.com\/product\/square-flat-washers\/#primaryimage"},"thumbnailUrl":"https:\/\/qingdaohf.com\/wp-content\/uploads\/2023\/02\/square-flat-washers-3-1.jpg","datePublished":"2023-02-03T08:08:51+00:00","dateModified":"2025-11-13T01:06:38+00:00","description":"Heavy, Square Stainless Steel Plate Washers. Heavy-duty washers for docks, seawalls, bulkheads and large timber construction.","breadcrumb":{"@id":"https:\/\/qingdaohf.com\/product\/square-flat-washers\/#breadcrumb"},"inLanguage":"fi","potentialAction":[{"@type":"ReadAction","target":["https:\/\/qingdaohf.com\/product\/square-flat-washers\/"]}]},{"@type":"ImageObject","inLanguage":"fi","@id":"https:\/\/qingdaohf.com\/product\/square-flat-washers\/#primaryimage","url":"https:\/\/qingdaohf.com\/wp-content\/uploads\/2023\/02\/square-flat-washers-3-1.jpg","contentUrl":"https:\/\/qingdaohf.com\/wp-content\/uploads\/2023\/02\/square-flat-washers-3-1.jpg","width":1000,"height":1000,"caption":"square flat washers"},{"@type":"BreadcrumbList","@id":"https:\/\/qingdaohf.com\/product\/square-flat-washers\/#breadcrumb","itemListElement":[{"@type":"ListItem","position":1,"name":"Home","item":"https:\/\/qingdaohf.com\/"},{"@type":"ListItem","position":2,"name":"Concrete Forming Accessories and Rigging Hardware","item":"https:\/\/qingdaohf.com\/bg\/?page_id=944"},{"@type":"ListItem","position":3,"name":"Concrete Formwork Square Flat Washers"}]},{"@type":"WebSite","@id":"https:\/\/qingdaohf.com\/bg\/#website","url":"https:\/\/qingdaohf.com\/bg\/","name":"Concrete Form & Rigging Hardware Supplier","description":"","publisher":{"@id":"https:\/\/qingdaohf.com\/bg\/#organization"},"potentialAction":[{"@type":"SearchAction","target":{"@type":"EntryPoint","urlTemplate":"https:\/\/qingdaohf.com\/bg\/?s={search_term_string}"},"query-input":{"@type":"PropertyValueSpecification","valueRequired":true,"valueName":"search_term_string"}}],"inLanguage":"fi"},{"@type":"Organization","@id":"https:\/\/qingdaohf.com\/bg\/#organization","name":"Qingdao H&F","url":"https:\/\/qingdaohf.com\/bg\/","logo":{"@type":"ImageObject","inLanguage":"fi","@id":"https:\/\/qingdaohf.com\/bg\/#\/schema\/logo\/image\/","url":"https:\/\/qingdaohf.com\/wp-content\/uploads\/2022\/12\/cropped-HF-LOGO.png","contentUrl":"https:\/\/qingdaohf.com\/wp-content\/uploads\/2022\/12\/cropped-HF-LOGO.png","width":391,"height":249,"caption":"Qingdao H&F"},"image":{"@id":"https:\/\/qingdaohf.com\/bg\/#\/schema\/logo\/image\/"},"sameAs":["https:\/\/www.facebook.com\/qingdaohf"]}]}},"_links":{"self":[{"href":"https:\/\/qingdaohf.com\/fi\/wp-json\/wp\/v2\/product\/1941","targetHints":{"allow":["GET"]}}],"collection":[{"href":"https:\/\/qingdaohf.com\/fi\/wp-json\/wp\/v2\/product"}],"about":[{"href":"https:\/\/qingdaohf.com\/fi\/wp-json\/wp\/v2\/types\/product"}],"replies":[{"embeddable":true,"href":"https:\/\/qingdaohf.com\/fi\/wp-json\/wp\/v2\/comments?post=1941"}],"version-history":[{"count":2,"href":"https:\/\/qingdaohf.com\/fi\/wp-json\/wp\/v2\/product\/1941\/revisions"}],"predecessor-version":[{"id":10466,"href":"https:\/\/qingdaohf.com\/fi\/wp-json\/wp\/v2\/product\/1941\/revisions\/10466"}],"wp:featuredmedia":[{"embeddable":true,"href":"https:\/\/qingdaohf.com\/fi\/wp-json\/wp\/v2\/media\/2965"}],"wp:attachment":[{"href":"https:\/\/qingdaohf.com\/fi\/wp-json\/wp\/v2\/media?parent=1941"}],"wp:term":[{"taxonomy":"product_brand","embeddable":true,"href":"https:\/\/qingdaohf.com\/fi\/wp-json\/wp\/v2\/product_brand?post=1941"},{"taxonomy":"product_cat","embeddable":true,"href":"https:\/\/qingdaohf.com\/fi\/wp-json\/wp\/v2\/product_cat?post=1941"},{"taxonomy":"product_tag","embeddable":true,"href":"https:\/\/qingdaohf.com\/fi\/wp-json\/wp\/v2\/product_tag?post=1941"}],"curies":[{"name":"wp","href":"https:\/\/api.w.org\/{rel}","templated":true}]}}