{"id":2056,"date":"2023-02-07T17:01:21","date_gmt":"2023-02-07T09:01:21","guid":{"rendered":"http:\/\/qingdaohf.com\/?post_type=product&#038;p=2056"},"modified":"2025-11-13T09:06:37","modified_gmt":"2025-11-13T01:06:37","slug":"coil-rods","status":"publish","type":"product","link":"https:\/\/qingdaohf.com\/fi\/tuote\/kelatangot\/","title":{"rendered":"Muottikelan tangot"},"content":{"rendered":"<h1 class=\"font-600 text-2xl font-bold\">Muottien kelan tankojen olennainen rooli rakentamisessa<\/h1>\n<p class=\"whitespace-pre-wrap break-words\">Puhutaanpa kelatangoista - ne ovat jokaisen kiinte\u00e4n muottij\u00e4rjestelm\u00e4n selk\u00e4ranka. Kovasta, lujasta ter\u00e4ksest\u00e4 valmistetut tangot kest\u00e4v\u00e4t m\u00e4r\u00e4n betonin massiivista painetta kuin mestarit. Ne pit\u00e4v\u00e4t kaiken vakaana ja paikoillaan betonin kovettuessa, rakennatpa sitten pilvenpiirt\u00e4ji\u00e4, siltoja tai koteja.<\/p>\n<p class=\"whitespace-pre-wrap break-words\">N\u00e4m\u00e4 tangot ovat osa niin sanottua vetotankoj\u00e4rjestelm\u00e4\u00e4, joka yhdist\u00e4\u00e4 vesipys\u00e4yttimet, vetotangot ja siipimutterit yhdeksi sujuvasti toimivaksi kokonaisuudeksi. Jokainen osa tekee oman ty\u00f6ns\u00e4, mutta yhdess\u00e4 ne saavat modernin rakentamisen toimimaan kuin kello.<\/p>\n<p class=\"whitespace-pre-wrap break-words\">N\u00e4yt\u00f6ksen t\u00e4hti on itse kelatanko, jonka kierteitetyt p\u00e4\u00e4t tekev\u00e4t asennuksesta ja purkamisesta helppoa. Haluatko mukautua erilaisiin projektitarpeisiin? Ei h\u00e4t\u00e4\u00e4 - n\u00e4m\u00e4 tangot sopivat yhteen kaikenlaisten lis\u00e4varusteiden kanssa. Kierretangot tuottavat luotettavia tuloksia aina betonin valamisesta korkealle ja yksityiskohtaisten arkkitehtonisten yksityiskohtien luomiseen.<\/p>\n<p><img fetchpriority=\"high\" decoding=\"async\" class=\"alignnone wp-image-8579 size-full\" src=\"http:\/\/qingdaohf.com\/wp-content\/uploads\/2024\/12\/tie-rod-92.webp\" alt=\"sidontatankoj\u00e4rjestelm\u00e4\" width=\"1000\" height=\"1000\" srcset=\"https:\/\/qingdaohf.com\/wp-content\/uploads\/2024\/12\/tie-rod-92.webp 1000w, https:\/\/qingdaohf.com\/wp-content\/uploads\/2024\/12\/tie-rod-92-300x300.webp 300w, https:\/\/qingdaohf.com\/wp-content\/uploads\/2024\/12\/tie-rod-92-150x150.webp 150w, https:\/\/qingdaohf.com\/wp-content\/uploads\/2024\/12\/tie-rod-92-768x768.webp 768w, https:\/\/qingdaohf.com\/wp-content\/uploads\/2024\/12\/tie-rod-92-12x12.webp 12w, https:\/\/qingdaohf.com\/wp-content\/uploads\/2024\/12\/tie-rod-92-500x500.webp 500w, https:\/\/qingdaohf.com\/wp-content\/uploads\/2024\/12\/tie-rod-92-100x100.webp 100w\" sizes=\"(max-width: 1000px) 100vw, 1000px\" \/><\/p>\n<h1 class=\"font-600 text-2xl font-bold\">Sidontatankoj\u00e4rjestelm\u00e4n purkaminen pakkauksesta: Vesisulkujen, vetotankojen ja siipimuttereiden asennus: Vesipidikkeet, vetotangot ja siipimutterit<\/h1>\n<p class=\"whitespace-pre-wrap break-words\">Ajattele sidontatankoj\u00e4rjestelm\u00e4\u00e4 sveitsil\u00e4isen\u00e4 armeijan veitsen\u00e4si rakentamisen haasteisiin. Esimerkiksi vedenpid\u00e4ttimet ovat ratkaisevan t\u00e4rkeit\u00e4, kun rakennat asioita, joiden on pysytt\u00e4v\u00e4 kuivina, kuten kellareita ja tukimuuria. Ne sulkevat reitin sidontatangon ymp\u00e4rill\u00e4 ja pit\u00e4v\u00e4t veden siell\u00e4, minne se kuuluukin - rakenteesi ulkopuolella.<\/p>\n<p class=\"whitespace-pre-wrap break-words\">Sidontatangot ja siipimutterit lukitsevat muottisi tiukasti. Tangot ulottuvat muottilevyjen yli, pit\u00e4v\u00e4t ne juuri oikealla et\u00e4isyydell\u00e4 toisistaan ja kest\u00e4v\u00e4t betonin paineen. Siipimutterit helpottavat t\u00e4ydellisen istuvuuden s\u00e4\u00e4t\u00e4mist\u00e4 asennuksen aikana ja kaiken irrottamista, kun betoni on kovettunut.<\/p>\n<p class=\"whitespace-pre-wrap break-words\">T\u00e4\u00e4ll\u00e4 Qingdao H&amp;F:ss\u00e4 meill\u00e4 on pakkomielle saada kierteitys juuri oikeanlaiseksi kelatangoissa. Miksi? Koska t\u00e4ydellinen kierteitys tarkoittaa, ett\u00e4 kaikki sopii sujuvasti yhteen - vesipys\u00e4yttimet, siipimutterit ja kaikki muu. Testaamme jokaisen komponentin perusteellisesti, jotta tied\u00e4t, ett\u00e4 se kest\u00e4\u00e4 kaiken, mit\u00e4 siihen kohdistat.<\/p>\n<h1 class=\"font-600 text-2xl font-bold\">Miksi valita Qingdao H&amp;F muottikierretangot?<\/h1>\n<p class=\"whitespace-pre-wrap break-words\">Kun ostat kelatankoja, tarvitset muutakin kuin vain hyvi\u00e4 tuotteita - koko paketin on toimittava moitteettomasti. Siin\u00e4 me loistamme.<\/p>\n<p class=\"whitespace-pre-wrap break-words\">Asetamme jokaiselle asiakkaalle oman asiantuntijayhteyshenkil\u00f6n. Tarvitsetko r\u00e4\u00e4t\u00e4l\u00f6ityj\u00e4 pituuksia? Erikoiskierre? Erityisi\u00e4 lis\u00e4varusteita? Asiantuntijasi hoitaa asian. H\u00e4n ymm\u00e4rt\u00e4\u00e4 tarkalleen, mit\u00e4 tarvitset, ja varmistaa, ett\u00e4 saat sen.<\/p>\n<p class=\"whitespace-pre-wrap break-words\">Rakentamisessa aika on rahaa, ja me ymm\u00e4rr\u00e4mme sen. Kukaan ei halua, ett\u00e4 h\u00e4nen hankkeensa viiv\u00e4styy materiaalien odottelussa. Siksi olemme rakentaneet toimitusj\u00e4rjestelm\u00e4mme nopeaksi ja luotettavaksi. Meill\u00e4 on yhteydet ja j\u00e4rjestelm\u00e4t, joiden avulla tavarasi saadaan perille juuri silloin, kun sen on oltava siell\u00e4.<\/p>\n<p class=\"whitespace-pre-wrap break-words\">Laatu ei ole asia, jonka kanssa me pelleilemme. Jokaisen kelatangon mukana toimitetaan yksityiskohtaiset tarkastusraportit, joissa kerrotaan tarkalleen, miten se toimii. Kaikki on mustavalkoisesti kerrottu aina siit\u00e4, kuinka vahva se on ja kuinka tarkka kierteitys on. Testaamme kaiken alan standardeja vastaan, koska tied\u00e4mme, ett\u00e4 tarvitset juuri sit\u00e4.<\/p>\n<p class=\"whitespace-pre-wrap break-words\">Olipa kyseess\u00e4 massiivinen infrastruktuurihanke tai jokin pienempi ja erikoistunut hanke, kelatankomme selvi\u00e4v\u00e4t siit\u00e4. Kun t\u00e4h\u00e4n lis\u00e4t\u00e4\u00e4n keskittymisemme asiakkaiden tyytyv\u00e4isyyden s\u00e4ilytt\u00e4miseen, ymm\u00e4rr\u00e4t, miksi rakentajat luottavat Qingdao H&amp;F:n toimituksiin.<\/p>","protected":false},"excerpt":{"rendered":"<p>Muottikierretangot ovat olennainen osa nykyaikaista rakentamista, ja ne varmistavat betonimuottien turvallisen ja tehokkaan kokoonpanon. Ostajat asettavat usein etusijalle kest\u00e4vyyden, yhteensopivuuden muottij\u00e4rjestelmien kanssa ja vedenpit\u00e4vien lis\u00e4varusteiden saatavuuden. Me Qingdao H&amp;F:ss\u00e4 ymm\u00e4rr\u00e4mme n\u00e4m\u00e4 huolenaiheet. R\u00e4\u00e4t\u00e4l\u00f6idyn henkil\u00f6kohtaisen asiakaspalvelumme ansiosta tarjoamme yksityiskohtaisia laatutarkastusraportteja, nopeita toimitusjaksoja ja r\u00e4\u00e4t\u00e4l\u00f6it\u00e4viss\u00e4 olevia ratkaisuja rakennustarpeisiisi. Hankitpa sitten kelatankoja suuriin infrastruktuurihankkeisiin tai pienempiin projekteihin, olemme sitoutuneet tarjoamaan luotettavuutta ja tarkkuutta.<\/p>\n<p>&nbsp;<\/p>","protected":false},"featured_media":2710,"comment_status":"open","ping_status":"closed","template":"","meta":{"site-sidebar-layout":"default","site-content-layout":"default","ast-site-content-layout":"default","site-content-style":"default","site-sidebar-style":"default","ast-global-header-display":"","ast-banner-title-visibility":"","ast-main-header-display":"","ast-hfb-above-header-display":"","ast-hfb-below-header-display":"","ast-hfb-mobile-header-display":"","site-post-title":"","ast-breadcrumbs-content":"","ast-featured-img":"","footer-sml-layout":"","theme-transparent-header-meta":"default","adv-header-id-meta":"","stick-header-meta":"default","header-above-stick-meta":"","header-main-stick-meta":"","header-below-stick-meta":"","astra-migrate-meta-layouts":"set","ast-page-background-enabled":"default","ast-page-background-meta":{"desktop":{"background-color":"","background-image":"","background-repeat":"repeat","background-position":"center center","background-size":"auto","background-attachment":"scroll","background-type":"","background-media":"","overlay-type":"","overlay-color":"","overlay-opacity":"","overlay-gradient":""},"tablet":{"background-color":"","background-image":"","background-repeat":"repeat","background-position":"center center","background-size":"auto","background-attachment":"scroll","background-type":"","background-media":"","overlay-type":"","overlay-color":"","overlay-opacity":"","overlay-gradient":""},"mobile":{"background-color":"","background-image":"","background-repeat":"repeat","background-position":"center center","background-size":"auto","background-attachment":"scroll","background-type":"","background-media":"","overlay-type":"","overlay-color":"","overlay-opacity":"","overlay-gradient":""}},"ast-content-background-meta":{"desktop":{"background-color":"var(--ast-global-color-5)","background-image":"","background-repeat":"repeat","background-position":"center center","background-size":"auto","background-attachment":"scroll","background-type":"","background-media":"","overlay-type":"","overlay-color":"","overlay-opacity":"","overlay-gradient":""},"tablet":{"background-color":"var(--ast-global-color-5)","background-image":"","background-repeat":"repeat","background-position":"center center","background-size":"auto","background-attachment":"scroll","background-type":"","background-media":"","overlay-type":"","overlay-color":"","overlay-opacity":"","overlay-gradient":""},"mobile":{"background-color":"var(--ast-global-color-5)","background-image":"","background-repeat":"repeat","background-position":"center center","background-size":"auto","background-attachment":"scroll","background-type":"","background-media":"","overlay-type":"","overlay-color":"","overlay-opacity":"","overlay-gradient":""}}},"product_brand":[],"product_cat":[79],"product_tag":[],"class_list":{"0":"post-2056","1":"product","2":"type-product","3":"status-publish","4":"has-post-thumbnail","6":"product_cat-tie-rod-system","7":"desktop-align-left","8":"tablet-align-left","9":"mobile-align-left","10":"ast-product-gallery-layout-horizontal-slider","11":"ast-product-tabs-layout-horizontal","13":"first","14":"instock","15":"shipping-taxable","16":"purchasable","17":"product-type-simple"},"yoast_head":"<!-- This site is optimized with the Yoast SEO plugin v25.2 - https:\/\/yoast.com\/wordpress\/plugins\/seo\/ -->\n<title>Formwork Coil Rods<\/title>\n<meta name=\"description\" content=\"Coil rods are used in concrete forming applications. Their loose threads design curtails dust and dirt accumulation.\" \/>\n<meta name=\"robots\" content=\"index, follow, max-snippet:-1, max-image-preview:large, max-video-preview:-1\" \/>\n<link rel=\"canonical\" href=\"https:\/\/qingdaohf.com\/fi\/tuote\/kelatangot\/\" \/>\n<meta property=\"og:locale\" content=\"fi_FI\" \/>\n<meta property=\"og:type\" content=\"article\" \/>\n<meta property=\"og:title\" content=\"Formwork Coil Rods\" \/>\n<meta property=\"og:description\" content=\"Coil rods are used in concrete forming applications. Their loose threads design curtails dust and dirt accumulation.\" \/>\n<meta property=\"og:url\" content=\"https:\/\/qingdaohf.com\/fi\/tuote\/kelatangot\/\" \/>\n<meta property=\"og:site_name\" content=\"Concrete Form &amp; Rigging Hardware Supplier\" \/>\n<meta property=\"article:publisher\" content=\"https:\/\/www.facebook.com\/qingdaohf\" \/>\n<meta property=\"article:modified_time\" content=\"2025-11-13T01:06:37+00:00\" \/>\n<meta property=\"og:image\" content=\"https:\/\/qingdaohf.com\/wp-content\/uploads\/2023\/02\/Coil-Rod-1.jpg\" \/>\n\t<meta property=\"og:image:width\" content=\"1000\" \/>\n\t<meta property=\"og:image:height\" content=\"1000\" \/>\n\t<meta property=\"og:image:type\" content=\"image\/jpeg\" \/>\n<meta name=\"twitter:card\" content=\"summary_large_image\" \/>\n<meta name=\"twitter:label1\" content=\"Arvioitu lukuaika\" \/>\n\t<meta name=\"twitter:data1\" content=\"3 minuuttia\" \/>\n<script type=\"application\/ld+json\" class=\"yoast-schema-graph\">{\"@context\":\"https:\/\/schema.org\",\"@graph\":[{\"@type\":\"WebPage\",\"@id\":\"https:\/\/qingdaohf.com\/product\/coil-rods\/\",\"url\":\"https:\/\/qingdaohf.com\/product\/coil-rods\/\",\"name\":\"Formwork Coil Rods\",\"isPartOf\":{\"@id\":\"https:\/\/qingdaohf.com\/bg\/#website\"},\"primaryImageOfPage\":{\"@id\":\"https:\/\/qingdaohf.com\/product\/coil-rods\/#primaryimage\"},\"image\":{\"@id\":\"https:\/\/qingdaohf.com\/product\/coil-rods\/#primaryimage\"},\"thumbnailUrl\":\"https:\/\/qingdaohf.com\/wp-content\/uploads\/2023\/02\/Coil-Rod-1.jpg\",\"datePublished\":\"2023-02-07T09:01:21+00:00\",\"dateModified\":\"2025-11-13T01:06:37+00:00\",\"description\":\"Coil rods are used in concrete forming applications. Their loose threads design curtails dust and dirt accumulation.\",\"breadcrumb\":{\"@id\":\"https:\/\/qingdaohf.com\/product\/coil-rods\/#breadcrumb\"},\"inLanguage\":\"fi\",\"potentialAction\":[{\"@type\":\"ReadAction\",\"target\":[\"https:\/\/qingdaohf.com\/product\/coil-rods\/\"]}]},{\"@type\":\"ImageObject\",\"inLanguage\":\"fi\",\"@id\":\"https:\/\/qingdaohf.com\/product\/coil-rods\/#primaryimage\",\"url\":\"https:\/\/qingdaohf.com\/wp-content\/uploads\/2023\/02\/Coil-Rod-1.jpg\",\"contentUrl\":\"https:\/\/qingdaohf.com\/wp-content\/uploads\/2023\/02\/Coil-Rod-1.jpg\",\"width\":1000,\"height\":1000,\"caption\":\"Coil Rod\"},{\"@type\":\"BreadcrumbList\",\"@id\":\"https:\/\/qingdaohf.com\/product\/coil-rods\/#breadcrumb\",\"itemListElement\":[{\"@type\":\"ListItem\",\"position\":1,\"name\":\"Home\",\"item\":\"https:\/\/qingdaohf.com\/\"},{\"@type\":\"ListItem\",\"position\":2,\"name\":\"Concrete Forming Accessories and Rigging Hardware\",\"item\":\"https:\/\/qingdaohf.com\/bg\/?page_id=944\"},{\"@type\":\"ListItem\",\"position\":3,\"name\":\"Formwork Coil Rods\"}]},{\"@type\":\"WebSite\",\"@id\":\"https:\/\/qingdaohf.com\/bg\/#website\",\"url\":\"https:\/\/qingdaohf.com\/bg\/\",\"name\":\"Concrete Form & Rigging Hardware Supplier\",\"description\":\"\",\"publisher\":{\"@id\":\"https:\/\/qingdaohf.com\/bg\/#organization\"},\"potentialAction\":[{\"@type\":\"SearchAction\",\"target\":{\"@type\":\"EntryPoint\",\"urlTemplate\":\"https:\/\/qingdaohf.com\/bg\/?s={search_term_string}\"},\"query-input\":{\"@type\":\"PropertyValueSpecification\",\"valueRequired\":true,\"valueName\":\"search_term_string\"}}],\"inLanguage\":\"fi\"},{\"@type\":\"Organization\",\"@id\":\"https:\/\/qingdaohf.com\/bg\/#organization\",\"name\":\"Qingdao H&F\",\"url\":\"https:\/\/qingdaohf.com\/bg\/\",\"logo\":{\"@type\":\"ImageObject\",\"inLanguage\":\"fi\",\"@id\":\"https:\/\/qingdaohf.com\/bg\/#\/schema\/logo\/image\/\",\"url\":\"https:\/\/qingdaohf.com\/wp-content\/uploads\/2022\/12\/cropped-HF-LOGO.png\",\"contentUrl\":\"https:\/\/qingdaohf.com\/wp-content\/uploads\/2022\/12\/cropped-HF-LOGO.png\",\"width\":391,\"height\":249,\"caption\":\"Qingdao H&F\"},\"image\":{\"@id\":\"https:\/\/qingdaohf.com\/bg\/#\/schema\/logo\/image\/\"},\"sameAs\":[\"https:\/\/www.facebook.com\/qingdaohf\"]}]}<\/script>\n<!-- \/ Yoast SEO plugin. -->","yoast_head_json":{"title":"Formwork Coil Rods","description":"Coil rods are used in concrete forming applications. Their loose threads design curtails dust and dirt accumulation.","robots":{"index":"index","follow":"follow","max-snippet":"max-snippet:-1","max-image-preview":"max-image-preview:large","max-video-preview":"max-video-preview:-1"},"canonical":"https:\/\/qingdaohf.com\/fi\/tuote\/kelatangot\/","og_locale":"fi_FI","og_type":"article","og_title":"Formwork Coil Rods","og_description":"Coil rods are used in concrete forming applications. Their loose threads design curtails dust and dirt accumulation.","og_url":"https:\/\/qingdaohf.com\/fi\/tuote\/kelatangot\/","og_site_name":"Concrete Form &amp; Rigging Hardware Supplier","article_publisher":"https:\/\/www.facebook.com\/qingdaohf","article_modified_time":"2025-11-13T01:06:37+00:00","og_image":[{"width":1000,"height":1000,"url":"https:\/\/qingdaohf.com\/wp-content\/uploads\/2023\/02\/Coil-Rod-1.jpg","type":"image\/jpeg"}],"twitter_card":"summary_large_image","twitter_misc":{"Arvioitu lukuaika":"3 minuuttia"},"schema":{"@context":"https:\/\/schema.org","@graph":[{"@type":"WebPage","@id":"https:\/\/qingdaohf.com\/product\/coil-rods\/","url":"https:\/\/qingdaohf.com\/product\/coil-rods\/","name":"Formwork Coil Rods","isPartOf":{"@id":"https:\/\/qingdaohf.com\/bg\/#website"},"primaryImageOfPage":{"@id":"https:\/\/qingdaohf.com\/product\/coil-rods\/#primaryimage"},"image":{"@id":"https:\/\/qingdaohf.com\/product\/coil-rods\/#primaryimage"},"thumbnailUrl":"https:\/\/qingdaohf.com\/wp-content\/uploads\/2023\/02\/Coil-Rod-1.jpg","datePublished":"2023-02-07T09:01:21+00:00","dateModified":"2025-11-13T01:06:37+00:00","description":"Coil rods are used in concrete forming applications. Their loose threads design curtails dust and dirt accumulation.","breadcrumb":{"@id":"https:\/\/qingdaohf.com\/product\/coil-rods\/#breadcrumb"},"inLanguage":"fi","potentialAction":[{"@type":"ReadAction","target":["https:\/\/qingdaohf.com\/product\/coil-rods\/"]}]},{"@type":"ImageObject","inLanguage":"fi","@id":"https:\/\/qingdaohf.com\/product\/coil-rods\/#primaryimage","url":"https:\/\/qingdaohf.com\/wp-content\/uploads\/2023\/02\/Coil-Rod-1.jpg","contentUrl":"https:\/\/qingdaohf.com\/wp-content\/uploads\/2023\/02\/Coil-Rod-1.jpg","width":1000,"height":1000,"caption":"Coil Rod"},{"@type":"BreadcrumbList","@id":"https:\/\/qingdaohf.com\/product\/coil-rods\/#breadcrumb","itemListElement":[{"@type":"ListItem","position":1,"name":"Home","item":"https:\/\/qingdaohf.com\/"},{"@type":"ListItem","position":2,"name":"Concrete Forming Accessories and Rigging Hardware","item":"https:\/\/qingdaohf.com\/bg\/?page_id=944"},{"@type":"ListItem","position":3,"name":"Formwork Coil Rods"}]},{"@type":"WebSite","@id":"https:\/\/qingdaohf.com\/bg\/#website","url":"https:\/\/qingdaohf.com\/bg\/","name":"Concrete Form & Rigging Hardware Supplier","description":"","publisher":{"@id":"https:\/\/qingdaohf.com\/bg\/#organization"},"potentialAction":[{"@type":"SearchAction","target":{"@type":"EntryPoint","urlTemplate":"https:\/\/qingdaohf.com\/bg\/?s={search_term_string}"},"query-input":{"@type":"PropertyValueSpecification","valueRequired":true,"valueName":"search_term_string"}}],"inLanguage":"fi"},{"@type":"Organization","@id":"https:\/\/qingdaohf.com\/bg\/#organization","name":"Qingdao H&F","url":"https:\/\/qingdaohf.com\/bg\/","logo":{"@type":"ImageObject","inLanguage":"fi","@id":"https:\/\/qingdaohf.com\/bg\/#\/schema\/logo\/image\/","url":"https:\/\/qingdaohf.com\/wp-content\/uploads\/2022\/12\/cropped-HF-LOGO.png","contentUrl":"https:\/\/qingdaohf.com\/wp-content\/uploads\/2022\/12\/cropped-HF-LOGO.png","width":391,"height":249,"caption":"Qingdao H&F"},"image":{"@id":"https:\/\/qingdaohf.com\/bg\/#\/schema\/logo\/image\/"},"sameAs":["https:\/\/www.facebook.com\/qingdaohf"]}]}},"_links":{"self":[{"href":"https:\/\/qingdaohf.com\/fi\/wp-json\/wp\/v2\/product\/2056","targetHints":{"allow":["GET"]}}],"collection":[{"href":"https:\/\/qingdaohf.com\/fi\/wp-json\/wp\/v2\/product"}],"about":[{"href":"https:\/\/qingdaohf.com\/fi\/wp-json\/wp\/v2\/types\/product"}],"replies":[{"embeddable":true,"href":"https:\/\/qingdaohf.com\/fi\/wp-json\/wp\/v2\/comments?post=2056"}],"version-history":[{"count":3,"href":"https:\/\/qingdaohf.com\/fi\/wp-json\/wp\/v2\/product\/2056\/revisions"}],"predecessor-version":[{"id":8605,"href":"https:\/\/qingdaohf.com\/fi\/wp-json\/wp\/v2\/product\/2056\/revisions\/8605"}],"wp:featuredmedia":[{"embeddable":true,"href":"https:\/\/qingdaohf.com\/fi\/wp-json\/wp\/v2\/media\/2710"}],"wp:attachment":[{"href":"https:\/\/qingdaohf.com\/fi\/wp-json\/wp\/v2\/media?parent=2056"}],"wp:term":[{"taxonomy":"product_brand","embeddable":true,"href":"https:\/\/qingdaohf.com\/fi\/wp-json\/wp\/v2\/product_brand?post=2056"},{"taxonomy":"product_cat","embeddable":true,"href":"https:\/\/qingdaohf.com\/fi\/wp-json\/wp\/v2\/product_cat?post=2056"},{"taxonomy":"product_tag","embeddable":true,"href":"https:\/\/qingdaohf.com\/fi\/wp-json\/wp\/v2\/product_tag?post=2056"}],"curies":[{"name":"wp","href":"https:\/\/api.w.org\/{rel}","templated":true}]}}