{"id":2078,"date":"2023-02-08T16:58:31","date_gmt":"2023-02-08T08:58:31","guid":{"rendered":"http:\/\/qingdaohf.com\/?post_type=product&#038;p=2078"},"modified":"2025-11-13T09:06:36","modified_gmt":"2025-11-13T01:06:36","slug":"steel-stake","status":"publish","type":"product","link":"https:\/\/qingdaohf.com\/fi\/tuote\/teraspaalu\/","title":{"rendered":"Metallibetonin muotoiluun tarkoitetut ter\u00e4spaalut"},"content":{"rendered":"<div class=\"ast-oembed-container\" style=\"height: 100%;\"><iframe title=\"Betoni Ter\u00e4spaalu\" width=\"500\" height=\"281\" src=\"https:\/\/www.youtube.com\/embed\/kDArajRbFtQ?feature=oembed\" frameborder=\"0\" allow=\"accelerometer; autoplay; clipboard-write; encrypted-media; gyroscope; picture-in-picture; web-share\" referrerpolicy=\"strict-origin-when-cross-origin\" allowfullscreen><\/iframe><\/div>\n<h2>Py\u00f6re\u00e4t ter\u00e4spaalut<\/h2>\n<p><a href=\"http:\/\/qingdaohf.com\/fi\/product\/round-steel-stake\/\">Py\u00f6re\u00e4t ter\u00e4spaalut<\/a> ovat yleisimpi\u00e4 betonin muotoilussa k\u00e4ytett\u00e4vi\u00e4 ter\u00e4spaaluja. Ne on yleens\u00e4 valmistettu lujasta ter\u00e4ksest\u00e4, ja niit\u00e4 on saatavana eri halkaisijoilla ja pituuksilla. Py\u00f6re\u00e4t ter\u00e4svaarnat on helppo asentaa ja poistaa, ja ne tarjoavat erinomaisen vakauden ja tuen muoteille.<\/p>\n<p>Py\u00f6re\u00e4t ter\u00e4svaarnamme ovat kest\u00e4vi\u00e4 ja monipuolisia, ja niit\u00e4 on saatavana eri kokoisina tarpeidesi mukaan. Jokaisessa vaarnassa on kiinte\u00e4 3\/4\u2033 tai 7\/8\u2033 halkaisija, joka tarjoaa erinomaista vakautta ja lujuutta. Koot vaihtelevat 12 tuuman ja 48 tuuman v\u00e4lill\u00e4, mik\u00e4 mahdollistaa joustavuuden erilaisissa sovelluksissa rakenteiden kiinnitt\u00e4misest\u00e4 aidan tukemiseen. N\u00e4m\u00e4 ter\u00e4svaarnat on rakennettu kest\u00e4m\u00e4\u00e4n vaativia ymp\u00e4rist\u00f6j\u00e4, ja ne ovat olennainen osa kaikkia hankkeita, joissa tarvitaan vankkaa tukea. Tarvitsitpa niit\u00e4 sitten rakentamiseen tai maisemointiin, paalumme tarjoavat luotettavan suorituskyvyn ja helpon asennuksen.<\/p>\n<p><img fetchpriority=\"high\" decoding=\"async\" class=\"alignnone size-medium wp-image-5596\" src=\"http:\/\/qingdaohf.com\/wp-content\/uploads\/2023\/11\/round-steel-stake-261x300.png\" alt=\"py\u00f6re\u00e4 ter\u00e4spaalu\" width=\"261\" height=\"300\" srcset=\"https:\/\/qingdaohf.com\/wp-content\/uploads\/2023\/11\/round-steel-stake-261x300.png 261w, https:\/\/qingdaohf.com\/wp-content\/uploads\/2023\/11\/round-steel-stake.png 400w\" sizes=\"(max-width: 261px) 100vw, 261px\" \/><\/p>\n<h2>Nelikulmaiset ter\u00e4spaalut<\/h2>\n<p><a href=\"https:\/\/qingdaohf.com\/fi\/tuote\/neliskanttinen-terasnaulapaalu-reiilla\/\">Nelikulmaiset ter\u00e4spaalut<\/a> ovat samanlaisia kuin py\u00f6re\u00e4t ter\u00e4spaalut, mutta niiden poikkileikkaus on neli\u00f6n muotoinen eik\u00e4 py\u00f6re\u00e4. Ne on my\u00f6s valmistettu lujasta ter\u00e4ksest\u00e4, ja niit\u00e4 on saatavana eri kokoisina. Nelikulmaisia ter\u00e4svaarnoja k\u00e4ytet\u00e4\u00e4n usein tilanteissa, joissa tarvitaan lis\u00e4vakautta, kuten tuulisissa tai ep\u00e4tasaisissa olosuhteissa.<\/p>\n<p><img decoding=\"async\" class=\"alignnone size-medium wp-image-5598\" src=\"http:\/\/qingdaohf.com\/wp-content\/uploads\/2023\/11\/square-steel-stake-239x300.png\" alt=\"neliskanttinen ter\u00e4spaalu\" width=\"239\" height=\"300\" srcset=\"https:\/\/qingdaohf.com\/wp-content\/uploads\/2023\/11\/square-steel-stake-239x300.png 239w, https:\/\/qingdaohf.com\/wp-content\/uploads\/2023\/11\/square-steel-stake.png 448w\" sizes=\"(max-width: 239px) 100vw, 239px\" \/><\/p>\n<h2>Litte\u00e4t ter\u00e4spaalut<\/h2>\n<p><a href=\"https:\/\/qingdaohf.com\/fi\/tuote\/littea-terasvaarnan\/\">Litte\u00e4t ter\u00e4spaalut<\/a> on tyypillisesti valmistettu ohuemmasta ter\u00e4ksest\u00e4 kuin py\u00f6re\u00e4t tai nelikulmaiset ter\u00e4svaarnat. Niiss\u00e4 on litte\u00e4 poikkileikkaus, ja ne on suunniteltu ly\u00f6t\u00e4v\u00e4ksi maahan vinosti, jotta ne antaisivat lis\u00e4vakautta muoteille. Litteit\u00e4 ter\u00e4spaaluja k\u00e4ytet\u00e4\u00e4n usein yhdess\u00e4 py\u00f6reiden tai nelikulmaisten ter\u00e4spaalujen kanssa lis\u00e4tuen tarjoamiseksi haastavissa olosuhteissa.<\/p>\n<p><img decoding=\"async\" class=\"alignnone size-medium wp-image-5587\" src=\"http:\/\/qingdaohf.com\/wp-content\/uploads\/2023\/02\/Flat-Nail-Stake-279x300.png\" alt=\"Litte\u00e4 naulakko Stake\" width=\"279\" height=\"300\" srcset=\"https:\/\/qingdaohf.com\/wp-content\/uploads\/2023\/02\/Flat-Nail-Stake-279x300.png 279w, https:\/\/qingdaohf.com\/wp-content\/uploads\/2023\/02\/Flat-Nail-Stake.png 596w\" sizes=\"(max-width: 279px) 100vw, 279px\" \/><\/p>\n<h2>Litte\u00e4 I-palkki<\/h2>\n<p><a href=\"https:\/\/qingdaohf.com\/fi\/tuote\/i-palkin-paalu\/\">Litte\u00e4 I-palkki<\/a> ter\u00e4svaarnat ovat samanlaisia kuin litte\u00e4t ter\u00e4svaarnat, mutta niiden poikkileikkaus muistuttaa I-kirjainta. Ne on tyypillisesti valmistettu paksummasta ter\u00e4ksest\u00e4 kuin litte\u00e4t ter\u00e4svaarnat, ja ne on suunniteltu tarjoamaan entist\u00e4kin enemm\u00e4n vakautta ja tukea muoteille. Litteit\u00e4 I-palkkiter\u00e4spaaluja k\u00e4ytet\u00e4\u00e4n usein laajamittaisissa betonivaluhankkeissa, kuten sillanrakennuksessa tai korkeiden rakennusten rakentamisessa.<\/p>\n<p><img loading=\"lazy\" decoding=\"async\" class=\"alignnone size-medium wp-image-5584\" src=\"http:\/\/qingdaohf.com\/wp-content\/uploads\/2023\/02\/Flat-I-Beam-Stake-267x300.png\" alt=\"Litte\u00e4 I-palkki\" width=\"267\" height=\"300\" srcset=\"https:\/\/qingdaohf.com\/wp-content\/uploads\/2023\/02\/Flat-I-Beam-Stake-267x300.png 267w, https:\/\/qingdaohf.com\/wp-content\/uploads\/2023\/02\/Flat-I-Beam-Stake.png 556w\" sizes=\"(max-width: 267px) 100vw, 267px\" \/><\/p>","protected":false},"excerpt":{"rendered":"<p>Ter\u00e4spaaluja k\u00e4ytet\u00e4\u00e4n yleisesti betonivalussa pit\u00e4m\u00e4\u00e4n muotti paikallaan ja tukemaan m\u00e4r\u00e4n betonin painoa. Betonin muotoilussa k\u00e4ytett\u00e4vi\u00e4 ter\u00e4svaarnoja on saatavana useita eri tyyppej\u00e4, muun muassa seuraavia <strong>py\u00f6re\u00e4t ter\u00e4spaalut<\/strong>, <strong>neliskanttiset ter\u00e4spaalut<\/strong>, <strong>litte\u00e4t ter\u00e4spaalut<\/strong>ja tasainen <strong>I-palkkiset ter\u00e4spaalut<\/strong>.<\/p>\n<p>Kukin vaarnatyyppi on tarkkaan mitoitettu, helppo asentaa ter\u00e4vill\u00e4 k\u00e4rjill\u00e4, ja niit\u00e4 on saatavana r\u00e4\u00e4t\u00e4l\u00f6ityj\u00e4 kokoja erilaisiin tarpeisiin.<\/p>\n<p>Kilpailukykyisen hinnoittelun, oikea-aikaisen toimituksen ja huomaavaisen asiakaspalvelun ansiosta Qingdao H&amp;F takaa luotettavan tuen tilauksesta toimitukseen. Vaarnamme ovat ihanteellinen valinta turvalliseen ja kest\u00e4v\u00e4\u00e4n rakenteelliseen vahvistamiseen.<\/p>","protected":false},"featured_media":2788,"comment_status":"open","ping_status":"closed","template":"","meta":{"site-sidebar-layout":"default","site-content-layout":"default","ast-site-content-layout":"default","site-content-style":"default","site-sidebar-style":"default","ast-global-header-display":"","ast-banner-title-visibility":"","ast-main-header-display":"","ast-hfb-above-header-display":"","ast-hfb-below-header-display":"","ast-hfb-mobile-header-display":"","site-post-title":"","ast-breadcrumbs-content":"","ast-featured-img":"","footer-sml-layout":"","theme-transparent-header-meta":"default","adv-header-id-meta":"","stick-header-meta":"default","header-above-stick-meta":"","header-main-stick-meta":"","header-below-stick-meta":"","astra-migrate-meta-layouts":"set","ast-page-background-enabled":"default","ast-page-background-meta":{"desktop":{"background-color":"","background-image":"","background-repeat":"repeat","background-position":"center center","background-size":"auto","background-attachment":"scroll","background-type":"","background-media":"","overlay-type":"","overlay-color":"","overlay-opacity":"","overlay-gradient":""},"tablet":{"background-color":"","background-image":"","background-repeat":"repeat","background-position":"center center","background-size":"auto","background-attachment":"scroll","background-type":"","background-media":"","overlay-type":"","overlay-color":"","overlay-opacity":"","overlay-gradient":""},"mobile":{"background-color":"","background-image":"","background-repeat":"repeat","background-position":"center center","background-size":"auto","background-attachment":"scroll","background-type":"","background-media":"","overlay-type":"","overlay-color":"","overlay-opacity":"","overlay-gradient":""}},"ast-content-background-meta":{"desktop":{"background-color":"var(--ast-global-color-5)","background-image":"","background-repeat":"repeat","background-position":"center center","background-size":"auto","background-attachment":"scroll","background-type":"","background-media":"","overlay-type":"","overlay-color":"","overlay-opacity":"","overlay-gradient":""},"tablet":{"background-color":"var(--ast-global-color-5)","background-image":"","background-repeat":"repeat","background-position":"center center","background-size":"auto","background-attachment":"scroll","background-type":"","background-media":"","overlay-type":"","overlay-color":"","overlay-opacity":"","overlay-gradient":""},"mobile":{"background-color":"var(--ast-global-color-5)","background-image":"","background-repeat":"repeat","background-position":"center center","background-size":"auto","background-attachment":"scroll","background-type":"","background-media":"","overlay-type":"","overlay-color":"","overlay-opacity":"","overlay-gradient":""}}},"product_brand":[],"product_cat":[28,53],"product_tag":[],"class_list":{"0":"post-2078","1":"product","2":"type-product","3":"status-publish","4":"has-post-thumbnail","6":"product_cat-concrete-forming","7":"product_cat-steel-stake","8":"desktop-align-left","9":"tablet-align-left","10":"mobile-align-left","11":"ast-product-gallery-layout-horizontal-slider","12":"ast-product-tabs-layout-horizontal","14":"first","15":"instock","16":"featured","17":"shipping-taxable","18":"purchasable","19":"product-type-simple"},"yoast_head":"<!-- This site is optimized with the Yoast SEO plugin v25.2 - https:\/\/yoast.com\/wordpress\/plugins\/seo\/ -->\n<title>Metal Concrete Forming Steel Stakes<\/title>\n<meta name=\"description\" content=\"China\u00a0Square Steel Stake manufacturers.This\u00a0square stake\u00a0has a sleek black finish, and is easy to install onto your truck.\u00a0\" \/>\n<meta name=\"robots\" content=\"index, follow, max-snippet:-1, max-image-preview:large, max-video-preview:-1\" \/>\n<link rel=\"canonical\" href=\"https:\/\/qingdaohf.com\/fi\/tuote\/teraspaalu\/\" \/>\n<meta property=\"og:locale\" content=\"fi_FI\" \/>\n<meta property=\"og:type\" content=\"article\" \/>\n<meta property=\"og:title\" content=\"Concrete Steel Stake\" \/>\n<meta property=\"og:description\" content=\"Steel stakes are commonly used in concrete forming to hold the formwork in place and to provide support for the weight of the wet concrete.\" \/>\n<meta property=\"og:url\" content=\"https:\/\/qingdaohf.com\/fi\/tuote\/teraspaalu\/\" \/>\n<meta property=\"og:site_name\" content=\"Concrete Form &amp; Rigging Hardware Supplier\" \/>\n<meta property=\"article:publisher\" content=\"https:\/\/www.facebook.com\/qingdaohf\" \/>\n<meta property=\"article:modified_time\" content=\"2025-11-13T01:06:36+00:00\" \/>\n<meta property=\"og:image\" content=\"https:\/\/qingdaohf.com\/wp-content\/uploads\/2023\/02\/steel-stake-7.jpg\" \/>\n\t<meta property=\"og:image:width\" content=\"800\" \/>\n\t<meta property=\"og:image:height\" content=\"800\" \/>\n\t<meta property=\"og:image:type\" content=\"image\/jpeg\" \/>\n<meta name=\"twitter:card\" content=\"summary_large_image\" \/>\n<meta name=\"twitter:label1\" content=\"Arvioitu lukuaika\" \/>\n\t<meta name=\"twitter:data1\" content=\"3 minuuttia\" \/>\n<script type=\"application\/ld+json\" class=\"yoast-schema-graph\">{\"@context\":\"https:\/\/schema.org\",\"@graph\":[{\"@type\":\"WebPage\",\"@id\":\"https:\/\/qingdaohf.com\/product\/steel-stake\/\",\"url\":\"https:\/\/qingdaohf.com\/product\/steel-stake\/\",\"name\":\"Metal Concrete Forming Steel Stakes\",\"isPartOf\":{\"@id\":\"https:\/\/qingdaohf.com\/bg\/#website\"},\"primaryImageOfPage\":{\"@id\":\"https:\/\/qingdaohf.com\/product\/steel-stake\/#primaryimage\"},\"image\":{\"@id\":\"https:\/\/qingdaohf.com\/product\/steel-stake\/#primaryimage\"},\"thumbnailUrl\":\"https:\/\/qingdaohf.com\/wp-content\/uploads\/2023\/02\/steel-stake-7.jpg\",\"datePublished\":\"2023-02-08T08:58:31+00:00\",\"dateModified\":\"2025-11-13T01:06:36+00:00\",\"description\":\"China\u00a0Square Steel Stake manufacturers.This\u00a0square stake\u00a0has a sleek black finish, and is easy to install onto your truck.\u00a0\",\"breadcrumb\":{\"@id\":\"https:\/\/qingdaohf.com\/product\/steel-stake\/#breadcrumb\"},\"inLanguage\":\"fi\",\"potentialAction\":[{\"@type\":\"ReadAction\",\"target\":[\"https:\/\/qingdaohf.com\/product\/steel-stake\/\"]}]},{\"@type\":\"ImageObject\",\"inLanguage\":\"fi\",\"@id\":\"https:\/\/qingdaohf.com\/product\/steel-stake\/#primaryimage\",\"url\":\"https:\/\/qingdaohf.com\/wp-content\/uploads\/2023\/02\/steel-stake-7.jpg\",\"contentUrl\":\"https:\/\/qingdaohf.com\/wp-content\/uploads\/2023\/02\/steel-stake-7.jpg\",\"width\":800,\"height\":800,\"caption\":\"steel stake\"},{\"@type\":\"BreadcrumbList\",\"@id\":\"https:\/\/qingdaohf.com\/product\/steel-stake\/#breadcrumb\",\"itemListElement\":[{\"@type\":\"ListItem\",\"position\":1,\"name\":\"Home\",\"item\":\"https:\/\/qingdaohf.com\/\"},{\"@type\":\"ListItem\",\"position\":2,\"name\":\"Concrete Forming Accessories and Rigging Hardware\",\"item\":\"https:\/\/qingdaohf.com\/bg\/?page_id=944\"},{\"@type\":\"ListItem\",\"position\":3,\"name\":\"Metal Concrete Forming Steel Stakes\"}]},{\"@type\":\"WebSite\",\"@id\":\"https:\/\/qingdaohf.com\/bg\/#website\",\"url\":\"https:\/\/qingdaohf.com\/bg\/\",\"name\":\"Concrete Form & Rigging Hardware Supplier\",\"description\":\"\",\"publisher\":{\"@id\":\"https:\/\/qingdaohf.com\/bg\/#organization\"},\"potentialAction\":[{\"@type\":\"SearchAction\",\"target\":{\"@type\":\"EntryPoint\",\"urlTemplate\":\"https:\/\/qingdaohf.com\/bg\/?s={search_term_string}\"},\"query-input\":{\"@type\":\"PropertyValueSpecification\",\"valueRequired\":true,\"valueName\":\"search_term_string\"}}],\"inLanguage\":\"fi\"},{\"@type\":\"Organization\",\"@id\":\"https:\/\/qingdaohf.com\/bg\/#organization\",\"name\":\"Qingdao H&F\",\"url\":\"https:\/\/qingdaohf.com\/bg\/\",\"logo\":{\"@type\":\"ImageObject\",\"inLanguage\":\"fi\",\"@id\":\"https:\/\/qingdaohf.com\/bg\/#\/schema\/logo\/image\/\",\"url\":\"https:\/\/qingdaohf.com\/wp-content\/uploads\/2022\/12\/cropped-HF-LOGO.png\",\"contentUrl\":\"https:\/\/qingdaohf.com\/wp-content\/uploads\/2022\/12\/cropped-HF-LOGO.png\",\"width\":391,\"height\":249,\"caption\":\"Qingdao H&F\"},\"image\":{\"@id\":\"https:\/\/qingdaohf.com\/bg\/#\/schema\/logo\/image\/\"},\"sameAs\":[\"https:\/\/www.facebook.com\/qingdaohf\"]}]}<\/script>\n<!-- \/ Yoast SEO plugin. -->","yoast_head_json":{"title":"Metal Concrete Forming Steel Stakes","description":"China\u00a0Square Steel Stake manufacturers.This\u00a0square stake\u00a0has a sleek black finish, and is easy to install onto your truck.\u00a0","robots":{"index":"index","follow":"follow","max-snippet":"max-snippet:-1","max-image-preview":"max-image-preview:large","max-video-preview":"max-video-preview:-1"},"canonical":"https:\/\/qingdaohf.com\/fi\/tuote\/teraspaalu\/","og_locale":"fi_FI","og_type":"article","og_title":"Concrete Steel Stake","og_description":"Steel stakes are commonly used in concrete forming to hold the formwork in place and to provide support for the weight of the wet concrete.","og_url":"https:\/\/qingdaohf.com\/fi\/tuote\/teraspaalu\/","og_site_name":"Concrete Form &amp; Rigging Hardware Supplier","article_publisher":"https:\/\/www.facebook.com\/qingdaohf","article_modified_time":"2025-11-13T01:06:36+00:00","og_image":[{"width":800,"height":800,"url":"https:\/\/qingdaohf.com\/wp-content\/uploads\/2023\/02\/steel-stake-7.jpg","type":"image\/jpeg"}],"twitter_card":"summary_large_image","twitter_misc":{"Arvioitu lukuaika":"3 minuuttia"},"schema":{"@context":"https:\/\/schema.org","@graph":[{"@type":"WebPage","@id":"https:\/\/qingdaohf.com\/product\/steel-stake\/","url":"https:\/\/qingdaohf.com\/product\/steel-stake\/","name":"Metal Concrete Forming Steel Stakes","isPartOf":{"@id":"https:\/\/qingdaohf.com\/bg\/#website"},"primaryImageOfPage":{"@id":"https:\/\/qingdaohf.com\/product\/steel-stake\/#primaryimage"},"image":{"@id":"https:\/\/qingdaohf.com\/product\/steel-stake\/#primaryimage"},"thumbnailUrl":"https:\/\/qingdaohf.com\/wp-content\/uploads\/2023\/02\/steel-stake-7.jpg","datePublished":"2023-02-08T08:58:31+00:00","dateModified":"2025-11-13T01:06:36+00:00","description":"China\u00a0Square Steel Stake manufacturers.This\u00a0square stake\u00a0has a sleek black finish, and is easy to install onto your truck.\u00a0","breadcrumb":{"@id":"https:\/\/qingdaohf.com\/product\/steel-stake\/#breadcrumb"},"inLanguage":"fi","potentialAction":[{"@type":"ReadAction","target":["https:\/\/qingdaohf.com\/product\/steel-stake\/"]}]},{"@type":"ImageObject","inLanguage":"fi","@id":"https:\/\/qingdaohf.com\/product\/steel-stake\/#primaryimage","url":"https:\/\/qingdaohf.com\/wp-content\/uploads\/2023\/02\/steel-stake-7.jpg","contentUrl":"https:\/\/qingdaohf.com\/wp-content\/uploads\/2023\/02\/steel-stake-7.jpg","width":800,"height":800,"caption":"steel stake"},{"@type":"BreadcrumbList","@id":"https:\/\/qingdaohf.com\/product\/steel-stake\/#breadcrumb","itemListElement":[{"@type":"ListItem","position":1,"name":"Home","item":"https:\/\/qingdaohf.com\/"},{"@type":"ListItem","position":2,"name":"Concrete Forming Accessories and Rigging Hardware","item":"https:\/\/qingdaohf.com\/bg\/?page_id=944"},{"@type":"ListItem","position":3,"name":"Metal Concrete Forming Steel Stakes"}]},{"@type":"WebSite","@id":"https:\/\/qingdaohf.com\/bg\/#website","url":"https:\/\/qingdaohf.com\/bg\/","name":"Concrete Form & Rigging Hardware Supplier","description":"","publisher":{"@id":"https:\/\/qingdaohf.com\/bg\/#organization"},"potentialAction":[{"@type":"SearchAction","target":{"@type":"EntryPoint","urlTemplate":"https:\/\/qingdaohf.com\/bg\/?s={search_term_string}"},"query-input":{"@type":"PropertyValueSpecification","valueRequired":true,"valueName":"search_term_string"}}],"inLanguage":"fi"},{"@type":"Organization","@id":"https:\/\/qingdaohf.com\/bg\/#organization","name":"Qingdao H&F","url":"https:\/\/qingdaohf.com\/bg\/","logo":{"@type":"ImageObject","inLanguage":"fi","@id":"https:\/\/qingdaohf.com\/bg\/#\/schema\/logo\/image\/","url":"https:\/\/qingdaohf.com\/wp-content\/uploads\/2022\/12\/cropped-HF-LOGO.png","contentUrl":"https:\/\/qingdaohf.com\/wp-content\/uploads\/2022\/12\/cropped-HF-LOGO.png","width":391,"height":249,"caption":"Qingdao H&F"},"image":{"@id":"https:\/\/qingdaohf.com\/bg\/#\/schema\/logo\/image\/"},"sameAs":["https:\/\/www.facebook.com\/qingdaohf"]}]}},"_links":{"self":[{"href":"https:\/\/qingdaohf.com\/fi\/wp-json\/wp\/v2\/product\/2078","targetHints":{"allow":["GET"]}}],"collection":[{"href":"https:\/\/qingdaohf.com\/fi\/wp-json\/wp\/v2\/product"}],"about":[{"href":"https:\/\/qingdaohf.com\/fi\/wp-json\/wp\/v2\/types\/product"}],"replies":[{"embeddable":true,"href":"https:\/\/qingdaohf.com\/fi\/wp-json\/wp\/v2\/comments?post=2078"}],"version-history":[{"count":31,"href":"https:\/\/qingdaohf.com\/fi\/wp-json\/wp\/v2\/product\/2078\/revisions"}],"predecessor-version":[{"id":10343,"href":"https:\/\/qingdaohf.com\/fi\/wp-json\/wp\/v2\/product\/2078\/revisions\/10343"}],"wp:featuredmedia":[{"embeddable":true,"href":"https:\/\/qingdaohf.com\/fi\/wp-json\/wp\/v2\/media\/2788"}],"wp:attachment":[{"href":"https:\/\/qingdaohf.com\/fi\/wp-json\/wp\/v2\/media?parent=2078"}],"wp:term":[{"taxonomy":"product_brand","embeddable":true,"href":"https:\/\/qingdaohf.com\/fi\/wp-json\/wp\/v2\/product_brand?post=2078"},{"taxonomy":"product_cat","embeddable":true,"href":"https:\/\/qingdaohf.com\/fi\/wp-json\/wp\/v2\/product_cat?post=2078"},{"taxonomy":"product_tag","embeddable":true,"href":"https:\/\/qingdaohf.com\/fi\/wp-json\/wp\/v2\/product_tag?post=2078"}],"curies":[{"name":"wp","href":"https:\/\/api.w.org\/{rel}","templated":true}]}}