{"id":2080,"date":"2023-02-08T17:31:37","date_gmt":"2023-02-08T09:31:37","guid":{"rendered":"http:\/\/qingdaohf.com\/?post_type=product&#038;p=2080"},"modified":"2025-11-13T09:06:36","modified_gmt":"2025-11-13T01:06:36","slug":"flat-steel-stake","status":"publish","type":"product","link":"https:\/\/qingdaohf.com\/fi\/tuote\/littea-terasvaarnan\/","title":{"rendered":"Litte\u00e4 ter\u00e4spaalu betonin muotoiluun"},"content":{"rendered":"<div class=\"ast-oembed-container\" style=\"height: 100%;\"><iframe title=\"Betoni Ter\u00e4spaalu\" width=\"500\" height=\"281\" src=\"https:\/\/www.youtube.com\/embed\/kDArajRbFtQ?feature=oembed\" frameborder=\"0\" allow=\"accelerometer; autoplay; clipboard-write; encrypted-media; gyroscope; picture-in-picture; web-share\" referrerpolicy=\"strict-origin-when-cross-origin\" allowfullscreen><\/iframe><\/div>\n<p>Betonin muovaaminen on prosessi, jossa luodaan v\u00e4liaikainen muotti tai kehys, johon m\u00e4rk\u00e4 betoni valetaan ja jonka annetaan kovettua haluttuun muotoon tai rakenteeseen. Betonimuotti on tyypillisesti valmistettu puusta, ter\u00e4ksest\u00e4 tai muovista, ja sit\u00e4 k\u00e4ytet\u00e4\u00e4n erilaisten betonirakenteiden, kuten seinien, pylv\u00e4iden, laattojen ja palkkien luomiseen.<\/p>\n<p>Ter\u00e4spaaluja k\u00e4ytet\u00e4\u00e4n yleisesti betonivalussa pit\u00e4m\u00e4\u00e4n muotti paikallaan ja tukemaan m\u00e4r\u00e4n betonin painoa. Betonin muovauksessa k\u00e4ytett\u00e4vi\u00e4 ter\u00e4svaarnoja on useita erilaisia, kuten py\u00f6reit\u00e4 ter\u00e4svaarnoja, neliskanttisia ter\u00e4svaarnoja, litteit\u00e4 ter\u00e4svaarnoja ja litteit\u00e4 I-palkkiter\u00e4svaarnoja.<\/p>\n<p>Py\u00f6re\u00e4t ter\u00e4svaarnat ovat yleisin betonivalussa k\u00e4ytetty ter\u00e4svaarnatyyppi. Ne on yleens\u00e4 valmistettu lujasta ter\u00e4ksest\u00e4, ja niit\u00e4 on saatavana eri halkaisijoilla ja pituuksilla. Py\u00f6re\u00e4t ter\u00e4svaarnat on helppo asentaa ja irrottaa, ja ne tarjoavat erinomaisen vakauden ja tuen muoteille.<\/p>\n\n<table id=\"tablepress-19\" class=\"tablepress tablepress-id-19\">\n<thead>\n<tr class=\"row-1\">\n\t<th class=\"column-1\">Kuvaus<\/th><th class=\"column-2\">Yksikk\u00f6<\/th><th class=\"column-3\">Kuormalava<\/th><th class=\"column-4\">Paino (kg)<\/th>\n<\/tr>\n<\/thead>\n<tbody class=\"row-striping row-hover\">\n<tr class=\"row-2\">\n\t<td class=\"column-1\">3\/4\" x 12\"<\/td><td class=\"column-2\">10kpl\/laatikko<\/td><td class=\"column-3\">150 laatikkoa\/kuormalava<\/td><td class=\"column-4\">0.6200<\/td>\n<\/tr>\n<tr class=\"row-3\">\n\t<td class=\"column-1\">3\/4\" x 18\"<\/td><td class=\"column-2\">10kpl\/laatikko<\/td><td class=\"column-3\">100laatikkoa\/kuormalava<\/td><td class=\"column-4\">0.9250<\/td>\n<\/tr>\n<tr class=\"row-4\">\n\t<td class=\"column-1\">3\/4\" x 24\"<\/td><td class=\"column-2\">10kpl\/laatikko<\/td><td class=\"column-3\">75laatikkoa\/kuormalava<\/td><td class=\"column-4\">1.2400<\/td>\n<\/tr>\n<tr class=\"row-5\">\n\t<td class=\"column-1\">3\/4\" x 30\"<\/td><td class=\"column-2\">10kpl\/laatikko<\/td><td class=\"column-3\">60laatikkoa\/kuormalava<\/td><td class=\"column-4\">1.5450<\/td>\n<\/tr>\n<tr class=\"row-6\">\n\t<td class=\"column-1\">3\/4\" x 36\"<\/td><td class=\"column-2\">10kpl\/laatikko<\/td><td class=\"column-3\">50laatikkoa\/kuormalava<\/td><td class=\"column-4\">1.8600<\/td>\n<\/tr>\n<tr class=\"row-7\">\n\t<td class=\"column-1\">3\/4\" x 42\"<\/td><td class=\"column-2\">10kpl\/laatikko<\/td><td class=\"column-3\">40laatikkoa\/kuormalava<\/td><td class=\"column-4\">2.1650<\/td>\n<\/tr>\n<tr class=\"row-8\">\n\t<td class=\"column-1\">3\/4\" x 48\"<\/td><td class=\"column-2\">10kpl\/laatikko<\/td><td class=\"column-3\">30laatikkoa\/kuormalava<\/td><td class=\"column-4\">2.4750<\/td>\n<\/tr>\n<tr class=\"row-9\">\n\t<td class=\"column-1\">7\/8\" x 12\"<\/td><td class=\"column-2\">10kpl\/laatikko<\/td><td class=\"column-3\">150 laatikkoa\/kuormalava<\/td><td class=\"column-4\">0.9100<\/td>\n<\/tr>\n<tr class=\"row-10\">\n\t<td class=\"column-1\">7\/8\" x 18\"<\/td><td class=\"column-2\">10kpl\/laatikko<\/td><td class=\"column-3\">100laatikkoa\/kuormalava<\/td><td class=\"column-4\">1.3550<\/td>\n<\/tr>\n<tr class=\"row-11\">\n\t<td class=\"column-1\">7\/8\" x 24\"<\/td><td class=\"column-2\">10kpl\/laatikko<\/td><td class=\"column-3\">75laatikkoa\/kuormalava<\/td><td class=\"column-4\">1.8200<\/td>\n<\/tr>\n<tr class=\"row-12\">\n\t<td class=\"column-1\">7\/8\" x 30\"<\/td><td class=\"column-2\">10kpl\/laatikko<\/td><td class=\"column-3\">60laatikkoa\/kuormalava<\/td><td class=\"column-4\">2.2700<\/td>\n<\/tr>\n<tr class=\"row-13\">\n\t<td class=\"column-1\">7\/8\" x 36\"<\/td><td class=\"column-2\">10kpl\/laatikko<\/td><td class=\"column-3\">50laatikkoa\/kuormalava<\/td><td class=\"column-4\">2.7300<\/td>\n<\/tr>\n<tr class=\"row-14\">\n\t<td class=\"column-1\">7\/8\" x 42\"<\/td><td class=\"column-2\">10kpl\/laatikko<\/td><td class=\"column-3\">40laatikkoa\/kuormalava<\/td><td class=\"column-4\">3.1800<\/td>\n<\/tr>\n<tr class=\"row-15\">\n\t<td class=\"column-1\">7\/8\" x 48\"<\/td><td class=\"column-2\">10kpl\/laatikko<\/td><td class=\"column-3\">30laatikkoa\/kuormalava<\/td><td class=\"column-4\">3.6400<\/td>\n<\/tr>\n<\/tbody>\n<\/table>\n\n<p>Nelikulmaiset ter\u00e4svaarnat ovat samankaltaisia kuin py\u00f6re\u00e4t ter\u00e4svaarnat, mutta niiden poikkileikkaus on neli\u00f6n muotoinen eik\u00e4 py\u00f6re\u00e4. My\u00f6s ne on valmistettu lujasta ter\u00e4ksest\u00e4, ja niit\u00e4 on saatavana eri kokoisina. Nelikulmaisia ter\u00e4svaarnoja k\u00e4ytet\u00e4\u00e4n usein tilanteissa, joissa tarvitaan lis\u00e4vakautta, kuten tuulisissa tai ep\u00e4tasaisissa olosuhteissa.<\/p>\n\n<table id=\"tablepress-20\" class=\"tablepress tablepress-id-20\">\n<thead>\n<tr class=\"row-1\">\n\t<th class=\"column-1\">Kuvaus<\/th><th class=\"column-2\">Yksikk\u00f6<\/th><th class=\"column-3\">Kuormalava<\/th><th class=\"column-4\">Paino (kg)<\/th>\n<\/tr>\n<\/thead>\n<tbody class=\"row-striping row-hover\">\n<tr class=\"row-2\">\n\t<td class=\"column-1\">5\/8\" x 12\"<\/td><td class=\"column-2\">10kpl\/laatikko<\/td><td class=\"column-3\">150 laatikkoa\/kuormalava<\/td><td class=\"column-4\">0.56<\/td>\n<\/tr>\n<tr class=\"row-3\">\n\t<td class=\"column-1\">5\/8\" x 18\"<\/td><td class=\"column-2\">10kpl\/laatikko<\/td><td class=\"column-3\">100laatikkoa\/kuormalava<\/td><td class=\"column-4\">0.81<\/td>\n<\/tr>\n<tr class=\"row-4\">\n\t<td class=\"column-1\">5\/8\" x 24\"<\/td><td class=\"column-2\">10kpl\/laatikko<\/td><td class=\"column-3\">75laatikkoa\/kuormalava<\/td><td class=\"column-4\">1.07<\/td>\n<\/tr>\n<tr class=\"row-5\">\n\t<td class=\"column-1\">5\/8\" x 30\"<\/td><td class=\"column-2\">10kpl\/laatikko<\/td><td class=\"column-3\">60laatikkoa\/kuormalava<\/td><td class=\"column-4\">1.34<\/td>\n<\/tr>\n<tr class=\"row-6\">\n\t<td class=\"column-1\">5\/8\" x 36\"<\/td><td class=\"column-2\">10kpl\/laatikko<\/td><td class=\"column-3\">50laatikkoa\/kuormalava<\/td><td class=\"column-4\">1.61<\/td>\n<\/tr>\n<tr class=\"row-7\">\n\t<td class=\"column-1\">5\/8\" x 42\"<\/td><td class=\"column-2\">10kpl\/laatikko<\/td><td class=\"column-3\">40laatikkoa\/kuormalava<\/td><td class=\"column-4\">1.87<\/td>\n<\/tr>\n<tr class=\"row-8\">\n\t<td class=\"column-1\">5\/8\" x 48\"<\/td><td class=\"column-2\">10kpl\/laatikko<\/td><td class=\"column-3\">30laatikkoa\/kuormalava<\/td><td class=\"column-4\">2.14<\/td>\n<\/tr>\n<\/tbody>\n<\/table>\n<!-- #tablepress-20 from cache -->\n<p>Litte\u00e4t ter\u00e4svaarnat on yleens\u00e4 valmistettu ohuemmasta ter\u00e4ksest\u00e4 kuin py\u00f6re\u00e4t tai neli\u00f6nmuotoiset ter\u00e4svaarnat. Niill\u00e4 on litte\u00e4 poikkileikkaus, ja ne on suunniteltu ly\u00f6t\u00e4v\u00e4ksi maahan vinosti, jotta ne antaisivat lis\u00e4vakautta muoteille. Lattater\u00e4svaarnoja k\u00e4ytet\u00e4\u00e4n usein yhdess\u00e4 py\u00f6reiden tai nelikulmaisten ter\u00e4svaarnojen kanssa lis\u00e4tuen tarjoamiseksi haastavissa olosuhteissa.<\/p>\n\n<table id=\"tablepress-21\" class=\"tablepress tablepress-id-21\">\n<thead>\n<tr class=\"row-1\">\n\t<th class=\"column-1\">Kuvaus<\/th><th class=\"column-2\">Yksikk\u00f6<\/th><th class=\"column-3\">Kuormalava<\/th><th class=\"column-4\">Paino (kg)<\/th>\n<\/tr>\n<\/thead>\n<tbody class=\"row-striping row-hover\">\n<tr class=\"row-2\">\n\t<td class=\"column-1\">12\"<\/td><td class=\"column-2\">10kpl\/laatikko<\/td><td class=\"column-3\">150 laatikkoa\/kuormalava<\/td><td class=\"column-4\">0.72<\/td>\n<\/tr>\n<tr class=\"row-3\">\n\t<td class=\"column-1\">18\"<\/td><td class=\"column-2\">10kpl\/laatikko<\/td><td class=\"column-3\">100laatikkoa\/kuormalava<\/td><td class=\"column-4\">1.07<\/td>\n<\/tr>\n<tr class=\"row-4\">\n\t<td class=\"column-1\">24\"<\/td><td class=\"column-2\">10kpl\/laatikko<\/td><td class=\"column-3\">75laatikkoa\/kuormalava<\/td><td class=\"column-4\">1.41<\/td>\n<\/tr>\n<tr class=\"row-5\">\n\t<td class=\"column-1\">30\"<\/td><td class=\"column-2\">10kpl\/laatikko<\/td><td class=\"column-3\">60laatikkoa\/kuormalava<\/td><td class=\"column-4\">1.8<\/td>\n<\/tr>\n<tr class=\"row-6\">\n\t<td class=\"column-1\">36\"<\/td><td class=\"column-2\">10kpl\/laatikko<\/td><td class=\"column-3\">50laatikkoa\/kuormalava<\/td><td class=\"column-4\">2.16<\/td>\n<\/tr>\n<tr class=\"row-7\">\n\t<td class=\"column-1\">42\"<\/td><td class=\"column-2\">10kpl\/laatikko<\/td><td class=\"column-3\">40laatikkoa\/kuormalava<\/td><td class=\"column-4\">2.56<\/td>\n<\/tr>\n<tr class=\"row-8\">\n\t<td class=\"column-1\">48\"<\/td><td class=\"column-2\">10kpl\/laatikko<\/td><td class=\"column-3\">30laatikkoa\/kuormalava<\/td><td class=\"column-4\">2.93<\/td>\n<\/tr>\n<\/tbody>\n<\/table>\n\n<p>Litte\u00e4t I-palkkiter\u00e4spaalut ovat samanlaisia kuin litte\u00e4t ter\u00e4spaalut, mutta niiden poikkileikkaus muistuttaa I-kirjainta. Ne on tyypillisesti valmistettu paksummasta ter\u00e4ksest\u00e4 kuin lattater\u00e4spaalut, ja ne on suunniteltu tarjoamaan entist\u00e4kin enemm\u00e4n vakautta ja tukea muoteille. Litteit\u00e4 I-palkkiter\u00e4spaaluja k\u00e4ytet\u00e4\u00e4n usein suurissa betonivaluhankkeissa, kuten sillanrakennuksessa tai korkeiden rakennusten rakentamisessa.<\/p>\n\n<table id=\"tablepress-22\" class=\"tablepress tablepress-id-22\">\n<thead>\n<tr class=\"row-1\">\n\t<th class=\"column-1\">Tekniset tiedot<\/th><th class=\"column-2\">Kpl\/kartonki<\/th><th class=\"column-3\">Kpl\/kuormalava<\/th>\n<\/tr>\n<\/thead>\n<tbody class=\"row-striping row-hover\">\n<tr class=\"row-2\">\n\t<td class=\"column-1\">1-1\/2\" x 12\" litte\u00e4 I-palkin vaarnapylv\u00e4s rei'ill\u00e4 varustettuna<\/td><td class=\"column-2\">10<\/td><td class=\"column-3\">1500<\/td>\n<\/tr>\n<tr class=\"row-3\">\n\t<td class=\"column-1\">1-1\/2\" x 18\" litte\u00e4 I-palkin vaarnapylv\u00e4s rei'ill\u00e4 varustettuna<\/td><td class=\"column-2\">10<\/td><td class=\"column-3\">1000<\/td>\n<\/tr>\n<tr class=\"row-4\">\n\t<td class=\"column-1\">1-1\/2\" x 24\" litte\u00e4 I-palkin vaarnapylv\u00e4s rei'ill\u00e4 varustettuna<\/td><td class=\"column-2\">10<\/td><td class=\"column-3\">750<\/td>\n<\/tr>\n<tr class=\"row-5\">\n\t<td class=\"column-1\">1-1\/2\" x 30\" litte\u00e4 I-palkkipylv\u00e4s rei'ill\u00e4 varustettuna<\/td><td class=\"column-2\">10<\/td><td class=\"column-3\">600<\/td>\n<\/tr>\n<tr class=\"row-6\">\n\t<td class=\"column-1\">1-1\/2\" x 36\" Litte\u00e4 I-palkki vaarnan rei\u00e4t<\/td><td class=\"column-2\">10<\/td><td class=\"column-3\">500<\/td>\n<\/tr>\n<\/tbody>\n<\/table>\n<!-- #tablepress-22 from cache -->\n<p><img fetchpriority=\"high\" decoding=\"async\" class=\"alignnone size-full wp-image-2789\" style=\"font-style: inherit; font-weight: inherit;\" src=\"http:\/\/qingdaohf.com\/wp-content\/uploads\/2023\/02\/\u672a\u6807\u9898-1.jpg\" alt=\"\" width=\"1200\" height=\"1200\" srcset=\"https:\/\/qingdaohf.com\/wp-content\/uploads\/2023\/02\/\u672a\u6807\u9898-1.jpg 1200w, https:\/\/qingdaohf.com\/wp-content\/uploads\/2023\/02\/\u672a\u6807\u9898-1-500x500.jpg 500w, https:\/\/qingdaohf.com\/wp-content\/uploads\/2023\/02\/\u672a\u6807\u9898-1-100x100.jpg 100w, https:\/\/qingdaohf.com\/wp-content\/uploads\/2023\/02\/\u672a\u6807\u9898-1-1000x1000.jpg 1000w, https:\/\/qingdaohf.com\/wp-content\/uploads\/2023\/02\/\u672a\u6807\u9898-1-300x300.jpg 300w, https:\/\/qingdaohf.com\/wp-content\/uploads\/2023\/02\/\u672a\u6807\u9898-1-1024x1024.jpg 1024w, https:\/\/qingdaohf.com\/wp-content\/uploads\/2023\/02\/\u672a\u6807\u9898-1-150x150.jpg 150w, https:\/\/qingdaohf.com\/wp-content\/uploads\/2023\/02\/\u672a\u6807\u9898-1-768x768.jpg 768w\" sizes=\"(max-width: 1200px) 100vw, 1200px\" \/><\/p>\n<div class=\"flex-1 overflow-hidden\">\n<div class=\"react-scroll-to-bottom--css-kwokg-79elbk h-full dark:bg-gray-800\">\n<div class=\"react-scroll-to-bottom--css-kwokg-1n7m0yu\">\n<div class=\"flex flex-col items-center text-sm dark:bg-gray-800\">\n<div class=\"w-full border-b border-black\/10 dark:border-gray-900\/50 text-gray-800 dark:text-gray-100 group bg-gray-50 dark:bg-[#444654]\">\n<div class=\"text-base gap-4 md:gap-6 m-auto md:max-w-2xl lg:max-w-2xl xl:max-w-3xl p-4 md:py-6 flex lg:px-0\">\n<div class=\"relative flex w-[calc(100%-50px)] flex-col gap-1 md:gap-3 lg:w-[calc(100%-115px)]\">\n<div class=\"flex flex-grow flex-col gap-3\">\n<div class=\"min-h-[20px] flex flex-col items-start gap-4 whitespace-pre-wrap\">\n<div class=\"markdown prose w-full break-words dark:prose-invert light\">\n<p>&nbsp;<\/p>\n<\/div>\n<\/div>\n<\/div>\n<\/div>\n<\/div>\n<\/div>\n<\/div>\n<\/div>\n<\/div>\n<\/div>","protected":false},"excerpt":{"rendered":"<p>Litte\u00e4 ter\u00e4spaalu on kest\u00e4v\u00e4 ter\u00e4spaalu, joka sopii erinomaisesti betonisovelluksiin. Py\u00f6re\u00e4 seiv\u00e4s on suunniteltu pit\u00e4m\u00e4\u00e4n betonimuottilaudat tukevasti paikoillaan.<\/p>","protected":false},"featured_media":2778,"comment_status":"open","ping_status":"closed","template":"","meta":{"site-sidebar-layout":"default","site-content-layout":"default","ast-site-content-layout":"default","site-content-style":"default","site-sidebar-style":"default","ast-global-header-display":"","ast-banner-title-visibility":"","ast-main-header-display":"","ast-hfb-above-header-display":"","ast-hfb-below-header-display":"","ast-hfb-mobile-header-display":"","site-post-title":"","ast-breadcrumbs-content":"","ast-featured-img":"","footer-sml-layout":"","theme-transparent-header-meta":"default","adv-header-id-meta":"","stick-header-meta":"default","header-above-stick-meta":"","header-main-stick-meta":"","header-below-stick-meta":"","astra-migrate-meta-layouts":"set","ast-page-background-enabled":"default","ast-page-background-meta":{"desktop":{"background-color":"","background-image":"","background-repeat":"repeat","background-position":"center center","background-size":"auto","background-attachment":"scroll","background-type":"","background-media":"","overlay-type":"","overlay-color":"","overlay-opacity":"","overlay-gradient":""},"tablet":{"background-color":"","background-image":"","background-repeat":"repeat","background-position":"center center","background-size":"auto","background-attachment":"scroll","background-type":"","background-media":"","overlay-type":"","overlay-color":"","overlay-opacity":"","overlay-gradient":""},"mobile":{"background-color":"","background-image":"","background-repeat":"repeat","background-position":"center center","background-size":"auto","background-attachment":"scroll","background-type":"","background-media":"","overlay-type":"","overlay-color":"","overlay-opacity":"","overlay-gradient":""}},"ast-content-background-meta":{"desktop":{"background-color":"var(--ast-global-color-5)","background-image":"","background-repeat":"repeat","background-position":"center center","background-size":"auto","background-attachment":"scroll","background-type":"","background-media":"","overlay-type":"","overlay-color":"","overlay-opacity":"","overlay-gradient":""},"tablet":{"background-color":"var(--ast-global-color-5)","background-image":"","background-repeat":"repeat","background-position":"center center","background-size":"auto","background-attachment":"scroll","background-type":"","background-media":"","overlay-type":"","overlay-color":"","overlay-opacity":"","overlay-gradient":""},"mobile":{"background-color":"var(--ast-global-color-5)","background-image":"","background-repeat":"repeat","background-position":"center center","background-size":"auto","background-attachment":"scroll","background-type":"","background-media":"","overlay-type":"","overlay-color":"","overlay-opacity":"","overlay-gradient":""}}},"product_brand":[],"product_cat":[28,53],"product_tag":[],"class_list":{"0":"post-2080","1":"product","2":"type-product","3":"status-publish","4":"has-post-thumbnail","6":"product_cat-concrete-forming","7":"product_cat-steel-stake","8":"desktop-align-left","9":"tablet-align-left","10":"mobile-align-left","11":"ast-product-gallery-layout-horizontal-slider","12":"ast-product-tabs-layout-horizontal","14":"first","15":"instock","16":"shipping-taxable","17":"purchasable","18":"product-type-simple"},"yoast_head":"<!-- This site is optimized with the Yoast SEO plugin v25.2 - https:\/\/yoast.com\/wordpress\/plugins\/seo\/ -->\n<title>Flat Steel Stake for Concrete Forming<\/title>\n<meta name=\"description\" content=\"Flat steel stake is a durable steel stake ideal for concrete applications. The round stake is designed to hold concrete forming boards securely.\" \/>\n<meta name=\"robots\" content=\"index, follow, max-snippet:-1, max-image-preview:large, max-video-preview:-1\" \/>\n<link rel=\"canonical\" href=\"https:\/\/qingdaohf.com\/fi\/tuote\/littea-terasvaarnan\/\" \/>\n<meta property=\"og:locale\" content=\"fi_FI\" \/>\n<meta property=\"og:type\" content=\"article\" \/>\n<meta property=\"og:title\" content=\"Flat Steel Stake for Concrete Forming\" \/>\n<meta property=\"og:description\" content=\"Flat steel stake is a durable steel stake ideal for concrete applications. The round stake is designed to hold concrete forming boards securely.\" \/>\n<meta property=\"og:url\" content=\"https:\/\/qingdaohf.com\/fi\/tuote\/littea-terasvaarnan\/\" \/>\n<meta property=\"og:site_name\" content=\"Concrete Form &amp; Rigging Hardware Supplier\" \/>\n<meta property=\"article:publisher\" content=\"https:\/\/www.facebook.com\/qingdaohf\" \/>\n<meta property=\"article:modified_time\" content=\"2025-11-13T01:06:36+00:00\" \/>\n<meta property=\"og:image\" content=\"https:\/\/qingdaohf.com\/wp-content\/uploads\/2023\/02\/\u65b0\u56fe.jpg\" \/>\n\t<meta property=\"og:image:width\" content=\"1000\" \/>\n\t<meta property=\"og:image:height\" content=\"1000\" \/>\n\t<meta property=\"og:image:type\" content=\"image\/jpeg\" \/>\n<meta name=\"twitter:card\" content=\"summary_large_image\" \/>\n<meta name=\"twitter:label1\" content=\"Arvioitu lukuaika\" \/>\n\t<meta name=\"twitter:data1\" content=\"2 minuuttia\" \/>\n<script type=\"application\/ld+json\" class=\"yoast-schema-graph\">{\"@context\":\"https:\/\/schema.org\",\"@graph\":[{\"@type\":\"WebPage\",\"@id\":\"https:\/\/qingdaohf.com\/product\/flat-steel-stake\/\",\"url\":\"https:\/\/qingdaohf.com\/product\/flat-steel-stake\/\",\"name\":\"Flat Steel Stake for Concrete Forming\",\"isPartOf\":{\"@id\":\"https:\/\/qingdaohf.com\/bg\/#website\"},\"primaryImageOfPage\":{\"@id\":\"https:\/\/qingdaohf.com\/product\/flat-steel-stake\/#primaryimage\"},\"image\":{\"@id\":\"https:\/\/qingdaohf.com\/product\/flat-steel-stake\/#primaryimage\"},\"thumbnailUrl\":\"https:\/\/qingdaohf.com\/wp-content\/uploads\/2023\/02\/\u65b0\u56fe.jpg\",\"datePublished\":\"2023-02-08T09:31:37+00:00\",\"dateModified\":\"2025-11-13T01:06:36+00:00\",\"description\":\"Flat steel stake is a durable steel stake ideal for concrete applications. The round stake is designed to hold concrete forming boards securely.\",\"breadcrumb\":{\"@id\":\"https:\/\/qingdaohf.com\/product\/flat-steel-stake\/#breadcrumb\"},\"inLanguage\":\"fi\",\"potentialAction\":[{\"@type\":\"ReadAction\",\"target\":[\"https:\/\/qingdaohf.com\/product\/flat-steel-stake\/\"]}]},{\"@type\":\"ImageObject\",\"inLanguage\":\"fi\",\"@id\":\"https:\/\/qingdaohf.com\/product\/flat-steel-stake\/#primaryimage\",\"url\":\"https:\/\/qingdaohf.com\/wp-content\/uploads\/2023\/02\/\u65b0\u56fe.jpg\",\"contentUrl\":\"https:\/\/qingdaohf.com\/wp-content\/uploads\/2023\/02\/\u65b0\u56fe.jpg\",\"width\":1000,\"height\":1000,\"caption\":\"flat steel stake\"},{\"@type\":\"BreadcrumbList\",\"@id\":\"https:\/\/qingdaohf.com\/product\/flat-steel-stake\/#breadcrumb\",\"itemListElement\":[{\"@type\":\"ListItem\",\"position\":1,\"name\":\"Home\",\"item\":\"https:\/\/qingdaohf.com\/\"},{\"@type\":\"ListItem\",\"position\":2,\"name\":\"Concrete Forming Accessories and Rigging Hardware\",\"item\":\"https:\/\/qingdaohf.com\/bg\/?page_id=944\"},{\"@type\":\"ListItem\",\"position\":3,\"name\":\"Flat Steel Stake for Concrete Forming\"}]},{\"@type\":\"WebSite\",\"@id\":\"https:\/\/qingdaohf.com\/bg\/#website\",\"url\":\"https:\/\/qingdaohf.com\/bg\/\",\"name\":\"Concrete Form & Rigging Hardware Supplier\",\"description\":\"\",\"publisher\":{\"@id\":\"https:\/\/qingdaohf.com\/bg\/#organization\"},\"potentialAction\":[{\"@type\":\"SearchAction\",\"target\":{\"@type\":\"EntryPoint\",\"urlTemplate\":\"https:\/\/qingdaohf.com\/bg\/?s={search_term_string}\"},\"query-input\":{\"@type\":\"PropertyValueSpecification\",\"valueRequired\":true,\"valueName\":\"search_term_string\"}}],\"inLanguage\":\"fi\"},{\"@type\":\"Organization\",\"@id\":\"https:\/\/qingdaohf.com\/bg\/#organization\",\"name\":\"Qingdao H&F\",\"url\":\"https:\/\/qingdaohf.com\/bg\/\",\"logo\":{\"@type\":\"ImageObject\",\"inLanguage\":\"fi\",\"@id\":\"https:\/\/qingdaohf.com\/bg\/#\/schema\/logo\/image\/\",\"url\":\"https:\/\/qingdaohf.com\/wp-content\/uploads\/2022\/12\/cropped-HF-LOGO.png\",\"contentUrl\":\"https:\/\/qingdaohf.com\/wp-content\/uploads\/2022\/12\/cropped-HF-LOGO.png\",\"width\":391,\"height\":249,\"caption\":\"Qingdao H&F\"},\"image\":{\"@id\":\"https:\/\/qingdaohf.com\/bg\/#\/schema\/logo\/image\/\"},\"sameAs\":[\"https:\/\/www.facebook.com\/qingdaohf\"]}]}<\/script>\n<!-- \/ Yoast SEO plugin. -->","yoast_head_json":{"title":"Flat Steel Stake for Concrete Forming","description":"Flat steel stake is a durable steel stake ideal for concrete applications. The round stake is designed to hold concrete forming boards securely.","robots":{"index":"index","follow":"follow","max-snippet":"max-snippet:-1","max-image-preview":"max-image-preview:large","max-video-preview":"max-video-preview:-1"},"canonical":"https:\/\/qingdaohf.com\/fi\/tuote\/littea-terasvaarnan\/","og_locale":"fi_FI","og_type":"article","og_title":"Flat Steel Stake for Concrete Forming","og_description":"Flat steel stake is a durable steel stake ideal for concrete applications. The round stake is designed to hold concrete forming boards securely.","og_url":"https:\/\/qingdaohf.com\/fi\/tuote\/littea-terasvaarnan\/","og_site_name":"Concrete Form &amp; Rigging Hardware Supplier","article_publisher":"https:\/\/www.facebook.com\/qingdaohf","article_modified_time":"2025-11-13T01:06:36+00:00","og_image":[{"width":1000,"height":1000,"url":"https:\/\/qingdaohf.com\/wp-content\/uploads\/2023\/02\/\u65b0\u56fe.jpg","type":"image\/jpeg"}],"twitter_card":"summary_large_image","twitter_misc":{"Arvioitu lukuaika":"2 minuuttia"},"schema":{"@context":"https:\/\/schema.org","@graph":[{"@type":"WebPage","@id":"https:\/\/qingdaohf.com\/product\/flat-steel-stake\/","url":"https:\/\/qingdaohf.com\/product\/flat-steel-stake\/","name":"Flat Steel Stake for Concrete Forming","isPartOf":{"@id":"https:\/\/qingdaohf.com\/bg\/#website"},"primaryImageOfPage":{"@id":"https:\/\/qingdaohf.com\/product\/flat-steel-stake\/#primaryimage"},"image":{"@id":"https:\/\/qingdaohf.com\/product\/flat-steel-stake\/#primaryimage"},"thumbnailUrl":"https:\/\/qingdaohf.com\/wp-content\/uploads\/2023\/02\/\u65b0\u56fe.jpg","datePublished":"2023-02-08T09:31:37+00:00","dateModified":"2025-11-13T01:06:36+00:00","description":"Flat steel stake is a durable steel stake ideal for concrete applications. The round stake is designed to hold concrete forming boards securely.","breadcrumb":{"@id":"https:\/\/qingdaohf.com\/product\/flat-steel-stake\/#breadcrumb"},"inLanguage":"fi","potentialAction":[{"@type":"ReadAction","target":["https:\/\/qingdaohf.com\/product\/flat-steel-stake\/"]}]},{"@type":"ImageObject","inLanguage":"fi","@id":"https:\/\/qingdaohf.com\/product\/flat-steel-stake\/#primaryimage","url":"https:\/\/qingdaohf.com\/wp-content\/uploads\/2023\/02\/\u65b0\u56fe.jpg","contentUrl":"https:\/\/qingdaohf.com\/wp-content\/uploads\/2023\/02\/\u65b0\u56fe.jpg","width":1000,"height":1000,"caption":"flat steel stake"},{"@type":"BreadcrumbList","@id":"https:\/\/qingdaohf.com\/product\/flat-steel-stake\/#breadcrumb","itemListElement":[{"@type":"ListItem","position":1,"name":"Home","item":"https:\/\/qingdaohf.com\/"},{"@type":"ListItem","position":2,"name":"Concrete Forming Accessories and Rigging Hardware","item":"https:\/\/qingdaohf.com\/bg\/?page_id=944"},{"@type":"ListItem","position":3,"name":"Flat Steel Stake for Concrete Forming"}]},{"@type":"WebSite","@id":"https:\/\/qingdaohf.com\/bg\/#website","url":"https:\/\/qingdaohf.com\/bg\/","name":"Concrete Form & Rigging Hardware Supplier","description":"","publisher":{"@id":"https:\/\/qingdaohf.com\/bg\/#organization"},"potentialAction":[{"@type":"SearchAction","target":{"@type":"EntryPoint","urlTemplate":"https:\/\/qingdaohf.com\/bg\/?s={search_term_string}"},"query-input":{"@type":"PropertyValueSpecification","valueRequired":true,"valueName":"search_term_string"}}],"inLanguage":"fi"},{"@type":"Organization","@id":"https:\/\/qingdaohf.com\/bg\/#organization","name":"Qingdao H&F","url":"https:\/\/qingdaohf.com\/bg\/","logo":{"@type":"ImageObject","inLanguage":"fi","@id":"https:\/\/qingdaohf.com\/bg\/#\/schema\/logo\/image\/","url":"https:\/\/qingdaohf.com\/wp-content\/uploads\/2022\/12\/cropped-HF-LOGO.png","contentUrl":"https:\/\/qingdaohf.com\/wp-content\/uploads\/2022\/12\/cropped-HF-LOGO.png","width":391,"height":249,"caption":"Qingdao H&F"},"image":{"@id":"https:\/\/qingdaohf.com\/bg\/#\/schema\/logo\/image\/"},"sameAs":["https:\/\/www.facebook.com\/qingdaohf"]}]}},"_links":{"self":[{"href":"https:\/\/qingdaohf.com\/fi\/wp-json\/wp\/v2\/product\/2080","targetHints":{"allow":["GET"]}}],"collection":[{"href":"https:\/\/qingdaohf.com\/fi\/wp-json\/wp\/v2\/product"}],"about":[{"href":"https:\/\/qingdaohf.com\/fi\/wp-json\/wp\/v2\/types\/product"}],"replies":[{"embeddable":true,"href":"https:\/\/qingdaohf.com\/fi\/wp-json\/wp\/v2\/comments?post=2080"}],"version-history":[{"count":8,"href":"https:\/\/qingdaohf.com\/fi\/wp-json\/wp\/v2\/product\/2080\/revisions"}],"predecessor-version":[{"id":9254,"href":"https:\/\/qingdaohf.com\/fi\/wp-json\/wp\/v2\/product\/2080\/revisions\/9254"}],"wp:featuredmedia":[{"embeddable":true,"href":"https:\/\/qingdaohf.com\/fi\/wp-json\/wp\/v2\/media\/2778"}],"wp:attachment":[{"href":"https:\/\/qingdaohf.com\/fi\/wp-json\/wp\/v2\/media?parent=2080"}],"wp:term":[{"taxonomy":"product_brand","embeddable":true,"href":"https:\/\/qingdaohf.com\/fi\/wp-json\/wp\/v2\/product_brand?post=2080"},{"taxonomy":"product_cat","embeddable":true,"href":"https:\/\/qingdaohf.com\/fi\/wp-json\/wp\/v2\/product_cat?post=2080"},{"taxonomy":"product_tag","embeddable":true,"href":"https:\/\/qingdaohf.com\/fi\/wp-json\/wp\/v2\/product_tag?post=2080"}],"curies":[{"name":"wp","href":"https:\/\/api.w.org\/{rel}","templated":true}]}}