{"id":2127,"date":"2023-02-10T11:45:19","date_gmt":"2023-02-10T03:45:19","guid":{"rendered":"http:\/\/qingdaohf.com\/?post_type=product&#038;p=2127"},"modified":"2025-11-13T09:06:36","modified_gmt":"2025-11-13T01:06:36","slug":"brick-tie","status":"publish","type":"product","link":"https:\/\/qingdaohf.com\/fi\/tuote\/tiili-tie\/","title":{"rendered":"Ruostumattomasta ter\u00e4ksest\u00e4 tiili Wall Ties rakentamiseen Muodostaminen"},"content":{"rendered":"<p>&nbsp;<\/p>\n<p><img fetchpriority=\"high\" decoding=\"async\" class=\"alignnone size-full wp-image-2732\" src=\"http:\/\/qingdaohf.com\/wp-content\/uploads\/2023\/02\/brick-tie-1.jpg\" alt=\"tiili tie\" width=\"1200\" height=\"648\" srcset=\"https:\/\/qingdaohf.com\/wp-content\/uploads\/2023\/02\/brick-tie-1.jpg 1200w, https:\/\/qingdaohf.com\/wp-content\/uploads\/2023\/02\/brick-tie-1-1000x540.jpg 1000w, https:\/\/qingdaohf.com\/wp-content\/uploads\/2023\/02\/brick-tie-1-300x162.jpg 300w, https:\/\/qingdaohf.com\/wp-content\/uploads\/2023\/02\/brick-tie-1-1024x553.jpg 1024w, https:\/\/qingdaohf.com\/wp-content\/uploads\/2023\/02\/brick-tie-1-768x415.jpg 768w\" sizes=\"(max-width: 1200px) 100vw, 1200px\" \/><\/p>\n<p>Tervetuloa Qingdao H &amp; F, vakiintunut B2B-kauppayhti\u00f6, jolla on yli 20 vuoden kokemus ja joka toimii ylpe\u00e4n\u00e4 johtavana valmistajana, toimittajana ja jakelijana betonimuottien tarvikkeille ja kiinnityslaitteille. Tehtaamme Kiinassa takaa huippuluokan ruostumattomasta ter\u00e4ksest\u00e4 valmistetut tiilisiteet, mukaan lukien tiilihihnat ja muuratut tiilisiteet, jotka ovat helposti saatavilla irtotavarana kilpailukykyisin tukkuhinnoin. Sitoudumme vahvasti laatuun ja asiakastyytyv\u00e4isyyteen, ja tarjoamme r\u00e4\u00e4t\u00e4l\u00f6intivaihtoehtoja, ilmaisia n\u00e4ytteit\u00e4 ja erinomaista henkil\u00f6kohtaista palvelua vastaamaan ainutlaatuisia rakennustarpeitasi.<\/p>\n<div class=\"ast-oembed-container\" style=\"height: 100%;\"><iframe title=\"Tiilisein\u00e4n siteet rakentamiseen Muodostaminen\" width=\"500\" height=\"281\" src=\"https:\/\/www.youtube.com\/embed\/73JqOQyHVuM?feature=oembed\" frameborder=\"0\" allow=\"accelerometer; autoplay; clipboard-write; encrypted-media; gyroscope; picture-in-picture; web-share\" referrerpolicy=\"strict-origin-when-cross-origin\" allowfullscreen><\/iframe><\/div>\n<h2>Miksi valita meid\u00e4t?<\/h2>\n<h3>Luotettu valmistaja, jolla on osuuskunnan tehdas:<\/h3>\n<p>Qingdao H&amp;F:n vahva maine luotettuna valmistajana perustuu kahden vuosikymmenen kokemukseen ja yhteisty\u00f6h\u00f6n perustuvan tehtaamme tukeen. Varmistamme, ett\u00e4 jokainen tiiliside valmistetaan tarkasti ja alan korkeimpien standardien mukaisesti.<\/p>\n<h3>Laaja tuotevalikoima:<\/h3>\n<p>Alan johtavana toimittajana ja myyj\u00e4n\u00e4 tarjoamme laajan valikoiman betonimuottien tarvikkeita ja kiinnityslaitteita, ja keskitymme erityisesti ruostumattomasta ter\u00e4ksest\u00e4 valmistettuihin tiilisiteisiin. Tuotteemme t\u00e4ytt\u00e4v\u00e4t erilaiset rakentamisen vaatimukset tiilihihnoista muurattujen tiilien sidontoihin.<\/p>\n<h3>Tukkukauppa- ja jakelupalvelut:<\/h3>\n<p>Olemme ylpeit\u00e4 siit\u00e4, ett\u00e4 olemme luotettava tukkukauppias ja jakelija, joka tarjoaa yrityksille ja urakoitsijoille irtotavarana tiilisiteit\u00e4 betoniseiniin. Saumaton jakeluverkostomme takaa nopean toimituksen ty\u00f6maallesi.<\/p>\n<h3>Laadunvarmistus ja irtotavaran saatavuus:<\/h3>\n<p>Panostamme laatuun jokaisessa vaiheessa ja suoritamme perusteellisia laatutarkastuksia, jotta saat parhaat tuotteet. Tiilisiteet ovat helposti saatavilla irtotavarana, mik\u00e4 takaa keskeytym\u00e4tt\u00f6m\u00e4n toimituksen suuriin hankkeisiin.<\/p>\n<h3>R\u00e4\u00e4t\u00e4l\u00f6intivaihtoehdot ja ilmaiset n\u00e4ytteet:<\/h3>\n<p>Tunnustamme asiakkaidemme erilaiset tarpeet, joten tarjoamme r\u00e4\u00e4t\u00e4l\u00f6intivaihtoehtoja, joilla tiilisiteet voidaan r\u00e4\u00e4t\u00e4l\u00f6id\u00e4 projektisi erityisvaatimusten mukaan. Pyyd\u00e4 ilmaisia n\u00e4ytteit\u00e4 arvioidaksesi tuotteemme laatua ja sopivuutta ennen ostop\u00e4\u00e4t\u00f6st\u00e4.<\/p>\n<h3>Tehokas hankinta ja henkil\u00f6kohtainen palvelu:<\/h3>\n<p>Vahvojen hankintavalmiuksiemme ansiosta hankimme ensiluokkaisia materiaaleja kest\u00e4vien ruostumattomasta ter\u00e4ksest\u00e4 valmistettujen tiilisiteiden valmistamiseksi. Omistautunut tiimimme tarjoaa henkil\u00f6kohtaista henkil\u00f6kohtaista palvelua, joka opastaa sinua valinta- ja r\u00e4\u00e4t\u00e4l\u00f6intiprosessin l\u00e4pi.<\/p>\n<h2>Johtop\u00e4\u00e4t\u00f6s Brick Ties<\/h2>\n<p>Kun on kyse korkealaatuisten ruostumattomasta ter\u00e4ksest\u00e4 valmistettujen betoniseinien tiilisiteiden hankinnasta, Qingdao H&amp;F on luotettava yritys, jolla on laaja kokemus alalta. Valmistajana, tehtaana, toimittajana, tukkumyyj\u00e4n\u00e4, j\u00e4lleenmyyj\u00e4n\u00e4 ja jakelijana olemme ylpeit\u00e4 tarjotessamme r\u00e4\u00e4t\u00e4l\u00f6it\u00e4viss\u00e4 olevia tuotteita kilpailukykyiseen tukkuhintaan. Keskitymme vahvasti asiakastyytyv\u00e4isyyteen, joten kutsumme sinut kokemaan omistautumisemme huippuosaamiseen ilmaisten n\u00e4ytteiden ja tehokkaan henkil\u00f6kohtaisen palvelun avulla. Anna meid\u00e4n olla yhteisty\u00f6kumppanisi huippuluokan tiilisiteet rakennusprojekteihisi. Ota yhteytt\u00e4 jo t\u00e4n\u00e4\u00e4n tutustuaksesi kattavaan valikoimaamme ja l\u00f6yt\u00e4\u00e4ksesi t\u00e4ydelliset ratkaisut tarpeisiisi.<\/p>\n<p>&nbsp;<\/p>","protected":false},"excerpt":{"rendered":"<p>Tiilisiteet ovat pieni\u00e4 arkkitehtonisia elementtej\u00e4, joita k\u00e4ytet\u00e4\u00e4n kahden tiilisein\u00e4n yhdist\u00e4miseen kapean ontelon yli tai tiilisein\u00e4n sitomiseen puu- tai ter\u00e4srunkoon.<\/p>","protected":false},"featured_media":2483,"comment_status":"open","ping_status":"closed","template":"","meta":{"site-sidebar-layout":"default","site-content-layout":"default","ast-site-content-layout":"","site-content-style":"default","site-sidebar-style":"default","ast-global-header-display":"","ast-banner-title-visibility":"","ast-main-header-display":"","ast-hfb-above-header-display":"","ast-hfb-below-header-display":"","ast-hfb-mobile-header-display":"","site-post-title":"","ast-breadcrumbs-content":"","ast-featured-img":"","footer-sml-layout":"","theme-transparent-header-meta":"default","adv-header-id-meta":"","stick-header-meta":"default","header-above-stick-meta":"","header-main-stick-meta":"","header-below-stick-meta":"","astra-migrate-meta-layouts":"default","ast-page-background-enabled":"default","ast-page-background-meta":{"desktop":{"background-color":"","background-image":"","background-repeat":"repeat","background-position":"center center","background-size":"auto","background-attachment":"scroll","background-type":"","background-media":"","overlay-type":"","overlay-color":"","overlay-opacity":"","overlay-gradient":""},"tablet":{"background-color":"","background-image":"","background-repeat":"repeat","background-position":"center center","background-size":"auto","background-attachment":"scroll","background-type":"","background-media":"","overlay-type":"","overlay-color":"","overlay-opacity":"","overlay-gradient":""},"mobile":{"background-color":"","background-image":"","background-repeat":"repeat","background-position":"center center","background-size":"auto","background-attachment":"scroll","background-type":"","background-media":"","overlay-type":"","overlay-color":"","overlay-opacity":"","overlay-gradient":""}},"ast-content-background-meta":{"desktop":{"background-color":"var(--ast-global-color-5)","background-image":"","background-repeat":"repeat","background-position":"center center","background-size":"auto","background-attachment":"scroll","background-type":"","background-media":"","overlay-type":"","overlay-color":"","overlay-opacity":"","overlay-gradient":""},"tablet":{"background-color":"var(--ast-global-color-5)","background-image":"","background-repeat":"repeat","background-position":"center center","background-size":"auto","background-attachment":"scroll","background-type":"","background-media":"","overlay-type":"","overlay-color":"","overlay-opacity":"","overlay-gradient":""},"mobile":{"background-color":"var(--ast-global-color-5)","background-image":"","background-repeat":"repeat","background-position":"center center","background-size":"auto","background-attachment":"scroll","background-type":"","background-media":"","overlay-type":"","overlay-color":"","overlay-opacity":"","overlay-gradient":""}}},"product_brand":[],"product_cat":[20,29],"product_tag":[],"class_list":{"0":"post-2127","1":"product","2":"type-product","3":"status-publish","4":"has-post-thumbnail","6":"product_cat-concrete-wall-tie","7":"product_cat-formwork-system","8":"desktop-align-left","9":"tablet-align-left","10":"mobile-align-left","11":"ast-product-gallery-layout-horizontal-slider","12":"ast-product-tabs-layout-horizontal","14":"first","15":"instock","16":"shipping-taxable","17":"purchasable","18":"product-type-simple"},"yoast_head":"<!-- This site is optimized with the Yoast SEO plugin v25.2 - https:\/\/yoast.com\/wordpress\/plugins\/seo\/ -->\n<title>Stainless Steel Brick Wall Ties for Construction Forming<\/title>\n<meta name=\"description\" content=\"Brick ties are small architectural elements that are used to connect two brick walls across a narrow cavity or to bind a brick wall to a wood or steel frame.\" \/>\n<meta name=\"robots\" content=\"index, follow, max-snippet:-1, max-image-preview:large, max-video-preview:-1\" \/>\n<link rel=\"canonical\" href=\"https:\/\/qingdaohf.com\/fi\/tuote\/tiili-tie\/\" \/>\n<meta property=\"og:locale\" content=\"fi_FI\" \/>\n<meta property=\"og:type\" content=\"article\" \/>\n<meta property=\"og:title\" content=\"Stainless Steel Brick Wall Ties for Construction Forming\" \/>\n<meta property=\"og:description\" content=\"Brick ties are small architectural elements that are used to connect two brick walls across a narrow cavity or to bind a brick wall to a wood or steel frame.\" \/>\n<meta property=\"og:url\" content=\"https:\/\/qingdaohf.com\/fi\/tuote\/tiili-tie\/\" \/>\n<meta property=\"og:site_name\" content=\"Concrete Form &amp; Rigging Hardware Supplier\" \/>\n<meta property=\"article:publisher\" content=\"https:\/\/www.facebook.com\/qingdaohf\" \/>\n<meta property=\"article:modified_time\" content=\"2025-11-13T01:06:36+00:00\" \/>\n<meta property=\"og:image\" content=\"https:\/\/qingdaohf.com\/wp-content\/uploads\/2023\/02\/\u767d\u5e95\u56fe5.jpg\" \/>\n\t<meta property=\"og:image:width\" content=\"1000\" \/>\n\t<meta property=\"og:image:height\" content=\"1000\" \/>\n\t<meta property=\"og:image:type\" content=\"image\/jpeg\" \/>\n<meta name=\"twitter:card\" content=\"summary_large_image\" \/>\n<meta name=\"twitter:label1\" content=\"Arvioitu lukuaika\" \/>\n\t<meta name=\"twitter:data1\" content=\"3 minuuttia\" \/>\n<script type=\"application\/ld+json\" class=\"yoast-schema-graph\">{\"@context\":\"https:\/\/schema.org\",\"@graph\":[{\"@type\":\"WebPage\",\"@id\":\"https:\/\/qingdaohf.com\/product\/brick-tie\/\",\"url\":\"https:\/\/qingdaohf.com\/product\/brick-tie\/\",\"name\":\"Stainless Steel Brick Wall Ties for Construction Forming\",\"isPartOf\":{\"@id\":\"https:\/\/qingdaohf.com\/bg\/#website\"},\"primaryImageOfPage\":{\"@id\":\"https:\/\/qingdaohf.com\/product\/brick-tie\/#primaryimage\"},\"image\":{\"@id\":\"https:\/\/qingdaohf.com\/product\/brick-tie\/#primaryimage\"},\"thumbnailUrl\":\"https:\/\/qingdaohf.com\/wp-content\/uploads\/2023\/02\/\u767d\u5e95\u56fe5.jpg\",\"datePublished\":\"2023-02-10T03:45:19+00:00\",\"dateModified\":\"2025-11-13T01:06:36+00:00\",\"description\":\"Brick ties are small architectural elements that are used to connect two brick walls across a narrow cavity or to bind a brick wall to a wood or steel frame.\",\"breadcrumb\":{\"@id\":\"https:\/\/qingdaohf.com\/product\/brick-tie\/#breadcrumb\"},\"inLanguage\":\"fi\",\"potentialAction\":[{\"@type\":\"ReadAction\",\"target\":[\"https:\/\/qingdaohf.com\/product\/brick-tie\/\"]}]},{\"@type\":\"ImageObject\",\"inLanguage\":\"fi\",\"@id\":\"https:\/\/qingdaohf.com\/product\/brick-tie\/#primaryimage\",\"url\":\"https:\/\/qingdaohf.com\/wp-content\/uploads\/2023\/02\/\u767d\u5e95\u56fe5.jpg\",\"contentUrl\":\"https:\/\/qingdaohf.com\/wp-content\/uploads\/2023\/02\/\u767d\u5e95\u56fe5.jpg\",\"width\":1000,\"height\":1000},{\"@type\":\"BreadcrumbList\",\"@id\":\"https:\/\/qingdaohf.com\/product\/brick-tie\/#breadcrumb\",\"itemListElement\":[{\"@type\":\"ListItem\",\"position\":1,\"name\":\"Home\",\"item\":\"https:\/\/qingdaohf.com\/\"},{\"@type\":\"ListItem\",\"position\":2,\"name\":\"Concrete Forming Accessories and Rigging Hardware\",\"item\":\"https:\/\/qingdaohf.com\/bg\/?page_id=944\"},{\"@type\":\"ListItem\",\"position\":3,\"name\":\"Stainless Steel Brick Wall Ties for Construction Forming\"}]},{\"@type\":\"WebSite\",\"@id\":\"https:\/\/qingdaohf.com\/bg\/#website\",\"url\":\"https:\/\/qingdaohf.com\/bg\/\",\"name\":\"Concrete Form & Rigging Hardware Supplier\",\"description\":\"\",\"publisher\":{\"@id\":\"https:\/\/qingdaohf.com\/bg\/#organization\"},\"potentialAction\":[{\"@type\":\"SearchAction\",\"target\":{\"@type\":\"EntryPoint\",\"urlTemplate\":\"https:\/\/qingdaohf.com\/bg\/?s={search_term_string}\"},\"query-input\":{\"@type\":\"PropertyValueSpecification\",\"valueRequired\":true,\"valueName\":\"search_term_string\"}}],\"inLanguage\":\"fi\"},{\"@type\":\"Organization\",\"@id\":\"https:\/\/qingdaohf.com\/bg\/#organization\",\"name\":\"Qingdao H&F\",\"url\":\"https:\/\/qingdaohf.com\/bg\/\",\"logo\":{\"@type\":\"ImageObject\",\"inLanguage\":\"fi\",\"@id\":\"https:\/\/qingdaohf.com\/bg\/#\/schema\/logo\/image\/\",\"url\":\"https:\/\/qingdaohf.com\/wp-content\/uploads\/2022\/12\/cropped-HF-LOGO.png\",\"contentUrl\":\"https:\/\/qingdaohf.com\/wp-content\/uploads\/2022\/12\/cropped-HF-LOGO.png\",\"width\":391,\"height\":249,\"caption\":\"Qingdao H&F\"},\"image\":{\"@id\":\"https:\/\/qingdaohf.com\/bg\/#\/schema\/logo\/image\/\"},\"sameAs\":[\"https:\/\/www.facebook.com\/qingdaohf\"]}]}<\/script>\n<!-- \/ Yoast SEO plugin. -->","yoast_head_json":{"title":"Stainless Steel Brick Wall Ties for Construction Forming","description":"Brick ties are small architectural elements that are used to connect two brick walls across a narrow cavity or to bind a brick wall to a wood or steel frame.","robots":{"index":"index","follow":"follow","max-snippet":"max-snippet:-1","max-image-preview":"max-image-preview:large","max-video-preview":"max-video-preview:-1"},"canonical":"https:\/\/qingdaohf.com\/fi\/tuote\/tiili-tie\/","og_locale":"fi_FI","og_type":"article","og_title":"Stainless Steel Brick Wall Ties for Construction Forming","og_description":"Brick ties are small architectural elements that are used to connect two brick walls across a narrow cavity or to bind a brick wall to a wood or steel frame.","og_url":"https:\/\/qingdaohf.com\/fi\/tuote\/tiili-tie\/","og_site_name":"Concrete Form &amp; Rigging Hardware Supplier","article_publisher":"https:\/\/www.facebook.com\/qingdaohf","article_modified_time":"2025-11-13T01:06:36+00:00","og_image":[{"width":1000,"height":1000,"url":"https:\/\/qingdaohf.com\/wp-content\/uploads\/2023\/02\/\u767d\u5e95\u56fe5.jpg","type":"image\/jpeg"}],"twitter_card":"summary_large_image","twitter_misc":{"Arvioitu lukuaika":"3 minuuttia"},"schema":{"@context":"https:\/\/schema.org","@graph":[{"@type":"WebPage","@id":"https:\/\/qingdaohf.com\/product\/brick-tie\/","url":"https:\/\/qingdaohf.com\/product\/brick-tie\/","name":"Stainless Steel Brick Wall Ties for Construction Forming","isPartOf":{"@id":"https:\/\/qingdaohf.com\/bg\/#website"},"primaryImageOfPage":{"@id":"https:\/\/qingdaohf.com\/product\/brick-tie\/#primaryimage"},"image":{"@id":"https:\/\/qingdaohf.com\/product\/brick-tie\/#primaryimage"},"thumbnailUrl":"https:\/\/qingdaohf.com\/wp-content\/uploads\/2023\/02\/\u767d\u5e95\u56fe5.jpg","datePublished":"2023-02-10T03:45:19+00:00","dateModified":"2025-11-13T01:06:36+00:00","description":"Brick ties are small architectural elements that are used to connect two brick walls across a narrow cavity or to bind a brick wall to a wood or steel frame.","breadcrumb":{"@id":"https:\/\/qingdaohf.com\/product\/brick-tie\/#breadcrumb"},"inLanguage":"fi","potentialAction":[{"@type":"ReadAction","target":["https:\/\/qingdaohf.com\/product\/brick-tie\/"]}]},{"@type":"ImageObject","inLanguage":"fi","@id":"https:\/\/qingdaohf.com\/product\/brick-tie\/#primaryimage","url":"https:\/\/qingdaohf.com\/wp-content\/uploads\/2023\/02\/\u767d\u5e95\u56fe5.jpg","contentUrl":"https:\/\/qingdaohf.com\/wp-content\/uploads\/2023\/02\/\u767d\u5e95\u56fe5.jpg","width":1000,"height":1000},{"@type":"BreadcrumbList","@id":"https:\/\/qingdaohf.com\/product\/brick-tie\/#breadcrumb","itemListElement":[{"@type":"ListItem","position":1,"name":"Home","item":"https:\/\/qingdaohf.com\/"},{"@type":"ListItem","position":2,"name":"Concrete Forming Accessories and Rigging Hardware","item":"https:\/\/qingdaohf.com\/bg\/?page_id=944"},{"@type":"ListItem","position":3,"name":"Stainless Steel Brick Wall Ties for Construction Forming"}]},{"@type":"WebSite","@id":"https:\/\/qingdaohf.com\/bg\/#website","url":"https:\/\/qingdaohf.com\/bg\/","name":"Concrete Form & Rigging Hardware Supplier","description":"","publisher":{"@id":"https:\/\/qingdaohf.com\/bg\/#organization"},"potentialAction":[{"@type":"SearchAction","target":{"@type":"EntryPoint","urlTemplate":"https:\/\/qingdaohf.com\/bg\/?s={search_term_string}"},"query-input":{"@type":"PropertyValueSpecification","valueRequired":true,"valueName":"search_term_string"}}],"inLanguage":"fi"},{"@type":"Organization","@id":"https:\/\/qingdaohf.com\/bg\/#organization","name":"Qingdao H&F","url":"https:\/\/qingdaohf.com\/bg\/","logo":{"@type":"ImageObject","inLanguage":"fi","@id":"https:\/\/qingdaohf.com\/bg\/#\/schema\/logo\/image\/","url":"https:\/\/qingdaohf.com\/wp-content\/uploads\/2022\/12\/cropped-HF-LOGO.png","contentUrl":"https:\/\/qingdaohf.com\/wp-content\/uploads\/2022\/12\/cropped-HF-LOGO.png","width":391,"height":249,"caption":"Qingdao H&F"},"image":{"@id":"https:\/\/qingdaohf.com\/bg\/#\/schema\/logo\/image\/"},"sameAs":["https:\/\/www.facebook.com\/qingdaohf"]}]}},"_links":{"self":[{"href":"https:\/\/qingdaohf.com\/fi\/wp-json\/wp\/v2\/product\/2127","targetHints":{"allow":["GET"]}}],"collection":[{"href":"https:\/\/qingdaohf.com\/fi\/wp-json\/wp\/v2\/product"}],"about":[{"href":"https:\/\/qingdaohf.com\/fi\/wp-json\/wp\/v2\/types\/product"}],"replies":[{"embeddable":true,"href":"https:\/\/qingdaohf.com\/fi\/wp-json\/wp\/v2\/comments?post=2127"}],"version-history":[{"count":2,"href":"https:\/\/qingdaohf.com\/fi\/wp-json\/wp\/v2\/product\/2127\/revisions"}],"predecessor-version":[{"id":10459,"href":"https:\/\/qingdaohf.com\/fi\/wp-json\/wp\/v2\/product\/2127\/revisions\/10459"}],"wp:featuredmedia":[{"embeddable":true,"href":"https:\/\/qingdaohf.com\/fi\/wp-json\/wp\/v2\/media\/2483"}],"wp:attachment":[{"href":"https:\/\/qingdaohf.com\/fi\/wp-json\/wp\/v2\/media?parent=2127"}],"wp:term":[{"taxonomy":"product_brand","embeddable":true,"href":"https:\/\/qingdaohf.com\/fi\/wp-json\/wp\/v2\/product_brand?post=2127"},{"taxonomy":"product_cat","embeddable":true,"href":"https:\/\/qingdaohf.com\/fi\/wp-json\/wp\/v2\/product_cat?post=2127"},{"taxonomy":"product_tag","embeddable":true,"href":"https:\/\/qingdaohf.com\/fi\/wp-json\/wp\/v2\/product_tag?post=2127"}],"curies":[{"name":"wp","href":"https:\/\/api.w.org\/{rel}","templated":true}]}}