{"id":2132,"date":"2023-02-10T17:41:17","date_gmt":"2023-02-10T09:41:17","guid":{"rendered":"http:\/\/qingdaohf.com\/?post_type=product&#038;p=2132"},"modified":"2025-11-13T09:06:19","modified_gmt":"2025-11-13T01:06:19","slug":"formwork-tie-rod","status":"publish","type":"product","link":"https:\/\/qingdaohf.com\/fi\/tuote\/muotin-sidontatanko\/","title":{"rendered":"Betonimuotin sidontatanko"},"content":{"rendered":"<div class=\"ast-oembed-container\" style=\"height: 100%;\"><iframe title=\"Betonimuotin solmimutteri ja sidontatanko\" width=\"500\" height=\"281\" src=\"https:\/\/www.youtube.com\/embed\/RQCaJFwWa88?feature=oembed\" frameborder=\"0\" allow=\"accelerometer; autoplay; clipboard-write; encrypted-media; gyroscope; picture-in-picture; web-share\" referrerpolicy=\"strict-origin-when-cross-origin\" allowfullscreen><\/iframe><\/div>\n<h2 class=\"font-600 text-2xl font-bold\">Muotin sidontatankojen olennainen rooli<\/h2>\n<p class=\"whitespace-pre-wrap break-words\">Ajattele, ett\u00e4 sidontatankoj\u00e4rjestelm\u00e4t ovat betonirakentamisen laulamattomia sankareita. N\u00e4m\u00e4 tukevat osat pit\u00e4v\u00e4t muottilevyt paikoillaan betonin valun ja kovettumisen aikana. Ilman niit\u00e4 sinun olisi vaikea s\u00e4ilytt\u00e4\u00e4 rakenteesi tarvitsema tarkka muoto ja lujuus.<\/p>\n<p class=\"whitespace-pre-wrap break-words\">Mik\u00e4 tekee n\u00e4ist\u00e4 sauvoista erityisi\u00e4? Ne on rakennettu lujiksi - yleens\u00e4 korkealaatuisesta ter\u00e4ksest\u00e4 - kest\u00e4m\u00e4\u00e4n rakentamisen kovia paineita. Arvostat niiden lujuutta erityisesti silloin, kun ty\u00f6skentelet suurissa infrastruktuurihankkeissa tai monimutkaisissa arkkitehtonisissa suunnitelmissa, joissa virheille ei ole sijaa.<\/p>\n<p><img fetchpriority=\"high\" decoding=\"async\" class=\"alignnone size-full wp-image-2990\" src=\"http:\/\/qingdaohf.com\/wp-content\/uploads\/2023\/02\/Tie-Nut.jpg\" alt=\"Tie mutteri\" width=\"1204\" height=\"1008\" srcset=\"https:\/\/qingdaohf.com\/wp-content\/uploads\/2023\/02\/Tie-Nut.jpg 1204w, https:\/\/qingdaohf.com\/wp-content\/uploads\/2023\/02\/Tie-Nut-300x251.jpg 300w, https:\/\/qingdaohf.com\/wp-content\/uploads\/2023\/02\/Tie-Nut-1024x857.jpg 1024w, https:\/\/qingdaohf.com\/wp-content\/uploads\/2023\/02\/Tie-Nut-768x643.jpg 768w, https:\/\/qingdaohf.com\/wp-content\/uploads\/2023\/02\/Tie-Nut-1000x837.jpg 1000w\" sizes=\"(max-width: 1204px) 100vw, 1204px\" \/><\/p>\n<h2 class=\"font-600 text-2xl font-bold\">Vetotankoj\u00e4rjestelm\u00e4n integrointi vesipys\u00e4yttimien ja siipimutterien kanssa<\/h2>\n<p class=\"whitespace-pre-wrap break-words\">Vetotangot eiv\u00e4t toimi yksin. Ne muodostavat yhdess\u00e4 vesipys\u00e4yttimien ja siipimuttereiden kanssa t\u00e4ydellisen muottiratkaisun, joka on enemm\u00e4n kuin osiensa summa.<\/p>\n<p class=\"whitespace-pre-wrap break-words\">Vesisulkuja asennetaan strategisesti sidontatankojen varrelle est\u00e4m\u00e4\u00e4n veden p\u00e4\u00e4syn betonissa olevien saumojen tai reikien l\u00e4pi. T\u00e4m\u00e4 on t\u00e4rkeint\u00e4 rakenteissa, kuten tukimuurissa ja kellareissa, joissa veden tunkeutuminen voi aiheuttaa ongelmia my\u00f6hemmin.<\/p>\n<p class=\"whitespace-pre-wrap break-words\">Siipimutterit t\u00e4ydent\u00e4v\u00e4t j\u00e4rjestelm\u00e4n lukitsemalla sidontatangot muottilevyihin. Ne on suunniteltu helppok\u00e4ytt\u00f6isiksi - voit tehd\u00e4 tarkat s\u00e4\u00e4d\u00f6t asennuksen aikana ja irrottaa ne nopeasti, kun betoni on kovettunut.<\/p>\n<h2 class=\"font-600 text-2xl font-bold\">Muottisidej\u00e4rjestelmien t\u00e4rkeimm\u00e4t edut<\/h2>\n<p class=\"whitespace-pre-wrap break-words\">Sen lis\u00e4ksi, ett\u00e4 sidontatankoj\u00e4rjestelm\u00e4t pit\u00e4v\u00e4t asiat yhdess\u00e4, ne varmistavat, ett\u00e4 valmis rakenne vastaa t\u00e4sm\u00e4lleen eritelmi\u00e4. T\u00e4m\u00e4 tarkkuus kannattaa, sill\u00e4 se v\u00e4hent\u00e4\u00e4 virheit\u00e4 ja kalliita korjauksia rakentamisen j\u00e4lkeen.<\/p>\n<p class=\"whitespace-pre-wrap break-words\">Kun lis\u00e4\u00e4t vesipys\u00e4yttimet, et vain rakenna, vaan my\u00f6s suojaat. N\u00e4m\u00e4 komponentit est\u00e4v\u00e4t vett\u00e4 p\u00e4\u00e4sem\u00e4st\u00e4 sis\u00e4isiin vahvikkeisiin ja sy\u00f6pym\u00e4st\u00e4 niihin, jolloin rakenne kest\u00e4\u00e4 pidemp\u00e4\u00e4n ja toimii paremmin ajan mittaan.<\/p>\n<p class=\"whitespace-pre-wrap break-words\">Me Qingdao H&amp;F:ss\u00e4 panostamme tosissamme n\u00e4iden etujen saavuttamiseen t\u00e4ht\u00e4\u00e4vien vetotankoj\u00e4rjestelmien kehitt\u00e4miseen. Jokainen tuote testataan tarkasti, jotta varmistetaan, ett\u00e4 se t\u00e4ytt\u00e4\u00e4 projektisi vaatimukset.<\/p>\n<h2 class=\"font-600 text-2xl font-bold\">Miksi valita Qingdao H&amp;F Tie Rod -j\u00e4rjestelmi\u00e4 varten?<\/h2>\n<p class=\"whitespace-pre-wrap break-words\">Etsitk\u00f6 sitomistankojen toimittajaa, johon voit luottaa? Me Qingdao H&amp;F:ss\u00e4 olemme ylpeit\u00e4 siit\u00e4, ett\u00e4 teemme ylim\u00e4\u00e4r\u00e4isen mailin. Yksil\u00f6llinen palvelumme tarkoittaa, ett\u00e4 saat henkil\u00f6kohtaista huomiota, olipa kyseess\u00e4 sitten pieni projekti tai massiivinen kehitysty\u00f6.<\/p>\n<p class=\"whitespace-pre-wrap break-words\">Tied\u00e4mme, ettei rakentaminen odota ket\u00e4\u00e4n. Siksi olemme rakentaneet tehokkaan toimitusj\u00e4rjestelm\u00e4n, jonka avulla saat sidontatangot, vesipellit ja siipimutterit nopeasti ja pysyt aikataulussa.<\/p>\n<p class=\"whitespace-pre-wrap break-words\">Laatu ei ole meill\u00e4 vain muotisana - se on osa kaikkea toimintaamme. Jokainen tuote testataan perusteellisesti, ja sen mukana toimitetaan yksityiskohtaiset tarkastusraportit. N\u00e4in voit luottaa siihen, ett\u00e4 ratkaisumme toimivat silloin, kun se on t\u00e4rkeint\u00e4.<\/p>\n<p class=\"whitespace-pre-wrap break-words\">Loistavien tuotteiden lis\u00e4ksi tarjoamme tukea, johon voit luottaa. Tiimimme pyrkii ymm\u00e4rt\u00e4m\u00e4\u00e4n tarpeitasi ja tarjoamaan sopivia ratkaisuja. T\u00e4m\u00e4 l\u00e4hestymistapa on tehnyt meist\u00e4 rakentajien kumppanin maailmanlaajuisesti.<\/p>\n<h2 class=\"font-600 text-2xl font-bold\">Rakentamisen tehokkuuden parantaminen tie rod -j\u00e4rjestelmill\u00e4<\/h2>\n<p class=\"whitespace-pre-wrap break-words\">Hyvin suunnitellun vetotankoj\u00e4rjestelm\u00e4n kauneus on siin\u00e4, ett\u00e4 se pystyy ratkaisemaan useita haasteita kerralla. Se pit\u00e4\u00e4 muottisi linjassa ja est\u00e4\u00e4 samalla vesiongelmat, mik\u00e4 sujuvoittaa koko rakennusprosessia.<\/p>\n<p class=\"whitespace-pre-wrap break-words\">Oikean j\u00e4rjestelm\u00e4n valinnalla on suuri merkitys projektin onnistumiselle. Qingdao H&amp;F:n kumppanina saat muutakin kuin tehokkaita tuotteita - saat tukea tiimilt\u00e4, joka tuntee asiansa ja v\u00e4litt\u00e4\u00e4 menestyksest\u00e4si.<\/p>\n<h2 class=\"font-600 text-2xl font-bold\">P\u00e4\u00e4telm\u00e4<\/h2>\n<p class=\"whitespace-pre-wrap break-words\">Sidontatangot ovat nykyaikaisen rakentamisen perusedellytyksi\u00e4, sill\u00e4 ne tuottavat tarkkuutta ja lujuutta, joita tarvitaan vankkojen betonirakenteiden rakentamiseen. Yhdess\u00e4 vesipys\u00e4yttimien ja siipimuttereiden kanssa ne muodostavat t\u00e4ydellisen ratkaisun muottikokoonpanoon. Kun valitset Qingdao H&amp;F:n, valitset tuotteet ja palvelun, jotka auttavat tekem\u00e4\u00e4n hankkeestasi onnistuneen.<\/p>\n<p class=\"whitespace-pre-wrap break-words\">Olemme toimineet ulkomaankaupassa yli kaksi vuosikymment\u00e4, ja olemme luoneet maineemme laadukkaiden vetotankoj\u00e4rjestelmien toimittamiselle. Meill\u00e4 on toimivat ratkaisut, olipa kyse sitten vesiongelmista tai t\u00e4ydellisest\u00e4 linjauksesta. Katso, mik\u00e4 tekee Qingdao H&amp;F:st\u00e4 erilaisen - puhutaan seuraavasta projektistasi.<\/p>\n<p>&nbsp;<\/p>","protected":false},"excerpt":{"rendered":"<p data-pm-slice=\"1 1 []\">Muottien sidontatangot ovat v\u00e4ltt\u00e4m\u00e4tt\u00f6mi\u00e4 rakentamisessa, sill\u00e4 ne varmistavat rakenteellisen vakauden ja linjauksen betonivalun aikana. Ostajat etsiv\u00e4t usein kest\u00e4vi\u00e4 sidontatankoj\u00e4rjestelmi\u00e4, jotka sopivat saumattomasti yhteen vesipys\u00e4yttimien ja siipimuttereiden kanssa ja tarjoavat maksimaalisen tehokkuuden ja luotettavuuden. Qingdao H&amp;F vastaa n\u00e4ihin tarpeisiin henkil\u00f6kohtaisella asiakastuella, nopeilla toimituksilla ja yksityiskohtaisilla laatutarkastusraporteilla, jotka takaavat luottamuksen jokaiseen ostokseen.<\/p>","protected":false},"featured_media":8607,"comment_status":"open","ping_status":"closed","template":"","meta":{"site-sidebar-layout":"default","site-content-layout":"default","ast-site-content-layout":"default","site-content-style":"default","site-sidebar-style":"default","ast-global-header-display":"","ast-banner-title-visibility":"","ast-main-header-display":"","ast-hfb-above-header-display":"","ast-hfb-below-header-display":"","ast-hfb-mobile-header-display":"","site-post-title":"","ast-breadcrumbs-content":"","ast-featured-img":"","footer-sml-layout":"","theme-transparent-header-meta":"default","adv-header-id-meta":"","stick-header-meta":"default","header-above-stick-meta":"","header-main-stick-meta":"","header-below-stick-meta":"","astra-migrate-meta-layouts":"set","ast-page-background-enabled":"default","ast-page-background-meta":{"desktop":{"background-color":"","background-image":"","background-repeat":"repeat","background-position":"center center","background-size":"auto","background-attachment":"scroll","background-type":"","background-media":"","overlay-type":"","overlay-color":"","overlay-opacity":"","overlay-gradient":""},"tablet":{"background-color":"","background-image":"","background-repeat":"repeat","background-position":"center center","background-size":"auto","background-attachment":"scroll","background-type":"","background-media":"","overlay-type":"","overlay-color":"","overlay-opacity":"","overlay-gradient":""},"mobile":{"background-color":"","background-image":"","background-repeat":"repeat","background-position":"center center","background-size":"auto","background-attachment":"scroll","background-type":"","background-media":"","overlay-type":"","overlay-color":"","overlay-opacity":"","overlay-gradient":""}},"ast-content-background-meta":{"desktop":{"background-color":"var(--ast-global-color-5)","background-image":"","background-repeat":"repeat","background-position":"center center","background-size":"auto","background-attachment":"scroll","background-type":"","background-media":"","overlay-type":"","overlay-color":"","overlay-opacity":"","overlay-gradient":""},"tablet":{"background-color":"var(--ast-global-color-5)","background-image":"","background-repeat":"repeat","background-position":"center center","background-size":"auto","background-attachment":"scroll","background-type":"","background-media":"","overlay-type":"","overlay-color":"","overlay-opacity":"","overlay-gradient":""},"mobile":{"background-color":"var(--ast-global-color-5)","background-image":"","background-repeat":"repeat","background-position":"center center","background-size":"auto","background-attachment":"scroll","background-type":"","background-media":"","overlay-type":"","overlay-color":"","overlay-opacity":"","overlay-gradient":""}}},"product_brand":[],"product_cat":[79],"product_tag":[],"class_list":{"0":"post-2132","1":"product","2":"type-product","3":"status-publish","4":"has-post-thumbnail","6":"product_cat-tie-rod-system","7":"desktop-align-left","8":"tablet-align-left","9":"mobile-align-left","10":"ast-product-gallery-layout-horizontal-slider","11":"ast-product-tabs-layout-horizontal","13":"first","14":"instock","15":"shipping-taxable","16":"purchasable","17":"product-type-simple"},"yoast_head":"<!-- This site is optimized with the Yoast SEO plugin v25.2 - https:\/\/yoast.com\/wordpress\/plugins\/seo\/ -->\n<title>Concrete Formwork Tie Rod<\/title>\n<meta name=\"description\" content=\"Tie rod is reinforced straight steel rebar of large diameter with high strength and high dimensional accuracy external thread .\" \/>\n<meta name=\"robots\" content=\"index, follow, max-snippet:-1, max-image-preview:large, max-video-preview:-1\" \/>\n<link rel=\"canonical\" href=\"https:\/\/qingdaohf.com\/fi\/tuote\/muotin-sidontatanko\/\" \/>\n<meta property=\"og:locale\" content=\"fi_FI\" \/>\n<meta property=\"og:type\" content=\"article\" \/>\n<meta property=\"og:title\" content=\"Concrete Formwork Tie Rod\" \/>\n<meta property=\"og:description\" content=\"Tie rod is reinforced straight steel rebar of large diameter with high strength and high dimensional accuracy external thread .\" \/>\n<meta property=\"og:url\" content=\"https:\/\/qingdaohf.com\/fi\/tuote\/muotin-sidontatanko\/\" \/>\n<meta property=\"og:site_name\" content=\"Concrete Form &amp; Rigging Hardware Supplier\" \/>\n<meta property=\"article:publisher\" content=\"https:\/\/www.facebook.com\/qingdaohf\" \/>\n<meta property=\"article:modified_time\" content=\"2025-11-13T01:06:19+00:00\" \/>\n<meta property=\"og:image\" content=\"https:\/\/qingdaohf.com\/wp-content\/uploads\/2023\/02\/tie-rod-system.webp\" \/>\n\t<meta property=\"og:image:width\" content=\"1000\" \/>\n\t<meta property=\"og:image:height\" content=\"1000\" \/>\n\t<meta property=\"og:image:type\" content=\"image\/webp\" \/>\n<meta name=\"twitter:card\" content=\"summary_large_image\" \/>\n<meta name=\"twitter:label1\" content=\"Arvioitu lukuaika\" \/>\n\t<meta name=\"twitter:data1\" content=\"4 minuuttia\" \/>\n<script type=\"application\/ld+json\" class=\"yoast-schema-graph\">{\"@context\":\"https:\/\/schema.org\",\"@graph\":[{\"@type\":\"WebPage\",\"@id\":\"https:\/\/qingdaohf.com\/product\/formwork-tie-rod\/\",\"url\":\"https:\/\/qingdaohf.com\/product\/formwork-tie-rod\/\",\"name\":\"Concrete Formwork Tie Rod\",\"isPartOf\":{\"@id\":\"https:\/\/qingdaohf.com\/bg\/#website\"},\"primaryImageOfPage\":{\"@id\":\"https:\/\/qingdaohf.com\/product\/formwork-tie-rod\/#primaryimage\"},\"image\":{\"@id\":\"https:\/\/qingdaohf.com\/product\/formwork-tie-rod\/#primaryimage\"},\"thumbnailUrl\":\"https:\/\/qingdaohf.com\/wp-content\/uploads\/2023\/02\/tie-rod-system.webp\",\"datePublished\":\"2023-02-10T09:41:17+00:00\",\"dateModified\":\"2025-11-13T01:06:19+00:00\",\"description\":\"Tie rod is reinforced straight steel rebar of large diameter with high strength and high dimensional accuracy external thread .\",\"breadcrumb\":{\"@id\":\"https:\/\/qingdaohf.com\/product\/formwork-tie-rod\/#breadcrumb\"},\"inLanguage\":\"fi\",\"potentialAction\":[{\"@type\":\"ReadAction\",\"target\":[\"https:\/\/qingdaohf.com\/product\/formwork-tie-rod\/\"]}]},{\"@type\":\"ImageObject\",\"inLanguage\":\"fi\",\"@id\":\"https:\/\/qingdaohf.com\/product\/formwork-tie-rod\/#primaryimage\",\"url\":\"https:\/\/qingdaohf.com\/wp-content\/uploads\/2023\/02\/tie-rod-system.webp\",\"contentUrl\":\"https:\/\/qingdaohf.com\/wp-content\/uploads\/2023\/02\/tie-rod-system.webp\",\"width\":1000,\"height\":1000,\"caption\":\"tie rod system\"},{\"@type\":\"BreadcrumbList\",\"@id\":\"https:\/\/qingdaohf.com\/product\/formwork-tie-rod\/#breadcrumb\",\"itemListElement\":[{\"@type\":\"ListItem\",\"position\":1,\"name\":\"Home\",\"item\":\"https:\/\/qingdaohf.com\/\"},{\"@type\":\"ListItem\",\"position\":2,\"name\":\"Concrete Forming Accessories and Rigging Hardware\",\"item\":\"https:\/\/qingdaohf.com\/bg\/?page_id=944\"},{\"@type\":\"ListItem\",\"position\":3,\"name\":\"Concrete Formwork Tie Rod\"}]},{\"@type\":\"WebSite\",\"@id\":\"https:\/\/qingdaohf.com\/bg\/#website\",\"url\":\"https:\/\/qingdaohf.com\/bg\/\",\"name\":\"Concrete Form & Rigging Hardware Supplier\",\"description\":\"\",\"publisher\":{\"@id\":\"https:\/\/qingdaohf.com\/bg\/#organization\"},\"potentialAction\":[{\"@type\":\"SearchAction\",\"target\":{\"@type\":\"EntryPoint\",\"urlTemplate\":\"https:\/\/qingdaohf.com\/bg\/?s={search_term_string}\"},\"query-input\":{\"@type\":\"PropertyValueSpecification\",\"valueRequired\":true,\"valueName\":\"search_term_string\"}}],\"inLanguage\":\"fi\"},{\"@type\":\"Organization\",\"@id\":\"https:\/\/qingdaohf.com\/bg\/#organization\",\"name\":\"Qingdao H&F\",\"url\":\"https:\/\/qingdaohf.com\/bg\/\",\"logo\":{\"@type\":\"ImageObject\",\"inLanguage\":\"fi\",\"@id\":\"https:\/\/qingdaohf.com\/bg\/#\/schema\/logo\/image\/\",\"url\":\"https:\/\/qingdaohf.com\/wp-content\/uploads\/2022\/12\/cropped-HF-LOGO.png\",\"contentUrl\":\"https:\/\/qingdaohf.com\/wp-content\/uploads\/2022\/12\/cropped-HF-LOGO.png\",\"width\":391,\"height\":249,\"caption\":\"Qingdao H&F\"},\"image\":{\"@id\":\"https:\/\/qingdaohf.com\/bg\/#\/schema\/logo\/image\/\"},\"sameAs\":[\"https:\/\/www.facebook.com\/qingdaohf\"]}]}<\/script>\n<!-- \/ Yoast SEO plugin. -->","yoast_head_json":{"title":"Concrete Formwork Tie Rod","description":"Tie rod is reinforced straight steel rebar of large diameter with high strength and high dimensional accuracy external thread .","robots":{"index":"index","follow":"follow","max-snippet":"max-snippet:-1","max-image-preview":"max-image-preview:large","max-video-preview":"max-video-preview:-1"},"canonical":"https:\/\/qingdaohf.com\/fi\/tuote\/muotin-sidontatanko\/","og_locale":"fi_FI","og_type":"article","og_title":"Concrete Formwork Tie Rod","og_description":"Tie rod is reinforced straight steel rebar of large diameter with high strength and high dimensional accuracy external thread .","og_url":"https:\/\/qingdaohf.com\/fi\/tuote\/muotin-sidontatanko\/","og_site_name":"Concrete Form &amp; Rigging Hardware Supplier","article_publisher":"https:\/\/www.facebook.com\/qingdaohf","article_modified_time":"2025-11-13T01:06:19+00:00","og_image":[{"width":1000,"height":1000,"url":"https:\/\/qingdaohf.com\/wp-content\/uploads\/2023\/02\/tie-rod-system.webp","type":"image\/webp"}],"twitter_card":"summary_large_image","twitter_misc":{"Arvioitu lukuaika":"4 minuuttia"},"schema":{"@context":"https:\/\/schema.org","@graph":[{"@type":"WebPage","@id":"https:\/\/qingdaohf.com\/product\/formwork-tie-rod\/","url":"https:\/\/qingdaohf.com\/product\/formwork-tie-rod\/","name":"Concrete Formwork Tie Rod","isPartOf":{"@id":"https:\/\/qingdaohf.com\/bg\/#website"},"primaryImageOfPage":{"@id":"https:\/\/qingdaohf.com\/product\/formwork-tie-rod\/#primaryimage"},"image":{"@id":"https:\/\/qingdaohf.com\/product\/formwork-tie-rod\/#primaryimage"},"thumbnailUrl":"https:\/\/qingdaohf.com\/wp-content\/uploads\/2023\/02\/tie-rod-system.webp","datePublished":"2023-02-10T09:41:17+00:00","dateModified":"2025-11-13T01:06:19+00:00","description":"Tie rod is reinforced straight steel rebar of large diameter with high strength and high dimensional accuracy external thread .","breadcrumb":{"@id":"https:\/\/qingdaohf.com\/product\/formwork-tie-rod\/#breadcrumb"},"inLanguage":"fi","potentialAction":[{"@type":"ReadAction","target":["https:\/\/qingdaohf.com\/product\/formwork-tie-rod\/"]}]},{"@type":"ImageObject","inLanguage":"fi","@id":"https:\/\/qingdaohf.com\/product\/formwork-tie-rod\/#primaryimage","url":"https:\/\/qingdaohf.com\/wp-content\/uploads\/2023\/02\/tie-rod-system.webp","contentUrl":"https:\/\/qingdaohf.com\/wp-content\/uploads\/2023\/02\/tie-rod-system.webp","width":1000,"height":1000,"caption":"tie rod system"},{"@type":"BreadcrumbList","@id":"https:\/\/qingdaohf.com\/product\/formwork-tie-rod\/#breadcrumb","itemListElement":[{"@type":"ListItem","position":1,"name":"Home","item":"https:\/\/qingdaohf.com\/"},{"@type":"ListItem","position":2,"name":"Concrete Forming Accessories and Rigging Hardware","item":"https:\/\/qingdaohf.com\/bg\/?page_id=944"},{"@type":"ListItem","position":3,"name":"Concrete Formwork Tie Rod"}]},{"@type":"WebSite","@id":"https:\/\/qingdaohf.com\/bg\/#website","url":"https:\/\/qingdaohf.com\/bg\/","name":"Concrete Form & Rigging Hardware Supplier","description":"","publisher":{"@id":"https:\/\/qingdaohf.com\/bg\/#organization"},"potentialAction":[{"@type":"SearchAction","target":{"@type":"EntryPoint","urlTemplate":"https:\/\/qingdaohf.com\/bg\/?s={search_term_string}"},"query-input":{"@type":"PropertyValueSpecification","valueRequired":true,"valueName":"search_term_string"}}],"inLanguage":"fi"},{"@type":"Organization","@id":"https:\/\/qingdaohf.com\/bg\/#organization","name":"Qingdao H&F","url":"https:\/\/qingdaohf.com\/bg\/","logo":{"@type":"ImageObject","inLanguage":"fi","@id":"https:\/\/qingdaohf.com\/bg\/#\/schema\/logo\/image\/","url":"https:\/\/qingdaohf.com\/wp-content\/uploads\/2022\/12\/cropped-HF-LOGO.png","contentUrl":"https:\/\/qingdaohf.com\/wp-content\/uploads\/2022\/12\/cropped-HF-LOGO.png","width":391,"height":249,"caption":"Qingdao H&F"},"image":{"@id":"https:\/\/qingdaohf.com\/bg\/#\/schema\/logo\/image\/"},"sameAs":["https:\/\/www.facebook.com\/qingdaohf"]}]}},"_links":{"self":[{"href":"https:\/\/qingdaohf.com\/fi\/wp-json\/wp\/v2\/product\/2132","targetHints":{"allow":["GET"]}}],"collection":[{"href":"https:\/\/qingdaohf.com\/fi\/wp-json\/wp\/v2\/product"}],"about":[{"href":"https:\/\/qingdaohf.com\/fi\/wp-json\/wp\/v2\/types\/product"}],"replies":[{"embeddable":true,"href":"https:\/\/qingdaohf.com\/fi\/wp-json\/wp\/v2\/comments?post=2132"}],"version-history":[{"count":4,"href":"https:\/\/qingdaohf.com\/fi\/wp-json\/wp\/v2\/product\/2132\/revisions"}],"predecessor-version":[{"id":3498,"href":"https:\/\/qingdaohf.com\/fi\/wp-json\/wp\/v2\/product\/2132\/revisions\/3498"}],"wp:featuredmedia":[{"embeddable":true,"href":"https:\/\/qingdaohf.com\/fi\/wp-json\/wp\/v2\/media\/8607"}],"wp:attachment":[{"href":"https:\/\/qingdaohf.com\/fi\/wp-json\/wp\/v2\/media?parent=2132"}],"wp:term":[{"taxonomy":"product_brand","embeddable":true,"href":"https:\/\/qingdaohf.com\/fi\/wp-json\/wp\/v2\/product_brand?post=2132"},{"taxonomy":"product_cat","embeddable":true,"href":"https:\/\/qingdaohf.com\/fi\/wp-json\/wp\/v2\/product_cat?post=2132"},{"taxonomy":"product_tag","embeddable":true,"href":"https:\/\/qingdaohf.com\/fi\/wp-json\/wp\/v2\/product_tag?post=2132"}],"curies":[{"name":"wp","href":"https:\/\/api.w.org\/{rel}","templated":true}]}}