{"id":2195,"date":"2023-02-14T17:51:08","date_gmt":"2023-02-14T09:51:08","guid":{"rendered":"http:\/\/qingdaohf.com\/?post_type=product&#038;p=2195"},"modified":"2025-11-13T09:06:18","modified_gmt":"2025-11-13T01:06:18","slug":"danforth-anchor","status":"publish","type":"product","link":"https:\/\/qingdaohf.com\/fi\/tuote\/danforth-ankkuri\/","title":{"rendered":"Danforth ankkuri"},"content":{"rendered":"<p>Ankkuri on rakennettu siten, ett\u00e4 sen kruunu on varsi, joka toimii nivelpisteen\u00e4 ankkurin ruoteille. Laipat ovat leveiden, ter\u00e4v\u00e4k\u00e4rkisten terien muotoisia, jotka on saranoitu varteen. Tyypillisesti niiss\u00e4 on kaksi laippaa, jotka voivat k\u00e4\u00e4nty\u00e4 ja kaivautua merenpohjaan, kun ankkuri asetetaan.<\/p>\n<p>Yksi Danforth-ankkurin ominaisuuksista on sen kevyt ja kompakti muotoilu, jonka ansiosta sit\u00e4 on helppo k\u00e4sitell\u00e4 ja s\u00e4ilytt\u00e4\u00e4 veneess\u00e4. Ankkuri on usein valmistettu lujasta ter\u00e4ksest\u00e4, mik\u00e4 takaa kest\u00e4vyyden ja korroosionkest\u00e4vyyden.<\/p>\n<p>Danforth-ankkurin laipat on suunniteltu tunkeutumaan erityyppisiin merenpohjiin, kuten hiekkaan, mutaan ja soraan. Kun ankkuri pudotetaan, se luottaa siihen, ett\u00e4 sen siivekkeet kaivautuvat merenpohjaan ja antavat turvallisen otteen. Ankkurin ter\u00e4v\u00e4t k\u00e4rjet ja leve\u00e4t siivet lis\u00e4\u00e4v\u00e4t ankkurin pitovoimaa erityisesti hiekka- tai mutapohjissa.<\/p>\n<p>Vakauden parantamiseksi ja ankkurin kaatumisen est\u00e4miseksi Danforth-ankkurissa on kruunussa varsi. T\u00e4m\u00e4 varsi varmistaa, ett\u00e4 ankkuri pysyy oikeassa asennossa ja maksimoi sen pitokyvyn.<\/p>\n<p>Danforth-ankkuria k\u00e4ytet\u00e4\u00e4n yleisesti huviveneilyss\u00e4, purjeveneiss\u00e4 ja pienemmiss\u00e4 aluksissa. Sit\u00e4 suositaan sen pitovoiman, helpon k\u00e4sitelt\u00e4vyyden ja kyvyn nollata itsens\u00e4, jos tuuli tai virtaus muuttuu. Se ei kuitenkaan ole yht\u00e4 tehokas kivisill\u00e4 tai ruohottuneilla alueilla, joissa sen laipat voivat sotkeutua.<\/p>\n<p><img fetchpriority=\"high\" decoding=\"async\" class=\"alignnone wp-image-8305 size-full\" src=\"http:\/\/qingdaohf.com\/wp-content\/uploads\/2023\/02\/danforth-anchor-1.png\" alt=\"danforth-ankkuri \" width=\"600\" height=\"519\" srcset=\"https:\/\/qingdaohf.com\/wp-content\/uploads\/2023\/02\/danforth-anchor-1.png 600w, https:\/\/qingdaohf.com\/wp-content\/uploads\/2023\/02\/danforth-anchor-1-300x260.png 300w, https:\/\/qingdaohf.com\/wp-content\/uploads\/2023\/02\/danforth-anchor-1-14x12.png 14w\" sizes=\"(max-width: 600px) 100vw, 600px\" \/> <img decoding=\"async\" class=\"alignnone wp-image-8306 size-full\" src=\"http:\/\/qingdaohf.com\/wp-content\/uploads\/2023\/02\/danforth-anchor-2.png\" alt=\"danforth-ankkuri \" width=\"582\" height=\"661\" srcset=\"https:\/\/qingdaohf.com\/wp-content\/uploads\/2023\/02\/danforth-anchor-2.png 582w, https:\/\/qingdaohf.com\/wp-content\/uploads\/2023\/02\/danforth-anchor-2-264x300.png 264w, https:\/\/qingdaohf.com\/wp-content\/uploads\/2023\/02\/danforth-anchor-2-11x12.png 11w\" sizes=\"(max-width: 582px) 100vw, 582px\" \/><\/p>\n<p>&nbsp;<\/p>\n<p><img decoding=\"async\" class=\"alignnone size-full wp-image-3881\" src=\"http:\/\/qingdaohf.com\/wp-content\/uploads\/2023\/02\/Danforth-Anchor-1.jpg\" alt=\"Danforth ankkuri\" width=\"750\" height=\"562\" srcset=\"https:\/\/qingdaohf.com\/wp-content\/uploads\/2023\/02\/Danforth-Anchor-1.jpg 750w, https:\/\/qingdaohf.com\/wp-content\/uploads\/2023\/02\/Danforth-Anchor-1-300x225.jpg 300w\" sizes=\"(max-width: 750px) 100vw, 750px\" \/> <img loading=\"lazy\" decoding=\"async\" class=\"alignnone size-full wp-image-3882\" src=\"http:\/\/qingdaohf.com\/wp-content\/uploads\/2023\/02\/Danforth-Anchor-2.jpg\" alt=\"Danforth ankkuri\" width=\"750\" height=\"562\" srcset=\"https:\/\/qingdaohf.com\/wp-content\/uploads\/2023\/02\/Danforth-Anchor-2.jpg 750w, https:\/\/qingdaohf.com\/wp-content\/uploads\/2023\/02\/Danforth-Anchor-2-300x225.jpg 300w\" sizes=\"(max-width: 750px) 100vw, 750px\" \/><\/p>","protected":false},"excerpt":{"rendered":"<p>Danforth-ankkuri on laajalti tunnettu ja suosittu ankkurityyppi, jota k\u00e4ytet\u00e4\u00e4n veneilyss\u00e4 ja merenkulussa. Se on nimetty keksij\u00e4ns\u00e4 Richard Danforthin mukaan, joka kehitti mallin 1900-luvun puoliv\u00e4liss\u00e4. Danforth-ankkuri tunnetaan erinomaisesta pitovoimastaan ja monipuolisuudestaan erilaisissa merenpohjan olosuhteissa.<\/p>","protected":false},"featured_media":3880,"comment_status":"open","ping_status":"closed","template":"","meta":{"site-sidebar-layout":"default","site-content-layout":"default","ast-site-content-layout":"default","site-content-style":"default","site-sidebar-style":"default","ast-global-header-display":"","ast-banner-title-visibility":"","ast-main-header-display":"","ast-hfb-above-header-display":"","ast-hfb-below-header-display":"","ast-hfb-mobile-header-display":"","site-post-title":"","ast-breadcrumbs-content":"","ast-featured-img":"","footer-sml-layout":"","theme-transparent-header-meta":"default","adv-header-id-meta":"","stick-header-meta":"default","header-above-stick-meta":"","header-main-stick-meta":"","header-below-stick-meta":"","astra-migrate-meta-layouts":"set","ast-page-background-enabled":"default","ast-page-background-meta":{"desktop":{"background-color":"","background-image":"","background-repeat":"repeat","background-position":"center center","background-size":"auto","background-attachment":"scroll","background-type":"","background-media":"","overlay-type":"","overlay-color":"","overlay-opacity":"","overlay-gradient":""},"tablet":{"background-color":"","background-image":"","background-repeat":"repeat","background-position":"center center","background-size":"auto","background-attachment":"scroll","background-type":"","background-media":"","overlay-type":"","overlay-color":"","overlay-opacity":"","overlay-gradient":""},"mobile":{"background-color":"","background-image":"","background-repeat":"repeat","background-position":"center center","background-size":"auto","background-attachment":"scroll","background-type":"","background-media":"","overlay-type":"","overlay-color":"","overlay-opacity":"","overlay-gradient":""}},"ast-content-background-meta":{"desktop":{"background-color":"var(--ast-global-color-5)","background-image":"","background-repeat":"repeat","background-position":"center center","background-size":"auto","background-attachment":"scroll","background-type":"","background-media":"","overlay-type":"","overlay-color":"","overlay-opacity":"","overlay-gradient":""},"tablet":{"background-color":"var(--ast-global-color-5)","background-image":"","background-repeat":"repeat","background-position":"center center","background-size":"auto","background-attachment":"scroll","background-type":"","background-media":"","overlay-type":"","overlay-color":"","overlay-opacity":"","overlay-gradient":""},"mobile":{"background-color":"var(--ast-global-color-5)","background-image":"","background-repeat":"repeat","background-position":"center center","background-size":"auto","background-attachment":"scroll","background-type":"","background-media":"","overlay-type":"","overlay-color":"","overlay-opacity":"","overlay-gradient":""}}},"product_brand":[],"product_cat":[74,43],"product_tag":[],"class_list":{"0":"post-2195","1":"product","2":"type-product","3":"status-publish","4":"has-post-thumbnail","6":"product_cat-boat-anchor","7":"product_cat-rigging-hardware","8":"desktop-align-left","9":"tablet-align-left","10":"mobile-align-left","11":"ast-product-gallery-layout-horizontal-slider","12":"ast-product-tabs-layout-horizontal","14":"first","15":"instock","16":"shipping-taxable","17":"purchasable","18":"product-type-simple"},"yoast_head":"<!-- This site is optimized with the Yoast SEO plugin v25.2 - https:\/\/yoast.com\/wordpress\/plugins\/seo\/ -->\n<title>Danforth Anchor<\/title>\n<meta name=\"description\" content=\"The Danforth Anchor is a widely recognized and popular type of anchor used in boating and maritime activities. The Danforth Anchor is a widely recognized and popular type of anchor used in boating and maritime activities.\" \/>\n<meta name=\"robots\" content=\"index, follow, max-snippet:-1, max-image-preview:large, max-video-preview:-1\" \/>\n<link rel=\"canonical\" href=\"https:\/\/qingdaohf.com\/fi\/tuote\/danforth-ankkuri\/\" \/>\n<meta property=\"og:locale\" content=\"fi_FI\" \/>\n<meta property=\"og:type\" content=\"article\" \/>\n<meta property=\"og:title\" content=\"Danforth Anchor\" \/>\n<meta property=\"og:description\" content=\"The Danforth Anchor is a widely recognized and popular type of anchor used in boating and maritime activities. The Danforth Anchor is a widely recognized and popular type of anchor used in boating and maritime activities.\" \/>\n<meta property=\"og:url\" content=\"https:\/\/qingdaohf.com\/fi\/tuote\/danforth-ankkuri\/\" \/>\n<meta property=\"og:site_name\" content=\"Concrete Form &amp; Rigging Hardware Supplier\" \/>\n<meta property=\"article:publisher\" content=\"https:\/\/www.facebook.com\/qingdaohf\" \/>\n<meta property=\"article:modified_time\" content=\"2025-11-13T01:06:18+00:00\" \/>\n<meta property=\"og:image\" content=\"https:\/\/qingdaohf.com\/wp-content\/uploads\/2023\/02\/Danforth-Anchor-8.jpg\" \/>\n\t<meta property=\"og:image:width\" content=\"1000\" \/>\n\t<meta property=\"og:image:height\" content=\"1000\" \/>\n\t<meta property=\"og:image:type\" content=\"image\/jpeg\" \/>\n<meta name=\"twitter:card\" content=\"summary_large_image\" \/>\n<meta name=\"twitter:label1\" content=\"Arvioitu lukuaika\" \/>\n\t<meta name=\"twitter:data1\" content=\"3 minuuttia\" \/>\n<script type=\"application\/ld+json\" class=\"yoast-schema-graph\">{\"@context\":\"https:\/\/schema.org\",\"@graph\":[{\"@type\":\"WebPage\",\"@id\":\"https:\/\/qingdaohf.com\/product\/danforth-anchor\/\",\"url\":\"https:\/\/qingdaohf.com\/product\/danforth-anchor\/\",\"name\":\"Danforth Anchor\",\"isPartOf\":{\"@id\":\"https:\/\/qingdaohf.com\/bg\/#website\"},\"primaryImageOfPage\":{\"@id\":\"https:\/\/qingdaohf.com\/product\/danforth-anchor\/#primaryimage\"},\"image\":{\"@id\":\"https:\/\/qingdaohf.com\/product\/danforth-anchor\/#primaryimage\"},\"thumbnailUrl\":\"https:\/\/qingdaohf.com\/wp-content\/uploads\/2023\/02\/Danforth-Anchor-8.jpg\",\"datePublished\":\"2023-02-14T09:51:08+00:00\",\"dateModified\":\"2025-11-13T01:06:18+00:00\",\"description\":\"The Danforth Anchor is a widely recognized and popular type of anchor used in boating and maritime activities. The Danforth Anchor is a widely recognized and popular type of anchor used in boating and maritime activities.\",\"breadcrumb\":{\"@id\":\"https:\/\/qingdaohf.com\/product\/danforth-anchor\/#breadcrumb\"},\"inLanguage\":\"fi\",\"potentialAction\":[{\"@type\":\"ReadAction\",\"target\":[\"https:\/\/qingdaohf.com\/product\/danforth-anchor\/\"]}]},{\"@type\":\"ImageObject\",\"inLanguage\":\"fi\",\"@id\":\"https:\/\/qingdaohf.com\/product\/danforth-anchor\/#primaryimage\",\"url\":\"https:\/\/qingdaohf.com\/wp-content\/uploads\/2023\/02\/Danforth-Anchor-8.jpg\",\"contentUrl\":\"https:\/\/qingdaohf.com\/wp-content\/uploads\/2023\/02\/Danforth-Anchor-8.jpg\",\"width\":1000,\"height\":1000,\"caption\":\"Danforth Anchor\"},{\"@type\":\"BreadcrumbList\",\"@id\":\"https:\/\/qingdaohf.com\/product\/danforth-anchor\/#breadcrumb\",\"itemListElement\":[{\"@type\":\"ListItem\",\"position\":1,\"name\":\"Home\",\"item\":\"https:\/\/qingdaohf.com\/\"},{\"@type\":\"ListItem\",\"position\":2,\"name\":\"Concrete Forming Accessories and Rigging Hardware\",\"item\":\"https:\/\/qingdaohf.com\/bg\/?page_id=944\"},{\"@type\":\"ListItem\",\"position\":3,\"name\":\"Danforth Anchor\"}]},{\"@type\":\"WebSite\",\"@id\":\"https:\/\/qingdaohf.com\/bg\/#website\",\"url\":\"https:\/\/qingdaohf.com\/bg\/\",\"name\":\"Concrete Form & Rigging Hardware Supplier\",\"description\":\"\",\"publisher\":{\"@id\":\"https:\/\/qingdaohf.com\/bg\/#organization\"},\"potentialAction\":[{\"@type\":\"SearchAction\",\"target\":{\"@type\":\"EntryPoint\",\"urlTemplate\":\"https:\/\/qingdaohf.com\/bg\/?s={search_term_string}\"},\"query-input\":{\"@type\":\"PropertyValueSpecification\",\"valueRequired\":true,\"valueName\":\"search_term_string\"}}],\"inLanguage\":\"fi\"},{\"@type\":\"Organization\",\"@id\":\"https:\/\/qingdaohf.com\/bg\/#organization\",\"name\":\"Qingdao H&F\",\"url\":\"https:\/\/qingdaohf.com\/bg\/\",\"logo\":{\"@type\":\"ImageObject\",\"inLanguage\":\"fi\",\"@id\":\"https:\/\/qingdaohf.com\/bg\/#\/schema\/logo\/image\/\",\"url\":\"https:\/\/qingdaohf.com\/wp-content\/uploads\/2022\/12\/cropped-HF-LOGO.png\",\"contentUrl\":\"https:\/\/qingdaohf.com\/wp-content\/uploads\/2022\/12\/cropped-HF-LOGO.png\",\"width\":391,\"height\":249,\"caption\":\"Qingdao H&F\"},\"image\":{\"@id\":\"https:\/\/qingdaohf.com\/bg\/#\/schema\/logo\/image\/\"},\"sameAs\":[\"https:\/\/www.facebook.com\/qingdaohf\"]}]}<\/script>\n<!-- \/ Yoast SEO plugin. -->","yoast_head_json":{"title":"Danforth Anchor","description":"The Danforth Anchor is a widely recognized and popular type of anchor used in boating and maritime activities. The Danforth Anchor is a widely recognized and popular type of anchor used in boating and maritime activities.","robots":{"index":"index","follow":"follow","max-snippet":"max-snippet:-1","max-image-preview":"max-image-preview:large","max-video-preview":"max-video-preview:-1"},"canonical":"https:\/\/qingdaohf.com\/fi\/tuote\/danforth-ankkuri\/","og_locale":"fi_FI","og_type":"article","og_title":"Danforth Anchor","og_description":"The Danforth Anchor is a widely recognized and popular type of anchor used in boating and maritime activities. The Danforth Anchor is a widely recognized and popular type of anchor used in boating and maritime activities.","og_url":"https:\/\/qingdaohf.com\/fi\/tuote\/danforth-ankkuri\/","og_site_name":"Concrete Form &amp; Rigging Hardware Supplier","article_publisher":"https:\/\/www.facebook.com\/qingdaohf","article_modified_time":"2025-11-13T01:06:18+00:00","og_image":[{"width":1000,"height":1000,"url":"https:\/\/qingdaohf.com\/wp-content\/uploads\/2023\/02\/Danforth-Anchor-8.jpg","type":"image\/jpeg"}],"twitter_card":"summary_large_image","twitter_misc":{"Arvioitu lukuaika":"3 minuuttia"},"schema":{"@context":"https:\/\/schema.org","@graph":[{"@type":"WebPage","@id":"https:\/\/qingdaohf.com\/product\/danforth-anchor\/","url":"https:\/\/qingdaohf.com\/product\/danforth-anchor\/","name":"Danforth Anchor","isPartOf":{"@id":"https:\/\/qingdaohf.com\/bg\/#website"},"primaryImageOfPage":{"@id":"https:\/\/qingdaohf.com\/product\/danforth-anchor\/#primaryimage"},"image":{"@id":"https:\/\/qingdaohf.com\/product\/danforth-anchor\/#primaryimage"},"thumbnailUrl":"https:\/\/qingdaohf.com\/wp-content\/uploads\/2023\/02\/Danforth-Anchor-8.jpg","datePublished":"2023-02-14T09:51:08+00:00","dateModified":"2025-11-13T01:06:18+00:00","description":"The Danforth Anchor is a widely recognized and popular type of anchor used in boating and maritime activities. The Danforth Anchor is a widely recognized and popular type of anchor used in boating and maritime activities.","breadcrumb":{"@id":"https:\/\/qingdaohf.com\/product\/danforth-anchor\/#breadcrumb"},"inLanguage":"fi","potentialAction":[{"@type":"ReadAction","target":["https:\/\/qingdaohf.com\/product\/danforth-anchor\/"]}]},{"@type":"ImageObject","inLanguage":"fi","@id":"https:\/\/qingdaohf.com\/product\/danforth-anchor\/#primaryimage","url":"https:\/\/qingdaohf.com\/wp-content\/uploads\/2023\/02\/Danforth-Anchor-8.jpg","contentUrl":"https:\/\/qingdaohf.com\/wp-content\/uploads\/2023\/02\/Danforth-Anchor-8.jpg","width":1000,"height":1000,"caption":"Danforth Anchor"},{"@type":"BreadcrumbList","@id":"https:\/\/qingdaohf.com\/product\/danforth-anchor\/#breadcrumb","itemListElement":[{"@type":"ListItem","position":1,"name":"Home","item":"https:\/\/qingdaohf.com\/"},{"@type":"ListItem","position":2,"name":"Concrete Forming Accessories and Rigging Hardware","item":"https:\/\/qingdaohf.com\/bg\/?page_id=944"},{"@type":"ListItem","position":3,"name":"Danforth Anchor"}]},{"@type":"WebSite","@id":"https:\/\/qingdaohf.com\/bg\/#website","url":"https:\/\/qingdaohf.com\/bg\/","name":"Concrete Form & Rigging Hardware Supplier","description":"","publisher":{"@id":"https:\/\/qingdaohf.com\/bg\/#organization"},"potentialAction":[{"@type":"SearchAction","target":{"@type":"EntryPoint","urlTemplate":"https:\/\/qingdaohf.com\/bg\/?s={search_term_string}"},"query-input":{"@type":"PropertyValueSpecification","valueRequired":true,"valueName":"search_term_string"}}],"inLanguage":"fi"},{"@type":"Organization","@id":"https:\/\/qingdaohf.com\/bg\/#organization","name":"Qingdao H&F","url":"https:\/\/qingdaohf.com\/bg\/","logo":{"@type":"ImageObject","inLanguage":"fi","@id":"https:\/\/qingdaohf.com\/bg\/#\/schema\/logo\/image\/","url":"https:\/\/qingdaohf.com\/wp-content\/uploads\/2022\/12\/cropped-HF-LOGO.png","contentUrl":"https:\/\/qingdaohf.com\/wp-content\/uploads\/2022\/12\/cropped-HF-LOGO.png","width":391,"height":249,"caption":"Qingdao H&F"},"image":{"@id":"https:\/\/qingdaohf.com\/bg\/#\/schema\/logo\/image\/"},"sameAs":["https:\/\/www.facebook.com\/qingdaohf"]}]}},"_links":{"self":[{"href":"https:\/\/qingdaohf.com\/fi\/wp-json\/wp\/v2\/product\/2195","targetHints":{"allow":["GET"]}}],"collection":[{"href":"https:\/\/qingdaohf.com\/fi\/wp-json\/wp\/v2\/product"}],"about":[{"href":"https:\/\/qingdaohf.com\/fi\/wp-json\/wp\/v2\/types\/product"}],"replies":[{"embeddable":true,"href":"https:\/\/qingdaohf.com\/fi\/wp-json\/wp\/v2\/comments?post=2195"}],"version-history":[{"count":2,"href":"https:\/\/qingdaohf.com\/fi\/wp-json\/wp\/v2\/product\/2195\/revisions"}],"predecessor-version":[{"id":8307,"href":"https:\/\/qingdaohf.com\/fi\/wp-json\/wp\/v2\/product\/2195\/revisions\/8307"}],"wp:featuredmedia":[{"embeddable":true,"href":"https:\/\/qingdaohf.com\/fi\/wp-json\/wp\/v2\/media\/3880"}],"wp:attachment":[{"href":"https:\/\/qingdaohf.com\/fi\/wp-json\/wp\/v2\/media?parent=2195"}],"wp:term":[{"taxonomy":"product_brand","embeddable":true,"href":"https:\/\/qingdaohf.com\/fi\/wp-json\/wp\/v2\/product_brand?post=2195"},{"taxonomy":"product_cat","embeddable":true,"href":"https:\/\/qingdaohf.com\/fi\/wp-json\/wp\/v2\/product_cat?post=2195"},{"taxonomy":"product_tag","embeddable":true,"href":"https:\/\/qingdaohf.com\/fi\/wp-json\/wp\/v2\/product_tag?post=2195"}],"curies":[{"name":"wp","href":"https:\/\/api.w.org\/{rel}","templated":true}]}}