{"id":2218,"date":"2023-02-15T11:57:32","date_gmt":"2023-02-15T03:57:32","guid":{"rendered":"http:\/\/qingdaohf.com\/?post_type=product&#038;p=2218"},"modified":"2025-11-13T09:06:17","modified_gmt":"2025-11-13T01:06:17","slug":"tie-nut","status":"publish","type":"product","link":"https:\/\/qingdaohf.com\/fi\/tuote\/sidontamutteri\/","title":{"rendered":"Muottiside mutteri"},"content":{"rendered":"<div class=\"ast-oembed-container\" style=\"height: 100%;\"><iframe title=\"Betonimuotin solmimutteri ja sidontatanko\" width=\"500\" height=\"281\" src=\"https:\/\/www.youtube.com\/embed\/RQCaJFwWa88?feature=oembed\" frameborder=\"0\" allow=\"accelerometer; autoplay; clipboard-write; encrypted-media; gyroscope; picture-in-picture; web-share\" referrerpolicy=\"strict-origin-when-cross-origin\" allowfullscreen><\/iframe><\/div>\n<h4>Betonimuottien vakauden selk\u00e4ranka<\/h4>\n<p>Betonirakentamisen vaativassa maailmassa vakaus ja tarkkuus muottiprosessin aikana ovat ehdottoman t\u00e4rkeit\u00e4. T\u00e4m\u00e4n prosessin ytimess\u00e4 on sidontatankoj\u00e4rjestelm\u00e4, kattava ratkaisu, joka sis\u00e4lt\u00e4\u00e4 sidontatangot, sidontamutterit, vesipys\u00e4yttimet ja siipimutterit. Sidontamutterit ovat ratkaisevassa asemassa t\u00e4ss\u00e4 kokoonpanossa, sill\u00e4 ne lukitsevat sidontatangot tukevasti paikoilleen ja varmistavat, ett\u00e4 muotti pysyy vakaana m\u00e4r\u00e4n betonin valtavan paineen alla.<\/p>\n<p>N\u00e4m\u00e4 n\u00e4enn\u00e4isen pienet osat on suunniteltu kest\u00e4m\u00e4\u00e4n raskaita kuormia ja est\u00e4m\u00e4\u00e4n muottia siirtym\u00e4st\u00e4 tai muodonmuutoksia valu- ja kovettumisvaiheiden aikana. Ilman luotettavia kiinnitysmuttereita koko j\u00e4rjestelm\u00e4 voi pett\u00e4\u00e4, mik\u00e4 vaarantaa sek\u00e4 rakennusprosessin tehokkuuden ett\u00e4 lopputuotteen rakenteellisen eheyden.<\/p>\n<h4>Tie Rod-j\u00e4rjestelm\u00e4: Yhteenkuuluvuusratkaisu<\/h4>\n<p><img fetchpriority=\"high\" decoding=\"async\" class=\"alignnone size-full wp-image-2990\" src=\"http:\/\/qingdaohf.com\/wp-content\/uploads\/2023\/02\/Tie-Nut.jpg\" alt=\"Tie mutteri\" width=\"1204\" height=\"1008\" srcset=\"https:\/\/qingdaohf.com\/wp-content\/uploads\/2023\/02\/Tie-Nut.jpg 1204w, https:\/\/qingdaohf.com\/wp-content\/uploads\/2023\/02\/Tie-Nut-300x251.jpg 300w, https:\/\/qingdaohf.com\/wp-content\/uploads\/2023\/02\/Tie-Nut-1024x857.jpg 1024w, https:\/\/qingdaohf.com\/wp-content\/uploads\/2023\/02\/Tie-Nut-768x643.jpg 768w, https:\/\/qingdaohf.com\/wp-content\/uploads\/2023\/02\/Tie-Nut-1000x837.jpg 1000w\" sizes=\"(max-width: 1204px) 100vw, 1204px\" \/><\/p>\n<p>Sidontatankoj\u00e4rjestelm\u00e4 toimii yhten\u00e4isen\u00e4 kokoonpanona, joka on suunniteltu tukemaan ja vakauttamaan betonimuotteja.<\/p>\n<ul>\n<li><strong>Vetotangot:<\/strong> J\u00e4rjestelm\u00e4n keskeinen osa, sidontatangot, ovat lujitettuja ter\u00e4stankoja, jotka vaimentavat ja jakavat vastavaletun betonin aiheuttamaa painetta. Ne ulottuvat muotin poikki ja antavat tarvittavan j\u00e4ykkyyden, joka pit\u00e4\u00e4 muotin paikallaan.<\/li>\n<li><strong>Vesi pys\u00e4htyy:<\/strong> Usein vedenpid\u00e4ttimet on integroitu vetotankoihin, ja ne toimivat kriittisin\u00e4 estein\u00e4, jotka est\u00e4v\u00e4t vett\u00e4 vuotamasta vetotankojen reikien l\u00e4pi. N\u00e4m\u00e4 elementit parantavat rakenteen kest\u00e4vyytt\u00e4 v\u00e4hent\u00e4m\u00e4ll\u00e4 vesivahinkojen riski\u00e4 ja varmistamalla pitk\u00e4aikaisen suorituskyvyn.<\/li>\n<li><strong>Solmimutterit:<\/strong> Sidontatangon molempiin p\u00e4ihin sijoitetut sidontamutterit kiinnitt\u00e4v\u00e4t tangot tukevasti muottilevyihin. Niiden kierteet ja lujuus on suunniteltu kest\u00e4m\u00e4\u00e4n rakentamisen aikana esiintyvi\u00e4 suuria rasituksia ja s\u00e4ilytt\u00e4m\u00e4\u00e4n muottien suuntaus ja vakaus.<\/li>\n<li><strong>Siipimutterit:<\/strong> Siipimutterit ovat k\u00e4yt\u00e4nn\u00f6llinen lis\u00e4 j\u00e4rjestelm\u00e4\u00e4n, ja niiden avulla s\u00e4\u00e4t\u00f6j\u00e4 voidaan tehd\u00e4 nopeasti ja ilman ty\u00f6kaluja. Ne ovat erityisen hy\u00f6dyllisi\u00e4 sovelluksissa, jotka edellytt\u00e4v\u00e4t usein tapahtuvaa kokoamista ja purkamista, ja ne lis\u00e4\u00e4v\u00e4t tehokkuutta turvallisuudesta tinkim\u00e4tt\u00e4.<\/li>\n<\/ul>\n<p>Yhdess\u00e4 n\u00e4m\u00e4 osat muodostavat vankan ja luotettavan kokonaisuuden, joka takaa betonirakennushankkeiden onnistumisen alusta loppuun.<\/p>\n<h3>Miten sidontarautaj\u00e4rjestelm\u00e4 parantaa rakentamisen tehokkuutta?<\/h3>\n<h4>Parempi vakaus ja tarkkuus<\/h4>\n<p>Sidontatankoj\u00e4rjestelm\u00e4 poistaa huolen virheasennosta tai ep\u00e4vakaudesta muottivaiheen aikana. Lukitsemalla muottilevyt paikoilleen sidontamuttereilla j\u00e4rjestelm\u00e4 takaa, ett\u00e4 rakenne s\u00e4ilytt\u00e4\u00e4 halutun muotonsa koko betonivalun ja kovettumisen ajan.<\/p>\n<p>Lis\u00e4ksi vesipys\u00e4yttimien integrointi kokoonpanoon tarjoaa lis\u00e4suojan. N\u00e4m\u00e4 osat est\u00e4v\u00e4t vett\u00e4 tunkeutumasta sidontatankojen reikiin, mik\u00e4 turvaa betonin eheyden ja v\u00e4hent\u00e4\u00e4 tulevien ongelmien, kuten korroosion tai halkeamien, todenn\u00e4k\u00f6isyytt\u00e4.<\/p>\n<h4>Yksinkertaistettu kokoaminen ja purkaminen<\/h4>\n<p>Siipimutterien sis\u00e4llytt\u00e4minen vetotankoj\u00e4rjestelm\u00e4\u00e4n tehostaa kokoonpanoprosessia. Niiden k\u00e4sin kirist\u00e4misen ansiosta erikoisty\u00f6kaluja ei tarvita, joten rakennusmiehet voivat koota ja purkaa muottia nopeasti ja tehokkaasti. T\u00e4m\u00e4 s\u00e4\u00e4st\u00e4\u00e4 aikaa ja alentaa my\u00f6s ty\u00f6voimakustannuksia, mink\u00e4 ansiosta j\u00e4rjestelm\u00e4 on suositeltava valinta kaikenkokoisiin hankkeisiin.<\/p>\n<h4>Monipuolisuus eri sovelluksissa<\/h4>\n<p>Sidontatankoj\u00e4rjestelm\u00e4n muunneltavuuden ansiosta se soveltuu monenlaisiin betonirakentamisen sovelluksiin yksinkertaisista laattojen ja monimutkaisten arkkitehtonisten rakenteiden v\u00e4lill\u00e4. Sen osat voidaan sovittaa eri muottikokojen ja -kokojen mukaisiksi, mik\u00e4 tarjoaa joustavuutta, jota tarvitaan erilaisten projektivaatimusten t\u00e4ytt\u00e4miseen.<\/p>\n<h3>Laadun olennainen rooli sidontatankoj\u00e4rjestelmiss\u00e4<\/h3>\n<h4>Korkean tarkkuuden valmistus luotettavuutta varten<\/h4>\n<p>Sidontatankojen, sidontamuttereiden, vesipys\u00e4yttimien ja siipimuttereiden on t\u00e4ytett\u00e4v\u00e4 tiukat laatuvaatimukset toimiakseen tehokkaasti. Mitta- tai kierteityspoikkeamat voivat johtaa virheelliseen istuvuuteen ja vaarantaa muottij\u00e4rjestelm\u00e4n vakauden. Tarkka valmistus varmistaa, ett\u00e4 jokainen komponentti toimii saumattomasti yhteen ja tuottaa tasaisen suorituskyvyn ty\u00f6maalla.<\/p>\n<h4>Kest\u00e4vyyden ja lujuuden arvo<\/h4>\n<p>Rakennusymp\u00e4rist\u00f6t altistavat muottij\u00e4rjestelm\u00e4t \u00e4\u00e4rimm\u00e4isille olosuhteille, raskaista kuormista altistumiseen vedelle ja muille elementeille. Kest\u00e4vyys on ensiarvoisen t\u00e4rke\u00e4\u00e4 erityisesti sidontamuttereille ja -tangoille, jotka joutuvat kantamaan suurimman paineen valuprosessin aikana. Laadukkaista materiaaleista valmistettujen komponenttien valinnalla varmistetaan, ett\u00e4 j\u00e4rjestelm\u00e4 kest\u00e4\u00e4 n\u00e4m\u00e4 haasteet ilman vikoja.<\/p>\n<h4>Rakenteellisen eheyden parantaminen pitk\u00e4ll\u00e4 aikav\u00e4lill\u00e4<\/h4>\n<p>Vesisulkujen sis\u00e4llytt\u00e4minen sidontatankoj\u00e4rjestelm\u00e4\u00e4n osoittaa ennakoivien toimenpiteiden merkityksen rakentamisessa. Est\u00e4m\u00e4ll\u00e4 veden tunkeutumisen n\u00e4m\u00e4 osat edist\u00e4v\u00e4t rakenteen pitk\u00e4aikaista kest\u00e4vyytt\u00e4, v\u00e4hent\u00e4v\u00e4t huoltotarpeita ja pident\u00e4v\u00e4t sen k\u00e4ytt\u00f6ik\u00e4\u00e4.<\/p>\n<h4><\/h4>\n<p>&nbsp;<\/p>\n<p>&nbsp;<\/p>\n<p>&nbsp;<\/p>\n<p>&nbsp;<\/p>","protected":false},"excerpt":{"rendered":"<p>Muottien sidontamutterit ovat v\u00e4ltt\u00e4m\u00e4tt\u00f6mi\u00e4 betonirakentamisessa, sill\u00e4 niill\u00e4 varmistetaan muottij\u00e4rjestelmien vakaus ja kohdistus. Qingdao H&amp;F on 20 vuoden asiantuntemuksen omaava kauppayhti\u00f6, joka tarjoaa korkealaatuisia sidontamuttereita, jotka ovat yhteensopivia eri sidontatankoj\u00e4rjestelmien kanssa, mukaan lukien vesipys\u00e4yttimet ja siipimutterit. Vastaamme ostajien huolenaiheisiin tarjoamalla henkil\u00f6kohtaista asiakaspalvelua, nopeita toimitussyklej\u00e4 ja yksityiskohtaisia laatutarkastusraportteja, joilla varmistetaan, ett\u00e4 jokainen tuote t\u00e4ytt\u00e4\u00e4 tiukat standardit.<\/p>","protected":false},"featured_media":3694,"comment_status":"open","ping_status":"closed","template":"","meta":{"site-sidebar-layout":"default","site-content-layout":"default","ast-site-content-layout":"default","site-content-style":"default","site-sidebar-style":"default","ast-global-header-display":"","ast-banner-title-visibility":"","ast-main-header-display":"","ast-hfb-above-header-display":"","ast-hfb-below-header-display":"","ast-hfb-mobile-header-display":"","site-post-title":"","ast-breadcrumbs-content":"","ast-featured-img":"","footer-sml-layout":"","theme-transparent-header-meta":"default","adv-header-id-meta":"","stick-header-meta":"default","header-above-stick-meta":"","header-main-stick-meta":"","header-below-stick-meta":"","astra-migrate-meta-layouts":"set","ast-page-background-enabled":"default","ast-page-background-meta":{"desktop":{"background-color":"","background-image":"","background-repeat":"repeat","background-position":"center center","background-size":"auto","background-attachment":"scroll","background-type":"","background-media":"","overlay-type":"","overlay-color":"","overlay-opacity":"","overlay-gradient":""},"tablet":{"background-color":"","background-image":"","background-repeat":"repeat","background-position":"center center","background-size":"auto","background-attachment":"scroll","background-type":"","background-media":"","overlay-type":"","overlay-color":"","overlay-opacity":"","overlay-gradient":""},"mobile":{"background-color":"","background-image":"","background-repeat":"repeat","background-position":"center center","background-size":"auto","background-attachment":"scroll","background-type":"","background-media":"","overlay-type":"","overlay-color":"","overlay-opacity":"","overlay-gradient":""}},"ast-content-background-meta":{"desktop":{"background-color":"var(--ast-global-color-5)","background-image":"","background-repeat":"repeat","background-position":"center center","background-size":"auto","background-attachment":"scroll","background-type":"","background-media":"","overlay-type":"","overlay-color":"","overlay-opacity":"","overlay-gradient":""},"tablet":{"background-color":"var(--ast-global-color-5)","background-image":"","background-repeat":"repeat","background-position":"center center","background-size":"auto","background-attachment":"scroll","background-type":"","background-media":"","overlay-type":"","overlay-color":"","overlay-opacity":"","overlay-gradient":""},"mobile":{"background-color":"var(--ast-global-color-5)","background-image":"","background-repeat":"repeat","background-position":"center center","background-size":"auto","background-attachment":"scroll","background-type":"","background-media":"","overlay-type":"","overlay-color":"","overlay-opacity":"","overlay-gradient":""}}},"product_brand":[],"product_cat":[79],"product_tag":[],"class_list":{"0":"post-2218","1":"product","2":"type-product","3":"status-publish","4":"has-post-thumbnail","6":"product_cat-tie-rod-system","7":"desktop-align-left","8":"tablet-align-left","9":"mobile-align-left","10":"ast-product-gallery-layout-horizontal-slider","11":"ast-product-tabs-layout-horizontal","13":"first","14":"instock","15":"shipping-taxable","16":"purchasable","17":"product-type-simple"},"yoast_head":"<!-- This site is optimized with the Yoast SEO plugin v25.2 - https:\/\/yoast.com\/wordpress\/plugins\/seo\/ -->\n<title>Formwork Tie Nut<\/title>\n<meta name=\"description\" content=\"Concrete Formwork Tie Nut is a component used in construction to secure concrete formwork\" \/>\n<meta name=\"robots\" content=\"index, follow, max-snippet:-1, max-image-preview:large, max-video-preview:-1\" \/>\n<link rel=\"canonical\" href=\"https:\/\/qingdaohf.com\/fi\/tuote\/sidontamutteri\/\" \/>\n<meta property=\"og:locale\" content=\"fi_FI\" \/>\n<meta property=\"og:type\" content=\"article\" \/>\n<meta property=\"og:title\" content=\"Formwork Tie Nut\" \/>\n<meta property=\"og:description\" content=\"Concrete Formwork Tie Nut is a component used in construction to secure concrete formwork\" \/>\n<meta property=\"og:url\" content=\"https:\/\/qingdaohf.com\/fi\/tuote\/sidontamutteri\/\" \/>\n<meta property=\"og:site_name\" content=\"Concrete Form &amp; Rigging Hardware Supplier\" \/>\n<meta property=\"article:publisher\" content=\"https:\/\/www.facebook.com\/qingdaohf\" \/>\n<meta property=\"article:modified_time\" content=\"2025-11-13T01:06:17+00:00\" \/>\n<meta property=\"og:image\" content=\"https:\/\/qingdaohf.com\/wp-content\/uploads\/2023\/02\/HF-tie-nut-7.jpg\" \/>\n\t<meta property=\"og:image:width\" content=\"1000\" \/>\n\t<meta property=\"og:image:height\" content=\"1000\" \/>\n\t<meta property=\"og:image:type\" content=\"image\/jpeg\" \/>\n<meta name=\"twitter:card\" content=\"summary_large_image\" \/>\n<meta name=\"twitter:label1\" content=\"Arvioitu lukuaika\" \/>\n\t<meta name=\"twitter:data1\" content=\"4 minuuttia\" \/>\n<script type=\"application\/ld+json\" class=\"yoast-schema-graph\">{\"@context\":\"https:\/\/schema.org\",\"@graph\":[{\"@type\":\"WebPage\",\"@id\":\"https:\/\/qingdaohf.com\/product\/tie-nut\/\",\"url\":\"https:\/\/qingdaohf.com\/product\/tie-nut\/\",\"name\":\"Formwork Tie Nut\",\"isPartOf\":{\"@id\":\"https:\/\/qingdaohf.com\/bg\/#website\"},\"primaryImageOfPage\":{\"@id\":\"https:\/\/qingdaohf.com\/product\/tie-nut\/#primaryimage\"},\"image\":{\"@id\":\"https:\/\/qingdaohf.com\/product\/tie-nut\/#primaryimage\"},\"thumbnailUrl\":\"https:\/\/qingdaohf.com\/wp-content\/uploads\/2023\/02\/HF-tie-nut-7.jpg\",\"datePublished\":\"2023-02-15T03:57:32+00:00\",\"dateModified\":\"2025-11-13T01:06:17+00:00\",\"description\":\"Concrete Formwork Tie Nut is a component used in construction to secure concrete formwork\",\"breadcrumb\":{\"@id\":\"https:\/\/qingdaohf.com\/product\/tie-nut\/#breadcrumb\"},\"inLanguage\":\"fi\",\"potentialAction\":[{\"@type\":\"ReadAction\",\"target\":[\"https:\/\/qingdaohf.com\/product\/tie-nut\/\"]}]},{\"@type\":\"ImageObject\",\"inLanguage\":\"fi\",\"@id\":\"https:\/\/qingdaohf.com\/product\/tie-nut\/#primaryimage\",\"url\":\"https:\/\/qingdaohf.com\/wp-content\/uploads\/2023\/02\/HF-tie-nut-7.jpg\",\"contentUrl\":\"https:\/\/qingdaohf.com\/wp-content\/uploads\/2023\/02\/HF-tie-nut-7.jpg\",\"width\":1000,\"height\":1000,\"caption\":\"HF tie nut\"},{\"@type\":\"BreadcrumbList\",\"@id\":\"https:\/\/qingdaohf.com\/product\/tie-nut\/#breadcrumb\",\"itemListElement\":[{\"@type\":\"ListItem\",\"position\":1,\"name\":\"Home\",\"item\":\"https:\/\/qingdaohf.com\/\"},{\"@type\":\"ListItem\",\"position\":2,\"name\":\"Concrete Forming Accessories and Rigging Hardware\",\"item\":\"https:\/\/qingdaohf.com\/bg\/?page_id=944\"},{\"@type\":\"ListItem\",\"position\":3,\"name\":\"Formwork Tie Nut\"}]},{\"@type\":\"WebSite\",\"@id\":\"https:\/\/qingdaohf.com\/bg\/#website\",\"url\":\"https:\/\/qingdaohf.com\/bg\/\",\"name\":\"Concrete Form & Rigging Hardware Supplier\",\"description\":\"\",\"publisher\":{\"@id\":\"https:\/\/qingdaohf.com\/bg\/#organization\"},\"potentialAction\":[{\"@type\":\"SearchAction\",\"target\":{\"@type\":\"EntryPoint\",\"urlTemplate\":\"https:\/\/qingdaohf.com\/bg\/?s={search_term_string}\"},\"query-input\":{\"@type\":\"PropertyValueSpecification\",\"valueRequired\":true,\"valueName\":\"search_term_string\"}}],\"inLanguage\":\"fi\"},{\"@type\":\"Organization\",\"@id\":\"https:\/\/qingdaohf.com\/bg\/#organization\",\"name\":\"Qingdao H&F\",\"url\":\"https:\/\/qingdaohf.com\/bg\/\",\"logo\":{\"@type\":\"ImageObject\",\"inLanguage\":\"fi\",\"@id\":\"https:\/\/qingdaohf.com\/bg\/#\/schema\/logo\/image\/\",\"url\":\"https:\/\/qingdaohf.com\/wp-content\/uploads\/2022\/12\/cropped-HF-LOGO.png\",\"contentUrl\":\"https:\/\/qingdaohf.com\/wp-content\/uploads\/2022\/12\/cropped-HF-LOGO.png\",\"width\":391,\"height\":249,\"caption\":\"Qingdao H&F\"},\"image\":{\"@id\":\"https:\/\/qingdaohf.com\/bg\/#\/schema\/logo\/image\/\"},\"sameAs\":[\"https:\/\/www.facebook.com\/qingdaohf\"]}]}<\/script>\n<!-- \/ Yoast SEO plugin. -->","yoast_head_json":{"title":"Formwork Tie Nut","description":"Concrete Formwork Tie Nut is a component used in construction to secure concrete formwork","robots":{"index":"index","follow":"follow","max-snippet":"max-snippet:-1","max-image-preview":"max-image-preview:large","max-video-preview":"max-video-preview:-1"},"canonical":"https:\/\/qingdaohf.com\/fi\/tuote\/sidontamutteri\/","og_locale":"fi_FI","og_type":"article","og_title":"Formwork Tie Nut","og_description":"Concrete Formwork Tie Nut is a component used in construction to secure concrete formwork","og_url":"https:\/\/qingdaohf.com\/fi\/tuote\/sidontamutteri\/","og_site_name":"Concrete Form &amp; Rigging Hardware Supplier","article_publisher":"https:\/\/www.facebook.com\/qingdaohf","article_modified_time":"2025-11-13T01:06:17+00:00","og_image":[{"width":1000,"height":1000,"url":"https:\/\/qingdaohf.com\/wp-content\/uploads\/2023\/02\/HF-tie-nut-7.jpg","type":"image\/jpeg"}],"twitter_card":"summary_large_image","twitter_misc":{"Arvioitu lukuaika":"4 minuuttia"},"schema":{"@context":"https:\/\/schema.org","@graph":[{"@type":"WebPage","@id":"https:\/\/qingdaohf.com\/product\/tie-nut\/","url":"https:\/\/qingdaohf.com\/product\/tie-nut\/","name":"Formwork Tie Nut","isPartOf":{"@id":"https:\/\/qingdaohf.com\/bg\/#website"},"primaryImageOfPage":{"@id":"https:\/\/qingdaohf.com\/product\/tie-nut\/#primaryimage"},"image":{"@id":"https:\/\/qingdaohf.com\/product\/tie-nut\/#primaryimage"},"thumbnailUrl":"https:\/\/qingdaohf.com\/wp-content\/uploads\/2023\/02\/HF-tie-nut-7.jpg","datePublished":"2023-02-15T03:57:32+00:00","dateModified":"2025-11-13T01:06:17+00:00","description":"Concrete Formwork Tie Nut is a component used in construction to secure concrete formwork","breadcrumb":{"@id":"https:\/\/qingdaohf.com\/product\/tie-nut\/#breadcrumb"},"inLanguage":"fi","potentialAction":[{"@type":"ReadAction","target":["https:\/\/qingdaohf.com\/product\/tie-nut\/"]}]},{"@type":"ImageObject","inLanguage":"fi","@id":"https:\/\/qingdaohf.com\/product\/tie-nut\/#primaryimage","url":"https:\/\/qingdaohf.com\/wp-content\/uploads\/2023\/02\/HF-tie-nut-7.jpg","contentUrl":"https:\/\/qingdaohf.com\/wp-content\/uploads\/2023\/02\/HF-tie-nut-7.jpg","width":1000,"height":1000,"caption":"HF tie nut"},{"@type":"BreadcrumbList","@id":"https:\/\/qingdaohf.com\/product\/tie-nut\/#breadcrumb","itemListElement":[{"@type":"ListItem","position":1,"name":"Home","item":"https:\/\/qingdaohf.com\/"},{"@type":"ListItem","position":2,"name":"Concrete Forming Accessories and Rigging Hardware","item":"https:\/\/qingdaohf.com\/bg\/?page_id=944"},{"@type":"ListItem","position":3,"name":"Formwork Tie Nut"}]},{"@type":"WebSite","@id":"https:\/\/qingdaohf.com\/bg\/#website","url":"https:\/\/qingdaohf.com\/bg\/","name":"Concrete Form & Rigging Hardware Supplier","description":"","publisher":{"@id":"https:\/\/qingdaohf.com\/bg\/#organization"},"potentialAction":[{"@type":"SearchAction","target":{"@type":"EntryPoint","urlTemplate":"https:\/\/qingdaohf.com\/bg\/?s={search_term_string}"},"query-input":{"@type":"PropertyValueSpecification","valueRequired":true,"valueName":"search_term_string"}}],"inLanguage":"fi"},{"@type":"Organization","@id":"https:\/\/qingdaohf.com\/bg\/#organization","name":"Qingdao H&F","url":"https:\/\/qingdaohf.com\/bg\/","logo":{"@type":"ImageObject","inLanguage":"fi","@id":"https:\/\/qingdaohf.com\/bg\/#\/schema\/logo\/image\/","url":"https:\/\/qingdaohf.com\/wp-content\/uploads\/2022\/12\/cropped-HF-LOGO.png","contentUrl":"https:\/\/qingdaohf.com\/wp-content\/uploads\/2022\/12\/cropped-HF-LOGO.png","width":391,"height":249,"caption":"Qingdao H&F"},"image":{"@id":"https:\/\/qingdaohf.com\/bg\/#\/schema\/logo\/image\/"},"sameAs":["https:\/\/www.facebook.com\/qingdaohf"]}]}},"_links":{"self":[{"href":"https:\/\/qingdaohf.com\/fi\/wp-json\/wp\/v2\/product\/2218","targetHints":{"allow":["GET"]}}],"collection":[{"href":"https:\/\/qingdaohf.com\/fi\/wp-json\/wp\/v2\/product"}],"about":[{"href":"https:\/\/qingdaohf.com\/fi\/wp-json\/wp\/v2\/types\/product"}],"replies":[{"embeddable":true,"href":"https:\/\/qingdaohf.com\/fi\/wp-json\/wp\/v2\/comments?post=2218"}],"version-history":[{"count":4,"href":"https:\/\/qingdaohf.com\/fi\/wp-json\/wp\/v2\/product\/2218\/revisions"}],"predecessor-version":[{"id":8606,"href":"https:\/\/qingdaohf.com\/fi\/wp-json\/wp\/v2\/product\/2218\/revisions\/8606"}],"wp:featuredmedia":[{"embeddable":true,"href":"https:\/\/qingdaohf.com\/fi\/wp-json\/wp\/v2\/media\/3694"}],"wp:attachment":[{"href":"https:\/\/qingdaohf.com\/fi\/wp-json\/wp\/v2\/media?parent=2218"}],"wp:term":[{"taxonomy":"product_brand","embeddable":true,"href":"https:\/\/qingdaohf.com\/fi\/wp-json\/wp\/v2\/product_brand?post=2218"},{"taxonomy":"product_cat","embeddable":true,"href":"https:\/\/qingdaohf.com\/fi\/wp-json\/wp\/v2\/product_cat?post=2218"},{"taxonomy":"product_tag","embeddable":true,"href":"https:\/\/qingdaohf.com\/fi\/wp-json\/wp\/v2\/product_tag?post=2218"}],"curies":[{"name":"wp","href":"https:\/\/api.w.org\/{rel}","templated":true}]}}