{"id":2312,"date":"2023-02-21T17:34:53","date_gmt":"2023-02-21T09:34:53","guid":{"rendered":"http:\/\/qingdaohf.com\/?post_type=product&#038;p=2312"},"modified":"2025-11-13T09:06:16","modified_gmt":"2025-11-13T01:06:16","slug":"slab-bolster-dipped","status":"publish","type":"product","link":"https:\/\/qingdaohf.com\/fi\/tuote\/laatta-pehmuste-kastettu\/","title":{"rendered":"Slab Bolster Dipped SBD"},"content":{"rendered":"<h2 data-pm-slice=\"1 1 []\">Mik\u00e4 on Slab Bolster Dipped (SBD)?<\/h2>\n<p>Slab Bolster Dipped (SBD) on betonirakentamisessa t\u00e4rke\u00e4 raudoitustarvike, joka on suunniteltu s\u00e4ilytt\u00e4m\u00e4\u00e4n raudoitustankojen ja muottitangon v\u00e4linen tarkka et\u00e4isyys toisistaan. Se on valmistettu lujasta ter\u00e4ksest\u00e4 ja p\u00e4\u00e4llystetty kastetulla pinnoitteella, mik\u00e4 parantaa kest\u00e4vyytt\u00e4 ja korroosionkest\u00e4vyytt\u00e4. SBD:t\u00e4 k\u00e4ytet\u00e4\u00e4n p\u00e4\u00e4asiassa laatta-, elementti- ja kallistushankkeissa, ja se varmistaa tasaisen betonipeitteen, joka on olennainen rakenteellisen lujuuden ja pitk\u00e4ik\u00e4isyyden kannalta. Sen jatkuva tukij\u00e4rjestelm\u00e4 est\u00e4\u00e4 notkistumisen ja pit\u00e4\u00e4 raudoituksen tukevasti paikallaan valun ja kovettumisen aikana.<\/p>\n<h2>Slab Bolster Dippauksen (SBD) k\u00e4yt\u00f6n t\u00e4rkeimm\u00e4t edut<\/h2>\n<p>SBD:ll\u00e4 on korvaamaton rooli betonin erinomaisen suorituskyvyn saavuttamisessa. Yksi sen t\u00e4rkeimmist\u00e4 eduista on sen kest\u00e4vyys ruostetta ja ymp\u00e4rist\u00f6vahinkoja vastaan kastetun pinnoitteen ansiosta. T\u00e4m\u00e4n lis\u00e4suojakerroksen ansiosta se soveltuu erityisen hyvin kosteisiin tai kemiallisesti aggressiivisiin ymp\u00e4rist\u00f6ihin, joissa tavallinen pinnoittamaton ter\u00e4s voi ajan mittaan huonontua.<\/p>\n<p>Toinen merkitt\u00e4v\u00e4 etu on sen kyky s\u00e4ilytt\u00e4\u00e4 raudoitustankojen tasainen sijainti. Oikea v\u00e4li vaikuttaa suoraan betonin kantavuuteen ja halkeilunkest\u00e4vyyteen, joten SBD on luotettava valinta hankkeisiin, joissa vaaditaan korkeaa rakenteellista kest\u00e4vyytt\u00e4. K\u00e4ytettiinp\u00e4 sit\u00e4 sitten kaupallisissa, asuin- tai teollisuussovelluksissa, SBD edist\u00e4\u00e4 betonin tasaista paksuutta ja est\u00e4\u00e4 siirtymi\u00e4 betonivalun aikana.<\/p>\n<h2>Slab Bolster Dipped (SBD) -sovellukset<\/h2>\n<p>Slab Bolster Dipped on monipuolinen ja laajalti k\u00e4ytetty erilaisissa rakennushankkeissa. Se on erityisen tehokas tasorakenteissa, kuten moottoriteill\u00e4, silloilla ja rakennusten perustuksissa, joissa raudoituksen tarkka korkeus on kriittinen. My\u00f6s elementtitehtaat luottavat SBD:hen, jotta raudoituskerrosten v\u00e4lit pysyv\u00e4t tasaisina ja tuotteen laatu pysyy tasaisena. Tilt-up-rakentamisessa SBD auttaa tukemaan paneeleita ennen niiden nostamista paikoilleen ja takaa vakauden koko kovettumisvaiheen ajan.<\/p>\n<p>Kastettu pinta tekee SBD:st\u00e4 sopivan ymp\u00e4rist\u00f6ihin, joissa se altistuu kosteudelle, j\u00e4\u00e4nsuoloille tai aggressiivisille kemikaaleille. T\u00e4m\u00e4n ominaisuuden ansiosta se on ensisijainen valinta infrastruktuurihankkeisiin, kuten tunneleihin, pys\u00e4k\u00f6intirakennuksiin ja merisovelluksiin, joissa korroosionkest\u00e4vyys on ensisijaisen t\u00e4rke\u00e4\u00e4.<\/p>\n<h2>Miksi valita Qingdao H&amp;F sinun Slab Bolster Dipped tarpeisiisi?<\/h2>\n<p>Luotettavana kauppayhti\u00f6n\u00e4 Qingdao H&amp;F on omistautunut tarjoamaan korkealaatuisia betonitarvikkeita ja vertaansa vailla olevaa asiakastukea. Erotumme alalta tarjoamalla henkil\u00f6kohtaista asiakaspalvelua, jolla varmistetaan, ett\u00e4 jokainen asiakas saa r\u00e4\u00e4t\u00e4l\u00f6ityj\u00e4 ratkaisuja, jotka vastaavat h\u00e4nen erityisi\u00e4 projektivaatimuksiaan. Nopeat toimitussyklimme tarkoittavat, ett\u00e4 saat tarvitsemasi materiaalit ilman tarpeettomia viiv\u00e4styksi\u00e4, jolloin projektisi pysyv\u00e4t aikataulussa ja budjetissa.<\/p>\n<p>Laadunvarmistus on meille ensisijainen prioriteetti. Tarjoamme kattavat tarkastusraportit, mukaan lukien materiaalitodistukset ja suorituskykytestit, jotta voit luottaa tuotteidemme luotettavuuteen. Lis\u00e4ksi tarjoamme kilpailukykyisen hinnoittelun laadusta tinkim\u00e4tt\u00e4, joten olemme kustannustehokas valinta urakoitsijoille ja toimittajille, jotka etsiv\u00e4t luotettavia betonimuottien lis\u00e4varusteita.<\/p>\n<p>Qingdao H&amp;F on vahvasti sitoutunut huippuosaamiseen ja asiakastyytyv\u00e4isyyteen, joten se on oikea kumppani Slab Bolster Dippaus- ja muille raudoitusratkaisuille. Ota meihin yhteytt\u00e4 jo t\u00e4n\u00e4\u00e4n, niin saat lis\u00e4tietoja siit\u00e4, miten voimme tukea rakennushankkeitasi huippuluokan tuotteilla ja poikkeuksellisella palvelulla.<\/p>","protected":false},"excerpt":{"rendered":"<p data-pm-slice=\"1 1 []\">Slab Bolster Dipped (SBD) on betonin raudoituksessa v\u00e4ltt\u00e4m\u00e4t\u00f6n lis\u00e4laite, jolla varmistetaan raudoituksen tarkka sijoittaminen ja optimaalinen rakenteellinen eheys. SBD-pultti on kastettu, mik\u00e4 takaa erinomaisen korroosionkest\u00e4vyyden, ja se tarjoaa luotettavan tuen laatta-, elementti- ja kallistussovelluksiin. Qingdao H&amp;F takaa ensiluokkaisen laadun erilaisilla tarkastusraporteilla, nopeilla toimitussykleill\u00e4 ja henkil\u00f6kohtaisella asiakaspalvelulla ostokokemuksen sujuvoittamiseksi. Kilpailukykyinen hinnoittelumme ja sitoutumisemme huippuosaamiseen tekev\u00e4t meist\u00e4 luotettavan kumppanin kaikkiin rakennustarpeisiisi.<\/p>","protected":false},"featured_media":8004,"comment_status":"open","ping_status":"closed","template":"","meta":{"site-sidebar-layout":"default","site-content-layout":"default","ast-site-content-layout":"default","site-content-style":"default","site-sidebar-style":"default","ast-global-header-display":"","ast-banner-title-visibility":"","ast-main-header-display":"","ast-hfb-above-header-display":"","ast-hfb-below-header-display":"","ast-hfb-mobile-header-display":"","site-post-title":"","ast-breadcrumbs-content":"","ast-featured-img":"","footer-sml-layout":"","theme-transparent-header-meta":"default","adv-header-id-meta":"","stick-header-meta":"default","header-above-stick-meta":"","header-main-stick-meta":"","header-below-stick-meta":"","astra-migrate-meta-layouts":"set","ast-page-background-enabled":"default","ast-page-background-meta":{"desktop":{"background-color":"","background-image":"","background-repeat":"repeat","background-position":"center center","background-size":"auto","background-attachment":"scroll","background-type":"","background-media":"","overlay-type":"","overlay-color":"","overlay-opacity":"","overlay-gradient":""},"tablet":{"background-color":"","background-image":"","background-repeat":"repeat","background-position":"center center","background-size":"auto","background-attachment":"scroll","background-type":"","background-media":"","overlay-type":"","overlay-color":"","overlay-opacity":"","overlay-gradient":""},"mobile":{"background-color":"","background-image":"","background-repeat":"repeat","background-position":"center center","background-size":"auto","background-attachment":"scroll","background-type":"","background-media":"","overlay-type":"","overlay-color":"","overlay-opacity":"","overlay-gradient":""}},"ast-content-background-meta":{"desktop":{"background-color":"var(--ast-global-color-5)","background-image":"","background-repeat":"repeat","background-position":"center center","background-size":"auto","background-attachment":"scroll","background-type":"","background-media":"","overlay-type":"","overlay-color":"","overlay-opacity":"","overlay-gradient":""},"tablet":{"background-color":"var(--ast-global-color-5)","background-image":"","background-repeat":"repeat","background-position":"center center","background-size":"auto","background-attachment":"scroll","background-type":"","background-media":"","overlay-type":"","overlay-color":"","overlay-opacity":"","overlay-gradient":""},"mobile":{"background-color":"var(--ast-global-color-5)","background-image":"","background-repeat":"repeat","background-position":"center center","background-size":"auto","background-attachment":"scroll","background-type":"","background-media":"","overlay-type":"","overlay-color":"","overlay-opacity":"","overlay-gradient":""}}},"product_brand":[],"product_cat":[35],"product_tag":[],"class_list":{"0":"post-2312","1":"product","2":"type-product","3":"status-publish","4":"has-post-thumbnail","6":"product_cat-concrete-rebar-support","7":"desktop-align-left","8":"tablet-align-left","9":"mobile-align-left","10":"ast-product-gallery-layout-horizontal-slider","11":"ast-product-tabs-layout-horizontal","13":"first","14":"instock","15":"shipping-taxable","16":"purchasable","17":"product-type-simple"},"yoast_head":"<!-- This site is optimized with the Yoast SEO plugin v25.2 - https:\/\/yoast.com\/wordpress\/plugins\/seo\/ -->\n<title>Slab Bolster Dipped SBD<\/title>\n<meta name=\"description\" content=\"Slab Bolster Dipped (SBD) is an essential accessory for concrete reinforcement, ensuring precise rebar placement and optimal structural integrity.\" \/>\n<meta name=\"robots\" content=\"index, follow, max-snippet:-1, max-image-preview:large, max-video-preview:-1\" \/>\n<link rel=\"canonical\" href=\"https:\/\/qingdaohf.com\/fi\/tuote\/laatta-pehmuste-kastettu\/\" \/>\n<meta property=\"og:locale\" content=\"fi_FI\" \/>\n<meta property=\"og:type\" content=\"article\" \/>\n<meta property=\"og:title\" content=\"Slab Bolster Dipped SBD\" \/>\n<meta property=\"og:description\" content=\"Slab Bolster Dipped (SBD) is an essential accessory for concrete reinforcement, ensuring precise rebar placement and optimal structural integrity.\" \/>\n<meta property=\"og:url\" content=\"https:\/\/qingdaohf.com\/fi\/tuote\/laatta-pehmuste-kastettu\/\" \/>\n<meta property=\"og:site_name\" content=\"Concrete Form &amp; Rigging Hardware Supplier\" \/>\n<meta property=\"article:publisher\" content=\"https:\/\/www.facebook.com\/qingdaohf\" \/>\n<meta property=\"article:modified_time\" content=\"2025-11-13T01:06:16+00:00\" \/>\n<meta property=\"og:image\" content=\"https:\/\/qingdaohf.com\/wp-content\/uploads\/2023\/02\/Slab-Bolster-Dipped-1-1.jpg\" \/>\n\t<meta property=\"og:image:width\" content=\"1000\" \/>\n\t<meta property=\"og:image:height\" content=\"1000\" \/>\n\t<meta property=\"og:image:type\" content=\"image\/jpeg\" \/>\n<meta name=\"twitter:card\" content=\"summary_large_image\" \/>\n<meta name=\"twitter:label1\" content=\"Arvioitu lukuaika\" \/>\n\t<meta name=\"twitter:data1\" content=\"3 minuuttia\" \/>\n<script type=\"application\/ld+json\" class=\"yoast-schema-graph\">{\"@context\":\"https:\/\/schema.org\",\"@graph\":[{\"@type\":\"WebPage\",\"@id\":\"https:\/\/qingdaohf.com\/product\/slab-bolster-dipped\/\",\"url\":\"https:\/\/qingdaohf.com\/product\/slab-bolster-dipped\/\",\"name\":\"Slab Bolster Dipped SBD\",\"isPartOf\":{\"@id\":\"https:\/\/qingdaohf.com\/bg\/#website\"},\"primaryImageOfPage\":{\"@id\":\"https:\/\/qingdaohf.com\/product\/slab-bolster-dipped\/#primaryimage\"},\"image\":{\"@id\":\"https:\/\/qingdaohf.com\/product\/slab-bolster-dipped\/#primaryimage\"},\"thumbnailUrl\":\"https:\/\/qingdaohf.com\/wp-content\/uploads\/2023\/02\/Slab-Bolster-Dipped-1-1.jpg\",\"datePublished\":\"2023-02-21T09:34:53+00:00\",\"dateModified\":\"2025-11-13T01:06:16+00:00\",\"description\":\"Slab Bolster Dipped (SBD) is an essential accessory for concrete reinforcement, ensuring precise rebar placement and optimal structural integrity.\",\"breadcrumb\":{\"@id\":\"https:\/\/qingdaohf.com\/product\/slab-bolster-dipped\/#breadcrumb\"},\"inLanguage\":\"fi\",\"potentialAction\":[{\"@type\":\"ReadAction\",\"target\":[\"https:\/\/qingdaohf.com\/product\/slab-bolster-dipped\/\"]}]},{\"@type\":\"ImageObject\",\"inLanguage\":\"fi\",\"@id\":\"https:\/\/qingdaohf.com\/product\/slab-bolster-dipped\/#primaryimage\",\"url\":\"https:\/\/qingdaohf.com\/wp-content\/uploads\/2023\/02\/Slab-Bolster-Dipped-1-1.jpg\",\"contentUrl\":\"https:\/\/qingdaohf.com\/wp-content\/uploads\/2023\/02\/Slab-Bolster-Dipped-1-1.jpg\",\"width\":1000,\"height\":1000,\"caption\":\"Slab Bolster Dipped\"},{\"@type\":\"BreadcrumbList\",\"@id\":\"https:\/\/qingdaohf.com\/product\/slab-bolster-dipped\/#breadcrumb\",\"itemListElement\":[{\"@type\":\"ListItem\",\"position\":1,\"name\":\"Home\",\"item\":\"https:\/\/qingdaohf.com\/\"},{\"@type\":\"ListItem\",\"position\":2,\"name\":\"Concrete Forming Accessories and Rigging Hardware\",\"item\":\"https:\/\/qingdaohf.com\/bg\/?page_id=944\"},{\"@type\":\"ListItem\",\"position\":3,\"name\":\"Slab Bolster Dipped SBD\"}]},{\"@type\":\"WebSite\",\"@id\":\"https:\/\/qingdaohf.com\/bg\/#website\",\"url\":\"https:\/\/qingdaohf.com\/bg\/\",\"name\":\"Concrete Form & Rigging Hardware Supplier\",\"description\":\"\",\"publisher\":{\"@id\":\"https:\/\/qingdaohf.com\/bg\/#organization\"},\"potentialAction\":[{\"@type\":\"SearchAction\",\"target\":{\"@type\":\"EntryPoint\",\"urlTemplate\":\"https:\/\/qingdaohf.com\/bg\/?s={search_term_string}\"},\"query-input\":{\"@type\":\"PropertyValueSpecification\",\"valueRequired\":true,\"valueName\":\"search_term_string\"}}],\"inLanguage\":\"fi\"},{\"@type\":\"Organization\",\"@id\":\"https:\/\/qingdaohf.com\/bg\/#organization\",\"name\":\"Qingdao H&F\",\"url\":\"https:\/\/qingdaohf.com\/bg\/\",\"logo\":{\"@type\":\"ImageObject\",\"inLanguage\":\"fi\",\"@id\":\"https:\/\/qingdaohf.com\/bg\/#\/schema\/logo\/image\/\",\"url\":\"https:\/\/qingdaohf.com\/wp-content\/uploads\/2022\/12\/cropped-HF-LOGO.png\",\"contentUrl\":\"https:\/\/qingdaohf.com\/wp-content\/uploads\/2022\/12\/cropped-HF-LOGO.png\",\"width\":391,\"height\":249,\"caption\":\"Qingdao H&F\"},\"image\":{\"@id\":\"https:\/\/qingdaohf.com\/bg\/#\/schema\/logo\/image\/\"},\"sameAs\":[\"https:\/\/www.facebook.com\/qingdaohf\"]}]}<\/script>\n<!-- \/ Yoast SEO plugin. -->","yoast_head_json":{"title":"Slab Bolster Dipped SBD","description":"Slab Bolster Dipped (SBD) is an essential accessory for concrete reinforcement, ensuring precise rebar placement and optimal structural integrity.","robots":{"index":"index","follow":"follow","max-snippet":"max-snippet:-1","max-image-preview":"max-image-preview:large","max-video-preview":"max-video-preview:-1"},"canonical":"https:\/\/qingdaohf.com\/fi\/tuote\/laatta-pehmuste-kastettu\/","og_locale":"fi_FI","og_type":"article","og_title":"Slab Bolster Dipped SBD","og_description":"Slab Bolster Dipped (SBD) is an essential accessory for concrete reinforcement, ensuring precise rebar placement and optimal structural integrity.","og_url":"https:\/\/qingdaohf.com\/fi\/tuote\/laatta-pehmuste-kastettu\/","og_site_name":"Concrete Form &amp; Rigging Hardware Supplier","article_publisher":"https:\/\/www.facebook.com\/qingdaohf","article_modified_time":"2025-11-13T01:06:16+00:00","og_image":[{"width":1000,"height":1000,"url":"https:\/\/qingdaohf.com\/wp-content\/uploads\/2023\/02\/Slab-Bolster-Dipped-1-1.jpg","type":"image\/jpeg"}],"twitter_card":"summary_large_image","twitter_misc":{"Arvioitu lukuaika":"3 minuuttia"},"schema":{"@context":"https:\/\/schema.org","@graph":[{"@type":"WebPage","@id":"https:\/\/qingdaohf.com\/product\/slab-bolster-dipped\/","url":"https:\/\/qingdaohf.com\/product\/slab-bolster-dipped\/","name":"Slab Bolster Dipped SBD","isPartOf":{"@id":"https:\/\/qingdaohf.com\/bg\/#website"},"primaryImageOfPage":{"@id":"https:\/\/qingdaohf.com\/product\/slab-bolster-dipped\/#primaryimage"},"image":{"@id":"https:\/\/qingdaohf.com\/product\/slab-bolster-dipped\/#primaryimage"},"thumbnailUrl":"https:\/\/qingdaohf.com\/wp-content\/uploads\/2023\/02\/Slab-Bolster-Dipped-1-1.jpg","datePublished":"2023-02-21T09:34:53+00:00","dateModified":"2025-11-13T01:06:16+00:00","description":"Slab Bolster Dipped (SBD) is an essential accessory for concrete reinforcement, ensuring precise rebar placement and optimal structural integrity.","breadcrumb":{"@id":"https:\/\/qingdaohf.com\/product\/slab-bolster-dipped\/#breadcrumb"},"inLanguage":"fi","potentialAction":[{"@type":"ReadAction","target":["https:\/\/qingdaohf.com\/product\/slab-bolster-dipped\/"]}]},{"@type":"ImageObject","inLanguage":"fi","@id":"https:\/\/qingdaohf.com\/product\/slab-bolster-dipped\/#primaryimage","url":"https:\/\/qingdaohf.com\/wp-content\/uploads\/2023\/02\/Slab-Bolster-Dipped-1-1.jpg","contentUrl":"https:\/\/qingdaohf.com\/wp-content\/uploads\/2023\/02\/Slab-Bolster-Dipped-1-1.jpg","width":1000,"height":1000,"caption":"Slab Bolster Dipped"},{"@type":"BreadcrumbList","@id":"https:\/\/qingdaohf.com\/product\/slab-bolster-dipped\/#breadcrumb","itemListElement":[{"@type":"ListItem","position":1,"name":"Home","item":"https:\/\/qingdaohf.com\/"},{"@type":"ListItem","position":2,"name":"Concrete Forming Accessories and Rigging Hardware","item":"https:\/\/qingdaohf.com\/bg\/?page_id=944"},{"@type":"ListItem","position":3,"name":"Slab Bolster Dipped SBD"}]},{"@type":"WebSite","@id":"https:\/\/qingdaohf.com\/bg\/#website","url":"https:\/\/qingdaohf.com\/bg\/","name":"Concrete Form & Rigging Hardware Supplier","description":"","publisher":{"@id":"https:\/\/qingdaohf.com\/bg\/#organization"},"potentialAction":[{"@type":"SearchAction","target":{"@type":"EntryPoint","urlTemplate":"https:\/\/qingdaohf.com\/bg\/?s={search_term_string}"},"query-input":{"@type":"PropertyValueSpecification","valueRequired":true,"valueName":"search_term_string"}}],"inLanguage":"fi"},{"@type":"Organization","@id":"https:\/\/qingdaohf.com\/bg\/#organization","name":"Qingdao H&F","url":"https:\/\/qingdaohf.com\/bg\/","logo":{"@type":"ImageObject","inLanguage":"fi","@id":"https:\/\/qingdaohf.com\/bg\/#\/schema\/logo\/image\/","url":"https:\/\/qingdaohf.com\/wp-content\/uploads\/2022\/12\/cropped-HF-LOGO.png","contentUrl":"https:\/\/qingdaohf.com\/wp-content\/uploads\/2022\/12\/cropped-HF-LOGO.png","width":391,"height":249,"caption":"Qingdao H&F"},"image":{"@id":"https:\/\/qingdaohf.com\/bg\/#\/schema\/logo\/image\/"},"sameAs":["https:\/\/www.facebook.com\/qingdaohf"]}]}},"_links":{"self":[{"href":"https:\/\/qingdaohf.com\/fi\/wp-json\/wp\/v2\/product\/2312","targetHints":{"allow":["GET"]}}],"collection":[{"href":"https:\/\/qingdaohf.com\/fi\/wp-json\/wp\/v2\/product"}],"about":[{"href":"https:\/\/qingdaohf.com\/fi\/wp-json\/wp\/v2\/types\/product"}],"replies":[{"embeddable":true,"href":"https:\/\/qingdaohf.com\/fi\/wp-json\/wp\/v2\/comments?post=2312"}],"version-history":[{"count":11,"href":"https:\/\/qingdaohf.com\/fi\/wp-json\/wp\/v2\/product\/2312\/revisions"}],"predecessor-version":[{"id":10248,"href":"https:\/\/qingdaohf.com\/fi\/wp-json\/wp\/v2\/product\/2312\/revisions\/10248"}],"wp:featuredmedia":[{"embeddable":true,"href":"https:\/\/qingdaohf.com\/fi\/wp-json\/wp\/v2\/media\/8004"}],"wp:attachment":[{"href":"https:\/\/qingdaohf.com\/fi\/wp-json\/wp\/v2\/media?parent=2312"}],"wp:term":[{"taxonomy":"product_brand","embeddable":true,"href":"https:\/\/qingdaohf.com\/fi\/wp-json\/wp\/v2\/product_brand?post=2312"},{"taxonomy":"product_cat","embeddable":true,"href":"https:\/\/qingdaohf.com\/fi\/wp-json\/wp\/v2\/product_cat?post=2312"},{"taxonomy":"product_tag","embeddable":true,"href":"https:\/\/qingdaohf.com\/fi\/wp-json\/wp\/v2\/product_tag?post=2312"}],"curies":[{"name":"wp","href":"https:\/\/api.w.org\/{rel}","templated":true}]}}