{"id":2646,"date":"2023-03-02T15:27:12","date_gmt":"2023-03-02T07:27:12","guid":{"rendered":"http:\/\/qingdaohf.com\/?post_type=product&#038;p=2646"},"modified":"2025-11-13T09:05:52","modified_gmt":"2025-11-13T01:05:52","slug":"elephant-foot-ferrule","status":"publish","type":"product","link":"https:\/\/qingdaohf.com\/fi\/tuote\/norsunjalkainen-liitosholkki-norsunjalkainen-liitosholkki-norsunjalkainen-liitosholkki\/","title":{"rendered":"Norsunjalka Ferrule"},"content":{"rendered":"<h2 class=\"text-2xl font-bold mt-1 text-text-200\">Mit\u00e4 ovat norsunjalka-akselit ja miksi ne ovat t\u00e4rkeit\u00e4?<\/h2>\n<p class=\"whitespace-pre-wrap break-words\">Oletko koskaan miettinyt, miksi niit\u00e4 kutsutaan \"norsunjalkaisiksi\"? Katso yht\u00e4 ja n\u00e4et sen - n\u00e4iss\u00e4 kriittisiss\u00e4 takilakomponenteissa on tunnusomainen levenev\u00e4 pohja, joka heijastaa norsun jalkaa. Niiden ainutlaatuinen muoto ei kuitenkaan ole vain n\u00e4ytt\u00e4mist\u00e4 varten. N\u00e4m\u00e4 erikoisvarusteet ovat takilamaailman laulamattomia sankareita, jotka luovat vankat liitokset vaijerien ja nostoj\u00e4rjestelmien v\u00e4lille. Niiden \u00e4lyk\u00e4s muotoilu jakaa paineen tasaisesti k\u00f6yden s\u00e4ikeisiin, mik\u00e4 est\u00e4\u00e4 k\u00f6yden haurastumisen ja s\u00e4ilytt\u00e4\u00e4 sen lujuuden silloin, kun se on t\u00e4rkeint\u00e4.<\/p>\n<p class=\"whitespace-pre-wrap break-words\">Ollaanpa rehellisi\u00e4 - oikean raudan valitseminen ei ole mik\u00e4\u00e4n kevyt asia. Kun olet tekemisiss\u00e4 raskaiden nostojen, merity\u00f6n tai mink\u00e4 tahansa takilointisovelluksen kanssa, jossa j\u00e4nnitys on valtava, valintasi voi tehd\u00e4 tai rikkoa operaation - joskus kirjaimellisesti. Siksi n\u00e4iden komponenttien ymm\u00e4rt\u00e4minen sis\u00e4lt\u00e4 ja ulkoa ei ole vain hy\u00f6dyllist\u00e4, vaan se on v\u00e4ltt\u00e4m\u00e4t\u00f6nt\u00e4 kaikille alalla toimiville.<\/p>\n<p><img fetchpriority=\"high\" decoding=\"async\" class=\"alignnone size-full wp-image-3403\" src=\"http:\/\/qingdaohf.com\/wp-content\/uploads\/2023\/03\/50-3.jpg\" alt=\"v\u00e4lilehti\" width=\"1200\" height=\"412\" srcset=\"https:\/\/qingdaohf.com\/wp-content\/uploads\/2023\/03\/50-3.jpg 1200w, https:\/\/qingdaohf.com\/wp-content\/uploads\/2023\/03\/50-3-300x103.jpg 300w, https:\/\/qingdaohf.com\/wp-content\/uploads\/2023\/03\/50-3-1024x352.jpg 1024w, https:\/\/qingdaohf.com\/wp-content\/uploads\/2023\/03\/50-3-768x264.jpg 768w, https:\/\/qingdaohf.com\/wp-content\/uploads\/2023\/03\/50-3-1000x343.jpg 1000w\" sizes=\"(max-width: 1200px) 100vw, 1200px\" \/><\/p>\n<h2 class=\"text-2xl font-bold mt-1 text-text-200\">Miksi valita Qingdao H&amp;F norsunjalkajohdin?<\/h2>\n<p class=\"whitespace-pre-wrap break-words\">Me Qingdao H&amp;F:ss\u00e4 ymm\u00e4rr\u00e4mme, ett\u00e4 kun hankit takilalaitteita, tarvitset kumppanin, joka tarjoaa muutakin kuin vain osia. Vuosien kansainv\u00e4lisen kauppakokemuksen ansiosta olemme luoneet maineemme valmistamalla ensiluokkaisia lankoja, jotka kest\u00e4v\u00e4t pitk\u00e4n matkan. Tied\u00e4mme kuitenkin, ett\u00e4 loistavat tuotteet ovat vasta alkupiste.<\/p>\n<p class=\"whitespace-pre-wrap break-words\">Mik\u00e4 erottaa meid\u00e4t muista? Ensinn\u00e4kin ty\u00f6skentelet suoraan tukihenkil\u00f6n kanssa, joka tuntee asiansa. Ei puhelinkeskustelua, ei kiertely\u00e4 - vain suoraa puhetta ja projektisi vaatimuksiin r\u00e4\u00e4t\u00e4l\u00f6ityj\u00e4 ratkaisuja. Tarvitsetko r\u00e4\u00e4t\u00e4l\u00f6ityj\u00e4 spesifikaatioita? Erikoissertifiointeja? Me huolehdimme sinusta. Ja koska aika on rahaa, olemme tehostaneet toimitusprosessiamme, jotta toimintasi etenisi.<\/p>\n<p class=\"whitespace-pre-wrap break-words\">Laatu ei ole vain muotisana. Jokainen liitosholkki l\u00e4p\u00e4isee perusteellisen testauksen - puhumme materiaalin lujuudesta, korroosionkest\u00e4vyydest\u00e4, mittatarkkuudesta ja muusta vastaavasta. Jokaisen tilauksen, olipa kyseess\u00e4 sitten yksitt\u00e4inen kappale tai tuhat kappaletta, tueksi toimitetaan yksityiskohtaiset tarkastusraportit. Koska kun kyse on turvallisuudesta, \"tarpeeksi hyv\u00e4\" ei yksinkertaisesti riit\u00e4.<\/p>\n<h2 class=\"text-2xl font-bold mt-1 text-text-200\">Norsunjalka-akselien suunnittelun ja k\u00e4yt\u00f6n ymm\u00e4rt\u00e4minen<\/h2>\n<p class=\"whitespace-pre-wrap break-words\">N\u00e4iden lankojen nerokkuus piilee niiden omaleimaisessa muodossa. Leve\u00e4mpi pohja ei ole vain ulkon\u00e4\u00f6n vuoksi - se luo lis\u00e4\u00e4 puristuspinta-alaa, joka tarttuu vaijeriin tehokkaammin kuin tavalliset lankat. Kun painetta k\u00e4ytet\u00e4\u00e4n, kuormitus jakautuu tasaisesti k\u00f6yden s\u00e4ikeisiin, mik\u00e4 ehk\u00e4isee j\u00e4nnityskeskittym\u00e4t, jotka voivat johtaa vioittumiseen. T\u00e4m\u00e4 \u00e4lyk\u00e4s muotoilu v\u00e4hent\u00e4\u00e4 my\u00f6s kitkaa siell\u00e4, miss\u00e4 se on t\u00e4rke\u00e4\u00e4, mik\u00e4 pident\u00e4\u00e4 sek\u00e4 raudan ett\u00e4 k\u00f6yden k\u00e4ytt\u00f6ik\u00e4\u00e4.<\/p>\n<p class=\"whitespace-pre-wrap break-words\">Avomerilaitureilta rakennusty\u00f6maille, miss\u00e4 tahansa on vakavia nostotoimintoja, n\u00e4m\u00e4 raudat ovat kovassa k\u00e4yt\u00f6ss\u00e4. Niiden todellinen vahvuus? Sopeutumiskyky. Ty\u00f6skentelitp\u00e4 sitten ruostumattomalla ter\u00e4ksell\u00e4, sinkityll\u00e4 ter\u00e4ksell\u00e4 tai erikoisseoksista valmistetuilla k\u00f6ysill\u00e4, norsunjalkaiset k\u00f6ysilenkit kest\u00e4v\u00e4t kaiken. T\u00e4m\u00e4n monipuolisuuden ansiosta ne sopivat erinomaisesti sek\u00e4 pysyviin asennuksiin ett\u00e4 tilap\u00e4isiin asennuksiin, joissa luotettavuudesta ei voida tinki\u00e4.<\/p>\n<h2 class=\"text-2xl font-bold mt-1 text-text-200\">Miten Elephant Foot Ferrules edist\u00e4\u00e4 turvallisuutta ja suorituskyky\u00e4?<\/h2>\n<p class=\"whitespace-pre-wrap break-words\">Raskaiden koneiden ja nostolaitteiden maailmassa ei ole olemassa mit\u00e4\u00e4n \"pient\u00e4\" komponenttia. Jokaisella osalla on merkityst\u00e4, ja n\u00e4ill\u00e4 puristimilla on ratkaiseva rooli painajaismaisten skenaarioiden est\u00e4misess\u00e4 - k\u00f6yden liukuminen, haurastuminen tai katastrofaaliset katkeamiset. Kun nostat kuormia, jotka voivat aiheuttaa vakavia vahinkoja tai loukkaantumisia, jos jokin menee pieleen, tarvitset laitteistoa, johon voit luottaa.<\/p>\n<p class=\"whitespace-pre-wrap break-words\">N\u00e4m\u00e4 eiv\u00e4t ole keskiverto lankoja. Ne on rakennettu huippumateriaaleista ja valmistettu tarkasti, ja ne on suunniteltu kest\u00e4m\u00e4\u00e4n myrsky\u00e4 - kirjaimellisesti. Korroosiota aiheuttavissa ymp\u00e4rist\u00f6iss\u00e4, \u00e4\u00e4rimm\u00e4isiss\u00e4 l\u00e4mp\u00f6tiloissa ja kovassa rasituksessa olevissa sovelluksissa ne toimivat, vaikka huonommat laitteistot pett\u00e4isiv\u00e4t. Kun t\u00e4m\u00e4 yhdistet\u00e4\u00e4n tiukkaan laadunvalvontaamme, saat mielenrauhan, johon voit luottaa.<\/p>\n<h2 class=\"text-2xl font-bold mt-1 text-text-200\">Qingdao H&amp;F:n etu<\/h2>\n<p><img decoding=\"async\" class=\"alignnone wp-image-8732 size-full\" src=\"http:\/\/qingdaohf.com\/wp-content\/uploads\/2023\/03\/HF-packing-5-1.webp\" alt=\"HF-pakkaus\" width=\"1920\" height=\"1080\" srcset=\"https:\/\/qingdaohf.com\/wp-content\/uploads\/2023\/03\/HF-packing-5-1.webp 1920w, https:\/\/qingdaohf.com\/wp-content\/uploads\/2023\/03\/HF-packing-5-1-300x169.webp 300w, https:\/\/qingdaohf.com\/wp-content\/uploads\/2023\/03\/HF-packing-5-1-1024x576.webp 1024w, https:\/\/qingdaohf.com\/wp-content\/uploads\/2023\/03\/HF-packing-5-1-768x432.webp 768w, https:\/\/qingdaohf.com\/wp-content\/uploads\/2023\/03\/HF-packing-5-1-1536x864.webp 1536w, https:\/\/qingdaohf.com\/wp-content\/uploads\/2023\/03\/HF-packing-5-1-18x10.webp 18w, https:\/\/qingdaohf.com\/wp-content\/uploads\/2023\/03\/HF-packing-5-1-1000x563.webp 1000w\" sizes=\"(max-width: 1920px) 100vw, 1920px\" \/><\/p>\n<p class=\"whitespace-pre-wrap break-words\">Qingdao H&amp;F:n valitseminen on muutakin kuin pelkk\u00e4 lankojen ostaminen - saat kumppanin, joka panostaa menestykseesi. Tiimimme el\u00e4\u00e4 ja hengitt\u00e4\u00e4 takilateollisuudessa, ja olemme t\u00e4\u00e4ll\u00e4 auttamassa sinua sek\u00e4 v\u00e4litt\u00f6mien haasteiden ett\u00e4 pitk\u00e4n aikav\u00e4lin tavoitteiden saavuttamisessa.<\/p>\n<p class=\"whitespace-pre-wrap break-words\">Olemme ansainneet maineemme kovalla ty\u00f6ll\u00e4 - toimittamalla jatkuvasti laadukkaita tuotteita, nopeaa toimitusta ja tukea, johon voit todella luottaa. Haluatko testata ennen kuin investoit? L\u00e4het\u00e4mme sinulle ilmaisia n\u00e4ytteit\u00e4 vaijerituotteistamme. T\u00e4m\u00e4n k\u00e4yt\u00e4nn\u00f6nl\u00e4heisen l\u00e4hestymistavan avulla voit varmistaa yhteensopivuuden ja suorituskyvyn ennen t\u00e4rkeiden p\u00e4\u00e4t\u00f6sten tekemist\u00e4.<\/p>\n<h2 class=\"text-2xl font-bold mt-1 text-text-200\">P\u00e4\u00e4telm\u00e4<\/h2>\n<p class=\"whitespace-pre-wrap break-words\">Nostotoiminnoissa norsunjalkajouset eiv\u00e4t ole vain yksi osa - ne ovat mielenrauhaa, joka on tehty metallista. Me Qingdao H&amp;F:ss\u00e4 yhdist\u00e4mme ensiluokkaiset tuotteet asiantuntemukseen ja palveluun, joita tarvitset, jotta asiat sujuvat moitteettomasti. Olitpa sitten rakennusalalla, merenkulkualalla tai mill\u00e4 tahansa alalla, joka vaatii luodinkest\u00e4vi\u00e4 takilakomponentteja, lenkkijalkajousemme toimivat. Kattavan testauksen, henkil\u00f6kohtaisen tuen ja nopeiden toimitusaikojen ansiosta olemme valmiita olemaan takilointi- ja nostolaitteiden ensisijainen kumppanisi. Oletko valmis oppimaan lis\u00e4\u00e4? Puhutaanpa siit\u00e4, miten norsunjalkajohtimemme voivat parantaa seuraavaa projektiasi.<\/p>","protected":false},"excerpt":{"rendered":"<p>Elephant Foot Ferrules on eritt\u00e4in t\u00e4rke\u00e4 takilointi- ja nostoalalla, jossa ne luovat vahvan ja turvallisen liitoksen vaijerien v\u00e4lille ja parantavat n\u00e4in niiden suorituskyky\u00e4 raskaissa sovelluksissa. Laatu, tarkkuus ja yhteensopivuus ovat tavallisia huolenaiheita kaikille ostajille; Qingdao H&amp;F:n Elephant Foot Ferrules -jalkojen avulla voit olla varma, ett\u00e4 saat laadukkaan ratkaisun, joka vastaa vaativimpiinkin vaatimuksiin. Yksil\u00f6llinen asiakaspalvelu, nopeat toimitussyklit ja kattavat laatutarkastusraportit ovat vain osa eduista, jotka takaavat, ett\u00e4 saat joka kerta parhaan tuotteen, joka on r\u00e4\u00e4t\u00e4l\u00f6ity tarpeisiisi. Tarvitsitpa sitten r\u00e4\u00e4t\u00e4l\u00f6ityj\u00e4 kokoja tai nopeaa ratkaisua, me voimme auttaa projektissasi sen kaikissa vaiheissa.<\/p>","protected":false},"featured_media":3398,"comment_status":"open","ping_status":"closed","template":"","meta":{"site-sidebar-layout":"default","site-content-layout":"default","ast-site-content-layout":"default","site-content-style":"default","site-sidebar-style":"default","ast-global-header-display":"","ast-banner-title-visibility":"","ast-main-header-display":"","ast-hfb-above-header-display":"","ast-hfb-below-header-display":"","ast-hfb-mobile-header-display":"","site-post-title":"","ast-breadcrumbs-content":"","ast-featured-img":"","footer-sml-layout":"","theme-transparent-header-meta":"default","adv-header-id-meta":"","stick-header-meta":"default","header-above-stick-meta":"","header-main-stick-meta":"","header-below-stick-meta":"","astra-migrate-meta-layouts":"set","ast-page-background-enabled":"default","ast-page-background-meta":{"desktop":{"background-color":"","background-image":"","background-repeat":"repeat","background-position":"center center","background-size":"auto","background-attachment":"scroll","background-type":"","background-media":"","overlay-type":"","overlay-color":"","overlay-opacity":"","overlay-gradient":""},"tablet":{"background-color":"","background-image":"","background-repeat":"repeat","background-position":"center center","background-size":"auto","background-attachment":"scroll","background-type":"","background-media":"","overlay-type":"","overlay-color":"","overlay-opacity":"","overlay-gradient":""},"mobile":{"background-color":"","background-image":"","background-repeat":"repeat","background-position":"center center","background-size":"auto","background-attachment":"scroll","background-type":"","background-media":"","overlay-type":"","overlay-color":"","overlay-opacity":"","overlay-gradient":""}},"ast-content-background-meta":{"desktop":{"background-color":"var(--ast-global-color-5)","background-image":"","background-repeat":"repeat","background-position":"center center","background-size":"auto","background-attachment":"scroll","background-type":"","background-media":"","overlay-type":"","overlay-color":"","overlay-opacity":"","overlay-gradient":""},"tablet":{"background-color":"var(--ast-global-color-5)","background-image":"","background-repeat":"repeat","background-position":"center center","background-size":"auto","background-attachment":"scroll","background-type":"","background-media":"","overlay-type":"","overlay-color":"","overlay-opacity":"","overlay-gradient":""},"mobile":{"background-color":"var(--ast-global-color-5)","background-image":"","background-repeat":"repeat","background-position":"center center","background-size":"auto","background-attachment":"scroll","background-type":"","background-media":"","overlay-type":"","overlay-color":"","overlay-opacity":"","overlay-gradient":""}}},"product_brand":[],"product_cat":[50,30],"product_tag":[],"class_list":{"0":"post-2646","1":"product","2":"type-product","3":"status-publish","4":"has-post-thumbnail","6":"product_cat-concrete-form-accessories","7":"product_cat-lifting-anchor","8":"desktop-align-left","9":"tablet-align-left","10":"mobile-align-left","11":"ast-product-gallery-layout-horizontal-slider","12":"ast-product-tabs-layout-horizontal","14":"first","15":"instock","16":"shipping-taxable","17":"purchasable","18":"product-type-simple"},"yoast_head":"<!-- This site is optimized with the Yoast SEO plugin v25.2 - https:\/\/yoast.com\/wordpress\/plugins\/seo\/ -->\n<title>Elephant Foot Ferrule<\/title>\n<meta name=\"description\" content=\"Roud Ferrule and Elephant Foot Ferrule it helps to ensure the integrity and longevity of the structures we build.\" \/>\n<meta name=\"robots\" content=\"index, follow, max-snippet:-1, max-image-preview:large, max-video-preview:-1\" \/>\n<link rel=\"canonical\" href=\"https:\/\/qingdaohf.com\/fi\/tuote\/norsunjalkainen-liitosholkki-norsunjalkainen-liitosholkki-norsunjalkainen-liitosholkki\/\" \/>\n<meta property=\"og:locale\" content=\"fi_FI\" \/>\n<meta property=\"og:type\" content=\"article\" \/>\n<meta property=\"og:title\" content=\"Elephant Foot Ferrule\" \/>\n<meta property=\"og:description\" content=\"Roud Ferrule and Elephant Foot Ferrule it helps to ensure the integrity and longevity of the structures we build.\" \/>\n<meta property=\"og:url\" content=\"https:\/\/qingdaohf.com\/fi\/tuote\/norsunjalkainen-liitosholkki-norsunjalkainen-liitosholkki-norsunjalkainen-liitosholkki\/\" \/>\n<meta property=\"og:site_name\" content=\"Concrete Form &amp; Rigging Hardware Supplier\" \/>\n<meta property=\"article:publisher\" content=\"https:\/\/www.facebook.com\/qingdaohf\" \/>\n<meta property=\"article:modified_time\" content=\"2025-11-13T01:05:52+00:00\" \/>\n<meta property=\"og:image\" content=\"https:\/\/qingdaohf.com\/wp-content\/uploads\/2023\/03\/roud-ferrule-elephant-foot-ferrule-4-1.jpg\" \/>\n\t<meta property=\"og:image:width\" content=\"1000\" \/>\n\t<meta property=\"og:image:height\" content=\"1000\" \/>\n\t<meta property=\"og:image:type\" content=\"image\/jpeg\" \/>\n<meta name=\"twitter:card\" content=\"summary_large_image\" \/>\n<meta name=\"twitter:label1\" content=\"Arvioitu lukuaika\" \/>\n\t<meta name=\"twitter:data1\" content=\"4 minuuttia\" \/>\n<script type=\"application\/ld+json\" class=\"yoast-schema-graph\">{\"@context\":\"https:\/\/schema.org\",\"@graph\":[{\"@type\":\"WebPage\",\"@id\":\"https:\/\/qingdaohf.com\/product\/elephant-foot-ferrule\/\",\"url\":\"https:\/\/qingdaohf.com\/product\/elephant-foot-ferrule\/\",\"name\":\"Elephant Foot Ferrule\",\"isPartOf\":{\"@id\":\"https:\/\/qingdaohf.com\/bg\/#website\"},\"primaryImageOfPage\":{\"@id\":\"https:\/\/qingdaohf.com\/product\/elephant-foot-ferrule\/#primaryimage\"},\"image\":{\"@id\":\"https:\/\/qingdaohf.com\/product\/elephant-foot-ferrule\/#primaryimage\"},\"thumbnailUrl\":\"https:\/\/qingdaohf.com\/wp-content\/uploads\/2023\/03\/roud-ferrule-elephant-foot-ferrule-4-1.jpg\",\"datePublished\":\"2023-03-02T07:27:12+00:00\",\"dateModified\":\"2025-11-13T01:05:52+00:00\",\"description\":\"Roud Ferrule and Elephant Foot Ferrule it helps to ensure the integrity and longevity of the structures we build.\",\"breadcrumb\":{\"@id\":\"https:\/\/qingdaohf.com\/product\/elephant-foot-ferrule\/#breadcrumb\"},\"inLanguage\":\"fi\",\"potentialAction\":[{\"@type\":\"ReadAction\",\"target\":[\"https:\/\/qingdaohf.com\/product\/elephant-foot-ferrule\/\"]}]},{\"@type\":\"ImageObject\",\"inLanguage\":\"fi\",\"@id\":\"https:\/\/qingdaohf.com\/product\/elephant-foot-ferrule\/#primaryimage\",\"url\":\"https:\/\/qingdaohf.com\/wp-content\/uploads\/2023\/03\/roud-ferrule-elephant-foot-ferrule-4-1.jpg\",\"contentUrl\":\"https:\/\/qingdaohf.com\/wp-content\/uploads\/2023\/03\/roud-ferrule-elephant-foot-ferrule-4-1.jpg\",\"width\":1000,\"height\":1000,\"caption\":\"roud ferrule elephant foot ferrule\"},{\"@type\":\"BreadcrumbList\",\"@id\":\"https:\/\/qingdaohf.com\/product\/elephant-foot-ferrule\/#breadcrumb\",\"itemListElement\":[{\"@type\":\"ListItem\",\"position\":1,\"name\":\"Home\",\"item\":\"https:\/\/qingdaohf.com\/\"},{\"@type\":\"ListItem\",\"position\":2,\"name\":\"Concrete Forming Accessories and Rigging Hardware\",\"item\":\"https:\/\/qingdaohf.com\/bg\/?page_id=944\"},{\"@type\":\"ListItem\",\"position\":3,\"name\":\"Elephant Foot Ferrule\"}]},{\"@type\":\"WebSite\",\"@id\":\"https:\/\/qingdaohf.com\/bg\/#website\",\"url\":\"https:\/\/qingdaohf.com\/bg\/\",\"name\":\"Concrete Form & Rigging Hardware Supplier\",\"description\":\"\",\"publisher\":{\"@id\":\"https:\/\/qingdaohf.com\/bg\/#organization\"},\"potentialAction\":[{\"@type\":\"SearchAction\",\"target\":{\"@type\":\"EntryPoint\",\"urlTemplate\":\"https:\/\/qingdaohf.com\/bg\/?s={search_term_string}\"},\"query-input\":{\"@type\":\"PropertyValueSpecification\",\"valueRequired\":true,\"valueName\":\"search_term_string\"}}],\"inLanguage\":\"fi\"},{\"@type\":\"Organization\",\"@id\":\"https:\/\/qingdaohf.com\/bg\/#organization\",\"name\":\"Qingdao H&F\",\"url\":\"https:\/\/qingdaohf.com\/bg\/\",\"logo\":{\"@type\":\"ImageObject\",\"inLanguage\":\"fi\",\"@id\":\"https:\/\/qingdaohf.com\/bg\/#\/schema\/logo\/image\/\",\"url\":\"https:\/\/qingdaohf.com\/wp-content\/uploads\/2022\/12\/cropped-HF-LOGO.png\",\"contentUrl\":\"https:\/\/qingdaohf.com\/wp-content\/uploads\/2022\/12\/cropped-HF-LOGO.png\",\"width\":391,\"height\":249,\"caption\":\"Qingdao H&F\"},\"image\":{\"@id\":\"https:\/\/qingdaohf.com\/bg\/#\/schema\/logo\/image\/\"},\"sameAs\":[\"https:\/\/www.facebook.com\/qingdaohf\"]}]}<\/script>\n<!-- \/ Yoast SEO plugin. -->","yoast_head_json":{"title":"Elephant Foot Ferrule","description":"Roud Ferrule and Elephant Foot Ferrule it helps to ensure the integrity and longevity of the structures we build.","robots":{"index":"index","follow":"follow","max-snippet":"max-snippet:-1","max-image-preview":"max-image-preview:large","max-video-preview":"max-video-preview:-1"},"canonical":"https:\/\/qingdaohf.com\/fi\/tuote\/norsunjalkainen-liitosholkki-norsunjalkainen-liitosholkki-norsunjalkainen-liitosholkki\/","og_locale":"fi_FI","og_type":"article","og_title":"Elephant Foot Ferrule","og_description":"Roud Ferrule and Elephant Foot Ferrule it helps to ensure the integrity and longevity of the structures we build.","og_url":"https:\/\/qingdaohf.com\/fi\/tuote\/norsunjalkainen-liitosholkki-norsunjalkainen-liitosholkki-norsunjalkainen-liitosholkki\/","og_site_name":"Concrete Form &amp; Rigging Hardware Supplier","article_publisher":"https:\/\/www.facebook.com\/qingdaohf","article_modified_time":"2025-11-13T01:05:52+00:00","og_image":[{"width":1000,"height":1000,"url":"https:\/\/qingdaohf.com\/wp-content\/uploads\/2023\/03\/roud-ferrule-elephant-foot-ferrule-4-1.jpg","type":"image\/jpeg"}],"twitter_card":"summary_large_image","twitter_misc":{"Arvioitu lukuaika":"4 minuuttia"},"schema":{"@context":"https:\/\/schema.org","@graph":[{"@type":"WebPage","@id":"https:\/\/qingdaohf.com\/product\/elephant-foot-ferrule\/","url":"https:\/\/qingdaohf.com\/product\/elephant-foot-ferrule\/","name":"Elephant Foot Ferrule","isPartOf":{"@id":"https:\/\/qingdaohf.com\/bg\/#website"},"primaryImageOfPage":{"@id":"https:\/\/qingdaohf.com\/product\/elephant-foot-ferrule\/#primaryimage"},"image":{"@id":"https:\/\/qingdaohf.com\/product\/elephant-foot-ferrule\/#primaryimage"},"thumbnailUrl":"https:\/\/qingdaohf.com\/wp-content\/uploads\/2023\/03\/roud-ferrule-elephant-foot-ferrule-4-1.jpg","datePublished":"2023-03-02T07:27:12+00:00","dateModified":"2025-11-13T01:05:52+00:00","description":"Roud Ferrule and Elephant Foot Ferrule it helps to ensure the integrity and longevity of the structures we build.","breadcrumb":{"@id":"https:\/\/qingdaohf.com\/product\/elephant-foot-ferrule\/#breadcrumb"},"inLanguage":"fi","potentialAction":[{"@type":"ReadAction","target":["https:\/\/qingdaohf.com\/product\/elephant-foot-ferrule\/"]}]},{"@type":"ImageObject","inLanguage":"fi","@id":"https:\/\/qingdaohf.com\/product\/elephant-foot-ferrule\/#primaryimage","url":"https:\/\/qingdaohf.com\/wp-content\/uploads\/2023\/03\/roud-ferrule-elephant-foot-ferrule-4-1.jpg","contentUrl":"https:\/\/qingdaohf.com\/wp-content\/uploads\/2023\/03\/roud-ferrule-elephant-foot-ferrule-4-1.jpg","width":1000,"height":1000,"caption":"roud ferrule elephant foot ferrule"},{"@type":"BreadcrumbList","@id":"https:\/\/qingdaohf.com\/product\/elephant-foot-ferrule\/#breadcrumb","itemListElement":[{"@type":"ListItem","position":1,"name":"Home","item":"https:\/\/qingdaohf.com\/"},{"@type":"ListItem","position":2,"name":"Concrete Forming Accessories and Rigging Hardware","item":"https:\/\/qingdaohf.com\/bg\/?page_id=944"},{"@type":"ListItem","position":3,"name":"Elephant Foot Ferrule"}]},{"@type":"WebSite","@id":"https:\/\/qingdaohf.com\/bg\/#website","url":"https:\/\/qingdaohf.com\/bg\/","name":"Concrete Form & Rigging Hardware Supplier","description":"","publisher":{"@id":"https:\/\/qingdaohf.com\/bg\/#organization"},"potentialAction":[{"@type":"SearchAction","target":{"@type":"EntryPoint","urlTemplate":"https:\/\/qingdaohf.com\/bg\/?s={search_term_string}"},"query-input":{"@type":"PropertyValueSpecification","valueRequired":true,"valueName":"search_term_string"}}],"inLanguage":"fi"},{"@type":"Organization","@id":"https:\/\/qingdaohf.com\/bg\/#organization","name":"Qingdao H&F","url":"https:\/\/qingdaohf.com\/bg\/","logo":{"@type":"ImageObject","inLanguage":"fi","@id":"https:\/\/qingdaohf.com\/bg\/#\/schema\/logo\/image\/","url":"https:\/\/qingdaohf.com\/wp-content\/uploads\/2022\/12\/cropped-HF-LOGO.png","contentUrl":"https:\/\/qingdaohf.com\/wp-content\/uploads\/2022\/12\/cropped-HF-LOGO.png","width":391,"height":249,"caption":"Qingdao H&F"},"image":{"@id":"https:\/\/qingdaohf.com\/bg\/#\/schema\/logo\/image\/"},"sameAs":["https:\/\/www.facebook.com\/qingdaohf"]}]}},"_links":{"self":[{"href":"https:\/\/qingdaohf.com\/fi\/wp-json\/wp\/v2\/product\/2646","targetHints":{"allow":["GET"]}}],"collection":[{"href":"https:\/\/qingdaohf.com\/fi\/wp-json\/wp\/v2\/product"}],"about":[{"href":"https:\/\/qingdaohf.com\/fi\/wp-json\/wp\/v2\/types\/product"}],"replies":[{"embeddable":true,"href":"https:\/\/qingdaohf.com\/fi\/wp-json\/wp\/v2\/comments?post=2646"}],"version-history":[{"count":4,"href":"https:\/\/qingdaohf.com\/fi\/wp-json\/wp\/v2\/product\/2646\/revisions"}],"predecessor-version":[{"id":8734,"href":"https:\/\/qingdaohf.com\/fi\/wp-json\/wp\/v2\/product\/2646\/revisions\/8734"}],"wp:featuredmedia":[{"embeddable":true,"href":"https:\/\/qingdaohf.com\/fi\/wp-json\/wp\/v2\/media\/3398"}],"wp:attachment":[{"href":"https:\/\/qingdaohf.com\/fi\/wp-json\/wp\/v2\/media?parent=2646"}],"wp:term":[{"taxonomy":"product_brand","embeddable":true,"href":"https:\/\/qingdaohf.com\/fi\/wp-json\/wp\/v2\/product_brand?post=2646"},{"taxonomy":"product_cat","embeddable":true,"href":"https:\/\/qingdaohf.com\/fi\/wp-json\/wp\/v2\/product_cat?post=2646"},{"taxonomy":"product_tag","embeddable":true,"href":"https:\/\/qingdaohf.com\/fi\/wp-json\/wp\/v2\/product_tag?post=2646"}],"curies":[{"name":"wp","href":"https:\/\/api.w.org\/{rel}","templated":true}]}}