{"id":2895,"date":"2023-03-14T19:12:34","date_gmt":"2023-03-14T11:12:34","guid":{"rendered":"http:\/\/qingdaohf.com\/?post_type=product&#038;p=2895"},"modified":"2025-11-13T09:05:31","modified_gmt":"2025-11-13T01:05:31","slug":"cut-masonry-nails","status":"publish","type":"product","link":"https:\/\/qingdaohf.com\/fi\/tuote\/leikatut-muurausnaulat\/","title":{"rendered":"Betonin muottitarvikkeet Leikatut muurausnaulat"},"content":{"rendered":"<p>Leikatut muurausnaulat on valmistettu karkaistusta ter\u00e4ksest\u00e4, mik\u00e4 tekee niist\u00e4 riitt\u00e4v\u00e4n vahvoja ja kest\u00e4vi\u00e4 kest\u00e4m\u00e4\u00e4n m\u00e4r\u00e4n betonin painetta ja painoa. Niit\u00e4 on yleens\u00e4 saatavana pituuksina 1 1\/2 tuuman ja 4 tuuman v\u00e4lill\u00e4, ja niit\u00e4 on saatavana eri mittoja tai paksuuksia projektin erityistarpeiden mukaan.<\/p>\n<p>Leikattujen muurausnaulojen yksi t\u00e4rke\u00e4 ominaisuus on niiden ter\u00e4v\u00e4, ter\u00e4v\u00e4 k\u00e4rki, jonka ansiosta ne tunkeutuvat syv\u00e4lle puuhun ja muodostavat turvallisen ankkurin, joka kest\u00e4\u00e4 betonivalun ja laskeutumisen aiheuttamat voimat. N\u00e4it\u00e4 nauloja k\u00e4ytet\u00e4\u00e4n usein yhdess\u00e4 muiden kiinnittimien, kuten ruuvien tai pulttien, kanssa tiiviin ja vakaan muottirakenteen varmistamiseksi.<\/p>","protected":false},"excerpt":{"rendered":"<p>Leikattuja muurausnauloja k\u00e4ytet\u00e4\u00e4n yleisesti betonin muotoilussa kiinnitt\u00e4m\u00e4\u00e4n puiset muottilaudat maahan tai muihin rakenteisiin. N\u00e4iss\u00e4 nauloissa on neliskulmainen, kartiomainen muoto, joka auttaa niit\u00e4 tarttumaan puuhun tukevasti ja est\u00e4\u00e4 sit\u00e4 siirtym\u00e4st\u00e4 tai liikkumasta betonin valun ja kovettumisen aikana.<\/p>","protected":false},"featured_media":2896,"comment_status":"open","ping_status":"closed","template":"","meta":{"site-sidebar-layout":"default","site-content-layout":"default","ast-site-content-layout":"default","site-content-style":"default","site-sidebar-style":"default","ast-global-header-display":"","ast-banner-title-visibility":"","ast-main-header-display":"","ast-hfb-above-header-display":"","ast-hfb-below-header-display":"","ast-hfb-mobile-header-display":"","site-post-title":"","ast-breadcrumbs-content":"","ast-featured-img":"","footer-sml-layout":"","theme-transparent-header-meta":"default","adv-header-id-meta":"","stick-header-meta":"default","header-above-stick-meta":"","header-main-stick-meta":"","header-below-stick-meta":"","astra-migrate-meta-layouts":"set","ast-page-background-enabled":"default","ast-page-background-meta":{"desktop":{"background-color":"","background-image":"","background-repeat":"repeat","background-position":"center center","background-size":"auto","background-attachment":"scroll","background-type":"","background-media":"","overlay-type":"","overlay-color":"","overlay-opacity":"","overlay-gradient":""},"tablet":{"background-color":"","background-image":"","background-repeat":"repeat","background-position":"center center","background-size":"auto","background-attachment":"scroll","background-type":"","background-media":"","overlay-type":"","overlay-color":"","overlay-opacity":"","overlay-gradient":""},"mobile":{"background-color":"","background-image":"","background-repeat":"repeat","background-position":"center center","background-size":"auto","background-attachment":"scroll","background-type":"","background-media":"","overlay-type":"","overlay-color":"","overlay-opacity":"","overlay-gradient":""}},"ast-content-background-meta":{"desktop":{"background-color":"var(--ast-global-color-5)","background-image":"","background-repeat":"repeat","background-position":"center center","background-size":"auto","background-attachment":"scroll","background-type":"","background-media":"","overlay-type":"","overlay-color":"","overlay-opacity":"","overlay-gradient":""},"tablet":{"background-color":"var(--ast-global-color-5)","background-image":"","background-repeat":"repeat","background-position":"center center","background-size":"auto","background-attachment":"scroll","background-type":"","background-media":"","overlay-type":"","overlay-color":"","overlay-opacity":"","overlay-gradient":""},"mobile":{"background-color":"var(--ast-global-color-5)","background-image":"","background-repeat":"repeat","background-position":"center center","background-size":"auto","background-attachment":"scroll","background-type":"","background-media":"","overlay-type":"","overlay-color":"","overlay-opacity":"","overlay-gradient":""}}},"product_brand":[],"product_cat":[34],"product_tag":[],"class_list":{"0":"post-2895","1":"product","2":"type-product","3":"status-publish","4":"has-post-thumbnail","6":"product_cat-nail","7":"desktop-align-left","8":"tablet-align-left","9":"mobile-align-left","10":"ast-product-gallery-layout-horizontal-slider","11":"ast-product-tabs-layout-horizontal","13":"first","14":"instock","15":"shipping-taxable","16":"purchasable","17":"product-type-simple"},"yoast_head":"<!-- This site is optimized with the Yoast SEO plugin v25.2 - https:\/\/yoast.com\/wordpress\/plugins\/seo\/ -->\n<title>Concrete Forming Accessories Cut Masonry Nails<\/title>\n<meta name=\"description\" content=\"Cut masonry nails are commonly used in concrete forming to secure wooden form boards to the ground or to other structures.\" \/>\n<meta name=\"robots\" content=\"index, follow, max-snippet:-1, max-image-preview:large, max-video-preview:-1\" \/>\n<link rel=\"canonical\" href=\"https:\/\/qingdaohf.com\/fi\/tuote\/leikatut-muurausnaulat\/\" \/>\n<meta property=\"og:locale\" content=\"fi_FI\" \/>\n<meta property=\"og:type\" content=\"article\" \/>\n<meta property=\"og:title\" content=\"Concrete Forming Accessories Cut Masonry Nails\" \/>\n<meta property=\"og:description\" content=\"Cut masonry nails are commonly used in concrete forming to secure wooden form boards to the ground or to other structures.\" \/>\n<meta property=\"og:url\" content=\"https:\/\/qingdaohf.com\/fi\/tuote\/leikatut-muurausnaulat\/\" \/>\n<meta property=\"og:site_name\" content=\"Concrete Form &amp; Rigging Hardware Supplier\" \/>\n<meta property=\"article:publisher\" content=\"https:\/\/www.facebook.com\/qingdaohf\" \/>\n<meta property=\"article:modified_time\" content=\"2025-11-13T01:05:31+00:00\" \/>\n<meta property=\"og:image\" content=\"https:\/\/qingdaohf.com\/wp-content\/uploads\/2023\/03\/Cut-Masonry-Nails-1.jpg\" \/>\n\t<meta property=\"og:image:width\" content=\"1000\" \/>\n\t<meta property=\"og:image:height\" content=\"1000\" \/>\n\t<meta property=\"og:image:type\" content=\"image\/jpeg\" \/>\n<meta name=\"twitter:card\" content=\"summary_large_image\" \/>\n<meta name=\"twitter:label1\" content=\"Arvioitu lukuaika\" \/>\n\t<meta name=\"twitter:data1\" content=\"1 minuutti\" \/>\n<script type=\"application\/ld+json\" class=\"yoast-schema-graph\">{\"@context\":\"https:\/\/schema.org\",\"@graph\":[{\"@type\":\"WebPage\",\"@id\":\"https:\/\/qingdaohf.com\/product\/cut-masonry-nails\/\",\"url\":\"https:\/\/qingdaohf.com\/product\/cut-masonry-nails\/\",\"name\":\"Concrete Forming Accessories Cut Masonry Nails\",\"isPartOf\":{\"@id\":\"https:\/\/qingdaohf.com\/bg\/#website\"},\"primaryImageOfPage\":{\"@id\":\"https:\/\/qingdaohf.com\/product\/cut-masonry-nails\/#primaryimage\"},\"image\":{\"@id\":\"https:\/\/qingdaohf.com\/product\/cut-masonry-nails\/#primaryimage\"},\"thumbnailUrl\":\"https:\/\/qingdaohf.com\/wp-content\/uploads\/2023\/03\/Cut-Masonry-Nails-1.jpg\",\"datePublished\":\"2023-03-14T11:12:34+00:00\",\"dateModified\":\"2025-11-13T01:05:31+00:00\",\"description\":\"Cut masonry nails are commonly used in concrete forming to secure wooden form boards to the ground or to other structures.\",\"breadcrumb\":{\"@id\":\"https:\/\/qingdaohf.com\/product\/cut-masonry-nails\/#breadcrumb\"},\"inLanguage\":\"fi\",\"potentialAction\":[{\"@type\":\"ReadAction\",\"target\":[\"https:\/\/qingdaohf.com\/product\/cut-masonry-nails\/\"]}]},{\"@type\":\"ImageObject\",\"inLanguage\":\"fi\",\"@id\":\"https:\/\/qingdaohf.com\/product\/cut-masonry-nails\/#primaryimage\",\"url\":\"https:\/\/qingdaohf.com\/wp-content\/uploads\/2023\/03\/Cut-Masonry-Nails-1.jpg\",\"contentUrl\":\"https:\/\/qingdaohf.com\/wp-content\/uploads\/2023\/03\/Cut-Masonry-Nails-1.jpg\",\"width\":1000,\"height\":1000,\"caption\":\"Cut Masonry Nails\"},{\"@type\":\"BreadcrumbList\",\"@id\":\"https:\/\/qingdaohf.com\/product\/cut-masonry-nails\/#breadcrumb\",\"itemListElement\":[{\"@type\":\"ListItem\",\"position\":1,\"name\":\"Home\",\"item\":\"https:\/\/qingdaohf.com\/\"},{\"@type\":\"ListItem\",\"position\":2,\"name\":\"Concrete Forming Accessories and Rigging Hardware\",\"item\":\"https:\/\/qingdaohf.com\/bg\/?page_id=944\"},{\"@type\":\"ListItem\",\"position\":3,\"name\":\"Concrete Forming Accessories Cut Masonry Nails\"}]},{\"@type\":\"WebSite\",\"@id\":\"https:\/\/qingdaohf.com\/bg\/#website\",\"url\":\"https:\/\/qingdaohf.com\/bg\/\",\"name\":\"Concrete Form & Rigging Hardware Supplier\",\"description\":\"\",\"publisher\":{\"@id\":\"https:\/\/qingdaohf.com\/bg\/#organization\"},\"potentialAction\":[{\"@type\":\"SearchAction\",\"target\":{\"@type\":\"EntryPoint\",\"urlTemplate\":\"https:\/\/qingdaohf.com\/bg\/?s={search_term_string}\"},\"query-input\":{\"@type\":\"PropertyValueSpecification\",\"valueRequired\":true,\"valueName\":\"search_term_string\"}}],\"inLanguage\":\"fi\"},{\"@type\":\"Organization\",\"@id\":\"https:\/\/qingdaohf.com\/bg\/#organization\",\"name\":\"Qingdao H&F\",\"url\":\"https:\/\/qingdaohf.com\/bg\/\",\"logo\":{\"@type\":\"ImageObject\",\"inLanguage\":\"fi\",\"@id\":\"https:\/\/qingdaohf.com\/bg\/#\/schema\/logo\/image\/\",\"url\":\"https:\/\/qingdaohf.com\/wp-content\/uploads\/2022\/12\/cropped-HF-LOGO.png\",\"contentUrl\":\"https:\/\/qingdaohf.com\/wp-content\/uploads\/2022\/12\/cropped-HF-LOGO.png\",\"width\":391,\"height\":249,\"caption\":\"Qingdao H&F\"},\"image\":{\"@id\":\"https:\/\/qingdaohf.com\/bg\/#\/schema\/logo\/image\/\"},\"sameAs\":[\"https:\/\/www.facebook.com\/qingdaohf\"]}]}<\/script>\n<!-- \/ Yoast SEO plugin. -->","yoast_head_json":{"title":"Concrete Forming Accessories Cut Masonry Nails","description":"Cut masonry nails are commonly used in concrete forming to secure wooden form boards to the ground or to other structures.","robots":{"index":"index","follow":"follow","max-snippet":"max-snippet:-1","max-image-preview":"max-image-preview:large","max-video-preview":"max-video-preview:-1"},"canonical":"https:\/\/qingdaohf.com\/fi\/tuote\/leikatut-muurausnaulat\/","og_locale":"fi_FI","og_type":"article","og_title":"Concrete Forming Accessories Cut Masonry Nails","og_description":"Cut masonry nails are commonly used in concrete forming to secure wooden form boards to the ground or to other structures.","og_url":"https:\/\/qingdaohf.com\/fi\/tuote\/leikatut-muurausnaulat\/","og_site_name":"Concrete Form &amp; Rigging Hardware Supplier","article_publisher":"https:\/\/www.facebook.com\/qingdaohf","article_modified_time":"2025-11-13T01:05:31+00:00","og_image":[{"width":1000,"height":1000,"url":"https:\/\/qingdaohf.com\/wp-content\/uploads\/2023\/03\/Cut-Masonry-Nails-1.jpg","type":"image\/jpeg"}],"twitter_card":"summary_large_image","twitter_misc":{"Arvioitu lukuaika":"1 minuutti"},"schema":{"@context":"https:\/\/schema.org","@graph":[{"@type":"WebPage","@id":"https:\/\/qingdaohf.com\/product\/cut-masonry-nails\/","url":"https:\/\/qingdaohf.com\/product\/cut-masonry-nails\/","name":"Concrete Forming Accessories Cut Masonry Nails","isPartOf":{"@id":"https:\/\/qingdaohf.com\/bg\/#website"},"primaryImageOfPage":{"@id":"https:\/\/qingdaohf.com\/product\/cut-masonry-nails\/#primaryimage"},"image":{"@id":"https:\/\/qingdaohf.com\/product\/cut-masonry-nails\/#primaryimage"},"thumbnailUrl":"https:\/\/qingdaohf.com\/wp-content\/uploads\/2023\/03\/Cut-Masonry-Nails-1.jpg","datePublished":"2023-03-14T11:12:34+00:00","dateModified":"2025-11-13T01:05:31+00:00","description":"Cut masonry nails are commonly used in concrete forming to secure wooden form boards to the ground or to other structures.","breadcrumb":{"@id":"https:\/\/qingdaohf.com\/product\/cut-masonry-nails\/#breadcrumb"},"inLanguage":"fi","potentialAction":[{"@type":"ReadAction","target":["https:\/\/qingdaohf.com\/product\/cut-masonry-nails\/"]}]},{"@type":"ImageObject","inLanguage":"fi","@id":"https:\/\/qingdaohf.com\/product\/cut-masonry-nails\/#primaryimage","url":"https:\/\/qingdaohf.com\/wp-content\/uploads\/2023\/03\/Cut-Masonry-Nails-1.jpg","contentUrl":"https:\/\/qingdaohf.com\/wp-content\/uploads\/2023\/03\/Cut-Masonry-Nails-1.jpg","width":1000,"height":1000,"caption":"Cut Masonry Nails"},{"@type":"BreadcrumbList","@id":"https:\/\/qingdaohf.com\/product\/cut-masonry-nails\/#breadcrumb","itemListElement":[{"@type":"ListItem","position":1,"name":"Home","item":"https:\/\/qingdaohf.com\/"},{"@type":"ListItem","position":2,"name":"Concrete Forming Accessories and Rigging Hardware","item":"https:\/\/qingdaohf.com\/bg\/?page_id=944"},{"@type":"ListItem","position":3,"name":"Concrete Forming Accessories Cut Masonry Nails"}]},{"@type":"WebSite","@id":"https:\/\/qingdaohf.com\/bg\/#website","url":"https:\/\/qingdaohf.com\/bg\/","name":"Concrete Form & Rigging Hardware Supplier","description":"","publisher":{"@id":"https:\/\/qingdaohf.com\/bg\/#organization"},"potentialAction":[{"@type":"SearchAction","target":{"@type":"EntryPoint","urlTemplate":"https:\/\/qingdaohf.com\/bg\/?s={search_term_string}"},"query-input":{"@type":"PropertyValueSpecification","valueRequired":true,"valueName":"search_term_string"}}],"inLanguage":"fi"},{"@type":"Organization","@id":"https:\/\/qingdaohf.com\/bg\/#organization","name":"Qingdao H&F","url":"https:\/\/qingdaohf.com\/bg\/","logo":{"@type":"ImageObject","inLanguage":"fi","@id":"https:\/\/qingdaohf.com\/bg\/#\/schema\/logo\/image\/","url":"https:\/\/qingdaohf.com\/wp-content\/uploads\/2022\/12\/cropped-HF-LOGO.png","contentUrl":"https:\/\/qingdaohf.com\/wp-content\/uploads\/2022\/12\/cropped-HF-LOGO.png","width":391,"height":249,"caption":"Qingdao H&F"},"image":{"@id":"https:\/\/qingdaohf.com\/bg\/#\/schema\/logo\/image\/"},"sameAs":["https:\/\/www.facebook.com\/qingdaohf"]}]}},"_links":{"self":[{"href":"https:\/\/qingdaohf.com\/fi\/wp-json\/wp\/v2\/product\/2895","targetHints":{"allow":["GET"]}}],"collection":[{"href":"https:\/\/qingdaohf.com\/fi\/wp-json\/wp\/v2\/product"}],"about":[{"href":"https:\/\/qingdaohf.com\/fi\/wp-json\/wp\/v2\/types\/product"}],"replies":[{"embeddable":true,"href":"https:\/\/qingdaohf.com\/fi\/wp-json\/wp\/v2\/comments?post=2895"}],"version-history":[{"count":1,"href":"https:\/\/qingdaohf.com\/fi\/wp-json\/wp\/v2\/product\/2895\/revisions"}],"predecessor-version":[{"id":8668,"href":"https:\/\/qingdaohf.com\/fi\/wp-json\/wp\/v2\/product\/2895\/revisions\/8668"}],"wp:featuredmedia":[{"embeddable":true,"href":"https:\/\/qingdaohf.com\/fi\/wp-json\/wp\/v2\/media\/2896"}],"wp:attachment":[{"href":"https:\/\/qingdaohf.com\/fi\/wp-json\/wp\/v2\/media?parent=2895"}],"wp:term":[{"taxonomy":"product_brand","embeddable":true,"href":"https:\/\/qingdaohf.com\/fi\/wp-json\/wp\/v2\/product_brand?post=2895"},{"taxonomy":"product_cat","embeddable":true,"href":"https:\/\/qingdaohf.com\/fi\/wp-json\/wp\/v2\/product_cat?post=2895"},{"taxonomy":"product_tag","embeddable":true,"href":"https:\/\/qingdaohf.com\/fi\/wp-json\/wp\/v2\/product_tag?post=2895"}],"curies":[{"name":"wp","href":"https:\/\/api.w.org\/{rel}","templated":true}]}}