{"id":3549,"date":"2023-04-10T18:57:14","date_gmt":"2023-04-10T10:57:14","guid":{"rendered":"http:\/\/qingdaohf.com\/?post_type=product&#038;p=3549"},"modified":"2025-11-13T09:05:13","modified_gmt":"2025-11-13T01:05:13","slug":"anchor-chain","status":"publish","type":"product","link":"https:\/\/qingdaohf.com\/fi\/tuote\/ankkuriketju\/","title":{"rendered":"Merenkulun ankkuriketju Kiinnitysketju"},"content":{"rendered":"<h3><strong>Johdanto merenkulun ankkuriketjuihin<\/strong><\/h3>\n<p>Ankkuriketjut ovat laivavarusteiden maailmassa olennaisia komponentteja, joita k\u00e4ytet\u00e4\u00e4n alusten vakauttamiseen ja kiinnitt\u00e4miseen telakoinnin tai kiinnityksen aikana. N\u00e4m\u00e4 ketjut ovat elint\u00e4rke\u00e4 linkki aluksen ja sen ankkurointij\u00e4rjestelm\u00e4n v\u00e4lill\u00e4, ja ne tarjoavat vakautta my\u00f6s myrskyisiss\u00e4 meriolosuhteissa. Koska ankkuriketjut ovat t\u00e4rkeit\u00e4 erityisesti kiinnityssovelluksissa, ostajien on t\u00e4rke\u00e4\u00e4 ymm\u00e4rt\u00e4\u00e4 niiden eri tyypit ja edut. Merenkulun ankkuriketjut, jotka tunnetaan my\u00f6s kiinnitysketjuina, luokitellaan p\u00e4\u00e4asiassa kahteen tyyppiin: nastattomat ankkuriketjut ja nastattomat ankkuriketjut. N\u00e4m\u00e4 tyypit eroavat toisistaan rakenteensa, kest\u00e4vyytens\u00e4 ja sovellustensa perusteella, ja kumpikin tarjoaa erillisi\u00e4 etuja kiinnitysratkaisuissa.<\/p>\n<h3><strong>Stud Link Ankkuriketjut: Rakenne ja sovellukset<\/strong><\/h3>\n<p><img fetchpriority=\"high\" decoding=\"async\" class=\"alignnone size-full wp-image-8170\" src=\"http:\/\/qingdaohf.com\/wp-content\/uploads\/2024\/10\/stud-link-anchor-chain_2.webp\" alt=\"nastalenkki ankkuriketju\" width=\"842\" height=\"1091\" srcset=\"https:\/\/qingdaohf.com\/wp-content\/uploads\/2024\/10\/stud-link-anchor-chain_2.webp 842w, https:\/\/qingdaohf.com\/wp-content\/uploads\/2024\/10\/stud-link-anchor-chain_2-232x300.webp 232w, https:\/\/qingdaohf.com\/wp-content\/uploads\/2024\/10\/stud-link-anchor-chain_2-790x1024.webp 790w, https:\/\/qingdaohf.com\/wp-content\/uploads\/2024\/10\/stud-link-anchor-chain_2-768x995.webp 768w, https:\/\/qingdaohf.com\/wp-content\/uploads\/2024\/10\/stud-link-anchor-chain_2-9x12.webp 9w\" sizes=\"(max-width: 842px) 100vw, 842px\" \/><\/p>\n<p>Nastalenkki-ankkurointiketjut ovat merenkulkualalla laajalti tunnettuja niiden kest\u00e4vyydest\u00e4 ja kantavuudesta. Niiss\u00e4 on jokaisen ketjunlenkin poikki metallipalkki eli nasta, joka lis\u00e4\u00e4 vakautta. T\u00e4m\u00e4 rakenne minimoi ketjulenkkien muodonmuutokset rasituksessa ja parantaa ketjun v\u00e4\u00e4ntymisenkest\u00e4vyytt\u00e4 my\u00f6s suuressa j\u00e4nnityksess\u00e4. T\u00e4llainen kest\u00e4vyys tekee nastaketjuista ensisijaisen valinnan raskaisiin merenkulkualan sovelluksiin, erityisesti suuremmissa aluksissa, jotka vaativat huomattavaa pitovoimaa.<\/p>\n<p>Nastalenkki-ankkurointiketjun rakenne ei ainoastaan lis\u00e4\u00e4 sen k\u00e4ytt\u00f6ik\u00e4\u00e4 vaan my\u00f6s parantaa sen lujuus-painosuhdetta. Monet ostajat suosivat t\u00e4m\u00e4ntyyppisi\u00e4 ankkuriketjuja, koska ne kest\u00e4v\u00e4t intensiivisi\u00e4 meriymp\u00e4rist\u00f6j\u00e4, my\u00f6s syv\u00e4nmeren kiinnitysolosuhteita. Nastalenkkiketjuja harkitsevat ostajat asettavat usein etusijalle tuotetestauksen, suorituskyvyn \u00e4\u00e4riolosuhteissa ja meriturvallisuusstandardien noudattamisen. Me Qingdao H&amp;F:ss\u00e4 ymm\u00e4rr\u00e4mme n\u00e4m\u00e4 huolenaiheet ja otamme ne huomioon tekem\u00e4ll\u00e4 perusteellisia laatutarkastuksia, todentamalla todistuskuormat ja toimittamalla sertifioidut testiraportit.<\/p>\n<p>Esimerkiksi nastalenkki-ankkurointiketjuillemme tehd\u00e4\u00e4n tiukat testit, jotka t\u00e4ytt\u00e4v\u00e4t tai ylitt\u00e4v\u00e4t merenkulun sertifiointistandardit. T\u00e4m\u00e4 prosessi vakuuttaa ostajat siit\u00e4, ett\u00e4 jokainen ketju on sek\u00e4 kest\u00e4v\u00e4 ett\u00e4 luotettava, mik\u00e4 viime k\u00e4dess\u00e4 parantaa alusten turvallisuutta. Yksil\u00f6llisen asiakaspalvelumme avulla varmistamme, ett\u00e4 asiakkaamme ymm\u00e4rt\u00e4v\u00e4t t\u00e4ysin n\u00e4m\u00e4 tekniset eritelm\u00e4t ja valitsevat tarpeisiinsa parhaiten sopivan ketjutyypin.<\/p>\n<h3><strong>Nastattomat ankkuriketjut: Joustava ja kevyt ratkaisu<\/strong><\/h3>\n<p><img fetchpriority=\"high\" decoding=\"async\" class=\"alignnone size-full wp-image-8170\" src=\"http:\/\/qingdaohf.com\/wp-content\/uploads\/2024\/10\/stud-link-anchor-chain_2.webp\" alt=\"nastalenkki ankkuriketju\" width=\"842\" height=\"1091\" srcset=\"https:\/\/qingdaohf.com\/wp-content\/uploads\/2024\/10\/stud-link-anchor-chain_2.webp 842w, https:\/\/qingdaohf.com\/wp-content\/uploads\/2024\/10\/stud-link-anchor-chain_2-232x300.webp 232w, https:\/\/qingdaohf.com\/wp-content\/uploads\/2024\/10\/stud-link-anchor-chain_2-790x1024.webp 790w, https:\/\/qingdaohf.com\/wp-content\/uploads\/2024\/10\/stud-link-anchor-chain_2-768x995.webp 768w, https:\/\/qingdaohf.com\/wp-content\/uploads\/2024\/10\/stud-link-anchor-chain_2-9x12.webp 9w\" sizes=\"(max-width: 842px) 100vw, 842px\" \/><\/p>\n<p>Kiinnitt\u00e4m\u00e4tt\u00f6m\u00e4t ankkuriketjut ovat toinen suosittu vaihtoehto kiinnityssovelluksissa, ja niit\u00e4 arvostetaan niiden joustavuuden ja pienemm\u00e4n painon vuoksi. N\u00e4ist\u00e4 ketjuista puuttuu jokaisen lenkin kohdalta nasta, mik\u00e4 tekee niist\u00e4 yksinkertaisemman ja pehme\u00e4mm\u00e4n muotoilun. Nastattomat ankkuriketjut tunnetaan lujuudestaan, mutta ne ovat joustavampia, joten ne sopivat erinomaisesti sovelluksiin, joissa painon\u00e4k\u00f6kohdat ovat ensisijaisen t\u00e4rkeit\u00e4, kuten pienempiin aluksiin tai laitteistoihin, joissa ketjun pienemm\u00e4ll\u00e4 painolla on toiminnallisia etuja.<\/p>\n<p>Koska jokaisessa lenkiss\u00e4 ei ole nastaa, ketju liikkuu pienemm\u00e4ll\u00e4 vastuksella ja tarjoaa erinomaisen joustavuuden vaihtelevissa meriolosuhteissa. Monille ostajille t\u00e4m\u00e4 joustavuus on ratkaiseva tekij\u00e4 erityisesti pienempi\u00e4 veneit\u00e4 ankkuroitaessa, jolloin mukautuva ankkuriketju on eritt\u00e4in hy\u00f6dyllinen. Toinen merkitt\u00e4v\u00e4 etu nastattomista ankkuriketjuista on niiden v\u00e4hentynyt huoltotarve. Koska niiss\u00e4 on v\u00e4hemm\u00e4n rakenneosia, ne vaativat harvemmin tarkastuksia ja korjauksia kuin nastalenkkiketjut, mik\u00e4 tekee niist\u00e4 ajan mittaan kustannustehokkaan vaihtoehdon.<\/p>\n<p>Me Qingdao H&amp;F:ss\u00e4 tied\u00e4mme, ett\u00e4 nastattomat ankkuriketjut voivat kiinnostaa ostajia, jotka haluavat tehostaa sek\u00e4 suorituskyky\u00e4 ett\u00e4 huoltoa. Sitoutumisemme nopeisiin toimitusjaksoihin takaa, ett\u00e4 n\u00e4m\u00e4 ketjut ovat helposti saatavilla, ja laajat laatutarkastusraporttimme antavat ostajille kaikki tarvittavat tiedot kest\u00e4vyydest\u00e4, todistuskuormasta ja rakenteellisesta eheydest\u00e4. Valitsemalla meilt\u00e4 nastattoman ankkuriketjun ostajat voivat luottavaisin mielin investoida ketjuratkaisuun, jossa paino, joustavuus ja kustannustehokkuus ovat tasapainossa.<\/p>\n<h3><strong>Oikean ankkuriketjun valitseminen tarpeisiisi sopivaksi<\/strong><\/h3>\n<p>Kun ostajien on valittava nastalenkkien ja nastattomien ankkuriketjujen v\u00e4lill\u00e4, heid\u00e4n on otettava huomioon useita tekij\u00f6it\u00e4, kuten aluksen koko, k\u00e4ytt\u00f6tarkoitus ja ymp\u00e4rist\u00f6olosuhteet. Kummallakin tyypill\u00e4 on ainutlaatuisia etuja, jotka tekev\u00e4t siit\u00e4 sopivan tiettyihin tilanteisiin. Suuremmat alukset vaativat usein nastalenkki-ankkurointiketjuja niiden lujuuden ja vakauden vuoksi, kun taas pienemm\u00e4t alukset tai kevyit\u00e4 ketjuja vaativat alukset saattavat hy\u00f6ty\u00e4 enemm\u00e4n nastattomasta ketjuvaihtoehdosta.<\/p>\n<p>Molempia ketjutyyppej\u00e4 on saatavana erilaisina eri kokoluokkiin ja kiinnitysvaatimuksiin sopivina. Esimerkiksi halkaisija on ratkaiseva tekij\u00e4 ketjun kantavuuden ja kest\u00e4vyyden m\u00e4\u00e4ritt\u00e4misess\u00e4. Tyypillisess\u00e4 valikoimassa voi olla ketjuja, joiden halkaisija sopii eri alusluokkiin, mik\u00e4 takaa yhteensopivuuden ja optimaalisen suorituskyvyn. Qingdao H&amp;F:n ankkuriketjuvalikoima on suunniteltu vastaamaan erilaisia ostajien tarpeita, ja siin\u00e4 on r\u00e4\u00e4t\u00e4l\u00f6it\u00e4viss\u00e4 vaihtoehtoja, jotka vastaavat alusten erityisvaatimuksia.<\/p>\n<p>Ketjun tyypin ja koon lis\u00e4ksi ostajat asettavat etusijalle my\u00f6s lis\u00e4palvelut, jotka voivat helpottaa heid\u00e4n ostoprosessiaan. Me Qingdao H&amp;F:ss\u00e4 erottaudumme muista tarjoamalla yksil\u00f6llist\u00e4 tukea, joka on r\u00e4\u00e4t\u00e4l\u00f6ity kunkin asiakkaan yksil\u00f6llisiin tarpeisiin. Henkil\u00f6kohtainen palvelu ulottuu alkukonsultoinnista oston j\u00e4lkeiseen apuun, ja se tarjoaa ostajille tietoa ketjujen eritelmist\u00e4, todistuskuormitustestauksesta ja sovellettavista sertifikaateista. Asiakkaamme voivat luottaa sitoutumiseemme laatuun, sill\u00e4 jokainen tuote testataan ja varmennetaan tarkasti ennen l\u00e4hetyst\u00e4, mik\u00e4 takaa kansainv\u00e4listen standardien noudattamisen ja ostajien mielenrauhan.<\/p>\n<h3><strong>P\u00e4\u00e4telm\u00e4<\/strong><\/h3>\n<p>Merenkulun ankkuriketjut, olivatpa ne sitten nastallisia tai nastattomia, ovat v\u00e4ltt\u00e4m\u00e4tt\u00f6mi\u00e4 aluksen vakauden varmistamiseksi kiinnityksen aikana. Nastalenkkiketjut, joiden vakaus ja muodonmuutoskest\u00e4vyys on parempi, ovat ihanteellisia suuremmille aluksille ja vaativiin meriymp\u00e4rist\u00f6ihin. Sen sijaan nastattomat ankkuriketjut ovat joustavampia, kevyempi\u00e4 ja huoltoyst\u00e4v\u00e4llisempi\u00e4, joten ne soveltuvat erilaisiin sovelluksiin erityisesti pienemmiss\u00e4 aluksissa.<\/p>\n<p>Qingdao H&amp;F, joka on luotettava nimi merenkulkualan laitekaupassa, tuo mukanaan kahden vuosikymmenen asiantuntemuksen ja tarjoaa luotettavia, korkealaatuisia ketjuja, jotka on suunniteltu vastaamaan merenkulkualan ostajien erilaisiin vaatimuksiin. Sitoutumisemme asiakaspalveluun, nopeat toimitussyklit ja kattavat laatutarkastukset ovat palveluidemme ytimess\u00e4, mik\u00e4 takaa, ett\u00e4 jokainen asiakas saa ketjuratkaisun, joka vastaa h\u00e4nen erityistarpeitaan.<\/p>\n<p>Nopeasti muuttuvassa merenkulkualalla luotettava kauppakumppani, joka pystyy ennakoimaan ja t\u00e4ytt\u00e4m\u00e4\u00e4n asiakkaiden tarpeet, on korvaamaton. Valitsemalla Qingdao H&amp;F:n ostajat saavat laadukkaiden tuotteiden lis\u00e4ksi my\u00f6s kumppanuuden, jossa heid\u00e4n menestyksens\u00e4 ja tyytyv\u00e4isyytens\u00e4 on etusijalla.<\/p>","protected":false},"excerpt":{"rendered":"<div class=\"flex-shrink-0 flex flex-col relative items-end\">\n<div class=\"pt-0\">\n<div class=\"gizmo-bot-avatar flex h-8 w-8 items-center justify-center overflow-hidden rounded-full\">\n<div class=\"relative p-1 rounded-sm flex items-center justify-center bg-token-main-surface-primary text-token-text-primary h-8 w-8\">Merenkulun ankkuriketjuilla, joihin usein viitataan kiinnitysketjuina, on t\u00e4rke\u00e4 teht\u00e4v\u00e4 alusten kiinnitt\u00e4misess\u00e4 turvallisesti kiinnitykseen. Niit\u00e4 on kahta p\u00e4\u00e4tyyppi\u00e4: nastalenkki-ankkuriketjut ja nastattomat ankkuriketjut. Qingdao H&amp;F, jolla on yli 20 vuoden kokemus kansainv\u00e4lisest\u00e4 kaupasta, ymm\u00e4rt\u00e4\u00e4 laivavarusteiden ostajien tarpeet ja prioriteetit. Yksil\u00f6llinen asiakaspalvelumme takaa r\u00e4\u00e4t\u00e4l\u00f6idyn tuen, ja virtaviivaistetut prosessimme takaavat nopeat toimitusjaksot. Kaikista ketjuistamme toimitetaan erilaisia laatutarkastusraportteja, joten autamme asiakkaita tekem\u00e4\u00e4n tietoon perustuvia ostop\u00e4\u00e4t\u00f6ksi\u00e4 tiet\u00e4en, ett\u00e4 heid\u00e4n saamansa tuotteet on testattu ja todennettu laadun ja suorituskyvyn osalta.<\/div>\n<\/div>\n<\/div>\n<\/div>","protected":false},"featured_media":4709,"comment_status":"open","ping_status":"closed","template":"","meta":{"site-sidebar-layout":"default","site-content-layout":"default","ast-site-content-layout":"default","site-content-style":"default","site-sidebar-style":"default","ast-global-header-display":"","ast-banner-title-visibility":"","ast-main-header-display":"","ast-hfb-above-header-display":"","ast-hfb-below-header-display":"","ast-hfb-mobile-header-display":"","site-post-title":"","ast-breadcrumbs-content":"","ast-featured-img":"","footer-sml-layout":"","theme-transparent-header-meta":"default","adv-header-id-meta":"","stick-header-meta":"default","header-above-stick-meta":"","header-main-stick-meta":"","header-below-stick-meta":"","astra-migrate-meta-layouts":"set","ast-page-background-enabled":"default","ast-page-background-meta":{"desktop":{"background-color":"","background-image":"","background-repeat":"repeat","background-position":"center center","background-size":"auto","background-attachment":"scroll","background-type":"","background-media":"","overlay-type":"","overlay-color":"","overlay-opacity":"","overlay-gradient":""},"tablet":{"background-color":"","background-image":"","background-repeat":"repeat","background-position":"center center","background-size":"auto","background-attachment":"scroll","background-type":"","background-media":"","overlay-type":"","overlay-color":"","overlay-opacity":"","overlay-gradient":""},"mobile":{"background-color":"","background-image":"","background-repeat":"repeat","background-position":"center center","background-size":"auto","background-attachment":"scroll","background-type":"","background-media":"","overlay-type":"","overlay-color":"","overlay-opacity":"","overlay-gradient":""}},"ast-content-background-meta":{"desktop":{"background-color":"var(--ast-global-color-5)","background-image":"","background-repeat":"repeat","background-position":"center center","background-size":"auto","background-attachment":"scroll","background-type":"","background-media":"","overlay-type":"","overlay-color":"","overlay-opacity":"","overlay-gradient":""},"tablet":{"background-color":"var(--ast-global-color-5)","background-image":"","background-repeat":"repeat","background-position":"center center","background-size":"auto","background-attachment":"scroll","background-type":"","background-media":"","overlay-type":"","overlay-color":"","overlay-opacity":"","overlay-gradient":""},"mobile":{"background-color":"var(--ast-global-color-5)","background-image":"","background-repeat":"repeat","background-position":"center center","background-size":"auto","background-attachment":"scroll","background-type":"","background-media":"","overlay-type":"","overlay-color":"","overlay-opacity":"","overlay-gradient":""}}},"product_brand":[],"product_cat":[43,38],"product_tag":[],"class_list":{"0":"post-3549","1":"product","2":"type-product","3":"status-publish","4":"has-post-thumbnail","6":"product_cat-rigging-hardware","7":"product_cat-chain","8":"desktop-align-left","9":"tablet-align-left","10":"mobile-align-left","11":"ast-product-gallery-layout-horizontal-slider","12":"ast-product-tabs-layout-horizontal","14":"first","15":"instock","16":"shipping-taxable","17":"purchasable","18":"product-type-simple"},"yoast_head":"<!-- This site is optimized with the Yoast SEO plugin v25.2 - https:\/\/yoast.com\/wordpress\/plugins\/seo\/ -->\n<title>Marine Anchor Chain Mooring Chain<\/title>\n<meta name=\"description\" content=\"The anchor chain is an essential component of maritime equipment used in anchoring and securing a vessel.\" \/>\n<meta name=\"robots\" content=\"index, follow, max-snippet:-1, max-image-preview:large, max-video-preview:-1\" \/>\n<link rel=\"canonical\" href=\"https:\/\/qingdaohf.com\/fi\/tuote\/ankkuriketju\/\" \/>\n<meta property=\"og:locale\" content=\"fi_FI\" \/>\n<meta property=\"og:type\" content=\"article\" \/>\n<meta property=\"og:title\" content=\"Marine Anchor Chain Mooring Chain\" \/>\n<meta property=\"og:description\" content=\"The anchor chain is an essential component of maritime equipment used in anchoring and securing a vessel.\" \/>\n<meta property=\"og:url\" content=\"https:\/\/qingdaohf.com\/fi\/tuote\/ankkuriketju\/\" \/>\n<meta property=\"og:site_name\" content=\"Concrete Form &amp; Rigging Hardware Supplier\" \/>\n<meta property=\"article:publisher\" content=\"https:\/\/www.facebook.com\/qingdaohf\" \/>\n<meta property=\"article:modified_time\" content=\"2025-11-13T01:05:13+00:00\" \/>\n<meta property=\"og:image\" content=\"https:\/\/qingdaohf.com\/wp-content\/uploads\/2023\/04\/anchor-chain-2-2.jpg\" \/>\n\t<meta property=\"og:image:width\" content=\"1000\" \/>\n\t<meta property=\"og:image:height\" content=\"1000\" \/>\n\t<meta property=\"og:image:type\" content=\"image\/jpeg\" \/>\n<meta name=\"twitter:card\" content=\"summary_large_image\" \/>\n<meta name=\"twitter:label1\" content=\"Arvioitu lukuaika\" \/>\n\t<meta name=\"twitter:data1\" content=\"5 minuuttia\" \/>\n<script type=\"application\/ld+json\" class=\"yoast-schema-graph\">{\"@context\":\"https:\/\/schema.org\",\"@graph\":[{\"@type\":\"WebPage\",\"@id\":\"https:\/\/qingdaohf.com\/product\/anchor-chain\/\",\"url\":\"https:\/\/qingdaohf.com\/product\/anchor-chain\/\",\"name\":\"Marine Anchor Chain Mooring Chain\",\"isPartOf\":{\"@id\":\"https:\/\/qingdaohf.com\/bg\/#website\"},\"primaryImageOfPage\":{\"@id\":\"https:\/\/qingdaohf.com\/product\/anchor-chain\/#primaryimage\"},\"image\":{\"@id\":\"https:\/\/qingdaohf.com\/product\/anchor-chain\/#primaryimage\"},\"thumbnailUrl\":\"https:\/\/qingdaohf.com\/wp-content\/uploads\/2023\/04\/anchor-chain-2-2.jpg\",\"datePublished\":\"2023-04-10T10:57:14+00:00\",\"dateModified\":\"2025-11-13T01:05:13+00:00\",\"description\":\"The anchor chain is an essential component of maritime equipment used in anchoring and securing a vessel.\",\"breadcrumb\":{\"@id\":\"https:\/\/qingdaohf.com\/product\/anchor-chain\/#breadcrumb\"},\"inLanguage\":\"fi\",\"potentialAction\":[{\"@type\":\"ReadAction\",\"target\":[\"https:\/\/qingdaohf.com\/product\/anchor-chain\/\"]}]},{\"@type\":\"ImageObject\",\"inLanguage\":\"fi\",\"@id\":\"https:\/\/qingdaohf.com\/product\/anchor-chain\/#primaryimage\",\"url\":\"https:\/\/qingdaohf.com\/wp-content\/uploads\/2023\/04\/anchor-chain-2-2.jpg\",\"contentUrl\":\"https:\/\/qingdaohf.com\/wp-content\/uploads\/2023\/04\/anchor-chain-2-2.jpg\",\"width\":1000,\"height\":1000,\"caption\":\"anchor chain\"},{\"@type\":\"BreadcrumbList\",\"@id\":\"https:\/\/qingdaohf.com\/product\/anchor-chain\/#breadcrumb\",\"itemListElement\":[{\"@type\":\"ListItem\",\"position\":1,\"name\":\"Home\",\"item\":\"https:\/\/qingdaohf.com\/\"},{\"@type\":\"ListItem\",\"position\":2,\"name\":\"Concrete Forming Accessories and Rigging Hardware\",\"item\":\"https:\/\/qingdaohf.com\/bg\/?page_id=944\"},{\"@type\":\"ListItem\",\"position\":3,\"name\":\"Marine Anchor Chain Mooring Chain\"}]},{\"@type\":\"WebSite\",\"@id\":\"https:\/\/qingdaohf.com\/bg\/#website\",\"url\":\"https:\/\/qingdaohf.com\/bg\/\",\"name\":\"Concrete Form & Rigging Hardware Supplier\",\"description\":\"\",\"publisher\":{\"@id\":\"https:\/\/qingdaohf.com\/bg\/#organization\"},\"potentialAction\":[{\"@type\":\"SearchAction\",\"target\":{\"@type\":\"EntryPoint\",\"urlTemplate\":\"https:\/\/qingdaohf.com\/bg\/?s={search_term_string}\"},\"query-input\":{\"@type\":\"PropertyValueSpecification\",\"valueRequired\":true,\"valueName\":\"search_term_string\"}}],\"inLanguage\":\"fi\"},{\"@type\":\"Organization\",\"@id\":\"https:\/\/qingdaohf.com\/bg\/#organization\",\"name\":\"Qingdao H&F\",\"url\":\"https:\/\/qingdaohf.com\/bg\/\",\"logo\":{\"@type\":\"ImageObject\",\"inLanguage\":\"fi\",\"@id\":\"https:\/\/qingdaohf.com\/bg\/#\/schema\/logo\/image\/\",\"url\":\"https:\/\/qingdaohf.com\/wp-content\/uploads\/2022\/12\/cropped-HF-LOGO.png\",\"contentUrl\":\"https:\/\/qingdaohf.com\/wp-content\/uploads\/2022\/12\/cropped-HF-LOGO.png\",\"width\":391,\"height\":249,\"caption\":\"Qingdao H&F\"},\"image\":{\"@id\":\"https:\/\/qingdaohf.com\/bg\/#\/schema\/logo\/image\/\"},\"sameAs\":[\"https:\/\/www.facebook.com\/qingdaohf\"]}]}<\/script>\n<!-- \/ Yoast SEO plugin. -->","yoast_head_json":{"title":"Marine Anchor Chain Mooring Chain","description":"The anchor chain is an essential component of maritime equipment used in anchoring and securing a vessel.","robots":{"index":"index","follow":"follow","max-snippet":"max-snippet:-1","max-image-preview":"max-image-preview:large","max-video-preview":"max-video-preview:-1"},"canonical":"https:\/\/qingdaohf.com\/fi\/tuote\/ankkuriketju\/","og_locale":"fi_FI","og_type":"article","og_title":"Marine Anchor Chain Mooring Chain","og_description":"The anchor chain is an essential component of maritime equipment used in anchoring and securing a vessel.","og_url":"https:\/\/qingdaohf.com\/fi\/tuote\/ankkuriketju\/","og_site_name":"Concrete Form &amp; Rigging Hardware Supplier","article_publisher":"https:\/\/www.facebook.com\/qingdaohf","article_modified_time":"2025-11-13T01:05:13+00:00","og_image":[{"width":1000,"height":1000,"url":"https:\/\/qingdaohf.com\/wp-content\/uploads\/2023\/04\/anchor-chain-2-2.jpg","type":"image\/jpeg"}],"twitter_card":"summary_large_image","twitter_misc":{"Arvioitu lukuaika":"5 minuuttia"},"schema":{"@context":"https:\/\/schema.org","@graph":[{"@type":"WebPage","@id":"https:\/\/qingdaohf.com\/product\/anchor-chain\/","url":"https:\/\/qingdaohf.com\/product\/anchor-chain\/","name":"Marine Anchor Chain Mooring Chain","isPartOf":{"@id":"https:\/\/qingdaohf.com\/bg\/#website"},"primaryImageOfPage":{"@id":"https:\/\/qingdaohf.com\/product\/anchor-chain\/#primaryimage"},"image":{"@id":"https:\/\/qingdaohf.com\/product\/anchor-chain\/#primaryimage"},"thumbnailUrl":"https:\/\/qingdaohf.com\/wp-content\/uploads\/2023\/04\/anchor-chain-2-2.jpg","datePublished":"2023-04-10T10:57:14+00:00","dateModified":"2025-11-13T01:05:13+00:00","description":"The anchor chain is an essential component of maritime equipment used in anchoring and securing a vessel.","breadcrumb":{"@id":"https:\/\/qingdaohf.com\/product\/anchor-chain\/#breadcrumb"},"inLanguage":"fi","potentialAction":[{"@type":"ReadAction","target":["https:\/\/qingdaohf.com\/product\/anchor-chain\/"]}]},{"@type":"ImageObject","inLanguage":"fi","@id":"https:\/\/qingdaohf.com\/product\/anchor-chain\/#primaryimage","url":"https:\/\/qingdaohf.com\/wp-content\/uploads\/2023\/04\/anchor-chain-2-2.jpg","contentUrl":"https:\/\/qingdaohf.com\/wp-content\/uploads\/2023\/04\/anchor-chain-2-2.jpg","width":1000,"height":1000,"caption":"anchor chain"},{"@type":"BreadcrumbList","@id":"https:\/\/qingdaohf.com\/product\/anchor-chain\/#breadcrumb","itemListElement":[{"@type":"ListItem","position":1,"name":"Home","item":"https:\/\/qingdaohf.com\/"},{"@type":"ListItem","position":2,"name":"Concrete Forming Accessories and Rigging Hardware","item":"https:\/\/qingdaohf.com\/bg\/?page_id=944"},{"@type":"ListItem","position":3,"name":"Marine Anchor Chain Mooring Chain"}]},{"@type":"WebSite","@id":"https:\/\/qingdaohf.com\/bg\/#website","url":"https:\/\/qingdaohf.com\/bg\/","name":"Concrete Form & Rigging Hardware Supplier","description":"","publisher":{"@id":"https:\/\/qingdaohf.com\/bg\/#organization"},"potentialAction":[{"@type":"SearchAction","target":{"@type":"EntryPoint","urlTemplate":"https:\/\/qingdaohf.com\/bg\/?s={search_term_string}"},"query-input":{"@type":"PropertyValueSpecification","valueRequired":true,"valueName":"search_term_string"}}],"inLanguage":"fi"},{"@type":"Organization","@id":"https:\/\/qingdaohf.com\/bg\/#organization","name":"Qingdao H&F","url":"https:\/\/qingdaohf.com\/bg\/","logo":{"@type":"ImageObject","inLanguage":"fi","@id":"https:\/\/qingdaohf.com\/bg\/#\/schema\/logo\/image\/","url":"https:\/\/qingdaohf.com\/wp-content\/uploads\/2022\/12\/cropped-HF-LOGO.png","contentUrl":"https:\/\/qingdaohf.com\/wp-content\/uploads\/2022\/12\/cropped-HF-LOGO.png","width":391,"height":249,"caption":"Qingdao H&F"},"image":{"@id":"https:\/\/qingdaohf.com\/bg\/#\/schema\/logo\/image\/"},"sameAs":["https:\/\/www.facebook.com\/qingdaohf"]}]}},"_links":{"self":[{"href":"https:\/\/qingdaohf.com\/fi\/wp-json\/wp\/v2\/product\/3549","targetHints":{"allow":["GET"]}}],"collection":[{"href":"https:\/\/qingdaohf.com\/fi\/wp-json\/wp\/v2\/product"}],"about":[{"href":"https:\/\/qingdaohf.com\/fi\/wp-json\/wp\/v2\/types\/product"}],"replies":[{"embeddable":true,"href":"https:\/\/qingdaohf.com\/fi\/wp-json\/wp\/v2\/comments?post=3549"}],"version-history":[{"count":8,"href":"https:\/\/qingdaohf.com\/fi\/wp-json\/wp\/v2\/product\/3549\/revisions"}],"predecessor-version":[{"id":8096,"href":"https:\/\/qingdaohf.com\/fi\/wp-json\/wp\/v2\/product\/3549\/revisions\/8096"}],"wp:featuredmedia":[{"embeddable":true,"href":"https:\/\/qingdaohf.com\/fi\/wp-json\/wp\/v2\/media\/4709"}],"wp:attachment":[{"href":"https:\/\/qingdaohf.com\/fi\/wp-json\/wp\/v2\/media?parent=3549"}],"wp:term":[{"taxonomy":"product_brand","embeddable":true,"href":"https:\/\/qingdaohf.com\/fi\/wp-json\/wp\/v2\/product_brand?post=3549"},{"taxonomy":"product_cat","embeddable":true,"href":"https:\/\/qingdaohf.com\/fi\/wp-json\/wp\/v2\/product_cat?post=3549"},{"taxonomy":"product_tag","embeddable":true,"href":"https:\/\/qingdaohf.com\/fi\/wp-json\/wp\/v2\/product_tag?post=3549"}],"curies":[{"name":"wp","href":"https:\/\/api.w.org\/{rel}","templated":true}]}}