{"id":3772,"date":"2023-05-17T17:53:49","date_gmt":"2023-05-17T09:53:49","guid":{"rendered":"http:\/\/qingdaohf.com\/?post_type=product&#038;p=3772"},"modified":"2025-11-13T09:05:12","modified_gmt":"2025-11-13T01:05:12","slug":"stainless-steel-anchor-shackle-bow-shackle","status":"publish","type":"product","link":"https:\/\/qingdaohf.com\/fi\/tuote\/ruostumattomasta-teraksesta-valmistettu-ankkurilenkki-keulalenkki-keulalenkki\/","title":{"rendered":"Ruostumattomasta ter\u00e4ksest\u00e4 valmistettu ankkurikahva Keulakahva Keulakahva"},"content":{"rendered":"<p>Ruostumattomasta ter\u00e4ksest\u00e4 valmistettu ankkurilenkki on vankka ja luotettava laite, jota k\u00e4ytet\u00e4\u00e4n eri teollisuudenaloilla, kuten merenkulussa, rakentamisessa, takiloinnissa ja hinauksessa. Se toimii kriittisen\u00e4 lenkkin\u00e4 ketjujen, k\u00f6ysien tai hihnojen liitt\u00e4misess\u00e4 ankkuripisteisiin ja tarjoaa turvallisen ja vakaan yhteyden.<\/p>\n<p>Seuraavassa on joitakin ruostumattomasta ter\u00e4ksest\u00e4 valmistetun ankkurikahvan keskeisi\u00e4 ominaisuuksia ja etuja:<\/p>\n<ol>\n<li>Materiaali: Se on valmistettu korkealaatuisesta ruostumattomasta ter\u00e4ksest\u00e4, joka kest\u00e4\u00e4 poikkeuksellisen hyvin korroosiota, joten se sopii erinomaisesti meri- ja ulkok\u00e4ytt\u00f6\u00f6n. Ruostumaton ter\u00e4s takaa pitk\u00e4ik\u00e4isyyden ja kest\u00e4vyyden my\u00f6s ankarissa ja sy\u00f6vytt\u00e4viss\u00e4 ymp\u00e4rist\u00f6iss\u00e4.<\/li>\n<li>Suunnittelu: Kierretappi tai pultti kulkee kiinnityspisteen silmukoiden tai ketjulenkkien l\u00e4pi. T\u00e4m\u00e4 muotoilu mahdollistaa turvallisen kiinnityksen ja nopean asennuksen tai irrotuksen tarvittaessa.<\/li>\n<li>Kantavuus: Ankkurikahleita on erikokoisia, ja niill\u00e4 on m\u00e4\u00e4ritetty ty\u00f6kuorman rajat (WLL), jotka ilmoittavat suurimman kuorman, jonka ne voivat turvallisesti k\u00e4sitell\u00e4. Turvallisen ja luotettavan toiminnan varmistamiseksi on ratkaisevan t\u00e4rke\u00e4\u00e4 valita sopiva kahvakoko ja WLL-arvo aiottujen kuormitusvaatimusten perusteella.<\/li>\n<li>Turvallisuus: Ankkurikahva on suunniteltu turvaominaisuuksilla, jotka est\u00e4v\u00e4t tahattoman irtoamisen. Siin\u00e4 on yleens\u00e4 kiinnitystappi tai pultti, joka varmistaa, ett\u00e4 tappi pysyy tukevasti paikallaan, jolloin irtoamisriski toiminnan aikana on mahdollisimman pieni.<\/li>\n<li>Monipuolisuus: Ankkurilenkki on eritt\u00e4in monipuolinen ja sit\u00e4 k\u00e4ytet\u00e4\u00e4n laajalti monissa sovelluksissa. Sit\u00e4 k\u00e4ytet\u00e4\u00e4n yleisesti ankkuriketjujen liitt\u00e4miseen veneisiin, raskaiden laitteiden tai kuormien kiinnitt\u00e4miseen sek\u00e4 nosto- ja takilointitoimintojen elint\u00e4rke\u00e4n\u00e4 osana.<\/li>\n<li>Helppok\u00e4ytt\u00f6inen: Ankkurikahvan muotoilu mahdollistaa helpon asennuksen ja irrotuksen. Se voidaan nopeasti pujottaa ankkuripisteiden, ketjujen tai silmukoiden l\u00e4pi, mik\u00e4 tarjoaa luotettavan yhteyden erilaisiin teht\u00e4viin.<br \/>\n<img fetchpriority=\"high\" decoding=\"async\" class=\"alignnone size-full wp-image-3778\" src=\"http:\/\/qingdaohf.com\/wp-content\/uploads\/2023\/05\/stainless-steel-anchor-shackle-2.jpg\" alt=\"ruostumattomasta ter\u00e4ksest\u00e4 valmistettu ankkurin kahva \" width=\"1000\" height=\"650\" srcset=\"https:\/\/qingdaohf.com\/wp-content\/uploads\/2023\/05\/stainless-steel-anchor-shackle-2.jpg 1000w, https:\/\/qingdaohf.com\/wp-content\/uploads\/2023\/05\/stainless-steel-anchor-shackle-2-300x195.jpg 300w, https:\/\/qingdaohf.com\/wp-content\/uploads\/2023\/05\/stainless-steel-anchor-shackle-2-768x499.jpg 768w\" sizes=\"(max-width: 1000px) 100vw, 1000px\" \/><\/li>\n<\/ol>","protected":false},"excerpt":{"rendered":"<p>Ruostumattomasta ter\u00e4ksest\u00e4 valmistettua ankkurilenkki\u00e4 k\u00e4ytett\u00e4ess\u00e4 on t\u00e4rke\u00e4\u00e4 noudattaa turvallisuusohjeita ja alan standardeja. S\u00e4\u00e4nn\u00f6llinen tarkastus kulumisen, muodonmuutosten tai vaurioiden varalta on v\u00e4ltt\u00e4m\u00e4t\u00f6nt\u00e4 optimaalisen suorituskyvyn ja turvallisuuden varmistamiseksi.<\/p>","protected":false},"featured_media":3773,"comment_status":"open","ping_status":"closed","template":"","meta":{"site-sidebar-layout":"default","site-content-layout":"default","ast-site-content-layout":"","site-content-style":"default","site-sidebar-style":"default","ast-global-header-display":"","ast-banner-title-visibility":"","ast-main-header-display":"","ast-hfb-above-header-display":"","ast-hfb-below-header-display":"","ast-hfb-mobile-header-display":"","site-post-title":"","ast-breadcrumbs-content":"","ast-featured-img":"","footer-sml-layout":"","theme-transparent-header-meta":"default","adv-header-id-meta":"","stick-header-meta":"default","header-above-stick-meta":"","header-main-stick-meta":"","header-below-stick-meta":"","astra-migrate-meta-layouts":"default","ast-page-background-enabled":"default","ast-page-background-meta":{"desktop":{"background-color":"","background-image":"","background-repeat":"repeat","background-position":"center center","background-size":"auto","background-attachment":"scroll","background-type":"","background-media":"","overlay-type":"","overlay-color":"","overlay-opacity":"","overlay-gradient":""},"tablet":{"background-color":"","background-image":"","background-repeat":"repeat","background-position":"center center","background-size":"auto","background-attachment":"scroll","background-type":"","background-media":"","overlay-type":"","overlay-color":"","overlay-opacity":"","overlay-gradient":""},"mobile":{"background-color":"","background-image":"","background-repeat":"repeat","background-position":"center center","background-size":"auto","background-attachment":"scroll","background-type":"","background-media":"","overlay-type":"","overlay-color":"","overlay-opacity":"","overlay-gradient":""}},"ast-content-background-meta":{"desktop":{"background-color":"var(--ast-global-color-5)","background-image":"","background-repeat":"repeat","background-position":"center center","background-size":"auto","background-attachment":"scroll","background-type":"","background-media":"","overlay-type":"","overlay-color":"","overlay-opacity":"","overlay-gradient":""},"tablet":{"background-color":"var(--ast-global-color-5)","background-image":"","background-repeat":"repeat","background-position":"center center","background-size":"auto","background-attachment":"scroll","background-type":"","background-media":"","overlay-type":"","overlay-color":"","overlay-opacity":"","overlay-gradient":""},"mobile":{"background-color":"var(--ast-global-color-5)","background-image":"","background-repeat":"repeat","background-position":"center center","background-size":"auto","background-attachment":"scroll","background-type":"","background-media":"","overlay-type":"","overlay-color":"","overlay-opacity":"","overlay-gradient":""}}},"product_brand":[],"product_cat":[43,44,54],"product_tag":[],"class_list":{"0":"post-3772","1":"product","2":"type-product","3":"status-publish","4":"has-post-thumbnail","6":"product_cat-rigging-hardware","7":"product_cat-stainless-steel-poduct","8":"product_cat-shackle","9":"desktop-align-left","10":"tablet-align-left","11":"mobile-align-left","12":"ast-product-gallery-layout-horizontal-slider","13":"ast-product-tabs-layout-horizontal","15":"first","16":"instock","17":"shipping-taxable","18":"purchasable","19":"product-type-simple"},"yoast_head":"<!-- This site is optimized with the Yoast SEO plugin v25.2 - https:\/\/yoast.com\/wordpress\/plugins\/seo\/ -->\n<title>Stainless Steel Anchor Shackle Bow Shackle<\/title>\n<meta name=\"description\" content=\"It is crucial to adhere to safety guidelines and industry standards when using the Stainless Steel Anchor Shackle. Regular inspection for any signs of wear, deformation, or damage is essential to ensure optimal performance and safety.\" \/>\n<meta name=\"robots\" content=\"index, follow, max-snippet:-1, max-image-preview:large, max-video-preview:-1\" \/>\n<link rel=\"canonical\" href=\"https:\/\/qingdaohf.com\/fi\/tuote\/ruostumattomasta-teraksesta-valmistettu-ankkurilenkki-keulalenkki-keulalenkki\/\" \/>\n<meta property=\"og:locale\" content=\"fi_FI\" \/>\n<meta property=\"og:type\" content=\"article\" \/>\n<meta property=\"og:title\" content=\"Stainless Steel Anchor Shackle Bow Shackle\" \/>\n<meta property=\"og:description\" content=\"It is crucial to adhere to safety guidelines and industry standards when using the Stainless Steel Anchor Shackle. Regular inspection for any signs of wear, deformation, or damage is essential to ensure optimal performance and safety.\" \/>\n<meta property=\"og:url\" content=\"https:\/\/qingdaohf.com\/fi\/tuote\/ruostumattomasta-teraksesta-valmistettu-ankkurilenkki-keulalenkki-keulalenkki\/\" \/>\n<meta property=\"og:site_name\" content=\"Concrete Form &amp; Rigging Hardware Supplier\" \/>\n<meta property=\"article:publisher\" content=\"https:\/\/www.facebook.com\/qingdaohf\" \/>\n<meta property=\"article:modified_time\" content=\"2025-11-13T01:05:12+00:00\" \/>\n<meta property=\"og:image\" content=\"https:\/\/qingdaohf.com\/wp-content\/uploads\/2023\/05\/anchor-shackle-8.jpg\" \/>\n\t<meta property=\"og:image:width\" content=\"1000\" \/>\n\t<meta property=\"og:image:height\" content=\"1000\" \/>\n\t<meta property=\"og:image:type\" content=\"image\/jpeg\" \/>\n<meta name=\"twitter:card\" content=\"summary_large_image\" \/>\n<meta name=\"twitter:label1\" content=\"Arvioitu lukuaika\" \/>\n\t<meta name=\"twitter:data1\" content=\"2 minuuttia\" \/>\n<script type=\"application\/ld+json\" class=\"yoast-schema-graph\">{\"@context\":\"https:\/\/schema.org\",\"@graph\":[{\"@type\":\"WebPage\",\"@id\":\"https:\/\/qingdaohf.com\/product\/stainless-steel-anchor-shackle-bow-shackle\/\",\"url\":\"https:\/\/qingdaohf.com\/product\/stainless-steel-anchor-shackle-bow-shackle\/\",\"name\":\"Stainless Steel Anchor Shackle Bow Shackle\",\"isPartOf\":{\"@id\":\"https:\/\/qingdaohf.com\/bg\/#website\"},\"primaryImageOfPage\":{\"@id\":\"https:\/\/qingdaohf.com\/product\/stainless-steel-anchor-shackle-bow-shackle\/#primaryimage\"},\"image\":{\"@id\":\"https:\/\/qingdaohf.com\/product\/stainless-steel-anchor-shackle-bow-shackle\/#primaryimage\"},\"thumbnailUrl\":\"https:\/\/qingdaohf.com\/wp-content\/uploads\/2023\/05\/anchor-shackle-8.jpg\",\"datePublished\":\"2023-05-17T09:53:49+00:00\",\"dateModified\":\"2025-11-13T01:05:12+00:00\",\"description\":\"It is crucial to adhere to safety guidelines and industry standards when using the Stainless Steel Anchor Shackle. Regular inspection for any signs of wear, deformation, or damage is essential to ensure optimal performance and safety.\",\"breadcrumb\":{\"@id\":\"https:\/\/qingdaohf.com\/product\/stainless-steel-anchor-shackle-bow-shackle\/#breadcrumb\"},\"inLanguage\":\"fi\",\"potentialAction\":[{\"@type\":\"ReadAction\",\"target\":[\"https:\/\/qingdaohf.com\/product\/stainless-steel-anchor-shackle-bow-shackle\/\"]}]},{\"@type\":\"ImageObject\",\"inLanguage\":\"fi\",\"@id\":\"https:\/\/qingdaohf.com\/product\/stainless-steel-anchor-shackle-bow-shackle\/#primaryimage\",\"url\":\"https:\/\/qingdaohf.com\/wp-content\/uploads\/2023\/05\/anchor-shackle-8.jpg\",\"contentUrl\":\"https:\/\/qingdaohf.com\/wp-content\/uploads\/2023\/05\/anchor-shackle-8.jpg\",\"width\":1000,\"height\":1000,\"caption\":\"anchor shackle\"},{\"@type\":\"BreadcrumbList\",\"@id\":\"https:\/\/qingdaohf.com\/product\/stainless-steel-anchor-shackle-bow-shackle\/#breadcrumb\",\"itemListElement\":[{\"@type\":\"ListItem\",\"position\":1,\"name\":\"Home\",\"item\":\"https:\/\/qingdaohf.com\/\"},{\"@type\":\"ListItem\",\"position\":2,\"name\":\"Concrete Forming Accessories and Rigging Hardware\",\"item\":\"https:\/\/qingdaohf.com\/bg\/?page_id=944\"},{\"@type\":\"ListItem\",\"position\":3,\"name\":\"Stainless Steel Anchor Shackle Bow Shackle\"}]},{\"@type\":\"WebSite\",\"@id\":\"https:\/\/qingdaohf.com\/bg\/#website\",\"url\":\"https:\/\/qingdaohf.com\/bg\/\",\"name\":\"Concrete Form & Rigging Hardware Supplier\",\"description\":\"\",\"publisher\":{\"@id\":\"https:\/\/qingdaohf.com\/bg\/#organization\"},\"potentialAction\":[{\"@type\":\"SearchAction\",\"target\":{\"@type\":\"EntryPoint\",\"urlTemplate\":\"https:\/\/qingdaohf.com\/bg\/?s={search_term_string}\"},\"query-input\":{\"@type\":\"PropertyValueSpecification\",\"valueRequired\":true,\"valueName\":\"search_term_string\"}}],\"inLanguage\":\"fi\"},{\"@type\":\"Organization\",\"@id\":\"https:\/\/qingdaohf.com\/bg\/#organization\",\"name\":\"Qingdao H&F\",\"url\":\"https:\/\/qingdaohf.com\/bg\/\",\"logo\":{\"@type\":\"ImageObject\",\"inLanguage\":\"fi\",\"@id\":\"https:\/\/qingdaohf.com\/bg\/#\/schema\/logo\/image\/\",\"url\":\"https:\/\/qingdaohf.com\/wp-content\/uploads\/2022\/12\/cropped-HF-LOGO.png\",\"contentUrl\":\"https:\/\/qingdaohf.com\/wp-content\/uploads\/2022\/12\/cropped-HF-LOGO.png\",\"width\":391,\"height\":249,\"caption\":\"Qingdao H&F\"},\"image\":{\"@id\":\"https:\/\/qingdaohf.com\/bg\/#\/schema\/logo\/image\/\"},\"sameAs\":[\"https:\/\/www.facebook.com\/qingdaohf\"]}]}<\/script>\n<!-- \/ Yoast SEO plugin. -->","yoast_head_json":{"title":"Stainless Steel Anchor Shackle Bow Shackle","description":"It is crucial to adhere to safety guidelines and industry standards when using the Stainless Steel Anchor Shackle. Regular inspection for any signs of wear, deformation, or damage is essential to ensure optimal performance and safety.","robots":{"index":"index","follow":"follow","max-snippet":"max-snippet:-1","max-image-preview":"max-image-preview:large","max-video-preview":"max-video-preview:-1"},"canonical":"https:\/\/qingdaohf.com\/fi\/tuote\/ruostumattomasta-teraksesta-valmistettu-ankkurilenkki-keulalenkki-keulalenkki\/","og_locale":"fi_FI","og_type":"article","og_title":"Stainless Steel Anchor Shackle Bow Shackle","og_description":"It is crucial to adhere to safety guidelines and industry standards when using the Stainless Steel Anchor Shackle. Regular inspection for any signs of wear, deformation, or damage is essential to ensure optimal performance and safety.","og_url":"https:\/\/qingdaohf.com\/fi\/tuote\/ruostumattomasta-teraksesta-valmistettu-ankkurilenkki-keulalenkki-keulalenkki\/","og_site_name":"Concrete Form &amp; Rigging Hardware Supplier","article_publisher":"https:\/\/www.facebook.com\/qingdaohf","article_modified_time":"2025-11-13T01:05:12+00:00","og_image":[{"width":1000,"height":1000,"url":"https:\/\/qingdaohf.com\/wp-content\/uploads\/2023\/05\/anchor-shackle-8.jpg","type":"image\/jpeg"}],"twitter_card":"summary_large_image","twitter_misc":{"Arvioitu lukuaika":"2 minuuttia"},"schema":{"@context":"https:\/\/schema.org","@graph":[{"@type":"WebPage","@id":"https:\/\/qingdaohf.com\/product\/stainless-steel-anchor-shackle-bow-shackle\/","url":"https:\/\/qingdaohf.com\/product\/stainless-steel-anchor-shackle-bow-shackle\/","name":"Stainless Steel Anchor Shackle Bow Shackle","isPartOf":{"@id":"https:\/\/qingdaohf.com\/bg\/#website"},"primaryImageOfPage":{"@id":"https:\/\/qingdaohf.com\/product\/stainless-steel-anchor-shackle-bow-shackle\/#primaryimage"},"image":{"@id":"https:\/\/qingdaohf.com\/product\/stainless-steel-anchor-shackle-bow-shackle\/#primaryimage"},"thumbnailUrl":"https:\/\/qingdaohf.com\/wp-content\/uploads\/2023\/05\/anchor-shackle-8.jpg","datePublished":"2023-05-17T09:53:49+00:00","dateModified":"2025-11-13T01:05:12+00:00","description":"It is crucial to adhere to safety guidelines and industry standards when using the Stainless Steel Anchor Shackle. Regular inspection for any signs of wear, deformation, or damage is essential to ensure optimal performance and safety.","breadcrumb":{"@id":"https:\/\/qingdaohf.com\/product\/stainless-steel-anchor-shackle-bow-shackle\/#breadcrumb"},"inLanguage":"fi","potentialAction":[{"@type":"ReadAction","target":["https:\/\/qingdaohf.com\/product\/stainless-steel-anchor-shackle-bow-shackle\/"]}]},{"@type":"ImageObject","inLanguage":"fi","@id":"https:\/\/qingdaohf.com\/product\/stainless-steel-anchor-shackle-bow-shackle\/#primaryimage","url":"https:\/\/qingdaohf.com\/wp-content\/uploads\/2023\/05\/anchor-shackle-8.jpg","contentUrl":"https:\/\/qingdaohf.com\/wp-content\/uploads\/2023\/05\/anchor-shackle-8.jpg","width":1000,"height":1000,"caption":"anchor shackle"},{"@type":"BreadcrumbList","@id":"https:\/\/qingdaohf.com\/product\/stainless-steel-anchor-shackle-bow-shackle\/#breadcrumb","itemListElement":[{"@type":"ListItem","position":1,"name":"Home","item":"https:\/\/qingdaohf.com\/"},{"@type":"ListItem","position":2,"name":"Concrete Forming Accessories and Rigging Hardware","item":"https:\/\/qingdaohf.com\/bg\/?page_id=944"},{"@type":"ListItem","position":3,"name":"Stainless Steel Anchor Shackle Bow Shackle"}]},{"@type":"WebSite","@id":"https:\/\/qingdaohf.com\/bg\/#website","url":"https:\/\/qingdaohf.com\/bg\/","name":"Concrete Form & Rigging Hardware Supplier","description":"","publisher":{"@id":"https:\/\/qingdaohf.com\/bg\/#organization"},"potentialAction":[{"@type":"SearchAction","target":{"@type":"EntryPoint","urlTemplate":"https:\/\/qingdaohf.com\/bg\/?s={search_term_string}"},"query-input":{"@type":"PropertyValueSpecification","valueRequired":true,"valueName":"search_term_string"}}],"inLanguage":"fi"},{"@type":"Organization","@id":"https:\/\/qingdaohf.com\/bg\/#organization","name":"Qingdao H&F","url":"https:\/\/qingdaohf.com\/bg\/","logo":{"@type":"ImageObject","inLanguage":"fi","@id":"https:\/\/qingdaohf.com\/bg\/#\/schema\/logo\/image\/","url":"https:\/\/qingdaohf.com\/wp-content\/uploads\/2022\/12\/cropped-HF-LOGO.png","contentUrl":"https:\/\/qingdaohf.com\/wp-content\/uploads\/2022\/12\/cropped-HF-LOGO.png","width":391,"height":249,"caption":"Qingdao H&F"},"image":{"@id":"https:\/\/qingdaohf.com\/bg\/#\/schema\/logo\/image\/"},"sameAs":["https:\/\/www.facebook.com\/qingdaohf"]}]}},"_links":{"self":[{"href":"https:\/\/qingdaohf.com\/fi\/wp-json\/wp\/v2\/product\/3772","targetHints":{"allow":["GET"]}}],"collection":[{"href":"https:\/\/qingdaohf.com\/fi\/wp-json\/wp\/v2\/product"}],"about":[{"href":"https:\/\/qingdaohf.com\/fi\/wp-json\/wp\/v2\/types\/product"}],"replies":[{"embeddable":true,"href":"https:\/\/qingdaohf.com\/fi\/wp-json\/wp\/v2\/comments?post=3772"}],"version-history":[{"count":1,"href":"https:\/\/qingdaohf.com\/fi\/wp-json\/wp\/v2\/product\/3772\/revisions"}],"predecessor-version":[{"id":10430,"href":"https:\/\/qingdaohf.com\/fi\/wp-json\/wp\/v2\/product\/3772\/revisions\/10430"}],"wp:featuredmedia":[{"embeddable":true,"href":"https:\/\/qingdaohf.com\/fi\/wp-json\/wp\/v2\/media\/3773"}],"wp:attachment":[{"href":"https:\/\/qingdaohf.com\/fi\/wp-json\/wp\/v2\/media?parent=3772"}],"wp:term":[{"taxonomy":"product_brand","embeddable":true,"href":"https:\/\/qingdaohf.com\/fi\/wp-json\/wp\/v2\/product_brand?post=3772"},{"taxonomy":"product_cat","embeddable":true,"href":"https:\/\/qingdaohf.com\/fi\/wp-json\/wp\/v2\/product_cat?post=3772"},{"taxonomy":"product_tag","embeddable":true,"href":"https:\/\/qingdaohf.com\/fi\/wp-json\/wp\/v2\/product_tag?post=3772"}],"curies":[{"name":"wp","href":"https:\/\/api.w.org\/{rel}","templated":true}]}}